{"id":50092,"date":"2023-04-13T18:01:41","date_gmt":"2023-04-13T18:01:41","guid":{"rendered":"https:\/\/redfoxlotto.eu\/?page_id=50092"},"modified":"2026-01-06T09:05:59","modified_gmt":"2026-01-06T09:05:59","slug":"tara-dumneavoastra-de-resedinta-nu-conteaza-jucati-la-cele-mai-mari-loterii-din-lume","status":"publish","type":"page","link":"https:\/\/redfoxlotto.com\/ro\/","title":{"rendered":"\u021aara dumneavoastr\u0103 de re\u0219edin\u021b\u0103 nu conteaz\u0103, juca\u021bi la cele mai mari loterii din lume"},"content":{"rendered":"<p><script type=\"application\/ld+json\">\n{\n  \"@context\": \"https:\/\/schema.org\",\n  \"@type\": \"Service\",\n  \"name\": \"Joac\u0103 Powerball online\",\n  \"url\": \"https:\/\/redfoxlotto.com\/ro\/\",\n  \"description\": \"Cele mai mari jackpoturi la loto din lume disponibile de oriunde \u2013 cump\u0103r\u0103 bilete de loterie online acum!\",\n  \"serviceType\": \"Serviciu online de intermediere a biletelor de loterie\",\n  \"provider\": {\n    \"@type\": \"Organization\",\n    \"name\": \"RedFoxLotto\",\n    \"url\": \"https:\/\/redfoxlotto.com\/ro\/\",\n    \"image\": \"https:\/\/redfoxlotto.com\/wp-content\/uploads\/2025\/12\/ticket_scans.jpg\"\n  },\n  \"areaServed\": \"La nivel mondial\",\n  \"termsOfService\": \"https:\/\/redfoxlotto.com\/terms-and-conditions\",\n  \"additionalProperty\": {\n    \"@type\": \"PropertyValue\",\n    \"name\": \"\u00centreb\u0103ri frecvente\",\n    \"value\": \"https:\/\/redfoxlotto.com\/ro\/faq\/\"\n  },\n  \"hasOfferCatalog\": {\n    \"@type\": \"OfferCatalog\",\n    \"name\": \"Bilete de loterie pentru loterii interna\u021bionale\",\n    \"itemListElement\": [\n      {\n        \"@type\": \"Offer\",\n        \"name\": \"Bilete pentru Powerball, Mega Millions, Euromillions \u0219i altele\",\n        \"url\": \"https:\/\/redfoxlotto.com\/ro\/\",\n        \"description\": \"Cump\u0103r\u0103 bilete pentru cele mai mari jackpoturi la loto din lume.\",\n        \"availability\": \"https:\/\/schema.org\/InStock\",\n        \"itemOffered\": {\n          \"@type\": \"Service\",\n          \"name\": \"Bilete de loterie interna\u021bionale\",\n          \"description\": \"Particip\u0103 la loterii interna\u021bionale prin RedFoxLotto.\"\n        }\n      }\n    ]\n  },\n  \"mainEntityOfPage\": {\n    \"@type\": \"WebPage\",\n    \"@id\": \"https:\/\/redfoxlotto.com\/ro\/\"\n  }\n}\n<\/script><\/p>\n<h2>\u021aara dvs. de re\u0219edin\u021b\u0103 nu conteaz\u0103 \u2013 juca\u021bi cele mai mari loterii din lume<\/h2>\n<p><img loading=\"lazy\" decoding=\"async\" class=\"size-full wp-image-4467 alignright\" src=\"https:\/\/redfoxlotto.com\/wp-content\/uploads\/2024\/03\/Balls_2.png\" alt=\"bilet de loterie online\" width=\"212\" height=\"250\" \/>De c\u00e2te ori a\u021bi auzit despre c\u00e2\u0219tig\u0103tori ai loteriei din \u00eentreaga lume care au c\u00e2\u0219tigat sume enorme de bani? Din p\u0103cate, aceste c\u00e2\u0219tiguri uria\u0219e au fost ob\u021binute \u00een principal \u00een alte \u021b\u0103ri. Desigur, chiar \u0219i \u00een \u021bara dvs., jackpot-uri mari apar din c\u00e2nd \u00een c\u00e2nd, dar de multe ori dureaz\u0103 destul de mult p\u00e2n\u0103 c\u00e2nd un jackpot devine suficient de mare. A\u0219adar, dac\u0103 a\u0219tepta\u021bi un jackpot mare, s-ar putea s\u0103 trebuiasc\u0103 s\u0103 a\u0219tepta\u021bi pu\u021bin.<\/p>\n<p>Acum pute\u021bi cump\u0103ra bilete de loterie online pentru cele mai mari jackpot-uri din lume. Aceasta \u00eenseamn\u0103 c\u0103 pute\u021bi participa la loterii din afara \u021b\u0103rii dvs. Este complet legal \u0219i foarte convenabil. Pute\u021bi comanda biletul online \u00een c\u00e2teva clicuri \u0219i pl\u0103ti, de exemplu, cu cardul de credit printr-un proces complet sigur. Alternativ, pute\u021bi folosi una dintre celelalte metode de plat\u0103. Ve\u021bi primi \u00een scurt timp un e-mail de confirmare. Niciun bilet nu se poate pierde, iar noi v\u0103 vom notifica automat orice c\u00e2\u0219tig. Astfel, nu ve\u021bi pierde un c\u00e2\u0219tig doar pentru c\u0103 a\u021bi uitat s\u0103 verifica\u021bi biletul cu rezultatele loteriei.<\/p>\n<h2>Cea mai mare avantaj al cump\u0103r\u0103rii unui bilet de loterie online<\/h2>\n<p>Cel mai mare avantaj este c\u0103 pute\u021bi cump\u0103ra \u00eentotdeauna bilete pentru loteriile cu cele mai mari jackpot-uri \u00een momentul respectiv. Nu conteaz\u0103 c\u00e2t de mul\u021bi bani cheltui\u021bi pe bilete. Este cu siguran\u021b\u0103 mai economic s\u0103 investi\u021bi \u00eentr-un jackpot de 150 de milioane dec\u00e2t \u00eentr-un premiu de dou\u0103 milioane. Cu mai multe loterii disponibile online, ve\u021bi putea g\u0103si cel pu\u021bin un jackpot uria\u0219 \u00een fiecare s\u0103pt\u0103m\u00e2n\u0103, oferindu-v\u0103 un raport mai bun \u00eentre cost \u0219i poten\u021bialul c\u00e2\u0219tig comparativ cu loteria local\u0103. Uneori, aceste jackpot-uri pot atinge niveluri uimitoare.<\/p>\n<p>Recordul mondial pentru jackpot este de 2.040.000.000 $ (iulie 2023). A fost c\u00e2\u0219tigat pe 22 noiembrie 2022 la Powerball-ul american. Pe 13 ianuarie 2016, a fost un alt jackpot de 1,586 miliarde de dolari, c\u00e2\u0219tigat tot la Powerball-ul american. Al treilea cel mai mare jackpot din istorie a fost c\u00e2\u0219tigat la Mega Millions pe 23 octombrie 2018, c\u00e2nd un c\u00e2\u0219tig\u0103tor norocos a ob\u021binut 1,537 miliarde de dolari.<\/p>\n<p>Multe dintre c\u00e2\u0219tigurile mari anterioare la aceste loterii au fost ob\u021binute prin cump\u0103rarea biletelor online.<\/p>\n<h2>Ce se \u00eent\u00e2mpl\u0103 dup\u0103 ce comand biletul online?<\/h2>\n<p><img loading=\"lazy\" decoding=\"async\" class=\"size-medium wp-image-39298 alignright\" src=\"https:\/\/redfoxlotto.com\/wp-content\/uploads\/2023\/04\/1_play_online_lotto.jpg\" alt=\"joac\u0103 loterie online\" width=\"300\" height=\"300\" \/>Serviciul oferit de RedFoxLotto.com presupune c\u0103 avem angaja\u021bi \u00een \u021b\u0103rile diferitelor loterii care cump\u0103r\u0103 biletele pe care le-a\u021bi comandat. Sunt bilete oficiale reale, cu numerele pe care le-a\u021bi selectat. Dup\u0103 achizi\u021bie, ve\u021bi primi un e-mail de confirmare. \u00cen zona dvs. de client pute\u021bi vedea comanda \u0219i verifica numerele. La scurt timp dup\u0103 plasarea comenzii, o scanare a biletului cump\u0103rat va fi \u00eenc\u0103rcat\u0103 \u00een contul dvs.<\/p>\n<h2>\u0218i dac\u0103 c\u00e2\u0219tig?<\/h2>\n<p>Orice c\u00e2\u0219tig sub 2.500 \u20ac va fi creditat imediat \u00een contul dvs. RedFoxLotto. Pentru c\u00e2\u0219tiguri peste 2.500 \u20ac, echipa noastr\u0103 de suport clien\u021bi v\u0103 va contacta pentru a aranja plata, contact\u00e2nd comisia loteriei relevante \u00een numele dvs. Aceast\u0103 plat\u0103 se face de obicei direct \u00een contul bancar sau ve\u021bi primi un cec.<\/p>\n<p>Proces\u0103m c\u00e2\u0219tigurile gratuit, cu excep\u021bia unei mici taxe pentru transferuri bancare c\u0103tre anumite b\u0103nci.<\/p>\n<p>Pentru mai multe informa\u021bii, consulta\u021bi FAQ sau contacta\u021bi echipa de suport. Nu mai exist\u0103 motive s\u0103 v\u0103 mul\u021bumi\u021bi cu jackpot-uri mai mici \u2013 alege\u021bi un jackpot mai mare \u0219i deveni\u021bi urm\u0103torul milionar la loterie!<\/p>\n","protected":false},"excerpt":{"rendered":"<p>\u021aara dvs. de re\u0219edin\u021b\u0103 nu conteaz\u0103 \u2013 juca\u021bi cele mai mari loterii din lume De c\u00e2te ori a\u021bi auzit despre c\u00e2\u0219tig\u0103tori ai loteriei din \u00eentreaga lume care au c\u00e2\u0219tigat sume enorme de bani? Din p\u0103cate, aceste c\u00e2\u0219tiguri uria\u0219e au fost ob\u021binute \u00een principal \u00een alte \u021b\u0103ri. Desigur, chiar \u0219i \u00een \u021bara dvs., jackpot-uri mari apar [&hellip;]<\/p>\n","protected":false},"author":1,"featured_media":0,"parent":0,"menu_order":1,"comment_status":"closed","ping_status":"closed","template":"lotto.php","meta":{"_et_pb_use_builder":"","_et_pb_old_content":"","_et_gb_content_width":"","exclude_from_search":false,"footnotes":""},"class_list":["post-50092","page","type-page","status-publish","hentry"],"yoast_head":"<!-- This site is optimized with the Yoast SEO plugin v27.3 - https:\/\/yoast.com\/product\/yoast-seo-wordpress\/ -->\n<title>Loterie online | Achizi\u021biona\u021bi biletele pentru jackpoturi ob\u021binute la cea mai mare loterie<\/title>\n<meta name=\"description\" content=\"Jackpoturi ob\u021binute la cea mai mare loterie din Lume sunt disponibile oriunde \u2013 achizi\u021biona\u021bi-v\u0103 online biletele de loterie chiar acum!\" \/>\n<meta name=\"robots\" content=\"index, follow, max-snippet:-1, max-image-preview:large, max-video-preview:-1\" \/>\n<link rel=\"canonical\" href=\"https:\/\/redfoxlotto.com\/ro\/\" \/>\n<meta property=\"og:locale\" content=\"ro_RO\" \/>\n<meta property=\"og:type\" content=\"article\" \/>\n<meta property=\"og:title\" content=\"Loterie online | Achizi\u021biona\u021bi biletele pentru jackpoturi ob\u021binute la cea mai mare loterie\" \/>\n<meta property=\"og:description\" content=\"Jackpoturi ob\u021binute la cea mai mare loterie din Lume sunt disponibile oriunde \u2013 achizi\u021biona\u021bi-v\u0103 online biletele de loterie chiar acum!\" \/>\n<meta property=\"og:url\" content=\"https:\/\/redfoxlotto.com\/ro\/\" \/>\n<meta property=\"og:site_name\" content=\"Get Tickets for the World\u2019s largest jackpots\" \/>\n<meta property=\"article:modified_time\" content=\"2026-01-06T09:05:59+00:00\" \/>\n<meta property=\"og:image\" content=\"https:\/\/redfoxlotto.com\/wp-content\/uploads\/2024\/03\/Balls_2.png\" \/>\n<meta name=\"twitter:card\" content=\"summary_large_image\" \/>\n<meta name=\"twitter:label1\" content=\"Timp estimat pentru citire\" \/>\n\t<meta name=\"twitter:data1\" content=\"4 minute\" \/>\n<script type=\"application\/ld+json\" class=\"yoast-schema-graph\">{\"@context\":\"https:\\\/\\\/schema.org\",\"@graph\":[{\"@type\":\"WebPage\",\"@id\":\"https:\\\/\\\/redfoxlotto.com\\\/ro\\\/\",\"url\":\"https:\\\/\\\/redfoxlotto.com\\\/ro\\\/\",\"name\":\"Loterie online | Achizi\u021biona\u021bi biletele pentru jackpoturi ob\u021binute la cea mai mare loterie\",\"isPartOf\":{\"@id\":\"https:\\\/\\\/redfoxlotto.com\\\/ro\\\/#website\"},\"primaryImageOfPage\":{\"@id\":\"https:\\\/\\\/redfoxlotto.com\\\/ro\\\/#primaryimage\"},\"image\":{\"@id\":\"https:\\\/\\\/redfoxlotto.com\\\/ro\\\/#primaryimage\"},\"thumbnailUrl\":\"https:\\\/\\\/redfoxlotto.com\\\/wp-content\\\/uploads\\\/2024\\\/03\\\/Balls_2.png\",\"datePublished\":\"2023-04-13T18:01:41+00:00\",\"dateModified\":\"2026-01-06T09:05:59+00:00\",\"description\":\"Jackpoturi ob\u021binute la cea mai mare loterie din Lume sunt disponibile oriunde \u2013 achizi\u021biona\u021bi-v\u0103 online biletele de loterie chiar acum!\",\"breadcrumb\":{\"@id\":\"https:\\\/\\\/redfoxlotto.com\\\/ro\\\/#breadcrumb\"},\"inLanguage\":\"ro-RO\",\"potentialAction\":[{\"@type\":\"ReadAction\",\"target\":[\"https:\\\/\\\/redfoxlotto.com\\\/ro\\\/\"]}]},{\"@type\":\"ImageObject\",\"inLanguage\":\"ro-RO\",\"@id\":\"https:\\\/\\\/redfoxlotto.com\\\/ro\\\/#primaryimage\",\"url\":\"https:\\\/\\\/redfoxlotto.com\\\/wp-content\\\/uploads\\\/2024\\\/03\\\/Balls_2.png\",\"contentUrl\":\"https:\\\/\\\/redfoxlotto.com\\\/wp-content\\\/uploads\\\/2024\\\/03\\\/Balls_2.png\"},{\"@type\":\"BreadcrumbList\",\"@id\":\"https:\\\/\\\/redfoxlotto.com\\\/ro\\\/#breadcrumb\",\"itemListElement\":[{\"@type\":\"ListItem\",\"position\":1,\"name\":\"Home\",\"item\":\"https:\\\/\\\/redfoxlotto.com\\\/ro\\\/\"},{\"@type\":\"ListItem\",\"position\":2,\"name\":\"\u021aara dumneavoastr\u0103 de re\u0219edin\u021b\u0103 nu conteaz\u0103, juca\u021bi la cele mai mari loterii din lume\"}]},{\"@type\":\"WebSite\",\"@id\":\"https:\\\/\\\/redfoxlotto.com\\\/ro\\\/#website\",\"url\":\"https:\\\/\\\/redfoxlotto.com\\\/ro\\\/\",\"name\":\"Get Tickets for the World\u2019s largest jackpots\",\"description\":\"Participate in worldwide lottery jackpots from any country\",\"publisher\":{\"@id\":\"https:\\\/\\\/redfoxlotto.com\\\/ro\\\/#organization\"},\"potentialAction\":[{\"@type\":\"SearchAction\",\"target\":{\"@type\":\"EntryPoint\",\"urlTemplate\":\"https:\\\/\\\/redfoxlotto.com\\\/ro\\\/?s={search_term_string}\"},\"query-input\":{\"@type\":\"PropertyValueSpecification\",\"valueRequired\":true,\"valueName\":\"search_term_string\"}}],\"inLanguage\":\"ro-RO\"},{\"@type\":\"Organization\",\"@id\":\"https:\\\/\\\/redfoxlotto.com\\\/ro\\\/#organization\",\"name\":\"Get Tickets for the World\u2019s largest jackpots\",\"url\":\"https:\\\/\\\/redfoxlotto.com\\\/ro\\\/\",\"logo\":{\"@type\":\"ImageObject\",\"inLanguage\":\"ro-RO\",\"@id\":\"https:\\\/\\\/redfoxlotto.com\\\/ro\\\/#\\\/schema\\\/logo\\\/image\\\/\",\"url\":\"https:\\\/\\\/redfoxlotto.com\\\/wp-content\\\/uploads\\\/2023\\\/04\\\/logo.png\",\"contentUrl\":\"https:\\\/\\\/redfoxlotto.com\\\/wp-content\\\/uploads\\\/2023\\\/04\\\/logo.png\",\"width\":269,\"height\":53,\"caption\":\"Get Tickets for the World\u2019s largest jackpots\"},\"image\":{\"@id\":\"https:\\\/\\\/redfoxlotto.com\\\/ro\\\/#\\\/schema\\\/logo\\\/image\\\/\"}}]}<\/script>\n<!-- \/ Yoast SEO plugin. -->","yoast_head_json":{"title":"Loterie online | Achizi\u021biona\u021bi biletele pentru jackpoturi ob\u021binute la cea mai mare loterie","description":"Jackpoturi ob\u021binute la cea mai mare loterie din Lume sunt disponibile oriunde \u2013 achizi\u021biona\u021bi-v\u0103 online biletele de loterie chiar acum!","robots":{"index":"index","follow":"follow","max-snippet":"max-snippet:-1","max-image-preview":"max-image-preview:large","max-video-preview":"max-video-preview:-1"},"canonical":"https:\/\/redfoxlotto.com\/ro\/","og_locale":"ro_RO","og_type":"article","og_title":"Loterie online | Achizi\u021biona\u021bi biletele pentru jackpoturi ob\u021binute la cea mai mare loterie","og_description":"Jackpoturi ob\u021binute la cea mai mare loterie din Lume sunt disponibile oriunde \u2013 achizi\u021biona\u021bi-v\u0103 online biletele de loterie chiar acum!","og_url":"https:\/\/redfoxlotto.com\/ro\/","og_site_name":"Get Tickets for the World\u2019s largest jackpots","article_modified_time":"2026-01-06T09:05:59+00:00","og_image":[{"url":"https:\/\/redfoxlotto.com\/wp-content\/uploads\/2024\/03\/Balls_2.png","type":"","width":"","height":""}],"twitter_card":"summary_large_image","twitter_misc":{"Timp estimat pentru citire":"4 minute"},"schema":{"@context":"https:\/\/schema.org","@graph":[{"@type":"WebPage","@id":"https:\/\/redfoxlotto.com\/ro\/","url":"https:\/\/redfoxlotto.com\/ro\/","name":"Loterie online | Achizi\u021biona\u021bi biletele pentru jackpoturi ob\u021binute la cea mai mare loterie","isPartOf":{"@id":"https:\/\/redfoxlotto.com\/ro\/#website"},"primaryImageOfPage":{"@id":"https:\/\/redfoxlotto.com\/ro\/#primaryimage"},"image":{"@id":"https:\/\/redfoxlotto.com\/ro\/#primaryimage"},"thumbnailUrl":"https:\/\/redfoxlotto.com\/wp-content\/uploads\/2024\/03\/Balls_2.png","datePublished":"2023-04-13T18:01:41+00:00","dateModified":"2026-01-06T09:05:59+00:00","description":"Jackpoturi ob\u021binute la cea mai mare loterie din Lume sunt disponibile oriunde \u2013 achizi\u021biona\u021bi-v\u0103 online biletele de loterie chiar acum!","breadcrumb":{"@id":"https:\/\/redfoxlotto.com\/ro\/#breadcrumb"},"inLanguage":"ro-RO","potentialAction":[{"@type":"ReadAction","target":["https:\/\/redfoxlotto.com\/ro\/"]}]},{"@type":"ImageObject","inLanguage":"ro-RO","@id":"https:\/\/redfoxlotto.com\/ro\/#primaryimage","url":"https:\/\/redfoxlotto.com\/wp-content\/uploads\/2024\/03\/Balls_2.png","contentUrl":"https:\/\/redfoxlotto.com\/wp-content\/uploads\/2024\/03\/Balls_2.png"},{"@type":"BreadcrumbList","@id":"https:\/\/redfoxlotto.com\/ro\/#breadcrumb","itemListElement":[{"@type":"ListItem","position":1,"name":"Home","item":"https:\/\/redfoxlotto.com\/ro\/"},{"@type":"ListItem","position":2,"name":"\u021aara dumneavoastr\u0103 de re\u0219edin\u021b\u0103 nu conteaz\u0103, juca\u021bi la cele mai mari loterii din lume"}]},{"@type":"WebSite","@id":"https:\/\/redfoxlotto.com\/ro\/#website","url":"https:\/\/redfoxlotto.com\/ro\/","name":"Get Tickets for the World\u2019s largest jackpots","description":"Participate in worldwide lottery jackpots from any country","publisher":{"@id":"https:\/\/redfoxlotto.com\/ro\/#organization"},"potentialAction":[{"@type":"SearchAction","target":{"@type":"EntryPoint","urlTemplate":"https:\/\/redfoxlotto.com\/ro\/?s={search_term_string}"},"query-input":{"@type":"PropertyValueSpecification","valueRequired":true,"valueName":"search_term_string"}}],"inLanguage":"ro-RO"},{"@type":"Organization","@id":"https:\/\/redfoxlotto.com\/ro\/#organization","name":"Get Tickets for the World\u2019s largest jackpots","url":"https:\/\/redfoxlotto.com\/ro\/","logo":{"@type":"ImageObject","inLanguage":"ro-RO","@id":"https:\/\/redfoxlotto.com\/ro\/#\/schema\/logo\/image\/","url":"https:\/\/redfoxlotto.com\/wp-content\/uploads\/2023\/04\/logo.png","contentUrl":"https:\/\/redfoxlotto.com\/wp-content\/uploads\/2023\/04\/logo.png","width":269,"height":53,"caption":"Get Tickets for the World\u2019s largest jackpots"},"image":{"@id":"https:\/\/redfoxlotto.com\/ro\/#\/schema\/logo\/image\/"}}]}},"_links":{"self":[{"href":"https:\/\/redfoxlotto.com\/ro\/wp-json\/wp\/v2\/pages\/50092","targetHints":{"allow":["GET"]}}],"collection":[{"href":"https:\/\/redfoxlotto.com\/ro\/wp-json\/wp\/v2\/pages"}],"about":[{"href":"https:\/\/redfoxlotto.com\/ro\/wp-json\/wp\/v2\/types\/page"}],"author":[{"embeddable":true,"href":"https:\/\/redfoxlotto.com\/ro\/wp-json\/wp\/v2\/users\/1"}],"replies":[{"embeddable":true,"href":"https:\/\/redfoxlotto.com\/ro\/wp-json\/wp\/v2\/comments?post=50092"}],"version-history":[{"count":0,"href":"https:\/\/redfoxlotto.com\/ro\/wp-json\/wp\/v2\/pages\/50092\/revisions"}],"wp:attachment":[{"href":"https:\/\/redfoxlotto.com\/ro\/wp-json\/wp\/v2\/media?parent=50092"}],"curies":[{"name":"wp","href":"https:\/\/api.w.org\/{rel}","templated":true}]}}