{"id":3084,"date":"2018-11-18T08:54:25","date_gmt":"2018-11-18T08:54:25","guid":{"rendered":"https:\/\/redfoxlotto.com\/?page_id=3084"},"modified":"2019-09-29T21:23:10","modified_gmt":"2019-09-29T20:23:10","slug":"la-primitiva","status":"publish","type":"page","link":"https:\/\/redfoxlotto.com\/ro\/informatie\/la-primitiva\/","title":{"rendered":"Despre achizi\u021bionarea biletelor online la La Primitiva"},"content":{"rendered":"<p>Aceasta este cea mai amre loterie din Spania. Poate a\u021bi mai auzit de aceast\u0103 loterie sub denumirea de El Gordo, dar, \u00een mod tehnic, acest apelativ nu este corect. El Gordo este edi\u021bia de Cr\u0103ciun a loteriei Spaniole La Primitiva, \u0219i func\u021bioneaz\u0103 \u00eentr-un mod diferit. Verifica\u021bi-ne articolele referitoare la El Gordo.<\/p><p><img loading=\"lazy\" decoding=\"async\" class=\" wp-image alignright\" src=\"https:\/\/content.redfoxlotto.com\/uploads\/sites\/9\/2_ticket_la_primitiva2.jpg\" alt=\"Biletul online La Primitiva\" width=\"153\" height=\"218\" \/><\/p><!--more--><p>La Primitiva este loteria Spaniol\u0103 s\u0103pt\u0103m\u00e2nal\u0103. Jackpotul const\u0103 \u00eentr-o sum\u0103 minim\u0103 de \u20ac5 milioane. \u00cens\u0103, acest jackpot a atins sume de aproape \u20ac100 milioane, \u00een trecut. Extragerea are loc \u00een fiecare zi de duminic\u0103.<\/p><p>Cu toate c\u0103 a fost considerat\u0103 o loterie na\u021bional\u0103, ve\u021bi putea s\u0103 v\u0103 achizi\u021biona\u021bi biletele online la La Primitiva. Nu trebuie s\u0103 fi\u021bi reziden\u021bi ai Spaniei. Doar alege\u021bi-v\u0103 numere direct de pe site-ul nostru, apoi, crea\u021bi-v\u0103 un cont \u0219i realiza\u021bi plata online. V\u0103 vom comanda un bilet complet legal la La Primitiva pentru dumneavoastr\u0103.<\/p><p>Pentru a participa la aceast\u0103 loterie, trebuie doar s\u0103 v\u0103 achizi\u021biona\u021bi biletul, al\u0103turi de numerele pe care le-a\u021bi ales. Biletele la loteria la Primitiva con\u021bin numere \u00eentre 0-49. Juc\u0103torilor le este permis s\u0103 aleag\u0103 orice 6 numere \u0219i dup\u0103 ce ve\u021bi achizi\u021biona un num\u0103r de la 0-9 va fi automat trecut pe biletul dumneavoastr\u0103. \u00cen ziua extragerii, 6 numere sunt alese \u00een mod aleatoriu de la 0-49 \u0219i 1 num\u0103r de la 0-9, astfel \u00eenc\u00e2t orice bilet care con\u021bine numerele corespunz\u0103toare cu numerele extrase va c\u00e2\u0219tiga Jackpotul.<\/p><p><img loading=\"lazy\" decoding=\"async\" class=\" wp-image alignright\" src=\"https:\/\/content.redfoxlotto.com\/uploads\/sites\/9\/1_buy_ticket_lotto_online2.jpg\" alt=\"Cump\u0103ra\u021bi bilete La Primitiva\" width=\"208\" height=\"311\" \/><\/p><p>Cel mai mare jackpot c\u00e2\u0219tigat p\u00e2n\u0103 acum la loteria La Primitiva este cel din 17 octombrie 2015, \u00een valoare de \u20ac101.7 milioane. \u00cenainte de acesta, jackpotul \u00een valoare de \u20ac73 milioane, c\u00e2\u0219tigat \u00een februarie 2014 a fost cel mai mare c\u00e2\u0219tig de p\u00e2n\u0103 atunci. Norocul a fost cel mai important lucru \u00een c\u00e2\u0219tigarea ultimului jackpot ca probabilitatea de a atinge jackpotul \u00een valoare de 1:14 milioane, dar av\u00e2nd \u00een vedere pre\u021bul redus al biletului \u0219i suma uria\u0219\u0103 pe care o pute\u021bi c\u0103\u0219tiga, toat\u0103 lumea ar trebui s\u0103 se simt\u0103 norocoas\u0103.<\/p>","protected":false},"excerpt":{"rendered":"<p>Aceasta este cea mai amre loterie din Spania. Poate a\u021bi mai auzit de aceast\u0103 loterie sub denumirea de El Gordo, dar, \u00een mod tehnic, acest apelativ nu este corect. El Gordo este edi\u021bia de Cr\u0103ciun a loteriei Spaniole La Primitiva, \u0219i func\u021bioneaz\u0103 \u00eentr-un mod diferit. Verifica\u021bi-ne articolele referitoare la El Gordo.<\/p>\n","protected":false},"author":1,"featured_media":0,"parent":2834,"menu_order":7,"comment_status":"closed","ping_status":"closed","template":"la-primitiva-info.php","meta":{"_et_pb_use_builder":"","_et_pb_old_content":"","_et_gb_content_width":"","exclude_from_search":false,"footnotes":""},"class_list":["post-3084","page","type-page","status-publish","hentry"],"yoast_head":"<!-- This site is optimized with the Yoast SEO plugin v27.4 - https:\/\/yoast.com\/product\/yoast-seo-wordpress\/ -->\n<title>Achizi\u021biona\u021bi-v\u0103 biletele La Primitiva din orice loc al lumii<\/title>\n<meta name=\"description\" content=\"Nu conteaz\u0103 unde tr\u0103i\u021bi \u2013 pute\u021bi s\u0103 v\u0103 achizi\u021biona\u021bi bilete la Loteria La Primitiva\" \/>\n<meta name=\"robots\" content=\"index, follow, max-snippet:-1, max-image-preview:large, max-video-preview:-1\" \/>\n<link rel=\"canonical\" href=\"https:\/\/redfoxlotto.com\/ro\/informatie\/la-primitiva\/\" \/>\n<meta property=\"og:locale\" content=\"ro_RO\" \/>\n<meta property=\"og:type\" content=\"article\" \/>\n<meta property=\"og:title\" content=\"Achizi\u021biona\u021bi-v\u0103 biletele La Primitiva din orice loc al lumii\" \/>\n<meta property=\"og:description\" content=\"Nu conteaz\u0103 unde tr\u0103i\u021bi \u2013 pute\u021bi s\u0103 v\u0103 achizi\u021biona\u021bi bilete la Loteria La Primitiva\" \/>\n<meta property=\"og:url\" content=\"https:\/\/redfoxlotto.com\/ro\/informatie\/la-primitiva\/\" \/>\n<meta property=\"og:site_name\" content=\"Get Tickets for the World\u2019s largest jackpots\" \/>\n<meta property=\"article:modified_time\" content=\"2019-09-29T20:23:10+00:00\" \/>\n<meta property=\"og:image\" content=\"https:\/\/content.redfoxlotto.com\/uploads\/sites\/9\/2_ticket_la_primitiva2.jpg\" \/>\n<meta name=\"twitter:card\" content=\"summary_large_image\" \/>\n<meta name=\"twitter:label1\" content=\"Timp estimat pentru citire\" \/>\n\t<meta name=\"twitter:data1\" content=\"2 minute\" \/>\n<script type=\"application\/ld+json\" class=\"yoast-schema-graph\">{\"@context\":\"https:\\\/\\\/schema.org\",\"@graph\":[{\"@type\":\"WebPage\",\"@id\":\"https:\\\/\\\/redfoxlotto.com\\\/ro\\\/informatie\\\/la-primitiva\\\/\",\"url\":\"https:\\\/\\\/redfoxlotto.com\\\/ro\\\/informatie\\\/la-primitiva\\\/\",\"name\":\"Achizi\u021biona\u021bi-v\u0103 biletele La Primitiva din orice loc al lumii\",\"isPartOf\":{\"@id\":\"https:\\\/\\\/redfoxlotto.com\\\/ro\\\/#website\"},\"primaryImageOfPage\":{\"@id\":\"https:\\\/\\\/redfoxlotto.com\\\/ro\\\/informatie\\\/la-primitiva\\\/#primaryimage\"},\"image\":{\"@id\":\"https:\\\/\\\/redfoxlotto.com\\\/ro\\\/informatie\\\/la-primitiva\\\/#primaryimage\"},\"thumbnailUrl\":\"https:\\\/\\\/content.redfoxlotto.com\\\/uploads\\\/sites\\\/9\\\/2_ticket_la_primitiva2.jpg\",\"datePublished\":\"2018-11-18T08:54:25+00:00\",\"dateModified\":\"2019-09-29T20:23:10+00:00\",\"description\":\"Nu conteaz\u0103 unde tr\u0103i\u021bi \u2013 pute\u021bi s\u0103 v\u0103 achizi\u021biona\u021bi bilete la Loteria La Primitiva\",\"breadcrumb\":{\"@id\":\"https:\\\/\\\/redfoxlotto.com\\\/ro\\\/informatie\\\/la-primitiva\\\/#breadcrumb\"},\"inLanguage\":\"ro-RO\",\"potentialAction\":[{\"@type\":\"ReadAction\",\"target\":[\"https:\\\/\\\/redfoxlotto.com\\\/ro\\\/informatie\\\/la-primitiva\\\/\"]}]},{\"@type\":\"ImageObject\",\"inLanguage\":\"ro-RO\",\"@id\":\"https:\\\/\\\/redfoxlotto.com\\\/ro\\\/informatie\\\/la-primitiva\\\/#primaryimage\",\"url\":\"https:\\\/\\\/content.redfoxlotto.com\\\/uploads\\\/sites\\\/9\\\/2_ticket_la_primitiva2.jpg\",\"contentUrl\":\"https:\\\/\\\/content.redfoxlotto.com\\\/uploads\\\/sites\\\/9\\\/2_ticket_la_primitiva2.jpg\"},{\"@type\":\"BreadcrumbList\",\"@id\":\"https:\\\/\\\/redfoxlotto.com\\\/ro\\\/informatie\\\/la-primitiva\\\/#breadcrumb\",\"itemListElement\":[{\"@type\":\"ListItem\",\"position\":1,\"name\":\"Home\",\"item\":\"https:\\\/\\\/redfoxlotto.com\\\/ro\\\/\"},{\"@type\":\"ListItem\",\"position\":2,\"name\":\"Procesul de achizi\u021bionare pentru biletele online de loterie\",\"item\":\"https:\\\/\\\/redfoxlotto.com\\\/ro\\\/informatie\\\/\"},{\"@type\":\"ListItem\",\"position\":3,\"name\":\"Despre achizi\u021bionarea biletelor online la La Primitiva\"}]},{\"@type\":\"WebSite\",\"@id\":\"https:\\\/\\\/redfoxlotto.com\\\/ro\\\/#website\",\"url\":\"https:\\\/\\\/redfoxlotto.com\\\/ro\\\/\",\"name\":\"Get Tickets for the World\u2019s largest jackpots\",\"description\":\"Participate in worldwide lottery jackpots from any country\",\"publisher\":{\"@id\":\"https:\\\/\\\/redfoxlotto.com\\\/ro\\\/#organization\"},\"potentialAction\":[{\"@type\":\"SearchAction\",\"target\":{\"@type\":\"EntryPoint\",\"urlTemplate\":\"https:\\\/\\\/redfoxlotto.com\\\/ro\\\/?s={search_term_string}\"},\"query-input\":{\"@type\":\"PropertyValueSpecification\",\"valueRequired\":true,\"valueName\":\"search_term_string\"}}],\"inLanguage\":\"ro-RO\"},{\"@type\":\"Organization\",\"@id\":\"https:\\\/\\\/redfoxlotto.com\\\/ro\\\/#organization\",\"name\":\"Get Tickets for the World\u2019s largest jackpots\",\"url\":\"https:\\\/\\\/redfoxlotto.com\\\/ro\\\/\",\"logo\":{\"@type\":\"ImageObject\",\"inLanguage\":\"ro-RO\",\"@id\":\"https:\\\/\\\/redfoxlotto.com\\\/ro\\\/#\\\/schema\\\/logo\\\/image\\\/\",\"url\":\"https:\\\/\\\/redfoxlotto.com\\\/wp-content\\\/uploads\\\/2023\\\/04\\\/logo.png\",\"contentUrl\":\"https:\\\/\\\/redfoxlotto.com\\\/wp-content\\\/uploads\\\/2023\\\/04\\\/logo.png\",\"width\":269,\"height\":53,\"caption\":\"Get Tickets for the World\u2019s largest jackpots\"},\"image\":{\"@id\":\"https:\\\/\\\/redfoxlotto.com\\\/ro\\\/#\\\/schema\\\/logo\\\/image\\\/\"}}]}<\/script>\n<!-- \/ Yoast SEO plugin. -->","yoast_head_json":{"title":"Achizi\u021biona\u021bi-v\u0103 biletele La Primitiva din orice loc al lumii","description":"Nu conteaz\u0103 unde tr\u0103i\u021bi \u2013 pute\u021bi s\u0103 v\u0103 achizi\u021biona\u021bi bilete la Loteria La Primitiva","robots":{"index":"index","follow":"follow","max-snippet":"max-snippet:-1","max-image-preview":"max-image-preview:large","max-video-preview":"max-video-preview:-1"},"canonical":"https:\/\/redfoxlotto.com\/ro\/informatie\/la-primitiva\/","og_locale":"ro_RO","og_type":"article","og_title":"Achizi\u021biona\u021bi-v\u0103 biletele La Primitiva din orice loc al lumii","og_description":"Nu conteaz\u0103 unde tr\u0103i\u021bi \u2013 pute\u021bi s\u0103 v\u0103 achizi\u021biona\u021bi bilete la Loteria La Primitiva","og_url":"https:\/\/redfoxlotto.com\/ro\/informatie\/la-primitiva\/","og_site_name":"Get Tickets for the World\u2019s largest jackpots","article_modified_time":"2019-09-29T20:23:10+00:00","og_image":[{"url":"https:\/\/content.redfoxlotto.com\/uploads\/sites\/9\/2_ticket_la_primitiva2.jpg","type":"","width":"","height":""}],"twitter_card":"summary_large_image","twitter_misc":{"Timp estimat pentru citire":"2 minute"},"schema":{"@context":"https:\/\/schema.org","@graph":[{"@type":"WebPage","@id":"https:\/\/redfoxlotto.com\/ro\/informatie\/la-primitiva\/","url":"https:\/\/redfoxlotto.com\/ro\/informatie\/la-primitiva\/","name":"Achizi\u021biona\u021bi-v\u0103 biletele La Primitiva din orice loc al lumii","isPartOf":{"@id":"https:\/\/redfoxlotto.com\/ro\/#website"},"primaryImageOfPage":{"@id":"https:\/\/redfoxlotto.com\/ro\/informatie\/la-primitiva\/#primaryimage"},"image":{"@id":"https:\/\/redfoxlotto.com\/ro\/informatie\/la-primitiva\/#primaryimage"},"thumbnailUrl":"https:\/\/content.redfoxlotto.com\/uploads\/sites\/9\/2_ticket_la_primitiva2.jpg","datePublished":"2018-11-18T08:54:25+00:00","dateModified":"2019-09-29T20:23:10+00:00","description":"Nu conteaz\u0103 unde tr\u0103i\u021bi \u2013 pute\u021bi s\u0103 v\u0103 achizi\u021biona\u021bi bilete la Loteria La Primitiva","breadcrumb":{"@id":"https:\/\/redfoxlotto.com\/ro\/informatie\/la-primitiva\/#breadcrumb"},"inLanguage":"ro-RO","potentialAction":[{"@type":"ReadAction","target":["https:\/\/redfoxlotto.com\/ro\/informatie\/la-primitiva\/"]}]},{"@type":"ImageObject","inLanguage":"ro-RO","@id":"https:\/\/redfoxlotto.com\/ro\/informatie\/la-primitiva\/#primaryimage","url":"https:\/\/content.redfoxlotto.com\/uploads\/sites\/9\/2_ticket_la_primitiva2.jpg","contentUrl":"https:\/\/content.redfoxlotto.com\/uploads\/sites\/9\/2_ticket_la_primitiva2.jpg"},{"@type":"BreadcrumbList","@id":"https:\/\/redfoxlotto.com\/ro\/informatie\/la-primitiva\/#breadcrumb","itemListElement":[{"@type":"ListItem","position":1,"name":"Home","item":"https:\/\/redfoxlotto.com\/ro\/"},{"@type":"ListItem","position":2,"name":"Procesul de achizi\u021bionare pentru biletele online de loterie","item":"https:\/\/redfoxlotto.com\/ro\/informatie\/"},{"@type":"ListItem","position":3,"name":"Despre achizi\u021bionarea biletelor online la La Primitiva"}]},{"@type":"WebSite","@id":"https:\/\/redfoxlotto.com\/ro\/#website","url":"https:\/\/redfoxlotto.com\/ro\/","name":"Get Tickets for the World\u2019s largest jackpots","description":"Participate in worldwide lottery jackpots from any country","publisher":{"@id":"https:\/\/redfoxlotto.com\/ro\/#organization"},"potentialAction":[{"@type":"SearchAction","target":{"@type":"EntryPoint","urlTemplate":"https:\/\/redfoxlotto.com\/ro\/?s={search_term_string}"},"query-input":{"@type":"PropertyValueSpecification","valueRequired":true,"valueName":"search_term_string"}}],"inLanguage":"ro-RO"},{"@type":"Organization","@id":"https:\/\/redfoxlotto.com\/ro\/#organization","name":"Get Tickets for the World\u2019s largest jackpots","url":"https:\/\/redfoxlotto.com\/ro\/","logo":{"@type":"ImageObject","inLanguage":"ro-RO","@id":"https:\/\/redfoxlotto.com\/ro\/#\/schema\/logo\/image\/","url":"https:\/\/redfoxlotto.com\/wp-content\/uploads\/2023\/04\/logo.png","contentUrl":"https:\/\/redfoxlotto.com\/wp-content\/uploads\/2023\/04\/logo.png","width":269,"height":53,"caption":"Get Tickets for the World\u2019s largest jackpots"},"image":{"@id":"https:\/\/redfoxlotto.com\/ro\/#\/schema\/logo\/image\/"}}]}},"_links":{"self":[{"href":"https:\/\/redfoxlotto.com\/ro\/wp-json\/wp\/v2\/pages\/3084","targetHints":{"allow":["GET"]}}],"collection":[{"href":"https:\/\/redfoxlotto.com\/ro\/wp-json\/wp\/v2\/pages"}],"about":[{"href":"https:\/\/redfoxlotto.com\/ro\/wp-json\/wp\/v2\/types\/page"}],"author":[{"embeddable":true,"href":"https:\/\/redfoxlotto.com\/ro\/wp-json\/wp\/v2\/users\/1"}],"replies":[{"embeddable":true,"href":"https:\/\/redfoxlotto.com\/ro\/wp-json\/wp\/v2\/comments?post=3084"}],"version-history":[{"count":0,"href":"https:\/\/redfoxlotto.com\/ro\/wp-json\/wp\/v2\/pages\/3084\/revisions"}],"up":[{"embeddable":true,"href":"https:\/\/redfoxlotto.com\/ro\/wp-json\/wp\/v2\/pages\/2834"}],"wp:attachment":[{"href":"https:\/\/redfoxlotto.com\/ro\/wp-json\/wp\/v2\/media?parent=3084"}],"curies":[{"name":"wp","href":"https:\/\/api.w.org\/{rel}","templated":true}]}}