{"id":3082,"date":"2018-11-18T08:54:25","date_gmt":"2018-11-18T08:54:25","guid":{"rendered":"https:\/\/redfoxlotto.com\/?page_id=3082"},"modified":"2019-09-29T21:21:15","modified_gmt":"2019-09-29T20:21:15","slug":"el-gordo-primitiva","status":"publish","type":"page","link":"https:\/\/redfoxlotto.com\/ro\/informatie\/el-gordo-primitiva\/","title":{"rendered":"Informa\u021bii despre El Gordo"},"content":{"rendered":"<p>Loteria Spaniol\u0103 de Cr\u0103ciun, sau Loteria de Navidad, a\u0219a cum a fost denumit\u0103 \u00een momentul fond\u0103rii, este una dintre cele mai vechi loterii din \u00eentreaga lume, exist\u00e2nd \u00eenc\u0103 din anul 1812 \u0219i fiind organizat\u0103 \u00een fiecare an. Loteria de Navidad este a doua cea mai prezent\u0103 loterie din lume, rezist\u00e2nd chiar \u0219i \u00een perioada r\u0103zboiului civil din Spania. <\/p><p><img loading=\"lazy\" decoding=\"async\" class=\" wp-image alignright\" src=\"https:\/\/content.redfoxlotto.com\/uploads\/sites\/9\/1_buy_ticket_lotto_online.jpg\" alt=\"cump\u0103ra online El Gordo\" width=\"262\" height=\"173\" \/><\/p><!--more--><p>\u021a\u0103rile nevorbitoare de spaniol\u0103 consider\u0103 adesea c\u0103 El Gordo este denumirea loteriei, \u00eens\u0103 El Gordo se refer\u0103 doar la premiul jackpotului sau, literalmente, la premiul cel mare.<\/p><p>Loteria Spaniol\u0103 de Cr\u0103ciun ofer\u0103 unul dintre cele mai mari premii de loterie, pentru c\u0103 juc\u0103torii au \u0219ansa de a c\u00e2\u0219tiga sume de p\u00e2n\u0103 la \u20ac2,5 de miliarde, \u00een timp ce premiul jackpot sau premiul El Gordo atinge suma de \u20ac4 milioane. Extragerea are loc o singur\u0103 dat\u0103 \u00een fiecare an, \u00een apropierea Cr\u0103ciunului, \u00eencep\u00e2nd \u00een ziua de 22 decembrie.<\/p><p><img decoding=\"async\" class=\"size-full wp-image alignright\" src=\"https:\/\/content.redfoxlotto.com\/uploads\/sites\/9\/2_ticket_el_gordo.jpg\" alt=\"El Gordo tickets\"><\/p><p>Pentru a <a href=\"https:\/\/redfoxlotto.com\/ro\/joaca\/\">juca \u00een loteria<\/a> Spaniol\u0103 de Cr\u0103ciun, trebuie s\u0103 ave\u021bi cel pu\u021bin 18 ani, iar biletele trebuie s\u0103 aib\u0103 deja serii de 5 numere imprimate pe ele, astfel c\u00e2nd extragerile se vor finaliza, acele bilete care con\u021bin numerele extrase vor fi c\u00e2\u0219tig\u0103toare. \u201cEl mayor premio es compartilo\u201d este un slogan asociat cu loteria Spaniol\u0103 de Cr\u0103ciun, iar traducerea \u00een englez\u0103 este \u201cthe greatest prize is sharing\u201d, iar acest lucru face Ca aceast\u0103 loterie s\u0103 fie special\u0103. Seriile de bilete con\u021bin, de obicei, acelea\u0219i numere, astfel \u00eenc\u00e2t dac\u0103 num\u0103rul va c\u00e2\u0219tiga, atunci premiul \u00een bani va fi distribuit tuturor celor care au ales num\u0103rul respectiv. Pe parcursul extragerii, a o bil\u0103 care con\u021bine un num\u0103r din 5 cifre este extras dintr-o mul\u021bime de alte bile, iar fiecare num\u0103r c\u00e2\u0219tig\u0103tor are asociat premiul corespunz\u0103tor.<\/p><p>Loteria Spaniol\u0103 de Cr\u0103ciun reprezint\u0103, \u00een prezent, o tradi\u021bie pentru spanioli \u00een perioada Cr\u0103ciunului, aceast\u0103 loterie aduc\u00e2ndu-le fericire acestor oameni, to\u021bi ace\u0219tia a\u0219tept\u00e2ndu-se s\u0103 fie c\u00e2\u0219tig\u0103torii la faimoasa Loteria de Navidad. \u0218ansele de c\u00e2\u0219tig la El Gordo sunt mari \u00een compara\u021bie cu  <a href=\"https:\/\/redfoxlotto.com\/ro\/\">alte loterii<\/a>, plec\u00e2nd de la o cot\u0103 de 1 \u0219i ajung\u00e2nd p\u00e2n\u0103 la 100,000.<\/p>","protected":false},"excerpt":{"rendered":"<p>Loteria Spaniol\u0103 de Cr\u0103ciun, sau Loteria de Navidad, a\u0219a cum a fost denumit\u0103 \u00een momentul fond\u0103rii, este una dintre cele mai vechi loterii din \u00eentreaga lume, exist\u00e2nd \u00eenc\u0103 din anul 1812 \u0219i fiind organizat\u0103 \u00een fiecare an. Loteria de Navidad este a doua cea mai prezent\u0103 loterie din lume, rezist\u00e2nd chiar \u0219i \u00een perioada r\u0103zboiului [&hellip;]<\/p>\n","protected":false},"author":1,"featured_media":0,"parent":2834,"menu_order":6,"comment_status":"closed","ping_status":"closed","template":"el-gordo-info.php","meta":{"_et_pb_use_builder":"","_et_pb_old_content":"","_et_gb_content_width":"","exclude_from_search":false,"footnotes":""},"class_list":["post-3082","page","type-page","status-publish","hentry"],"yoast_head":"<!-- This site is optimized with the Yoast SEO plugin v23.8 - https:\/\/yoast.com\/wordpress\/plugins\/seo\/ -->\n<title>Ce ar trebui s\u0103 s\u021bi\u021bi despre aceast\u0103 Loterie Spaniol\u0103 El Gordo de Cr\u0103ciun<\/title>\n<meta name=\"description\" content=\"Verifica\u021bi aceste informa\u021bii referitoare la El Gordo Loteria de Navidad, loteria Spaniol\u0103 de Cr\u0103ciun\" \/>\n<meta name=\"robots\" content=\"index, follow, max-snippet:-1, max-image-preview:large, max-video-preview:-1\" \/>\n<link rel=\"canonical\" href=\"https:\/\/redfoxlotto.com\/ro\/informatie\/el-gordo-primitiva\/\" \/>\n<meta property=\"og:locale\" content=\"ro_RO\" \/>\n<meta property=\"og:type\" content=\"article\" \/>\n<meta property=\"og:title\" content=\"Ce ar trebui s\u0103 s\u021bi\u021bi despre aceast\u0103 Loterie Spaniol\u0103 El Gordo de Cr\u0103ciun\" \/>\n<meta property=\"og:description\" content=\"Verifica\u021bi aceste informa\u021bii referitoare la El Gordo Loteria de Navidad, loteria Spaniol\u0103 de Cr\u0103ciun\" \/>\n<meta property=\"og:url\" content=\"https:\/\/redfoxlotto.com\/ro\/informatie\/el-gordo-primitiva\/\" \/>\n<meta property=\"og:site_name\" content=\"Get Tickets for the World\u2019s largest jackpots\" \/>\n<meta property=\"article:modified_time\" content=\"2019-09-29T20:21:15+00:00\" \/>\n<meta property=\"og:image\" content=\"https:\/\/content.redfoxlotto.com\/uploads\/sites\/9\/1_buy_ticket_lotto_online.jpg\" \/>\n<meta name=\"twitter:card\" content=\"summary_large_image\" \/>\n<meta name=\"twitter:label1\" content=\"Timp estimat pentru citire\" \/>\n\t<meta name=\"twitter:data1\" content=\"3 minute\" \/>\n<script type=\"application\/ld+json\" class=\"yoast-schema-graph\">{\"@context\":\"https:\/\/schema.org\",\"@graph\":[{\"@type\":\"WebPage\",\"@id\":\"https:\/\/redfoxlotto.com\/ro\/informatie\/el-gordo-primitiva\/\",\"url\":\"https:\/\/redfoxlotto.com\/ro\/informatie\/el-gordo-primitiva\/\",\"name\":\"Ce ar trebui s\u0103 s\u021bi\u021bi despre aceast\u0103 Loterie Spaniol\u0103 El Gordo de Cr\u0103ciun\",\"isPartOf\":{\"@id\":\"https:\/\/redfoxlotto.com\/ro\/#website\"},\"primaryImageOfPage\":{\"@id\":\"https:\/\/redfoxlotto.com\/ro\/informatie\/el-gordo-primitiva\/#primaryimage\"},\"image\":{\"@id\":\"https:\/\/redfoxlotto.com\/ro\/informatie\/el-gordo-primitiva\/#primaryimage\"},\"thumbnailUrl\":\"https:\/\/content.redfoxlotto.com\/uploads\/sites\/9\/1_buy_ticket_lotto_online.jpg\",\"datePublished\":\"2018-11-18T08:54:25+00:00\",\"dateModified\":\"2019-09-29T20:21:15+00:00\",\"description\":\"Verifica\u021bi aceste informa\u021bii referitoare la El Gordo Loteria de Navidad, loteria Spaniol\u0103 de Cr\u0103ciun\",\"breadcrumb\":{\"@id\":\"https:\/\/redfoxlotto.com\/ro\/informatie\/el-gordo-primitiva\/#breadcrumb\"},\"inLanguage\":\"ro-RO\",\"potentialAction\":[{\"@type\":\"ReadAction\",\"target\":[\"https:\/\/redfoxlotto.com\/ro\/informatie\/el-gordo-primitiva\/\"]}]},{\"@type\":\"ImageObject\",\"inLanguage\":\"ro-RO\",\"@id\":\"https:\/\/redfoxlotto.com\/ro\/informatie\/el-gordo-primitiva\/#primaryimage\",\"url\":\"https:\/\/content.redfoxlotto.com\/uploads\/sites\/9\/1_buy_ticket_lotto_online.jpg\",\"contentUrl\":\"https:\/\/content.redfoxlotto.com\/uploads\/sites\/9\/1_buy_ticket_lotto_online.jpg\"},{\"@type\":\"BreadcrumbList\",\"@id\":\"https:\/\/redfoxlotto.com\/ro\/informatie\/el-gordo-primitiva\/#breadcrumb\",\"itemListElement\":[{\"@type\":\"ListItem\",\"position\":1,\"name\":\"Home\",\"item\":\"https:\/\/redfoxlotto.com\/ro\/\"},{\"@type\":\"ListItem\",\"position\":2,\"name\":\"Procesul de achizi\u021bionare pentru biletele online de loterie\",\"item\":\"https:\/\/redfoxlotto.com\/ro\/informatie\/\"},{\"@type\":\"ListItem\",\"position\":3,\"name\":\"Informa\u021bii despre El Gordo\"}]},{\"@type\":\"WebSite\",\"@id\":\"https:\/\/redfoxlotto.com\/ro\/#website\",\"url\":\"https:\/\/redfoxlotto.com\/ro\/\",\"name\":\"Get Tickets for the World\u2019s largest jackpots\",\"description\":\"Participate in worldwide lottery jackpots from any country\",\"publisher\":{\"@id\":\"https:\/\/redfoxlotto.com\/ro\/#organization\"},\"potentialAction\":[{\"@type\":\"SearchAction\",\"target\":{\"@type\":\"EntryPoint\",\"urlTemplate\":\"https:\/\/redfoxlotto.com\/ro\/?s={search_term_string}\"},\"query-input\":{\"@type\":\"PropertyValueSpecification\",\"valueRequired\":true,\"valueName\":\"search_term_string\"}}],\"inLanguage\":\"ro-RO\"},{\"@type\":\"Organization\",\"@id\":\"https:\/\/redfoxlotto.com\/ro\/#organization\",\"name\":\"Get Tickets for the World\u2019s largest jackpots\",\"url\":\"https:\/\/redfoxlotto.com\/ro\/\",\"logo\":{\"@type\":\"ImageObject\",\"inLanguage\":\"ro-RO\",\"@id\":\"https:\/\/redfoxlotto.com\/ro\/#\/schema\/logo\/image\/\",\"url\":\"https:\/\/redfoxlotto.com\/wp-content\/uploads\/2023\/04\/logo.png\",\"contentUrl\":\"https:\/\/redfoxlotto.com\/wp-content\/uploads\/2023\/04\/logo.png\",\"width\":269,\"height\":53,\"caption\":\"Get Tickets for the World\u2019s largest jackpots\"},\"image\":{\"@id\":\"https:\/\/redfoxlotto.com\/ro\/#\/schema\/logo\/image\/\"}}]}<\/script>\n<!-- \/ Yoast SEO plugin. -->","yoast_head_json":{"title":"Ce ar trebui s\u0103 s\u021bi\u021bi despre aceast\u0103 Loterie Spaniol\u0103 El Gordo de Cr\u0103ciun","description":"Verifica\u021bi aceste informa\u021bii referitoare la El Gordo Loteria de Navidad, loteria Spaniol\u0103 de Cr\u0103ciun","robots":{"index":"index","follow":"follow","max-snippet":"max-snippet:-1","max-image-preview":"max-image-preview:large","max-video-preview":"max-video-preview:-1"},"canonical":"https:\/\/redfoxlotto.com\/ro\/informatie\/el-gordo-primitiva\/","og_locale":"ro_RO","og_type":"article","og_title":"Ce ar trebui s\u0103 s\u021bi\u021bi despre aceast\u0103 Loterie Spaniol\u0103 El Gordo de Cr\u0103ciun","og_description":"Verifica\u021bi aceste informa\u021bii referitoare la El Gordo Loteria de Navidad, loteria Spaniol\u0103 de Cr\u0103ciun","og_url":"https:\/\/redfoxlotto.com\/ro\/informatie\/el-gordo-primitiva\/","og_site_name":"Get Tickets for the World\u2019s largest jackpots","article_modified_time":"2019-09-29T20:21:15+00:00","og_image":[{"url":"https:\/\/content.redfoxlotto.com\/uploads\/sites\/9\/1_buy_ticket_lotto_online.jpg"}],"twitter_card":"summary_large_image","twitter_misc":{"Timp estimat pentru citire":"3 minute"},"schema":{"@context":"https:\/\/schema.org","@graph":[{"@type":"WebPage","@id":"https:\/\/redfoxlotto.com\/ro\/informatie\/el-gordo-primitiva\/","url":"https:\/\/redfoxlotto.com\/ro\/informatie\/el-gordo-primitiva\/","name":"Ce ar trebui s\u0103 s\u021bi\u021bi despre aceast\u0103 Loterie Spaniol\u0103 El Gordo de Cr\u0103ciun","isPartOf":{"@id":"https:\/\/redfoxlotto.com\/ro\/#website"},"primaryImageOfPage":{"@id":"https:\/\/redfoxlotto.com\/ro\/informatie\/el-gordo-primitiva\/#primaryimage"},"image":{"@id":"https:\/\/redfoxlotto.com\/ro\/informatie\/el-gordo-primitiva\/#primaryimage"},"thumbnailUrl":"https:\/\/content.redfoxlotto.com\/uploads\/sites\/9\/1_buy_ticket_lotto_online.jpg","datePublished":"2018-11-18T08:54:25+00:00","dateModified":"2019-09-29T20:21:15+00:00","description":"Verifica\u021bi aceste informa\u021bii referitoare la El Gordo Loteria de Navidad, loteria Spaniol\u0103 de Cr\u0103ciun","breadcrumb":{"@id":"https:\/\/redfoxlotto.com\/ro\/informatie\/el-gordo-primitiva\/#breadcrumb"},"inLanguage":"ro-RO","potentialAction":[{"@type":"ReadAction","target":["https:\/\/redfoxlotto.com\/ro\/informatie\/el-gordo-primitiva\/"]}]},{"@type":"ImageObject","inLanguage":"ro-RO","@id":"https:\/\/redfoxlotto.com\/ro\/informatie\/el-gordo-primitiva\/#primaryimage","url":"https:\/\/content.redfoxlotto.com\/uploads\/sites\/9\/1_buy_ticket_lotto_online.jpg","contentUrl":"https:\/\/content.redfoxlotto.com\/uploads\/sites\/9\/1_buy_ticket_lotto_online.jpg"},{"@type":"BreadcrumbList","@id":"https:\/\/redfoxlotto.com\/ro\/informatie\/el-gordo-primitiva\/#breadcrumb","itemListElement":[{"@type":"ListItem","position":1,"name":"Home","item":"https:\/\/redfoxlotto.com\/ro\/"},{"@type":"ListItem","position":2,"name":"Procesul de achizi\u021bionare pentru biletele online de loterie","item":"https:\/\/redfoxlotto.com\/ro\/informatie\/"},{"@type":"ListItem","position":3,"name":"Informa\u021bii despre El Gordo"}]},{"@type":"WebSite","@id":"https:\/\/redfoxlotto.com\/ro\/#website","url":"https:\/\/redfoxlotto.com\/ro\/","name":"Get Tickets for the World\u2019s largest jackpots","description":"Participate in worldwide lottery jackpots from any country","publisher":{"@id":"https:\/\/redfoxlotto.com\/ro\/#organization"},"potentialAction":[{"@type":"SearchAction","target":{"@type":"EntryPoint","urlTemplate":"https:\/\/redfoxlotto.com\/ro\/?s={search_term_string}"},"query-input":{"@type":"PropertyValueSpecification","valueRequired":true,"valueName":"search_term_string"}}],"inLanguage":"ro-RO"},{"@type":"Organization","@id":"https:\/\/redfoxlotto.com\/ro\/#organization","name":"Get Tickets for the World\u2019s largest jackpots","url":"https:\/\/redfoxlotto.com\/ro\/","logo":{"@type":"ImageObject","inLanguage":"ro-RO","@id":"https:\/\/redfoxlotto.com\/ro\/#\/schema\/logo\/image\/","url":"https:\/\/redfoxlotto.com\/wp-content\/uploads\/2023\/04\/logo.png","contentUrl":"https:\/\/redfoxlotto.com\/wp-content\/uploads\/2023\/04\/logo.png","width":269,"height":53,"caption":"Get Tickets for the World\u2019s largest jackpots"},"image":{"@id":"https:\/\/redfoxlotto.com\/ro\/#\/schema\/logo\/image\/"}}]}},"_links":{"self":[{"href":"https:\/\/redfoxlotto.com\/ro\/wp-json\/wp\/v2\/pages\/3082","targetHints":{"allow":["GET"]}}],"collection":[{"href":"https:\/\/redfoxlotto.com\/ro\/wp-json\/wp\/v2\/pages"}],"about":[{"href":"https:\/\/redfoxlotto.com\/ro\/wp-json\/wp\/v2\/types\/page"}],"author":[{"embeddable":true,"href":"https:\/\/redfoxlotto.com\/ro\/wp-json\/wp\/v2\/users\/1"}],"replies":[{"embeddable":true,"href":"https:\/\/redfoxlotto.com\/ro\/wp-json\/wp\/v2\/comments?post=3082"}],"version-history":[{"count":0,"href":"https:\/\/redfoxlotto.com\/ro\/wp-json\/wp\/v2\/pages\/3082\/revisions"}],"up":[{"embeddable":true,"href":"https:\/\/redfoxlotto.com\/ro\/wp-json\/wp\/v2\/pages\/2834"}],"wp:attachment":[{"href":"https:\/\/redfoxlotto.com\/ro\/wp-json\/wp\/v2\/media?parent=3082"}],"curies":[{"name":"wp","href":"https:\/\/api.w.org\/{rel}","templated":true}]}}