{"id":3072,"date":"2019-11-20T11:24:49","date_gmt":"2019-11-20T11:24:49","guid":{"rendered":"https:\/\/redfoxlotto.com\/?page_id=3072"},"modified":"2019-09-29T21:09:18","modified_gmt":"2019-09-29T20:09:18","slug":"la-primitiva","status":"publish","type":"page","link":"https:\/\/redfoxlotto.com\/ro\/rezultate\/la-primitiva\/","title":{"rendered":"Numerele c\u00e2\u0219tig\u0103toare La Primitiva"},"content":{"rendered":"<p>Extragerea la La Primitiva, cea mai mare loterie Spaniol\u0103, are loc \u00een fiecare zi de duminic\u0103, la ora 13:00. Imediat dup\u0103 finalizarea extragerii, ve\u021bi putea <a href=\"https:\/\/redfoxlotto.com\/ro\/numere-castigatoare-rezultatele-euromillions\/\">verifica numerele c\u00e2\u0219tig\u0103toare<\/a> chiar aici, pe RedFoxLotto.com.<br> Asigura\u021bi-v\u0103 c\u0103 v\u0103 ve\u021bi compara numerele de pe bilet cu cele c\u00e2\u0219tig\u0103toare, pentru a \u0219ti dac\u0103 a\u021bi c\u0103\u0219tigat sau nu.<\/p><p><img loading=\"lazy\" decoding=\"async\" class=\" wp-image alignright\" src=\"https:\/\/content.redfoxlotto.com\/uploads\/sites\/9\/1_results_lottery_online5.jpg\" alt=\"result lotto\" width=\"255\" height=\"170\" \/><\/p><p>Dac\u0103 ve\u021bi avea un <a href=\"https:\/\/redfoxlotto.com\/ro\/informatie\/el-gordo-primitiva\/\">bilet la La Primitiva <\/a>care a fost achizi\u021bionat cu ajutorul nostru, v\u0103 vom notifica \u00een cazul \u00een care ve\u021bi c\u00e2\u0219tiga. Ve\u021bi primi un e-mail din parte noastr\u0103 cu c\u00e2teva instruc\u021biuni. Fi\u021bi siguri c\u0103 e-mailurile noastre nu vor ajunge \u00een cutia spam. Pentru a ne asigura c\u0103 informa\u021biile referitoare la c\u00e2\u0219tigurile dumnevoastr\u0103 vor fi primite, v\u0103 suger\u0103m s\u0103 ad\u0103uga\u021bi RedFoxLotto.com \u00een lista de e-mail a furnizorului.<\/p><p><img loading=\"lazy\" decoding=\"async\" class=\" wp-image alignright\" src=\"https:\/\/content.redfoxlotto.com\/uploads\/sites\/9\/1_lottery_numbers_online.jpg\" alt=\"La Primitiva\" width=\"268\" height=\"128\" \/><\/p><p>Numerele c\u00e2\u0219tig\u0103toare la for La Primitiva vor consta \u00een 5 numere \u00eentre 1 \u0219i 54, plus un num\u0103r \u00eentre 0 \u0219i 9. 5+1 v\u0103 va oferi un jackpot c\u00e2\u0219tig\u0103tor \u0219i milionar. Chiar \u0219i primele cinci numere v\u0103 vor aduce mul\u021bi bani.<\/p>","protected":false},"excerpt":{"rendered":"<p>Extragerea la La Primitiva, cea mai mare loterie Spaniol\u0103, are loc \u00een fiecare zi de duminic\u0103, la ora 13:00. Imediat dup\u0103 finalizarea extragerii, ve\u021bi putea verifica numerele c\u00e2\u0219tig\u0103toare chiar aici, pe RedFoxLotto.com. Asigura\u021bi-v\u0103 c\u0103 v\u0103 ve\u021bi compara numerele de pe bilet cu cele c\u00e2\u0219tig\u0103toare, pentru a \u0219ti dac\u0103 a\u021bi c\u0103\u0219tigat sau nu. Dac\u0103 ve\u021bi avea [&hellip;]<\/p>\n","protected":false},"author":1,"featured_media":0,"parent":2842,"menu_order":7,"comment_status":"closed","ping_status":"closed","template":"la-primitiva-results.php","meta":{"_et_pb_use_builder":"","_et_pb_old_content":"","_et_gb_content_width":"","exclude_from_search":false,"footnotes":""},"class_list":["post-3072","page","type-page","status-publish","hentry"],"yoast_head":"<!-- This site is optimized with the Yoast SEO plugin v27.3 - https:\/\/yoast.com\/product\/yoast-seo-wordpress\/ -->\n<title>Numerele c\u00e2\u0219tig\u0103toare \u0219i rezultatele la Loteria Spaniol\u0103 La Primitiva<\/title>\n<meta name=\"description\" content=\"Verifica\u021bi dac\u0103 biletul dumneavoastr\u0103 La Primitiva este c\u00e2\u0219tig\u0103tor, verifica\u021bi aici numerele c\u00e2\u0219tig\u0103toare!\" \/>\n<meta name=\"robots\" content=\"index, follow, max-snippet:-1, max-image-preview:large, max-video-preview:-1\" \/>\n<link rel=\"canonical\" href=\"https:\/\/redfoxlotto.com\/ro\/rezultate\/la-primitiva\/\" \/>\n<meta property=\"og:locale\" content=\"ro_RO\" \/>\n<meta property=\"og:type\" content=\"article\" \/>\n<meta property=\"og:title\" content=\"Numerele c\u00e2\u0219tig\u0103toare \u0219i rezultatele la Loteria Spaniol\u0103 La Primitiva\" \/>\n<meta property=\"og:description\" content=\"Verifica\u021bi dac\u0103 biletul dumneavoastr\u0103 La Primitiva este c\u00e2\u0219tig\u0103tor, verifica\u021bi aici numerele c\u00e2\u0219tig\u0103toare!\" \/>\n<meta property=\"og:url\" content=\"https:\/\/redfoxlotto.com\/ro\/rezultate\/la-primitiva\/\" \/>\n<meta property=\"og:site_name\" content=\"Get Tickets for the World\u2019s largest jackpots\" \/>\n<meta property=\"og:image\" content=\"https:\/\/content.redfoxlotto.com\/uploads\/sites\/9\/1_results_lottery_online5.jpg\" \/>\n<meta name=\"twitter:card\" content=\"summary_large_image\" \/>\n<meta name=\"twitter:label1\" content=\"Timp estimat pentru citire\" \/>\n\t<meta name=\"twitter:data1\" content=\"2 minute\" \/>\n<script type=\"application\/ld+json\" class=\"yoast-schema-graph\">{\"@context\":\"https:\\\/\\\/schema.org\",\"@graph\":[{\"@type\":\"WebPage\",\"@id\":\"https:\\\/\\\/redfoxlotto.com\\\/ro\\\/rezultate\\\/la-primitiva\\\/\",\"url\":\"https:\\\/\\\/redfoxlotto.com\\\/ro\\\/rezultate\\\/la-primitiva\\\/\",\"name\":\"Numerele c\u00e2\u0219tig\u0103toare \u0219i rezultatele la Loteria Spaniol\u0103 La Primitiva\",\"isPartOf\":{\"@id\":\"https:\\\/\\\/redfoxlotto.com\\\/ro\\\/#website\"},\"primaryImageOfPage\":{\"@id\":\"https:\\\/\\\/redfoxlotto.com\\\/ro\\\/rezultate\\\/la-primitiva\\\/#primaryimage\"},\"image\":{\"@id\":\"https:\\\/\\\/redfoxlotto.com\\\/ro\\\/rezultate\\\/la-primitiva\\\/#primaryimage\"},\"thumbnailUrl\":\"https:\\\/\\\/content.redfoxlotto.com\\\/uploads\\\/sites\\\/9\\\/1_results_lottery_online5.jpg\",\"datePublished\":\"2019-11-20T11:24:49+00:00\",\"description\":\"Verifica\u021bi dac\u0103 biletul dumneavoastr\u0103 La Primitiva este c\u00e2\u0219tig\u0103tor, verifica\u021bi aici numerele c\u00e2\u0219tig\u0103toare!\",\"breadcrumb\":{\"@id\":\"https:\\\/\\\/redfoxlotto.com\\\/ro\\\/rezultate\\\/la-primitiva\\\/#breadcrumb\"},\"inLanguage\":\"ro-RO\",\"potentialAction\":[{\"@type\":\"ReadAction\",\"target\":[\"https:\\\/\\\/redfoxlotto.com\\\/ro\\\/rezultate\\\/la-primitiva\\\/\"]}]},{\"@type\":\"ImageObject\",\"inLanguage\":\"ro-RO\",\"@id\":\"https:\\\/\\\/redfoxlotto.com\\\/ro\\\/rezultate\\\/la-primitiva\\\/#primaryimage\",\"url\":\"https:\\\/\\\/content.redfoxlotto.com\\\/uploads\\\/sites\\\/9\\\/1_results_lottery_online5.jpg\",\"contentUrl\":\"https:\\\/\\\/content.redfoxlotto.com\\\/uploads\\\/sites\\\/9\\\/1_results_lottery_online5.jpg\"},{\"@type\":\"BreadcrumbList\",\"@id\":\"https:\\\/\\\/redfoxlotto.com\\\/ro\\\/rezultate\\\/la-primitiva\\\/#breadcrumb\",\"itemListElement\":[{\"@type\":\"ListItem\",\"position\":1,\"name\":\"Home\",\"item\":\"https:\\\/\\\/redfoxlotto.com\\\/ro\\\/\"},{\"@type\":\"ListItem\",\"position\":2,\"name\":\"Rezultate la loteria Interna\u021bional\u0103\",\"item\":\"https:\\\/\\\/redfoxlotto.com\\\/ro\\\/rezultate\\\/\"},{\"@type\":\"ListItem\",\"position\":3,\"name\":\"Numerele c\u00e2\u0219tig\u0103toare La Primitiva\"}]},{\"@type\":\"WebSite\",\"@id\":\"https:\\\/\\\/redfoxlotto.com\\\/ro\\\/#website\",\"url\":\"https:\\\/\\\/redfoxlotto.com\\\/ro\\\/\",\"name\":\"Get Tickets for the World\u2019s largest jackpots\",\"description\":\"Participate in worldwide lottery jackpots from any country\",\"publisher\":{\"@id\":\"https:\\\/\\\/redfoxlotto.com\\\/ro\\\/#organization\"},\"potentialAction\":[{\"@type\":\"SearchAction\",\"target\":{\"@type\":\"EntryPoint\",\"urlTemplate\":\"https:\\\/\\\/redfoxlotto.com\\\/ro\\\/?s={search_term_string}\"},\"query-input\":{\"@type\":\"PropertyValueSpecification\",\"valueRequired\":true,\"valueName\":\"search_term_string\"}}],\"inLanguage\":\"ro-RO\"},{\"@type\":\"Organization\",\"@id\":\"https:\\\/\\\/redfoxlotto.com\\\/ro\\\/#organization\",\"name\":\"Get Tickets for the World\u2019s largest jackpots\",\"url\":\"https:\\\/\\\/redfoxlotto.com\\\/ro\\\/\",\"logo\":{\"@type\":\"ImageObject\",\"inLanguage\":\"ro-RO\",\"@id\":\"https:\\\/\\\/redfoxlotto.com\\\/ro\\\/#\\\/schema\\\/logo\\\/image\\\/\",\"url\":\"https:\\\/\\\/redfoxlotto.com\\\/wp-content\\\/uploads\\\/2023\\\/04\\\/logo.png\",\"contentUrl\":\"https:\\\/\\\/redfoxlotto.com\\\/wp-content\\\/uploads\\\/2023\\\/04\\\/logo.png\",\"width\":269,\"height\":53,\"caption\":\"Get Tickets for the World\u2019s largest jackpots\"},\"image\":{\"@id\":\"https:\\\/\\\/redfoxlotto.com\\\/ro\\\/#\\\/schema\\\/logo\\\/image\\\/\"}}]}<\/script>\n<!-- \/ Yoast SEO plugin. -->","yoast_head_json":{"title":"Numerele c\u00e2\u0219tig\u0103toare \u0219i rezultatele la Loteria Spaniol\u0103 La Primitiva","description":"Verifica\u021bi dac\u0103 biletul dumneavoastr\u0103 La Primitiva este c\u00e2\u0219tig\u0103tor, verifica\u021bi aici numerele c\u00e2\u0219tig\u0103toare!","robots":{"index":"index","follow":"follow","max-snippet":"max-snippet:-1","max-image-preview":"max-image-preview:large","max-video-preview":"max-video-preview:-1"},"canonical":"https:\/\/redfoxlotto.com\/ro\/rezultate\/la-primitiva\/","og_locale":"ro_RO","og_type":"article","og_title":"Numerele c\u00e2\u0219tig\u0103toare \u0219i rezultatele la Loteria Spaniol\u0103 La Primitiva","og_description":"Verifica\u021bi dac\u0103 biletul dumneavoastr\u0103 La Primitiva este c\u00e2\u0219tig\u0103tor, verifica\u021bi aici numerele c\u00e2\u0219tig\u0103toare!","og_url":"https:\/\/redfoxlotto.com\/ro\/rezultate\/la-primitiva\/","og_site_name":"Get Tickets for the World\u2019s largest jackpots","og_image":[{"url":"https:\/\/content.redfoxlotto.com\/uploads\/sites\/9\/1_results_lottery_online5.jpg","type":"","width":"","height":""}],"twitter_card":"summary_large_image","twitter_misc":{"Timp estimat pentru citire":"2 minute"},"schema":{"@context":"https:\/\/schema.org","@graph":[{"@type":"WebPage","@id":"https:\/\/redfoxlotto.com\/ro\/rezultate\/la-primitiva\/","url":"https:\/\/redfoxlotto.com\/ro\/rezultate\/la-primitiva\/","name":"Numerele c\u00e2\u0219tig\u0103toare \u0219i rezultatele la Loteria Spaniol\u0103 La Primitiva","isPartOf":{"@id":"https:\/\/redfoxlotto.com\/ro\/#website"},"primaryImageOfPage":{"@id":"https:\/\/redfoxlotto.com\/ro\/rezultate\/la-primitiva\/#primaryimage"},"image":{"@id":"https:\/\/redfoxlotto.com\/ro\/rezultate\/la-primitiva\/#primaryimage"},"thumbnailUrl":"https:\/\/content.redfoxlotto.com\/uploads\/sites\/9\/1_results_lottery_online5.jpg","datePublished":"2019-11-20T11:24:49+00:00","description":"Verifica\u021bi dac\u0103 biletul dumneavoastr\u0103 La Primitiva este c\u00e2\u0219tig\u0103tor, verifica\u021bi aici numerele c\u00e2\u0219tig\u0103toare!","breadcrumb":{"@id":"https:\/\/redfoxlotto.com\/ro\/rezultate\/la-primitiva\/#breadcrumb"},"inLanguage":"ro-RO","potentialAction":[{"@type":"ReadAction","target":["https:\/\/redfoxlotto.com\/ro\/rezultate\/la-primitiva\/"]}]},{"@type":"ImageObject","inLanguage":"ro-RO","@id":"https:\/\/redfoxlotto.com\/ro\/rezultate\/la-primitiva\/#primaryimage","url":"https:\/\/content.redfoxlotto.com\/uploads\/sites\/9\/1_results_lottery_online5.jpg","contentUrl":"https:\/\/content.redfoxlotto.com\/uploads\/sites\/9\/1_results_lottery_online5.jpg"},{"@type":"BreadcrumbList","@id":"https:\/\/redfoxlotto.com\/ro\/rezultate\/la-primitiva\/#breadcrumb","itemListElement":[{"@type":"ListItem","position":1,"name":"Home","item":"https:\/\/redfoxlotto.com\/ro\/"},{"@type":"ListItem","position":2,"name":"Rezultate la loteria Interna\u021bional\u0103","item":"https:\/\/redfoxlotto.com\/ro\/rezultate\/"},{"@type":"ListItem","position":3,"name":"Numerele c\u00e2\u0219tig\u0103toare La Primitiva"}]},{"@type":"WebSite","@id":"https:\/\/redfoxlotto.com\/ro\/#website","url":"https:\/\/redfoxlotto.com\/ro\/","name":"Get Tickets for the World\u2019s largest jackpots","description":"Participate in worldwide lottery jackpots from any country","publisher":{"@id":"https:\/\/redfoxlotto.com\/ro\/#organization"},"potentialAction":[{"@type":"SearchAction","target":{"@type":"EntryPoint","urlTemplate":"https:\/\/redfoxlotto.com\/ro\/?s={search_term_string}"},"query-input":{"@type":"PropertyValueSpecification","valueRequired":true,"valueName":"search_term_string"}}],"inLanguage":"ro-RO"},{"@type":"Organization","@id":"https:\/\/redfoxlotto.com\/ro\/#organization","name":"Get Tickets for the World\u2019s largest jackpots","url":"https:\/\/redfoxlotto.com\/ro\/","logo":{"@type":"ImageObject","inLanguage":"ro-RO","@id":"https:\/\/redfoxlotto.com\/ro\/#\/schema\/logo\/image\/","url":"https:\/\/redfoxlotto.com\/wp-content\/uploads\/2023\/04\/logo.png","contentUrl":"https:\/\/redfoxlotto.com\/wp-content\/uploads\/2023\/04\/logo.png","width":269,"height":53,"caption":"Get Tickets for the World\u2019s largest jackpots"},"image":{"@id":"https:\/\/redfoxlotto.com\/ro\/#\/schema\/logo\/image\/"}}]}},"_links":{"self":[{"href":"https:\/\/redfoxlotto.com\/ro\/wp-json\/wp\/v2\/pages\/3072","targetHints":{"allow":["GET"]}}],"collection":[{"href":"https:\/\/redfoxlotto.com\/ro\/wp-json\/wp\/v2\/pages"}],"about":[{"href":"https:\/\/redfoxlotto.com\/ro\/wp-json\/wp\/v2\/types\/page"}],"author":[{"embeddable":true,"href":"https:\/\/redfoxlotto.com\/ro\/wp-json\/wp\/v2\/users\/1"}],"replies":[{"embeddable":true,"href":"https:\/\/redfoxlotto.com\/ro\/wp-json\/wp\/v2\/comments?post=3072"}],"version-history":[{"count":0,"href":"https:\/\/redfoxlotto.com\/ro\/wp-json\/wp\/v2\/pages\/3072\/revisions"}],"up":[{"embeddable":true,"href":"https:\/\/redfoxlotto.com\/ro\/wp-json\/wp\/v2\/pages\/2842"}],"wp:attachment":[{"href":"https:\/\/redfoxlotto.com\/ro\/wp-json\/wp\/v2\/media?parent=3072"}],"curies":[{"name":"wp","href":"https:\/\/api.w.org\/{rel}","templated":true}]}}