{"id":3071,"date":"2018-11-18T08:54:25","date_gmt":"2018-11-18T08:54:25","guid":{"rendered":"https:\/\/redfoxlotto.com\/?page_id=3071"},"modified":"2019-09-29T21:08:08","modified_gmt":"2019-09-29T20:08:08","slug":"el-gordo-primitiva","status":"publish","type":"page","link":"https:\/\/redfoxlotto.com\/ro\/rezultate\/el-gordo-primitiva\/","title":{"rendered":"Rezultate El Gordo"},"content":{"rendered":"<p>Atunci c\u00e2nd v\u0103 ve\u021bi juca la <a href=\"https:\/\/redfoxlotto.com\/ro\/joaca\/el-gordo-primitiva\/\">loteria Spaniol\u0103 El Gordo,<\/a> loteria de Cr\u0103ciun, preg\u0103ti\u021bi-v\u0103 pentru o extragere special\u0103. \u00centr-o ceremonie de trei ore, care \u00eencepe pe 22 Decembrie, \u00een fiecare an, numerele c\u00e2\u0219tig\u0103toare vor fi astfel extrase. \u00centreaga procedur\u0103 este televizat\u0103 live. Vor exista dou\u0103 tobe aurii, de mari dimensiuni, una dintrea acestea con\u021bin\u00e2nd numerele \u00eentre 00000 \u0219i 99999, iar cealalt\u0103 con\u021bin\u00e2nd bilele pe care este inscrip\u021bionat tipul de c\u00e2\u0219tig.<\/p><p><img decoding=\"async\" class=\"size-full wp-image alignright\" src=\"https:\/\/content.redfoxlotto.com\/uploads\/sites\/9\/1_results_draw_numbers.jpg\" alt=\"result lotto\"><\/p><p>Rezultatul nu va fi o combina\u021bie de numere, \u00eens\u0103 fiecare bilet va con\u021bine un singur num\u0103r din cinci cifre. Cu un pre\u021b de 200 \u20ac pentru fiecare bilet, majoritatea participan\u021bilor achizi\u021bioneaz\u0103 un \u201edecimo\u201d, care reprezint\u0103 o zecime din bilet. Prin urmare, majoritatea premiilor sunt \u00eemp\u0103r\u021bite. \u0218i adesea, familiile achizi\u021bioneaz\u0103 \u00eempreun\u0103 un bilet complet, iar atunci c\u00e2nd num\u0103rul lor c\u00e2\u0219tig\u0103, \u00eentreaga familie va c\u00e2\u0219tiga ceva. Acest lucru face ca aceast\u0103 loterie s\u0103 fie at\u00e2t de popular\u0103.<\/p><p><img loading=\"lazy\" decoding=\"async\" class=\" wp-image alignright\" src=\"https:\/\/content.redfoxlotto.com\/uploads\/sites\/9\/1_lottery_winning_numbers_3.jpg\" alt=\"Numere c\u00e2\u0219tig\u0103toare El Gordo\" width=\"269\" height=\"179\" \/><\/p><p>Nu vor fi afi\u0219ate pur \u0219i simplu, ci vor fi \u0219i fredonate de un cor de copii de la \u0219coala San Ildefenso din Madrid. Orice num\u0103r c\u00e2\u0219tig\u0103tor a\u021bi avea, emo\u021biile vor fi prezente p\u00e2n\u0103 \u00een ultimul moment. Nu v\u0103 pierde\u021bi speran\u021ba p\u00e2n\u0103 c\u00e2nd ultimul num\u0103r c\u00e2\u0219tig\u0103tor nu a fost extras.<\/p>","protected":false},"excerpt":{"rendered":"<p>Atunci c\u00e2nd v\u0103 ve\u021bi juca la loteria Spaniol\u0103 El Gordo, loteria de Cr\u0103ciun, preg\u0103ti\u021bi-v\u0103 pentru o extragere special\u0103. \u00centr-o ceremonie de trei ore, care \u00eencepe pe 22 Decembrie, \u00een fiecare an, numerele c\u00e2\u0219tig\u0103toare vor fi astfel extrase. \u00centreaga procedur\u0103 este televizat\u0103 live. Vor exista dou\u0103 tobe aurii, de mari dimensiuni, una dintrea acestea con\u021bin\u00e2nd numerele [&hellip;]<\/p>\n","protected":false},"author":1,"featured_media":0,"parent":2842,"menu_order":6,"comment_status":"closed","ping_status":"closed","template":"el-gordo-results.php","meta":{"_et_pb_use_builder":"","_et_pb_old_content":"","_et_gb_content_width":"","exclude_from_search":false,"footnotes":""},"class_list":["post-3071","page","type-page","status-publish","hentry"],"yoast_head":"<!-- This site is optimized with the Yoast SEO plugin v23.8 - https:\/\/yoast.com\/wordpress\/plugins\/seo\/ -->\n<title>Rezultatele Loteriei Spaniole El Gordo<\/title>\n<meta name=\"description\" content=\"El Gordo, versiunea de Cr\u0103ciun a loterie La Primitiva - rezultatele sale sunt afi\u0219ate printr-un eveniment special!\" \/>\n<meta name=\"robots\" content=\"index, follow, max-snippet:-1, max-image-preview:large, max-video-preview:-1\" \/>\n<link rel=\"canonical\" href=\"https:\/\/redfoxlotto.com\/ro\/rezultate\/el-gordo-primitiva\/\" \/>\n<meta property=\"og:locale\" content=\"ro_RO\" \/>\n<meta property=\"og:type\" content=\"article\" \/>\n<meta property=\"og:title\" content=\"Rezultatele Loteriei Spaniole El Gordo\" \/>\n<meta property=\"og:description\" content=\"El Gordo, versiunea de Cr\u0103ciun a loterie La Primitiva - rezultatele sale sunt afi\u0219ate printr-un eveniment special!\" \/>\n<meta property=\"og:url\" content=\"https:\/\/redfoxlotto.com\/ro\/rezultate\/el-gordo-primitiva\/\" \/>\n<meta property=\"og:site_name\" content=\"Get Tickets for the World\u2019s largest jackpots\" \/>\n<meta property=\"article:modified_time\" content=\"2019-09-29T20:08:08+00:00\" \/>\n<meta property=\"og:image\" content=\"https:\/\/content.redfoxlotto.com\/uploads\/sites\/9\/1_results_draw_numbers.jpg\" \/>\n<meta name=\"twitter:card\" content=\"summary_large_image\" \/>\n<meta name=\"twitter:label1\" content=\"Timp estimat pentru citire\" \/>\n\t<meta name=\"twitter:data1\" content=\"2 minute\" \/>\n<script type=\"application\/ld+json\" class=\"yoast-schema-graph\">{\"@context\":\"https:\/\/schema.org\",\"@graph\":[{\"@type\":\"WebPage\",\"@id\":\"https:\/\/redfoxlotto.com\/ro\/rezultate\/el-gordo-primitiva\/\",\"url\":\"https:\/\/redfoxlotto.com\/ro\/rezultate\/el-gordo-primitiva\/\",\"name\":\"Rezultatele Loteriei Spaniole El Gordo\",\"isPartOf\":{\"@id\":\"https:\/\/redfoxlotto.com\/ro\/#website\"},\"primaryImageOfPage\":{\"@id\":\"https:\/\/redfoxlotto.com\/ro\/rezultate\/el-gordo-primitiva\/#primaryimage\"},\"image\":{\"@id\":\"https:\/\/redfoxlotto.com\/ro\/rezultate\/el-gordo-primitiva\/#primaryimage\"},\"thumbnailUrl\":\"https:\/\/content.redfoxlotto.com\/uploads\/sites\/9\/1_results_draw_numbers.jpg\",\"datePublished\":\"2018-11-18T08:54:25+00:00\",\"dateModified\":\"2019-09-29T20:08:08+00:00\",\"description\":\"El Gordo, versiunea de Cr\u0103ciun a loterie La Primitiva - rezultatele sale sunt afi\u0219ate printr-un eveniment special!\",\"breadcrumb\":{\"@id\":\"https:\/\/redfoxlotto.com\/ro\/rezultate\/el-gordo-primitiva\/#breadcrumb\"},\"inLanguage\":\"ro-RO\",\"potentialAction\":[{\"@type\":\"ReadAction\",\"target\":[\"https:\/\/redfoxlotto.com\/ro\/rezultate\/el-gordo-primitiva\/\"]}]},{\"@type\":\"ImageObject\",\"inLanguage\":\"ro-RO\",\"@id\":\"https:\/\/redfoxlotto.com\/ro\/rezultate\/el-gordo-primitiva\/#primaryimage\",\"url\":\"https:\/\/content.redfoxlotto.com\/uploads\/sites\/9\/1_results_draw_numbers.jpg\",\"contentUrl\":\"https:\/\/content.redfoxlotto.com\/uploads\/sites\/9\/1_results_draw_numbers.jpg\"},{\"@type\":\"BreadcrumbList\",\"@id\":\"https:\/\/redfoxlotto.com\/ro\/rezultate\/el-gordo-primitiva\/#breadcrumb\",\"itemListElement\":[{\"@type\":\"ListItem\",\"position\":1,\"name\":\"Home\",\"item\":\"https:\/\/redfoxlotto.com\/ro\/\"},{\"@type\":\"ListItem\",\"position\":2,\"name\":\"Rezultate la loteria Interna\u021bional\u0103\",\"item\":\"https:\/\/redfoxlotto.com\/ro\/rezultate\/\"},{\"@type\":\"ListItem\",\"position\":3,\"name\":\"Rezultate El Gordo\"}]},{\"@type\":\"WebSite\",\"@id\":\"https:\/\/redfoxlotto.com\/ro\/#website\",\"url\":\"https:\/\/redfoxlotto.com\/ro\/\",\"name\":\"Get Tickets for the World\u2019s largest jackpots\",\"description\":\"Participate in worldwide lottery jackpots from any country\",\"publisher\":{\"@id\":\"https:\/\/redfoxlotto.com\/ro\/#organization\"},\"potentialAction\":[{\"@type\":\"SearchAction\",\"target\":{\"@type\":\"EntryPoint\",\"urlTemplate\":\"https:\/\/redfoxlotto.com\/ro\/?s={search_term_string}\"},\"query-input\":{\"@type\":\"PropertyValueSpecification\",\"valueRequired\":true,\"valueName\":\"search_term_string\"}}],\"inLanguage\":\"ro-RO\"},{\"@type\":\"Organization\",\"@id\":\"https:\/\/redfoxlotto.com\/ro\/#organization\",\"name\":\"Get Tickets for the World\u2019s largest jackpots\",\"url\":\"https:\/\/redfoxlotto.com\/ro\/\",\"logo\":{\"@type\":\"ImageObject\",\"inLanguage\":\"ro-RO\",\"@id\":\"https:\/\/redfoxlotto.com\/ro\/#\/schema\/logo\/image\/\",\"url\":\"https:\/\/redfoxlotto.com\/wp-content\/uploads\/2023\/04\/logo.png\",\"contentUrl\":\"https:\/\/redfoxlotto.com\/wp-content\/uploads\/2023\/04\/logo.png\",\"width\":269,\"height\":53,\"caption\":\"Get Tickets for the World\u2019s largest jackpots\"},\"image\":{\"@id\":\"https:\/\/redfoxlotto.com\/ro\/#\/schema\/logo\/image\/\"}}]}<\/script>\n<!-- \/ Yoast SEO plugin. -->","yoast_head_json":{"title":"Rezultatele Loteriei Spaniole El Gordo","description":"El Gordo, versiunea de Cr\u0103ciun a loterie La Primitiva - rezultatele sale sunt afi\u0219ate printr-un eveniment special!","robots":{"index":"index","follow":"follow","max-snippet":"max-snippet:-1","max-image-preview":"max-image-preview:large","max-video-preview":"max-video-preview:-1"},"canonical":"https:\/\/redfoxlotto.com\/ro\/rezultate\/el-gordo-primitiva\/","og_locale":"ro_RO","og_type":"article","og_title":"Rezultatele Loteriei Spaniole El Gordo","og_description":"El Gordo, versiunea de Cr\u0103ciun a loterie La Primitiva - rezultatele sale sunt afi\u0219ate printr-un eveniment special!","og_url":"https:\/\/redfoxlotto.com\/ro\/rezultate\/el-gordo-primitiva\/","og_site_name":"Get Tickets for the World\u2019s largest jackpots","article_modified_time":"2019-09-29T20:08:08+00:00","og_image":[{"url":"https:\/\/content.redfoxlotto.com\/uploads\/sites\/9\/1_results_draw_numbers.jpg"}],"twitter_card":"summary_large_image","twitter_misc":{"Timp estimat pentru citire":"2 minute"},"schema":{"@context":"https:\/\/schema.org","@graph":[{"@type":"WebPage","@id":"https:\/\/redfoxlotto.com\/ro\/rezultate\/el-gordo-primitiva\/","url":"https:\/\/redfoxlotto.com\/ro\/rezultate\/el-gordo-primitiva\/","name":"Rezultatele Loteriei Spaniole El Gordo","isPartOf":{"@id":"https:\/\/redfoxlotto.com\/ro\/#website"},"primaryImageOfPage":{"@id":"https:\/\/redfoxlotto.com\/ro\/rezultate\/el-gordo-primitiva\/#primaryimage"},"image":{"@id":"https:\/\/redfoxlotto.com\/ro\/rezultate\/el-gordo-primitiva\/#primaryimage"},"thumbnailUrl":"https:\/\/content.redfoxlotto.com\/uploads\/sites\/9\/1_results_draw_numbers.jpg","datePublished":"2018-11-18T08:54:25+00:00","dateModified":"2019-09-29T20:08:08+00:00","description":"El Gordo, versiunea de Cr\u0103ciun a loterie La Primitiva - rezultatele sale sunt afi\u0219ate printr-un eveniment special!","breadcrumb":{"@id":"https:\/\/redfoxlotto.com\/ro\/rezultate\/el-gordo-primitiva\/#breadcrumb"},"inLanguage":"ro-RO","potentialAction":[{"@type":"ReadAction","target":["https:\/\/redfoxlotto.com\/ro\/rezultate\/el-gordo-primitiva\/"]}]},{"@type":"ImageObject","inLanguage":"ro-RO","@id":"https:\/\/redfoxlotto.com\/ro\/rezultate\/el-gordo-primitiva\/#primaryimage","url":"https:\/\/content.redfoxlotto.com\/uploads\/sites\/9\/1_results_draw_numbers.jpg","contentUrl":"https:\/\/content.redfoxlotto.com\/uploads\/sites\/9\/1_results_draw_numbers.jpg"},{"@type":"BreadcrumbList","@id":"https:\/\/redfoxlotto.com\/ro\/rezultate\/el-gordo-primitiva\/#breadcrumb","itemListElement":[{"@type":"ListItem","position":1,"name":"Home","item":"https:\/\/redfoxlotto.com\/ro\/"},{"@type":"ListItem","position":2,"name":"Rezultate la loteria Interna\u021bional\u0103","item":"https:\/\/redfoxlotto.com\/ro\/rezultate\/"},{"@type":"ListItem","position":3,"name":"Rezultate El Gordo"}]},{"@type":"WebSite","@id":"https:\/\/redfoxlotto.com\/ro\/#website","url":"https:\/\/redfoxlotto.com\/ro\/","name":"Get Tickets for the World\u2019s largest jackpots","description":"Participate in worldwide lottery jackpots from any country","publisher":{"@id":"https:\/\/redfoxlotto.com\/ro\/#organization"},"potentialAction":[{"@type":"SearchAction","target":{"@type":"EntryPoint","urlTemplate":"https:\/\/redfoxlotto.com\/ro\/?s={search_term_string}"},"query-input":{"@type":"PropertyValueSpecification","valueRequired":true,"valueName":"search_term_string"}}],"inLanguage":"ro-RO"},{"@type":"Organization","@id":"https:\/\/redfoxlotto.com\/ro\/#organization","name":"Get Tickets for the World\u2019s largest jackpots","url":"https:\/\/redfoxlotto.com\/ro\/","logo":{"@type":"ImageObject","inLanguage":"ro-RO","@id":"https:\/\/redfoxlotto.com\/ro\/#\/schema\/logo\/image\/","url":"https:\/\/redfoxlotto.com\/wp-content\/uploads\/2023\/04\/logo.png","contentUrl":"https:\/\/redfoxlotto.com\/wp-content\/uploads\/2023\/04\/logo.png","width":269,"height":53,"caption":"Get Tickets for the World\u2019s largest jackpots"},"image":{"@id":"https:\/\/redfoxlotto.com\/ro\/#\/schema\/logo\/image\/"}}]}},"_links":{"self":[{"href":"https:\/\/redfoxlotto.com\/ro\/wp-json\/wp\/v2\/pages\/3071","targetHints":{"allow":["GET"]}}],"collection":[{"href":"https:\/\/redfoxlotto.com\/ro\/wp-json\/wp\/v2\/pages"}],"about":[{"href":"https:\/\/redfoxlotto.com\/ro\/wp-json\/wp\/v2\/types\/page"}],"author":[{"embeddable":true,"href":"https:\/\/redfoxlotto.com\/ro\/wp-json\/wp\/v2\/users\/1"}],"replies":[{"embeddable":true,"href":"https:\/\/redfoxlotto.com\/ro\/wp-json\/wp\/v2\/comments?post=3071"}],"version-history":[{"count":0,"href":"https:\/\/redfoxlotto.com\/ro\/wp-json\/wp\/v2\/pages\/3071\/revisions"}],"up":[{"embeddable":true,"href":"https:\/\/redfoxlotto.com\/ro\/wp-json\/wp\/v2\/pages\/2842"}],"wp:attachment":[{"href":"https:\/\/redfoxlotto.com\/ro\/wp-json\/wp\/v2\/media?parent=3071"}],"curies":[{"name":"wp","href":"https:\/\/api.w.org\/{rel}","templated":true}]}}