{"id":3063,"date":"2023-04-24T17:52:16","date_gmt":"2023-04-24T17:52:16","guid":{"rendered":"https:\/\/redfoxlotto.com\/?page_id=3063"},"modified":"2019-09-29T20:55:29","modified_gmt":"2019-09-29T19:55:29","slug":"la-primitiva","status":"publish","type":"page","link":"https:\/\/redfoxlotto.com\/ro\/joaca\/la-primitiva\/","title":{"rendered":"Cum pute\u021bi participa la La Primitiva"},"content":{"rendered":"<h2 class=\"wp-block-heading\">Loteria s\u0103pt\u0103m\u00e2nal\u0103 spaniol\u0103 La Primitiva<\/h2><p><img loading=\"lazy\" decoding=\"async\" class=\" wp-image alignright\" src=\"https:\/\/content.redfoxlotto.com\/uploads\/sites\/9\/1_play_lotto_to_win.jpg\" alt=\"La Primitiva joac\u0103 online\" width=\"227\" height=\"162\" \/><\/p><p>La Primitiva este o loterie Spaniol\u0103, care, de multe ori, este \u00eencurcat\u0103 cu El Gordo. Am\u00e2ndou\u0103 sunt de\u021binute de aceea\u0219i corpora\u021bie. La Primitiva este o loterie s\u0103pt\u0103m\u00e2nal\u0103 Spaniol\u0103, cu extrageri \u00een fiecare zi de joi \u0219i de s\u00e2mb\u0103t\u0103. Trebuie s\u0103 alege\u021bi 6 numere din 49, pentru a v\u0103 completa biletul.<\/p><p>De cealalt\u0103 parte, El Gordo este o versiune de Cr\u0103ciun a aceleia\u0219i <a href=\"https:\/\/redfoxlotto.com\/ro\/\">loterii<\/a>. Aceast\u0103 loterie func\u021bioneaz\u0103 \u00eentr-o manier\u0103 complet diferit\u0103, \u0219i exist\u0103 o singur\u0103 extragere pe an.<\/p><p>Dac\u0103 v\u0103 dori\u021bi s\u0103 achizi\u021biona\u021bi un bilet la La Primitiva din Rom\u00e2nia, ve\u021bi putea face acest lucru direct de pe site-ul nostru. Utiliza\u021bi generatorul nostru de numere aleatorii sau alege\u021bi-v\u0103 singuri numerele pe care le dori\u021bi.<\/p><p><img decoding=\"async\" class=\"size-full wp-image alignright\" src=\"https:\/\/content.redfoxlotto.com\/uploads\/sites\/9\/2_ticket_la_primitiva4.jpg\" alt=\"win La Primitiva\"><\/p><p>Dup\u0103 ce ve\u021bi finaliza comanda de bilete (pute\u021bi s\u0103 ad\u0103uga\u021bi bilete \u0219i la alte loterii), trebuie s\u0103 v\u0103 crea\u021bi un cont client \u0219i s\u0103 realiza\u021bi plata online. Nu uita\u021bi s\u0103 v\u0103 verifica\u021bi e-mailul pentru mesajul care con\u021bine un link prin care \u00eenregistrarea dumneavoastr\u0103 va fi confirmat\u0103. Re\u021bine\u021bi-v\u0103 detaliile de conectare. Cu ajutorul acestor detalii de conectare, ve\u021bi putea s\u0103 v\u0103 verifica\u021bi c\u00e2\u0219tigurile \u00een orice moment.<\/p><p>Bine\u00een\u021beles, ve\u021bi putea mereu s\u0103 v\u0103 \u00eentoarce\u021bi \u0219i s\u0103 v\u0103<a href=\"https:\/\/redfoxlotto.com\/ro\/joaca\/\"> juca\u021bi la mai multe loterii.<\/a> V\u0103 suger\u0103m s\u0103 verifica\u021bi \u00een mod regulat \u0219i s\u0103 v\u0103 informa\u021bi cu privire la cuantumul curent al jackpoturilor.<\/p>","protected":false},"excerpt":{"rendered":"<p>Loteria s\u0103pt\u0103m\u00e2nal\u0103 spaniol\u0103 La Primitiva La Primitiva este o loterie Spaniol\u0103, care, de multe ori, este \u00eencurcat\u0103 cu El Gordo. Am\u00e2ndou\u0103 sunt de\u021binute de aceea\u0219i corpora\u021bie. La Primitiva este o loterie s\u0103pt\u0103m\u00e2nal\u0103 Spaniol\u0103, cu extrageri \u00een fiecare zi de joi \u0219i de s\u00e2mb\u0103t\u0103. Trebuie s\u0103 alege\u021bi 6 numere din 49, pentru a v\u0103 completa biletul. [&hellip;]<\/p>\n","protected":false},"author":1,"featured_media":0,"parent":2852,"menu_order":7,"comment_status":"closed","ping_status":"closed","template":"la-primitiva.php","meta":{"_et_pb_use_builder":"","_et_pb_old_content":"","_et_gb_content_width":"","exclude_from_search":false,"footnotes":""},"class_list":["post-3063","page","type-page","status-publish","hentry"],"yoast_head":"<!-- This site is optimized with the Yoast SEO plugin v23.8 - https:\/\/yoast.com\/wordpress\/plugins\/seo\/ -->\n<title>Juca\u021bi-v\u0103 La Primitiva din Rom\u00e2nia<\/title>\n<meta name=\"description\" content=\"Permite\u021bi-ne s\u0103 v\u0103 ar\u0103t\u0103m cum v\u0103 pute\u021bi juca la Loteria Spaniol\u0103 La Primitiva din Rom\u00e2nia\" \/>\n<meta name=\"robots\" content=\"index, follow, max-snippet:-1, max-image-preview:large, max-video-preview:-1\" \/>\n<link rel=\"canonical\" href=\"https:\/\/redfoxlotto.com\/ro\/joaca\/la-primitiva\/\" \/>\n<meta property=\"og:locale\" content=\"ro_RO\" \/>\n<meta property=\"og:type\" content=\"article\" \/>\n<meta property=\"og:title\" content=\"Juca\u021bi-v\u0103 La Primitiva din Rom\u00e2nia\" \/>\n<meta property=\"og:description\" content=\"Permite\u021bi-ne s\u0103 v\u0103 ar\u0103t\u0103m cum v\u0103 pute\u021bi juca la Loteria Spaniol\u0103 La Primitiva din Rom\u00e2nia\" \/>\n<meta property=\"og:url\" content=\"https:\/\/redfoxlotto.com\/ro\/joaca\/la-primitiva\/\" \/>\n<meta property=\"og:site_name\" content=\"Get Tickets for the World\u2019s largest jackpots\" \/>\n<meta property=\"article:modified_time\" content=\"2019-09-29T19:55:29+00:00\" \/>\n<meta property=\"og:image\" content=\"https:\/\/content.redfoxlotto.com\/uploads\/sites\/9\/1_play_lotto_to_win.jpg\" \/>\n<meta name=\"twitter:card\" content=\"summary_large_image\" \/>\n<meta name=\"twitter:label1\" content=\"Timp estimat pentru citire\" \/>\n\t<meta name=\"twitter:data1\" content=\"2 minute\" \/>\n<script type=\"application\/ld+json\" class=\"yoast-schema-graph\">{\"@context\":\"https:\/\/schema.org\",\"@graph\":[{\"@type\":\"WebPage\",\"@id\":\"https:\/\/redfoxlotto.com\/ro\/joaca\/la-primitiva\/\",\"url\":\"https:\/\/redfoxlotto.com\/ro\/joaca\/la-primitiva\/\",\"name\":\"Juca\u021bi-v\u0103 La Primitiva din Rom\u00e2nia\",\"isPartOf\":{\"@id\":\"https:\/\/redfoxlotto.com\/ro\/#website\"},\"primaryImageOfPage\":{\"@id\":\"https:\/\/redfoxlotto.com\/ro\/joaca\/la-primitiva\/#primaryimage\"},\"image\":{\"@id\":\"https:\/\/redfoxlotto.com\/ro\/joaca\/la-primitiva\/#primaryimage\"},\"thumbnailUrl\":\"https:\/\/content.redfoxlotto.com\/uploads\/sites\/9\/1_play_lotto_to_win.jpg\",\"datePublished\":\"2023-04-24T17:52:16+00:00\",\"dateModified\":\"2019-09-29T19:55:29+00:00\",\"description\":\"Permite\u021bi-ne s\u0103 v\u0103 ar\u0103t\u0103m cum v\u0103 pute\u021bi juca la Loteria Spaniol\u0103 La Primitiva din Rom\u00e2nia\",\"breadcrumb\":{\"@id\":\"https:\/\/redfoxlotto.com\/ro\/joaca\/la-primitiva\/#breadcrumb\"},\"inLanguage\":\"ro-RO\",\"potentialAction\":[{\"@type\":\"ReadAction\",\"target\":[\"https:\/\/redfoxlotto.com\/ro\/joaca\/la-primitiva\/\"]}]},{\"@type\":\"ImageObject\",\"inLanguage\":\"ro-RO\",\"@id\":\"https:\/\/redfoxlotto.com\/ro\/joaca\/la-primitiva\/#primaryimage\",\"url\":\"https:\/\/content.redfoxlotto.com\/uploads\/sites\/9\/1_play_lotto_to_win.jpg\",\"contentUrl\":\"https:\/\/content.redfoxlotto.com\/uploads\/sites\/9\/1_play_lotto_to_win.jpg\"},{\"@type\":\"BreadcrumbList\",\"@id\":\"https:\/\/redfoxlotto.com\/ro\/joaca\/la-primitiva\/#breadcrumb\",\"itemListElement\":[{\"@type\":\"ListItem\",\"position\":1,\"name\":\"Home\",\"item\":\"https:\/\/redfoxlotto.com\/ro\/\"},{\"@type\":\"ListItem\",\"position\":2,\"name\":\"Cum pute\u021bi participa la loteriile interna\u021bionale\",\"item\":\"https:\/\/redfoxlotto.com\/ro\/joaca\/\"},{\"@type\":\"ListItem\",\"position\":3,\"name\":\"Cum pute\u021bi participa la La Primitiva\"}]},{\"@type\":\"WebSite\",\"@id\":\"https:\/\/redfoxlotto.com\/ro\/#website\",\"url\":\"https:\/\/redfoxlotto.com\/ro\/\",\"name\":\"Get Tickets for the World\u2019s largest jackpots\",\"description\":\"Participate in worldwide lottery jackpots from any country\",\"publisher\":{\"@id\":\"https:\/\/redfoxlotto.com\/ro\/#organization\"},\"potentialAction\":[{\"@type\":\"SearchAction\",\"target\":{\"@type\":\"EntryPoint\",\"urlTemplate\":\"https:\/\/redfoxlotto.com\/ro\/?s={search_term_string}\"},\"query-input\":{\"@type\":\"PropertyValueSpecification\",\"valueRequired\":true,\"valueName\":\"search_term_string\"}}],\"inLanguage\":\"ro-RO\"},{\"@type\":\"Organization\",\"@id\":\"https:\/\/redfoxlotto.com\/ro\/#organization\",\"name\":\"Get Tickets for the World\u2019s largest jackpots\",\"url\":\"https:\/\/redfoxlotto.com\/ro\/\",\"logo\":{\"@type\":\"ImageObject\",\"inLanguage\":\"ro-RO\",\"@id\":\"https:\/\/redfoxlotto.com\/ro\/#\/schema\/logo\/image\/\",\"url\":\"https:\/\/redfoxlotto.com\/wp-content\/uploads\/2023\/04\/logo.png\",\"contentUrl\":\"https:\/\/redfoxlotto.com\/wp-content\/uploads\/2023\/04\/logo.png\",\"width\":269,\"height\":53,\"caption\":\"Get Tickets for the World\u2019s largest jackpots\"},\"image\":{\"@id\":\"https:\/\/redfoxlotto.com\/ro\/#\/schema\/logo\/image\/\"}}]}<\/script>\n<!-- \/ Yoast SEO plugin. -->","yoast_head_json":{"title":"Juca\u021bi-v\u0103 La Primitiva din Rom\u00e2nia","description":"Permite\u021bi-ne s\u0103 v\u0103 ar\u0103t\u0103m cum v\u0103 pute\u021bi juca la Loteria Spaniol\u0103 La Primitiva din Rom\u00e2nia","robots":{"index":"index","follow":"follow","max-snippet":"max-snippet:-1","max-image-preview":"max-image-preview:large","max-video-preview":"max-video-preview:-1"},"canonical":"https:\/\/redfoxlotto.com\/ro\/joaca\/la-primitiva\/","og_locale":"ro_RO","og_type":"article","og_title":"Juca\u021bi-v\u0103 La Primitiva din Rom\u00e2nia","og_description":"Permite\u021bi-ne s\u0103 v\u0103 ar\u0103t\u0103m cum v\u0103 pute\u021bi juca la Loteria Spaniol\u0103 La Primitiva din Rom\u00e2nia","og_url":"https:\/\/redfoxlotto.com\/ro\/joaca\/la-primitiva\/","og_site_name":"Get Tickets for the World\u2019s largest jackpots","article_modified_time":"2019-09-29T19:55:29+00:00","og_image":[{"url":"https:\/\/content.redfoxlotto.com\/uploads\/sites\/9\/1_play_lotto_to_win.jpg"}],"twitter_card":"summary_large_image","twitter_misc":{"Timp estimat pentru citire":"2 minute"},"schema":{"@context":"https:\/\/schema.org","@graph":[{"@type":"WebPage","@id":"https:\/\/redfoxlotto.com\/ro\/joaca\/la-primitiva\/","url":"https:\/\/redfoxlotto.com\/ro\/joaca\/la-primitiva\/","name":"Juca\u021bi-v\u0103 La Primitiva din Rom\u00e2nia","isPartOf":{"@id":"https:\/\/redfoxlotto.com\/ro\/#website"},"primaryImageOfPage":{"@id":"https:\/\/redfoxlotto.com\/ro\/joaca\/la-primitiva\/#primaryimage"},"image":{"@id":"https:\/\/redfoxlotto.com\/ro\/joaca\/la-primitiva\/#primaryimage"},"thumbnailUrl":"https:\/\/content.redfoxlotto.com\/uploads\/sites\/9\/1_play_lotto_to_win.jpg","datePublished":"2023-04-24T17:52:16+00:00","dateModified":"2019-09-29T19:55:29+00:00","description":"Permite\u021bi-ne s\u0103 v\u0103 ar\u0103t\u0103m cum v\u0103 pute\u021bi juca la Loteria Spaniol\u0103 La Primitiva din Rom\u00e2nia","breadcrumb":{"@id":"https:\/\/redfoxlotto.com\/ro\/joaca\/la-primitiva\/#breadcrumb"},"inLanguage":"ro-RO","potentialAction":[{"@type":"ReadAction","target":["https:\/\/redfoxlotto.com\/ro\/joaca\/la-primitiva\/"]}]},{"@type":"ImageObject","inLanguage":"ro-RO","@id":"https:\/\/redfoxlotto.com\/ro\/joaca\/la-primitiva\/#primaryimage","url":"https:\/\/content.redfoxlotto.com\/uploads\/sites\/9\/1_play_lotto_to_win.jpg","contentUrl":"https:\/\/content.redfoxlotto.com\/uploads\/sites\/9\/1_play_lotto_to_win.jpg"},{"@type":"BreadcrumbList","@id":"https:\/\/redfoxlotto.com\/ro\/joaca\/la-primitiva\/#breadcrumb","itemListElement":[{"@type":"ListItem","position":1,"name":"Home","item":"https:\/\/redfoxlotto.com\/ro\/"},{"@type":"ListItem","position":2,"name":"Cum pute\u021bi participa la loteriile interna\u021bionale","item":"https:\/\/redfoxlotto.com\/ro\/joaca\/"},{"@type":"ListItem","position":3,"name":"Cum pute\u021bi participa la La Primitiva"}]},{"@type":"WebSite","@id":"https:\/\/redfoxlotto.com\/ro\/#website","url":"https:\/\/redfoxlotto.com\/ro\/","name":"Get Tickets for the World\u2019s largest jackpots","description":"Participate in worldwide lottery jackpots from any country","publisher":{"@id":"https:\/\/redfoxlotto.com\/ro\/#organization"},"potentialAction":[{"@type":"SearchAction","target":{"@type":"EntryPoint","urlTemplate":"https:\/\/redfoxlotto.com\/ro\/?s={search_term_string}"},"query-input":{"@type":"PropertyValueSpecification","valueRequired":true,"valueName":"search_term_string"}}],"inLanguage":"ro-RO"},{"@type":"Organization","@id":"https:\/\/redfoxlotto.com\/ro\/#organization","name":"Get Tickets for the World\u2019s largest jackpots","url":"https:\/\/redfoxlotto.com\/ro\/","logo":{"@type":"ImageObject","inLanguage":"ro-RO","@id":"https:\/\/redfoxlotto.com\/ro\/#\/schema\/logo\/image\/","url":"https:\/\/redfoxlotto.com\/wp-content\/uploads\/2023\/04\/logo.png","contentUrl":"https:\/\/redfoxlotto.com\/wp-content\/uploads\/2023\/04\/logo.png","width":269,"height":53,"caption":"Get Tickets for the World\u2019s largest jackpots"},"image":{"@id":"https:\/\/redfoxlotto.com\/ro\/#\/schema\/logo\/image\/"}}]}},"_links":{"self":[{"href":"https:\/\/redfoxlotto.com\/ro\/wp-json\/wp\/v2\/pages\/3063","targetHints":{"allow":["GET"]}}],"collection":[{"href":"https:\/\/redfoxlotto.com\/ro\/wp-json\/wp\/v2\/pages"}],"about":[{"href":"https:\/\/redfoxlotto.com\/ro\/wp-json\/wp\/v2\/types\/page"}],"author":[{"embeddable":true,"href":"https:\/\/redfoxlotto.com\/ro\/wp-json\/wp\/v2\/users\/1"}],"replies":[{"embeddable":true,"href":"https:\/\/redfoxlotto.com\/ro\/wp-json\/wp\/v2\/comments?post=3063"}],"version-history":[{"count":0,"href":"https:\/\/redfoxlotto.com\/ro\/wp-json\/wp\/v2\/pages\/3063\/revisions"}],"up":[{"embeddable":true,"href":"https:\/\/redfoxlotto.com\/ro\/wp-json\/wp\/v2\/pages\/2852"}],"wp:attachment":[{"href":"https:\/\/redfoxlotto.com\/ro\/wp-json\/wp\/v2\/media?parent=3063"}],"curies":[{"name":"wp","href":"https:\/\/api.w.org\/{rel}","templated":true}]}}