{"id":3061,"date":"2023-05-13T06:20:30","date_gmt":"2023-05-13T06:20:30","guid":{"rendered":"https:\/\/redfoxlotto.com\/?page_id=3061"},"modified":"2019-09-29T20:53:30","modified_gmt":"2019-09-29T19:53:30","slug":"el-gordo-primitiva","status":"publish","type":"page","link":"https:\/\/redfoxlotto.com\/ro\/joaca\/el-gordo-primitiva\/","title":{"rendered":"Juca\u021bi-v\u0103 El Gordo"},"content":{"rendered":"<p>El Gordo este o loteria Spaniol\u0103 de Cr\u0103ciun. \u00cen cazul acestei loterii, se v\u00e2nd 100 000 de bilete numerotate. Pre\u021bul unui bilet \u00eentreg este de 200 \u20ac. Dar \u0219i frac\u021biile, a\u0219a-numitele \u201eDecimos\u201d, pot fi achizi\u021bionate. Extragerea este o ceremonie grandioas\u0103, \u00een care copiii fredoneaz\u0103 numerele extrase.<\/p><p><img loading=\"lazy\" decoding=\"async\" class=\" wp-image alignright\" src=\"https:\/\/content.redfoxlotto.com\/uploads\/sites\/9\/2_ticket_el_gordo3.jpg\" alt=\"El Gordo Spania joac\u0103 online\" width=\"210\" height=\"290\" \/><\/p><p>Exist\u0103 o cu\u0219c\u0103 rotund\u0103 de mari dimensiu, \u00een\u0103untrul c\u0103reia sunt 100 000 de bile din lemn cu numerele biletului. Iar apoi, exist\u0103 o a doua cu\u0219c\u0103, care con\u021bine 1807 de bile prin intermediul c\u0103rora este determinat <a href=\"https:\/\/redfoxlotto.com\/ro\/tabelele-de-plata-powerball-mega-millions\/\">premiul c\u00e2\u0219tig\u0103tor<\/a>. Una dintre aceste bile este pentru \u201eEl Gordo\u201d \u2013 adic\u0103 pentru jackpot. Dou\u0103 bile sunt extrase \u00een acela\u0219i timp, iar copiii fredoneaz\u0103 ulterior rezultatele.<\/p><p>\u00cen momentul \u00een care biletele la aceast\u0103 loterie vor fi disponibile, le pute\u021bi achizi\u021biona direct de pe site-ul nostru. Acest serviciu online este disponibil \u0219i pentru juc\u0103torii la lotorie din Rom\u00e2nia.<\/p>","protected":false},"excerpt":{"rendered":"<p>El Gordo este o loteria Spaniol\u0103 de Cr\u0103ciun. \u00cen cazul acestei loterii, se v\u00e2nd 100 000 de bilete numerotate. Pre\u021bul unui bilet \u00eentreg este de 200 \u20ac. Dar \u0219i frac\u021biile, a\u0219a-numitele \u201eDecimos\u201d, pot fi achizi\u021bionate. Extragerea este o ceremonie grandioas\u0103, \u00een care copiii fredoneaz\u0103 numerele extrase. Exist\u0103 o cu\u0219c\u0103 rotund\u0103 de mari dimensiu, \u00een\u0103untrul c\u0103reia [&hellip;]<\/p>\n","protected":false},"author":1,"featured_media":0,"parent":2852,"menu_order":6,"comment_status":"closed","ping_status":"closed","template":"el-gordo.php","meta":{"_et_pb_use_builder":"","_et_pb_old_content":"","_et_gb_content_width":"","exclude_from_search":false,"footnotes":""},"class_list":["post-3061","page","type-page","status-publish","hentry"],"yoast_head":"<!-- This site is optimized with the Yoast SEO plugin v27.4 - https:\/\/yoast.com\/product\/yoast-seo-wordpress\/ -->\n<title>Juca\u021bi-v\u0103 El Gordo din Rom\u00e2nia<\/title>\n<meta name=\"description\" content=\"El Gordo este o Loterie Spaniol\u0103 de Cr\u0103ciun, iar juc\u0103torii din Rom\u00e2nia \u00ee\u0219i pot achizi\u021biona biletele la acest\u0103 loterie direct de pe site-ul nostru\" \/>\n<meta name=\"robots\" content=\"index, follow, max-snippet:-1, max-image-preview:large, max-video-preview:-1\" \/>\n<link rel=\"canonical\" href=\"https:\/\/redfoxlotto.com\/ro\/joaca\/el-gordo-primitiva\/\" \/>\n<meta property=\"og:locale\" content=\"ro_RO\" \/>\n<meta property=\"og:type\" content=\"article\" \/>\n<meta property=\"og:title\" content=\"Juca\u021bi-v\u0103 El Gordo din Rom\u00e2nia\" \/>\n<meta property=\"og:description\" content=\"El Gordo este o Loterie Spaniol\u0103 de Cr\u0103ciun, iar juc\u0103torii din Rom\u00e2nia \u00ee\u0219i pot achizi\u021biona biletele la acest\u0103 loterie direct de pe site-ul nostru\" \/>\n<meta property=\"og:url\" content=\"https:\/\/redfoxlotto.com\/ro\/joaca\/el-gordo-primitiva\/\" \/>\n<meta property=\"og:site_name\" content=\"Get Tickets for the World\u2019s largest jackpots\" \/>\n<meta property=\"og:image\" content=\"https:\/\/content.redfoxlotto.com\/uploads\/sites\/9\/2_ticket_el_gordo3.jpg\" \/>\n<meta name=\"twitter:card\" content=\"summary_large_image\" \/>\n<meta name=\"twitter:label1\" content=\"Timp estimat pentru citire\" \/>\n\t<meta name=\"twitter:data1\" content=\"1 minut\" \/>\n<script type=\"application\/ld+json\" class=\"yoast-schema-graph\">{\"@context\":\"https:\\\/\\\/schema.org\",\"@graph\":[{\"@type\":\"WebPage\",\"@id\":\"https:\\\/\\\/redfoxlotto.com\\\/ro\\\/joaca\\\/el-gordo-primitiva\\\/\",\"url\":\"https:\\\/\\\/redfoxlotto.com\\\/ro\\\/joaca\\\/el-gordo-primitiva\\\/\",\"name\":\"Juca\u021bi-v\u0103 El Gordo din Rom\u00e2nia\",\"isPartOf\":{\"@id\":\"https:\\\/\\\/redfoxlotto.com\\\/ro\\\/#website\"},\"primaryImageOfPage\":{\"@id\":\"https:\\\/\\\/redfoxlotto.com\\\/ro\\\/joaca\\\/el-gordo-primitiva\\\/#primaryimage\"},\"image\":{\"@id\":\"https:\\\/\\\/redfoxlotto.com\\\/ro\\\/joaca\\\/el-gordo-primitiva\\\/#primaryimage\"},\"thumbnailUrl\":\"https:\\\/\\\/content.redfoxlotto.com\\\/uploads\\\/sites\\\/9\\\/2_ticket_el_gordo3.jpg\",\"datePublished\":\"2023-05-13T06:20:30+00:00\",\"description\":\"El Gordo este o Loterie Spaniol\u0103 de Cr\u0103ciun, iar juc\u0103torii din Rom\u00e2nia \u00ee\u0219i pot achizi\u021biona biletele la acest\u0103 loterie direct de pe site-ul nostru\",\"breadcrumb\":{\"@id\":\"https:\\\/\\\/redfoxlotto.com\\\/ro\\\/joaca\\\/el-gordo-primitiva\\\/#breadcrumb\"},\"inLanguage\":\"ro-RO\",\"potentialAction\":[{\"@type\":\"ReadAction\",\"target\":[\"https:\\\/\\\/redfoxlotto.com\\\/ro\\\/joaca\\\/el-gordo-primitiva\\\/\"]}]},{\"@type\":\"ImageObject\",\"inLanguage\":\"ro-RO\",\"@id\":\"https:\\\/\\\/redfoxlotto.com\\\/ro\\\/joaca\\\/el-gordo-primitiva\\\/#primaryimage\",\"url\":\"https:\\\/\\\/content.redfoxlotto.com\\\/uploads\\\/sites\\\/9\\\/2_ticket_el_gordo3.jpg\",\"contentUrl\":\"https:\\\/\\\/content.redfoxlotto.com\\\/uploads\\\/sites\\\/9\\\/2_ticket_el_gordo3.jpg\"},{\"@type\":\"BreadcrumbList\",\"@id\":\"https:\\\/\\\/redfoxlotto.com\\\/ro\\\/joaca\\\/el-gordo-primitiva\\\/#breadcrumb\",\"itemListElement\":[{\"@type\":\"ListItem\",\"position\":1,\"name\":\"Home\",\"item\":\"https:\\\/\\\/redfoxlotto.com\\\/ro\\\/\"},{\"@type\":\"ListItem\",\"position\":2,\"name\":\"Cum pute\u021bi participa la loteriile interna\u021bionale\",\"item\":\"https:\\\/\\\/redfoxlotto.com\\\/ro\\\/joaca\\\/\"},{\"@type\":\"ListItem\",\"position\":3,\"name\":\"Juca\u021bi-v\u0103 El Gordo\"}]},{\"@type\":\"WebSite\",\"@id\":\"https:\\\/\\\/redfoxlotto.com\\\/ro\\\/#website\",\"url\":\"https:\\\/\\\/redfoxlotto.com\\\/ro\\\/\",\"name\":\"Get Tickets for the World\u2019s largest jackpots\",\"description\":\"Participate in worldwide lottery jackpots from any country\",\"publisher\":{\"@id\":\"https:\\\/\\\/redfoxlotto.com\\\/ro\\\/#organization\"},\"potentialAction\":[{\"@type\":\"SearchAction\",\"target\":{\"@type\":\"EntryPoint\",\"urlTemplate\":\"https:\\\/\\\/redfoxlotto.com\\\/ro\\\/?s={search_term_string}\"},\"query-input\":{\"@type\":\"PropertyValueSpecification\",\"valueRequired\":true,\"valueName\":\"search_term_string\"}}],\"inLanguage\":\"ro-RO\"},{\"@type\":\"Organization\",\"@id\":\"https:\\\/\\\/redfoxlotto.com\\\/ro\\\/#organization\",\"name\":\"Get Tickets for the World\u2019s largest jackpots\",\"url\":\"https:\\\/\\\/redfoxlotto.com\\\/ro\\\/\",\"logo\":{\"@type\":\"ImageObject\",\"inLanguage\":\"ro-RO\",\"@id\":\"https:\\\/\\\/redfoxlotto.com\\\/ro\\\/#\\\/schema\\\/logo\\\/image\\\/\",\"url\":\"https:\\\/\\\/redfoxlotto.com\\\/wp-content\\\/uploads\\\/2023\\\/04\\\/logo.png\",\"contentUrl\":\"https:\\\/\\\/redfoxlotto.com\\\/wp-content\\\/uploads\\\/2023\\\/04\\\/logo.png\",\"width\":269,\"height\":53,\"caption\":\"Get Tickets for the World\u2019s largest jackpots\"},\"image\":{\"@id\":\"https:\\\/\\\/redfoxlotto.com\\\/ro\\\/#\\\/schema\\\/logo\\\/image\\\/\"}}]}<\/script>\n<!-- \/ Yoast SEO plugin. -->","yoast_head_json":{"title":"Juca\u021bi-v\u0103 El Gordo din Rom\u00e2nia","description":"El Gordo este o Loterie Spaniol\u0103 de Cr\u0103ciun, iar juc\u0103torii din Rom\u00e2nia \u00ee\u0219i pot achizi\u021biona biletele la acest\u0103 loterie direct de pe site-ul nostru","robots":{"index":"index","follow":"follow","max-snippet":"max-snippet:-1","max-image-preview":"max-image-preview:large","max-video-preview":"max-video-preview:-1"},"canonical":"https:\/\/redfoxlotto.com\/ro\/joaca\/el-gordo-primitiva\/","og_locale":"ro_RO","og_type":"article","og_title":"Juca\u021bi-v\u0103 El Gordo din Rom\u00e2nia","og_description":"El Gordo este o Loterie Spaniol\u0103 de Cr\u0103ciun, iar juc\u0103torii din Rom\u00e2nia \u00ee\u0219i pot achizi\u021biona biletele la acest\u0103 loterie direct de pe site-ul nostru","og_url":"https:\/\/redfoxlotto.com\/ro\/joaca\/el-gordo-primitiva\/","og_site_name":"Get Tickets for the World\u2019s largest jackpots","og_image":[{"url":"https:\/\/content.redfoxlotto.com\/uploads\/sites\/9\/2_ticket_el_gordo3.jpg","type":"","width":"","height":""}],"twitter_card":"summary_large_image","twitter_misc":{"Timp estimat pentru citire":"1 minut"},"schema":{"@context":"https:\/\/schema.org","@graph":[{"@type":"WebPage","@id":"https:\/\/redfoxlotto.com\/ro\/joaca\/el-gordo-primitiva\/","url":"https:\/\/redfoxlotto.com\/ro\/joaca\/el-gordo-primitiva\/","name":"Juca\u021bi-v\u0103 El Gordo din Rom\u00e2nia","isPartOf":{"@id":"https:\/\/redfoxlotto.com\/ro\/#website"},"primaryImageOfPage":{"@id":"https:\/\/redfoxlotto.com\/ro\/joaca\/el-gordo-primitiva\/#primaryimage"},"image":{"@id":"https:\/\/redfoxlotto.com\/ro\/joaca\/el-gordo-primitiva\/#primaryimage"},"thumbnailUrl":"https:\/\/content.redfoxlotto.com\/uploads\/sites\/9\/2_ticket_el_gordo3.jpg","datePublished":"2023-05-13T06:20:30+00:00","description":"El Gordo este o Loterie Spaniol\u0103 de Cr\u0103ciun, iar juc\u0103torii din Rom\u00e2nia \u00ee\u0219i pot achizi\u021biona biletele la acest\u0103 loterie direct de pe site-ul nostru","breadcrumb":{"@id":"https:\/\/redfoxlotto.com\/ro\/joaca\/el-gordo-primitiva\/#breadcrumb"},"inLanguage":"ro-RO","potentialAction":[{"@type":"ReadAction","target":["https:\/\/redfoxlotto.com\/ro\/joaca\/el-gordo-primitiva\/"]}]},{"@type":"ImageObject","inLanguage":"ro-RO","@id":"https:\/\/redfoxlotto.com\/ro\/joaca\/el-gordo-primitiva\/#primaryimage","url":"https:\/\/content.redfoxlotto.com\/uploads\/sites\/9\/2_ticket_el_gordo3.jpg","contentUrl":"https:\/\/content.redfoxlotto.com\/uploads\/sites\/9\/2_ticket_el_gordo3.jpg"},{"@type":"BreadcrumbList","@id":"https:\/\/redfoxlotto.com\/ro\/joaca\/el-gordo-primitiva\/#breadcrumb","itemListElement":[{"@type":"ListItem","position":1,"name":"Home","item":"https:\/\/redfoxlotto.com\/ro\/"},{"@type":"ListItem","position":2,"name":"Cum pute\u021bi participa la loteriile interna\u021bionale","item":"https:\/\/redfoxlotto.com\/ro\/joaca\/"},{"@type":"ListItem","position":3,"name":"Juca\u021bi-v\u0103 El Gordo"}]},{"@type":"WebSite","@id":"https:\/\/redfoxlotto.com\/ro\/#website","url":"https:\/\/redfoxlotto.com\/ro\/","name":"Get Tickets for the World\u2019s largest jackpots","description":"Participate in worldwide lottery jackpots from any country","publisher":{"@id":"https:\/\/redfoxlotto.com\/ro\/#organization"},"potentialAction":[{"@type":"SearchAction","target":{"@type":"EntryPoint","urlTemplate":"https:\/\/redfoxlotto.com\/ro\/?s={search_term_string}"},"query-input":{"@type":"PropertyValueSpecification","valueRequired":true,"valueName":"search_term_string"}}],"inLanguage":"ro-RO"},{"@type":"Organization","@id":"https:\/\/redfoxlotto.com\/ro\/#organization","name":"Get Tickets for the World\u2019s largest jackpots","url":"https:\/\/redfoxlotto.com\/ro\/","logo":{"@type":"ImageObject","inLanguage":"ro-RO","@id":"https:\/\/redfoxlotto.com\/ro\/#\/schema\/logo\/image\/","url":"https:\/\/redfoxlotto.com\/wp-content\/uploads\/2023\/04\/logo.png","contentUrl":"https:\/\/redfoxlotto.com\/wp-content\/uploads\/2023\/04\/logo.png","width":269,"height":53,"caption":"Get Tickets for the World\u2019s largest jackpots"},"image":{"@id":"https:\/\/redfoxlotto.com\/ro\/#\/schema\/logo\/image\/"}}]}},"_links":{"self":[{"href":"https:\/\/redfoxlotto.com\/ro\/wp-json\/wp\/v2\/pages\/3061","targetHints":{"allow":["GET"]}}],"collection":[{"href":"https:\/\/redfoxlotto.com\/ro\/wp-json\/wp\/v2\/pages"}],"about":[{"href":"https:\/\/redfoxlotto.com\/ro\/wp-json\/wp\/v2\/types\/page"}],"author":[{"embeddable":true,"href":"https:\/\/redfoxlotto.com\/ro\/wp-json\/wp\/v2\/users\/1"}],"replies":[{"embeddable":true,"href":"https:\/\/redfoxlotto.com\/ro\/wp-json\/wp\/v2\/comments?post=3061"}],"version-history":[{"count":0,"href":"https:\/\/redfoxlotto.com\/ro\/wp-json\/wp\/v2\/pages\/3061\/revisions"}],"up":[{"embeddable":true,"href":"https:\/\/redfoxlotto.com\/ro\/wp-json\/wp\/v2\/pages\/2852"}],"wp:attachment":[{"href":"https:\/\/redfoxlotto.com\/ro\/wp-json\/wp\/v2\/media?parent=3061"}],"curies":[{"name":"wp","href":"https:\/\/api.w.org\/{rel}","templated":true}]}}