{"id":2858,"date":"2023-04-24T17:47:11","date_gmt":"2023-04-24T17:47:11","guid":{"rendered":"https:\/\/redfoxlotto.com\/?page_id=1312"},"modified":"2025-12-11T06:42:23","modified_gmt":"2025-12-11T06:42:23","slug":"superenalotto","status":"publish","type":"page","link":"https:\/\/redfoxlotto.com\/ro\/joaca\/superenalotto\/","title":{"rendered":"Joac\u0103 SuperEnalotto Online"},"content":{"rendered":"<p><script type=\"application\/ld+json\">\n{\n  \"@context\": \"https:\/\/schema.org\",\n  \"@type\": \"Service\",\n  \"name\": \"SuperEnalotto online\",\n  \"url\": \"https:\/\/redfoxlotto.com\/ro\/joaca\/superenalotto\/\",\n  \"description\": \"Cump\u0103r\u0103 bilete oficiale SuperEnalotto online prin RedFoxLotto. Alege numerele tale \u0219i particip\u0103 la urm\u0103toarea extragere.\",\n  \"serviceType\": \"Online lottery ticket purchase\",<\/p>\n<p>  \"provider\": {\n    \"@type\": \"Organization\",\n    \"name\": \"RedFoxLotto\",\n    \"url\": \"https:\/\/redfoxlotto.com\",\n    \"logo\": \"https:\/\/redfoxlotto.com\/wp-content\/uploads\/logo.png\"\n  },<\/p>\n<p>  \"areaServed\": \"Worldwide\",\n  \"termsOfService\": \"https:\/\/redfoxlotto.com\/terms-and-conditions\",<\/p>\n<p>  \"hasOfferCatalog\": {\n    \"@type\": \"OfferCatalog\",\n    \"name\": \"SuperEnalotto Offers\",\n    \"itemListElement\": [\n      {\n        \"@type\": \"Offer\",\n        \"name\": \"Lotto SuperEnalotto Ticket\",\n        \"url\": \"https:\/\/redfoxlotto.com\/ro\/joaca\/superenalotto\/\",\n        \"description\": \"O participare la urm\u0103toarea extragere SuperEnalotto.\",\n        \"price\": \"3.40\",\n        \"priceCurrency\": \"EUR\",\n        \"availability\": \"https:\/\/schema.org\/InStock\",<\/p>\n<p>        \"itemOffered\": {\n          \"@type\": \"Service\",\n          \"name\": \"SuperEnalotto Lottery Entry\",\n          \"description\": \"Participare la urm\u0103toarea extragere SuperEnalotto prin RedFoxLotto.\"\n        }\n      }\n    ]\n  },<\/p>\n<p>  \"mainEntityOfPage\": {\n    \"@type\": \"WebPage\",\n    \"@id\": \"https:\/\/redfoxlotto.com\/ro\/joaca\/superenalotto\/\"\n  }\n}\n<\/script><\/p>\n<p><!--more--><\/p>\n<h2>Cum se joac\u0103 SuperEnalotto?<\/h2>\n<p>Regulile celei mai populare loterii italiene sunt extrem de simple. Trebuie doar s\u0103 alege\u021bi 6 numere de la 1 la 90, s\u0103 <a href=\"https:\/\/redfoxlotto.com\/ro\/informatie\/\">cump\u0103ra\u021bi biletul<\/a> \u0219i s\u0103 a\u0219tepta\u021bi rezultatele ob\u021binute pentru a vedea dac\u0103 a\u021bi c\u00e2\u0219tigat.<\/p>\n<h2>Pre\u021burile biletelor SuperEnalotto<\/h2>\n<p><img loading=\"lazy\" decoding=\"async\" class=\" wp-image alignright\" src=\"https:\/\/content.redfoxlotto.com\/uploads\/sites\/9\/1_play_superenalotto.jpg\" alt=\"Superenalotto joac\u0103 online\" width=\"260\" height=\"224\" \/><\/p>\n<p>Chiar \u0219i o singur\u0103 linie, care cost\u0103 doar 3\u20ac, v\u0103 ofer\u0103 \u0219ansa de a c\u00e2\u0219tiga unul dintre marile jackpot-uri SuperEnalotto pentru a tr\u0103i via\u021ba pe care a\u021bi visat-o mereu. Biletele SuperEnalotto sunt ieftine, deci este o idee bun\u0103 s\u0103 alege\u021bi mai multe linii \u0219i s\u0103 cre\u0219te\u021bi <a href=\"https:\/\/redfoxlotto.com\/ro\/care-loterie-mai-mare-sansa-castig\/\">\u0219ansele de c\u00e2\u0219tig<\/a>.<\/p>\n<h2>Sfaturi pentru SuperEnalotto Online<\/h2>\n<p><img decoding=\"async\" class=\"size-full wp-image alignright\" src=\"https:\/\/content.redfoxlotto.com\/uploads\/sites\/9\/2_ticket_superenalotto.jpg\" alt=\"win Superenalotto\" \/><br \/>\nCalcula\u021bi numerele din bilet. Dac\u0103 suma este \u00een intervalul de la 208 la 338, este bine! Peste 70% din <a href=\"https:\/\/redfoxlotto.com\/ro\/cum-sa-alegeti-numerele-castigatoare-la-loterie\/\">jackpoturile din aceast\u0103 loterie<\/a> sunt c\u00e2\u0219tigate de astfel de combina\u021bii de numere. De asemenea, pute\u021bi utiliza strategia cu numere ridicate. \u00cemp\u0103r\u021bi\u021bi biletul \u00een dou\u0103 jum\u0103t\u0103\u021bi. \u00cen partea inferioar\u0103, cu numerele cuprinse \u00eentre 1-45 \u0219i \u00een partea superioar\u0103, cu numerele cuprinse \u00een intervalul 46-90. Pentru a cre\u0219te \u0219ansele de a c\u00e2\u0219tiga, \u00eencearc\u0103 raportul 2:4, 4:3 sau 3:3.<\/p>\n","protected":false},"excerpt":{"rendered":"","protected":false},"author":1,"featured_media":0,"parent":2852,"menu_order":5,"comment_status":"closed","ping_status":"closed","template":"superenalotto.php","meta":{"_et_pb_use_builder":"","_et_pb_old_content":"","_et_gb_content_width":"","exclude_from_search":false,"footnotes":""},"class_list":["post-2858","page","type-page","status-publish","hentry"],"yoast_head":"<!-- This site is optimized with the Yoast SEO plugin v23.8 - https:\/\/yoast.com\/wordpress\/plugins\/seo\/ -->\n<title>Joac\u0103 SuperEnalotto Online<\/title>\n<meta name=\"description\" content=\"Jugar al Superenalotto \u00een linie este simplu, acum este acvatic!\" \/>\n<meta name=\"robots\" content=\"index, follow, max-snippet:-1, max-image-preview:large, max-video-preview:-1\" \/>\n<link rel=\"canonical\" href=\"https:\/\/redfoxlotto.com\/ro\/joaca\/superenalotto\/\" \/>\n<meta property=\"og:locale\" content=\"ro_RO\" \/>\n<meta property=\"og:type\" content=\"article\" \/>\n<meta property=\"og:title\" content=\"Joac\u0103 SuperEnalotto Online\" \/>\n<meta property=\"og:description\" content=\"Jugar al Superenalotto \u00een linie este simplu, acum este acvatic!\" \/>\n<meta property=\"og:url\" content=\"https:\/\/redfoxlotto.com\/ro\/joaca\/superenalotto\/\" \/>\n<meta property=\"og:site_name\" content=\"Get Tickets for the World\u2019s largest jackpots\" \/>\n<meta property=\"article:modified_time\" content=\"2025-12-11T06:42:23+00:00\" \/>\n<meta property=\"og:image\" content=\"https:\/\/content.redfoxlotto.com\/uploads\/sites\/9\/1_play_superenalotto.jpg\" \/>\n<meta name=\"twitter:card\" content=\"summary_large_image\" \/>\n<meta name=\"twitter:label1\" content=\"Timp estimat pentru citire\" \/>\n\t<meta name=\"twitter:data1\" content=\"2 minute\" \/>\n<script type=\"application\/ld+json\" class=\"yoast-schema-graph\">{\"@context\":\"https:\/\/schema.org\",\"@graph\":[{\"@type\":\"WebPage\",\"@id\":\"https:\/\/redfoxlotto.com\/ro\/joaca\/superenalotto\/\",\"url\":\"https:\/\/redfoxlotto.com\/ro\/joaca\/superenalotto\/\",\"name\":\"Joac\u0103 SuperEnalotto Online\",\"isPartOf\":{\"@id\":\"https:\/\/redfoxlotto.com\/ro\/#website\"},\"primaryImageOfPage\":{\"@id\":\"https:\/\/redfoxlotto.com\/ro\/joaca\/superenalotto\/#primaryimage\"},\"image\":{\"@id\":\"https:\/\/redfoxlotto.com\/ro\/joaca\/superenalotto\/#primaryimage\"},\"thumbnailUrl\":\"https:\/\/content.redfoxlotto.com\/uploads\/sites\/9\/1_play_superenalotto.jpg\",\"datePublished\":\"2023-04-24T17:47:11+00:00\",\"dateModified\":\"2025-12-11T06:42:23+00:00\",\"description\":\"Jugar al Superenalotto \u00een linie este simplu, acum este acvatic!\",\"breadcrumb\":{\"@id\":\"https:\/\/redfoxlotto.com\/ro\/joaca\/superenalotto\/#breadcrumb\"},\"inLanguage\":\"ro-RO\",\"potentialAction\":[{\"@type\":\"ReadAction\",\"target\":[\"https:\/\/redfoxlotto.com\/ro\/joaca\/superenalotto\/\"]}]},{\"@type\":\"ImageObject\",\"inLanguage\":\"ro-RO\",\"@id\":\"https:\/\/redfoxlotto.com\/ro\/joaca\/superenalotto\/#primaryimage\",\"url\":\"https:\/\/content.redfoxlotto.com\/uploads\/sites\/9\/1_play_superenalotto.jpg\",\"contentUrl\":\"https:\/\/content.redfoxlotto.com\/uploads\/sites\/9\/1_play_superenalotto.jpg\"},{\"@type\":\"BreadcrumbList\",\"@id\":\"https:\/\/redfoxlotto.com\/ro\/joaca\/superenalotto\/#breadcrumb\",\"itemListElement\":[{\"@type\":\"ListItem\",\"position\":1,\"name\":\"Home\",\"item\":\"https:\/\/redfoxlotto.com\/ro\/\"},{\"@type\":\"ListItem\",\"position\":2,\"name\":\"Cum pute\u021bi participa la loteriile interna\u021bionale\",\"item\":\"https:\/\/redfoxlotto.com\/ro\/joaca\/\"},{\"@type\":\"ListItem\",\"position\":3,\"name\":\"Joac\u0103 SuperEnalotto Online\"}]},{\"@type\":\"WebSite\",\"@id\":\"https:\/\/redfoxlotto.com\/ro\/#website\",\"url\":\"https:\/\/redfoxlotto.com\/ro\/\",\"name\":\"Get Tickets for the World\u2019s largest jackpots\",\"description\":\"Participate in worldwide lottery jackpots from any country\",\"publisher\":{\"@id\":\"https:\/\/redfoxlotto.com\/ro\/#organization\"},\"potentialAction\":[{\"@type\":\"SearchAction\",\"target\":{\"@type\":\"EntryPoint\",\"urlTemplate\":\"https:\/\/redfoxlotto.com\/ro\/?s={search_term_string}\"},\"query-input\":{\"@type\":\"PropertyValueSpecification\",\"valueRequired\":true,\"valueName\":\"search_term_string\"}}],\"inLanguage\":\"ro-RO\"},{\"@type\":\"Organization\",\"@id\":\"https:\/\/redfoxlotto.com\/ro\/#organization\",\"name\":\"Get Tickets for the World\u2019s largest jackpots\",\"url\":\"https:\/\/redfoxlotto.com\/ro\/\",\"logo\":{\"@type\":\"ImageObject\",\"inLanguage\":\"ro-RO\",\"@id\":\"https:\/\/redfoxlotto.com\/ro\/#\/schema\/logo\/image\/\",\"url\":\"https:\/\/redfoxlotto.com\/wp-content\/uploads\/2023\/04\/logo.png\",\"contentUrl\":\"https:\/\/redfoxlotto.com\/wp-content\/uploads\/2023\/04\/logo.png\",\"width\":269,\"height\":53,\"caption\":\"Get Tickets for the World\u2019s largest jackpots\"},\"image\":{\"@id\":\"https:\/\/redfoxlotto.com\/ro\/#\/schema\/logo\/image\/\"}}]}<\/script>\n<!-- \/ Yoast SEO plugin. -->","yoast_head_json":{"title":"Joac\u0103 SuperEnalotto Online","description":"Jugar al Superenalotto \u00een linie este simplu, acum este acvatic!","robots":{"index":"index","follow":"follow","max-snippet":"max-snippet:-1","max-image-preview":"max-image-preview:large","max-video-preview":"max-video-preview:-1"},"canonical":"https:\/\/redfoxlotto.com\/ro\/joaca\/superenalotto\/","og_locale":"ro_RO","og_type":"article","og_title":"Joac\u0103 SuperEnalotto Online","og_description":"Jugar al Superenalotto \u00een linie este simplu, acum este acvatic!","og_url":"https:\/\/redfoxlotto.com\/ro\/joaca\/superenalotto\/","og_site_name":"Get Tickets for the World\u2019s largest jackpots","article_modified_time":"2025-12-11T06:42:23+00:00","og_image":[{"url":"https:\/\/content.redfoxlotto.com\/uploads\/sites\/9\/1_play_superenalotto.jpg"}],"twitter_card":"summary_large_image","twitter_misc":{"Timp estimat pentru citire":"2 minute"},"schema":{"@context":"https:\/\/schema.org","@graph":[{"@type":"WebPage","@id":"https:\/\/redfoxlotto.com\/ro\/joaca\/superenalotto\/","url":"https:\/\/redfoxlotto.com\/ro\/joaca\/superenalotto\/","name":"Joac\u0103 SuperEnalotto Online","isPartOf":{"@id":"https:\/\/redfoxlotto.com\/ro\/#website"},"primaryImageOfPage":{"@id":"https:\/\/redfoxlotto.com\/ro\/joaca\/superenalotto\/#primaryimage"},"image":{"@id":"https:\/\/redfoxlotto.com\/ro\/joaca\/superenalotto\/#primaryimage"},"thumbnailUrl":"https:\/\/content.redfoxlotto.com\/uploads\/sites\/9\/1_play_superenalotto.jpg","datePublished":"2023-04-24T17:47:11+00:00","dateModified":"2025-12-11T06:42:23+00:00","description":"Jugar al Superenalotto \u00een linie este simplu, acum este acvatic!","breadcrumb":{"@id":"https:\/\/redfoxlotto.com\/ro\/joaca\/superenalotto\/#breadcrumb"},"inLanguage":"ro-RO","potentialAction":[{"@type":"ReadAction","target":["https:\/\/redfoxlotto.com\/ro\/joaca\/superenalotto\/"]}]},{"@type":"ImageObject","inLanguage":"ro-RO","@id":"https:\/\/redfoxlotto.com\/ro\/joaca\/superenalotto\/#primaryimage","url":"https:\/\/content.redfoxlotto.com\/uploads\/sites\/9\/1_play_superenalotto.jpg","contentUrl":"https:\/\/content.redfoxlotto.com\/uploads\/sites\/9\/1_play_superenalotto.jpg"},{"@type":"BreadcrumbList","@id":"https:\/\/redfoxlotto.com\/ro\/joaca\/superenalotto\/#breadcrumb","itemListElement":[{"@type":"ListItem","position":1,"name":"Home","item":"https:\/\/redfoxlotto.com\/ro\/"},{"@type":"ListItem","position":2,"name":"Cum pute\u021bi participa la loteriile interna\u021bionale","item":"https:\/\/redfoxlotto.com\/ro\/joaca\/"},{"@type":"ListItem","position":3,"name":"Joac\u0103 SuperEnalotto Online"}]},{"@type":"WebSite","@id":"https:\/\/redfoxlotto.com\/ro\/#website","url":"https:\/\/redfoxlotto.com\/ro\/","name":"Get Tickets for the World\u2019s largest jackpots","description":"Participate in worldwide lottery jackpots from any country","publisher":{"@id":"https:\/\/redfoxlotto.com\/ro\/#organization"},"potentialAction":[{"@type":"SearchAction","target":{"@type":"EntryPoint","urlTemplate":"https:\/\/redfoxlotto.com\/ro\/?s={search_term_string}"},"query-input":{"@type":"PropertyValueSpecification","valueRequired":true,"valueName":"search_term_string"}}],"inLanguage":"ro-RO"},{"@type":"Organization","@id":"https:\/\/redfoxlotto.com\/ro\/#organization","name":"Get Tickets for the World\u2019s largest jackpots","url":"https:\/\/redfoxlotto.com\/ro\/","logo":{"@type":"ImageObject","inLanguage":"ro-RO","@id":"https:\/\/redfoxlotto.com\/ro\/#\/schema\/logo\/image\/","url":"https:\/\/redfoxlotto.com\/wp-content\/uploads\/2023\/04\/logo.png","contentUrl":"https:\/\/redfoxlotto.com\/wp-content\/uploads\/2023\/04\/logo.png","width":269,"height":53,"caption":"Get Tickets for the World\u2019s largest jackpots"},"image":{"@id":"https:\/\/redfoxlotto.com\/ro\/#\/schema\/logo\/image\/"}}]}},"_links":{"self":[{"href":"https:\/\/redfoxlotto.com\/ro\/wp-json\/wp\/v2\/pages\/2858","targetHints":{"allow":["GET"]}}],"collection":[{"href":"https:\/\/redfoxlotto.com\/ro\/wp-json\/wp\/v2\/pages"}],"about":[{"href":"https:\/\/redfoxlotto.com\/ro\/wp-json\/wp\/v2\/types\/page"}],"author":[{"embeddable":true,"href":"https:\/\/redfoxlotto.com\/ro\/wp-json\/wp\/v2\/users\/1"}],"replies":[{"embeddable":true,"href":"https:\/\/redfoxlotto.com\/ro\/wp-json\/wp\/v2\/comments?post=2858"}],"version-history":[{"count":0,"href":"https:\/\/redfoxlotto.com\/ro\/wp-json\/wp\/v2\/pages\/2858\/revisions"}],"up":[{"embeddable":true,"href":"https:\/\/redfoxlotto.com\/ro\/wp-json\/wp\/v2\/pages\/2852"}],"wp:attachment":[{"href":"https:\/\/redfoxlotto.com\/ro\/wp-json\/wp\/v2\/media?parent=2858"}],"curies":[{"name":"wp","href":"https:\/\/api.w.org\/{rel}","templated":true}]}}