{"id":2857,"date":"2023-04-24T17:35:03","date_gmt":"2023-04-24T17:35:03","guid":{"rendered":"https:\/\/redfoxlotto.com\/?page_id=1310"},"modified":"2025-12-15T21:41:48","modified_gmt":"2025-12-15T21:41:48","slug":"powerball","status":"publish","type":"page","link":"https:\/\/redfoxlotto.com\/ro\/joaca\/powerball\/","title":{"rendered":"Juca\u021bi Powerball din SUA"},"content":{"rendered":"<p><script type=\"application\/ld+json\">\n{\n  \"@context\": \"https:\/\/schema.org\",\n  \"@type\": \"Service\",\n  \"name\": \"Joac\u0103 Powerball online\",\n  \"url\": \"https:\/\/redfoxlotto.com\/ro\/joaca\/powerball\/\",\n  \"description\": \"Joac\u0103 loteria Powerball online din orice \u021bar\u0103. Viziteaz\u0103 RedFoxLotto, alege numerele tale \u0219i ob\u021bine biletele.\",\n  \"serviceType\": \"Serviciu online de transmitere a biletelor de loterie\",\n  \"provider\": {\n    \"@type\": \"Organization\",\n    \"name\": \"RedFoxLotto\",\n    \"url\": \"https:\/\/redfoxlotto.com\/ro\/joaca\/powerball\/\",\n    \"image\": \"https:\/\/redfoxlotto.com\/wp-content\/uploads\/2025\/12\/ticket_scans.jpg\",\n    \"sameAs\": []\n  },\n  \"areaServed\": \"Worldwide\",\n  \"termsOfService\": \"https:\/\/redfoxlotto.com\/terms-and-conditions\",\n  \"additionalProperty\": {\n    \"@type\": \"PropertyValue\",\n    \"name\": \"FAQ\",\n    \"value\": \"https:\/\/redfoxlotto.com\/ro\/faq\/\"\n  },\n  \"hasOfferCatalog\": {\n    \"@type\": \"OfferCatalog\",\n    \"name\": \"Bilete Powerball\",\n    \"itemListElement\": [\n      {\n        \"@type\": \"Offer\",\n        \"name\": \"Bilete Powerball\",\n        \"url\": \"https:\/\/redfoxlotto.com\/ro\/joaca\/powerball\/\",\n        \"description\": \"Apas\u0103 aici pentru a-\u021bi alege numerele pentru urm\u0103toarea extragere Powerball \u2013 comand\u0103 biletele online.\",\n        \"price\": \"5.90\",\n        \"priceCurrency\": \"EUR\",\n        \"availability\": \"https:\/\/schema.org\/InStock\",\n        \"itemOffered\": {\n          \"@type\": \"Service\",\n          \"name\": \"Bilete Powerball\",\n          \"description\": \"Joac\u0103 la urm\u0103toarea extragere Powerball prin RedFoxLotto.\"\n        }\n      }\n    ]\n  },\n  \"mainEntityOfPage\": {\n    \"@type\": \"WebPage\",\n    \"@id\": \"https:\/\/redfoxlotto.com\/ro\/joaca\/powerball\/\"\n  }\n}\n<\/script><\/p>\n<p>Aceasta este o loterie care este foarte cunoscut\u0103, datorit\u0103 jackpoturilor sale uria\u0219e. Iar, \u00een acest moment, ve\u021bi putea juca <a href=\"https:\/\/redfoxlotto.com\/ro\/informatie\/powerball\/\">Powerball din SUA<\/a> direct din Romania, sau din orice alt\u0103 \u021bar\u0103.<!--more--><\/p>\n<h2>Joac\u0103 Powerball online este u\u0219or<\/h2>\n<p>Alege\u021bi-v\u0103 numerele, pl\u0103ti\u021bi online, iar agen\u021bii no\u0219tri v\u0103 vor achizi\u021biona un bilet. Acesta este serviciul nostru. Nu trebuie s\u0103 v\u0103 \u00eengrijora\u021bi cu privire la modul \u00een care ve\u021bi fi pl\u0103tit \u00een cazul \u00een care ve\u021bi c\u00e2\u0219tiga. Vom avea grij\u0103 \u0219i de plata dumneavoastr\u0103, \u00een locul dumneavoastr\u0103.<\/p>\n<h2>De ce jackpotul Powerball este at\u00e2t de mare at\u00e2t de des?<\/h2>\n<p><img decoding=\"async\" class=\" wp-image alignright\" src=\"https:\/\/content.redfoxlotto.com\/uploads\/sites\/9\/2_ticket_powerball2.jpg\" alt=\"Powerball Online din Rom\u00e2nia\" width=\"250&quot;\" height=\"125\" \/><\/p>\n<p>Ei bine, mai \u00eent\u00e2i, deoarece nu poate fi niciodat\u0103 mai mic de $40 de milioane. Atunci c\u00e2nd jackpotul a fost c\u00e2\u0219tigat, premiul de top re\u00eencepe de la $40 de milioane. Atunci c\u00e2nd acest lucru se va \u00eent\u00e2mpla, jackpotul Powerball \u00eencepe s\u0103 creasc\u0103 de la $10 p\u00e2n\u0103 la $20 de milioane, pe extragere. Exist\u0103 dou\u0103 extrageri pe s\u0103pt\u0103m\u00e2n\u0103. A\u0219adar, va dura doar dou\u0103 s\u0103pt\u0103m\u00e2ni p\u00e2n\u0103 c\u00e2nd <a href=\"https:\/\/redfoxlotto.com\/ro\/suma-curenta-a-jackpotului-powerball-si-mega-millions\/\">jackpotul<\/a> va atinge bariera de $100 de milioane (cu excep\u021bia cazului \u00een care cineva va c\u00e2\u0219tiga premiul de top, bine\u00een\u021beles). Odat\u0103 ce acest lucru a avut loc, de regul\u0103, va cre\u0219te cu 10-15% dup\u0103 fiecare extragere.<\/p>\n<p>Dar se \u00eent\u00e2mpl\u0103 de regul\u0103 ca jackpotul s\u0103 nu fie c\u00e2\u0219tigat timp de opt p\u00e2n\u0103 la nou\u0103 s\u0103pt\u0103m\u00e2ni. \u00cen aceast\u0103 situa\u021bie, acesta va ajunge la $500 de milioane sau chiar mai mult. \u00centr-o astfel de situa\u021bie, to\u021bi oamenii din SUA \u00eencep s\u0103 \u00ee\u0219i achizi\u021bioneze c\u00e2te un bilet. Mingea se rostogole\u0219te \u00eentr-adev\u0103r \u00een momente de acest gen. Este nevoie doar de o singur\u0103 extragere, pentru a ajunge de la $500 de milioane la $1 miliard de dolari sau chiar mai mult.<\/p>\n<p>\u00cen mod evident, jackpoturile cele mai mari atrag aten\u021bia mass-mediei de la nivel mondial. Printre aceste \u021b\u0103ri se num\u0103r\u0103 \u0219i Rom\u00e2nia, iar fanii de loto din \u00eentreaga lumea \u00ee\u0219i doresc s\u0103 \u00ee\u0219i <a href=\"https:\/\/redfoxlotto.com\/ro\/\">achizi\u021bioneze biletele online<\/a>. Acesta este serviciul pe care vi-l oferim. Nu doar pentru clien\u021bii din Rom\u00e2nia, ci pentru orice persoan\u0103 care dispune de v\u00e2rsta legal\u0103, pentru a se bucura de \u0219ansa de a c\u00e2\u0219tiga jackpotul Powerball din SUA.<\/p>\n<h2>Cum func\u021bioneaz\u0103 Powerball din SUA?<\/h2>\n<p><img loading=\"lazy\" decoding=\"async\" class=\" wp-image alignright\" src=\"https:\/\/content.redfoxlotto.com\/uploads\/sites\/9\/1_play_powerball_usa.jpg\" alt=\"joac\u0103 loteria SUA\" width=\"198\" height=\"142\" \/><\/p>\n<p>Juc\u0103torii trebuie s\u0103 \u00ee\u0219i aleag\u0103 cinci numere de la 1 la 69 (bilele albe), plus \u00eenc\u0103 1 num\u0103r de la 1 la 26 (bilele ro\u0219ii). Pentru a c\u00e2\u0219tiga jackpotul, ave\u021bi nevoie ca toate cele 6 numere c\u00e2\u0219tig\u0103toare s\u0103 se afle pe biletul dumneavoastr\u0103.<\/p>\n<h2>Este legal s\u0103 v\u0103 juca\u021bi Powerball din Rom\u00e2nia?<\/h2>\n<p>Da, este! Imagina\u021bi-v\u0103 c\u0103 sunte\u021bi \u00een SUA &#8211; pute\u021bi achizi\u021biona cu u\u0219urin\u021b\u0103 un bilet de acolo. Dac\u0103 ve\u021bi c\u00e2\u0219tiga, ave\u021bi la \u00eendem\u00e2n\u0103 o cerere legal\u0103 de a ob\u021bine premiul pe care \u00eel merita\u021bi. Loteria nu este restric\u021bionat\u0103 la reziden\u021bii legali ai SUA. A\u0219adar, dac\u0103 sunte\u021bi un rezident din Rom\u00e2nia, \u0219i altcineva v\u0103 va achizi\u021biona biletul de pe site, cererea dumneavoastr\u0103 este \u00een siguran\u021b\u0103. Este biletul dumneavoastr\u0103, \u0219i asta este tot ce conteaz\u0103.<\/p>\n<p>A\u0219adar, \u00een acest moment, nu exist\u0103 niciun motiv pentru care s\u0103 nu \u00eencerca\u021bi \u0219i s\u0103 c\u00e2\u0219tiga\u021bi jackpotul Powerball \u2013 <a href=\"https:\/\/redfoxlotto.com\/ro\/informatie\/\">achizi\u021biona\u021bi-v\u0103 biletul online chiar acum!<\/a><\/p>\n<h2>Pro \u0219i contra Powerball<\/h2>\n<p>Pentru a juca la Powerball, trebuie s\u0103 \u0219ti\u021bi care sunt avantajele \u0219i dezavantajele. Mai ales c\u0103 atunci c\u00e2nd joci online, ai o mul\u021bime de loterii din care po\u021bi alege, iar cunoa\u0219terea caracteristicilor Powerball \u0219i ale celorlalte loterii devine important\u0103.<\/p>\n<h3>Avantajele Powerball<\/h3>\n<ul>\n<li>Jackpot minim foarte mare la Powerball, de 40 de milioane de dolari, care este mai mult dec\u00e2t pot oferi majoritatea loteriilor chiar \u0219i dup\u0103 s\u0103pt\u0103m\u00e2ni \u00een care nimeni nu a c\u00e2\u0219tigat premiul cel mare<\/li>\n<li>Cre\u0219teri puternice de la o s\u0103pt\u0103m\u00e2n\u0103 la alta odat\u0103 ce jackpotul Powerball a dep\u0103\u0219it pragul de 200 de milioane de dolari<\/li>\n<li>Un premiu Powerball foarte mare pentru al doilea nivel, de 1 milion de dolari, \u0219i un premiu pentru al treilea nivel, de 50.000 de dolari, \u00eempreun\u0103 cu cote acceptabile pentru nivelurile inferioare ale Powerball, fac ca Powerball s\u0103 fie atractiv pentru a fi jucat<\/li>\n<li>Jackpoturile mari pentru Powerball fac de obicei titluri de prim\u0103 pagin\u0103 \u00een toat\u0103 lumea, a\u0219a c\u0103 ve\u021bi \u0219ti c\u00e2nd s\u0103 v\u0103 lua\u021bi biletele \u0219i s\u0103 juca\u021bi<\/li>\n<li>Pute\u021bi juca la trei extrageri s\u0103pt\u0103m\u00e2nale Powerball<\/li>\n<li>Evenimentele de extragere pot fi urm\u0103rite online prin intermediul site-ului Powerball sau prin Youtube<\/li>\n<li>Bilet bonus gratuit pentru Powerball pentru to\u021bi clien\u021bii no\u0219tri noi<\/li>\n<li>Un alt bilet bonus gratuit pentru Powerball dac\u0103 recomanda\u021bi un prieten pe site-ul nostru, dup\u0103 ce prietenul dvs. cheltuie\u0219te minimum 10,00 \u20ac pe bilete la oricare dintre loteriile noastre.<\/li>\n<\/ul>\n<h3>Contra Powerball<\/h3>\n<ul>\n<li>Probabilitate sc\u0103zut\u0103 de a c\u00e2\u0219tiga jackpot-ul Powerball (de\u0219i, jackpot-ul este \u00eentotdeauna spart \u00een cele din urm\u0103)<\/li>\n<li>Pentru juc\u0103torii europeni sau asiatici, orele de extragere pentru Powerball sunt nepotrivite, dac\u0103 doresc s\u0103 urm\u0103reasc\u0103 extragerile online<\/li>\n<\/ul>\n<h2>C\u00e2nd au loc extragerile Powerball?<\/h2>\n<p>Extragerile Powerball au loc la ora 10:59, ora Estului (sau 22:59 h), ceea ce \u00eenseamn\u0103 la ora 3:59 (am) a zilei urm\u0103toare, ora Greenwich, sau la ora 4:59 a zilei urm\u0103toare \u00een Europa Central\u0103.<\/p>\n<h2>Istoria loteriei Powerball \u0219i a jackpotului<\/h2>\n<p>C\u00e2nd Powerball a \u00eenceput \u00een anul 1992, jackpotul minim era de numai 2 milioane de dolari. La acea vreme, pentru a juca la Powerball, trebuia s\u0103 alegi 5 numere din cele 45 de numere principale \u0219i un num\u0103r Powerball din al doilea set de 45 de numere.<\/p>\n<p>\u00cen 1997, regulile pentru Powerball au fost schimbate. Pentru a juca, trebuia s\u0103 alegi 5 din 49 de numere, iar alegerea Powerball era 1 din 42 de numere. Jackpotul minim al Powerball a fost stabilit la 10 milioane de dolari.<\/p>\n<p>O alt\u0103 schimbare \u00een configura\u021bia Powerball a avut loc \u00een 2002, c\u00e2nd num\u0103rul bilelor din extragerea principal\u0103 a fost m\u0103rit la 53 &#8211; juc\u0103torii trebuiau \u00een continuare s\u0103 joace 5 numere plus un num\u0103r Powerball din 42.<\/p>\n<p>Apoi, \u00een 2005, jackpotul minim al Powerball a fost stabilit la 15 milioane de dolari, ceea ce \u00eenseamn\u0103 c\u0103, dup\u0103 ce se c\u00e2\u0219tiga un jackpot, la urm\u0103toarea extragere Powerball se juca pentru un premiu maxim de 15 milioane de dolari.<\/p>\n<p>Aceast\u0103 configura\u021bie Powerball a durat p\u00e2n\u0103 \u00een luna ianuarie a anului 2009, c\u00e2nd a avut loc o alt\u0103 schimbare \u00een modul \u00een care se juca Powerball. \u00cen primul r\u00e2nd, premiul minim a fost ridicat la 20 de milioane de dolari, \u00een timp ce juc\u0103torii trebuiau s\u0103 aleag\u0103 5 numere din 59 de bile, precum \u0219i s\u0103 joace un num\u0103r Powerball dintr-un interval de 39 de numere.<\/p>\n<p>\u00cen 2012, jackpotul garantat al Powerball a fost dublat, ceea ce \u00eenseamn\u0103 c\u0103 minimul a fost stabilit la 40 de milioane de dolari.<\/p>\n<p>\u00cen 2015, intervalul principal de numere pentru extragerea Powerball a fost m\u0103rit din nou, de la 59 la 69. \u00cen acela\u0219i timp, intervalul pentru num\u0103rul suplimentar Powerball a fost redus la 26. Aceast\u0103 nou\u0103 regul\u0103 a f\u0103cut mai probabil s\u0103 se joace \u0219i s\u0103 se c\u00e2\u0219tige premiile mai mici, \u00een timp ce \u0219ansele pentru jackpotul Powerball au f\u0103cut ca juc\u0103torii s\u0103 aib\u0103 mai pu\u021bine \u0219anse de c\u00e2\u0219tig. Bine\u00een\u021beles, jackpotul ar fi r\u0103mas nerevendicat pentru perioade mai lungi, ceea ce a dus la jackpoturi mai mari.<\/p>\n<p>O alt\u0103 schimbare semnificativ\u0103 \u00een modul \u00een care se joac\u0103 Powerball a avut loc \u00een 2021, c\u00e2nd a fost introdus\u0103 o a treia zi de extragere, iar de atunci, extragerile au avut loc lunea, miercurea \u0219i s\u00e2mb\u0103ta.<\/p>\n<p>De-a lungul anilor, multe state americane au decis s\u0103 se al\u0103ture jocului Powerball. Ini\u021bial, doar reziden\u021bii din 15 state puteau juca Powerball, dar, \u00een prezent, pute\u021bi ob\u021bine bilete \u00een 44 de state. \u00cen acela\u0219i timp, este posibil s\u0103 ob\u021bine\u021bi bilete pentru Powerball prin intermediul serviciului nostru online legal. Prin intermediul nostru, ve\u021bi juca cu un bilet Powerball real, iar \u00eentreaga procedur\u0103, de la alegerea numerelor, plata biletului, precum \u0219i ob\u021binerea pl\u0103\u021bii, se poate face online.<\/p>\n<h2>C\u00e2t de repede cre\u0219te jackpotul dup\u0103 fiecare extragere?<\/h2>\n<p>Evident, dac\u0103 dori\u021bi s\u0103 juca\u021bi la Powerball, trebuie s\u0103 verifica\u021bi \u00eentotdeauna m\u0103rimea jackpot-ului. \u00cen general, recomand\u0103m ca juc\u0103torii s\u0103 selecteze de cele mai multe ori loteria cu jackpotul care este \u00een prezent cel mai mare. Pe de alt\u0103 parte, unele loterii au probabilit\u0103\u021bi foarte mici de a ob\u021bine premiul cel mare. Superenalotto, Powerball \u0219i Mega Millions se num\u0103r\u0103 printre aceste loterii.<\/p>\n<p>Acestea fiind spuse, ar trebui s\u0103 observa\u021bi evolu\u021bia jackpoturilor \u0219i, destul de des, are sens s\u0103 cump\u0103ra\u021bi imediat bilete pentru mai multe extrageri consecutive. F\u0103c\u00e2nd acest lucru, v\u0103 asigura\u021bi c\u0103 nu ve\u021bi rata s\u0103 juca\u021bi pentru un jackpot care ar putea cre\u0219te rapid. Iat\u0103 c\u00e2teva cifre referitoare la cre\u0219terea incremental\u0103 a jackpotului Powerball. Desigur, acest lucru se \u00eent\u00e2mpl\u0103 doar dac\u0103 nimeni nu c\u00e2\u0219tig\u0103 jackpotul Powerball.<\/p>\n<p>Atunci c\u00e2nd jackpotul Powerball este la cel mai mic nivel (minimul de 40 de milioane de dolari), acesta cre\u0219te de obicei cu o rat\u0103 de aproximativ 8-10 milioane de dolari la fiecare extragere. Cu trei extrageri s\u0103pt\u0103m\u00e2nale, cre\u0219terea s\u0103pt\u0103m\u00e2nal\u0103 ar fi de aproximativ 25-30 de milioane de dolari.<\/p>\n<p>Odat\u0103 ce jackpotul Powerball este mai mare de 100 de milioane de dolari, cre\u0219terea s\u0103pt\u0103m\u00e2nal\u0103 ar fi de aproape 35 de milioane de dolari. Acest lucru se datoreaz\u0103, bine\u00een\u021beles, faptului c\u0103 mai multe persoane joac\u0103 la Powerball \u0219i cump\u0103r\u0103 bilete atunci c\u00e2nd jackpotul Powerball este mai mare.<\/p>\n<p>Atunci c\u00e2nd jackpotul Powerball dep\u0103\u0219e\u0219te pragul de 200 de milioane de dolari, cu tot mai mul\u021bi juc\u0103tori care cump\u0103r\u0103 mai multe bilete, exist\u0103 o accelerare a cre\u0219terii incrementale a jackpotului. \u00cen acel moment, printre altele, juc\u0103torii de loto din \u00eentreaga lume \u00eencep s\u0103 ia aminte \u0219i vor s\u0103 joace cu bilete cump\u0103rate online. Cre\u0219terea s\u0103pt\u0103m\u00e2nal\u0103 se apropie de 50 de milioane de dolari.<\/p>\n<p>\u00centr-un astfel de moment \u00een care jackpot-ul pentru Powerball a ajuns la 400 de milioane de dolari, v\u0103 pute\u021bi a\u0219tepta ca jackpot-ul s\u0103 creasc\u0103 cu 25 de milioane de dolari dup\u0103 fiecare extragere. Asta \u00eenseamn\u0103 o cre\u0219tere de 75 de milioane de dolari pe s\u0103pt\u0103m\u00e2n\u0103.<\/p>\n<p>Dac\u0103 nimeni nu c\u00e2\u0219tig\u0103 jackpotul Powerball chiar \u0219i atunci c\u00e2nd acesta dep\u0103\u0219e\u0219te 500 de milioane de dolari, o acoperire mediatic\u0103 sporit\u0103 la nivel mondial are ca rezultat, de obicei, achizi\u021bii locale \u0219i online semnificative de bilete Powerball. \u00cen consecin\u021b\u0103, jackpotul Powerball poate trece cu u\u0219urin\u021b\u0103 de la 500 de milioane de dolari la aproape 1 miliard de dolari \u00een decurs de dou\u0103 s\u0103pt\u0103m\u00e2ni. Toate acestea, bine\u00een\u021beles, dac\u0103 nu cumva cineva c\u00e2\u0219tig\u0103 potul cel mare, iar acesta se reia de la potul de 40 de milioane de dolari la urm\u0103toarea extragere Powerball.<\/p>\n<p>\u00cen total, este nevoie de aproximativ trei s\u0103pt\u0103m\u00e2ni pentru ca jackpotul Powerball s\u0103 creasc\u0103 peste suma de 200 de milioane de dolari \u0219i de un total de aproximativ 9 s\u0103pt\u0103m\u00e2ni pentru a trece de la minim la 400 de milioane de dolari.<\/p>\n<h2>Cel mai mare jackpot Powerball din toate timpurile<\/h2>\n<p>Powerball de\u021bine recordul mondial de jackpot la 2 miliarde 40 de milioane de dolari. Acesta a fost c\u00e2\u0219tigat pe 22 noiembrie 2022 de un singur c\u00e2\u0219tig\u0103tor. \u00cen ianuarie 2016, trei c\u00e2\u0219tig\u0103tori noroco\u0219i din statele Tennessee, Florida \u0219i California au \u00eemp\u0103r\u021bit premiul record pentru Powerball, \u00een valoare total\u0103 de nu mai pu\u021bin de 1,5 miliarde de dolari.<\/p>\n","protected":false},"excerpt":{"rendered":"<p>Aceasta este o loterie care este foarte cunoscut\u0103, datorit\u0103 jackpoturilor sale uria\u0219e. Iar, \u00een acest moment, ve\u021bi putea juca Powerball din SUA direct din Romania, sau din orice alt\u0103 \u021bar\u0103.<\/p>\n","protected":false},"author":1,"featured_media":0,"parent":2852,"menu_order":1,"comment_status":"closed","ping_status":"closed","template":"powerball-usa.php","meta":{"_et_pb_use_builder":"","_et_pb_old_content":"","_et_gb_content_width":"","exclude_from_search":false,"footnotes":""},"class_list":["post-2857","page","type-page","status-publish","hentry"],"yoast_head":"<!-- This site is optimized with the Yoast SEO plugin v23.8 - https:\/\/yoast.com\/wordpress\/plugins\/seo\/ -->\n<title>Juca Powerball Online din Rom\u00e2nia<\/title>\n<meta name=\"description\" content=\"Serviciul nostru v\u0103 permite s\u0103 juca\u021bi Powerball din orice alt\u0103 \u021bar\u0103, inclusive din Rom\u00e2nia \u2013 achizi\u021biona\u021bi-v\u0103 un bilet chiar acum!\" \/>\n<meta name=\"robots\" content=\"index, follow, max-snippet:-1, max-image-preview:large, max-video-preview:-1\" \/>\n<link rel=\"canonical\" href=\"https:\/\/redfoxlotto.com\/ro\/joaca\/powerball\/\" \/>\n<meta property=\"og:locale\" content=\"ro_RO\" \/>\n<meta property=\"og:type\" content=\"article\" \/>\n<meta property=\"og:title\" content=\"Juca Powerball Online din Rom\u00e2nia\" \/>\n<meta property=\"og:description\" content=\"Serviciul nostru v\u0103 permite s\u0103 juca\u021bi Powerball din orice alt\u0103 \u021bar\u0103, inclusive din Rom\u00e2nia \u2013 achizi\u021biona\u021bi-v\u0103 un bilet chiar acum!\" \/>\n<meta property=\"og:url\" content=\"https:\/\/redfoxlotto.com\/ro\/joaca\/powerball\/\" \/>\n<meta property=\"og:site_name\" content=\"Get Tickets for the World\u2019s largest jackpots\" \/>\n<meta property=\"article:modified_time\" content=\"2025-12-15T21:41:48+00:00\" \/>\n<meta property=\"og:image\" content=\"https:\/\/content.redfoxlotto.com\/uploads\/sites\/9\/2_ticket_powerball2.jpg\" \/>\n<meta name=\"twitter:card\" content=\"summary_large_image\" \/>\n<meta name=\"twitter:label1\" content=\"Timp estimat pentru citire\" \/>\n\t<meta name=\"twitter:data1\" content=\"9 minute\" \/>\n<script type=\"application\/ld+json\" class=\"yoast-schema-graph\">{\"@context\":\"https:\/\/schema.org\",\"@graph\":[{\"@type\":\"WebPage\",\"@id\":\"https:\/\/redfoxlotto.com\/ro\/joaca\/powerball\/\",\"url\":\"https:\/\/redfoxlotto.com\/ro\/joaca\/powerball\/\",\"name\":\"Juca Powerball Online din Rom\u00e2nia\",\"isPartOf\":{\"@id\":\"https:\/\/redfoxlotto.com\/ro\/#website\"},\"primaryImageOfPage\":{\"@id\":\"https:\/\/redfoxlotto.com\/ro\/joaca\/powerball\/#primaryimage\"},\"image\":{\"@id\":\"https:\/\/redfoxlotto.com\/ro\/joaca\/powerball\/#primaryimage\"},\"thumbnailUrl\":\"https:\/\/content.redfoxlotto.com\/uploads\/sites\/9\/2_ticket_powerball2.jpg\",\"datePublished\":\"2023-04-24T17:35:03+00:00\",\"dateModified\":\"2025-12-15T21:41:48+00:00\",\"description\":\"Serviciul nostru v\u0103 permite s\u0103 juca\u021bi Powerball din orice alt\u0103 \u021bar\u0103, inclusive din Rom\u00e2nia \u2013 achizi\u021biona\u021bi-v\u0103 un bilet chiar acum!\",\"breadcrumb\":{\"@id\":\"https:\/\/redfoxlotto.com\/ro\/joaca\/powerball\/#breadcrumb\"},\"inLanguage\":\"ro-RO\",\"potentialAction\":[{\"@type\":\"ReadAction\",\"target\":[\"https:\/\/redfoxlotto.com\/ro\/joaca\/powerball\/\"]}]},{\"@type\":\"ImageObject\",\"inLanguage\":\"ro-RO\",\"@id\":\"https:\/\/redfoxlotto.com\/ro\/joaca\/powerball\/#primaryimage\",\"url\":\"https:\/\/content.redfoxlotto.com\/uploads\/sites\/9\/2_ticket_powerball2.jpg\",\"contentUrl\":\"https:\/\/content.redfoxlotto.com\/uploads\/sites\/9\/2_ticket_powerball2.jpg\"},{\"@type\":\"BreadcrumbList\",\"@id\":\"https:\/\/redfoxlotto.com\/ro\/joaca\/powerball\/#breadcrumb\",\"itemListElement\":[{\"@type\":\"ListItem\",\"position\":1,\"name\":\"Home\",\"item\":\"https:\/\/redfoxlotto.com\/ro\/\"},{\"@type\":\"ListItem\",\"position\":2,\"name\":\"Cum pute\u021bi participa la loteriile interna\u021bionale\",\"item\":\"https:\/\/redfoxlotto.com\/ro\/joaca\/\"},{\"@type\":\"ListItem\",\"position\":3,\"name\":\"Juca\u021bi Powerball din SUA\"}]},{\"@type\":\"WebSite\",\"@id\":\"https:\/\/redfoxlotto.com\/ro\/#website\",\"url\":\"https:\/\/redfoxlotto.com\/ro\/\",\"name\":\"Get Tickets for the World\u2019s largest jackpots\",\"description\":\"Participate in worldwide lottery jackpots from any country\",\"publisher\":{\"@id\":\"https:\/\/redfoxlotto.com\/ro\/#organization\"},\"potentialAction\":[{\"@type\":\"SearchAction\",\"target\":{\"@type\":\"EntryPoint\",\"urlTemplate\":\"https:\/\/redfoxlotto.com\/ro\/?s={search_term_string}\"},\"query-input\":{\"@type\":\"PropertyValueSpecification\",\"valueRequired\":true,\"valueName\":\"search_term_string\"}}],\"inLanguage\":\"ro-RO\"},{\"@type\":\"Organization\",\"@id\":\"https:\/\/redfoxlotto.com\/ro\/#organization\",\"name\":\"Get Tickets for the World\u2019s largest jackpots\",\"url\":\"https:\/\/redfoxlotto.com\/ro\/\",\"logo\":{\"@type\":\"ImageObject\",\"inLanguage\":\"ro-RO\",\"@id\":\"https:\/\/redfoxlotto.com\/ro\/#\/schema\/logo\/image\/\",\"url\":\"https:\/\/redfoxlotto.com\/wp-content\/uploads\/2023\/04\/logo.png\",\"contentUrl\":\"https:\/\/redfoxlotto.com\/wp-content\/uploads\/2023\/04\/logo.png\",\"width\":269,\"height\":53,\"caption\":\"Get Tickets for the World\u2019s largest jackpots\"},\"image\":{\"@id\":\"https:\/\/redfoxlotto.com\/ro\/#\/schema\/logo\/image\/\"}}]}<\/script>\n<!-- \/ Yoast SEO plugin. -->","yoast_head_json":{"title":"Juca Powerball Online din Rom\u00e2nia","description":"Serviciul nostru v\u0103 permite s\u0103 juca\u021bi Powerball din orice alt\u0103 \u021bar\u0103, inclusive din Rom\u00e2nia \u2013 achizi\u021biona\u021bi-v\u0103 un bilet chiar acum!","robots":{"index":"index","follow":"follow","max-snippet":"max-snippet:-1","max-image-preview":"max-image-preview:large","max-video-preview":"max-video-preview:-1"},"canonical":"https:\/\/redfoxlotto.com\/ro\/joaca\/powerball\/","og_locale":"ro_RO","og_type":"article","og_title":"Juca Powerball Online din Rom\u00e2nia","og_description":"Serviciul nostru v\u0103 permite s\u0103 juca\u021bi Powerball din orice alt\u0103 \u021bar\u0103, inclusive din Rom\u00e2nia \u2013 achizi\u021biona\u021bi-v\u0103 un bilet chiar acum!","og_url":"https:\/\/redfoxlotto.com\/ro\/joaca\/powerball\/","og_site_name":"Get Tickets for the World\u2019s largest jackpots","article_modified_time":"2025-12-15T21:41:48+00:00","og_image":[{"url":"https:\/\/content.redfoxlotto.com\/uploads\/sites\/9\/2_ticket_powerball2.jpg"}],"twitter_card":"summary_large_image","twitter_misc":{"Timp estimat pentru citire":"9 minute"},"schema":{"@context":"https:\/\/schema.org","@graph":[{"@type":"WebPage","@id":"https:\/\/redfoxlotto.com\/ro\/joaca\/powerball\/","url":"https:\/\/redfoxlotto.com\/ro\/joaca\/powerball\/","name":"Juca Powerball Online din Rom\u00e2nia","isPartOf":{"@id":"https:\/\/redfoxlotto.com\/ro\/#website"},"primaryImageOfPage":{"@id":"https:\/\/redfoxlotto.com\/ro\/joaca\/powerball\/#primaryimage"},"image":{"@id":"https:\/\/redfoxlotto.com\/ro\/joaca\/powerball\/#primaryimage"},"thumbnailUrl":"https:\/\/content.redfoxlotto.com\/uploads\/sites\/9\/2_ticket_powerball2.jpg","datePublished":"2023-04-24T17:35:03+00:00","dateModified":"2025-12-15T21:41:48+00:00","description":"Serviciul nostru v\u0103 permite s\u0103 juca\u021bi Powerball din orice alt\u0103 \u021bar\u0103, inclusive din Rom\u00e2nia \u2013 achizi\u021biona\u021bi-v\u0103 un bilet chiar acum!","breadcrumb":{"@id":"https:\/\/redfoxlotto.com\/ro\/joaca\/powerball\/#breadcrumb"},"inLanguage":"ro-RO","potentialAction":[{"@type":"ReadAction","target":["https:\/\/redfoxlotto.com\/ro\/joaca\/powerball\/"]}]},{"@type":"ImageObject","inLanguage":"ro-RO","@id":"https:\/\/redfoxlotto.com\/ro\/joaca\/powerball\/#primaryimage","url":"https:\/\/content.redfoxlotto.com\/uploads\/sites\/9\/2_ticket_powerball2.jpg","contentUrl":"https:\/\/content.redfoxlotto.com\/uploads\/sites\/9\/2_ticket_powerball2.jpg"},{"@type":"BreadcrumbList","@id":"https:\/\/redfoxlotto.com\/ro\/joaca\/powerball\/#breadcrumb","itemListElement":[{"@type":"ListItem","position":1,"name":"Home","item":"https:\/\/redfoxlotto.com\/ro\/"},{"@type":"ListItem","position":2,"name":"Cum pute\u021bi participa la loteriile interna\u021bionale","item":"https:\/\/redfoxlotto.com\/ro\/joaca\/"},{"@type":"ListItem","position":3,"name":"Juca\u021bi Powerball din SUA"}]},{"@type":"WebSite","@id":"https:\/\/redfoxlotto.com\/ro\/#website","url":"https:\/\/redfoxlotto.com\/ro\/","name":"Get Tickets for the World\u2019s largest jackpots","description":"Participate in worldwide lottery jackpots from any country","publisher":{"@id":"https:\/\/redfoxlotto.com\/ro\/#organization"},"potentialAction":[{"@type":"SearchAction","target":{"@type":"EntryPoint","urlTemplate":"https:\/\/redfoxlotto.com\/ro\/?s={search_term_string}"},"query-input":{"@type":"PropertyValueSpecification","valueRequired":true,"valueName":"search_term_string"}}],"inLanguage":"ro-RO"},{"@type":"Organization","@id":"https:\/\/redfoxlotto.com\/ro\/#organization","name":"Get Tickets for the World\u2019s largest jackpots","url":"https:\/\/redfoxlotto.com\/ro\/","logo":{"@type":"ImageObject","inLanguage":"ro-RO","@id":"https:\/\/redfoxlotto.com\/ro\/#\/schema\/logo\/image\/","url":"https:\/\/redfoxlotto.com\/wp-content\/uploads\/2023\/04\/logo.png","contentUrl":"https:\/\/redfoxlotto.com\/wp-content\/uploads\/2023\/04\/logo.png","width":269,"height":53,"caption":"Get Tickets for the World\u2019s largest jackpots"},"image":{"@id":"https:\/\/redfoxlotto.com\/ro\/#\/schema\/logo\/image\/"}}]}},"_links":{"self":[{"href":"https:\/\/redfoxlotto.com\/ro\/wp-json\/wp\/v2\/pages\/2857","targetHints":{"allow":["GET"]}}],"collection":[{"href":"https:\/\/redfoxlotto.com\/ro\/wp-json\/wp\/v2\/pages"}],"about":[{"href":"https:\/\/redfoxlotto.com\/ro\/wp-json\/wp\/v2\/types\/page"}],"author":[{"embeddable":true,"href":"https:\/\/redfoxlotto.com\/ro\/wp-json\/wp\/v2\/users\/1"}],"replies":[{"embeddable":true,"href":"https:\/\/redfoxlotto.com\/ro\/wp-json\/wp\/v2\/comments?post=2857"}],"version-history":[{"count":0,"href":"https:\/\/redfoxlotto.com\/ro\/wp-json\/wp\/v2\/pages\/2857\/revisions"}],"up":[{"embeddable":true,"href":"https:\/\/redfoxlotto.com\/ro\/wp-json\/wp\/v2\/pages\/2852"}],"wp:attachment":[{"href":"https:\/\/redfoxlotto.com\/ro\/wp-json\/wp\/v2\/media?parent=2857"}],"curies":[{"name":"wp","href":"https:\/\/api.w.org\/{rel}","templated":true}]}}