{"id":2855,"date":"2023-04-24T17:37:44","date_gmt":"2023-04-24T17:37:44","guid":{"rendered":"https:\/\/redfoxlotto.com\/?page_id=1306"},"modified":"2025-12-17T09:21:15","modified_gmt":"2025-12-17T09:21:15","slug":"mega-millions","status":"publish","type":"page","link":"https:\/\/redfoxlotto.com\/ro\/joaca\/mega-millions\/","title":{"rendered":"Juca\u021bi-v\u0103 Mega Millions din Rom\u00e2nia"},"content":{"rendered":"<p><script type=\"application\/ld+json\">\n{\n  \"@context\": \"https:\/\/schema.org\",\n  \"@type\": \"Service\",\n  \"name\": \"Joac\u0103 Mega Millions online\",\n  \"url\": \"https:\/\/redfoxlotto.com\/ro\/joaca\/mega-millions\/\",\n  \"description\": \"Joac\u0103 loteria Mega Millions online din orice \u021bar\u0103. Viziteaz\u0103 RedFoxLotto, alege numerele tale \u0219i prime\u0219te biletele.\",\n  \"serviceType\": \"Serviciu online de intermediere bilete de loterie\",\n  \"provider\": {\n    \"@type\": \"Organization\",\n    \"name\": \"RedFoxLotto\",\n    \"url\": \"https:\/\/redfoxlotto.com\/ro\/joaca\/mega-millions\/\",\n    \"image\": \"https:\/\/redfoxlotto.com\/wp-content\/uploads\/2025\/12\/ticket_scans.jpg\",\n    \"sameAs\": []\n  },\n  \"areaServed\": \"Worldwide\",\n  \"termsOfService\": \"https:\/\/redfoxlotto.com\/terms-and-conditions\",\n  \"additionalProperty\": {\n    \"@type\": \"PropertyValue\",\n    \"name\": \"FAQ\",\n    \"value\": \"https:\/\/redfoxlotto.com\/ro\/faq\/\"\n  },\n  \"hasOfferCatalog\": {\n    \"@type\": \"OfferCatalog\",\n    \"name\": \"Bilete loterie Mega Millions\",\n    \"itemListElement\": [\n      {\n        \"@type\": \"Offer\",\n        \"name\": \"Bilete Mega Millions\",\n        \"url\": \"https:\/\/redfoxlotto.com\/ro\/joaca\/mega-millions\/\",\n        \"description\": \"Selecteaz\u0103 numerele tale pentru urm\u0103toarea extragere Mega Millions \u0219i comand\u0103 biletele online.\",\n        \"price\": \"13.00\",\n        \"priceCurrency\": \"EUR\",\n        \"availability\": \"https:\/\/schema.org\/InStock\",\n        \"itemOffered\": {\n          \"@type\": \"Service\",\n          \"name\": \"Bilete Mega Millions\",\n          \"description\": \"Particip\u0103 la urm\u0103toarea extragere Mega Millions prin RedFoxLotto.\"\n        }\n      }\n    ]\n  },\n  \"mainEntityOfPage\": {\n    \"@type\": \"WebPage\",\n    \"@id\": \"https:\/\/redfoxlotto.com\/ro\/joaca\/mega-millions\/\"\n  }\n}\n<\/script><\/p>\n<p>Nu trebuie s\u0103 c\u0103l\u0103tori\u021bi \u00een SUA, pentru a participa la loteria american\u0103 Mega Millions. \u00cen acea\u0219i m\u0103sur\u0103, v\u0103 ve\u021bi putea juca la Mega Millions din Rom\u00e2nia. V\u0103 vom punem la dispozi\u021bie biletele prin intermediul serviciului nostru. Le pute\u021bi comanda direct de pe site-ul nostru. Unul dintre agen\u021bii no\u0219tri din SUA v\u0103 va <a href=\"https:\/\/redfoxlotto.com\/ro\/informatie\/\">achizi\u021biona biletele<\/a> (cu numerele pe care le-a\u021bi ales). Apoi, ve\u021bi primi un e-mail din partea noastr\u0103, care v\u0103 va confirma achizi\u021bia. \u00cen plus, ne vom ocupa de virarea c\u00e2\u0219tigurilor ob\u021binute de dumneavoastr\u0103. V\u0103 rug\u0103m, consulta\u021bi sec\u021biunea noastr\u0103 de \u00eentreb\u0103ri frecvente, pentru a afla mai multe detalii referitoare la serviciul nostrum.<\/p>\n<h2>Regulile Loteriei Mega Million<\/h2>\n<p>Juc\u0103torul va alege cinci numere \u00eentre 1 \u0219i 70, precum \u0219i un num\u0103r suplimentar de la 1 la 25. Pentru a <a href=\"https:\/\/redfoxlotto.com\/ro\/rezultate\/mega-millions\/\">c\u00e2\u0219tiga jackpotul<\/a>, toate cele \u0219ase numere trebuie s\u0103 fie alese corect. Pentru cinci numere principale corect alese, premiul este de $ 1 milion.<\/p>\n<h2>Jackpotul Mega Millions<\/h2>\n<p><img loading=\"lazy\" decoding=\"async\" class=\" wp-image alignright\" src=\"https:\/\/content.redfoxlotto.com\/uploads\/sites\/9\/2_ticket_mega_millions.jpg\" alt=\" mega milioane online \" width=\"201\" height=\"217\" \/><br \/>\nLoteria <a href=\"https:\/\/redfoxlotto.com\/ro\/informatie\/mega-millions\/\">Mega Millions<\/a> este cunoscut\u0103 pentru jackpoturile sale care se afl\u0103 \u00eentr-o cre\u0219tere rapid\u0103. Acest lucru se datoreaz\u0103 faptului c\u0103, pe de o parte, sute de milioane de bilete sunt v\u00e2ndute s\u0103pt\u0103m\u00e2nal \u00een SUA. Dar, cu toate acestea, jackpotul nu este c\u00e2\u0219tigat s\u0103pt\u0103m\u00e2ni la r\u00e2nd. Jackpotul \u00eencepe mereu de la cel pu\u021bin $40 de milioane. De regul\u0103, \u00eencepe la un prag mai mic, ca de exemplu $10-15 milioane pe extragere (au loc dou\u0103 extrageri pe s\u0103pt\u0103m\u00e2n\u0103).<\/p>\n<p>Atunci c\u00e2nd nicio persoan\u0103 nu c\u00e2\u0219tig\u0103 premiul de top, se ajunge foarte repede la suma de 100 de milioane. Odat\u0103 ce acest prag a fost dep\u0103\u0219it, sunt v\u00e2ndute mai multe bilete dec\u00e2t de obicei. Jackpotul \u00eencepe s\u0103 \u201eexplodeze\u201d. Cre\u0219terile de la 200 milioane la 500 milioane \u00een doar o s\u0103pt\u0103m\u00e2n\u0103 sunt normale. Iar dac\u0103 jackpotul nu a fost c\u00e2\u0219tigat pe parcursul a 10 s\u0103pt\u0103m\u00e2ni, atunci acesta va dep\u0103\u0219i chiar \u0219i suma de 1 miliard de dolari, eveniment care chiar a avut loc pe dat\u0103 de 19\/10\/2018. Jackpotul a fost, \u00een sf\u00e2r\u0219it, c\u00e2\u0219tigat de un singur c\u00e2\u0219tig\u0103tor pe data de 23\/10\/2018, \u00een momentul \u00een care cuantumul s\u0103u a fost de 1.6 miliarde.<\/p>\n<p>Ori de c\u00e2te ori cuantumul jackpotului este substan\u021bial, ar trebui s\u0103 fi\u021bi \u00een\u021belept atunci c\u00e2nd v\u0103 ve\u021bi comanda biletul, \u00een a\u0219a fel \u00eenc\u00e2t acesta s\u0103 participe la mai multe extrageri consecutive. Astfel, v\u0103 ve\u021bi asigura c\u0103 ve\u021bi fi \u00een joc pentru urm\u0103toarele jackpot-uri mai mari.<\/p>\n<p>Este important de men\u021bionat c\u0103 eventualul c\u00e2\u0219tig\u0103tor al jackpotului poate alege \u00eentre dou\u0103 op\u021biuni. Fie alege s\u0103 primeasc\u0103 suma total\u0103 \u00een 30 de pl\u0103\u021bi anuale (cu o cre\u0219tere anual\u0103 de 5%, pentru ajustarea infla\u021biei), fie decide s\u0103 primeasc\u0103 suma \u00eentregal dintr-o singur\u0103 plat\u0103 imediat\u0103. Aceast\u0103 plat\u0103 ar fi mai mic\u0103 dec\u00e2t suma total\u0103 a jackpotului.<\/p>\n<h2>Este acest serviciu legal pentru juc\u0103torii din Rom\u00e2nia?<\/h2>\n<p><img loading=\"lazy\" decoding=\"async\" class=\" wp-image alignright\" src=\"https:\/\/content.redfoxlotto.com\/uploads\/sites\/9\/1_play_mega_millions_jackpot.jpg\" alt=\" joac\u0103 din Marea Britanie \" width=\"225\" height=\"227\" \/><br \/>\nAcest serviciu este 100% legal pentru to\u021bi juc\u0103torii din \u00eentreaga lume, inclusiv din Rom\u00e2nia. Practic, este ca \u0219i cum a\u021bi achizi\u021biona un bilet la Mega Millions pe timpul unei c\u0103l\u0103torii \u00een SUA. Pentru c\u0103 \u00een loteriile din SUA, biletele pot fi v\u00e2ndute oric\u0103rei persoane de peste 18 ani, str\u0103inii pot c\u00e2\u0219tiga \u00een mod legal. \u00cen cele din urm\u0103, tot ceea ce conteaz\u0103 este s\u0103 ave\u021bi biletul asupra dumneavoastr\u0103. Mai mult, ne vom asigura c\u0103 ve\u021bi primi ceea ce a\u021bi c\u00e2\u0219tigat. \u00cen cazul c\u00e2\u0219tigurilor mai mari (de peste 2500 \u20ac), ve\u021bi primi un cec sau se va realiza un transfer bancar.<\/p>\n<p>De\u0219i, \u00een cazul \u00een care ve\u021bi c\u00e2\u0219tiga jackpotul, va trebui s\u0103 veni\u021bi \u00een SUA, unde cecul v\u0103 va fi \u00eenm\u00e2nat personal. Cu siguran\u021b\u0103, ve\u021bi fi fericit \u0219i \u00eenc\u00e2ntat s\u0103 face\u021bi aceast\u0103 c\u0103l\u0103torie!<\/p>\n<p>Este <a href=\"https:\/\/redfoxlotto.com\/ro\/suma-curenta-a-jackpotului-powerball-si-mega-millions\/\">urm\u0103torul jackpot Mega Millions<\/a> rezervat pentru dumneavoastr\u0103? \u00cencerca\u021bi-v\u0103 \u00een acest moment norocul &#8211; nu ve\u021bi putea c\u00e2\u0219tiga, dac\u0103 nu v\u0103 ve\u021bi achizi\u021biona un bilet!<\/p>\n","protected":false},"excerpt":{"rendered":"<p>Nu trebuie s\u0103 c\u0103l\u0103tori\u021bi \u00een SUA, pentru a participa la loteria american\u0103 Mega Millions. \u00cen acea\u0219i m\u0103sur\u0103, v\u0103 ve\u021bi putea juca la Mega Millions din Rom\u00e2nia. V\u0103 vom punem la dispozi\u021bie biletele prin intermediul serviciului nostru. Le pute\u021bi comanda direct de pe site-ul nostru. Unul dintre agen\u021bii no\u0219tri din SUA v\u0103 va achizi\u021biona biletele (cu [&hellip;]<\/p>\n","protected":false},"author":1,"featured_media":0,"parent":2852,"menu_order":2,"comment_status":"closed","ping_status":"closed","template":"megamillion.php","meta":{"_et_pb_use_builder":"","_et_pb_old_content":"","_et_gb_content_width":"","exclude_from_search":false,"footnotes":""},"class_list":["post-2855","page","type-page","status-publish","hentry"],"yoast_head":"<!-- This site is optimized with the Yoast SEO plugin v23.8 - https:\/\/yoast.com\/wordpress\/plugins\/seo\/ -->\n<title>Juca Mega Millions online din Rom\u00e2nia<\/title>\n<meta name=\"description\" content=\"Comanda\u021bi-v\u0103 de aici biletul la Mega Millions \u2013 din Rom\u00e2nia sau din alte \u021b\u0103ri!\" \/>\n<meta name=\"robots\" content=\"index, follow, max-snippet:-1, max-image-preview:large, max-video-preview:-1\" \/>\n<link rel=\"canonical\" href=\"https:\/\/redfoxlotto.com\/ro\/joaca\/mega-millions\/\" \/>\n<meta property=\"og:locale\" content=\"ro_RO\" \/>\n<meta property=\"og:type\" content=\"article\" \/>\n<meta property=\"og:title\" content=\"Juca Mega Millions online din Rom\u00e2nia\" \/>\n<meta property=\"og:description\" content=\"Comanda\u021bi-v\u0103 de aici biletul la Mega Millions \u2013 din Rom\u00e2nia sau din alte \u021b\u0103ri!\" \/>\n<meta property=\"og:url\" content=\"https:\/\/redfoxlotto.com\/ro\/joaca\/mega-millions\/\" \/>\n<meta property=\"og:site_name\" content=\"Get Tickets for the World\u2019s largest jackpots\" \/>\n<meta property=\"article:modified_time\" content=\"2025-12-17T09:21:15+00:00\" \/>\n<meta property=\"og:image\" content=\"https:\/\/content.redfoxlotto.com\/uploads\/sites\/9\/2_ticket_mega_millions.jpg\" \/>\n<meta name=\"twitter:card\" content=\"summary_large_image\" \/>\n<meta name=\"twitter:label1\" content=\"Timp estimat pentru citire\" \/>\n\t<meta name=\"twitter:data1\" content=\"4 minute\" \/>\n<script type=\"application\/ld+json\" class=\"yoast-schema-graph\">{\"@context\":\"https:\/\/schema.org\",\"@graph\":[{\"@type\":\"WebPage\",\"@id\":\"https:\/\/redfoxlotto.com\/ro\/joaca\/mega-millions\/\",\"url\":\"https:\/\/redfoxlotto.com\/ro\/joaca\/mega-millions\/\",\"name\":\"Juca Mega Millions online din Rom\u00e2nia\",\"isPartOf\":{\"@id\":\"https:\/\/redfoxlotto.com\/ro\/#website\"},\"primaryImageOfPage\":{\"@id\":\"https:\/\/redfoxlotto.com\/ro\/joaca\/mega-millions\/#primaryimage\"},\"image\":{\"@id\":\"https:\/\/redfoxlotto.com\/ro\/joaca\/mega-millions\/#primaryimage\"},\"thumbnailUrl\":\"https:\/\/content.redfoxlotto.com\/uploads\/sites\/9\/2_ticket_mega_millions.jpg\",\"datePublished\":\"2023-04-24T17:37:44+00:00\",\"dateModified\":\"2025-12-17T09:21:15+00:00\",\"description\":\"Comanda\u021bi-v\u0103 de aici biletul la Mega Millions \u2013 din Rom\u00e2nia sau din alte \u021b\u0103ri!\",\"breadcrumb\":{\"@id\":\"https:\/\/redfoxlotto.com\/ro\/joaca\/mega-millions\/#breadcrumb\"},\"inLanguage\":\"ro-RO\",\"potentialAction\":[{\"@type\":\"ReadAction\",\"target\":[\"https:\/\/redfoxlotto.com\/ro\/joaca\/mega-millions\/\"]}]},{\"@type\":\"ImageObject\",\"inLanguage\":\"ro-RO\",\"@id\":\"https:\/\/redfoxlotto.com\/ro\/joaca\/mega-millions\/#primaryimage\",\"url\":\"https:\/\/content.redfoxlotto.com\/uploads\/sites\/9\/2_ticket_mega_millions.jpg\",\"contentUrl\":\"https:\/\/content.redfoxlotto.com\/uploads\/sites\/9\/2_ticket_mega_millions.jpg\"},{\"@type\":\"BreadcrumbList\",\"@id\":\"https:\/\/redfoxlotto.com\/ro\/joaca\/mega-millions\/#breadcrumb\",\"itemListElement\":[{\"@type\":\"ListItem\",\"position\":1,\"name\":\"Home\",\"item\":\"https:\/\/redfoxlotto.com\/ro\/\"},{\"@type\":\"ListItem\",\"position\":2,\"name\":\"Cum pute\u021bi participa la loteriile interna\u021bionale\",\"item\":\"https:\/\/redfoxlotto.com\/ro\/joaca\/\"},{\"@type\":\"ListItem\",\"position\":3,\"name\":\"Juca\u021bi-v\u0103 Mega Millions din Rom\u00e2nia\"}]},{\"@type\":\"WebSite\",\"@id\":\"https:\/\/redfoxlotto.com\/ro\/#website\",\"url\":\"https:\/\/redfoxlotto.com\/ro\/\",\"name\":\"Get Tickets for the World\u2019s largest jackpots\",\"description\":\"Participate in worldwide lottery jackpots from any country\",\"publisher\":{\"@id\":\"https:\/\/redfoxlotto.com\/ro\/#organization\"},\"potentialAction\":[{\"@type\":\"SearchAction\",\"target\":{\"@type\":\"EntryPoint\",\"urlTemplate\":\"https:\/\/redfoxlotto.com\/ro\/?s={search_term_string}\"},\"query-input\":{\"@type\":\"PropertyValueSpecification\",\"valueRequired\":true,\"valueName\":\"search_term_string\"}}],\"inLanguage\":\"ro-RO\"},{\"@type\":\"Organization\",\"@id\":\"https:\/\/redfoxlotto.com\/ro\/#organization\",\"name\":\"Get Tickets for the World\u2019s largest jackpots\",\"url\":\"https:\/\/redfoxlotto.com\/ro\/\",\"logo\":{\"@type\":\"ImageObject\",\"inLanguage\":\"ro-RO\",\"@id\":\"https:\/\/redfoxlotto.com\/ro\/#\/schema\/logo\/image\/\",\"url\":\"https:\/\/redfoxlotto.com\/wp-content\/uploads\/2023\/04\/logo.png\",\"contentUrl\":\"https:\/\/redfoxlotto.com\/wp-content\/uploads\/2023\/04\/logo.png\",\"width\":269,\"height\":53,\"caption\":\"Get Tickets for the World\u2019s largest jackpots\"},\"image\":{\"@id\":\"https:\/\/redfoxlotto.com\/ro\/#\/schema\/logo\/image\/\"}}]}<\/script>\n<!-- \/ Yoast SEO plugin. -->","yoast_head_json":{"title":"Juca Mega Millions online din Rom\u00e2nia","description":"Comanda\u021bi-v\u0103 de aici biletul la Mega Millions \u2013 din Rom\u00e2nia sau din alte \u021b\u0103ri!","robots":{"index":"index","follow":"follow","max-snippet":"max-snippet:-1","max-image-preview":"max-image-preview:large","max-video-preview":"max-video-preview:-1"},"canonical":"https:\/\/redfoxlotto.com\/ro\/joaca\/mega-millions\/","og_locale":"ro_RO","og_type":"article","og_title":"Juca Mega Millions online din Rom\u00e2nia","og_description":"Comanda\u021bi-v\u0103 de aici biletul la Mega Millions \u2013 din Rom\u00e2nia sau din alte \u021b\u0103ri!","og_url":"https:\/\/redfoxlotto.com\/ro\/joaca\/mega-millions\/","og_site_name":"Get Tickets for the World\u2019s largest jackpots","article_modified_time":"2025-12-17T09:21:15+00:00","og_image":[{"url":"https:\/\/content.redfoxlotto.com\/uploads\/sites\/9\/2_ticket_mega_millions.jpg"}],"twitter_card":"summary_large_image","twitter_misc":{"Timp estimat pentru citire":"4 minute"},"schema":{"@context":"https:\/\/schema.org","@graph":[{"@type":"WebPage","@id":"https:\/\/redfoxlotto.com\/ro\/joaca\/mega-millions\/","url":"https:\/\/redfoxlotto.com\/ro\/joaca\/mega-millions\/","name":"Juca Mega Millions online din Rom\u00e2nia","isPartOf":{"@id":"https:\/\/redfoxlotto.com\/ro\/#website"},"primaryImageOfPage":{"@id":"https:\/\/redfoxlotto.com\/ro\/joaca\/mega-millions\/#primaryimage"},"image":{"@id":"https:\/\/redfoxlotto.com\/ro\/joaca\/mega-millions\/#primaryimage"},"thumbnailUrl":"https:\/\/content.redfoxlotto.com\/uploads\/sites\/9\/2_ticket_mega_millions.jpg","datePublished":"2023-04-24T17:37:44+00:00","dateModified":"2025-12-17T09:21:15+00:00","description":"Comanda\u021bi-v\u0103 de aici biletul la Mega Millions \u2013 din Rom\u00e2nia sau din alte \u021b\u0103ri!","breadcrumb":{"@id":"https:\/\/redfoxlotto.com\/ro\/joaca\/mega-millions\/#breadcrumb"},"inLanguage":"ro-RO","potentialAction":[{"@type":"ReadAction","target":["https:\/\/redfoxlotto.com\/ro\/joaca\/mega-millions\/"]}]},{"@type":"ImageObject","inLanguage":"ro-RO","@id":"https:\/\/redfoxlotto.com\/ro\/joaca\/mega-millions\/#primaryimage","url":"https:\/\/content.redfoxlotto.com\/uploads\/sites\/9\/2_ticket_mega_millions.jpg","contentUrl":"https:\/\/content.redfoxlotto.com\/uploads\/sites\/9\/2_ticket_mega_millions.jpg"},{"@type":"BreadcrumbList","@id":"https:\/\/redfoxlotto.com\/ro\/joaca\/mega-millions\/#breadcrumb","itemListElement":[{"@type":"ListItem","position":1,"name":"Home","item":"https:\/\/redfoxlotto.com\/ro\/"},{"@type":"ListItem","position":2,"name":"Cum pute\u021bi participa la loteriile interna\u021bionale","item":"https:\/\/redfoxlotto.com\/ro\/joaca\/"},{"@type":"ListItem","position":3,"name":"Juca\u021bi-v\u0103 Mega Millions din Rom\u00e2nia"}]},{"@type":"WebSite","@id":"https:\/\/redfoxlotto.com\/ro\/#website","url":"https:\/\/redfoxlotto.com\/ro\/","name":"Get Tickets for the World\u2019s largest jackpots","description":"Participate in worldwide lottery jackpots from any country","publisher":{"@id":"https:\/\/redfoxlotto.com\/ro\/#organization"},"potentialAction":[{"@type":"SearchAction","target":{"@type":"EntryPoint","urlTemplate":"https:\/\/redfoxlotto.com\/ro\/?s={search_term_string}"},"query-input":{"@type":"PropertyValueSpecification","valueRequired":true,"valueName":"search_term_string"}}],"inLanguage":"ro-RO"},{"@type":"Organization","@id":"https:\/\/redfoxlotto.com\/ro\/#organization","name":"Get Tickets for the World\u2019s largest jackpots","url":"https:\/\/redfoxlotto.com\/ro\/","logo":{"@type":"ImageObject","inLanguage":"ro-RO","@id":"https:\/\/redfoxlotto.com\/ro\/#\/schema\/logo\/image\/","url":"https:\/\/redfoxlotto.com\/wp-content\/uploads\/2023\/04\/logo.png","contentUrl":"https:\/\/redfoxlotto.com\/wp-content\/uploads\/2023\/04\/logo.png","width":269,"height":53,"caption":"Get Tickets for the World\u2019s largest jackpots"},"image":{"@id":"https:\/\/redfoxlotto.com\/ro\/#\/schema\/logo\/image\/"}}]}},"_links":{"self":[{"href":"https:\/\/redfoxlotto.com\/ro\/wp-json\/wp\/v2\/pages\/2855","targetHints":{"allow":["GET"]}}],"collection":[{"href":"https:\/\/redfoxlotto.com\/ro\/wp-json\/wp\/v2\/pages"}],"about":[{"href":"https:\/\/redfoxlotto.com\/ro\/wp-json\/wp\/v2\/types\/page"}],"author":[{"embeddable":true,"href":"https:\/\/redfoxlotto.com\/ro\/wp-json\/wp\/v2\/users\/1"}],"replies":[{"embeddable":true,"href":"https:\/\/redfoxlotto.com\/ro\/wp-json\/wp\/v2\/comments?post=2855"}],"version-history":[{"count":0,"href":"https:\/\/redfoxlotto.com\/ro\/wp-json\/wp\/v2\/pages\/2855\/revisions"}],"up":[{"embeddable":true,"href":"https:\/\/redfoxlotto.com\/ro\/wp-json\/wp\/v2\/pages\/2852"}],"wp:attachment":[{"href":"https:\/\/redfoxlotto.com\/ro\/wp-json\/wp\/v2\/media?parent=2855"}],"curies":[{"name":"wp","href":"https:\/\/api.w.org\/{rel}","templated":true}]}}