{"id":2854,"date":"2022-10-26T09:30:02","date_gmt":"2022-10-26T09:30:02","guid":{"rendered":"https:\/\/redfoxlotto.com\/?page_id=1303"},"modified":"2025-12-17T08:10:25","modified_gmt":"2025-12-17T08:10:25","slug":"euromillions","status":"publish","type":"page","link":"https:\/\/redfoxlotto.com\/ro\/joaca\/euromillions\/","title":{"rendered":"Cum se joac\u0103 la Euromillions din Rom\u00e2nia"},"content":{"rendered":"<p><script type=\"application\/ld+json\">\n{\n  \"@context\": \"https:\/\/schema.org\",\n  \"@type\": \"Service\",\n  \"name\": \"Joac\u0103 Euromillions Online\",\n  \"url\": \"https:\/\/redfoxlotto.com\/ro\/joaca\/euromillions\/\",\n  \"description\": \"Joac\u0103 loteria Euromillions online din orice \u021bar\u0103. Viziteaz\u0103 RedFoxLotto, alege-\u021bi numerele \u0219i ob\u021bine biletele tale.\",\n  \"serviceType\": \"Online lottery ticket messenger service\",\n  \"provider\": {\n    \"@type\": \"Organization\",\n    \"name\": \"RedFoxLotto\",\n    \"url\": \"https:\/\/redfoxlotto.com\/ro\/\",\n    \"image\": \"https:\/\/redfoxlotto.com\/wp-content\/uploads\/2025\/12\/ticket_scans.jpg\",\n    \"sameAs\": []\n  },\n  \"areaServed\": \"Worldwide\",\n  \"termsOfService\": \"https:\/\/redfoxlotto.com\/terms-and-conditions\",\n  \"additionalProperty\": {\n    \"@type\": \"PropertyValue\",\n    \"name\": \"FAQ\",\n    \"value\": \"https:\/\/redfoxlotto.com\/ro\/faq\/\"\n  },\n  \"hasOfferCatalog\": {\n    \"@type\": \"OfferCatalog\",\n    \"name\": \"Bilete Euromillions\",\n    \"itemListElement\": [\n      {\n        \"@type\": \"Offer\",\n        \"name\": \"Bilete Euromillions\",\n        \"url\": \"https:\/\/redfoxlotto.com\/ro\/joaca\/euromillions\/\",\n        \"description\": \"Click aici pentru a selecta numerele pentru urm\u0103toarea extragere Euromillions \u2013 comand\u0103 biletele online.\",\n        \"price\": \"7.00\",\n        \"priceCurrency\": \"EUR\",\n        \"availability\": \"https:\/\/schema.org\/InStock\",\n        \"itemOffered\": {\n          \"@type\": \"Service\",\n          \"name\": \"Bilete Euromillions\",\n          \"description\": \"Joac\u0103 \u00een urm\u0103toarea extragere Euromillions prin RedFoxLotto.\"\n        }\n      }\n    ]\n  },\n  \"mainEntityOfPage\": {\n    \"@type\": \"WebPage\",\n    \"@id\": \"https:\/\/redfoxlotto.com\/ro\/joaca\/euromillions\/\"\n  }\n}\n<\/script><\/p>\n<p>A\u021bi auzit vreodat\u0103 de fapt de EuroMillions? Dac\u0103 locui\u021bi \u00eentr-o \u021bar\u0103 european\u0103, cu siguran\u021b\u0103 a\u021bi auzit. Dar dac\u0103 locui\u021bi \u00een Rom\u00e2nia, s-ar putea s\u0103 nu. A\u0219adar, haide\u021bi s\u0103 vedem mai \u00eendeaproape cum se joac\u0103 EuroMillions online, da?<\/p>\n<p>EuroMillions este o loterie interna\u021bional\u0103 care poate fi jucat\u0103 \u00een nou\u0103 \u021b\u0103ri europene. Asta \u00eenseamn\u0103 c\u0103 este posibil s\u0103 locui\u021bi deja \u00eentr-o \u021bar\u0103 din care pute\u021bi cump\u0103ra un bilet. Cu toate acestea, biletele pentru loteria EuroMillions nu pot fi cump\u0103rate \u00een magazinele din alte \u021b\u0103ri, iar asta include \u0219i Rom\u00e2nia.<\/p>\n<p>Acum, cu siguran\u021b\u0103 ve\u021bi dori s\u0103 face\u021bi ceva \u00een leg\u0103tur\u0103 cu acest lucru, deoarece, \u00een afar\u0103 de Eurojackpot, EuroMillions este cea mai mare loterie din Europa. Loteria a fost \u00eenfiin\u021bat\u0103 \u00een 2004 \u0219i p\u00e2n\u0103 \u00een prezent jackpotul record se ridic\u0103 la 190 de milioane de euro. Acesta a fost c\u00e2\u0219tigat de un singur juc\u0103tor necunoscut \u00een octombrie 2014. Este cu siguran\u021b\u0103 ceva la care ve\u021bi dori s\u0103 ave\u021bi cel pu\u021bin o \u0219ans\u0103, nu-i a\u0219a?<\/p>\n<p>Vrei s\u0103 po\u021bi spune c\u0103 aproape ai c\u00e2\u0219tigat la EuroMillions? Ei bine, de aceea vei avea nevoie s\u0103 afli mai multe despre biletele lor.<img loading=\"lazy\" decoding=\"async\" class=\"wp-image-4203 alignright\" src=\"https:\/\/content.redfoxlotto.com\/uploads\/sites\/9\/2_ticket_euromillions.jpg\" alt=\"euromillions online\" width=\"156\" height=\"416\" \/><\/p>\n<p>Extragerile loto EuroMillions au loc la Paris \u00een zilele de mar\u021bi \u0219i vineri. Pentru a c\u00e2\u0219tiga premiul cel mare, un bilet trebuie s\u0103 prezinte corect 5 numere de la 1 la 50, precum \u0219i &#8222;steaua norocoas\u0103&#8221;, un num\u0103r \u00eentre 1 \u0219i 12. Bine\u00een\u021beles, exist\u0103 \u0219i alte niveluri de c\u00e2\u0219tig. Pentru cel mai mic c\u00e2\u0219tig, trebuie s\u0103 fi bifat corect 2 dintre cele 5 numere principale.<\/p>\n<p>Toate acestea \u00eenseamn\u0103 c\u0103 ve\u021bi avea \u0219anse foarte mari de a c\u00e2\u0219tiga ceva, deoarece trebuie s\u0103 potrivi\u021bi doar 2 numere pentru a c\u00e2\u0219tiga un premiu. Iar c\u00e2nd ve\u021bi c\u00e2\u0219tiga chiar \u0219i un premiu mai mic, ve\u021bi avea banii de care ave\u021bi nevoie pentru a cump\u0103ra un nou bilet \u0219i a \u00eencerca din nou la urm\u0103toarea extragere.<\/p>\n<h2>Cum func\u021bioneaz\u0103 achizi\u021bia online de bilete din Rom\u00e2nia?<\/h2>\n<p>Pentru a cump\u0103ra bilete \u0219i a juca EuroMillions online din Rom\u00e2nia, tot ce trebuie s\u0103 faci este s\u0103 dai click pe EuroMillions pe site-ul nostru. De acolo, vei fi ghidat prin pa\u0219ii pe care trebuie s\u0103 \u00eei urmezi pentru a ob\u021bine acel bilet. \u00ce\u021bi alegi numerele, orice numere dore\u0219ti (at\u00e2ta timp c\u00e2t se \u00eencadreaz\u0103 \u00een reguli). Exist\u0103 \u0219i o func\u021bie &#8222;Quick Pick&#8221; disponibil\u0103.<\/p>\n<p>Cu un singur clic de mouse, pute\u021bi face ca un generator de numere aleatorii s\u0103 v\u0103 determine numerele. Pute\u021bi modifica \u00een continuare manual numerele alese, dac\u0103 dori\u021bi, astfel \u00eenc\u00e2t s\u0103 ob\u021bine\u021bi o combina\u021bie de numere alese de dumneavoastr\u0103 \u0219i numere care au fost alese aleatoriu pentru dumneavoastr\u0103. Apoi, ad\u0103uga\u021bi \u00een co\u0219ul de cump\u0103r\u0103turi at\u00e2tea bilete c\u00e2te dori\u021bi, astfel \u00eenc\u00e2t s\u0103 fi\u021bi gata de cump\u0103rare.<\/p>\n<p>Dac\u0103 dori\u021bi, pute\u021bi ad\u0103uga mai multe bilete la comanda dumneavoastr\u0103. Comanda dvs. poate include chiar \u0219i bilete pentru alte loterii. Mul\u021bi dintre clien\u021bii no\u0219tri joac\u0103 la mai multe loterii interna\u021bionale \u00een acela\u0219i timp. Cei mai mul\u021bi oameni \u00ee\u0219i aleg loteriile \u00een func\u021bie de m\u0103rimea jackpotului curent \u0219i probabil c\u0103 acolo ve\u021bi g\u0103si \u0219i EuroMillions. Jackpotul se descurc\u0103 de obicei foarte bine \u0219i este unul pe care ve\u021bi dori s\u0103 \u00eel vede\u021bi cu ochii vo\u0219tri (\u0219i s\u0103 participa\u021bi).<\/p>\n<p>Apoi, urma\u021bi instruc\u021biunile de pe site-ul nostru pentru a finaliza achizi\u021bia \u0219i a pl\u0103ti online. Pute\u021bi ob\u021bine biletul \u00een doar c\u00e2teva minute, chiar dac\u0103 nu ave\u021bi deja un cont la noi. Noi chiar facem ca totul s\u0103 fie at\u00e2t de u\u0219or de f\u0103cut.<\/p>\n<h2>Avantajele de a juca la loteriile interna\u021bionale precum Euromillions online<\/h2>\n<p>L\u0103s\u00e2nd la o parte comoditatea, iat\u0103 unul dintre avantajele majore ale jocului la loteriile interna\u021bionale. V\u0103 pute\u021bi folosi banii de loterie mai profitabil, cump\u0103r\u00e2nd doar bilete pentru acele loterii ale c\u0103ror jackpot-uri sunt \u00een prezent suficient de mari. Nu trebuie s\u0103 a\u0219tepta\u021bi s\u0103pt\u0103m\u00e2ni \u00eentregi ca jackpotul loteriei na\u021bionale s\u0103 fie suficient de mare \u00een \u021bara dvs. Pute\u021bi alege un jackpot online mult mai mare, practic, \u00een orice moment. De fapt, cele mai multe \u021b\u0103ri din lume au loterii care nu ajung niciodat\u0103 la jackpoturi care au m\u0103car o frac\u021biune din ceea ce au cele mai mari loterii mondiale.<\/p>\n<p>Pentru cei care vor cu adev\u0103rat o \u0219ans\u0103 la unele dintre cele mai mari premii care sunt cu siguran\u021b\u0103 cea mai bun\u0103 parte dintre toate. Vrei s\u0103 ai o \u0219ans\u0103 la milioane, mai degrab\u0103 dec\u00e2t la unele dintre sumele mici de la care \u00eencep multe dintre loteriile din Rom\u00e2nia. Sigur, este frumos s\u0103 c\u00e2\u0219tigi. Dar va fi \u0219i mai frumos s\u0103 c\u00e2\u0219tigi dac\u0103 prime\u0219ti ceva care \u00ee\u021bi va schimba cu adev\u0103rat via\u021ba \u00een loc s\u0103 c\u00e2\u0219tigi ceva care \u00ee\u021bi va cump\u0103ra doar urm\u0103torul bilet pe care \u00eel dore\u0219ti.<\/p>\n<p>Datorit\u0103 faptului c\u0103 exist\u0103 dou\u0103 extrageri s\u0103pt\u0103m\u00e2nale, jackpotul EuroMillions cre\u0219te destul de repede. Din acest motiv, poate dori\u021bi s\u0103 lua\u021bi \u00een considerare activarea op\u021biunii ca biletele dvs. s\u0103 participe la mai multe extrageri consecutive. Acest lucru se poate face \u00een timpul procesului de achizi\u021bie online.<\/p>\n<p>Op\u021biunea v\u0103 este disponibil\u0103 \u00eenainte de finalizarea comenzii. Astfel, r\u0103m\u00e2ne\u021bi \u00eentotdeauna \u00een joc pentru urm\u0103torul jackpot cel mai mare la urm\u0103toarea extragere. Este posibil ca urm\u0103toarea extragere s\u0103 nu aib\u0103 un c\u00e2\u0219tig\u0103tor pentru premiul principal, dar poate c\u0103 cea de dup\u0103 va fi \u0219ansa ta norocoas\u0103.<img loading=\"lazy\" decoding=\"async\" class=\"alignright size-full wp-image-4215\" src=\"https:\/\/content.redfoxlotto.com\/uploads\/sites\/9\/1_play_onlinelottery4.jpg\" alt=\"joac\u0103 online\" width=\"231\" height=\"130\" \/><\/p>\n<p>Dac\u0103 achizi\u021biona\u021bi extrageri suplimentare pentru un singur bilet \u00eenseamn\u0103, de asemenea, c\u0103 nu trebuie s\u0103 v\u0103 face\u021bi griji pentru a ob\u021bine mai multe bilete pentru ceva mai mult timp. Pute\u021bi a\u0219tepta s\u0103 vede\u021bi ce face biletul dvs. actual \u0219i s\u0103 vede\u021bi cum v\u0103 va aduce un mare c\u00e2\u0219tig. Este super simplu \u0219i te va face mai mult dec\u00e2t fericit c\u00e2nd vei vedea posibila plat\u0103.<\/p>\n<p>Juc\u0103torii pl\u0103tesc un pic mai mult pentru c\u0103 biletele EuroMillions sunt achizi\u021bionate \u00een Regatul Unit. Acest lucru se datoreaz\u0103 faptului c\u0103 biletele din Regatul Unit vin cu o intrare automat\u0103 \u00een extragerea Millionaire Maker, care ofer\u0103 o oportunitate suplimentar\u0103 de a c\u00e2\u0219tiga o recompens\u0103 de 1 milion de lire sterline.<\/p>\n<p>Millionaire Maker func\u021bioneaz\u0103 prin generarea unui cod unic pentru fiecare bilet cump\u0103rat. Acest cod const\u0103 din patru litere urmate de cinci numere (de exemplu, ABCD12345). La fiecare extragere, unul sau mai multe dintre aceste coduri sunt selectate aleatoriu, iar de\u021bin\u0103torul biletului cu codul corespunz\u0103tor c\u00e2\u0219tig\u0103 instantaneu 1 milion de lire sterline, indiferent de numerele principale extrase la EuroMillions.<\/p>\n<p>Aceast\u0103 caracteristic\u0103 face ca jocul EuroMillions din Regatul Unit s\u0103 fie deosebit de atractiv, deoarece ofer\u0103 o oportunitate suplimentar\u0103 de a c\u00e2\u0219tiga un premiu semnificativ, pe l\u00e2ng\u0103 jackpot-ul standard \u0219i recompensele de nivel inferior.<\/p>\n<p>Deci, dac\u0103 jackpot-ul la loteria local\u0103 din Rom\u00e2nia nu este at\u00e2t de atractiv acum, de ce nu \u00ee\u021bi \u00eencerci norocul \u0219i joci EuroMillions online? Nu \u0219tii niciodat\u0103 pentru ce ai putea concura sau ce ai putea c\u00e2\u0219tiga. Iar \u00eentregul proces este super u\u0219or de \u00eenceput. Ce ai de pierdut dac\u0103 verifici un joc complet nou, cu jackpoturi de peste 100 de milioane? Absolut nimic! \u0218i ai putea c\u00e2\u0219tiga ceva uria\u0219 la urm\u0103toarea extragere.<\/p>\n<section class=\"layout\" style=\"border: solid 1px; width: 100%;\">\n<div class=\"img-div\" style=\"margin-top: 5px;\"><img decoding=\"async\" class=\"wp-image-17212 alignleft\" style=\"height: 45px; margin: 8px 8px 0px;\" src=\"https:\/\/redfoxlotto.com\/wp-content\/uploads\/sites\/9\/read1.jpg\" alt=\"cump\u0103ra loterie online\" width=\"\" height=\"\" \/><\/div>\n<div style=\"padding-left: 5px;\">\n<div style=\"font-size: 1.1em;\">\n<p><strong>Cele mai mari jackpoturi la loto care au f\u0103cut istorie<\/strong><\/p>\n<p style=\"font-size: 0.8em; margin-top: -1.5em;\">Afla\u021bi despre unele dintre cele mai mari c\u00e2\u0219tiguri de jackpot la loto din istorie care au schimbat via\u021ba c\u00e2\u0219tig\u0103torilor peste noapte. <a href=\"https:\/\/redfoxlotto.com\/ro\/cele-mai-mari-jackpoturi-de-loterie-in-istorie\/\">Cite\u0219te mai mult<\/a><\/p>\n<\/div>\n<\/div>\n<\/section>\n","protected":false},"excerpt":{"rendered":"<p>A\u021bi auzit vreodat\u0103 de fapt de EuroMillions? Dac\u0103 locui\u021bi \u00eentr-o \u021bar\u0103 european\u0103, cu siguran\u021b\u0103 a\u021bi auzit. Dar dac\u0103 locui\u021bi \u00een Rom\u00e2nia, s-ar putea s\u0103 nu. A\u0219adar, haide\u021bi s\u0103 vedem mai \u00eendeaproape cum se joac\u0103 EuroMillions online, da? EuroMillions este o loterie interna\u021bional\u0103 care poate fi jucat\u0103 \u00een nou\u0103 \u021b\u0103ri europene. Asta \u00eenseamn\u0103 c\u0103 este posibil [&hellip;]<\/p>\n","protected":false},"author":1,"featured_media":0,"parent":2852,"menu_order":3,"comment_status":"closed","ping_status":"closed","template":"euromillions.php","meta":{"_et_pb_use_builder":"","_et_pb_old_content":"","_et_gb_content_width":"","exclude_from_search":false,"footnotes":""},"class_list":["post-2854","page","type-page","status-publish","hentry"],"yoast_head":"<!-- This site is optimized with the Yoast SEO plugin v23.8 - https:\/\/yoast.com\/wordpress\/plugins\/seo\/ -->\n<title>Joac\u0103 Euromillions online din Rom\u00e2nia | Cea mai mare loterie din Europa<\/title>\n<meta name=\"description\" content=\"Fanii Loteriei din Rom\u00e2nia pot juca Euromillions online acum - verifica\u021bi serviciul nostru pentru biletul Euromillions\" \/>\n<meta name=\"robots\" content=\"index, follow, max-snippet:-1, max-image-preview:large, max-video-preview:-1\" \/>\n<link rel=\"canonical\" href=\"https:\/\/redfoxlotto.com\/ro\/joaca\/euromillions\/\" \/>\n<meta property=\"og:locale\" content=\"ro_RO\" \/>\n<meta property=\"og:type\" content=\"article\" \/>\n<meta property=\"og:title\" content=\"Joac\u0103 Euromillions online din Rom\u00e2nia | Cea mai mare loterie din Europa\" \/>\n<meta property=\"og:description\" content=\"Fanii Loteriei din Rom\u00e2nia pot juca Euromillions online acum - verifica\u021bi serviciul nostru pentru biletul Euromillions\" \/>\n<meta property=\"og:url\" content=\"https:\/\/redfoxlotto.com\/ro\/joaca\/euromillions\/\" \/>\n<meta property=\"og:site_name\" content=\"Get Tickets for the World\u2019s largest jackpots\" \/>\n<meta property=\"article:modified_time\" content=\"2025-12-17T08:10:25+00:00\" \/>\n<meta property=\"og:image\" content=\"https:\/\/content.redfoxlotto.com\/uploads\/sites\/9\/2_ticket_euromillions.jpg\" \/>\n<meta name=\"twitter:card\" content=\"summary_large_image\" \/>\n<meta name=\"twitter:label1\" content=\"Timp estimat pentru citire\" \/>\n\t<meta name=\"twitter:data1\" content=\"6 minute\" \/>\n<script type=\"application\/ld+json\" class=\"yoast-schema-graph\">{\"@context\":\"https:\/\/schema.org\",\"@graph\":[{\"@type\":\"WebPage\",\"@id\":\"https:\/\/redfoxlotto.com\/ro\/joaca\/euromillions\/\",\"url\":\"https:\/\/redfoxlotto.com\/ro\/joaca\/euromillions\/\",\"name\":\"Joac\u0103 Euromillions online din Rom\u00e2nia | Cea mai mare loterie din Europa\",\"isPartOf\":{\"@id\":\"https:\/\/redfoxlotto.com\/ro\/#website\"},\"primaryImageOfPage\":{\"@id\":\"https:\/\/redfoxlotto.com\/ro\/joaca\/euromillions\/#primaryimage\"},\"image\":{\"@id\":\"https:\/\/redfoxlotto.com\/ro\/joaca\/euromillions\/#primaryimage\"},\"thumbnailUrl\":\"https:\/\/content.redfoxlotto.com\/uploads\/sites\/9\/2_ticket_euromillions.jpg\",\"datePublished\":\"2022-10-26T09:30:02+00:00\",\"dateModified\":\"2025-12-17T08:10:25+00:00\",\"description\":\"Fanii Loteriei din Rom\u00e2nia pot juca Euromillions online acum - verifica\u021bi serviciul nostru pentru biletul Euromillions\",\"breadcrumb\":{\"@id\":\"https:\/\/redfoxlotto.com\/ro\/joaca\/euromillions\/#breadcrumb\"},\"inLanguage\":\"ro-RO\",\"potentialAction\":[{\"@type\":\"ReadAction\",\"target\":[\"https:\/\/redfoxlotto.com\/ro\/joaca\/euromillions\/\"]}]},{\"@type\":\"ImageObject\",\"inLanguage\":\"ro-RO\",\"@id\":\"https:\/\/redfoxlotto.com\/ro\/joaca\/euromillions\/#primaryimage\",\"url\":\"https:\/\/content.redfoxlotto.com\/uploads\/sites\/9\/2_ticket_euromillions.jpg\",\"contentUrl\":\"https:\/\/content.redfoxlotto.com\/uploads\/sites\/9\/2_ticket_euromillions.jpg\"},{\"@type\":\"BreadcrumbList\",\"@id\":\"https:\/\/redfoxlotto.com\/ro\/joaca\/euromillions\/#breadcrumb\",\"itemListElement\":[{\"@type\":\"ListItem\",\"position\":1,\"name\":\"Home\",\"item\":\"https:\/\/redfoxlotto.com\/ro\/\"},{\"@type\":\"ListItem\",\"position\":2,\"name\":\"Cum pute\u021bi participa la loteriile interna\u021bionale\",\"item\":\"https:\/\/redfoxlotto.com\/ro\/joaca\/\"},{\"@type\":\"ListItem\",\"position\":3,\"name\":\"Cum se joac\u0103 la Euromillions din Rom\u00e2nia\"}]},{\"@type\":\"WebSite\",\"@id\":\"https:\/\/redfoxlotto.com\/ro\/#website\",\"url\":\"https:\/\/redfoxlotto.com\/ro\/\",\"name\":\"Get Tickets for the World\u2019s largest jackpots\",\"description\":\"Participate in worldwide lottery jackpots from any country\",\"publisher\":{\"@id\":\"https:\/\/redfoxlotto.com\/ro\/#organization\"},\"potentialAction\":[{\"@type\":\"SearchAction\",\"target\":{\"@type\":\"EntryPoint\",\"urlTemplate\":\"https:\/\/redfoxlotto.com\/ro\/?s={search_term_string}\"},\"query-input\":{\"@type\":\"PropertyValueSpecification\",\"valueRequired\":true,\"valueName\":\"search_term_string\"}}],\"inLanguage\":\"ro-RO\"},{\"@type\":\"Organization\",\"@id\":\"https:\/\/redfoxlotto.com\/ro\/#organization\",\"name\":\"Get Tickets for the World\u2019s largest jackpots\",\"url\":\"https:\/\/redfoxlotto.com\/ro\/\",\"logo\":{\"@type\":\"ImageObject\",\"inLanguage\":\"ro-RO\",\"@id\":\"https:\/\/redfoxlotto.com\/ro\/#\/schema\/logo\/image\/\",\"url\":\"https:\/\/redfoxlotto.com\/wp-content\/uploads\/2023\/04\/logo.png\",\"contentUrl\":\"https:\/\/redfoxlotto.com\/wp-content\/uploads\/2023\/04\/logo.png\",\"width\":269,\"height\":53,\"caption\":\"Get Tickets for the World\u2019s largest jackpots\"},\"image\":{\"@id\":\"https:\/\/redfoxlotto.com\/ro\/#\/schema\/logo\/image\/\"}}]}<\/script>\n<!-- \/ Yoast SEO plugin. -->","yoast_head_json":{"title":"Joac\u0103 Euromillions online din Rom\u00e2nia | Cea mai mare loterie din Europa","description":"Fanii Loteriei din Rom\u00e2nia pot juca Euromillions online acum - verifica\u021bi serviciul nostru pentru biletul Euromillions","robots":{"index":"index","follow":"follow","max-snippet":"max-snippet:-1","max-image-preview":"max-image-preview:large","max-video-preview":"max-video-preview:-1"},"canonical":"https:\/\/redfoxlotto.com\/ro\/joaca\/euromillions\/","og_locale":"ro_RO","og_type":"article","og_title":"Joac\u0103 Euromillions online din Rom\u00e2nia | Cea mai mare loterie din Europa","og_description":"Fanii Loteriei din Rom\u00e2nia pot juca Euromillions online acum - verifica\u021bi serviciul nostru pentru biletul Euromillions","og_url":"https:\/\/redfoxlotto.com\/ro\/joaca\/euromillions\/","og_site_name":"Get Tickets for the World\u2019s largest jackpots","article_modified_time":"2025-12-17T08:10:25+00:00","og_image":[{"url":"https:\/\/content.redfoxlotto.com\/uploads\/sites\/9\/2_ticket_euromillions.jpg"}],"twitter_card":"summary_large_image","twitter_misc":{"Timp estimat pentru citire":"6 minute"},"schema":{"@context":"https:\/\/schema.org","@graph":[{"@type":"WebPage","@id":"https:\/\/redfoxlotto.com\/ro\/joaca\/euromillions\/","url":"https:\/\/redfoxlotto.com\/ro\/joaca\/euromillions\/","name":"Joac\u0103 Euromillions online din Rom\u00e2nia | Cea mai mare loterie din Europa","isPartOf":{"@id":"https:\/\/redfoxlotto.com\/ro\/#website"},"primaryImageOfPage":{"@id":"https:\/\/redfoxlotto.com\/ro\/joaca\/euromillions\/#primaryimage"},"image":{"@id":"https:\/\/redfoxlotto.com\/ro\/joaca\/euromillions\/#primaryimage"},"thumbnailUrl":"https:\/\/content.redfoxlotto.com\/uploads\/sites\/9\/2_ticket_euromillions.jpg","datePublished":"2022-10-26T09:30:02+00:00","dateModified":"2025-12-17T08:10:25+00:00","description":"Fanii Loteriei din Rom\u00e2nia pot juca Euromillions online acum - verifica\u021bi serviciul nostru pentru biletul Euromillions","breadcrumb":{"@id":"https:\/\/redfoxlotto.com\/ro\/joaca\/euromillions\/#breadcrumb"},"inLanguage":"ro-RO","potentialAction":[{"@type":"ReadAction","target":["https:\/\/redfoxlotto.com\/ro\/joaca\/euromillions\/"]}]},{"@type":"ImageObject","inLanguage":"ro-RO","@id":"https:\/\/redfoxlotto.com\/ro\/joaca\/euromillions\/#primaryimage","url":"https:\/\/content.redfoxlotto.com\/uploads\/sites\/9\/2_ticket_euromillions.jpg","contentUrl":"https:\/\/content.redfoxlotto.com\/uploads\/sites\/9\/2_ticket_euromillions.jpg"},{"@type":"BreadcrumbList","@id":"https:\/\/redfoxlotto.com\/ro\/joaca\/euromillions\/#breadcrumb","itemListElement":[{"@type":"ListItem","position":1,"name":"Home","item":"https:\/\/redfoxlotto.com\/ro\/"},{"@type":"ListItem","position":2,"name":"Cum pute\u021bi participa la loteriile interna\u021bionale","item":"https:\/\/redfoxlotto.com\/ro\/joaca\/"},{"@type":"ListItem","position":3,"name":"Cum se joac\u0103 la Euromillions din Rom\u00e2nia"}]},{"@type":"WebSite","@id":"https:\/\/redfoxlotto.com\/ro\/#website","url":"https:\/\/redfoxlotto.com\/ro\/","name":"Get Tickets for the World\u2019s largest jackpots","description":"Participate in worldwide lottery jackpots from any country","publisher":{"@id":"https:\/\/redfoxlotto.com\/ro\/#organization"},"potentialAction":[{"@type":"SearchAction","target":{"@type":"EntryPoint","urlTemplate":"https:\/\/redfoxlotto.com\/ro\/?s={search_term_string}"},"query-input":{"@type":"PropertyValueSpecification","valueRequired":true,"valueName":"search_term_string"}}],"inLanguage":"ro-RO"},{"@type":"Organization","@id":"https:\/\/redfoxlotto.com\/ro\/#organization","name":"Get Tickets for the World\u2019s largest jackpots","url":"https:\/\/redfoxlotto.com\/ro\/","logo":{"@type":"ImageObject","inLanguage":"ro-RO","@id":"https:\/\/redfoxlotto.com\/ro\/#\/schema\/logo\/image\/","url":"https:\/\/redfoxlotto.com\/wp-content\/uploads\/2023\/04\/logo.png","contentUrl":"https:\/\/redfoxlotto.com\/wp-content\/uploads\/2023\/04\/logo.png","width":269,"height":53,"caption":"Get Tickets for the World\u2019s largest jackpots"},"image":{"@id":"https:\/\/redfoxlotto.com\/ro\/#\/schema\/logo\/image\/"}}]}},"_links":{"self":[{"href":"https:\/\/redfoxlotto.com\/ro\/wp-json\/wp\/v2\/pages\/2854","targetHints":{"allow":["GET"]}}],"collection":[{"href":"https:\/\/redfoxlotto.com\/ro\/wp-json\/wp\/v2\/pages"}],"about":[{"href":"https:\/\/redfoxlotto.com\/ro\/wp-json\/wp\/v2\/types\/page"}],"author":[{"embeddable":true,"href":"https:\/\/redfoxlotto.com\/ro\/wp-json\/wp\/v2\/users\/1"}],"replies":[{"embeddable":true,"href":"https:\/\/redfoxlotto.com\/ro\/wp-json\/wp\/v2\/comments?post=2854"}],"version-history":[{"count":0,"href":"https:\/\/redfoxlotto.com\/ro\/wp-json\/wp\/v2\/pages\/2854\/revisions"}],"up":[{"embeddable":true,"href":"https:\/\/redfoxlotto.com\/ro\/wp-json\/wp\/v2\/pages\/2852"}],"wp:attachment":[{"href":"https:\/\/redfoxlotto.com\/ro\/wp-json\/wp\/v2\/media?parent=2854"}],"curies":[{"name":"wp","href":"https:\/\/api.w.org\/{rel}","templated":true}]}}