{"id":2853,"date":"2023-04-24T17:44:36","date_gmt":"2023-04-24T17:44:36","guid":{"rendered":"https:\/\/redfoxlotto.com\/?page_id=1301"},"modified":"2025-12-16T14:35:13","modified_gmt":"2025-12-16T14:35:13","slug":"eurojackpot","status":"publish","type":"page","link":"https:\/\/redfoxlotto.com\/ro\/joaca\/eurojackpot\/","title":{"rendered":"Joac\u0103 la Eurojackpot"},"content":{"rendered":"<p><script type=\"application\/ld+json\">\n{\n  \"@context\": \"https:\/\/schema.org\",\n  \"@type\": \"Service\",\n  \"name\": \"Joac\u0103 Eurojackpot online\",\n  \"url\": \"https:\/\/redfoxlotto.com\/ro\/joaca\/eurojackpot\/\",\n  \"description\": \"Joac\u0103 loteria Eurojackpot online din orice \u021bar\u0103. Viziteaz\u0103 RedFoxLotto, alege numerele \u0219i prime\u0219te biletele.\",\n  \"serviceType\": \"Serviciu online de intermediere a biletelor de loterie\",\n  \"provider\": {\n    \"@type\": \"Organization\",\n    \"name\": \"RedFoxLotto\",\n    \"url\": \"https:\/\/redfoxlotto.com\/ro\/\",\n    \"image\": \"https:\/\/redfoxlotto.com\/wp-content\/uploads\/2025\/12\/ticket_scans.jpg\",\n    \"sameAs\": []\n  },\n  \"areaServed\": \"Worldwide\",\n  \"termsOfService\": \"https:\/\/redfoxlotto.com\/terms-and-conditions\",\n  \"additionalProperty\": {\n    \"@type\": \"PropertyValue\",\n    \"name\": \"FAQ\",\n    \"value\": \"https:\/\/redfoxlotto.com\/ro\/faq\/\"\n  },\n  \"hasOfferCatalog\": {\n    \"@type\": \"OfferCatalog\",\n    \"name\": \"Bilete Eurojackpot\",\n    \"itemListElement\": [\n      {\n        \"@type\": \"Offer\",\n        \"name\": \"Bilete Eurojackpot\",\n        \"url\": \"https:\/\/redfoxlotto.com\/ro\/joaca\/eurojackpot\/\",\n        \"description\": \"Apas\u0103 aici pentru a selecta numerele pentru urm\u0103toarea extragere Eurojackpot \u0219i a comanda bilete online.\",\n        \"price\": 6.00,\n        \"priceCurrency\": \"EUR\",\n        \"availability\": \"https:\/\/schema.org\/InStock\",\n        \"itemOffered\": {\n          \"@type\": \"Service\",\n          \"name\": \"Bilete Eurojackpot\",\n          \"description\": \"Particip\u0103 la urm\u0103toarea extragere Eurojackpot prin RedFoxLotto.\"\n        }\n      }\n    ]\n  },\n  \"mainEntityOfPage\": {\n    \"@type\": \"WebPage\",\n    \"@id\": \"https:\/\/redfoxlotto.com\/ro\/joaca\/eurojackpot\/\"\n  }\n}\n<\/script><\/p>\n<h2>Cum s\u0103 participi la Eurojackpot din Rom\u00e2nia<\/h2>\n<p>Este posibil s\u0103 fi auzit de Eurojackpot Loto, indiferent dac\u0103 locui\u021bi \u00een prezent \u00eentr-una dintre \u021b\u0103rile europene \u00een care se joac\u0103 sau nu. Este o loterie care a \u00eenceput \u00een 2012, la care particip\u0103 19 \u021b\u0103ri europene. Dar dac\u0103 locuie\u0219ti \u00een Rom\u00e2nia, sau \u00een orice alt\u0103 \u021bar\u0103 care nu se afl\u0103 pe lista participan\u021bilor, atunci nu ai cum s\u0103 ob\u021bii un bilet la Eurojackpot \u00een mod tradi\u021bional.<\/p>\n<p>Asta \u00eenseamn\u0103 c\u0103, de pu\u021bin timp \u00eencoace, nu ai fi putut de fapt s\u0103 joci, iar asta cu siguran\u021b\u0103 nu-\u021bi va permite s\u0103 ai acces la acest nou jackpot, nu-i a\u0219a? Ei bine, acum po\u021bi juca Eurojackpot online.<\/p>\n<h2>Internetul la salvare<\/h2>\n<p><img loading=\"lazy\" decoding=\"async\" class=\" wp-image alignright\" src=\"https:\/\/redfoxlotto.org\/wp-content\/uploads\/2023\/04\/lotto-online-495x329-1-282x300-1.jpg\" alt=\"juca\u021bi eurojackpot online\" width=\"174\" height=\"372\" \/>Solu\u021bia pentru amatorii de loto din Rom\u00e2nia \u0219i nu numai este oferit\u0103 pentru dumneavoastr\u0103 de site-ul nostru de internet. Al\u0103turi de Eurojackpot, v\u0103 oferim acces la o serie de loterii interna\u021bionale. Ceea ce v\u0103 oferim este un serviciu de curierat pentru bilete de loto pentru loteriile cu cele mai mari jackpoturi din \u00eentreaga lume. Cele mai multe, dac\u0103 nu toate aceste loterii nu ar fi altfel disponibile pentru dumneavoastr\u0103, dar noi v\u0103 acoperim!<\/p>\n<h2>De ce s\u0103 juca\u021bi la Eurojackpot?<\/h2>\n<p>La urma urmei, \u0219tim c\u0103 oamenii din \u00eentreaga lume \u00ee\u0219i doresc cu adev\u0103rat o \u0219ans\u0103 de a juca \u0219i de a c\u00e2\u0219tiga aceste jackpoturi mari, mai degrab\u0103 dec\u00e2t s\u0103 fie bloca\u021bi doar cu jackpoturile pentru propriile lor jocuri de loterie na\u021bionale.<\/p>\n<p>Tot ce trebuie s\u0103 face\u021bi este s\u0103 alege\u021bi din lista noastr\u0103 de loterii. Avem disponibile unele dintre cele mai populare de peste tot din lume. \u00cen acest fel pute\u021bi arunca o privire, s\u0103 vede\u021bi ce are fiecare de oferit \u0219i s\u0103 decide\u021bi care v\u0103 intereseaz\u0103 cel mai mult.<\/p>\n<p>Apoi alege\u021bi numerele manual sau l\u0103sa\u021bi generatorul nostru de numere aleatorii s\u0103 o fac\u0103 pentru dvs. (func\u021bia &#8222;Quick Pick&#8221;). Pute\u021bi chiar s\u0103 combina\u021bi cele dou\u0103, select\u00e2nd c\u00e2teva numere \u0219i ad\u0103ug\u00e2nd apoi la \u00eent\u00e2mplare orice alte numere de care ave\u021bi nevoie pentru a v\u0103 completa biletele. \u00cen acest fel, pute\u021bi ob\u021bine o parte din numerele pe care \u0219ti\u021bi c\u0103 le dori\u021bi \u0219i pute\u021bi totu\u0219i s\u0103 completa\u021bi un bilet dac\u0103 nu \u0219ti\u021bi toate numerele dorite.<\/p>\n<p>Ad\u0103uga\u021bi mai multe bilete, dac\u0103 dori\u021bi, \u0219i amesteca\u021bi diferite loterii. Asta te va ajuta s\u0103 \u00ee\u021bi cre\u0219ti \u0219ansele, pentru c\u0103 joci mai multe jocuri diferite \u00een acela\u0219i timp. Ai putea chiar s\u0103 faci ceea ce este foarte popular printre clien\u021bii no\u0219tri, \u0219i anume s\u0103 joci acelea\u0219i numere la mai multe loterii.<\/p>\n<p>Pentru unii, acest lucru pare a fi o modalitate excelent\u0103 de a-\u0219i cre\u0219te \u0219ansele, pentru c\u0103 acele numere trebuie s\u0103 ias\u0103 la un moment dat, nu? Trebuie s\u0103 existe o modalitate de a ob\u021bine acele numere pentru a c\u00e2\u0219tiga.<\/p>\n<p>Odat\u0103 ce ave\u021bi toate biletele pe care le dori\u021bi, pute\u021bi folosi oricare dintre multiplele noastre op\u021biuni de plat\u0103 securizate pentru a v\u0103 cump\u0103ra biletele. Exist\u0103 o mul\u021bime de modalit\u0103\u021bi diferite din care pute\u021bi alege, astfel \u00eenc\u00e2t s\u0103 pute\u021bi g\u0103si ceva prin care v\u0103 sim\u021bi\u021bi confortabil s\u0103 pune\u021bi bani \u0219i s\u0103 scoate\u021bi bani. Utiliz\u0103m aproape toate platformele cele mai populare.<\/p>\n<p>Nu uita\u021bi s\u0103 stabili\u021bi la c\u00e2te extrageri dori\u021bi s\u0103 participa\u021bi. Acest lucru este important mai ales pentru c\u0103 este posibil ca jackpotul actual s\u0103 nu fie c\u00e2\u0219tigat la urm\u0103toarea extragere. Nu a\u021bi vrea s\u0103 v\u0103 pierde\u021bi \u0219ansa de a c\u00e2\u0219tiga \u0219i mai mult la urm\u0103toarea extragere, nu-i a\u0219a?<img decoding=\"async\" class=\" wp-image alignright\" src=\"https:\/\/redfoxlotto.org\/wp-content\/uploads\/2023\/04\/misc_euro_bills.jpg\" alt=\"c\u00e2\u0219tiga\u021bi Eurojackpot\" width=\"250&quot;\" height=\"125\" \/><\/p>\n<h2>Atunci ce se \u00eent\u00e2mpl\u0103?<\/h2>\n<p>Ei bine, este de fapt destul de simplu atunci c\u00e2nd joci Eurojackpot online. Avem o re\u021bea de agen\u021bi care vor cump\u0103ra biletele de loterie Eurojackpot cu specifica\u021biile pe care le-a\u021bi ales. \u00cen contul dvs. de client de pe RedFoxLotto.com, ve\u021bi vedea confirmarea achizi\u021biei. Bine\u00een\u021beles, ve\u021bi primi confirmarea \u0219i prin e-mail. Asta \u00eenseamn\u0103 c\u0103 pute\u021bi fi sigur c\u0103 totul decurge a\u0219a cum a\u021bi planificat \u0219i c\u0103 biletele dvs. sunt gata \u0219i a\u0219teapt\u0103 s\u0103 fie extrase la joc.<\/p>\n<p>De aici \u00eencolo nu va trebui s\u0103 v\u0103 mai face\u021bi griji, pentru c\u0103 v\u0103 vom \u021bine la curent \u0219i cu desf\u0103\u0219urarea extragerilor, \u00een cazul \u00een care se \u00eent\u00e2mpl\u0103 s\u0103 uita\u021bi ce zile sunt.<\/p>\n<p>\u0218i vei mai primi o notificare prin e-mail dac\u0103 unul dintre biletele tale a c\u00e2\u0219tigat. At\u00e2ta timp c\u00e2t c\u00e2\u0219tigurile tale nu dep\u0103\u0219esc 2500 \u20ac, acestea vor fi creditate imediat \u00een contul t\u0103u de client. Po\u021bi fie s\u0103 \u021bi le pl\u0103te\u0219ti prin intermediul contului pe care l-ai selectat, fie s\u0103 folose\u0219ti fondurile pentru a cump\u0103ra mai multe bilete. A\u0219a \u00ee\u021bi va fi super u\u0219or s\u0103 faci propria alegere, nu-i a\u0219a? Pentru c\u00e2\u0219tiguri mai mari, suportul nostru te va contacta \u0219i va gestiona o plat\u0103 direct\u0103 pentru tine.<\/p>\n<h2>Particularit\u0103\u021bi ale jocului Eurojackpot<\/h2>\n<p>Acum, dac\u0103 ai de g\u00e2nd s\u0103 joci Eurojackpot, trebuie s\u0103 \u0219tii cum o vei face. Este \u00eentr-adev\u0103r foarte simplu. Pe biletul t\u0103u, trebuie s\u0103 alegi cinci numere \u00eentre 1 \u0219i 50, plus 2 numere \u00eentre 1 \u0219i 12. Jackpoturile \u00eencep de la un minim de 10 milioane de euro. Exist\u0103 un aspect \u00een care aceast\u0103 loterie este diferit\u0103 de majoritatea celorlalte. Odat\u0103 ce jackpotul ajunge la 120 de milioane de euro, acesta este plafonat.<\/p>\n<p>Aceasta \u00eenseamn\u0103 c\u0103 to\u021bi banii care ar fi fost ad\u0103uga\u021bi \u00een mod normal la jackpot vor fi ad\u0103uga\u021bi la nivelul premiului de gradul doi. Pentru a c\u00e2\u0219tiga acest premiu, trebuie doar ca 5 plus 1 num\u0103r s\u0103 fie pe bilet. \u0218ansele dvs. de a c\u00e2\u0219tiga acest premiu sunt, evident, de 12 ori mai mari dec\u00e2t \u0219ansele dvs. de a c\u00e2\u0219tiga premiul cel mare cu 5 plus 2 numere!<\/p>\n<section class=\"layout\" style=\"border: solid 1px; width: 100%;\">\n<div class=\"img-div\" style=\"margin-top: 5px;\"><img decoding=\"async\" class=\"wp-image-17212 alignleft\" style=\"height: 45px; margin: 8px 8px 0px;\" src=\"https:\/\/redfoxlotto.com\/wp-content\/uploads\/sites\/9\/read1.jpg\" alt=\"cump\u0103ra loto online\" width=\"\" height=\"\" \/><\/div>\n<div style=\"padding-left: 5px;\">\n<div style=\"font-size: 1.1em;\">\n<p><strong>Feri\u021bi-v\u0103 de escrocheriile de loterie online<\/strong><\/p>\n<p style=\"font-size: 0.8em; margin-top: -1.5em;\">Cum s\u0103 detectezi o \u00een\u0219el\u0103torie la loto online \u0219i care este inten\u021bia lor<a href=\"https:\/\/redfoxlotto.com\/ro\/cand-extragerea-powerball-mega-millions-canal-tv\/\">Cite\u0219te mai mult<\/a><\/p>\n<\/div>\n<\/div>\n<\/section>\n<p>Asta \u00eenseamn\u0103 c\u0103, dac\u0103 jackpotul ajunge la suma maxim\u0103, ave\u021bi de fapt o a doua \u0219ans\u0103 de a c\u00e2\u0219tiga un jackpot mare. Al doilea nivel este mai u\u0219or de c\u00e2\u0219tigat, iar numerele vor \u00eencepe s\u0103 creasc\u0103 pe acela. Asta cu siguran\u021b\u0103 \u00ee\u021bi va cre\u0219te \u0219ansele de a c\u00e2\u0219tiga acel premiu uria\u0219, nu-i a\u0219a?<\/p>\n<p>\u0218i asta \u00eenseamn\u0103 c\u0103, chiar dac\u0103 jackpot-ul va fi un pic mai mic chiar \u0219i atunci c\u00e2nd se va termina, tot vei dori s\u0103 iei unul dintre aceste bilete pentru c\u0103 vei avea o \u0219ans\u0103 mare de a ajunge undeva cu adev\u0103rat cu el pe termen lung atunci c\u00e2nd cumperi Eurojackpot online.<\/p>\n<p><strong>\u00cencepe\u021bi acum s\u0103 juca\u021bi la loteriile interna\u021bionale &#8211; cump\u0103ra\u021bi bilete Eurojackpot ast\u0103zi!<\/strong><\/p>\n","protected":false},"excerpt":{"rendered":"<p>Cum s\u0103 participi la Eurojackpot din Rom\u00e2nia Este posibil s\u0103 fi auzit de Eurojackpot Loto, indiferent dac\u0103 locui\u021bi \u00een prezent \u00eentr-una dintre \u021b\u0103rile europene \u00een care se joac\u0103 sau nu. Este o loterie care a \u00eenceput \u00een 2012, la care particip\u0103 19 \u021b\u0103ri europene. Dar dac\u0103 locuie\u0219ti \u00een Rom\u00e2nia, sau \u00een orice alt\u0103 \u021bar\u0103 care [&hellip;]<\/p>\n","protected":false},"author":1,"featured_media":0,"parent":2852,"menu_order":4,"comment_status":"closed","ping_status":"closed","template":"eurojackpot.php","meta":{"_et_pb_use_builder":"","_et_pb_old_content":"","_et_gb_content_width":"","exclude_from_search":false,"footnotes":""},"class_list":["post-2853","page","type-page","status-publish","hentry"],"yoast_head":"<!-- This site is optimized with the Yoast SEO plugin v27.3 - https:\/\/yoast.com\/product\/yoast-seo-wordpress\/ -->\n<title>Joac\u0103 Eurojackpot online | Cum ob\u021bin biletele Eurojackpot reziden\u021bii din Rom\u00e2nia<\/title>\n<meta name=\"description\" content=\"Ob\u021bine\u021bi acces la Eurojackpot acum - indiferent de \u021bara din care sunte\u021bi, juca\u021bi Eurojackpot \u0219i alte loterii interna\u021bionale online\" \/>\n<meta name=\"robots\" content=\"index, follow, max-snippet:-1, max-image-preview:large, max-video-preview:-1\" \/>\n<link rel=\"canonical\" href=\"https:\/\/redfoxlotto.com\/ro\/joaca\/eurojackpot\/\" \/>\n<meta property=\"og:locale\" content=\"ro_RO\" \/>\n<meta property=\"og:type\" content=\"article\" \/>\n<meta property=\"og:title\" content=\"Joac\u0103 Eurojackpot online | Cum ob\u021bin biletele Eurojackpot reziden\u021bii din Rom\u00e2nia\" \/>\n<meta property=\"og:description\" content=\"Ob\u021bine\u021bi acces la Eurojackpot acum - indiferent de \u021bara din care sunte\u021bi, juca\u021bi Eurojackpot \u0219i alte loterii interna\u021bionale online\" \/>\n<meta property=\"og:url\" content=\"https:\/\/redfoxlotto.com\/ro\/joaca\/eurojackpot\/\" \/>\n<meta property=\"og:site_name\" content=\"Get Tickets for the World\u2019s largest jackpots\" \/>\n<meta property=\"article:modified_time\" content=\"2025-12-16T14:35:13+00:00\" \/>\n<meta property=\"og:image\" content=\"https:\/\/redfoxlotto.org\/wp-content\/uploads\/2023\/04\/lotto-online-495x329-1-282x300-1.jpg\" \/>\n<meta name=\"twitter:card\" content=\"summary_large_image\" \/>\n<meta name=\"twitter:label1\" content=\"Timp estimat pentru citire\" \/>\n\t<meta name=\"twitter:data1\" content=\"6 minute\" \/>\n<script type=\"application\/ld+json\" class=\"yoast-schema-graph\">{\"@context\":\"https:\\\/\\\/schema.org\",\"@graph\":[{\"@type\":\"WebPage\",\"@id\":\"https:\\\/\\\/redfoxlotto.com\\\/ro\\\/joaca\\\/eurojackpot\\\/\",\"url\":\"https:\\\/\\\/redfoxlotto.com\\\/ro\\\/joaca\\\/eurojackpot\\\/\",\"name\":\"Joac\u0103 Eurojackpot online | Cum ob\u021bin biletele Eurojackpot reziden\u021bii din Rom\u00e2nia\",\"isPartOf\":{\"@id\":\"https:\\\/\\\/redfoxlotto.com\\\/ro\\\/#website\"},\"primaryImageOfPage\":{\"@id\":\"https:\\\/\\\/redfoxlotto.com\\\/ro\\\/joaca\\\/eurojackpot\\\/#primaryimage\"},\"image\":{\"@id\":\"https:\\\/\\\/redfoxlotto.com\\\/ro\\\/joaca\\\/eurojackpot\\\/#primaryimage\"},\"thumbnailUrl\":\"https:\\\/\\\/redfoxlotto.org\\\/wp-content\\\/uploads\\\/2023\\\/04\\\/lotto-online-495x329-1-282x300-1.jpg\",\"datePublished\":\"2023-04-24T17:44:36+00:00\",\"dateModified\":\"2025-12-16T14:35:13+00:00\",\"description\":\"Ob\u021bine\u021bi acces la Eurojackpot acum - indiferent de \u021bara din care sunte\u021bi, juca\u021bi Eurojackpot \u0219i alte loterii interna\u021bionale online\",\"breadcrumb\":{\"@id\":\"https:\\\/\\\/redfoxlotto.com\\\/ro\\\/joaca\\\/eurojackpot\\\/#breadcrumb\"},\"inLanguage\":\"ro-RO\",\"potentialAction\":[{\"@type\":\"ReadAction\",\"target\":[\"https:\\\/\\\/redfoxlotto.com\\\/ro\\\/joaca\\\/eurojackpot\\\/\"]}]},{\"@type\":\"ImageObject\",\"inLanguage\":\"ro-RO\",\"@id\":\"https:\\\/\\\/redfoxlotto.com\\\/ro\\\/joaca\\\/eurojackpot\\\/#primaryimage\",\"url\":\"https:\\\/\\\/redfoxlotto.org\\\/wp-content\\\/uploads\\\/2023\\\/04\\\/lotto-online-495x329-1-282x300-1.jpg\",\"contentUrl\":\"https:\\\/\\\/redfoxlotto.org\\\/wp-content\\\/uploads\\\/2023\\\/04\\\/lotto-online-495x329-1-282x300-1.jpg\"},{\"@type\":\"BreadcrumbList\",\"@id\":\"https:\\\/\\\/redfoxlotto.com\\\/ro\\\/joaca\\\/eurojackpot\\\/#breadcrumb\",\"itemListElement\":[{\"@type\":\"ListItem\",\"position\":1,\"name\":\"Home\",\"item\":\"https:\\\/\\\/redfoxlotto.com\\\/ro\\\/\"},{\"@type\":\"ListItem\",\"position\":2,\"name\":\"Cum pute\u021bi participa la loteriile interna\u021bionale\",\"item\":\"https:\\\/\\\/redfoxlotto.com\\\/ro\\\/joaca\\\/\"},{\"@type\":\"ListItem\",\"position\":3,\"name\":\"Joac\u0103 la Eurojackpot\"}]},{\"@type\":\"WebSite\",\"@id\":\"https:\\\/\\\/redfoxlotto.com\\\/ro\\\/#website\",\"url\":\"https:\\\/\\\/redfoxlotto.com\\\/ro\\\/\",\"name\":\"Get Tickets for the World\u2019s largest jackpots\",\"description\":\"Participate in worldwide lottery jackpots from any country\",\"publisher\":{\"@id\":\"https:\\\/\\\/redfoxlotto.com\\\/ro\\\/#organization\"},\"potentialAction\":[{\"@type\":\"SearchAction\",\"target\":{\"@type\":\"EntryPoint\",\"urlTemplate\":\"https:\\\/\\\/redfoxlotto.com\\\/ro\\\/?s={search_term_string}\"},\"query-input\":{\"@type\":\"PropertyValueSpecification\",\"valueRequired\":true,\"valueName\":\"search_term_string\"}}],\"inLanguage\":\"ro-RO\"},{\"@type\":\"Organization\",\"@id\":\"https:\\\/\\\/redfoxlotto.com\\\/ro\\\/#organization\",\"name\":\"Get Tickets for the World\u2019s largest jackpots\",\"url\":\"https:\\\/\\\/redfoxlotto.com\\\/ro\\\/\",\"logo\":{\"@type\":\"ImageObject\",\"inLanguage\":\"ro-RO\",\"@id\":\"https:\\\/\\\/redfoxlotto.com\\\/ro\\\/#\\\/schema\\\/logo\\\/image\\\/\",\"url\":\"https:\\\/\\\/redfoxlotto.com\\\/wp-content\\\/uploads\\\/2023\\\/04\\\/logo.png\",\"contentUrl\":\"https:\\\/\\\/redfoxlotto.com\\\/wp-content\\\/uploads\\\/2023\\\/04\\\/logo.png\",\"width\":269,\"height\":53,\"caption\":\"Get Tickets for the World\u2019s largest jackpots\"},\"image\":{\"@id\":\"https:\\\/\\\/redfoxlotto.com\\\/ro\\\/#\\\/schema\\\/logo\\\/image\\\/\"}}]}<\/script>\n<!-- \/ Yoast SEO plugin. -->","yoast_head_json":{"title":"Joac\u0103 Eurojackpot online | Cum ob\u021bin biletele Eurojackpot reziden\u021bii din Rom\u00e2nia","description":"Ob\u021bine\u021bi acces la Eurojackpot acum - indiferent de \u021bara din care sunte\u021bi, juca\u021bi Eurojackpot \u0219i alte loterii interna\u021bionale online","robots":{"index":"index","follow":"follow","max-snippet":"max-snippet:-1","max-image-preview":"max-image-preview:large","max-video-preview":"max-video-preview:-1"},"canonical":"https:\/\/redfoxlotto.com\/ro\/joaca\/eurojackpot\/","og_locale":"ro_RO","og_type":"article","og_title":"Joac\u0103 Eurojackpot online | Cum ob\u021bin biletele Eurojackpot reziden\u021bii din Rom\u00e2nia","og_description":"Ob\u021bine\u021bi acces la Eurojackpot acum - indiferent de \u021bara din care sunte\u021bi, juca\u021bi Eurojackpot \u0219i alte loterii interna\u021bionale online","og_url":"https:\/\/redfoxlotto.com\/ro\/joaca\/eurojackpot\/","og_site_name":"Get Tickets for the World\u2019s largest jackpots","article_modified_time":"2025-12-16T14:35:13+00:00","og_image":[{"url":"https:\/\/redfoxlotto.org\/wp-content\/uploads\/2023\/04\/lotto-online-495x329-1-282x300-1.jpg","type":"","width":"","height":""}],"twitter_card":"summary_large_image","twitter_misc":{"Timp estimat pentru citire":"6 minute"},"schema":{"@context":"https:\/\/schema.org","@graph":[{"@type":"WebPage","@id":"https:\/\/redfoxlotto.com\/ro\/joaca\/eurojackpot\/","url":"https:\/\/redfoxlotto.com\/ro\/joaca\/eurojackpot\/","name":"Joac\u0103 Eurojackpot online | Cum ob\u021bin biletele Eurojackpot reziden\u021bii din Rom\u00e2nia","isPartOf":{"@id":"https:\/\/redfoxlotto.com\/ro\/#website"},"primaryImageOfPage":{"@id":"https:\/\/redfoxlotto.com\/ro\/joaca\/eurojackpot\/#primaryimage"},"image":{"@id":"https:\/\/redfoxlotto.com\/ro\/joaca\/eurojackpot\/#primaryimage"},"thumbnailUrl":"https:\/\/redfoxlotto.org\/wp-content\/uploads\/2023\/04\/lotto-online-495x329-1-282x300-1.jpg","datePublished":"2023-04-24T17:44:36+00:00","dateModified":"2025-12-16T14:35:13+00:00","description":"Ob\u021bine\u021bi acces la Eurojackpot acum - indiferent de \u021bara din care sunte\u021bi, juca\u021bi Eurojackpot \u0219i alte loterii interna\u021bionale online","breadcrumb":{"@id":"https:\/\/redfoxlotto.com\/ro\/joaca\/eurojackpot\/#breadcrumb"},"inLanguage":"ro-RO","potentialAction":[{"@type":"ReadAction","target":["https:\/\/redfoxlotto.com\/ro\/joaca\/eurojackpot\/"]}]},{"@type":"ImageObject","inLanguage":"ro-RO","@id":"https:\/\/redfoxlotto.com\/ro\/joaca\/eurojackpot\/#primaryimage","url":"https:\/\/redfoxlotto.org\/wp-content\/uploads\/2023\/04\/lotto-online-495x329-1-282x300-1.jpg","contentUrl":"https:\/\/redfoxlotto.org\/wp-content\/uploads\/2023\/04\/lotto-online-495x329-1-282x300-1.jpg"},{"@type":"BreadcrumbList","@id":"https:\/\/redfoxlotto.com\/ro\/joaca\/eurojackpot\/#breadcrumb","itemListElement":[{"@type":"ListItem","position":1,"name":"Home","item":"https:\/\/redfoxlotto.com\/ro\/"},{"@type":"ListItem","position":2,"name":"Cum pute\u021bi participa la loteriile interna\u021bionale","item":"https:\/\/redfoxlotto.com\/ro\/joaca\/"},{"@type":"ListItem","position":3,"name":"Joac\u0103 la Eurojackpot"}]},{"@type":"WebSite","@id":"https:\/\/redfoxlotto.com\/ro\/#website","url":"https:\/\/redfoxlotto.com\/ro\/","name":"Get Tickets for the World\u2019s largest jackpots","description":"Participate in worldwide lottery jackpots from any country","publisher":{"@id":"https:\/\/redfoxlotto.com\/ro\/#organization"},"potentialAction":[{"@type":"SearchAction","target":{"@type":"EntryPoint","urlTemplate":"https:\/\/redfoxlotto.com\/ro\/?s={search_term_string}"},"query-input":{"@type":"PropertyValueSpecification","valueRequired":true,"valueName":"search_term_string"}}],"inLanguage":"ro-RO"},{"@type":"Organization","@id":"https:\/\/redfoxlotto.com\/ro\/#organization","name":"Get Tickets for the World\u2019s largest jackpots","url":"https:\/\/redfoxlotto.com\/ro\/","logo":{"@type":"ImageObject","inLanguage":"ro-RO","@id":"https:\/\/redfoxlotto.com\/ro\/#\/schema\/logo\/image\/","url":"https:\/\/redfoxlotto.com\/wp-content\/uploads\/2023\/04\/logo.png","contentUrl":"https:\/\/redfoxlotto.com\/wp-content\/uploads\/2023\/04\/logo.png","width":269,"height":53,"caption":"Get Tickets for the World\u2019s largest jackpots"},"image":{"@id":"https:\/\/redfoxlotto.com\/ro\/#\/schema\/logo\/image\/"}}]}},"_links":{"self":[{"href":"https:\/\/redfoxlotto.com\/ro\/wp-json\/wp\/v2\/pages\/2853","targetHints":{"allow":["GET"]}}],"collection":[{"href":"https:\/\/redfoxlotto.com\/ro\/wp-json\/wp\/v2\/pages"}],"about":[{"href":"https:\/\/redfoxlotto.com\/ro\/wp-json\/wp\/v2\/types\/page"}],"author":[{"embeddable":true,"href":"https:\/\/redfoxlotto.com\/ro\/wp-json\/wp\/v2\/users\/1"}],"replies":[{"embeddable":true,"href":"https:\/\/redfoxlotto.com\/ro\/wp-json\/wp\/v2\/comments?post=2853"}],"version-history":[{"count":0,"href":"https:\/\/redfoxlotto.com\/ro\/wp-json\/wp\/v2\/pages\/2853\/revisions"}],"up":[{"embeddable":true,"href":"https:\/\/redfoxlotto.com\/ro\/wp-json\/wp\/v2\/pages\/2852"}],"wp:attachment":[{"href":"https:\/\/redfoxlotto.com\/ro\/wp-json\/wp\/v2\/media?parent=2853"}],"curies":[{"name":"wp","href":"https:\/\/api.w.org\/{rel}","templated":true}]}}