{"id":2852,"date":"2023-04-24T14:10:57","date_gmt":"2023-04-24T14:10:57","guid":{"rendered":"https:\/\/redfoxlotto.com\/?page_id=1299"},"modified":"2025-12-15T19:38:54","modified_gmt":"2025-12-15T19:38:54","slug":"joaca","status":"publish","type":"page","link":"https:\/\/redfoxlotto.com\/ro\/joaca\/","title":{"rendered":"Cum pute\u021bi participa la loteriile interna\u021bionale"},"content":{"rendered":"<p><script type=\"application\/ld+json\">\n{\n  \"@context\": \"https:\/\/schema.org\",\n  \"@type\": \"Service\",\n  \"name\": \"Joac\u0103 loterii interna\u021bionale online\",\n  \"url\": \"https:\/\/redfoxlotto.com\/ro\/joaca\/\",\n  \"description\": \"Joac\u0103 la loterie online \u0219i c\u00e2\u0219tig\u0103 jackpoturi interna\u021bionale.\",\n  \"serviceType\": \"Serviciu online de intermediere a biletelor de loterie\",\n  \"provider\": {\n    \"@type\": \"Organization\",\n    \"name\": \"RedFoxLotto\",\n    \"url\": \"https:\/\/redfoxlotto.com\/ro\/joaca\/\",\n    \"image\": \"https:\/\/redfoxlotto.com\/wp-content\/uploads\/2025\/12\/ticket_scans.jpg\"\n  },\n  \"areaServed\": \"La nivel mondial\",\n  \"termsOfService\": \"https:\/\/redfoxlotto.com\/terms-and-conditions\",\n  \"additionalProperty\": {\n    \"@type\": \"PropertyValue\",\n    \"name\": \"\u00centreb\u0103ri frecvente\",\n    \"value\": \"https:\/\/redfoxlotto.com\/ro\/faq\/\"\n  },\n  \"hasOfferCatalog\": {\n    \"@type\": \"OfferCatalog\",\n    \"name\": \"Bilete de loterie interna\u021bionale\",\n    \"itemListElement\": [\n      {\n        \"@type\": \"Offer\",\n        \"name\": \"Bilete de loterie interna\u021bionale\",\n        \"url\": \"https:\/\/redfoxlotto.com\/ro\/joaca\/\",\n        \"description\": \"Joac\u0103 loterii interna\u021bionale online. Jackpoturi precum Powerball, Mega Millions \u0219i Euromillions \u2014 c\u00e2\u0219tig\u0103 de oriunde.\",\n        \"availability\": \"https:\/\/schema.org\/InStock\",\n        \"itemOffered\": {\n          \"@type\": \"Service\",\n          \"name\": \"Bilete de loterie interna\u021bionale\",\n          \"description\": \"Jocul la loterii interna\u021bionale online \u00ee\u021bi ofer\u0103 mai multe op\u021biuni \u0219i \u0219anse mai bune de c\u00e2\u0219tig.\"\n        }\n      }\n    ]\n  },\n  \"mainEntityOfPage\": {\n    \"@type\": \"WebPage\",\n    \"@id\": \"https:\/\/redfoxlotto.com\/ro\/joaca\/\"\n  }\n}\n<\/script><\/p>\n<h2>Mai multe loterii \u0219i jackpot-uri pentru toat\u0103 lumea s\u0103 joace!<\/h2>\n<p>Ve\u0219ti excelente aduse tuturor fanilor Lotto din \u00eentreaga lume! Nu mai sunte\u021bi restric\u021biona\u021bi la loteria dumneavoastr\u0103 na\u021bional\u0103. \u00cen trecut, v-a fost refuzat accesul la loteriile interna\u021bionale. Nu putea\u021bi achizi\u021biona bilete pentru aceste jackpot-uri de loterie direct din \u021bara dumneavoastr\u0103. Dar internetul a rezolvat aceast\u0103 problem\u0103. Aici, la RedFoxLotto.com, ve\u021bi putea juca, din acest moment, la numeroase loterii interna\u021bionale online.<\/p>\n<h2>Cump\u0103rarea biletelor Loto<\/h2>\n<p>RedFoxLotto.com este serviciul dumneavoastr\u0103 de curierat pentru biletele de loterie. Dispunem de agen\u021bi \u00een diferite \u021b\u0103ri, \u00een care sunt organizatele marile loterii. Ace\u0219ti agen\u021bi achizi\u021bioneaz\u0103 local biletele pentru clien\u021bii no\u0219tri. Dumneavostr\u0103, clientul, ve\u021bi putea comanda online biletele de la noi. Desigur, v\u0103 ve\u021bi putea alege propriile numere. De asemenea, ve\u021bi putea determina c\u00e2te combina\u021bii de numere dori\u021bi s\u0103 v\u0103 juca\u021bi \u0219i pentru c\u00e2te extrageri biletul dumneavoastr\u0103 ar trebui s\u0103 fie valabil. Plata se va realiza online, de exemplu, cu cardul de credit.<\/p>\n<h2>Ce jocuri s\u0103 juca\u021bi<\/h2>\n<p><img loading=\"lazy\" decoding=\"async\" class=\"size-full alignright\" src=\"https:\/\/content.redfoxlotto.com\/uploads\/sites\/9\/1_playing_lottery_online.jpg\" alt=\"juca si castiga online\" width=\"200\" height=\"140\"><strong>Desigur, ve\u021bi putea participa la mai multe loterii interna\u021bionale<\/strong>, \u00een acela\u0219i timp. V\u0103 recomand\u0103m s\u0103 alege\u021bi cel mai mare jackpot ori de c\u00e2te ori ave\u021bi ocazia, sau primele dou\u0103 cele mai mari, sau chiar mai multe. De exemplu, deseori, at\u00e2t Powerball SUA, c\u00e2t \u0219i <a href=\"https:\/\/redfoxlotto.com\/ro\/informatie\/mega-millions\/\">Mega Millions SUA<\/a> se remarc\u0103, \u00een acela\u0219i timp, prin jackpoturi gigantice. Jackpoturile ajung, de regul\u0103, la $500 milioane \u00een SUA. <strong>\u00cen trecut, au existat chiar \u0219i jackpoturi de peste 1.5 miliarde.<\/strong><\/p>\n<p>Aceste dou\u0103 loterii sunt printre cele mai mari loterii din \u00eentreaga lume. O op\u021biune foarte popular\u0103 este s\u0103 juca\u021bi acelea\u0219i numere, \u00een mai multe loterii, \u00een aceea\u0219i s\u0103pt\u0103m\u00e2n\u0103. Dac\u0103 nu ve\u021bi c\u00e2\u0219tiga la o loterie, poate c\u0103 numerele dumneavoastr\u0103 vor vor fi c\u00e2\u0219tig\u0103toare la o alt\u0103 loterie? Acesta este o modalitate inteligent\u0103 de a v\u0103 cre\u0219te \u0219ansele de c\u0103\u0219tig, folosindu-v\u0103 numerelor dumneavoastr\u0103 preferate. Aceast\u0103 metod\u0103 face ca acets joc s\u0103 fie \u0219i mai interesant!<\/p>\n<h2>De ce s\u0103 juca\u021bi la Loto la nivel interna\u021bional?<\/h2>\n<p><strong>Oricine se joac\u0103 la loteria interna\u021bional\u0103 se folose\u0219te de fonduri \u00eentr-un mod mai inteligent.<\/strong> Unii juc\u0103tori de loterie \u00ee\u0219i achizi\u021bioneaz\u0103 biletele pentru loteria na\u021bional\u0103 \u00een fiecare s\u0103pt\u0103m\u00e2n\u0103, indiferent de c\u00e2t de sc\u0103zut este jackpotul. Matematic\u0103 \u0219i logic\u0103 v\u0103 spun c\u0103 este mai bine s\u0103 achizi\u021biona\u021bi un bilet pentru o loterie cu un jackpot de 200 de milioane dec\u00e2t pentru una cu un premiu de 2 milioane. Acest lucru este valabil chiar \u0219i \u00een situa\u021bia \u00een care pre\u021bul biletului online este mai mare dec\u00e2t pre\u021bul biletului la loteria dumneavoastr\u0103 local\u0103.<\/p>\n<p>Desigur, pentru serviciul nostru, trebuie s\u0103 percepem un pre\u021b mai mare, pentru c\u0103 avem \u0219i cheltuieli. De asemenea, ne dorim s\u0103 ob\u021binem \u0219i c\u00e2\u021biva bani. Dar haide\u021bi s\u0103 presupunem c\u0103 pre\u021bul biletului la loteria online este de 4.50 \u2013 5.00 \u20ac, iar jackpotul este de 200 de milioane. \u00cen cazul loteriei na\u021bionale, va\u021bi pl\u0103ti 2.00 \u20ac \u0219i ve\u021bi avea un jackpot de 10 milioane. Care este varianta mai bun\u0103 \u0219i are mai mult sens? Ei bine, r\u0103spunsul la aceast\u0103 \u00eentrebare este probabil evident.<\/p>\n<h2>Cum sunte\u021bi pl\u0103tit<\/h2>\n<p><img loading=\"lazy\" decoding=\"async\" class=\"size-full alignright\" src=\"https:\/\/content.redfoxlotto.com\/uploads\/sites\/9\/1_mega_lotto_jackpot.jpg\" alt=\"plata la loterie online\" width=\"170\" height=\"200\">De asemenea, RedFoxLotto.com v\u0103 va garanta c\u0103 v\u0103 <a href=\"https:\/\/redfoxlotto.com\/ro\/rezultate\/\">ve\u021bi primi c\u00e2\u0219tigurile<\/a>. <strong>Apropo, nu v\u0103 vom percepe niciun comision<\/strong>, cu excep\u021bia unei taxe de mic\u0103 valoare percepute \u00een cazul unui transfer bancar. Mul\u021bi dintre clien\u021bii no\u0219tri au reu\u0219it deja s\u0103 c\u00e2\u0219tige cu ajutorul nostru. Unii dintre ace\u0219tia \u0219i-au schimbat via\u021ba gra\u021bie sumei c\u00e2\u0219tigat\u0103!<\/p>\n<p>Acestea sunt motivele pentru care<a href=\"https:\/\/redfoxlotto.com\/ro\"> loteria online<\/a> a devenit din ce \u00een ce mai popular\u0103. Iar acum este r\u00e2ndul dumneavoastr\u0103 s\u0103 sparge\u021bi ghea\u021ba \u0219i s\u0103 ob\u021bine\u021bi unul dintre <a href=\"https:\/\/redfoxlotto.com\/ro\/suma-curenta-a-jackpotului-powerball-si-mega-millions\/\">mega-jackpoturile<\/a> puse \u00een joc &#8211; ce mai a\u0219tepta\u021bi?<\/p>\n","protected":false},"excerpt":{"rendered":"<p>Mai multe loterii \u0219i jackpot-uri pentru toat\u0103 lumea s\u0103 joace! Ve\u0219ti excelente aduse tuturor fanilor Lotto din \u00eentreaga lume! Nu mai sunte\u021bi restric\u021biona\u021bi la loteria dumneavoastr\u0103 na\u021bional\u0103. \u00cen trecut, v-a fost refuzat accesul la loteriile interna\u021bionale. Nu putea\u021bi achizi\u021biona bilete pentru aceste jackpot-uri de loterie direct din \u021bara dumneavoastr\u0103. Dar internetul a rezolvat aceast\u0103 problem\u0103. [&hellip;]<\/p>\n","protected":false},"author":1,"featured_media":0,"parent":0,"menu_order":2,"comment_status":"closed","ping_status":"closed","template":"Play-all.php","meta":{"_et_pb_use_builder":"","_et_pb_old_content":"","_et_gb_content_width":"","exclude_from_search":false,"footnotes":""},"class_list":["post-2852","page","type-page","status-publish","hentry"],"yoast_head":"<!-- This site is optimized with the Yoast SEO plugin v27.4 - https:\/\/yoast.com\/product\/yoast-seo-wordpress\/ -->\n<title>Juca\u021bi loteriile interna\u021bioanale online<\/title>\n<meta name=\"description\" content=\"Juc\u00e2ndu-v\u0103 la loteriile interna\u021bionale online, ve\u021bi putea beneficia de mai multe op\u021biuni \u0219i de \u0219anse mai mari \u2013 afla\u021bi cum ve\u021bi putea face acest lucru!\" \/>\n<meta name=\"robots\" content=\"index, follow, max-snippet:-1, max-image-preview:large, max-video-preview:-1\" \/>\n<link rel=\"canonical\" href=\"https:\/\/redfoxlotto.com\/ro\/joaca\/\" \/>\n<meta property=\"og:locale\" content=\"ro_RO\" \/>\n<meta property=\"og:type\" content=\"article\" \/>\n<meta property=\"og:title\" content=\"Juca\u021bi loteriile interna\u021bioanale online\" \/>\n<meta property=\"og:description\" content=\"Juc\u00e2ndu-v\u0103 la loteriile interna\u021bionale online, ve\u021bi putea beneficia de mai multe op\u021biuni \u0219i de \u0219anse mai mari \u2013 afla\u021bi cum ve\u021bi putea face acest lucru!\" \/>\n<meta property=\"og:url\" content=\"https:\/\/redfoxlotto.com\/ro\/joaca\/\" \/>\n<meta property=\"og:site_name\" content=\"Get Tickets for the World\u2019s largest jackpots\" \/>\n<meta property=\"article:modified_time\" content=\"2025-12-15T19:38:54+00:00\" \/>\n<meta property=\"og:image\" content=\"https:\/\/content.redfoxlotto.com\/uploads\/sites\/9\/1_playing_lottery_online.jpg\" \/>\n<meta name=\"twitter:card\" content=\"summary_large_image\" \/>\n<meta name=\"twitter:label1\" content=\"Timp estimat pentru citire\" \/>\n\t<meta name=\"twitter:data1\" content=\"3 minute\" \/>\n<script type=\"application\/ld+json\" class=\"yoast-schema-graph\">{\"@context\":\"https:\\\/\\\/schema.org\",\"@graph\":[{\"@type\":\"WebPage\",\"@id\":\"https:\\\/\\\/redfoxlotto.com\\\/ro\\\/joaca\\\/\",\"url\":\"https:\\\/\\\/redfoxlotto.com\\\/ro\\\/joaca\\\/\",\"name\":\"Juca\u021bi loteriile interna\u021bioanale online\",\"isPartOf\":{\"@id\":\"https:\\\/\\\/redfoxlotto.com\\\/ro\\\/#website\"},\"primaryImageOfPage\":{\"@id\":\"https:\\\/\\\/redfoxlotto.com\\\/ro\\\/joaca\\\/#primaryimage\"},\"image\":{\"@id\":\"https:\\\/\\\/redfoxlotto.com\\\/ro\\\/joaca\\\/#primaryimage\"},\"thumbnailUrl\":\"https:\\\/\\\/content.redfoxlotto.com\\\/uploads\\\/sites\\\/9\\\/1_playing_lottery_online.jpg\",\"datePublished\":\"2023-04-24T14:10:57+00:00\",\"dateModified\":\"2025-12-15T19:38:54+00:00\",\"description\":\"Juc\u00e2ndu-v\u0103 la loteriile interna\u021bionale online, ve\u021bi putea beneficia de mai multe op\u021biuni \u0219i de \u0219anse mai mari \u2013 afla\u021bi cum ve\u021bi putea face acest lucru!\",\"breadcrumb\":{\"@id\":\"https:\\\/\\\/redfoxlotto.com\\\/ro\\\/joaca\\\/#breadcrumb\"},\"inLanguage\":\"ro-RO\",\"potentialAction\":[{\"@type\":\"ReadAction\",\"target\":[\"https:\\\/\\\/redfoxlotto.com\\\/ro\\\/joaca\\\/\"]}]},{\"@type\":\"ImageObject\",\"inLanguage\":\"ro-RO\",\"@id\":\"https:\\\/\\\/redfoxlotto.com\\\/ro\\\/joaca\\\/#primaryimage\",\"url\":\"https:\\\/\\\/content.redfoxlotto.com\\\/uploads\\\/sites\\\/9\\\/1_playing_lottery_online.jpg\",\"contentUrl\":\"https:\\\/\\\/content.redfoxlotto.com\\\/uploads\\\/sites\\\/9\\\/1_playing_lottery_online.jpg\"},{\"@type\":\"BreadcrumbList\",\"@id\":\"https:\\\/\\\/redfoxlotto.com\\\/ro\\\/joaca\\\/#breadcrumb\",\"itemListElement\":[{\"@type\":\"ListItem\",\"position\":1,\"name\":\"Home\",\"item\":\"https:\\\/\\\/redfoxlotto.com\\\/ro\\\/\"},{\"@type\":\"ListItem\",\"position\":2,\"name\":\"Cum pute\u021bi participa la loteriile interna\u021bionale\"}]},{\"@type\":\"WebSite\",\"@id\":\"https:\\\/\\\/redfoxlotto.com\\\/ro\\\/#website\",\"url\":\"https:\\\/\\\/redfoxlotto.com\\\/ro\\\/\",\"name\":\"Get Tickets for the World\u2019s largest jackpots\",\"description\":\"Participate in worldwide lottery jackpots from any country\",\"publisher\":{\"@id\":\"https:\\\/\\\/redfoxlotto.com\\\/ro\\\/#organization\"},\"potentialAction\":[{\"@type\":\"SearchAction\",\"target\":{\"@type\":\"EntryPoint\",\"urlTemplate\":\"https:\\\/\\\/redfoxlotto.com\\\/ro\\\/?s={search_term_string}\"},\"query-input\":{\"@type\":\"PropertyValueSpecification\",\"valueRequired\":true,\"valueName\":\"search_term_string\"}}],\"inLanguage\":\"ro-RO\"},{\"@type\":\"Organization\",\"@id\":\"https:\\\/\\\/redfoxlotto.com\\\/ro\\\/#organization\",\"name\":\"Get Tickets for the World\u2019s largest jackpots\",\"url\":\"https:\\\/\\\/redfoxlotto.com\\\/ro\\\/\",\"logo\":{\"@type\":\"ImageObject\",\"inLanguage\":\"ro-RO\",\"@id\":\"https:\\\/\\\/redfoxlotto.com\\\/ro\\\/#\\\/schema\\\/logo\\\/image\\\/\",\"url\":\"https:\\\/\\\/redfoxlotto.com\\\/wp-content\\\/uploads\\\/2023\\\/04\\\/logo.png\",\"contentUrl\":\"https:\\\/\\\/redfoxlotto.com\\\/wp-content\\\/uploads\\\/2023\\\/04\\\/logo.png\",\"width\":269,\"height\":53,\"caption\":\"Get Tickets for the World\u2019s largest jackpots\"},\"image\":{\"@id\":\"https:\\\/\\\/redfoxlotto.com\\\/ro\\\/#\\\/schema\\\/logo\\\/image\\\/\"}}]}<\/script>\n<!-- \/ Yoast SEO plugin. -->","yoast_head_json":{"title":"Juca\u021bi loteriile interna\u021bioanale online","description":"Juc\u00e2ndu-v\u0103 la loteriile interna\u021bionale online, ve\u021bi putea beneficia de mai multe op\u021biuni \u0219i de \u0219anse mai mari \u2013 afla\u021bi cum ve\u021bi putea face acest lucru!","robots":{"index":"index","follow":"follow","max-snippet":"max-snippet:-1","max-image-preview":"max-image-preview:large","max-video-preview":"max-video-preview:-1"},"canonical":"https:\/\/redfoxlotto.com\/ro\/joaca\/","og_locale":"ro_RO","og_type":"article","og_title":"Juca\u021bi loteriile interna\u021bioanale online","og_description":"Juc\u00e2ndu-v\u0103 la loteriile interna\u021bionale online, ve\u021bi putea beneficia de mai multe op\u021biuni \u0219i de \u0219anse mai mari \u2013 afla\u021bi cum ve\u021bi putea face acest lucru!","og_url":"https:\/\/redfoxlotto.com\/ro\/joaca\/","og_site_name":"Get Tickets for the World\u2019s largest jackpots","article_modified_time":"2025-12-15T19:38:54+00:00","og_image":[{"url":"https:\/\/content.redfoxlotto.com\/uploads\/sites\/9\/1_playing_lottery_online.jpg","type":"","width":"","height":""}],"twitter_card":"summary_large_image","twitter_misc":{"Timp estimat pentru citire":"3 minute"},"schema":{"@context":"https:\/\/schema.org","@graph":[{"@type":"WebPage","@id":"https:\/\/redfoxlotto.com\/ro\/joaca\/","url":"https:\/\/redfoxlotto.com\/ro\/joaca\/","name":"Juca\u021bi loteriile interna\u021bioanale online","isPartOf":{"@id":"https:\/\/redfoxlotto.com\/ro\/#website"},"primaryImageOfPage":{"@id":"https:\/\/redfoxlotto.com\/ro\/joaca\/#primaryimage"},"image":{"@id":"https:\/\/redfoxlotto.com\/ro\/joaca\/#primaryimage"},"thumbnailUrl":"https:\/\/content.redfoxlotto.com\/uploads\/sites\/9\/1_playing_lottery_online.jpg","datePublished":"2023-04-24T14:10:57+00:00","dateModified":"2025-12-15T19:38:54+00:00","description":"Juc\u00e2ndu-v\u0103 la loteriile interna\u021bionale online, ve\u021bi putea beneficia de mai multe op\u021biuni \u0219i de \u0219anse mai mari \u2013 afla\u021bi cum ve\u021bi putea face acest lucru!","breadcrumb":{"@id":"https:\/\/redfoxlotto.com\/ro\/joaca\/#breadcrumb"},"inLanguage":"ro-RO","potentialAction":[{"@type":"ReadAction","target":["https:\/\/redfoxlotto.com\/ro\/joaca\/"]}]},{"@type":"ImageObject","inLanguage":"ro-RO","@id":"https:\/\/redfoxlotto.com\/ro\/joaca\/#primaryimage","url":"https:\/\/content.redfoxlotto.com\/uploads\/sites\/9\/1_playing_lottery_online.jpg","contentUrl":"https:\/\/content.redfoxlotto.com\/uploads\/sites\/9\/1_playing_lottery_online.jpg"},{"@type":"BreadcrumbList","@id":"https:\/\/redfoxlotto.com\/ro\/joaca\/#breadcrumb","itemListElement":[{"@type":"ListItem","position":1,"name":"Home","item":"https:\/\/redfoxlotto.com\/ro\/"},{"@type":"ListItem","position":2,"name":"Cum pute\u021bi participa la loteriile interna\u021bionale"}]},{"@type":"WebSite","@id":"https:\/\/redfoxlotto.com\/ro\/#website","url":"https:\/\/redfoxlotto.com\/ro\/","name":"Get Tickets for the World\u2019s largest jackpots","description":"Participate in worldwide lottery jackpots from any country","publisher":{"@id":"https:\/\/redfoxlotto.com\/ro\/#organization"},"potentialAction":[{"@type":"SearchAction","target":{"@type":"EntryPoint","urlTemplate":"https:\/\/redfoxlotto.com\/ro\/?s={search_term_string}"},"query-input":{"@type":"PropertyValueSpecification","valueRequired":true,"valueName":"search_term_string"}}],"inLanguage":"ro-RO"},{"@type":"Organization","@id":"https:\/\/redfoxlotto.com\/ro\/#organization","name":"Get Tickets for the World\u2019s largest jackpots","url":"https:\/\/redfoxlotto.com\/ro\/","logo":{"@type":"ImageObject","inLanguage":"ro-RO","@id":"https:\/\/redfoxlotto.com\/ro\/#\/schema\/logo\/image\/","url":"https:\/\/redfoxlotto.com\/wp-content\/uploads\/2023\/04\/logo.png","contentUrl":"https:\/\/redfoxlotto.com\/wp-content\/uploads\/2023\/04\/logo.png","width":269,"height":53,"caption":"Get Tickets for the World\u2019s largest jackpots"},"image":{"@id":"https:\/\/redfoxlotto.com\/ro\/#\/schema\/logo\/image\/"}}]}},"_links":{"self":[{"href":"https:\/\/redfoxlotto.com\/ro\/wp-json\/wp\/v2\/pages\/2852","targetHints":{"allow":["GET"]}}],"collection":[{"href":"https:\/\/redfoxlotto.com\/ro\/wp-json\/wp\/v2\/pages"}],"about":[{"href":"https:\/\/redfoxlotto.com\/ro\/wp-json\/wp\/v2\/types\/page"}],"author":[{"embeddable":true,"href":"https:\/\/redfoxlotto.com\/ro\/wp-json\/wp\/v2\/users\/1"}],"replies":[{"embeddable":true,"href":"https:\/\/redfoxlotto.com\/ro\/wp-json\/wp\/v2\/comments?post=2852"}],"version-history":[{"count":0,"href":"https:\/\/redfoxlotto.com\/ro\/wp-json\/wp\/v2\/pages\/2852\/revisions"}],"wp:attachment":[{"href":"https:\/\/redfoxlotto.com\/ro\/wp-json\/wp\/v2\/media?parent=2852"}],"curies":[{"name":"wp","href":"https:\/\/api.w.org\/{rel}","templated":true}]}}