{"id":2849,"date":"2018-11-18T08:54:25","date_gmt":"2018-11-18T08:54:25","guid":{"rendered":"https:\/\/redfoxlotto.com\/?page_id=1293"},"modified":"2019-09-12T18:12:29","modified_gmt":"2019-09-12T18:12:29","slug":"lotto-uk","status":"publish","type":"page","link":"https:\/\/redfoxlotto.com\/ro\/rezultate\/lotto-uk\/","title":{"rendered":"Rezultatele Loteriei Marii Britanii"},"content":{"rendered":"<p>Aici sunt rezultatele curente ob\u021binute la Loteria Marii Britanii. \u00cen arhiva rezultatelor ob\u021binute la extragerile anterioare ale loteriei Britanice, ve\u021bi putea vedea s\u0103pt\u0103m\u00e2nile precedente, precum \u0219i rezultatele acestora.<br \/>\nJackpotul Loteriei Na\u021bionale a Marii Britanii \u2013 Extragerile Loteriei Marii Britanii<\/p>\n<p>Jackpotul minim al celei mai mari loterii din Marea Britanie \u00eencepe de la \u00a32,500,000 \u0219i \u00a35,000,000 \u00een ziua de s\u00e2mb\u0103t\u0103. Loteria are la baz\u0103 formatul simplu al celor 6 numere din 59.<br \/>\n<img loading=\"lazy\" decoding=\"async\" class=\" wp-image alignright\" src=\"https:\/\/content.redfoxlotto.com\/uploads\/sites\/9\/1_results_tickets_lotto.jpg\" alt=\"UK Lotto\" width=\"278\" height=\"196\" \/><\/p>\n<p>Cel mai mare c\u00e2\u0219tig istoric ob\u021binut la Loteria Marii Britanii se remarc\u0103 printr-un cuantum de \u00a342 milioane.<\/p>\n<p>De asemenea, loteria Na\u021bional\u0103 a Marii Britanii este cunoscut\u0103 \u00een celelalte \u021b\u0103ri europene pentru pre\u021burile sale relative uria\u0219e \u00een clasele cu profit redus.<\/p>\n<h2>Premiile Loteriei Marii Britanii \u0219i c\u0103\u0219tig\u0103torii<\/h2>\n<p><img loading=\"lazy\" decoding=\"async\" class=\" wp-image alignright\" src=\"https:\/\/content.redfoxlotto.com\/uploads\/sites\/9\/1_lucky_lottery_winner.jpg\" alt=\"numere c\u00e2\u0219tig\u0103toare\" width=\"248\" height=\"339\" \/><br \/>\nLoteria din Marea Britanie dispune de \u0219ase nivele de premii, pe care le pute\u021bi observa \u00een tabelul de mai sus. Mai mult, ve\u021bi putea observa num\u0103rul de juc\u0103tori care au ales numerele corecte \u0219i care a fost suma pe care au c\u00e2\u0219tigat-o.<\/p>\n<h2>Numerele cele mai des extrase la Loteria Marii Britanii<\/h2>\n<p>Numerele cele mai des extrase la Loteria Na\u021bional\u0103 a Marii Britanii sunt 9, 12, 15, 17 \u0219i 19. Numerele cele mai rar \u00eent\u00e2lnite sunt 1, 2, 6, 32 \u0219i 47.<\/p>\n","protected":false},"excerpt":{"rendered":"<p>Aici sunt rezultatele curente ob\u021binute la Loteria Marii Britanii. \u00cen arhiva rezultatelor ob\u021binute la extragerile anterioare ale loteriei Britanice, ve\u021bi putea vedea s\u0103pt\u0103m\u00e2nile precedente, precum \u0219i rezultatele acestora. Jackpotul Loteriei Na\u021bionale a Marii Britanii \u2013 Extragerile Loteriei Marii Britanii Jackpotul minim al celei mai mari loterii din Marea Britanie \u00eencepe de la \u00a32,500,000 \u0219i \u00a35,000,000 [&hellip;]<\/p>\n","protected":false},"author":1,"featured_media":0,"parent":2842,"menu_order":9,"comment_status":"closed","ping_status":"closed","template":"lotto-uk-results.php","meta":{"_et_pb_use_builder":"","_et_pb_old_content":"","_et_gb_content_width":"","exclude_from_search":false,"footnotes":""},"class_list":["post-2849","page","type-page","status-publish","hentry"],"yoast_head":"<!-- This site is optimized with the Yoast SEO plugin v27.3 - https:\/\/yoast.com\/product\/yoast-seo-wordpress\/ -->\n<title>Numerele c\u00e2\u0219tig\u0103toare \u0219i rezultatele la Loteria Marii Britanii<\/title>\n<meta name=\"description\" content=\"V-am afi\u0219at rezultatele ob\u021binute la Loteria Marii Britanii, \u0219i o arhiv\u0103 a numerelor precedent c\u00e2\u0219tig\u0103toare\" \/>\n<meta name=\"robots\" content=\"index, follow, max-snippet:-1, max-image-preview:large, max-video-preview:-1\" \/>\n<link rel=\"canonical\" href=\"https:\/\/redfoxlotto.com\/ro\/rezultate\/lotto-uk\/\" \/>\n<meta property=\"og:locale\" content=\"ro_RO\" \/>\n<meta property=\"og:type\" content=\"article\" \/>\n<meta property=\"og:title\" content=\"Numerele c\u00e2\u0219tig\u0103toare \u0219i rezultatele la Loteria Marii Britanii\" \/>\n<meta property=\"og:description\" content=\"V-am afi\u0219at rezultatele ob\u021binute la Loteria Marii Britanii, \u0219i o arhiv\u0103 a numerelor precedent c\u00e2\u0219tig\u0103toare\" \/>\n<meta property=\"og:url\" content=\"https:\/\/redfoxlotto.com\/ro\/rezultate\/lotto-uk\/\" \/>\n<meta property=\"og:site_name\" content=\"Get Tickets for the World\u2019s largest jackpots\" \/>\n<meta property=\"article:modified_time\" content=\"2019-09-12T18:12:29+00:00\" \/>\n<meta property=\"og:image\" content=\"https:\/\/content.redfoxlotto.com\/uploads\/sites\/9\/1_results_tickets_lotto.jpg\" \/>\n<meta name=\"twitter:card\" content=\"summary_large_image\" \/>\n<meta name=\"twitter:label1\" content=\"Timp estimat pentru citire\" \/>\n\t<meta name=\"twitter:data1\" content=\"2 minute\" \/>\n<script type=\"application\/ld+json\" class=\"yoast-schema-graph\">{\"@context\":\"https:\\\/\\\/schema.org\",\"@graph\":[{\"@type\":\"WebPage\",\"@id\":\"https:\\\/\\\/redfoxlotto.com\\\/ro\\\/rezultate\\\/lotto-uk\\\/\",\"url\":\"https:\\\/\\\/redfoxlotto.com\\\/ro\\\/rezultate\\\/lotto-uk\\\/\",\"name\":\"Numerele c\u00e2\u0219tig\u0103toare \u0219i rezultatele la Loteria Marii Britanii\",\"isPartOf\":{\"@id\":\"https:\\\/\\\/redfoxlotto.com\\\/ro\\\/#website\"},\"primaryImageOfPage\":{\"@id\":\"https:\\\/\\\/redfoxlotto.com\\\/ro\\\/rezultate\\\/lotto-uk\\\/#primaryimage\"},\"image\":{\"@id\":\"https:\\\/\\\/redfoxlotto.com\\\/ro\\\/rezultate\\\/lotto-uk\\\/#primaryimage\"},\"thumbnailUrl\":\"https:\\\/\\\/content.redfoxlotto.com\\\/uploads\\\/sites\\\/9\\\/1_results_tickets_lotto.jpg\",\"datePublished\":\"2018-11-18T08:54:25+00:00\",\"dateModified\":\"2019-09-12T18:12:29+00:00\",\"description\":\"V-am afi\u0219at rezultatele ob\u021binute la Loteria Marii Britanii, \u0219i o arhiv\u0103 a numerelor precedent c\u00e2\u0219tig\u0103toare\",\"breadcrumb\":{\"@id\":\"https:\\\/\\\/redfoxlotto.com\\\/ro\\\/rezultate\\\/lotto-uk\\\/#breadcrumb\"},\"inLanguage\":\"ro-RO\",\"potentialAction\":[{\"@type\":\"ReadAction\",\"target\":[\"https:\\\/\\\/redfoxlotto.com\\\/ro\\\/rezultate\\\/lotto-uk\\\/\"]}]},{\"@type\":\"ImageObject\",\"inLanguage\":\"ro-RO\",\"@id\":\"https:\\\/\\\/redfoxlotto.com\\\/ro\\\/rezultate\\\/lotto-uk\\\/#primaryimage\",\"url\":\"https:\\\/\\\/content.redfoxlotto.com\\\/uploads\\\/sites\\\/9\\\/1_results_tickets_lotto.jpg\",\"contentUrl\":\"https:\\\/\\\/content.redfoxlotto.com\\\/uploads\\\/sites\\\/9\\\/1_results_tickets_lotto.jpg\"},{\"@type\":\"BreadcrumbList\",\"@id\":\"https:\\\/\\\/redfoxlotto.com\\\/ro\\\/rezultate\\\/lotto-uk\\\/#breadcrumb\",\"itemListElement\":[{\"@type\":\"ListItem\",\"position\":1,\"name\":\"Home\",\"item\":\"https:\\\/\\\/redfoxlotto.com\\\/ro\\\/\"},{\"@type\":\"ListItem\",\"position\":2,\"name\":\"Rezultate la loteria Interna\u021bional\u0103\",\"item\":\"https:\\\/\\\/redfoxlotto.com\\\/ro\\\/rezultate\\\/\"},{\"@type\":\"ListItem\",\"position\":3,\"name\":\"Rezultatele Loteriei Marii Britanii\"}]},{\"@type\":\"WebSite\",\"@id\":\"https:\\\/\\\/redfoxlotto.com\\\/ro\\\/#website\",\"url\":\"https:\\\/\\\/redfoxlotto.com\\\/ro\\\/\",\"name\":\"Get Tickets for the World\u2019s largest jackpots\",\"description\":\"Participate in worldwide lottery jackpots from any country\",\"publisher\":{\"@id\":\"https:\\\/\\\/redfoxlotto.com\\\/ro\\\/#organization\"},\"potentialAction\":[{\"@type\":\"SearchAction\",\"target\":{\"@type\":\"EntryPoint\",\"urlTemplate\":\"https:\\\/\\\/redfoxlotto.com\\\/ro\\\/?s={search_term_string}\"},\"query-input\":{\"@type\":\"PropertyValueSpecification\",\"valueRequired\":true,\"valueName\":\"search_term_string\"}}],\"inLanguage\":\"ro-RO\"},{\"@type\":\"Organization\",\"@id\":\"https:\\\/\\\/redfoxlotto.com\\\/ro\\\/#organization\",\"name\":\"Get Tickets for the World\u2019s largest jackpots\",\"url\":\"https:\\\/\\\/redfoxlotto.com\\\/ro\\\/\",\"logo\":{\"@type\":\"ImageObject\",\"inLanguage\":\"ro-RO\",\"@id\":\"https:\\\/\\\/redfoxlotto.com\\\/ro\\\/#\\\/schema\\\/logo\\\/image\\\/\",\"url\":\"https:\\\/\\\/redfoxlotto.com\\\/wp-content\\\/uploads\\\/2023\\\/04\\\/logo.png\",\"contentUrl\":\"https:\\\/\\\/redfoxlotto.com\\\/wp-content\\\/uploads\\\/2023\\\/04\\\/logo.png\",\"width\":269,\"height\":53,\"caption\":\"Get Tickets for the World\u2019s largest jackpots\"},\"image\":{\"@id\":\"https:\\\/\\\/redfoxlotto.com\\\/ro\\\/#\\\/schema\\\/logo\\\/image\\\/\"}}]}<\/script>\n<!-- \/ Yoast SEO plugin. -->","yoast_head_json":{"title":"Numerele c\u00e2\u0219tig\u0103toare \u0219i rezultatele la Loteria Marii Britanii","description":"V-am afi\u0219at rezultatele ob\u021binute la Loteria Marii Britanii, \u0219i o arhiv\u0103 a numerelor precedent c\u00e2\u0219tig\u0103toare","robots":{"index":"index","follow":"follow","max-snippet":"max-snippet:-1","max-image-preview":"max-image-preview:large","max-video-preview":"max-video-preview:-1"},"canonical":"https:\/\/redfoxlotto.com\/ro\/rezultate\/lotto-uk\/","og_locale":"ro_RO","og_type":"article","og_title":"Numerele c\u00e2\u0219tig\u0103toare \u0219i rezultatele la Loteria Marii Britanii","og_description":"V-am afi\u0219at rezultatele ob\u021binute la Loteria Marii Britanii, \u0219i o arhiv\u0103 a numerelor precedent c\u00e2\u0219tig\u0103toare","og_url":"https:\/\/redfoxlotto.com\/ro\/rezultate\/lotto-uk\/","og_site_name":"Get Tickets for the World\u2019s largest jackpots","article_modified_time":"2019-09-12T18:12:29+00:00","og_image":[{"url":"https:\/\/content.redfoxlotto.com\/uploads\/sites\/9\/1_results_tickets_lotto.jpg","type":"","width":"","height":""}],"twitter_card":"summary_large_image","twitter_misc":{"Timp estimat pentru citire":"2 minute"},"schema":{"@context":"https:\/\/schema.org","@graph":[{"@type":"WebPage","@id":"https:\/\/redfoxlotto.com\/ro\/rezultate\/lotto-uk\/","url":"https:\/\/redfoxlotto.com\/ro\/rezultate\/lotto-uk\/","name":"Numerele c\u00e2\u0219tig\u0103toare \u0219i rezultatele la Loteria Marii Britanii","isPartOf":{"@id":"https:\/\/redfoxlotto.com\/ro\/#website"},"primaryImageOfPage":{"@id":"https:\/\/redfoxlotto.com\/ro\/rezultate\/lotto-uk\/#primaryimage"},"image":{"@id":"https:\/\/redfoxlotto.com\/ro\/rezultate\/lotto-uk\/#primaryimage"},"thumbnailUrl":"https:\/\/content.redfoxlotto.com\/uploads\/sites\/9\/1_results_tickets_lotto.jpg","datePublished":"2018-11-18T08:54:25+00:00","dateModified":"2019-09-12T18:12:29+00:00","description":"V-am afi\u0219at rezultatele ob\u021binute la Loteria Marii Britanii, \u0219i o arhiv\u0103 a numerelor precedent c\u00e2\u0219tig\u0103toare","breadcrumb":{"@id":"https:\/\/redfoxlotto.com\/ro\/rezultate\/lotto-uk\/#breadcrumb"},"inLanguage":"ro-RO","potentialAction":[{"@type":"ReadAction","target":["https:\/\/redfoxlotto.com\/ro\/rezultate\/lotto-uk\/"]}]},{"@type":"ImageObject","inLanguage":"ro-RO","@id":"https:\/\/redfoxlotto.com\/ro\/rezultate\/lotto-uk\/#primaryimage","url":"https:\/\/content.redfoxlotto.com\/uploads\/sites\/9\/1_results_tickets_lotto.jpg","contentUrl":"https:\/\/content.redfoxlotto.com\/uploads\/sites\/9\/1_results_tickets_lotto.jpg"},{"@type":"BreadcrumbList","@id":"https:\/\/redfoxlotto.com\/ro\/rezultate\/lotto-uk\/#breadcrumb","itemListElement":[{"@type":"ListItem","position":1,"name":"Home","item":"https:\/\/redfoxlotto.com\/ro\/"},{"@type":"ListItem","position":2,"name":"Rezultate la loteria Interna\u021bional\u0103","item":"https:\/\/redfoxlotto.com\/ro\/rezultate\/"},{"@type":"ListItem","position":3,"name":"Rezultatele Loteriei Marii Britanii"}]},{"@type":"WebSite","@id":"https:\/\/redfoxlotto.com\/ro\/#website","url":"https:\/\/redfoxlotto.com\/ro\/","name":"Get Tickets for the World\u2019s largest jackpots","description":"Participate in worldwide lottery jackpots from any country","publisher":{"@id":"https:\/\/redfoxlotto.com\/ro\/#organization"},"potentialAction":[{"@type":"SearchAction","target":{"@type":"EntryPoint","urlTemplate":"https:\/\/redfoxlotto.com\/ro\/?s={search_term_string}"},"query-input":{"@type":"PropertyValueSpecification","valueRequired":true,"valueName":"search_term_string"}}],"inLanguage":"ro-RO"},{"@type":"Organization","@id":"https:\/\/redfoxlotto.com\/ro\/#organization","name":"Get Tickets for the World\u2019s largest jackpots","url":"https:\/\/redfoxlotto.com\/ro\/","logo":{"@type":"ImageObject","inLanguage":"ro-RO","@id":"https:\/\/redfoxlotto.com\/ro\/#\/schema\/logo\/image\/","url":"https:\/\/redfoxlotto.com\/wp-content\/uploads\/2023\/04\/logo.png","contentUrl":"https:\/\/redfoxlotto.com\/wp-content\/uploads\/2023\/04\/logo.png","width":269,"height":53,"caption":"Get Tickets for the World\u2019s largest jackpots"},"image":{"@id":"https:\/\/redfoxlotto.com\/ro\/#\/schema\/logo\/image\/"}}]}},"_links":{"self":[{"href":"https:\/\/redfoxlotto.com\/ro\/wp-json\/wp\/v2\/pages\/2849","targetHints":{"allow":["GET"]}}],"collection":[{"href":"https:\/\/redfoxlotto.com\/ro\/wp-json\/wp\/v2\/pages"}],"about":[{"href":"https:\/\/redfoxlotto.com\/ro\/wp-json\/wp\/v2\/types\/page"}],"author":[{"embeddable":true,"href":"https:\/\/redfoxlotto.com\/ro\/wp-json\/wp\/v2\/users\/1"}],"replies":[{"embeddable":true,"href":"https:\/\/redfoxlotto.com\/ro\/wp-json\/wp\/v2\/comments?post=2849"}],"version-history":[{"count":0,"href":"https:\/\/redfoxlotto.com\/ro\/wp-json\/wp\/v2\/pages\/2849\/revisions"}],"up":[{"embeddable":true,"href":"https:\/\/redfoxlotto.com\/ro\/wp-json\/wp\/v2\/pages\/2842"}],"wp:attachment":[{"href":"https:\/\/redfoxlotto.com\/ro\/wp-json\/wp\/v2\/media?parent=2849"}],"curies":[{"name":"wp","href":"https:\/\/api.w.org\/{rel}","templated":true}]}}