{"id":2848,"date":"2018-11-18T08:54:25","date_gmt":"2018-11-18T08:54:25","guid":{"rendered":"https:\/\/redfoxlotto.com\/?page_id=1291"},"modified":"2019-09-12T18:12:29","modified_gmt":"2019-09-12T18:12:29","slug":"superenalotto","status":"publish","type":"page","link":"https:\/\/redfoxlotto.com\/ro\/rezultate\/superenalotto\/","title":{"rendered":"Rezultatele SuperEnaLotto"},"content":{"rendered":"<h2>Jackpotul SuperEnalotto \u2013 Rezultatele SuperEnalotto<\/h2>\n<p>SuperEnalotto este renumit pentru faptul c\u0103, de cele mai multe ori, jackpotul s\u0103u nu poate fi c\u00e2\u0219tigat. A\u0219adar, pre\u021bul principal, al c\u0103rui cuantum minim este de 1,300,000, cre\u0219te repede. \u0218i nu exist\u0103 nicio limit\u0103 pentru aceast\u0103 cre\u0219tere. Cel mai mare c\u00e2\u0219tig de p\u00e2n\u0103 acum la <a href=\"https:\/\/redfoxlotto.com\/ro\/joaca\/superenalotto\/\">Superenalotto<\/a> a fost de 177,800,000 \u20ac!<\/p>\n<h2>Premiile SuperEnaLotto \u0219i C\u00e2\u0219tig\u0103torii SuperEnalotto<\/h2>\n<p><img loading=\"lazy\" decoding=\"async\" class=\" wp-image alignright\" src=\"https:\/\/content.redfoxlotto.com\/uploads\/sites\/9\/1_results_check_lottery.jpg\" alt=\"result lotto\" width=\"239\" height=\"239\" \/><\/p>\n<p>Am realizat un tabel de pre\u021buri pentru fiecare dintre cele 6 nivele de pre\u021buri existente \u00een cazul acestei loterii. De asemenea, v\u0103 afi\u0219\u0103m c\u00e2\u021bi juc\u0103tori au c\u00e2\u0219tigat la fiecare clas\u0103.<\/p>\n<h2>Numere calde \u0219i reci la SuperEnalotto<\/h2>\n<p><img decoding=\"async\" class=\"size-full wp-image alignright\" src=\"https:\/\/content.redfoxlotto.com\/uploads\/sites\/9\/1_lottery_winning_numbers.jpg\" alt=\"Superenalotto\" \/><\/p>\n<p>O list\u0103 cu cele mai frecvent \u0219i mai rar numere extrase este ideal\u0103 pentru juc\u0103torii care vor s\u0103 \u00ee\u0219i \u00eembun\u0103t\u0103\u021beasc\u0103 \u0219ansele.<br \/>\nNumerele 4, 19, 24, 38, 74 \u0219i 8 sunt cel mai frecvent \u00eent\u00e2lnite la Superenalotto. Numerele 2, 8, 17, 29, 55 \u0219i 77 sunt foarte rar extrase.<\/p>\n","protected":false},"excerpt":{"rendered":"<p>Jackpotul SuperEnalotto \u2013 Rezultatele SuperEnalotto SuperEnalotto este renumit pentru faptul c\u0103, de cele mai multe ori, jackpotul s\u0103u nu poate fi c\u00e2\u0219tigat. A\u0219adar, pre\u021bul principal, al c\u0103rui cuantum minim este de 1,300,000, cre\u0219te repede. \u0218i nu exist\u0103 nicio limit\u0103 pentru aceast\u0103 cre\u0219tere. Cel mai mare c\u00e2\u0219tig de p\u00e2n\u0103 acum la Superenalotto a fost de 177,800,000 [&hellip;]<\/p>\n","protected":false},"author":1,"featured_media":0,"parent":2842,"menu_order":5,"comment_status":"closed","ping_status":"closed","template":"superenalotto-results.php","meta":{"_et_pb_use_builder":"","_et_pb_old_content":"","_et_gb_content_width":"","exclude_from_search":false,"footnotes":""},"class_list":["post-2848","page","type-page","status-publish","hentry"],"yoast_head":"<!-- This site is optimized with the Yoast SEO plugin v23.8 - https:\/\/yoast.com\/wordpress\/plugins\/seo\/ -->\n<title>Numerele c\u0103\u0219tig\u0103toare SuperEnalotto<\/title>\n<meta name=\"description\" content=\"Verifica\u021bi ultimele numere c\u00e2\u0219tig\u0103toare la Superenalotto, precum \u0219i arhiva noastr\u0103 cu rezultatele ob\u021binute \u00een s\u0103pt\u0103m\u00e2nile precedente.\" \/>\n<meta name=\"robots\" content=\"index, follow, max-snippet:-1, max-image-preview:large, max-video-preview:-1\" \/>\n<link rel=\"canonical\" href=\"https:\/\/redfoxlotto.com\/ro\/rezultate\/superenalotto\/\" \/>\n<meta property=\"og:locale\" content=\"ro_RO\" \/>\n<meta property=\"og:type\" content=\"article\" \/>\n<meta property=\"og:title\" content=\"Numerele c\u0103\u0219tig\u0103toare SuperEnalotto\" \/>\n<meta property=\"og:description\" content=\"Verifica\u021bi ultimele numere c\u00e2\u0219tig\u0103toare la Superenalotto, precum \u0219i arhiva noastr\u0103 cu rezultatele ob\u021binute \u00een s\u0103pt\u0103m\u00e2nile precedente.\" \/>\n<meta property=\"og:url\" content=\"https:\/\/redfoxlotto.com\/ro\/rezultate\/superenalotto\/\" \/>\n<meta property=\"og:site_name\" content=\"Get Tickets for the World\u2019s largest jackpots\" \/>\n<meta property=\"article:modified_time\" content=\"2019-09-12T18:12:29+00:00\" \/>\n<meta property=\"og:image\" content=\"https:\/\/content.redfoxlotto.com\/uploads\/sites\/9\/1_results_check_lottery.jpg\" \/>\n<meta name=\"twitter:card\" content=\"summary_large_image\" \/>\n<meta name=\"twitter:label1\" content=\"Timp estimat pentru citire\" \/>\n\t<meta name=\"twitter:data1\" content=\"2 minute\" \/>\n<script type=\"application\/ld+json\" class=\"yoast-schema-graph\">{\"@context\":\"https:\/\/schema.org\",\"@graph\":[{\"@type\":\"WebPage\",\"@id\":\"https:\/\/redfoxlotto.com\/ro\/rezultate\/superenalotto\/\",\"url\":\"https:\/\/redfoxlotto.com\/ro\/rezultate\/superenalotto\/\",\"name\":\"Numerele c\u0103\u0219tig\u0103toare SuperEnalotto\",\"isPartOf\":{\"@id\":\"https:\/\/redfoxlotto.com\/ro\/#website\"},\"primaryImageOfPage\":{\"@id\":\"https:\/\/redfoxlotto.com\/ro\/rezultate\/superenalotto\/#primaryimage\"},\"image\":{\"@id\":\"https:\/\/redfoxlotto.com\/ro\/rezultate\/superenalotto\/#primaryimage\"},\"thumbnailUrl\":\"https:\/\/content.redfoxlotto.com\/uploads\/sites\/9\/1_results_check_lottery.jpg\",\"datePublished\":\"2018-11-18T08:54:25+00:00\",\"dateModified\":\"2019-09-12T18:12:29+00:00\",\"description\":\"Verifica\u021bi ultimele numere c\u00e2\u0219tig\u0103toare la Superenalotto, precum \u0219i arhiva noastr\u0103 cu rezultatele ob\u021binute \u00een s\u0103pt\u0103m\u00e2nile precedente.\",\"breadcrumb\":{\"@id\":\"https:\/\/redfoxlotto.com\/ro\/rezultate\/superenalotto\/#breadcrumb\"},\"inLanguage\":\"ro-RO\",\"potentialAction\":[{\"@type\":\"ReadAction\",\"target\":[\"https:\/\/redfoxlotto.com\/ro\/rezultate\/superenalotto\/\"]}]},{\"@type\":\"ImageObject\",\"inLanguage\":\"ro-RO\",\"@id\":\"https:\/\/redfoxlotto.com\/ro\/rezultate\/superenalotto\/#primaryimage\",\"url\":\"https:\/\/content.redfoxlotto.com\/uploads\/sites\/9\/1_results_check_lottery.jpg\",\"contentUrl\":\"https:\/\/content.redfoxlotto.com\/uploads\/sites\/9\/1_results_check_lottery.jpg\"},{\"@type\":\"BreadcrumbList\",\"@id\":\"https:\/\/redfoxlotto.com\/ro\/rezultate\/superenalotto\/#breadcrumb\",\"itemListElement\":[{\"@type\":\"ListItem\",\"position\":1,\"name\":\"Home\",\"item\":\"https:\/\/redfoxlotto.com\/ro\/\"},{\"@type\":\"ListItem\",\"position\":2,\"name\":\"Rezultate la loteria Interna\u021bional\u0103\",\"item\":\"https:\/\/redfoxlotto.com\/ro\/rezultate\/\"},{\"@type\":\"ListItem\",\"position\":3,\"name\":\"Rezultatele SuperEnaLotto\"}]},{\"@type\":\"WebSite\",\"@id\":\"https:\/\/redfoxlotto.com\/ro\/#website\",\"url\":\"https:\/\/redfoxlotto.com\/ro\/\",\"name\":\"Get Tickets for the World\u2019s largest jackpots\",\"description\":\"Participate in worldwide lottery jackpots from any country\",\"publisher\":{\"@id\":\"https:\/\/redfoxlotto.com\/ro\/#organization\"},\"potentialAction\":[{\"@type\":\"SearchAction\",\"target\":{\"@type\":\"EntryPoint\",\"urlTemplate\":\"https:\/\/redfoxlotto.com\/ro\/?s={search_term_string}\"},\"query-input\":{\"@type\":\"PropertyValueSpecification\",\"valueRequired\":true,\"valueName\":\"search_term_string\"}}],\"inLanguage\":\"ro-RO\"},{\"@type\":\"Organization\",\"@id\":\"https:\/\/redfoxlotto.com\/ro\/#organization\",\"name\":\"Get Tickets for the World\u2019s largest jackpots\",\"url\":\"https:\/\/redfoxlotto.com\/ro\/\",\"logo\":{\"@type\":\"ImageObject\",\"inLanguage\":\"ro-RO\",\"@id\":\"https:\/\/redfoxlotto.com\/ro\/#\/schema\/logo\/image\/\",\"url\":\"https:\/\/redfoxlotto.com\/wp-content\/uploads\/2023\/04\/logo.png\",\"contentUrl\":\"https:\/\/redfoxlotto.com\/wp-content\/uploads\/2023\/04\/logo.png\",\"width\":269,\"height\":53,\"caption\":\"Get Tickets for the World\u2019s largest jackpots\"},\"image\":{\"@id\":\"https:\/\/redfoxlotto.com\/ro\/#\/schema\/logo\/image\/\"}}]}<\/script>\n<!-- \/ Yoast SEO plugin. -->","yoast_head_json":{"title":"Numerele c\u0103\u0219tig\u0103toare SuperEnalotto","description":"Verifica\u021bi ultimele numere c\u00e2\u0219tig\u0103toare la Superenalotto, precum \u0219i arhiva noastr\u0103 cu rezultatele ob\u021binute \u00een s\u0103pt\u0103m\u00e2nile precedente.","robots":{"index":"index","follow":"follow","max-snippet":"max-snippet:-1","max-image-preview":"max-image-preview:large","max-video-preview":"max-video-preview:-1"},"canonical":"https:\/\/redfoxlotto.com\/ro\/rezultate\/superenalotto\/","og_locale":"ro_RO","og_type":"article","og_title":"Numerele c\u0103\u0219tig\u0103toare SuperEnalotto","og_description":"Verifica\u021bi ultimele numere c\u00e2\u0219tig\u0103toare la Superenalotto, precum \u0219i arhiva noastr\u0103 cu rezultatele ob\u021binute \u00een s\u0103pt\u0103m\u00e2nile precedente.","og_url":"https:\/\/redfoxlotto.com\/ro\/rezultate\/superenalotto\/","og_site_name":"Get Tickets for the World\u2019s largest jackpots","article_modified_time":"2019-09-12T18:12:29+00:00","og_image":[{"url":"https:\/\/content.redfoxlotto.com\/uploads\/sites\/9\/1_results_check_lottery.jpg"}],"twitter_card":"summary_large_image","twitter_misc":{"Timp estimat pentru citire":"2 minute"},"schema":{"@context":"https:\/\/schema.org","@graph":[{"@type":"WebPage","@id":"https:\/\/redfoxlotto.com\/ro\/rezultate\/superenalotto\/","url":"https:\/\/redfoxlotto.com\/ro\/rezultate\/superenalotto\/","name":"Numerele c\u0103\u0219tig\u0103toare SuperEnalotto","isPartOf":{"@id":"https:\/\/redfoxlotto.com\/ro\/#website"},"primaryImageOfPage":{"@id":"https:\/\/redfoxlotto.com\/ro\/rezultate\/superenalotto\/#primaryimage"},"image":{"@id":"https:\/\/redfoxlotto.com\/ro\/rezultate\/superenalotto\/#primaryimage"},"thumbnailUrl":"https:\/\/content.redfoxlotto.com\/uploads\/sites\/9\/1_results_check_lottery.jpg","datePublished":"2018-11-18T08:54:25+00:00","dateModified":"2019-09-12T18:12:29+00:00","description":"Verifica\u021bi ultimele numere c\u00e2\u0219tig\u0103toare la Superenalotto, precum \u0219i arhiva noastr\u0103 cu rezultatele ob\u021binute \u00een s\u0103pt\u0103m\u00e2nile precedente.","breadcrumb":{"@id":"https:\/\/redfoxlotto.com\/ro\/rezultate\/superenalotto\/#breadcrumb"},"inLanguage":"ro-RO","potentialAction":[{"@type":"ReadAction","target":["https:\/\/redfoxlotto.com\/ro\/rezultate\/superenalotto\/"]}]},{"@type":"ImageObject","inLanguage":"ro-RO","@id":"https:\/\/redfoxlotto.com\/ro\/rezultate\/superenalotto\/#primaryimage","url":"https:\/\/content.redfoxlotto.com\/uploads\/sites\/9\/1_results_check_lottery.jpg","contentUrl":"https:\/\/content.redfoxlotto.com\/uploads\/sites\/9\/1_results_check_lottery.jpg"},{"@type":"BreadcrumbList","@id":"https:\/\/redfoxlotto.com\/ro\/rezultate\/superenalotto\/#breadcrumb","itemListElement":[{"@type":"ListItem","position":1,"name":"Home","item":"https:\/\/redfoxlotto.com\/ro\/"},{"@type":"ListItem","position":2,"name":"Rezultate la loteria Interna\u021bional\u0103","item":"https:\/\/redfoxlotto.com\/ro\/rezultate\/"},{"@type":"ListItem","position":3,"name":"Rezultatele SuperEnaLotto"}]},{"@type":"WebSite","@id":"https:\/\/redfoxlotto.com\/ro\/#website","url":"https:\/\/redfoxlotto.com\/ro\/","name":"Get Tickets for the World\u2019s largest jackpots","description":"Participate in worldwide lottery jackpots from any country","publisher":{"@id":"https:\/\/redfoxlotto.com\/ro\/#organization"},"potentialAction":[{"@type":"SearchAction","target":{"@type":"EntryPoint","urlTemplate":"https:\/\/redfoxlotto.com\/ro\/?s={search_term_string}"},"query-input":{"@type":"PropertyValueSpecification","valueRequired":true,"valueName":"search_term_string"}}],"inLanguage":"ro-RO"},{"@type":"Organization","@id":"https:\/\/redfoxlotto.com\/ro\/#organization","name":"Get Tickets for the World\u2019s largest jackpots","url":"https:\/\/redfoxlotto.com\/ro\/","logo":{"@type":"ImageObject","inLanguage":"ro-RO","@id":"https:\/\/redfoxlotto.com\/ro\/#\/schema\/logo\/image\/","url":"https:\/\/redfoxlotto.com\/wp-content\/uploads\/2023\/04\/logo.png","contentUrl":"https:\/\/redfoxlotto.com\/wp-content\/uploads\/2023\/04\/logo.png","width":269,"height":53,"caption":"Get Tickets for the World\u2019s largest jackpots"},"image":{"@id":"https:\/\/redfoxlotto.com\/ro\/#\/schema\/logo\/image\/"}}]}},"_links":{"self":[{"href":"https:\/\/redfoxlotto.com\/ro\/wp-json\/wp\/v2\/pages\/2848","targetHints":{"allow":["GET"]}}],"collection":[{"href":"https:\/\/redfoxlotto.com\/ro\/wp-json\/wp\/v2\/pages"}],"about":[{"href":"https:\/\/redfoxlotto.com\/ro\/wp-json\/wp\/v2\/types\/page"}],"author":[{"embeddable":true,"href":"https:\/\/redfoxlotto.com\/ro\/wp-json\/wp\/v2\/users\/1"}],"replies":[{"embeddable":true,"href":"https:\/\/redfoxlotto.com\/ro\/wp-json\/wp\/v2\/comments?post=2848"}],"version-history":[{"count":0,"href":"https:\/\/redfoxlotto.com\/ro\/wp-json\/wp\/v2\/pages\/2848\/revisions"}],"up":[{"embeddable":true,"href":"https:\/\/redfoxlotto.com\/ro\/wp-json\/wp\/v2\/pages\/2842"}],"wp:attachment":[{"href":"https:\/\/redfoxlotto.com\/ro\/wp-json\/wp\/v2\/media?parent=2848"}],"curies":[{"name":"wp","href":"https:\/\/api.w.org\/{rel}","templated":true}]}}