{"id":2847,"date":"2018-11-18T08:54:25","date_gmt":"2018-11-18T08:54:25","guid":{"rendered":"https:\/\/redfoxlotto.com\/?page_id=1289"},"modified":"2025-12-17T12:31:06","modified_gmt":"2025-12-17T12:31:06","slug":"powerball","status":"publish","type":"page","link":"https:\/\/redfoxlotto.com\/ro\/rezultate\/powerball\/","title":{"rendered":"Rezultatele Powerball"},"content":{"rendered":"<p><script type=\"application\/ld+json\">\n{\n  \"@context\": \"https:\/\/schema.org\",\n  \"@type\": \"Service\",\n  \"name\": \"Verifica\u021bi rezultatele Powerball online\",\n  \"url\": \"https:\/\/redfoxlotto.com\/ro\/rezultate\/powerball\/\",\n  \"description\": \"Vizita\u021bi RedFoxLotto pentru a verifica cele mai recente rezultate Powerball \u0219i arhiva noastr\u0103 de rezultate la loterie.\",\n  \"serviceType\": \"Arhiv\u0103 mondial\u0103 a rezultatelor la loterie\",\n  \"provider\": {\n    \"@type\": \"Organization\",\n    \"name\": \"RedFoxLotto\",\n    \"url\": \"https:\/\/redfoxlotto.com\/ro\/rezultate\/powerball\/\",\n    \"image\": \"https:\/\/redfoxlotto.com\/wp-content\/uploads\/2025\/12\/ticket_scans.jpg\",\n    \"sameAs\": []\n  },\n  \"areaServed\": \"Worldwide\",\n  \"termsOfService\": \"https:\/\/redfoxlotto.com\/terms-and-conditions\",\n  \"additionalProperty\": {\n    \"@type\": \"PropertyValue\",\n    \"name\": \"FAQ\",\n    \"value\": \"https:\/\/redfoxlotto.com\/ro\/faq\/\"\n  },\n  \"hasOfferCatalog\": {\n    \"@type\": \"OfferCatalog\",\n    \"name\": \"Rezultate Powerball\",\n    \"itemListElement\": [\n      {\n        \"@type\": \"Offer\",\n        \"name\": \"Rezultate Powerball\",\n        \"url\": \"https:\/\/redfoxlotto.com\/ro\/rezultate\/powerball\/\",\n        \"description\": \"G\u0103si\u021bi aici cele mai recente \u0219i istorice rezultate Powerball \u0219i alte loterii majore\",\n        \"itemOffered\": {\n          \"@type\": \"Service\",\n          \"name\": \"Rezultate Powerball\",\n          \"description\": \"Numere extrase Powerball online, rezultate recente \u0219i mai vechi.\"\n        }\n      }\n    ]\n  },\n  \"mainEntityOfPage\": {\n    \"@type\": \"WebPage\",\n    \"@id\": \"https:\/\/redfoxlotto.com\/ro\/rezultate\/powerball\/\"\n  }\n}\n<\/script><br \/>\nPe site-ul nostru, v\u0103 afi\u0219\u0103m toate rezultatele ob\u021binute la loteria Powerball, precum \u0219i numerele c\u00e2\u0219tig\u0103toare, din aceast\u0103 s\u0103pt\u0103m\u00e2n\u0103, precum \u0219i ultimele extrageri<\/p>\n<p><a href=\"https:\/\/redfoxlotto.com\/ro\/\">Aici, ve\u021bi putea verifica rezultatele ob\u021binute la cea mai popular\u0103 loterie din Lume<\/a>. Orice persoan\u0103 care are toate numerele necesare pe biletul s\u0103u va deveni un multimilionar. De asemenea, ve\u021bi putea s\u0103 verifica\u021bi numerele c\u00e2\u0219tig\u0103toare extrase anterior \u0219i afi\u0219ate \u00een arhiva noastr\u0103.<\/p>\n<h2>Jackpotul Powerball<\/h2>\n<p><img decoding=\"async\" class=\"size-full wp-image alignright\" src=\"https:\/\/content.redfoxlotto.com\/uploads\/sites\/9\/1_results_powerball.jpg\" alt=\"rezultate la loterie\"><\/p>\n<p>Jackpotul Powerball \u00eencepe de la minimum $ 40,000,000. \u00cens\u0103, recordul de p\u00e2n\u0103 acum atinge incredibila sum\u0103 de $ 1,500,000,000, sau altfel spus $ 1.5 miliarde! V\u0103 pute\u021bi imagina cu greu o asemenea sum\u0103, \u00eens\u0103 cineva chiar a reu\u0219it s\u0103 o c\u00e2\u0219tige!<\/p>\n<h2>Premiile Powerball \u0219i C\u00e2\u0219tig\u0103torii Powerball<\/h2>\n<p>Sunt oferite nou\u0103 premii la <a href=\"https:\/\/redfoxlotto.com\/ro\/informatie\/powerball\/\">Powerball<\/a>. Sute de mii de juc\u0103tori c\u00e2\u0219tig\u0103 la fiecare extragere. Tabelul de mai sus afi\u0219eaz\u0103 \u0219i sumele c\u00e2\u0219tigate.<\/p>\n<h2>Cele mai extrase numere la Powerball<\/h2>\n<p><img decoding=\"async\" class=\"size-full wp-image alignright\" src=\"https:\/\/content.redfoxlotto.com\/uploads\/sites\/9\/1_winning_numbers_powerball.jpg\" alt=\"Powerball lottery winner\"><br \/>\nCare este strategia pe care o ave\u021bi \u00een vedere, \u00een momentul \u00een care alege\u021bi numerele? Unii juc\u0103tori mereu utilizeaz\u0103 acelea\u0219i numere personale, al\u021bii utilizeaz\u0103 numerele cel mai pu\u021bin sau cel mai des extrase.<\/p>\n<p>Cele mai extrase numere la Powerball sunt: 8, 26, 22, 23 \u0219i 36. Numerele cele mai rar extrase au fost 15, 51, 37, 47, 12, 4 \u0219i 24.<\/p>\n","protected":false},"excerpt":{"rendered":"<p>Pe site-ul nostru, v\u0103 afi\u0219\u0103m toate rezultatele ob\u021binute la loteria Powerball, precum \u0219i numerele c\u00e2\u0219tig\u0103toare, din aceast\u0103 s\u0103pt\u0103m\u00e2n\u0103, precum \u0219i ultimele extrageri Aici, ve\u021bi putea verifica rezultatele ob\u021binute la cea mai popular\u0103 loterie din Lume. Orice persoan\u0103 care are toate numerele necesare pe biletul s\u0103u va deveni un multimilionar. De asemenea, ve\u021bi putea s\u0103 verifica\u021bi [&hellip;]<\/p>\n","protected":false},"author":1,"featured_media":0,"parent":2842,"menu_order":1,"comment_status":"closed","ping_status":"closed","template":"powerball-usa-results.php","meta":{"_et_pb_use_builder":"","_et_pb_old_content":"","_et_gb_content_width":"","exclude_from_search":false,"footnotes":""},"class_list":["post-2847","page","type-page","status-publish","hentry"],"yoast_head":"<!-- This site is optimized with the Yoast SEO plugin v23.8 - https:\/\/yoast.com\/wordpress\/plugins\/seo\/ -->\n<title>Rezultatele loteriei Powerball \u0219i numerele c\u00e2\u0219tig\u0103toare<\/title>\n<meta name=\"description\" content=\"Afla\u021bi aici ultimele rezultate la Loteria Powerball, \u00eenclusiv o arhiv\u0103 a ultimelor extrageri\" \/>\n<meta name=\"robots\" content=\"index, follow, max-snippet:-1, max-image-preview:large, max-video-preview:-1\" \/>\n<link rel=\"canonical\" href=\"https:\/\/redfoxlotto.com\/ro\/rezultate\/powerball\/\" \/>\n<meta property=\"og:locale\" content=\"ro_RO\" \/>\n<meta property=\"og:type\" content=\"article\" \/>\n<meta property=\"og:title\" content=\"Rezultatele loteriei Powerball \u0219i numerele c\u00e2\u0219tig\u0103toare\" \/>\n<meta property=\"og:description\" content=\"Afla\u021bi aici ultimele rezultate la Loteria Powerball, \u00eenclusiv o arhiv\u0103 a ultimelor extrageri\" \/>\n<meta property=\"og:url\" content=\"https:\/\/redfoxlotto.com\/ro\/rezultate\/powerball\/\" \/>\n<meta property=\"og:site_name\" content=\"Get Tickets for the World\u2019s largest jackpots\" \/>\n<meta property=\"article:modified_time\" content=\"2025-12-17T12:31:06+00:00\" \/>\n<meta property=\"og:image\" content=\"https:\/\/content.redfoxlotto.com\/uploads\/sites\/9\/1_results_powerball.jpg\" \/>\n<meta name=\"twitter:card\" content=\"summary_large_image\" \/>\n<meta name=\"twitter:label1\" content=\"Timp estimat pentru citire\" \/>\n\t<meta name=\"twitter:data1\" content=\"2 minute\" \/>\n<script type=\"application\/ld+json\" class=\"yoast-schema-graph\">{\"@context\":\"https:\/\/schema.org\",\"@graph\":[{\"@type\":\"WebPage\",\"@id\":\"https:\/\/redfoxlotto.com\/ro\/rezultate\/powerball\/\",\"url\":\"https:\/\/redfoxlotto.com\/ro\/rezultate\/powerball\/\",\"name\":\"Rezultatele loteriei Powerball \u0219i numerele c\u00e2\u0219tig\u0103toare\",\"isPartOf\":{\"@id\":\"https:\/\/redfoxlotto.com\/ro\/#website\"},\"primaryImageOfPage\":{\"@id\":\"https:\/\/redfoxlotto.com\/ro\/rezultate\/powerball\/#primaryimage\"},\"image\":{\"@id\":\"https:\/\/redfoxlotto.com\/ro\/rezultate\/powerball\/#primaryimage\"},\"thumbnailUrl\":\"https:\/\/content.redfoxlotto.com\/uploads\/sites\/9\/1_results_powerball.jpg\",\"datePublished\":\"2018-11-18T08:54:25+00:00\",\"dateModified\":\"2025-12-17T12:31:06+00:00\",\"description\":\"Afla\u021bi aici ultimele rezultate la Loteria Powerball, \u00eenclusiv o arhiv\u0103 a ultimelor extrageri\",\"breadcrumb\":{\"@id\":\"https:\/\/redfoxlotto.com\/ro\/rezultate\/powerball\/#breadcrumb\"},\"inLanguage\":\"ro-RO\",\"potentialAction\":[{\"@type\":\"ReadAction\",\"target\":[\"https:\/\/redfoxlotto.com\/ro\/rezultate\/powerball\/\"]}]},{\"@type\":\"ImageObject\",\"inLanguage\":\"ro-RO\",\"@id\":\"https:\/\/redfoxlotto.com\/ro\/rezultate\/powerball\/#primaryimage\",\"url\":\"https:\/\/content.redfoxlotto.com\/uploads\/sites\/9\/1_results_powerball.jpg\",\"contentUrl\":\"https:\/\/content.redfoxlotto.com\/uploads\/sites\/9\/1_results_powerball.jpg\"},{\"@type\":\"BreadcrumbList\",\"@id\":\"https:\/\/redfoxlotto.com\/ro\/rezultate\/powerball\/#breadcrumb\",\"itemListElement\":[{\"@type\":\"ListItem\",\"position\":1,\"name\":\"Home\",\"item\":\"https:\/\/redfoxlotto.com\/ro\/\"},{\"@type\":\"ListItem\",\"position\":2,\"name\":\"Rezultate la loteria Interna\u021bional\u0103\",\"item\":\"https:\/\/redfoxlotto.com\/ro\/rezultate\/\"},{\"@type\":\"ListItem\",\"position\":3,\"name\":\"Rezultatele Powerball\"}]},{\"@type\":\"WebSite\",\"@id\":\"https:\/\/redfoxlotto.com\/ro\/#website\",\"url\":\"https:\/\/redfoxlotto.com\/ro\/\",\"name\":\"Get Tickets for the World\u2019s largest jackpots\",\"description\":\"Participate in worldwide lottery jackpots from any country\",\"publisher\":{\"@id\":\"https:\/\/redfoxlotto.com\/ro\/#organization\"},\"potentialAction\":[{\"@type\":\"SearchAction\",\"target\":{\"@type\":\"EntryPoint\",\"urlTemplate\":\"https:\/\/redfoxlotto.com\/ro\/?s={search_term_string}\"},\"query-input\":{\"@type\":\"PropertyValueSpecification\",\"valueRequired\":true,\"valueName\":\"search_term_string\"}}],\"inLanguage\":\"ro-RO\"},{\"@type\":\"Organization\",\"@id\":\"https:\/\/redfoxlotto.com\/ro\/#organization\",\"name\":\"Get Tickets for the World\u2019s largest jackpots\",\"url\":\"https:\/\/redfoxlotto.com\/ro\/\",\"logo\":{\"@type\":\"ImageObject\",\"inLanguage\":\"ro-RO\",\"@id\":\"https:\/\/redfoxlotto.com\/ro\/#\/schema\/logo\/image\/\",\"url\":\"https:\/\/redfoxlotto.com\/wp-content\/uploads\/2023\/04\/logo.png\",\"contentUrl\":\"https:\/\/redfoxlotto.com\/wp-content\/uploads\/2023\/04\/logo.png\",\"width\":269,\"height\":53,\"caption\":\"Get Tickets for the World\u2019s largest jackpots\"},\"image\":{\"@id\":\"https:\/\/redfoxlotto.com\/ro\/#\/schema\/logo\/image\/\"}}]}<\/script>\n<!-- \/ Yoast SEO plugin. -->","yoast_head_json":{"title":"Rezultatele loteriei Powerball \u0219i numerele c\u00e2\u0219tig\u0103toare","description":"Afla\u021bi aici ultimele rezultate la Loteria Powerball, \u00eenclusiv o arhiv\u0103 a ultimelor extrageri","robots":{"index":"index","follow":"follow","max-snippet":"max-snippet:-1","max-image-preview":"max-image-preview:large","max-video-preview":"max-video-preview:-1"},"canonical":"https:\/\/redfoxlotto.com\/ro\/rezultate\/powerball\/","og_locale":"ro_RO","og_type":"article","og_title":"Rezultatele loteriei Powerball \u0219i numerele c\u00e2\u0219tig\u0103toare","og_description":"Afla\u021bi aici ultimele rezultate la Loteria Powerball, \u00eenclusiv o arhiv\u0103 a ultimelor extrageri","og_url":"https:\/\/redfoxlotto.com\/ro\/rezultate\/powerball\/","og_site_name":"Get Tickets for the World\u2019s largest jackpots","article_modified_time":"2025-12-17T12:31:06+00:00","og_image":[{"url":"https:\/\/content.redfoxlotto.com\/uploads\/sites\/9\/1_results_powerball.jpg"}],"twitter_card":"summary_large_image","twitter_misc":{"Timp estimat pentru citire":"2 minute"},"schema":{"@context":"https:\/\/schema.org","@graph":[{"@type":"WebPage","@id":"https:\/\/redfoxlotto.com\/ro\/rezultate\/powerball\/","url":"https:\/\/redfoxlotto.com\/ro\/rezultate\/powerball\/","name":"Rezultatele loteriei Powerball \u0219i numerele c\u00e2\u0219tig\u0103toare","isPartOf":{"@id":"https:\/\/redfoxlotto.com\/ro\/#website"},"primaryImageOfPage":{"@id":"https:\/\/redfoxlotto.com\/ro\/rezultate\/powerball\/#primaryimage"},"image":{"@id":"https:\/\/redfoxlotto.com\/ro\/rezultate\/powerball\/#primaryimage"},"thumbnailUrl":"https:\/\/content.redfoxlotto.com\/uploads\/sites\/9\/1_results_powerball.jpg","datePublished":"2018-11-18T08:54:25+00:00","dateModified":"2025-12-17T12:31:06+00:00","description":"Afla\u021bi aici ultimele rezultate la Loteria Powerball, \u00eenclusiv o arhiv\u0103 a ultimelor extrageri","breadcrumb":{"@id":"https:\/\/redfoxlotto.com\/ro\/rezultate\/powerball\/#breadcrumb"},"inLanguage":"ro-RO","potentialAction":[{"@type":"ReadAction","target":["https:\/\/redfoxlotto.com\/ro\/rezultate\/powerball\/"]}]},{"@type":"ImageObject","inLanguage":"ro-RO","@id":"https:\/\/redfoxlotto.com\/ro\/rezultate\/powerball\/#primaryimage","url":"https:\/\/content.redfoxlotto.com\/uploads\/sites\/9\/1_results_powerball.jpg","contentUrl":"https:\/\/content.redfoxlotto.com\/uploads\/sites\/9\/1_results_powerball.jpg"},{"@type":"BreadcrumbList","@id":"https:\/\/redfoxlotto.com\/ro\/rezultate\/powerball\/#breadcrumb","itemListElement":[{"@type":"ListItem","position":1,"name":"Home","item":"https:\/\/redfoxlotto.com\/ro\/"},{"@type":"ListItem","position":2,"name":"Rezultate la loteria Interna\u021bional\u0103","item":"https:\/\/redfoxlotto.com\/ro\/rezultate\/"},{"@type":"ListItem","position":3,"name":"Rezultatele Powerball"}]},{"@type":"WebSite","@id":"https:\/\/redfoxlotto.com\/ro\/#website","url":"https:\/\/redfoxlotto.com\/ro\/","name":"Get Tickets for the World\u2019s largest jackpots","description":"Participate in worldwide lottery jackpots from any country","publisher":{"@id":"https:\/\/redfoxlotto.com\/ro\/#organization"},"potentialAction":[{"@type":"SearchAction","target":{"@type":"EntryPoint","urlTemplate":"https:\/\/redfoxlotto.com\/ro\/?s={search_term_string}"},"query-input":{"@type":"PropertyValueSpecification","valueRequired":true,"valueName":"search_term_string"}}],"inLanguage":"ro-RO"},{"@type":"Organization","@id":"https:\/\/redfoxlotto.com\/ro\/#organization","name":"Get Tickets for the World\u2019s largest jackpots","url":"https:\/\/redfoxlotto.com\/ro\/","logo":{"@type":"ImageObject","inLanguage":"ro-RO","@id":"https:\/\/redfoxlotto.com\/ro\/#\/schema\/logo\/image\/","url":"https:\/\/redfoxlotto.com\/wp-content\/uploads\/2023\/04\/logo.png","contentUrl":"https:\/\/redfoxlotto.com\/wp-content\/uploads\/2023\/04\/logo.png","width":269,"height":53,"caption":"Get Tickets for the World\u2019s largest jackpots"},"image":{"@id":"https:\/\/redfoxlotto.com\/ro\/#\/schema\/logo\/image\/"}}]}},"_links":{"self":[{"href":"https:\/\/redfoxlotto.com\/ro\/wp-json\/wp\/v2\/pages\/2847","targetHints":{"allow":["GET"]}}],"collection":[{"href":"https:\/\/redfoxlotto.com\/ro\/wp-json\/wp\/v2\/pages"}],"about":[{"href":"https:\/\/redfoxlotto.com\/ro\/wp-json\/wp\/v2\/types\/page"}],"author":[{"embeddable":true,"href":"https:\/\/redfoxlotto.com\/ro\/wp-json\/wp\/v2\/users\/1"}],"replies":[{"embeddable":true,"href":"https:\/\/redfoxlotto.com\/ro\/wp-json\/wp\/v2\/comments?post=2847"}],"version-history":[{"count":0,"href":"https:\/\/redfoxlotto.com\/ro\/wp-json\/wp\/v2\/pages\/2847\/revisions"}],"up":[{"embeddable":true,"href":"https:\/\/redfoxlotto.com\/ro\/wp-json\/wp\/v2\/pages\/2842"}],"wp:attachment":[{"href":"https:\/\/redfoxlotto.com\/ro\/wp-json\/wp\/v2\/media?parent=2847"}],"curies":[{"name":"wp","href":"https:\/\/api.w.org\/{rel}","templated":true}]}}