{"id":2842,"date":"2023-04-24T14:13:24","date_gmt":"2023-04-24T14:13:24","guid":{"rendered":"https:\/\/redfoxlotto.com\/?page_id=1279"},"modified":"2025-12-18T08:53:41","modified_gmt":"2025-12-18T08:53:41","slug":"rezultate","status":"publish","type":"page","link":"https:\/\/redfoxlotto.com\/ro\/rezultate\/","title":{"rendered":"Rezultate la loteria Interna\u021bional\u0103"},"content":{"rendered":"<script type=\"application\/ld+json\">\r\n{\r\n  \"@context\": \"https:\/\/schema.org\",\r\n  \"@type\": \"Service\",\r\n  \"name\": \"Verific\u0103 rezultatele extragerilor interna\u021bionale de loterie online\",\r\n  \"url\": \"https:\/\/redfoxlotto.com\/ro\/rezultate\/powerball\",\r\n  \"description\": \"Viziteaz\u0103 RedFoxLotto pentru a verifica cele mai recente rezultate ale celor mai mari loterii din lume.\",\r\n  \"serviceType\": \"Arhiv\u0103 mondial\u0103 de rezultate loto\",\r\n\r\n  \"provider\": {\r\n    \"@type\": \"Organization\",\r\n    \"name\": \"RedFoxLotto\",\r\n    \"url\": \"https:\/\/redfoxlotto.com\/ro\/\",\r\n    \"image\": \"https:\/\/redfoxlotto.com\/wp-content\/uploads\/2025\/12\/ticket_scans.jpg\",\r\n    \"sameAs\": []\r\n  },\r\n\r\n  \"areaServed\": \"Worldwide\",\r\n  \"termsOfService\": \"https:\/\/redfoxlotto.com\/terms-and-conditions\",\r\n\r\n  \"additionalProperty\": {\r\n    \"@type\": \"PropertyValue\",\r\n    \"name\": \"\u00centreb\u0103ri frecvente\",\r\n    \"value\": \"https:\/\/redfoxlotto.com\/ro\/faq\/\"\r\n  },\r\n\r\n  \"hasOfferCatalog\": {\r\n    \"@type\": \"OfferCatalog\",\r\n    \"name\": \"Rezultate loto mondiale\",\r\n    \"itemListElement\": [\r\n      {\r\n        \"@type\": \"Offer\",\r\n        \"name\": \"Bilet Powerball\",\r\n        \"url\": \"https:\/\/redfoxlotto.com\/ro\/rezultate\/\",\r\n        \"description\": \"G\u0103se\u0219te aici cele mai recente \u0219i istorice rezultate ale celor mai mari loterii din lume\",\r\n        \"itemOffered\": {\r\n          \"@type\": \"Service\",\r\n          \"name\": \"Rezultate interna\u021bionale de loterie\",\r\n          \"description\": \"Numere extrase online pentru cele mai mari loterii, rezultate recente \u0219i mai vechi.\"\r\n        }\r\n      }\r\n    ]\r\n  },\r\n\r\n  \"mainEntityOfPage\": {\r\n    \"@type\": \"WebPage\",\r\n    \"@id\": \"https:\/\/redfoxlotto.com\/ro\/rezultate\/\"\r\n  }\r\n}\r\n<\/script><p>Aici, \u00een fiecare s\u0103pt\u0103m\u00e2n\u0103, public\u0103m cele <strong>mai recente numere c\u00e2\u0219tig\u0103toare ob\u021binute la toate <a href=\"https:\/\/redfoxlotto.com\/ro\/\">loteriile interna\u021bionale<\/a><\/strong>, la care ve\u021bi putea achizi\u021biona bilete direct de la noi. Numerele provin din partea operatorilor oficiali de loterie. Ele vor fi publicate aici imediat dup\u0103 extragere. Astfel, ve\u021bi putea s\u0103 v\u0103 compara\u021bi rapid biletele cu numerele c\u00e2\u0219tig\u0103toare \u0219i s\u0103 vede\u021bi dac\u0103 a\u021bi c\u00e2\u0219tigat. Mai mult, ve\u021bi putea vedea sumele c\u00e2\u0219tigate care corespund fiec\u0103rui nivel de c\u00e2\u0219tig, ap\u0103s\u00e2nd pe denumirea loteriei.<\/p><div class=\"wp-block-image\"><figure class=\"alignright is-resized\"><img loading=\"lazy\" decoding=\"async\" src=\"https:\/\/content.redfoxlotto.com\/uploads\/sites\/9\/1_winning_lottery_numbers.jpg\" alt=\"numere c\u00e2\u0219tig\u0103toare loterii interna\u021bionale\" width=\"221\" height=\"221\" \/><\/figure><\/div><p>De asemenea, ve\u021bi putea vedea dac\u0103 ultimul jackpot a fost c\u00e2\u0219tig\u0103tor sau nu. \u00cen plus, v\u0103 putea ar\u0103ta numerele extrase \u00een s\u0103pt\u0103m\u00e2nile precedente.<\/p><p>Bine\u00een\u021beles, dac\u0103 ve\u021bi dori, ve\u021bi putea utiliza aceste informa\u021bii referitoare la loteriile interna\u021bionale pentru a alege numerele urm\u0103toarelor bilete de loterie pe care le ve\u021bi achizi\u021biona.<\/p><h2 class=\"wp-block-heading\">Numere calde \u0219i reci<\/h2><div class=\"wp-block-image\"><figure class=\"alignright is-resized\"><img loading=\"lazy\" decoding=\"async\" src=\"https:\/\/content.redfoxlotto.com\/uploads\/sites\/9\/1_lotto_draw_results.jpg\" alt=\"result lottery\" width=\"224\" height=\"149\" \/><\/figure><\/div><p>Este disponibil\u0103 o imagine de ansamblu asupra numerele \u201ecalde\u201d (extrase \u00een mod frecvent \u00een ultimele s\u0103pt\u0103m\u00e2ni) \u0219i \u201ereci\u201d (mai pu\u021bin extrase \u00een ultimele s\u0103pt\u0103m\u00e2ni) din ultimele s\u0103pt\u0103m\u00e2ni. Mul\u021bi juc\u0103tori utilizeaz\u0103 acest\u0103 informa\u021bie, pentru a-\u0219i alege numerele c\u00e2\u0219tig\u0103toare. Aceasta este o strategie care pare a fi de succes.<br><br>De asemenea, ve\u021bi putea utiliza numerele c\u00e2\u0219tig\u0103toare din ultima s\u0103pt\u0103m\u00e2n\u0103 sau din s\u0103pt\u0103m\u00e2nile trecute, pentru a crea noi combina\u021bii special pentru urm\u0103torul dumneavoastr\u0103 bilet. Un exemplu ar fi s\u0103 utiliz\u0103m primul num\u0103r din ultima extragere din <a href=\"https:\/\/redfoxlotto.com\/ro\/joaca\/mega-millions\/\">Mega Millions<\/a>, al doilea num\u0103r din rezultatele ob\u021binute \u00een <a href=\"https:\/\/redfoxlotto.com\/ro\/joaca\/euromillions\/\">Euromillions<\/a> \u0219i al treilea num\u0103r din <a href=\"https:\/\/redfoxlotto.com\/ro\/joaca\/eurojackpot\/\">Eurojackpot<\/a> \u0219i \u0219.a.<\/p>","protected":false},"excerpt":{"rendered":"<p>Aici, \u00een fiecare s\u0103pt\u0103m\u00e2n\u0103, public\u0103m cele mai recente numere c\u00e2\u0219tig\u0103toare ob\u021binute la toate loteriile interna\u021bionale, la care ve\u021bi putea achizi\u021biona bilete direct de la noi. Numerele provin din partea operatorilor oficiali de loterie. Ele vor fi publicate aici imediat dup\u0103 extragere. Astfel, ve\u021bi putea s\u0103 v\u0103 compara\u021bi rapid biletele cu numerele c\u00e2\u0219tig\u0103toare \u0219i s\u0103 vede\u021bi [&hellip;]<\/p>\n","protected":false},"author":1,"featured_media":0,"parent":0,"menu_order":4,"comment_status":"closed","ping_status":"closed","template":"Results.php","meta":{"_et_pb_use_builder":"","_et_pb_old_content":"","_et_gb_content_width":"","exclude_from_search":false,"footnotes":""},"class_list":["post-2842","page","type-page","status-publish","hentry"],"yoast_head":"<!-- This site is optimized with the Yoast SEO plugin v23.8 - https:\/\/yoast.com\/wordpress\/plugins\/seo\/ -->\n<title>Num\u0103rul de victorii \u0219i rezultatele loteriilor interna\u021bionale<\/title>\n<meta name=\"description\" content=\"Biletul dumneavoastr\u0103 de loterie a fost c\u00e2\u0219tig\u00e2tor? Afla\u021bi aici rezultatele \u0219i numerele c\u00e2\u0219tig\u0103toare la loteriile interna\u021bionale\" \/>\n<meta name=\"robots\" content=\"index, follow, max-snippet:-1, max-image-preview:large, max-video-preview:-1\" \/>\n<link rel=\"canonical\" href=\"https:\/\/redfoxlotto.com\/ro\/rezultate\/\" \/>\n<meta property=\"og:locale\" content=\"ro_RO\" \/>\n<meta property=\"og:type\" content=\"article\" \/>\n<meta property=\"og:title\" content=\"Num\u0103rul de victorii \u0219i rezultatele loteriilor interna\u021bionale\" \/>\n<meta property=\"og:description\" content=\"Biletul dumneavoastr\u0103 de loterie a fost c\u00e2\u0219tig\u00e2tor? Afla\u021bi aici rezultatele \u0219i numerele c\u00e2\u0219tig\u0103toare la loteriile interna\u021bionale\" \/>\n<meta property=\"og:url\" content=\"https:\/\/redfoxlotto.com\/ro\/rezultate\/\" \/>\n<meta property=\"og:site_name\" content=\"Get Tickets for the World\u2019s largest jackpots\" \/>\n<meta property=\"article:modified_time\" content=\"2025-12-18T08:53:41+00:00\" \/>\n<meta property=\"og:image\" content=\"https:\/\/content.redfoxlotto.com\/uploads\/sites\/9\/1_winning_lottery_numbers.jpg\" \/>\n<meta name=\"twitter:card\" content=\"summary_large_image\" \/>\n<meta name=\"twitter:label1\" content=\"Timp estimat pentru citire\" \/>\n\t<meta name=\"twitter:data1\" content=\"2 minute\" \/>\n<script type=\"application\/ld+json\" class=\"yoast-schema-graph\">{\"@context\":\"https:\/\/schema.org\",\"@graph\":[{\"@type\":\"WebPage\",\"@id\":\"https:\/\/redfoxlotto.com\/ro\/rezultate\/\",\"url\":\"https:\/\/redfoxlotto.com\/ro\/rezultate\/\",\"name\":\"Num\u0103rul de victorii \u0219i rezultatele loteriilor interna\u021bionale\",\"isPartOf\":{\"@id\":\"https:\/\/redfoxlotto.com\/ro\/#website\"},\"primaryImageOfPage\":{\"@id\":\"https:\/\/redfoxlotto.com\/ro\/rezultate\/#primaryimage\"},\"image\":{\"@id\":\"https:\/\/redfoxlotto.com\/ro\/rezultate\/#primaryimage\"},\"thumbnailUrl\":\"https:\/\/content.redfoxlotto.com\/uploads\/sites\/9\/1_winning_lottery_numbers.jpg\",\"datePublished\":\"2023-04-24T14:13:24+00:00\",\"dateModified\":\"2025-12-18T08:53:41+00:00\",\"description\":\"Biletul dumneavoastr\u0103 de loterie a fost c\u00e2\u0219tig\u00e2tor? Afla\u021bi aici rezultatele \u0219i numerele c\u00e2\u0219tig\u0103toare la loteriile interna\u021bionale\",\"breadcrumb\":{\"@id\":\"https:\/\/redfoxlotto.com\/ro\/rezultate\/#breadcrumb\"},\"inLanguage\":\"ro-RO\",\"potentialAction\":[{\"@type\":\"ReadAction\",\"target\":[\"https:\/\/redfoxlotto.com\/ro\/rezultate\/\"]}]},{\"@type\":\"ImageObject\",\"inLanguage\":\"ro-RO\",\"@id\":\"https:\/\/redfoxlotto.com\/ro\/rezultate\/#primaryimage\",\"url\":\"https:\/\/content.redfoxlotto.com\/uploads\/sites\/9\/1_winning_lottery_numbers.jpg\",\"contentUrl\":\"https:\/\/content.redfoxlotto.com\/uploads\/sites\/9\/1_winning_lottery_numbers.jpg\"},{\"@type\":\"BreadcrumbList\",\"@id\":\"https:\/\/redfoxlotto.com\/ro\/rezultate\/#breadcrumb\",\"itemListElement\":[{\"@type\":\"ListItem\",\"position\":1,\"name\":\"Home\",\"item\":\"https:\/\/redfoxlotto.com\/ro\/\"},{\"@type\":\"ListItem\",\"position\":2,\"name\":\"Rezultate la loteria Interna\u021bional\u0103\"}]},{\"@type\":\"WebSite\",\"@id\":\"https:\/\/redfoxlotto.com\/ro\/#website\",\"url\":\"https:\/\/redfoxlotto.com\/ro\/\",\"name\":\"Get Tickets for the World\u2019s largest jackpots\",\"description\":\"Participate in worldwide lottery jackpots from any country\",\"publisher\":{\"@id\":\"https:\/\/redfoxlotto.com\/ro\/#organization\"},\"potentialAction\":[{\"@type\":\"SearchAction\",\"target\":{\"@type\":\"EntryPoint\",\"urlTemplate\":\"https:\/\/redfoxlotto.com\/ro\/?s={search_term_string}\"},\"query-input\":{\"@type\":\"PropertyValueSpecification\",\"valueRequired\":true,\"valueName\":\"search_term_string\"}}],\"inLanguage\":\"ro-RO\"},{\"@type\":\"Organization\",\"@id\":\"https:\/\/redfoxlotto.com\/ro\/#organization\",\"name\":\"Get Tickets for the World\u2019s largest jackpots\",\"url\":\"https:\/\/redfoxlotto.com\/ro\/\",\"logo\":{\"@type\":\"ImageObject\",\"inLanguage\":\"ro-RO\",\"@id\":\"https:\/\/redfoxlotto.com\/ro\/#\/schema\/logo\/image\/\",\"url\":\"https:\/\/redfoxlotto.com\/wp-content\/uploads\/2023\/04\/logo.png\",\"contentUrl\":\"https:\/\/redfoxlotto.com\/wp-content\/uploads\/2023\/04\/logo.png\",\"width\":269,\"height\":53,\"caption\":\"Get Tickets for the World\u2019s largest jackpots\"},\"image\":{\"@id\":\"https:\/\/redfoxlotto.com\/ro\/#\/schema\/logo\/image\/\"}}]}<\/script>\n<!-- \/ Yoast SEO plugin. -->","yoast_head_json":{"title":"Num\u0103rul de victorii \u0219i rezultatele loteriilor interna\u021bionale","description":"Biletul dumneavoastr\u0103 de loterie a fost c\u00e2\u0219tig\u00e2tor? Afla\u021bi aici rezultatele \u0219i numerele c\u00e2\u0219tig\u0103toare la loteriile interna\u021bionale","robots":{"index":"index","follow":"follow","max-snippet":"max-snippet:-1","max-image-preview":"max-image-preview:large","max-video-preview":"max-video-preview:-1"},"canonical":"https:\/\/redfoxlotto.com\/ro\/rezultate\/","og_locale":"ro_RO","og_type":"article","og_title":"Num\u0103rul de victorii \u0219i rezultatele loteriilor interna\u021bionale","og_description":"Biletul dumneavoastr\u0103 de loterie a fost c\u00e2\u0219tig\u00e2tor? Afla\u021bi aici rezultatele \u0219i numerele c\u00e2\u0219tig\u0103toare la loteriile interna\u021bionale","og_url":"https:\/\/redfoxlotto.com\/ro\/rezultate\/","og_site_name":"Get Tickets for the World\u2019s largest jackpots","article_modified_time":"2025-12-18T08:53:41+00:00","og_image":[{"url":"https:\/\/content.redfoxlotto.com\/uploads\/sites\/9\/1_winning_lottery_numbers.jpg"}],"twitter_card":"summary_large_image","twitter_misc":{"Timp estimat pentru citire":"2 minute"},"schema":{"@context":"https:\/\/schema.org","@graph":[{"@type":"WebPage","@id":"https:\/\/redfoxlotto.com\/ro\/rezultate\/","url":"https:\/\/redfoxlotto.com\/ro\/rezultate\/","name":"Num\u0103rul de victorii \u0219i rezultatele loteriilor interna\u021bionale","isPartOf":{"@id":"https:\/\/redfoxlotto.com\/ro\/#website"},"primaryImageOfPage":{"@id":"https:\/\/redfoxlotto.com\/ro\/rezultate\/#primaryimage"},"image":{"@id":"https:\/\/redfoxlotto.com\/ro\/rezultate\/#primaryimage"},"thumbnailUrl":"https:\/\/content.redfoxlotto.com\/uploads\/sites\/9\/1_winning_lottery_numbers.jpg","datePublished":"2023-04-24T14:13:24+00:00","dateModified":"2025-12-18T08:53:41+00:00","description":"Biletul dumneavoastr\u0103 de loterie a fost c\u00e2\u0219tig\u00e2tor? Afla\u021bi aici rezultatele \u0219i numerele c\u00e2\u0219tig\u0103toare la loteriile interna\u021bionale","breadcrumb":{"@id":"https:\/\/redfoxlotto.com\/ro\/rezultate\/#breadcrumb"},"inLanguage":"ro-RO","potentialAction":[{"@type":"ReadAction","target":["https:\/\/redfoxlotto.com\/ro\/rezultate\/"]}]},{"@type":"ImageObject","inLanguage":"ro-RO","@id":"https:\/\/redfoxlotto.com\/ro\/rezultate\/#primaryimage","url":"https:\/\/content.redfoxlotto.com\/uploads\/sites\/9\/1_winning_lottery_numbers.jpg","contentUrl":"https:\/\/content.redfoxlotto.com\/uploads\/sites\/9\/1_winning_lottery_numbers.jpg"},{"@type":"BreadcrumbList","@id":"https:\/\/redfoxlotto.com\/ro\/rezultate\/#breadcrumb","itemListElement":[{"@type":"ListItem","position":1,"name":"Home","item":"https:\/\/redfoxlotto.com\/ro\/"},{"@type":"ListItem","position":2,"name":"Rezultate la loteria Interna\u021bional\u0103"}]},{"@type":"WebSite","@id":"https:\/\/redfoxlotto.com\/ro\/#website","url":"https:\/\/redfoxlotto.com\/ro\/","name":"Get Tickets for the World\u2019s largest jackpots","description":"Participate in worldwide lottery jackpots from any country","publisher":{"@id":"https:\/\/redfoxlotto.com\/ro\/#organization"},"potentialAction":[{"@type":"SearchAction","target":{"@type":"EntryPoint","urlTemplate":"https:\/\/redfoxlotto.com\/ro\/?s={search_term_string}"},"query-input":{"@type":"PropertyValueSpecification","valueRequired":true,"valueName":"search_term_string"}}],"inLanguage":"ro-RO"},{"@type":"Organization","@id":"https:\/\/redfoxlotto.com\/ro\/#organization","name":"Get Tickets for the World\u2019s largest jackpots","url":"https:\/\/redfoxlotto.com\/ro\/","logo":{"@type":"ImageObject","inLanguage":"ro-RO","@id":"https:\/\/redfoxlotto.com\/ro\/#\/schema\/logo\/image\/","url":"https:\/\/redfoxlotto.com\/wp-content\/uploads\/2023\/04\/logo.png","contentUrl":"https:\/\/redfoxlotto.com\/wp-content\/uploads\/2023\/04\/logo.png","width":269,"height":53,"caption":"Get Tickets for the World\u2019s largest jackpots"},"image":{"@id":"https:\/\/redfoxlotto.com\/ro\/#\/schema\/logo\/image\/"}}]}},"_links":{"self":[{"href":"https:\/\/redfoxlotto.com\/ro\/wp-json\/wp\/v2\/pages\/2842","targetHints":{"allow":["GET"]}}],"collection":[{"href":"https:\/\/redfoxlotto.com\/ro\/wp-json\/wp\/v2\/pages"}],"about":[{"href":"https:\/\/redfoxlotto.com\/ro\/wp-json\/wp\/v2\/types\/page"}],"author":[{"embeddable":true,"href":"https:\/\/redfoxlotto.com\/ro\/wp-json\/wp\/v2\/users\/1"}],"replies":[{"embeddable":true,"href":"https:\/\/redfoxlotto.com\/ro\/wp-json\/wp\/v2\/comments?post=2842"}],"version-history":[{"count":0,"href":"https:\/\/redfoxlotto.com\/ro\/wp-json\/wp\/v2\/pages\/2842\/revisions"}],"wp:attachment":[{"href":"https:\/\/redfoxlotto.com\/ro\/wp-json\/wp\/v2\/media?parent=2842"}],"curies":[{"name":"wp","href":"https:\/\/api.w.org\/{rel}","templated":true}]}}