{"id":2840,"date":"2018-11-18T08:54:25","date_gmt":"2018-11-18T08:54:25","guid":{"rendered":"https:\/\/redfoxlotto.com\/?page_id=1275"},"modified":"2019-09-12T18:12:29","modified_gmt":"2019-09-12T18:12:29","slug":"superenalotto","status":"publish","type":"page","link":"https:\/\/redfoxlotto.com\/ro\/informatie\/superenalotto\/","title":{"rendered":"Despre SuperEnalotto"},"content":{"rendered":"<p>Aceast\u0103 loterie din Italia a ap\u0103rut sub denumirea de &#8222;EnaLotto&#8221; \u00een anii \u201850 \u0219i, ulterior, au fost redenumite SuperEnaLotto. Cel mai mare c\u00e2\u0219tig record ob\u021binut la Superenalotto a fost de \u20ac 177,729,043.16.<\/p>\n<p>Aceast\u0103 <a href=\"https:\/\/redfoxlotto.com\/ro\/\">loterie<\/a> are trei extrageri s\u0103pt\u0103m\u00e2nale &#8211; \u00een fiecare zi de mar\u021bi, joi \u0219i s\u00e2mb\u0103t\u0103.<!--more--><\/p>\n<h2>Cum s\u0103-\u021bi cumperi biletul Superenalotto online<\/h2>\n<p><img decoding=\"async\" class=\"size-full wp-image alignright\" src=\"https:\/\/content.redfoxlotto.com\/uploads\/sites\/9\/2_ticket_superenalotto4.jpg\" alt=\"Superenalotto joac\u0103 online\" \/><\/p>\n<p>Procesul de cump\u0103rare a biletului Superenalotto online este foarte simplu. Site-ul nostru v\u0103 va ghida prin cump\u0103rarea biletului \u0219i plata.<\/p>\n<p>C\u00e2nd sunte\u021bi gata s\u0103 cump\u0103ra\u021bi biletul online, \u00eel pute\u021bi face \u00een dou\u0103 moduri diferite:<\/p>\n<ul>\n<li>\u00cencepe\u021bi prin a \u00eenregistra un cont la RedFoxLotto (nu uita\u021bi s\u0103 face\u021bi clic pe linkul din e-mailul de verificare pe care \u00eel vom trimite!) \u0218i apoi depune\u021bi mai \u00eent\u00e2i bani \u00een contul dvs. Acum, c\u0103 ai bani \u00een cont, po\u021bi alege o loterie, alege numerele \u0219i pl\u0103te\u0219te cu soldul contului. Aceast\u0103 metod\u0103 este ideal\u0103 dac\u0103 dori\u021bi s\u0103 cump\u0103ra\u021bi acum c\u00e2teva bilete online \u0219i reveni\u021bi s\u0103 cump\u0103ra\u021bi mai multe bilete mai t\u00e2rziu.<\/li>\n<\/ul>\n<p>Sau:<\/p>\n<ul>\n<li>Alege\u021bi mai \u00eent\u00e2i o loterie, apoi alege\u021bi-v\u0103 numerele. Ad\u0103uga\u021bi mai multe loterii \u0219i mai multe bilete dac\u0103 dori\u021bi. Apoi face\u021bi clic pe butonul \u201epl\u0103ti\u021bi acum\u201d. \u00cen continuare, ve\u021bi vedea ecranul de logare. Deoarece nu ave\u021bi \u00eenc\u0103 un cont, va trebui s\u0103 crea\u021bi unul f\u0103c\u00e2nd clic pe butonul \u201e\u00censcriere\u201d. Dup\u0103 ce v-a\u021bi \u00eenregistrat \u0219i verificat noul cont, c\u0103uta\u021bi simbolul co\u0219ului de cump\u0103r\u0103turi \u0219i face\u021bi clic pe el. Apoi pl\u0103ti\u021bi online, folosind orice metod\u0103 care v\u0103 este convenabil\u0103.<\/li>\n<\/ul>\n<p>Asigura\u021bi-v\u0103 c\u0103 completa\u021bi to\u021bi pa\u0219ii necesari pentru plat\u0103. Dup\u0103 ce a\u021bi cump\u0103rat cu succes biletele, ve\u021bi primi un e-mail de confirmare. Dup\u0103 aceea, tot ce trebuie s\u0103 faci este s\u0103 a\u0219tep\u021bi tragerea la sor\u021bi pentru a vedea dac\u0103 ai c\u00e2\u0219tigat!<\/p>\n<h2>SuperEnalotto \u00een \u00eentreaga lume<\/h2>\n<p><img loading=\"lazy\" decoding=\"async\" class=\" wp-image alignright\" src=\"https:\/\/content.redfoxlotto.com\/uploads\/sites\/9\/1_buy_ticket_jackpot.jpg\" alt=\"win Superenalotto\" width=\"283\" height=\"188\" \/><br \/>\n\u00cenainte de introducerea <a href=\"https:\/\/redfoxlotto.com\/ro\/joaca\/eurojackpot\/\">Eurojackpotului<\/a>, loteria <a href=\"https:\/\/redfoxlotto.com\/ro\/joaca\/superenalotto\/\">Superenalotto<\/a> a fost regina loteriilor europene. \u00cen zilele noastre, nu poate fi jucat doar \u00een Italia, ci \u0219i online de juc\u0103torii din alte \u021b\u0103ri.<\/p>\n<h2>Regulile SuperEnalotto<\/h2>\n<p>SuperEnaLotto este un joc ce presupune 6 din 90, f\u0103r\u0103 numere suplimentare. Ob\u021bin\u00e2nd 6 numere, ve\u021bi c\u00e2\u0219tiga jackpot. Dac\u0103 ave\u021bi cel pu\u021bin 3 numere corecte, ve\u021bi putea ob\u021bine cel pu\u021bin un premiu.<\/p>\n","protected":false},"excerpt":{"rendered":"<p>Aceast\u0103 loterie din Italia a ap\u0103rut sub denumirea de &#8222;EnaLotto&#8221; \u00een anii \u201850 \u0219i, ulterior, au fost redenumite SuperEnaLotto. Cel mai mare c\u00e2\u0219tig record ob\u021binut la Superenalotto a fost de \u20ac 177,729,043.16. Aceast\u0103 loterie are trei extrageri s\u0103pt\u0103m\u00e2nale &#8211; \u00een fiecare zi de mar\u021bi, joi \u0219i s\u00e2mb\u0103t\u0103.<\/p>\n","protected":false},"author":1,"featured_media":0,"parent":2834,"menu_order":5,"comment_status":"closed","ping_status":"closed","template":"superenalotto-info.php","meta":{"_et_pb_use_builder":"","_et_pb_old_content":"","_et_gb_content_width":"","exclude_from_search":false,"footnotes":""},"class_list":["post-2840","page","type-page","status-publish","hentry"],"yoast_head":"<!-- This site is optimized with the Yoast SEO plugin v23.8 - https:\/\/yoast.com\/wordpress\/plugins\/seo\/ -->\n<title>Achizi\u021biona\u021bi-v\u0103 bilete online la Superenalotto<\/title>\n<meta name=\"description\" content=\"Chiar dac\u0103 nu tr\u0103i\u021bi \u00een Italia, biletele la Superenalotto pot fi achizi\u021bionate online chiar acum!\" \/>\n<meta name=\"robots\" content=\"index, follow, max-snippet:-1, max-image-preview:large, max-video-preview:-1\" \/>\n<link rel=\"canonical\" href=\"https:\/\/redfoxlotto.com\/ro\/informatie\/superenalotto\/\" \/>\n<meta property=\"og:locale\" content=\"ro_RO\" \/>\n<meta property=\"og:type\" content=\"article\" \/>\n<meta property=\"og:title\" content=\"Achizi\u021biona\u021bi-v\u0103 bilete online la Superenalotto\" \/>\n<meta property=\"og:description\" content=\"Chiar dac\u0103 nu tr\u0103i\u021bi \u00een Italia, biletele la Superenalotto pot fi achizi\u021bionate online chiar acum!\" \/>\n<meta property=\"og:url\" content=\"https:\/\/redfoxlotto.com\/ro\/informatie\/superenalotto\/\" \/>\n<meta property=\"og:site_name\" content=\"Get Tickets for the World\u2019s largest jackpots\" \/>\n<meta property=\"article:modified_time\" content=\"2019-09-12T18:12:29+00:00\" \/>\n<meta property=\"og:image\" content=\"https:\/\/content.redfoxlotto.com\/uploads\/sites\/9\/2_ticket_superenalotto4.jpg\" \/>\n<meta name=\"twitter:card\" content=\"summary_large_image\" \/>\n<meta name=\"twitter:label1\" content=\"Timp estimat pentru citire\" \/>\n\t<meta name=\"twitter:data1\" content=\"2 minute\" \/>\n<script type=\"application\/ld+json\" class=\"yoast-schema-graph\">{\"@context\":\"https:\/\/schema.org\",\"@graph\":[{\"@type\":\"WebPage\",\"@id\":\"https:\/\/redfoxlotto.com\/ro\/informatie\/superenalotto\/\",\"url\":\"https:\/\/redfoxlotto.com\/ro\/informatie\/superenalotto\/\",\"name\":\"Achizi\u021biona\u021bi-v\u0103 bilete online la Superenalotto\",\"isPartOf\":{\"@id\":\"https:\/\/redfoxlotto.com\/ro\/#website\"},\"primaryImageOfPage\":{\"@id\":\"https:\/\/redfoxlotto.com\/ro\/informatie\/superenalotto\/#primaryimage\"},\"image\":{\"@id\":\"https:\/\/redfoxlotto.com\/ro\/informatie\/superenalotto\/#primaryimage\"},\"thumbnailUrl\":\"https:\/\/content.redfoxlotto.com\/uploads\/sites\/9\/2_ticket_superenalotto4.jpg\",\"datePublished\":\"2018-11-18T08:54:25+00:00\",\"dateModified\":\"2019-09-12T18:12:29+00:00\",\"description\":\"Chiar dac\u0103 nu tr\u0103i\u021bi \u00een Italia, biletele la Superenalotto pot fi achizi\u021bionate online chiar acum!\",\"breadcrumb\":{\"@id\":\"https:\/\/redfoxlotto.com\/ro\/informatie\/superenalotto\/#breadcrumb\"},\"inLanguage\":\"ro-RO\",\"potentialAction\":[{\"@type\":\"ReadAction\",\"target\":[\"https:\/\/redfoxlotto.com\/ro\/informatie\/superenalotto\/\"]}]},{\"@type\":\"ImageObject\",\"inLanguage\":\"ro-RO\",\"@id\":\"https:\/\/redfoxlotto.com\/ro\/informatie\/superenalotto\/#primaryimage\",\"url\":\"https:\/\/content.redfoxlotto.com\/uploads\/sites\/9\/2_ticket_superenalotto4.jpg\",\"contentUrl\":\"https:\/\/content.redfoxlotto.com\/uploads\/sites\/9\/2_ticket_superenalotto4.jpg\"},{\"@type\":\"BreadcrumbList\",\"@id\":\"https:\/\/redfoxlotto.com\/ro\/informatie\/superenalotto\/#breadcrumb\",\"itemListElement\":[{\"@type\":\"ListItem\",\"position\":1,\"name\":\"Home\",\"item\":\"https:\/\/redfoxlotto.com\/ro\/\"},{\"@type\":\"ListItem\",\"position\":2,\"name\":\"Procesul de achizi\u021bionare pentru biletele online de loterie\",\"item\":\"https:\/\/redfoxlotto.com\/ro\/informatie\/\"},{\"@type\":\"ListItem\",\"position\":3,\"name\":\"Despre SuperEnalotto\"}]},{\"@type\":\"WebSite\",\"@id\":\"https:\/\/redfoxlotto.com\/ro\/#website\",\"url\":\"https:\/\/redfoxlotto.com\/ro\/\",\"name\":\"Get Tickets for the World\u2019s largest jackpots\",\"description\":\"Participate in worldwide lottery jackpots from any country\",\"publisher\":{\"@id\":\"https:\/\/redfoxlotto.com\/ro\/#organization\"},\"potentialAction\":[{\"@type\":\"SearchAction\",\"target\":{\"@type\":\"EntryPoint\",\"urlTemplate\":\"https:\/\/redfoxlotto.com\/ro\/?s={search_term_string}\"},\"query-input\":{\"@type\":\"PropertyValueSpecification\",\"valueRequired\":true,\"valueName\":\"search_term_string\"}}],\"inLanguage\":\"ro-RO\"},{\"@type\":\"Organization\",\"@id\":\"https:\/\/redfoxlotto.com\/ro\/#organization\",\"name\":\"Get Tickets for the World\u2019s largest jackpots\",\"url\":\"https:\/\/redfoxlotto.com\/ro\/\",\"logo\":{\"@type\":\"ImageObject\",\"inLanguage\":\"ro-RO\",\"@id\":\"https:\/\/redfoxlotto.com\/ro\/#\/schema\/logo\/image\/\",\"url\":\"https:\/\/redfoxlotto.com\/wp-content\/uploads\/2023\/04\/logo.png\",\"contentUrl\":\"https:\/\/redfoxlotto.com\/wp-content\/uploads\/2023\/04\/logo.png\",\"width\":269,\"height\":53,\"caption\":\"Get Tickets for the World\u2019s largest jackpots\"},\"image\":{\"@id\":\"https:\/\/redfoxlotto.com\/ro\/#\/schema\/logo\/image\/\"}}]}<\/script>\n<!-- \/ Yoast SEO plugin. -->","yoast_head_json":{"title":"Achizi\u021biona\u021bi-v\u0103 bilete online la Superenalotto","description":"Chiar dac\u0103 nu tr\u0103i\u021bi \u00een Italia, biletele la Superenalotto pot fi achizi\u021bionate online chiar acum!","robots":{"index":"index","follow":"follow","max-snippet":"max-snippet:-1","max-image-preview":"max-image-preview:large","max-video-preview":"max-video-preview:-1"},"canonical":"https:\/\/redfoxlotto.com\/ro\/informatie\/superenalotto\/","og_locale":"ro_RO","og_type":"article","og_title":"Achizi\u021biona\u021bi-v\u0103 bilete online la Superenalotto","og_description":"Chiar dac\u0103 nu tr\u0103i\u021bi \u00een Italia, biletele la Superenalotto pot fi achizi\u021bionate online chiar acum!","og_url":"https:\/\/redfoxlotto.com\/ro\/informatie\/superenalotto\/","og_site_name":"Get Tickets for the World\u2019s largest jackpots","article_modified_time":"2019-09-12T18:12:29+00:00","og_image":[{"url":"https:\/\/content.redfoxlotto.com\/uploads\/sites\/9\/2_ticket_superenalotto4.jpg"}],"twitter_card":"summary_large_image","twitter_misc":{"Timp estimat pentru citire":"2 minute"},"schema":{"@context":"https:\/\/schema.org","@graph":[{"@type":"WebPage","@id":"https:\/\/redfoxlotto.com\/ro\/informatie\/superenalotto\/","url":"https:\/\/redfoxlotto.com\/ro\/informatie\/superenalotto\/","name":"Achizi\u021biona\u021bi-v\u0103 bilete online la Superenalotto","isPartOf":{"@id":"https:\/\/redfoxlotto.com\/ro\/#website"},"primaryImageOfPage":{"@id":"https:\/\/redfoxlotto.com\/ro\/informatie\/superenalotto\/#primaryimage"},"image":{"@id":"https:\/\/redfoxlotto.com\/ro\/informatie\/superenalotto\/#primaryimage"},"thumbnailUrl":"https:\/\/content.redfoxlotto.com\/uploads\/sites\/9\/2_ticket_superenalotto4.jpg","datePublished":"2018-11-18T08:54:25+00:00","dateModified":"2019-09-12T18:12:29+00:00","description":"Chiar dac\u0103 nu tr\u0103i\u021bi \u00een Italia, biletele la Superenalotto pot fi achizi\u021bionate online chiar acum!","breadcrumb":{"@id":"https:\/\/redfoxlotto.com\/ro\/informatie\/superenalotto\/#breadcrumb"},"inLanguage":"ro-RO","potentialAction":[{"@type":"ReadAction","target":["https:\/\/redfoxlotto.com\/ro\/informatie\/superenalotto\/"]}]},{"@type":"ImageObject","inLanguage":"ro-RO","@id":"https:\/\/redfoxlotto.com\/ro\/informatie\/superenalotto\/#primaryimage","url":"https:\/\/content.redfoxlotto.com\/uploads\/sites\/9\/2_ticket_superenalotto4.jpg","contentUrl":"https:\/\/content.redfoxlotto.com\/uploads\/sites\/9\/2_ticket_superenalotto4.jpg"},{"@type":"BreadcrumbList","@id":"https:\/\/redfoxlotto.com\/ro\/informatie\/superenalotto\/#breadcrumb","itemListElement":[{"@type":"ListItem","position":1,"name":"Home","item":"https:\/\/redfoxlotto.com\/ro\/"},{"@type":"ListItem","position":2,"name":"Procesul de achizi\u021bionare pentru biletele online de loterie","item":"https:\/\/redfoxlotto.com\/ro\/informatie\/"},{"@type":"ListItem","position":3,"name":"Despre SuperEnalotto"}]},{"@type":"WebSite","@id":"https:\/\/redfoxlotto.com\/ro\/#website","url":"https:\/\/redfoxlotto.com\/ro\/","name":"Get Tickets for the World\u2019s largest jackpots","description":"Participate in worldwide lottery jackpots from any country","publisher":{"@id":"https:\/\/redfoxlotto.com\/ro\/#organization"},"potentialAction":[{"@type":"SearchAction","target":{"@type":"EntryPoint","urlTemplate":"https:\/\/redfoxlotto.com\/ro\/?s={search_term_string}"},"query-input":{"@type":"PropertyValueSpecification","valueRequired":true,"valueName":"search_term_string"}}],"inLanguage":"ro-RO"},{"@type":"Organization","@id":"https:\/\/redfoxlotto.com\/ro\/#organization","name":"Get Tickets for the World\u2019s largest jackpots","url":"https:\/\/redfoxlotto.com\/ro\/","logo":{"@type":"ImageObject","inLanguage":"ro-RO","@id":"https:\/\/redfoxlotto.com\/ro\/#\/schema\/logo\/image\/","url":"https:\/\/redfoxlotto.com\/wp-content\/uploads\/2023\/04\/logo.png","contentUrl":"https:\/\/redfoxlotto.com\/wp-content\/uploads\/2023\/04\/logo.png","width":269,"height":53,"caption":"Get Tickets for the World\u2019s largest jackpots"},"image":{"@id":"https:\/\/redfoxlotto.com\/ro\/#\/schema\/logo\/image\/"}}]}},"_links":{"self":[{"href":"https:\/\/redfoxlotto.com\/ro\/wp-json\/wp\/v2\/pages\/2840","targetHints":{"allow":["GET"]}}],"collection":[{"href":"https:\/\/redfoxlotto.com\/ro\/wp-json\/wp\/v2\/pages"}],"about":[{"href":"https:\/\/redfoxlotto.com\/ro\/wp-json\/wp\/v2\/types\/page"}],"author":[{"embeddable":true,"href":"https:\/\/redfoxlotto.com\/ro\/wp-json\/wp\/v2\/users\/1"}],"replies":[{"embeddable":true,"href":"https:\/\/redfoxlotto.com\/ro\/wp-json\/wp\/v2\/comments?post=2840"}],"version-history":[{"count":0,"href":"https:\/\/redfoxlotto.com\/ro\/wp-json\/wp\/v2\/pages\/2840\/revisions"}],"up":[{"embeddable":true,"href":"https:\/\/redfoxlotto.com\/ro\/wp-json\/wp\/v2\/pages\/2834"}],"wp:attachment":[{"href":"https:\/\/redfoxlotto.com\/ro\/wp-json\/wp\/v2\/media?parent=2840"}],"curies":[{"name":"wp","href":"https:\/\/api.w.org\/{rel}","templated":true}]}}