{"id":2839,"date":"2018-11-18T08:54:25","date_gmt":"2018-11-18T08:54:25","guid":{"rendered":"https:\/\/redfoxlotto.com\/?page_id=1273"},"modified":"2025-12-18T11:24:11","modified_gmt":"2025-12-18T11:24:11","slug":"powerball","status":"publish","type":"page","link":"https:\/\/redfoxlotto.com\/ro\/informatie\/powerball\/","title":{"rendered":"Despre Powerball"},"content":{"rendered":"<p><script type=\"application\/ld+json\">\n{\n  \"@context\": \"https:\/\/schema.org\",\n  \"@type\": \"Service\",\n  \"name\": \"Joac\u0103 Powerball Online\",\n  \"url\": \"https:\/\/redfoxlotto.com\/ro\/lotteries\/powerball\",\n  \"description\": \"Cump\u0103r\u0103 bilete oficiale Powerball online, din orice \u021bar\u0103. Viziteaz\u0103 RedFoxLotto, alege numerele \u0219i particip\u0103 la urm\u0103toarea extragere.\",\n  \"serviceType\": \"Serviciu online de bilete de loterie\",<\/p>\n<p>  \"provider\": {\n    \"@type\": \"Organization\",\n    \"name\": \"RedFoxLotto\",\n    \"url\": \"https:\/\/redfoxlotto.com\/ro\/\",\n    \"image\": \"https:\/\/redfoxlotto.com\/wp-content\/uploads\/2025\/12\/ticket_scans.jpg\",\n    \"sameAs\": []\n  },<\/p>\n<p>  \"areaServed\": \"Worldwide\",\n  \"termsOfService\": \"https:\/\/redfoxlotto.com\/terms-and-conditions\",<\/p>\n<p>  \"additionalProperty\": {\n    \"@type\": \"PropertyValue\",\n    \"name\": \"FAQ\",\n    \"value\": \"https:\/\/redfoxlotto.com\/ro\/faq\/\"\n  },<\/p>\n<p>  \"hasOfferCatalog\": {\n    \"@type\": \"OfferCatalog\",\n    \"name\": \"Bilete Powerball\",\n    \"itemListElement\": [\n      {\n        \"@type\": \"Offer\",\n        \"name\": \"Bilete Powerball\",\n        \"url\": \"https:\/\/redfoxlotto.com\/ro\/lotteries\/powerball\",\n        \"description\": \"Cump\u0103r\u0103 bilete reale online pentru urm\u0103toarea extragere Powerball pe RedFoxLotto.\",\n        \"price\": \"5.90\",\n        \"priceCurrency\": \"\u20ac\",\n        \"availability\": \"https:\/\/schema.org\/InStock\",<\/p>\n<p>        \"itemOffered\": {\n          \"@type\": \"Service\",\n          \"name\": \"Bilete Powerball\",\n          \"description\": \"Particip\u0103 la urm\u0103toarea extragere Powerball \u2013 cump\u0103r\u0103 biletele online prin RedFoxLotto.\"\n        }\n      }\n    ]\n  },<\/p>\n<p>  \"mainEntityOfPage\": {\n    \"@type\": \"WebPage\",\n    \"@id\": \"https:\/\/redfoxlotto.com\/ro\/lotteries\/powerball\"\n  }\n}\n<\/script><\/p>\n<p>Powerball este probabil cea mai cunoscut\u0103 loterie din \u00eentreaga lume \u0219i exist\u0103 c\u00e2teva motive foarte bune pentru asta.<\/p>\n<p>Milioane de juc\u0103tori din \u00eentreaga lume joac\u0103 acest joc. Ba chiar mai mult, nu doar \u00een SUA, ci \u0219i online din alte \u021b\u0103ri precum Rom\u00e2nia ai putea alege s\u0103 cumperi bilete Powerball online.<\/p>\n<p>Extragerile au loc \u00een fiecare s\u00e2mb\u0103t\u0103 \u0219i miercuri, ceea ce \u00eenseamn\u0103 c\u0103 vei avea de dou\u0103 ori mai multe oportunit\u0103\u021bi de a te implica \u0219i de a cump\u0103ra un bilet. Ceea ce este cu adev\u0103rat interesant este c\u0103 cel mai mare jackpot atins vreodat\u0103 la Powerball a fost de 1.586.400.000 de dolari!<\/p>\n<h2>Powerball Loto la nivel mondial<\/h2>\n<p>Cu ajutorul site-ului nostru, pute\u021bi deveni acum un multimilionar Powerball. Noi v\u0103 oferim posibilitatea de a cump\u0103ra bilete Powerball online. \u0218i tot ce trebuie s\u0103 face\u021bi este s\u0103 arunca\u021bi o privire la ceea ce presupune sistemul nostru. Ve\u021bi vedea c\u0103 pute\u021bi ajunge de la simpla vizitare a site-ului nostru p\u00e2n\u0103 la a avea primul bilet care v\u0103 a\u0219teapt\u0103 \u00een contul dumneavoastr\u0103 \u00een doar c\u00e2\u021biva pa\u0219i simpli. A\u0219adar, haide\u021bi s\u0103 vedem mai \u00eendeaproape ce trebuie s\u0103 face\u021bi.<\/p>\n<h2>Cum s\u0103-\u021bi cumperi biletul Powerball online din Rom\u00e2nia<\/h2>\n<p>Primul pas este pur \u0219i simplu s\u0103 verifica\u021bi diferitele jocuri de loterie pe care le avem disponibile. Din fericire pentru tine, exist\u0103 o serie de bilete \u0219i jocuri excelente disponibile, deoarece vrem s\u0103 ne asigur\u0103m c\u0103 po\u021bi participa la toate jackpoturile de top. A\u0219adar, toate cele mai mari jocuri din \u00eentreaga lume sunt disponibile din Rom\u00e2nia, prin intermediul site-ului nostru. Trebuie doar s\u0103 arunca\u021bi o privire la jocurile disponibile \u0219i apoi s\u0103 decide\u021bi care dintre ele dori\u021bi s\u0103 juca\u021bi.<br \/>\n<img decoding=\"async\" class=\"wp-image alignright\" src=\"https:\/\/redfoxlotto.com\/wp-content\/uploads\/sites\/9\/ticket_powerball3.jpg\" alt=\"loterie powerball\" \/><br \/>\nOdat\u0103 ce te-ai decis asupra unui joc (\u00een acest caz Powerball), trebuie doar s\u0103 dai click pe link \u0219i s\u0103 intri \u00een pagin\u0103. Vei vedea mai multe informa\u021bii despre joc \u0219i vei vedea informa\u021bii despre cum s\u0103 \u00ee\u021bi iei propriul bilet. Tot ce trebuie s\u0103 faci este s\u0103 alegi numerele pe care le dore\u0219ti. Bine\u00een\u021beles, po\u021bi alege \u0219i o alegere rapid\u0103 dac\u0103 nu \u0219tii ce numere vrei.<\/p>\n<p>Cu ajutorul site-ului nostru, atunci c\u00e2nd \u00eencepi s\u0103 alegi numerele, te vom anun\u021ba exact de c\u00e2te ai nevoie \u0219i ne vom asigura c\u0103 nu ai prea multe sau prea pu\u021bine pentru a ob\u021bine un bilet valabil. De asemenea, ve\u021bi avea op\u021biunea de a alege o combina\u021bie de numere selectate la \u00eent\u00e2mplare \u0219i numere selectate personal, dup\u0103 cum dori\u021bi. De asemenea, pute\u021bi selecta mai multe bilete pentru joc.<\/p>\n<p>De acolo, ve\u021bi putea ad\u0103uga biletele \u00een co\u0219ul de cump\u0103r\u0103turi \u0219i apoi ve\u021bi putea alege bilete suplimentare de la Powerball sau de la alte jocuri pe care dori\u021bi s\u0103 le juca\u021bi. Apoi, trebuie doar s\u0103 v\u0103 crea\u021bi propriul cont. C\u00e2nd o vei face, te vom \u00eentreba despre c\u00e2teva informa\u021bii personale care te vor face mai sigur atunci c\u00e2nd vrei s\u0103 cumperi bilete \u0219i c\u00e2nd vrei s\u0103 sco\u021bi bani din contul t\u0103u. De asemenea, ve\u021bi putea configura toate conturile pe care le dori\u021bi.<\/p>\n<h2>Regulile pentru biletele Powerball online<\/h2>\n<p>C\u00e2nd vine vorba de configurarea biletului Powerball, vrei s\u0103 \u0219tii totul despre regulile pe care trebuie s\u0103 le urmezi \u0219i despre cum vei alege biletul. Deci, ce trebuie s\u0103 face\u021bi?<\/p>\n<p>Trebuie s\u0103 alege\u021bi 5 numere \u00eentre 1 \u0219i 69, plus un num\u0103r Powerball de la 1 la 26. Toate cele \u0219ase numere trebuie s\u0103 se potriveasc\u0103 pe bilet. Atunci a\u021bi c\u00e2\u0219tigat premiul cel mare. Dac\u0103 a\u021bi nimerit corect doar primele 5 numere, atunci biletul dvs. c\u00e2\u0219tig\u0103 premiul de gradul doi. Asta v\u0103 face totu\u0219i mai bogat cu 1 milion de dolari. C\u00e2\u0219tigurile jackpotului Powerball pot fi pl\u0103tite ca o plat\u0103 unic\u0103 sau \u00een 30 de tran\u0219e anuale.<\/p>\n<h2>Cump\u0103ra\u021bi un bilet Powerball online \u0219i c\u00e2\u0219tiga\u021bi!<\/h2>\n<p>Deci, ce se va \u00eent\u00e2mpla dac\u0103 ve\u021bi c\u00e2\u0219tiga efectiv jackpotul Powerball? Va fi foarte distractiv \u0219i cu siguran\u021b\u0103 vei fi super \u00eenc\u00e2ntat. Ei bine, va trebui, de asemenea, s\u0103 v\u0103 planifica\u021bi o c\u0103l\u0103torie \u00een Statele Unite, pentru c\u0103 le place s\u0103 fac\u0103 mare caz de oamenii care c\u00e2\u0219tig\u0103.<\/p>\n<p>Asta \u00eenseamn\u0103 c\u0103 vor face poze, \u00ee\u021bi vor \u00eenm\u00e2na un cec mare \u0219i multe altele, iar noi ne vom asigura c\u0103 e\u0219ti preg\u0103tit pentru asta cu biletul \u0219i informa\u021biile de care ai nevoie pentru a-\u021bi revendica premiul.<\/p>\n<p>Dac\u0103 c\u00e2\u0219tigi un premiu de nivel inferior, putem pune banii direct \u00een contul t\u0103u, astfel \u00eenc\u00e2t s\u0103 \u00eei po\u021bi retrage \u00een contul t\u0103u sau \u00eei po\u021bi folosi pentru a cump\u0103ra bilete suplimentare. Pentru cei care c\u00e2\u0219tig\u0103 premii mai mari, dar nu \u0219i jackpot-ul, ve\u021bi putea ob\u021bine un transfer direct \u00een contul dumneavoastr\u0103 \u0219i v\u0103 vom contacta pentru a v\u0103 anun\u021ba ce trebuie s\u0103 face\u021bi \u0219i cum pute\u021bi configura toate acestea. Dar cum vei \u0219ti?<br \/>\n<img decoding=\"async\" class=\"size-full wp-image alignright\" src=\"https:\/\/content.redfoxlotto.com\/uploads\/sites\/9\/1_buy_lottery_online.jpg\" alt=\"cump\u0103ra\u021bi bilete online\" \/><\/p>\n<p>Dac\u0103 ve\u021bi continua s\u0103 verifica\u021bi contul dvs. ve\u021bi putea vedea actualiz\u0103rile biletului dvs. \u0219i ve\u021bi vedea toate numerele care se potrivesc. De asemenea, banii pentru sumele mai mici vor fi transfera\u021bi imediat \u00een contul t\u0103u. Orice sum\u0103 pe care o c\u00e2\u0219tigi, \u00eens\u0103, va ap\u0103rea \u00een e-mailul t\u0103u. Asta \u00eenseamn\u0103 c\u0103 ve\u021bi putea s\u0103 v\u0103 verifica\u021bi e-mailul \u0219i s\u0103 vede\u021bi c\u0103 a\u021bi c\u00e2\u0219tigat, astfel \u00eenc\u00e2t s\u0103 v\u0103 pute\u021bi \u00eendrepta imediat c\u0103tre contul dvs.<\/p>\n<h2>Juc\u00e2nd jocuri noi<\/h2>\n<p>Dac\u0103 sunte\u021bi gata s\u0103 \u00eencepe\u021bi s\u0103 juca\u021bi \u0219i dori\u021bi s\u0103 cump\u0103ra\u021bi bilete Powerball online, cu siguran\u021b\u0103 ve\u021bi dori s\u0103 verifica\u021bi \u0219i alte op\u021biuni pe care le avem. De fapt, avem cele mai tari jocuri de loterie care se desf\u0103\u0219oar\u0103 oriunde \u00een lume \u0219i tot ce trebuie s\u0103 faci este s\u0103 decizi care va fi favoritul t\u0103u \u0219i pe care vrei s\u0103-l \u00eencerci \u00een continuare.<\/p>\n<p>A\u0219adar, arunca\u021bi o privire rapid\u0103 la ceea ce este disponibil \u0219i cum pute\u021bi lua toate biletele pe care le dori\u021bi. \u0218i asigura\u021bi-v\u0103 c\u0103 v\u0103 uita\u021bi \u0219i la toate informa\u021biile pe care le pute\u021bi g\u0103si despre fiecare dintre jocuri, c\u00e2nd vor fi trase la sor\u021bi, c\u00e2t de mult a\u021bi putea c\u00e2\u0219tiga \u0219i multe altele.<\/p>\n<p>Dori\u021bi s\u0103 juca\u021bi \u0219i s\u0103 ob\u021bine\u021bi bilete Powerball online? \u00cencepe\u021bi chiar acum, chiar aici.<\/p>\n","protected":false},"excerpt":{"rendered":"<p>Powerball este probabil cea mai cunoscut\u0103 loterie din \u00eentreaga lume \u0219i exist\u0103 c\u00e2teva motive foarte bune pentru asta. Milioane de juc\u0103tori din \u00eentreaga lume joac\u0103 acest joc. Ba chiar mai mult, nu doar \u00een SUA, ci \u0219i online din alte \u021b\u0103ri precum Rom\u00e2nia ai putea alege s\u0103 cumperi bilete Powerball online. Extragerile au loc \u00een [&hellip;]<\/p>\n","protected":false},"author":1,"featured_media":0,"parent":2834,"menu_order":1,"comment_status":"closed","ping_status":"closed","template":"powerball-usa-info.php","meta":{"_et_pb_use_builder":"","_et_pb_old_content":"","_et_gb_content_width":"","exclude_from_search":false,"footnotes":""},"class_list":["post-2839","page","type-page","status-publish","hentry"],"yoast_head":"<!-- This site is optimized with the Yoast SEO plugin v23.8 - https:\/\/yoast.com\/wordpress\/plugins\/seo\/ -->\n<title>Cump\u0103ra\u021bi bilete Powerball online din Rom\u00e2nia | C\u00e2\u0219tiga\u021bi Powerball aici<\/title>\n<meta name=\"description\" content=\"Cum s\u0103 cumperi un bilet online pentru Powerball Lotto SUA? Serviciul nostru v\u0103 permite s\u0103 participa\u021bi la Powerball USA din Rom\u00e2nia\" \/>\n<meta name=\"robots\" content=\"index, follow, max-snippet:-1, max-image-preview:large, max-video-preview:-1\" \/>\n<link rel=\"canonical\" href=\"https:\/\/redfoxlotto.com\/ro\/informatie\/powerball\/\" \/>\n<meta property=\"og:locale\" content=\"ro_RO\" \/>\n<meta property=\"og:type\" content=\"article\" \/>\n<meta property=\"og:title\" content=\"Cump\u0103ra\u021bi bilete Powerball online din Rom\u00e2nia | C\u00e2\u0219tiga\u021bi Powerball aici\" \/>\n<meta property=\"og:description\" content=\"Cum s\u0103 cumperi un bilet online pentru Powerball Lotto SUA? Serviciul nostru v\u0103 permite s\u0103 participa\u021bi la Powerball USA din Rom\u00e2nia\" \/>\n<meta property=\"og:url\" content=\"https:\/\/redfoxlotto.com\/ro\/informatie\/powerball\/\" \/>\n<meta property=\"og:site_name\" content=\"Get Tickets for the World\u2019s largest jackpots\" \/>\n<meta property=\"article:modified_time\" content=\"2025-12-18T11:24:11+00:00\" \/>\n<meta property=\"og:image\" content=\"https:\/\/redfoxlotto.com\/wp-content\/uploads\/sites\/9\/ticket_powerball3.jpg\" \/>\n<meta name=\"twitter:card\" content=\"summary_large_image\" \/>\n<meta name=\"twitter:label1\" content=\"Timp estimat pentru citire\" \/>\n\t<meta name=\"twitter:data1\" content=\"5 minute\" \/>\n<script type=\"application\/ld+json\" class=\"yoast-schema-graph\">{\"@context\":\"https:\/\/schema.org\",\"@graph\":[{\"@type\":\"WebPage\",\"@id\":\"https:\/\/redfoxlotto.com\/ro\/informatie\/powerball\/\",\"url\":\"https:\/\/redfoxlotto.com\/ro\/informatie\/powerball\/\",\"name\":\"Cump\u0103ra\u021bi bilete Powerball online din Rom\u00e2nia | C\u00e2\u0219tiga\u021bi Powerball aici\",\"isPartOf\":{\"@id\":\"https:\/\/redfoxlotto.com\/ro\/#website\"},\"primaryImageOfPage\":{\"@id\":\"https:\/\/redfoxlotto.com\/ro\/informatie\/powerball\/#primaryimage\"},\"image\":{\"@id\":\"https:\/\/redfoxlotto.com\/ro\/informatie\/powerball\/#primaryimage\"},\"thumbnailUrl\":\"https:\/\/redfoxlotto.com\/wp-content\/uploads\/sites\/9\/ticket_powerball3.jpg\",\"datePublished\":\"2018-11-18T08:54:25+00:00\",\"dateModified\":\"2025-12-18T11:24:11+00:00\",\"description\":\"Cum s\u0103 cumperi un bilet online pentru Powerball Lotto SUA? Serviciul nostru v\u0103 permite s\u0103 participa\u021bi la Powerball USA din Rom\u00e2nia\",\"breadcrumb\":{\"@id\":\"https:\/\/redfoxlotto.com\/ro\/informatie\/powerball\/#breadcrumb\"},\"inLanguage\":\"ro-RO\",\"potentialAction\":[{\"@type\":\"ReadAction\",\"target\":[\"https:\/\/redfoxlotto.com\/ro\/informatie\/powerball\/\"]}]},{\"@type\":\"ImageObject\",\"inLanguage\":\"ro-RO\",\"@id\":\"https:\/\/redfoxlotto.com\/ro\/informatie\/powerball\/#primaryimage\",\"url\":\"https:\/\/redfoxlotto.com\/wp-content\/uploads\/sites\/9\/ticket_powerball3.jpg\",\"contentUrl\":\"https:\/\/redfoxlotto.com\/wp-content\/uploads\/sites\/9\/ticket_powerball3.jpg\"},{\"@type\":\"BreadcrumbList\",\"@id\":\"https:\/\/redfoxlotto.com\/ro\/informatie\/powerball\/#breadcrumb\",\"itemListElement\":[{\"@type\":\"ListItem\",\"position\":1,\"name\":\"Home\",\"item\":\"https:\/\/redfoxlotto.com\/ro\/\"},{\"@type\":\"ListItem\",\"position\":2,\"name\":\"Procesul de achizi\u021bionare pentru biletele online de loterie\",\"item\":\"https:\/\/redfoxlotto.com\/ro\/informatie\/\"},{\"@type\":\"ListItem\",\"position\":3,\"name\":\"Despre Powerball\"}]},{\"@type\":\"WebSite\",\"@id\":\"https:\/\/redfoxlotto.com\/ro\/#website\",\"url\":\"https:\/\/redfoxlotto.com\/ro\/\",\"name\":\"Get Tickets for the World\u2019s largest jackpots\",\"description\":\"Participate in worldwide lottery jackpots from any country\",\"publisher\":{\"@id\":\"https:\/\/redfoxlotto.com\/ro\/#organization\"},\"potentialAction\":[{\"@type\":\"SearchAction\",\"target\":{\"@type\":\"EntryPoint\",\"urlTemplate\":\"https:\/\/redfoxlotto.com\/ro\/?s={search_term_string}\"},\"query-input\":{\"@type\":\"PropertyValueSpecification\",\"valueRequired\":true,\"valueName\":\"search_term_string\"}}],\"inLanguage\":\"ro-RO\"},{\"@type\":\"Organization\",\"@id\":\"https:\/\/redfoxlotto.com\/ro\/#organization\",\"name\":\"Get Tickets for the World\u2019s largest jackpots\",\"url\":\"https:\/\/redfoxlotto.com\/ro\/\",\"logo\":{\"@type\":\"ImageObject\",\"inLanguage\":\"ro-RO\",\"@id\":\"https:\/\/redfoxlotto.com\/ro\/#\/schema\/logo\/image\/\",\"url\":\"https:\/\/redfoxlotto.com\/wp-content\/uploads\/2023\/04\/logo.png\",\"contentUrl\":\"https:\/\/redfoxlotto.com\/wp-content\/uploads\/2023\/04\/logo.png\",\"width\":269,\"height\":53,\"caption\":\"Get Tickets for the World\u2019s largest jackpots\"},\"image\":{\"@id\":\"https:\/\/redfoxlotto.com\/ro\/#\/schema\/logo\/image\/\"}}]}<\/script>\n<!-- \/ Yoast SEO plugin. -->","yoast_head_json":{"title":"Cump\u0103ra\u021bi bilete Powerball online din Rom\u00e2nia | C\u00e2\u0219tiga\u021bi Powerball aici","description":"Cum s\u0103 cumperi un bilet online pentru Powerball Lotto SUA? Serviciul nostru v\u0103 permite s\u0103 participa\u021bi la Powerball USA din Rom\u00e2nia","robots":{"index":"index","follow":"follow","max-snippet":"max-snippet:-1","max-image-preview":"max-image-preview:large","max-video-preview":"max-video-preview:-1"},"canonical":"https:\/\/redfoxlotto.com\/ro\/informatie\/powerball\/","og_locale":"ro_RO","og_type":"article","og_title":"Cump\u0103ra\u021bi bilete Powerball online din Rom\u00e2nia | C\u00e2\u0219tiga\u021bi Powerball aici","og_description":"Cum s\u0103 cumperi un bilet online pentru Powerball Lotto SUA? Serviciul nostru v\u0103 permite s\u0103 participa\u021bi la Powerball USA din Rom\u00e2nia","og_url":"https:\/\/redfoxlotto.com\/ro\/informatie\/powerball\/","og_site_name":"Get Tickets for the World\u2019s largest jackpots","article_modified_time":"2025-12-18T11:24:11+00:00","og_image":[{"url":"https:\/\/redfoxlotto.com\/wp-content\/uploads\/sites\/9\/ticket_powerball3.jpg"}],"twitter_card":"summary_large_image","twitter_misc":{"Timp estimat pentru citire":"5 minute"},"schema":{"@context":"https:\/\/schema.org","@graph":[{"@type":"WebPage","@id":"https:\/\/redfoxlotto.com\/ro\/informatie\/powerball\/","url":"https:\/\/redfoxlotto.com\/ro\/informatie\/powerball\/","name":"Cump\u0103ra\u021bi bilete Powerball online din Rom\u00e2nia | C\u00e2\u0219tiga\u021bi Powerball aici","isPartOf":{"@id":"https:\/\/redfoxlotto.com\/ro\/#website"},"primaryImageOfPage":{"@id":"https:\/\/redfoxlotto.com\/ro\/informatie\/powerball\/#primaryimage"},"image":{"@id":"https:\/\/redfoxlotto.com\/ro\/informatie\/powerball\/#primaryimage"},"thumbnailUrl":"https:\/\/redfoxlotto.com\/wp-content\/uploads\/sites\/9\/ticket_powerball3.jpg","datePublished":"2018-11-18T08:54:25+00:00","dateModified":"2025-12-18T11:24:11+00:00","description":"Cum s\u0103 cumperi un bilet online pentru Powerball Lotto SUA? Serviciul nostru v\u0103 permite s\u0103 participa\u021bi la Powerball USA din Rom\u00e2nia","breadcrumb":{"@id":"https:\/\/redfoxlotto.com\/ro\/informatie\/powerball\/#breadcrumb"},"inLanguage":"ro-RO","potentialAction":[{"@type":"ReadAction","target":["https:\/\/redfoxlotto.com\/ro\/informatie\/powerball\/"]}]},{"@type":"ImageObject","inLanguage":"ro-RO","@id":"https:\/\/redfoxlotto.com\/ro\/informatie\/powerball\/#primaryimage","url":"https:\/\/redfoxlotto.com\/wp-content\/uploads\/sites\/9\/ticket_powerball3.jpg","contentUrl":"https:\/\/redfoxlotto.com\/wp-content\/uploads\/sites\/9\/ticket_powerball3.jpg"},{"@type":"BreadcrumbList","@id":"https:\/\/redfoxlotto.com\/ro\/informatie\/powerball\/#breadcrumb","itemListElement":[{"@type":"ListItem","position":1,"name":"Home","item":"https:\/\/redfoxlotto.com\/ro\/"},{"@type":"ListItem","position":2,"name":"Procesul de achizi\u021bionare pentru biletele online de loterie","item":"https:\/\/redfoxlotto.com\/ro\/informatie\/"},{"@type":"ListItem","position":3,"name":"Despre Powerball"}]},{"@type":"WebSite","@id":"https:\/\/redfoxlotto.com\/ro\/#website","url":"https:\/\/redfoxlotto.com\/ro\/","name":"Get Tickets for the World\u2019s largest jackpots","description":"Participate in worldwide lottery jackpots from any country","publisher":{"@id":"https:\/\/redfoxlotto.com\/ro\/#organization"},"potentialAction":[{"@type":"SearchAction","target":{"@type":"EntryPoint","urlTemplate":"https:\/\/redfoxlotto.com\/ro\/?s={search_term_string}"},"query-input":{"@type":"PropertyValueSpecification","valueRequired":true,"valueName":"search_term_string"}}],"inLanguage":"ro-RO"},{"@type":"Organization","@id":"https:\/\/redfoxlotto.com\/ro\/#organization","name":"Get Tickets for the World\u2019s largest jackpots","url":"https:\/\/redfoxlotto.com\/ro\/","logo":{"@type":"ImageObject","inLanguage":"ro-RO","@id":"https:\/\/redfoxlotto.com\/ro\/#\/schema\/logo\/image\/","url":"https:\/\/redfoxlotto.com\/wp-content\/uploads\/2023\/04\/logo.png","contentUrl":"https:\/\/redfoxlotto.com\/wp-content\/uploads\/2023\/04\/logo.png","width":269,"height":53,"caption":"Get Tickets for the World\u2019s largest jackpots"},"image":{"@id":"https:\/\/redfoxlotto.com\/ro\/#\/schema\/logo\/image\/"}}]}},"_links":{"self":[{"href":"https:\/\/redfoxlotto.com\/ro\/wp-json\/wp\/v2\/pages\/2839","targetHints":{"allow":["GET"]}}],"collection":[{"href":"https:\/\/redfoxlotto.com\/ro\/wp-json\/wp\/v2\/pages"}],"about":[{"href":"https:\/\/redfoxlotto.com\/ro\/wp-json\/wp\/v2\/types\/page"}],"author":[{"embeddable":true,"href":"https:\/\/redfoxlotto.com\/ro\/wp-json\/wp\/v2\/users\/1"}],"replies":[{"embeddable":true,"href":"https:\/\/redfoxlotto.com\/ro\/wp-json\/wp\/v2\/comments?post=2839"}],"version-history":[{"count":0,"href":"https:\/\/redfoxlotto.com\/ro\/wp-json\/wp\/v2\/pages\/2839\/revisions"}],"up":[{"embeddable":true,"href":"https:\/\/redfoxlotto.com\/ro\/wp-json\/wp\/v2\/pages\/2834"}],"wp:attachment":[{"href":"https:\/\/redfoxlotto.com\/ro\/wp-json\/wp\/v2\/media?parent=2839"}],"curies":[{"name":"wp","href":"https:\/\/api.w.org\/{rel}","templated":true}]}}