{"id":2837,"date":"2018-11-18T08:54:25","date_gmt":"2018-11-18T08:54:25","guid":{"rendered":"https:\/\/redfoxlotto.com\/?page_id=1269"},"modified":"2025-12-18T13:21:32","modified_gmt":"2025-12-18T13:21:32","slug":"mega-millions","status":"publish","type":"page","link":"https:\/\/redfoxlotto.com\/ro\/informatie\/mega-millions\/","title":{"rendered":"Despre Mega Millions"},"content":{"rendered":"<p><script type=\"application\/ld+json\">\n{\n  \"@context\": \"https:\/\/schema.org\",\n  \"@type\": \"Service\",\n  \"name\": \"Joac\u0103 Mega Millions online\",\n  \"url\": \"https:\/\/redfoxlotto.com\/ro\/lotteries\/mega-millions\",\n  \"description\": \"Cump\u0103r\u0103 bilete oficiale Mega Millions online din orice \u021bar\u0103. Viziteaz\u0103 RedFoxLotto, alege numerele tale \u0219i particip\u0103 la urm\u0103toarea extragere.\",\n  \"serviceType\": \"Serviciu online de intermediere a biletelor de loterie\",<\/p>\n<p>  \"provider\": {\n    \"@type\": \"Organization\",\n    \"name\": \"RedFoxLotto\",\n    \"url\": \"https:\/\/redfoxlotto.com\/ro\",\n    \"image\": \"https:\/\/redfoxlotto.com\/ro\/wp-content\/uploads\/2025\/12\/ticket_scans.jpg\",\n    \"sameAs\": []\n  },<\/p>\n<p>  \"areaServed\": \"Worldwide\",\n  \"termsOfService\": \"https:\/\/redfoxlotto.com\/terms-and-conditions\",<\/p>\n<p>  \"additionalProperty\": {\n    \"@type\": \"PropertyValue\",\n    \"name\": \"\u00centreb\u0103ri frecvente\",\n    \"value\": \"https:\/\/redfoxlotto.com\/ro\/faq\/\"\n  },<\/p>\n<p>  \"hasOfferCatalog\": {\n    \"@type\": \"OfferCatalog\",\n    \"name\": \"Bilete Mega Millions\",\n    \"itemListElement\": [\n      {\n        \"@type\": \"Offer\",\n        \"name\": \"Bilete Mega Millions\",\n        \"url\": \"https:\/\/redfoxlotto.com\/ro\/lotteries\/powerball\",\n        \"description\": \"Cump\u0103r\u0103 bilete reale online pentru urm\u0103toarea extragere Mega Millions pe RedFoxLotto.\",\n        \"price\": \"13.00\",\n        \"priceCurrency\": \"\u20ac\",\n        \"availability\": \"https:\/\/schema.org\/InStock\",<\/p>\n<p>        \"itemOffered\": {\n          \"@type\": \"Service\",\n          \"name\": \"Bilete de loterie Mega Millions\",\n          \"description\": \"Particip\u0103 la urm\u0103toarea extragere Mega Millions \u2013 cump\u0103r\u0103 bilete online prin RedFoxLotto.\"\n        }\n      }\n    ]\n  },<\/p>\n<p>  \"mainEntityOfPage\": {\n    \"@type\": \"WebPage\",\n    \"@id\": \"https:\/\/redfoxlotto.com\/ro\/lotteries\/mega-millions\"\n  }\n}\n<\/script><\/p>\n<p>Cunoscut\u0103 sub numele de &#8222;The Big Game&#8221; p\u00e2n\u0103 \u00een 2002, aceast\u0103 loterie din 44 de state americane este acum cunoscut\u0103 \u00een \u00eentreaga lume sub numele de Mega Millions. \u00cen acest scop au loc dou\u0103 extrageri pe s\u0103pt\u0103m\u00e2n\u0103 (\u00een fiecare mar\u021bi \u0219i vineri). Dac\u0103 nu a\u021bi auzit de acest joc sau dac\u0103 nu a\u021bi fost cu adev\u0103rat atent p\u00e2n\u0103 acum, cu siguran\u021b\u0103 ve\u021bi dori s\u0103 v\u0103 uita\u021bi mai atent \u0219i s\u0103 vede\u021bi ce pute\u021bi face cu acesta.<\/p>\n<p>Va fi cu siguran\u021b\u0103 un premiu pe care ve\u021bi dori s\u0103-l c\u00e2\u0219tiga\u021bi \u0219i este un joc foarte u\u0219or de jucat \u0219i pentru voi. Acest lucru face ca pentru tine s\u0103 fie un c\u00e2\u0219tig pentru a cump\u0103ra bilete Mega Millions online din Rom\u00e2nia.<\/p>\n<h2>Jackpotul Mega Millions<\/h2>\n<p>Mega Millions este cunoscut pentru jackpoturile sale mari. \u00cen 2018, un jackpot record de peste 1,5 miliarde de dolari a fost c\u00e2\u0219tigat de un singur norocos. Acesta este cu siguran\u021b\u0103 tipul de jackpot pe care vrei s\u0103-l c\u00e2\u0219tigi, nu? Iar \u0219ansele cu siguran\u021b\u0103 nu sunt at\u00e2t de proaste cum sunt pentru unele c\u00e2\u0219tiguri de jackpot.<br \/>\n<img loading=\"lazy\" decoding=\"async\" class=\"alignright wp-image\" src=\"https:\/\/content.redfoxlotto.com\/uploads\/sites\/9\/2_ticket_mega_millions2.jpg\" alt=\"Mega Millions online\" width=\"200\" height=\"207\" \/><br \/>\nCeea ce este \u0219i mai bine la Mega Millions este c\u0103 jackpoturile vor fi \u00eentotdeauna mari. De fapt, jackpotul \u00eencepe de la 40 de milioane de dolari. Deci, chiar dac\u0103 c\u00e2\u0219tigi jackpotul de baz\u0103 \u00eenainte ca acesta s\u0103 \u00eenceap\u0103 s\u0103 creasc\u0103 (ceea ce se \u00eent\u00e2mpl\u0103 rar), tot vei primi o plat\u0103 mare.<\/p>\n<p>Dac\u0103 c\u00e2\u0219tigi jackpotul mai t\u00e2rziu, c\u00e2nd \u00eencepe s\u0103 creasc\u0103, po\u021bi c\u00e2\u0219tiga mult mai mult. Chiar mai bine, aceste jackpoturi cresc destul de repede. Astfel, ceea ce \u00eencepe cu 40 de milioane de dolari ast\u0103zi ar putea ajunge cu u\u0219urin\u021b\u0103 la peste 100 de milioane de dolari \u00een doar o s\u0103pt\u0103m\u00e2n\u0103 sau mai pu\u021bin. De acolo, poate ajunge la c\u00e2teva sute de milioane \u0219i s-ar putea s\u0103 participa\u021bi la o alt\u0103 extragere de un miliard de dolari. Asta ar merita cu siguran\u021b\u0103 investi\u021bia de c\u00e2\u021biva dolari pentru bilete, nu-i a\u0219a?<\/p>\n<p>Pe site-ul nostru, ave\u021bi \u0219ansa de a cump\u0103ra bilete Mega Millions online, chiar dac\u0103 locui\u021bi \u00een Rom\u00e2nia. Trebuie doar s\u0103 alege\u021bi numerele, s\u0103 cump\u0103ra\u021bi biletul \u0219i s\u0103 a\u0219tepta\u021bi rezultatele extragerii! Vom trece \u00een revist\u0103 c\u00e2\u021biva dintre pa\u0219ii generali \u0219i ceea ce este necesar pentru a \u00eencepe \u00eentr-un minut, dar s\u0103 ne concentr\u0103m mai \u00eent\u00e2i pe Mega Millions \u00een sine, bine?<\/p>\n<h2>Regulile de la Mega Millions<\/h2>\n<p>Regulile de la Mega Millions sunt simple. Trebuie s\u0103 selectezi 5 numere \u00eentre 1 \u0219i 70, plus un num\u0103r MegaBall suplimentar. Toate numerele trebuie s\u0103 se potriveasc\u0103 pentru a c\u00e2\u0219tiga jackpotul. Asta nu \u00eenseamn\u0103 c\u0103 nu pute\u021bi c\u00e2\u0219tiga nimic dac\u0103 nu ob\u021bine\u021bi acel jackpot. Exist\u0103 de fapt o serie de premii diferite pe care le pute\u021bi c\u00e2\u0219tiga. La Mega Millions, pute\u021bi c\u00e2\u0219tiga \u00een nou\u0103 intervale de premii.<\/p>\n<p>Ceea ce este cu adev\u0103rat grozav este c\u0103 po\u021bi c\u00e2\u0219tiga de fapt pe baza potrivirii unui singur num\u0103r, at\u00e2ta timp c\u00e2t acel num\u0103r este MegaBall. Dac\u0103 potrive\u0219ti acel num\u0103r, vei c\u00e2\u0219tiga un premiu automat \u0219i acesta este doar \u00eenceputul. Po\u021bi c\u00e2\u0219tiga premii foarte mici, care \u00ee\u021bi aduc \u00eenapoi doar banii pe care i-ai cheltuit pentru a cump\u0103ra biletul sau po\u021bi c\u00e2\u0219tiga premii mari, care sunt totu\u0219i mai mici dec\u00e2t jackpotul real.<br \/>\n\u00cen plus, fiecare premiu sub jackpot este c\u00e2\u0219tigat individual. Asta \u00eenseamn\u0103 c\u0103 nu trebuie s\u0103 \u00eemp\u0103r\u021bi\u021bi banii dac\u0103 \u0219i altcineva c\u00e2\u0219tig\u0103 acel premiu.<\/p>\n<h2>Cump\u0103rarea online a unui bilet Mega Millions \u00een Rom\u00e2nia<\/h2>\n<p>Sunte\u021bi gata s\u0103 cump\u0103ra\u021bi primul bilet Mega Millions online? Dac\u0103 da, atunci cu siguran\u021b\u0103 ve\u021bi dori s\u0103 arunca\u021bi o privire asupra pa\u0219ilor care intr\u0103 \u00een acest proces. \u00cel facem c\u00e2t mai u\u0219or posibil pentru c\u0103 \u0219tim c\u0103 \u00ee\u021bi dore\u0219ti cu adev\u0103rat s\u0103 \u00ee\u021bi cumperi biletul, s\u0103 participi la extragere \u0219i apoi s\u0103 te ocupi de celelalte lucruri care se \u00eent\u00e2mpl\u0103 \u00een via\u021ba ta. A\u0219adar, am f\u0103cut ca totul s\u0103 fie \u00een doar c\u00e2\u021biva pa\u0219i.<\/p>\n<p>Primul pas este s\u0103 v\u0103 decide\u021bi ce ve\u021bi cump\u0103ra. Dac\u0103 dori\u021bi s\u0103 cump\u0103ra\u021bi bilete Mega Millions online, va fi u\u0219or. Trebuie doar s\u0103 g\u0103se\u0219ti jocul \u0219i s\u0103 intri pe pagina specific\u0103 pentru el.<\/p>\n<p>Dac\u0103 dori\u021bi s\u0103 cump\u0103ra\u021bi bilete pentru alte jocuri, ve\u021bi putea vedea fiecare dintre ele, precum \u0219i jackpoturile actuale disponibile chiar pe acela\u0219i ecran \u0219i pute\u021bi intra \u0219i \u00een fiecare dintre acestea \u00een mod individual. Acest lucru v\u0103 face foarte u\u0219or s\u0103 v\u0103 decide\u021bi ce ve\u021bi face \u0219i s\u0103 alege\u021bi biletele pe care le dori\u021bi.<br \/>\n<img loading=\"lazy\" decoding=\"async\" class=\"alignright wp-image\" src=\"https:\/\/content.redfoxlotto.com\/uploads\/sites\/9\/1_buy_mega_millions_lottery_tickets.jpg\" alt=\"cump\u0103ra\u021bi bilete online\" width=\"287\" height=\"202\" \/><br \/>\nOdat\u0103 ajuns pe pagin\u0103, pute\u021bi afla mai multe despre Mega Millions \u0219i apoi pute\u021bi alege numerele pe care dori\u021bi s\u0103 le juca\u021bi. Dac\u0103 ave\u021bi anumite numere pe care le dori\u021bi, le pute\u021bi alege chiar de pe acel ecran. Dac\u0103 ave\u021bi doar c\u00e2teva numere \u0219i dori\u021bi ca restul s\u0103 fie alocate aleatoriu, aceasta este, de asemenea, o op\u021biune. Sau pute\u021bi alege s\u0103 ob\u021bine\u021bi un bilet complet aleatoriu. Va fi \u00een \u00eentregime la alegerea ta. \u00cen orice caz, ve\u021bi \u0219ti dac\u0103 ave\u021bi destule numere, prea pu\u021bine sau prea multe, deoarece ne vom asigura c\u0103 biletul dvs. este valid \u00eenainte de a ajunge la pagina urm\u0103toare.<\/p>\n<h2>Procesul de plat\u0103<\/h2>\n<p>Dup\u0103 ce a\u021bi ales biletele Mega Millions pe care le dori\u021bi, le pute\u021bi ad\u0103uga \u00een co\u0219ul de cump\u0103r\u0103turi \u0219i pute\u021bi selecta bilete suplimentare dac\u0103 dori\u021bi, sau pute\u021bi trece la procesul de plat\u0103. Atunci c\u00e2nd efectua\u021bi plata, ve\u021bi avea nevoie de un cont la noi, dar facem ca \u0219i acesta s\u0103 fie foarte u\u0219or de configurat.<\/p>\n<p>Trebuie doar s\u0103 completezi c\u00e2teva informa\u021bii de baz\u0103 despre tine, astfel \u00eenc\u00e2t s\u0103 po\u021bi revendica premiile dac\u0103 este nevoie.<\/p>\n<p>Asta e tot ce trebuie s\u0103 faci. Confirma\u021bi achizi\u021bia, noi v\u0103 lu\u0103m biletele \u0219i acestea vor ap\u0103rea direct \u00een contul dvs., astfel \u00eenc\u00e2t s\u0103 pute\u021bi urm\u0103ri \u0219i vedea dac\u0103 a\u021bi c\u00e2\u0219tigat. V\u0103 vom trimite chiar \u0219i un e-mail dac\u0103 biletul dvs. c\u00e2\u0219tig\u0103 \u0219i v\u0103 vom ar\u0103ta chiar \u00een contul dvs. ce numere s-au potrivit la extragere. Nu ve\u021bi avea nicio problem\u0103 \u00een a avea o experien\u021b\u0103 grozav\u0103 cu Mega Millions \u0219i ve\u021bi dori s\u0103 continua\u021bi s\u0103 juca\u021bi fiecare joc.<\/p>\n","protected":false},"excerpt":{"rendered":"<p>Cunoscut\u0103 sub numele de &#8222;The Big Game&#8221; p\u00e2n\u0103 \u00een 2002, aceast\u0103 loterie din 44 de state americane este acum cunoscut\u0103 \u00een \u00eentreaga lume sub numele de Mega Millions. \u00cen acest scop au loc dou\u0103 extrageri pe s\u0103pt\u0103m\u00e2n\u0103 (\u00een fiecare mar\u021bi \u0219i vineri). Dac\u0103 nu a\u021bi auzit de acest joc sau dac\u0103 nu a\u021bi fost cu [&hellip;]<\/p>\n","protected":false},"author":1,"featured_media":0,"parent":2834,"menu_order":2,"comment_status":"closed","ping_status":"closed","template":"megamillion-info.php","meta":{"_et_pb_use_builder":"","_et_pb_old_content":"","_et_gb_content_width":"","exclude_from_search":false,"footnotes":""},"class_list":["post-2837","page","type-page","status-publish","hentry"],"yoast_head":"<!-- This site is optimized with the Yoast SEO plugin v23.8 - https:\/\/yoast.com\/wordpress\/plugins\/seo\/ -->\n<title>Cump\u0103ra\u021bi bilete Eurojackpot online din Rom\u00e2nia<\/title>\n<meta name=\"description\" content=\"Afla\u021bi despre Mega Millions Lotto USA \u0219i cum pute\u021bi cump\u0103ra bilete Mega Millions online, din Rom\u00e2nia sau din orice \u021bar\u0103 din lume\" \/>\n<meta name=\"robots\" content=\"index, follow, max-snippet:-1, max-image-preview:large, max-video-preview:-1\" \/>\n<link rel=\"canonical\" href=\"https:\/\/redfoxlotto.com\/ro\/lotteries\/mega-millions\/\" \/>\n<meta property=\"og:locale\" content=\"ro_RO\" \/>\n<meta property=\"og:type\" content=\"article\" \/>\n<meta property=\"og:title\" content=\"Cump\u0103ra\u021bi bilete Eurojackpot online din Rom\u00e2nia\" \/>\n<meta property=\"og:description\" content=\"Afla\u021bi despre Mega Millions Lotto USA \u0219i cum pute\u021bi cump\u0103ra bilete Mega Millions online, din Rom\u00e2nia sau din orice \u021bar\u0103 din lume\" \/>\n<meta property=\"og:url\" content=\"https:\/\/redfoxlotto.com\/lotteries\/mega-millions\/\" \/>\n<meta property=\"og:site_name\" content=\"Get Tickets for the World\u2019s largest jackpots\" \/>\n<meta property=\"article:modified_time\" content=\"2025-12-18T13:21:32+00:00\" \/>\n<meta property=\"og:image\" content=\"https:\/\/content.redfoxlotto.com\/uploads\/sites\/9\/2_ticket_mega_millions2.jpg\" \/>\n<meta name=\"twitter:card\" content=\"summary_large_image\" \/>\n<meta name=\"twitter:label1\" content=\"Timp estimat pentru citire\" \/>\n\t<meta name=\"twitter:data1\" content=\"5 minute\" \/>\n<script type=\"application\/ld+json\" class=\"yoast-schema-graph\">{\"@context\":\"https:\/\/schema.org\",\"@graph\":[{\"@type\":\"WebPage\",\"@id\":\"https:\/\/redfoxlotto.com\/ro\/informatie\/mega-millions\/\",\"url\":\"https:\/\/redfoxlotto.com\/lotteries\/mega-millions\/\",\"name\":\"Cump\u0103ra\u021bi bilete Eurojackpot online din Rom\u00e2nia\",\"isPartOf\":{\"@id\":\"https:\/\/redfoxlotto.com\/ro\/#website\"},\"primaryImageOfPage\":{\"@id\":\"https:\/\/redfoxlotto.com\/lotteries\/mega-millions\/#primaryimage\"},\"image\":{\"@id\":\"https:\/\/redfoxlotto.com\/lotteries\/mega-millions\/#primaryimage\"},\"thumbnailUrl\":\"https:\/\/content.redfoxlotto.com\/uploads\/sites\/9\/2_ticket_mega_millions2.jpg\",\"datePublished\":\"2018-11-18T08:54:25+00:00\",\"dateModified\":\"2025-12-18T13:21:32+00:00\",\"description\":\"Afla\u021bi despre Mega Millions Lotto USA \u0219i cum pute\u021bi cump\u0103ra bilete Mega Millions online, din Rom\u00e2nia sau din orice \u021bar\u0103 din lume\",\"breadcrumb\":{\"@id\":\"https:\/\/redfoxlotto.com\/lotteries\/mega-millions\/#breadcrumb\"},\"inLanguage\":\"ro-RO\",\"potentialAction\":[{\"@type\":\"ReadAction\",\"target\":[\"https:\/\/redfoxlotto.com\/lotteries\/mega-millions\/\"]}]},{\"@type\":\"ImageObject\",\"inLanguage\":\"ro-RO\",\"@id\":\"https:\/\/redfoxlotto.com\/lotteries\/mega-millions\/#primaryimage\",\"url\":\"https:\/\/content.redfoxlotto.com\/uploads\/sites\/9\/2_ticket_mega_millions2.jpg\",\"contentUrl\":\"https:\/\/content.redfoxlotto.com\/uploads\/sites\/9\/2_ticket_mega_millions2.jpg\"},{\"@type\":\"BreadcrumbList\",\"@id\":\"https:\/\/redfoxlotto.com\/lotteries\/mega-millions\/#breadcrumb\",\"itemListElement\":[{\"@type\":\"ListItem\",\"position\":1,\"name\":\"Home\",\"item\":\"https:\/\/redfoxlotto.com\/ro\/\"},{\"@type\":\"ListItem\",\"position\":2,\"name\":\"Procesul de achizi\u021bionare pentru biletele online de loterie\",\"item\":\"https:\/\/redfoxlotto.com\/ro\/informatie\/\"},{\"@type\":\"ListItem\",\"position\":3,\"name\":\"Despre Mega Millions\"}]},{\"@type\":\"WebSite\",\"@id\":\"https:\/\/redfoxlotto.com\/ro\/#website\",\"url\":\"https:\/\/redfoxlotto.com\/ro\/\",\"name\":\"Get Tickets for the World\u2019s largest jackpots\",\"description\":\"Participate in worldwide lottery jackpots from any country\",\"publisher\":{\"@id\":\"https:\/\/redfoxlotto.com\/ro\/#organization\"},\"potentialAction\":[{\"@type\":\"SearchAction\",\"target\":{\"@type\":\"EntryPoint\",\"urlTemplate\":\"https:\/\/redfoxlotto.com\/ro\/?s={search_term_string}\"},\"query-input\":{\"@type\":\"PropertyValueSpecification\",\"valueRequired\":true,\"valueName\":\"search_term_string\"}}],\"inLanguage\":\"ro-RO\"},{\"@type\":\"Organization\",\"@id\":\"https:\/\/redfoxlotto.com\/ro\/#organization\",\"name\":\"Get Tickets for the World\u2019s largest jackpots\",\"url\":\"https:\/\/redfoxlotto.com\/ro\/\",\"logo\":{\"@type\":\"ImageObject\",\"inLanguage\":\"ro-RO\",\"@id\":\"https:\/\/redfoxlotto.com\/ro\/#\/schema\/logo\/image\/\",\"url\":\"https:\/\/redfoxlotto.com\/wp-content\/uploads\/2023\/04\/logo.png\",\"contentUrl\":\"https:\/\/redfoxlotto.com\/wp-content\/uploads\/2023\/04\/logo.png\",\"width\":269,\"height\":53,\"caption\":\"Get Tickets for the World\u2019s largest jackpots\"},\"image\":{\"@id\":\"https:\/\/redfoxlotto.com\/ro\/#\/schema\/logo\/image\/\"}}]}<\/script>\n<!-- \/ Yoast SEO plugin. -->","yoast_head_json":{"title":"Cump\u0103ra\u021bi bilete Eurojackpot online din Rom\u00e2nia","description":"Afla\u021bi despre Mega Millions Lotto USA \u0219i cum pute\u021bi cump\u0103ra bilete Mega Millions online, din Rom\u00e2nia sau din orice \u021bar\u0103 din lume","robots":{"index":"index","follow":"follow","max-snippet":"max-snippet:-1","max-image-preview":"max-image-preview:large","max-video-preview":"max-video-preview:-1"},"canonical":"https:\/\/redfoxlotto.com\/ro\/lotteries\/mega-millions\/","og_locale":"ro_RO","og_type":"article","og_title":"Cump\u0103ra\u021bi bilete Eurojackpot online din Rom\u00e2nia","og_description":"Afla\u021bi despre Mega Millions Lotto USA \u0219i cum pute\u021bi cump\u0103ra bilete Mega Millions online, din Rom\u00e2nia sau din orice \u021bar\u0103 din lume","og_url":"https:\/\/redfoxlotto.com\/lotteries\/mega-millions\/","og_site_name":"Get Tickets for the World\u2019s largest jackpots","article_modified_time":"2025-12-18T13:21:32+00:00","og_image":[{"url":"https:\/\/content.redfoxlotto.com\/uploads\/sites\/9\/2_ticket_mega_millions2.jpg"}],"twitter_card":"summary_large_image","twitter_misc":{"Timp estimat pentru citire":"5 minute"},"schema":{"@context":"https:\/\/schema.org","@graph":[{"@type":"WebPage","@id":"https:\/\/redfoxlotto.com\/ro\/informatie\/mega-millions\/","url":"https:\/\/redfoxlotto.com\/lotteries\/mega-millions\/","name":"Cump\u0103ra\u021bi bilete Eurojackpot online din Rom\u00e2nia","isPartOf":{"@id":"https:\/\/redfoxlotto.com\/ro\/#website"},"primaryImageOfPage":{"@id":"https:\/\/redfoxlotto.com\/lotteries\/mega-millions\/#primaryimage"},"image":{"@id":"https:\/\/redfoxlotto.com\/lotteries\/mega-millions\/#primaryimage"},"thumbnailUrl":"https:\/\/content.redfoxlotto.com\/uploads\/sites\/9\/2_ticket_mega_millions2.jpg","datePublished":"2018-11-18T08:54:25+00:00","dateModified":"2025-12-18T13:21:32+00:00","description":"Afla\u021bi despre Mega Millions Lotto USA \u0219i cum pute\u021bi cump\u0103ra bilete Mega Millions online, din Rom\u00e2nia sau din orice \u021bar\u0103 din lume","breadcrumb":{"@id":"https:\/\/redfoxlotto.com\/lotteries\/mega-millions\/#breadcrumb"},"inLanguage":"ro-RO","potentialAction":[{"@type":"ReadAction","target":["https:\/\/redfoxlotto.com\/lotteries\/mega-millions\/"]}]},{"@type":"ImageObject","inLanguage":"ro-RO","@id":"https:\/\/redfoxlotto.com\/lotteries\/mega-millions\/#primaryimage","url":"https:\/\/content.redfoxlotto.com\/uploads\/sites\/9\/2_ticket_mega_millions2.jpg","contentUrl":"https:\/\/content.redfoxlotto.com\/uploads\/sites\/9\/2_ticket_mega_millions2.jpg"},{"@type":"BreadcrumbList","@id":"https:\/\/redfoxlotto.com\/lotteries\/mega-millions\/#breadcrumb","itemListElement":[{"@type":"ListItem","position":1,"name":"Home","item":"https:\/\/redfoxlotto.com\/ro\/"},{"@type":"ListItem","position":2,"name":"Procesul de achizi\u021bionare pentru biletele online de loterie","item":"https:\/\/redfoxlotto.com\/ro\/informatie\/"},{"@type":"ListItem","position":3,"name":"Despre Mega Millions"}]},{"@type":"WebSite","@id":"https:\/\/redfoxlotto.com\/ro\/#website","url":"https:\/\/redfoxlotto.com\/ro\/","name":"Get Tickets for the World\u2019s largest jackpots","description":"Participate in worldwide lottery jackpots from any country","publisher":{"@id":"https:\/\/redfoxlotto.com\/ro\/#organization"},"potentialAction":[{"@type":"SearchAction","target":{"@type":"EntryPoint","urlTemplate":"https:\/\/redfoxlotto.com\/ro\/?s={search_term_string}"},"query-input":{"@type":"PropertyValueSpecification","valueRequired":true,"valueName":"search_term_string"}}],"inLanguage":"ro-RO"},{"@type":"Organization","@id":"https:\/\/redfoxlotto.com\/ro\/#organization","name":"Get Tickets for the World\u2019s largest jackpots","url":"https:\/\/redfoxlotto.com\/ro\/","logo":{"@type":"ImageObject","inLanguage":"ro-RO","@id":"https:\/\/redfoxlotto.com\/ro\/#\/schema\/logo\/image\/","url":"https:\/\/redfoxlotto.com\/wp-content\/uploads\/2023\/04\/logo.png","contentUrl":"https:\/\/redfoxlotto.com\/wp-content\/uploads\/2023\/04\/logo.png","width":269,"height":53,"caption":"Get Tickets for the World\u2019s largest jackpots"},"image":{"@id":"https:\/\/redfoxlotto.com\/ro\/#\/schema\/logo\/image\/"}}]}},"_links":{"self":[{"href":"https:\/\/redfoxlotto.com\/ro\/wp-json\/wp\/v2\/pages\/2837","targetHints":{"allow":["GET"]}}],"collection":[{"href":"https:\/\/redfoxlotto.com\/ro\/wp-json\/wp\/v2\/pages"}],"about":[{"href":"https:\/\/redfoxlotto.com\/ro\/wp-json\/wp\/v2\/types\/page"}],"author":[{"embeddable":true,"href":"https:\/\/redfoxlotto.com\/ro\/wp-json\/wp\/v2\/users\/1"}],"replies":[{"embeddable":true,"href":"https:\/\/redfoxlotto.com\/ro\/wp-json\/wp\/v2\/comments?post=2837"}],"version-history":[{"count":0,"href":"https:\/\/redfoxlotto.com\/ro\/wp-json\/wp\/v2\/pages\/2837\/revisions"}],"up":[{"embeddable":true,"href":"https:\/\/redfoxlotto.com\/ro\/wp-json\/wp\/v2\/pages\/2834"}],"wp:attachment":[{"href":"https:\/\/redfoxlotto.com\/ro\/wp-json\/wp\/v2\/media?parent=2837"}],"curies":[{"name":"wp","href":"https:\/\/api.w.org\/{rel}","templated":true}]}}