{"id":2836,"date":"2018-11-18T08:54:25","date_gmt":"2018-11-18T08:54:25","guid":{"rendered":"https:\/\/redfoxlotto.com\/?page_id=1267"},"modified":"2025-12-18T14:50:59","modified_gmt":"2025-12-18T14:50:59","slug":"euromillions","status":"publish","type":"page","link":"https:\/\/redfoxlotto.com\/ro\/informatie\/euromillions\/","title":{"rendered":"Despre EuroMillions"},"content":{"rendered":"<p><script type=\"application\/ld+json\">\n{\n  \"@context\": \"https:\/\/schema.org\",\n  \"@type\": \"Service\",\n  \"name\": \"Joac\u0103 Euromillions online\",\n  \"url\": \"https:\/\/redfoxlotto.com\/ro\/lotteries\/euromillions\/\",\n  \"description\": \"Cump\u0103r\u0103 bilete oficiale de loterie Euromillions online din orice \u021bar\u0103. Viziteaz\u0103 RedFoxLotto, alege-\u021bi numerele \u0219i particip\u0103 la urm\u0103toarea extragere.\",\n  \"serviceType\": \"Serviciu de intermediere bilete de loterie online\",\n  \"provider\": {\n    \"@type\": \"Organization\",\n    \"name\": \"RedFoxLotto\",\n    \"url\": \"https:\/\/redfoxlotto.com\/ro\",\n    \"image\": \"https:\/\/redfoxlotto.com\/ro\/wp-content\/uploads\/2025\/12\/ticket_scans.jpg\",\n    \"sameAs\": []\n  },\n  \"areaServed\": \"Worldwide\",\n  \"termsOfService\": \"https:\/\/redfoxlotto.com\/terms-and-conditions\",\n  \"additionalProperty\": {\n    \"@type\": \"PropertyValue\",\n    \"name\": \"FAQ\",\n    \"value\": \"https:\/\/redfoxlotto.com\/ro\/faq\/\"\n  },\n  \"hasOfferCatalog\": {\n    \"@type\": \"OfferCatalog\",\n    \"name\": \"Bilete Euromillions\",\n    \"itemListElement\": [\n      {\n        \"@type\": \"Offer\",\n        \"name\": \"Bilete Euromillions\",\n        \"url\": \"https:\/\/redfoxlotto.com\/ro\/lotteries\/euromillions\",\n        \"description\": \"Cump\u0103r\u0103 bilete reale online pentru urm\u0103toarea extragere Euromillions prin RedFoxLotto.\",\n        \"price\": \"7.00\",\n        \"priceCurrency\": \"\u20ac\",\n        \"availability\": \"https:\/\/schema.org\/InStock\",\n        \"itemOffered\": {\n          \"@type\": \"Service\",\n          \"name\": \"Bilete Euromillions\",\n          \"description\": \"Particip\u0103 la urm\u0103toarea extragere Euromillions \u2013 cump\u0103r\u0103 biletele online prin RedFoxLotto.\"\n        }\n      }\n    ]\n  },\n  \"mainEntityOfPage\": {\n    \"@type\": \"WebPage\",\n    \"@id\": \"https:\/\/redfoxlotto.com\/ro\/lotteries\/euromillions\"\n  }\n}\n<\/script><\/p>\n<p>Euro Millions este cea mai mare loterie din Europa. Lansat\u0103 \u00een 2004, biletele pot fi cump\u0103rate \u00een nou\u0103 \u021b\u0103ri europene &#8211; sau, dac\u0103 sunte\u021bi din Rom\u00e2nia, v\u0103 pute\u021bi cump\u0103ra biletele online aici.<\/p>\n<h2>Ob\u021bine\u021bi biletul EuroMillions din Rom\u00e2nia<\/h2>\n<p>Sunte\u021bi gata s\u0103 \u00eencepe\u021bi \u0219i s\u0103 cump\u0103ra\u021bi bilete EuroMillions online? Dac\u0103 da, atunci vei dori s\u0103 \u0219tii c\u00e2teva lucruri despre joc \u00eenainte de a te lansa, nu-i a\u0219a? Vrei s\u0103 te asiguri c\u0103 e\u0219ti preg\u0103tit \u0219i c\u0103 \u0219tii tot ce po\u021bi despre joc. Ei bine, primul lucru pe care ar trebui s\u0103 \u00eel \u0219tii este c\u00e2nd vor avea loc extragerile, pentru c\u0103 vrei s\u0103 fii sigur c\u0103 \u00ee\u021bi iei biletul de loterie \u00eenainte de urm\u0103toarea extragere. Extragerile pentru EuroMillions au loc \u00een fiecare mar\u021bi \u0219i vineri la Paris.<br \/>\n<img loading=\"lazy\" decoding=\"async\" class=\"alignright wp-image\" src=\"https:\/\/content.redfoxlotto.com\/uploads\/sites\/9\/1_buy_euromillions_online.jpg\" alt=\"Euromillions jackpot\" width=\"284\" height=\"190\" \/><br \/>\nVom vorbi mai multe despre numerele pe care le pute\u021bi alege \u0219i despre cum ve\u021bi ob\u021bine biletul pe care \u00eel dori\u021bi \u00eentr-un minut, dar deocamdat\u0103, haide\u021bi s\u0103 arunc\u0103m o privire mai atent\u0103 la jackpotul pe care l-a\u021bi putea c\u00e2\u0219tiga. La urma urmei, acesta este unul dintre motivele pentru care ve\u021bi dori s\u0103 ajunge\u021bi s\u0103 juca\u021bi la EuroMillions.<\/p>\n<h2>Jackpotul EuroMillions<\/h2>\n<p>Fiind cea mai mare loterie din Europa, EuroMillions are \u0219i jackpoturi uria\u0219e. De fapt, jackpoturile sunt adesea de ordinul milioanelor de dolari, iar cele mai mari vor fi cu siguran\u021b\u0103 \u0219i cele mai mari. Cel mai mare jackpot de p\u00e2n\u0103 acum la aceast\u0103 loterie a fost de 190.000.000 de euro. Acesta a fost c\u00e2\u0219tigat de un juc\u0103tor anonim pe 24 octombrie 2014.<\/p>\n<p>Acesta este un motiv suficient de bun pentru a v\u0103 uita mai atent la acest joc \u0219i a v\u0103 g\u00e2ndi s\u0103 cump\u0103ra\u021bi un bilet pentru dumneavoastr\u0103, nu-i a\u0219a? Ei bine, \u00ee\u021bi va pl\u0103cea ideea de a c\u00e2\u0219tiga acei bani \u0219i, de fapt, po\u021bi c\u00e2\u0219tiga \u00een continuare o sum\u0103 bun\u0103 de bani chiar dac\u0103 nu ajungi p\u00e2n\u0103 la acel jackpot. Asta pentru c\u0103 suma de pornire este chiar un premiu mare, iar cele care se afl\u0103 la mijloc, \u00eentre cele mai mici \u0219i cele mai mari niveluri, vor fi \u0219i ele mari.<\/p>\n<h2>Regulile de la EuroMillions<\/h2>\n<p>E\u0219ti gata s\u0103 cumperi bilete EuroMillions online, dar nu e\u0219ti foarte sigur unde s\u0103 faci sau cum &#8211; poate pentru c\u0103 locuie\u0219ti \u00een Rom\u00e2nia? Ei bine, vom trece \u00een revist\u0103 exact ceea ce trebuie s\u0103 faci \u0219i cum vei alege numerele pe care le vrei pentru a te asigura c\u0103 ai cele mai mari \u0219anse de a c\u00e2\u0219tiga efectiv jocul.<\/p>\n<h2>Deci, ce trebuie s\u0103 faci?<\/h2>\n<p>Aici alege\u021bi 5 numere principale \u00eentre 1 \u0219i 50 \u0219i dou\u0103 numere suplimentare, numite Lucky Star, \u00eentre 1 \u0219i 12. Pentru a c\u00e2\u0219tiga \u00een cel mai mic interval de pre\u021b, doar dou\u0103 numere principale trebuie s\u0103 se potriveasc\u0103. Asta \u00eenseamn\u0103 c\u0103 vei avea o mul\u021bime de \u0219anse \u00een care ai putea fi c\u00e2\u0219tig\u0103tor, de\u0219i nu vei c\u00e2\u0219tiga foarte mul\u021bi bani dac\u0103 potrive\u0219ti doar c\u00e2teva numere.<\/p>\n<p>Dac\u0103 potrive\u0219ti mai multe numere \u0219i mai ales dac\u0103 potrive\u0219ti numerele cu stea norocoas\u0103, vei avea la dispozi\u021bie un premiu mai bun. Acesta va fi cu siguran\u021b\u0103 un beneficiu bun, nu-i a\u0219a? \u00ce\u021bi po\u021bi \u00eembun\u0103t\u0103\u021bi de fapt \u0219ansele de a ob\u021bine ceva \u0219i cu siguran\u021b\u0103 te po\u021bi bucura de joc.<\/p>\n<h2>Alegerea biletului<\/h2>\n<p>Sunte\u021bi gata s\u0103 v\u0103 alege\u021bi un bilet? Cu siguran\u021b\u0103 ve\u021bi dori s\u0103 verifica\u021bi procesul nostru, deoarece v\u0103 vom u\u0219ura foarte mult procesul. \u0218tim c\u0103 nu ave\u021bi prea mult timp la dispozi\u021bie \u0219i c\u0103 vre\u021bi s\u0103 v\u0103 asigura\u021bi c\u0103 profita\u021bi la maximum de acest timp. Dar totu\u0219i vrei s\u0103 te distrezi juc\u00e2nd la EuroMillions \u0219i asta \u00eenseamn\u0103 c\u0103 trebuie s\u0103 cumperi bilete EuroMillions online.<\/p>\n<p>Primul pas \u00een procesul nostru este ca tu s\u0103 te decizi ce bilet vei lua. Dac\u0103 v-a\u021bi decis deja asupra EuroMillions, atunci sunte\u021bi gata. Dar dac\u0103 nu sunte\u021bi \u00eenc\u0103 foarte sigur, cu siguran\u021b\u0103 ve\u021bi dori s\u0103 consulta\u021bi pagina principal\u0103, unde v\u0103 vom ar\u0103ta toate cele mai bune jackpoturi \u0219i care sunt jocurile la care ar trebui s\u0103 v\u0103 uita\u021bi. Acestea sunt jocurile pentru care oferim bilete.<\/p>\n<p>Odat\u0103 ce te-ai decis asupra biletului pe care \u00eel dore\u0219ti, intri \u00een pagin\u0103 \u0219i \u00eencepi s\u0103 alegi numerele pentru biletul t\u0103u. Po\u021bi alege absolut toate numerele dac\u0103 vrei, astfel \u00eenc\u00e2t s\u0103 ob\u021bii un bilet personalizat care se potrive\u0219te cu ceea ce \u00ee\u021bi place cel mai mult.<\/p>\n<p>De asemenea, po\u021bi alege s\u0103 cumperi bilete care sunt selectate aleatoriu pentru tine. Acest lucru v\u0103 face foarte u\u0219or s\u0103 ob\u021bine\u021bi un bilet f\u0103r\u0103 a fi nevoit s\u0103 pierde\u021bi mult timp cu el. \u0218i pute\u021bi decide \u0219i c\u00e2te bilete dori\u021bi s\u0103 cump\u0103ra\u021bi, astfel \u00eenc\u00e2t s\u0103 ave\u021bi tot ce ave\u021bi nevoie pentru a c\u00e2\u0219tiga un poten\u021bial jackpot mare.<\/p>\n<h2>Procesul de cump\u0103rare pentru EuroMillions<\/h2>\n<p>Atunci c\u00e2nd treci \u0219i \u00ee\u021bi alegi biletele, ultimul lucru pe care trebuie s\u0103 \u00eel faci este s\u0103 te asiguri c\u0103 ai completat informa\u021biile despre contul t\u0103u. V\u0103 vom ghida prin procesul de creare a acelui cont imediat, astfel \u00eenc\u00e2t s\u0103 v\u0103 asigura\u021bi c\u0103 ve\u021bi ob\u021bine biletele dorite, exact c\u00e2nd le dori\u021bi. Pute\u021bi chiar s\u0103 configura\u021bi conturile de plat\u0103 pe care dori\u021bi s\u0103 le folosi\u021bi chiar aici.<br \/>\n<img loading=\"lazy\" decoding=\"async\" class=\"alignright wp-image\" src=\"https:\/\/content.redfoxlotto.com\/uploads\/sites\/9\/1_buy_lottery_ticket.jpg\" alt=\"cump\u0103ra\u021bi bilete online\" width=\"312\" height=\"107\" \/><br \/>\nDup\u0103 ce a\u021bi configurat totul, trebuie doar s\u0103 pune\u021bi biletele pe care le dori\u021bi \u00een co\u0219ul de cump\u0103r\u0103turi \u0219i apoi le ve\u021bi putea cump\u0103ra pe toate \u00een acela\u0219i timp. Pute\u021bi chiar s\u0103 ad\u0103uga\u021bi bilete de la diferite jocuri \u00een co\u0219ul dvs. \u0219i ve\u021bi putea cump\u0103ra tot ce ave\u021bi nevoie.<\/p>\n<p>Odat\u0103 ce v-a\u021bi hot\u0103r\u00e2t asupra biletelor, ve\u021bi fi gata \u0219i ve\u021bi putea a\u0219tepta s\u0103 vede\u021bi ce se \u00eent\u00e2mpl\u0103 cu biletele dumneavoastr\u0103. Cele pe care le cump\u0103ra\u021bi vor ap\u0103rea imediat \u00een contul dvs., iar mai t\u00e2rziu ve\u021bi putea verifica dac\u0103 a\u021bi c\u00e2\u0219tigat.<\/p>\n<p>\u00ce\u021bi vom trimite un e-mail dac\u0103 c\u00e2\u0219tigi \u0219i vei putea s\u0103 te ui\u021bi \u00een contul t\u0103u pentru a vedea ce numere ai care se potrivesc cu numerele extrase. \u0218i astfel v\u0103 va fi mai u\u0219or s\u0103 \u0219ti\u021bi c\u00e2nd trebuie s\u0103 r\u0103scump\u0103ra\u021bi un bilet.<\/p>\n<h2>EuroMillions \u0219i Millionaire Maker din Marea Britanie<\/h2>\n<p>Juc\u0103torii pl\u0103tesc un pic mai mult pentru c\u0103 biletele EuroMillions sunt achizi\u021bionate \u00een Regatul Unit. Acest lucru se datoreaz\u0103 faptului c\u0103 biletele din Regatul Unit vin cu o intrare automat\u0103 \u00een extragerea Millionaire Maker, care ofer\u0103 o oportunitate suplimentar\u0103 de a c\u00e2\u0219tiga o recompens\u0103 de 1 milion de lire sterline.<\/p>\n<p>Millionaire Maker func\u021bioneaz\u0103 prin generarea unui cod unic pentru fiecare bilet cump\u0103rat. Acest cod const\u0103 din patru litere urmate de cinci numere (de exemplu, ABCD12345). La fiecare extragere, unul sau mai multe dintre aceste coduri sunt selectate aleatoriu, iar de\u021bin\u0103torul biletului cu codul corespunz\u0103tor c\u00e2\u0219tig\u0103 instantaneu 1 milion de lire sterline, indiferent de numerele principale extrase la EuroMillions.<\/p>\n<p>Aceast\u0103 caracteristic\u0103 face ca jocul EuroMillions din Regatul Unit s\u0103 fie deosebit de atractiv, deoarece ofer\u0103 o oportunitate suplimentar\u0103 de a c\u00e2\u0219tiga un premiu semnificativ, pe l\u00e2ng\u0103 jackpot-ul standard \u0219i recompensele de nivel inferior.<\/p>\n","protected":false},"excerpt":{"rendered":"<p>Euro Millions este cea mai mare loterie din Europa. Lansat\u0103 \u00een 2004, biletele pot fi cump\u0103rate \u00een nou\u0103 \u021b\u0103ri europene &#8211; sau, dac\u0103 sunte\u021bi din Rom\u00e2nia, v\u0103 pute\u021bi cump\u0103ra biletele online aici. Ob\u021bine\u021bi biletul EuroMillions din Rom\u00e2nia Sunte\u021bi gata s\u0103 \u00eencepe\u021bi \u0219i s\u0103 cump\u0103ra\u021bi bilete EuroMillions online? Dac\u0103 da, atunci vei dori s\u0103 \u0219tii c\u00e2teva [&hellip;]<\/p>\n","protected":false},"author":1,"featured_media":0,"parent":2834,"menu_order":3,"comment_status":"closed","ping_status":"closed","template":"euromillions-info.php","meta":{"_et_pb_use_builder":"","_et_pb_old_content":"","_et_gb_content_width":"","exclude_from_search":false,"footnotes":""},"class_list":["post-2836","page","type-page","status-publish","hentry"],"yoast_head":"<!-- This site is optimized with the Yoast SEO plugin v27.3 - https:\/\/yoast.com\/product\/yoast-seo-wordpress\/ -->\n<title>Cump\u0103ra\u021bi bilete EuroMillions online din Rom\u00e2nia<\/title>\n<meta name=\"description\" content=\"Informa\u021bii despre modul \u00een care reziden\u021bii din Rom\u00e2nia pot cump\u0103ra bilete Euromillions online. Loteria Euromillions are cel mai mare jackpot din Europa\" \/>\n<meta name=\"robots\" content=\"index, follow, max-snippet:-1, max-image-preview:large, max-video-preview:-1\" \/>\n<link rel=\"canonical\" href=\"https:\/\/redfoxlotto.com\/ro\/informatie\/euromillions\/\" \/>\n<meta property=\"og:locale\" content=\"ro_RO\" \/>\n<meta property=\"og:type\" content=\"article\" \/>\n<meta property=\"og:title\" content=\"Cump\u0103ra\u021bi bilete EuroMillions online din Rom\u00e2nia\" \/>\n<meta property=\"og:description\" content=\"Informa\u021bii despre modul \u00een care reziden\u021bii din Rom\u00e2nia pot cump\u0103ra bilete Euromillions online. Loteria Euromillions are cel mai mare jackpot din Europa\" \/>\n<meta property=\"og:url\" content=\"https:\/\/redfoxlotto.com\/ro\/informatie\/euromillions\/\" \/>\n<meta property=\"og:site_name\" content=\"Get Tickets for the World\u2019s largest jackpots\" \/>\n<meta property=\"article:modified_time\" content=\"2025-12-18T14:50:59+00:00\" \/>\n<meta property=\"og:image\" content=\"https:\/\/content.redfoxlotto.com\/uploads\/sites\/9\/1_buy_euromillions_online.jpg\" \/>\n<meta name=\"twitter:card\" content=\"summary_large_image\" \/>\n<meta name=\"twitter:label1\" content=\"Timp estimat pentru citire\" \/>\n\t<meta name=\"twitter:data1\" content=\"6 minute\" \/>\n<script type=\"application\/ld+json\" class=\"yoast-schema-graph\">{\"@context\":\"https:\\\/\\\/schema.org\",\"@graph\":[{\"@type\":\"WebPage\",\"@id\":\"https:\\\/\\\/redfoxlotto.com\\\/ro\\\/informatie\\\/euromillions\\\/\",\"url\":\"https:\\\/\\\/redfoxlotto.com\\\/ro\\\/informatie\\\/euromillions\\\/\",\"name\":\"Cump\u0103ra\u021bi bilete EuroMillions online din Rom\u00e2nia\",\"isPartOf\":{\"@id\":\"https:\\\/\\\/redfoxlotto.com\\\/ro\\\/#website\"},\"primaryImageOfPage\":{\"@id\":\"https:\\\/\\\/redfoxlotto.com\\\/ro\\\/informatie\\\/euromillions\\\/#primaryimage\"},\"image\":{\"@id\":\"https:\\\/\\\/redfoxlotto.com\\\/ro\\\/informatie\\\/euromillions\\\/#primaryimage\"},\"thumbnailUrl\":\"https:\\\/\\\/content.redfoxlotto.com\\\/uploads\\\/sites\\\/9\\\/1_buy_euromillions_online.jpg\",\"datePublished\":\"2018-11-18T08:54:25+00:00\",\"dateModified\":\"2025-12-18T14:50:59+00:00\",\"description\":\"Informa\u021bii despre modul \u00een care reziden\u021bii din Rom\u00e2nia pot cump\u0103ra bilete Euromillions online. Loteria Euromillions are cel mai mare jackpot din Europa\",\"breadcrumb\":{\"@id\":\"https:\\\/\\\/redfoxlotto.com\\\/ro\\\/informatie\\\/euromillions\\\/#breadcrumb\"},\"inLanguage\":\"ro-RO\",\"potentialAction\":[{\"@type\":\"ReadAction\",\"target\":[\"https:\\\/\\\/redfoxlotto.com\\\/ro\\\/informatie\\\/euromillions\\\/\"]}]},{\"@type\":\"ImageObject\",\"inLanguage\":\"ro-RO\",\"@id\":\"https:\\\/\\\/redfoxlotto.com\\\/ro\\\/informatie\\\/euromillions\\\/#primaryimage\",\"url\":\"https:\\\/\\\/content.redfoxlotto.com\\\/uploads\\\/sites\\\/9\\\/1_buy_euromillions_online.jpg\",\"contentUrl\":\"https:\\\/\\\/content.redfoxlotto.com\\\/uploads\\\/sites\\\/9\\\/1_buy_euromillions_online.jpg\"},{\"@type\":\"BreadcrumbList\",\"@id\":\"https:\\\/\\\/redfoxlotto.com\\\/ro\\\/informatie\\\/euromillions\\\/#breadcrumb\",\"itemListElement\":[{\"@type\":\"ListItem\",\"position\":1,\"name\":\"Home\",\"item\":\"https:\\\/\\\/redfoxlotto.com\\\/ro\\\/\"},{\"@type\":\"ListItem\",\"position\":2,\"name\":\"Procesul de achizi\u021bionare pentru biletele online de loterie\",\"item\":\"https:\\\/\\\/redfoxlotto.com\\\/ro\\\/informatie\\\/\"},{\"@type\":\"ListItem\",\"position\":3,\"name\":\"Despre EuroMillions\"}]},{\"@type\":\"WebSite\",\"@id\":\"https:\\\/\\\/redfoxlotto.com\\\/ro\\\/#website\",\"url\":\"https:\\\/\\\/redfoxlotto.com\\\/ro\\\/\",\"name\":\"Get Tickets for the World\u2019s largest jackpots\",\"description\":\"Participate in worldwide lottery jackpots from any country\",\"publisher\":{\"@id\":\"https:\\\/\\\/redfoxlotto.com\\\/ro\\\/#organization\"},\"potentialAction\":[{\"@type\":\"SearchAction\",\"target\":{\"@type\":\"EntryPoint\",\"urlTemplate\":\"https:\\\/\\\/redfoxlotto.com\\\/ro\\\/?s={search_term_string}\"},\"query-input\":{\"@type\":\"PropertyValueSpecification\",\"valueRequired\":true,\"valueName\":\"search_term_string\"}}],\"inLanguage\":\"ro-RO\"},{\"@type\":\"Organization\",\"@id\":\"https:\\\/\\\/redfoxlotto.com\\\/ro\\\/#organization\",\"name\":\"Get Tickets for the World\u2019s largest jackpots\",\"url\":\"https:\\\/\\\/redfoxlotto.com\\\/ro\\\/\",\"logo\":{\"@type\":\"ImageObject\",\"inLanguage\":\"ro-RO\",\"@id\":\"https:\\\/\\\/redfoxlotto.com\\\/ro\\\/#\\\/schema\\\/logo\\\/image\\\/\",\"url\":\"https:\\\/\\\/redfoxlotto.com\\\/wp-content\\\/uploads\\\/2023\\\/04\\\/logo.png\",\"contentUrl\":\"https:\\\/\\\/redfoxlotto.com\\\/wp-content\\\/uploads\\\/2023\\\/04\\\/logo.png\",\"width\":269,\"height\":53,\"caption\":\"Get Tickets for the World\u2019s largest jackpots\"},\"image\":{\"@id\":\"https:\\\/\\\/redfoxlotto.com\\\/ro\\\/#\\\/schema\\\/logo\\\/image\\\/\"}}]}<\/script>\n<!-- \/ Yoast SEO plugin. -->","yoast_head_json":{"title":"Cump\u0103ra\u021bi bilete EuroMillions online din Rom\u00e2nia","description":"Informa\u021bii despre modul \u00een care reziden\u021bii din Rom\u00e2nia pot cump\u0103ra bilete Euromillions online. Loteria Euromillions are cel mai mare jackpot din Europa","robots":{"index":"index","follow":"follow","max-snippet":"max-snippet:-1","max-image-preview":"max-image-preview:large","max-video-preview":"max-video-preview:-1"},"canonical":"https:\/\/redfoxlotto.com\/ro\/informatie\/euromillions\/","og_locale":"ro_RO","og_type":"article","og_title":"Cump\u0103ra\u021bi bilete EuroMillions online din Rom\u00e2nia","og_description":"Informa\u021bii despre modul \u00een care reziden\u021bii din Rom\u00e2nia pot cump\u0103ra bilete Euromillions online. Loteria Euromillions are cel mai mare jackpot din Europa","og_url":"https:\/\/redfoxlotto.com\/ro\/informatie\/euromillions\/","og_site_name":"Get Tickets for the World\u2019s largest jackpots","article_modified_time":"2025-12-18T14:50:59+00:00","og_image":[{"url":"https:\/\/content.redfoxlotto.com\/uploads\/sites\/9\/1_buy_euromillions_online.jpg","type":"","width":"","height":""}],"twitter_card":"summary_large_image","twitter_misc":{"Timp estimat pentru citire":"6 minute"},"schema":{"@context":"https:\/\/schema.org","@graph":[{"@type":"WebPage","@id":"https:\/\/redfoxlotto.com\/ro\/informatie\/euromillions\/","url":"https:\/\/redfoxlotto.com\/ro\/informatie\/euromillions\/","name":"Cump\u0103ra\u021bi bilete EuroMillions online din Rom\u00e2nia","isPartOf":{"@id":"https:\/\/redfoxlotto.com\/ro\/#website"},"primaryImageOfPage":{"@id":"https:\/\/redfoxlotto.com\/ro\/informatie\/euromillions\/#primaryimage"},"image":{"@id":"https:\/\/redfoxlotto.com\/ro\/informatie\/euromillions\/#primaryimage"},"thumbnailUrl":"https:\/\/content.redfoxlotto.com\/uploads\/sites\/9\/1_buy_euromillions_online.jpg","datePublished":"2018-11-18T08:54:25+00:00","dateModified":"2025-12-18T14:50:59+00:00","description":"Informa\u021bii despre modul \u00een care reziden\u021bii din Rom\u00e2nia pot cump\u0103ra bilete Euromillions online. Loteria Euromillions are cel mai mare jackpot din Europa","breadcrumb":{"@id":"https:\/\/redfoxlotto.com\/ro\/informatie\/euromillions\/#breadcrumb"},"inLanguage":"ro-RO","potentialAction":[{"@type":"ReadAction","target":["https:\/\/redfoxlotto.com\/ro\/informatie\/euromillions\/"]}]},{"@type":"ImageObject","inLanguage":"ro-RO","@id":"https:\/\/redfoxlotto.com\/ro\/informatie\/euromillions\/#primaryimage","url":"https:\/\/content.redfoxlotto.com\/uploads\/sites\/9\/1_buy_euromillions_online.jpg","contentUrl":"https:\/\/content.redfoxlotto.com\/uploads\/sites\/9\/1_buy_euromillions_online.jpg"},{"@type":"BreadcrumbList","@id":"https:\/\/redfoxlotto.com\/ro\/informatie\/euromillions\/#breadcrumb","itemListElement":[{"@type":"ListItem","position":1,"name":"Home","item":"https:\/\/redfoxlotto.com\/ro\/"},{"@type":"ListItem","position":2,"name":"Procesul de achizi\u021bionare pentru biletele online de loterie","item":"https:\/\/redfoxlotto.com\/ro\/informatie\/"},{"@type":"ListItem","position":3,"name":"Despre EuroMillions"}]},{"@type":"WebSite","@id":"https:\/\/redfoxlotto.com\/ro\/#website","url":"https:\/\/redfoxlotto.com\/ro\/","name":"Get Tickets for the World\u2019s largest jackpots","description":"Participate in worldwide lottery jackpots from any country","publisher":{"@id":"https:\/\/redfoxlotto.com\/ro\/#organization"},"potentialAction":[{"@type":"SearchAction","target":{"@type":"EntryPoint","urlTemplate":"https:\/\/redfoxlotto.com\/ro\/?s={search_term_string}"},"query-input":{"@type":"PropertyValueSpecification","valueRequired":true,"valueName":"search_term_string"}}],"inLanguage":"ro-RO"},{"@type":"Organization","@id":"https:\/\/redfoxlotto.com\/ro\/#organization","name":"Get Tickets for the World\u2019s largest jackpots","url":"https:\/\/redfoxlotto.com\/ro\/","logo":{"@type":"ImageObject","inLanguage":"ro-RO","@id":"https:\/\/redfoxlotto.com\/ro\/#\/schema\/logo\/image\/","url":"https:\/\/redfoxlotto.com\/wp-content\/uploads\/2023\/04\/logo.png","contentUrl":"https:\/\/redfoxlotto.com\/wp-content\/uploads\/2023\/04\/logo.png","width":269,"height":53,"caption":"Get Tickets for the World\u2019s largest jackpots"},"image":{"@id":"https:\/\/redfoxlotto.com\/ro\/#\/schema\/logo\/image\/"}}]}},"_links":{"self":[{"href":"https:\/\/redfoxlotto.com\/ro\/wp-json\/wp\/v2\/pages\/2836","targetHints":{"allow":["GET"]}}],"collection":[{"href":"https:\/\/redfoxlotto.com\/ro\/wp-json\/wp\/v2\/pages"}],"about":[{"href":"https:\/\/redfoxlotto.com\/ro\/wp-json\/wp\/v2\/types\/page"}],"author":[{"embeddable":true,"href":"https:\/\/redfoxlotto.com\/ro\/wp-json\/wp\/v2\/users\/1"}],"replies":[{"embeddable":true,"href":"https:\/\/redfoxlotto.com\/ro\/wp-json\/wp\/v2\/comments?post=2836"}],"version-history":[{"count":0,"href":"https:\/\/redfoxlotto.com\/ro\/wp-json\/wp\/v2\/pages\/2836\/revisions"}],"up":[{"embeddable":true,"href":"https:\/\/redfoxlotto.com\/ro\/wp-json\/wp\/v2\/pages\/2834"}],"wp:attachment":[{"href":"https:\/\/redfoxlotto.com\/ro\/wp-json\/wp\/v2\/media?parent=2836"}],"curies":[{"name":"wp","href":"https:\/\/api.w.org\/{rel}","templated":true}]}}