{"id":2835,"date":"2018-11-18T08:54:25","date_gmt":"2018-11-18T08:54:25","guid":{"rendered":"https:\/\/redfoxlotto.com\/?page_id=1265"},"modified":"2025-12-18T14:04:59","modified_gmt":"2025-12-18T14:04:59","slug":"eurojackpot","status":"publish","type":"page","link":"https:\/\/redfoxlotto.com\/ro\/informatie\/eurojackpot\/","title":{"rendered":"Despre Eurojackpot"},"content":{"rendered":"<script type=\"application\/ld+json\">\r\n{\r\n  \"@context\": \"https:\/\/schema.org\",\r\n  \"@type\": \"Service\",\r\n  \"name\": \"Joac\u0103 Eurojackpot online\",\r\n  \"url\": \"https:\/\/redfoxlotto.com\/ro\/lotteries\/eurojackpot\/\",\r\n  \"description\": \"Cump\u0103r\u0103 bilete oficiale Eurojackpot online din orice \u021bar\u0103. Viziteaz\u0103 RedFoxLotto, alege-\u021bi numerele \u0219i particip\u0103 la urm\u0103toarea extragere.\",\r\n  \"serviceType\": \"Serviciu de intermediere bilete de loterie online\",\r\n\r\n  \"provider\": {\r\n    \"@type\": \"Organization\",\r\n    \"name\": \"RedFoxLotto\",\r\n    \"url\": \"https:\/\/redfoxlotto.com\/ro\",\r\n    \"image\": \"https:\/\/redfoxlotto.com\/ro\/wp-content\/uploads\/2025\/12\/ticket_scans.jpg\",\r\n    \"sameAs\": []\r\n  },\r\n\r\n  \"areaServed\": \"Worldwide\",\r\n  \"termsOfService\": \"https:\/\/redfoxlotto.com\/terms-and-conditions\",\r\n\r\n  \"additionalProperty\": {\r\n    \"@type\": \"PropertyValue\",\r\n    \"name\": \"FAQ\",\r\n    \"value\": \"https:\/\/redfoxlotto.com\/ro\/faq\/\"\r\n  },\r\n\r\n  \"hasOfferCatalog\": {\r\n    \"@type\": \"OfferCatalog\",\r\n    \"name\": \"Bilete Eurojackpot\",\r\n    \"itemListElement\": [\r\n      {\r\n        \"@type\": \"Offer\",\r\n        \"name\": \"Bilete Eurojackpot\",\r\n        \"url\": \"https:\/\/redfoxlotto.com\/ro\/lotteries\/eurojackpot\",\r\n        \"description\": \"Cump\u0103r\u0103 bilete reale online pentru urm\u0103toarea extragere Eurojackpot prin RedFoxLotto.\",\r\n        \"price\": \"6.00\",\r\n        \"priceCurrency\": \"\u20ac\",\r\n        \"availability\": \"https:\/\/schema.org\/InStock\",\r\n\r\n        \"itemOffered\": {\r\n          \"@type\": \"Service\",\r\n          \"name\": \"Bilete loterie Eurojackpot\",\r\n          \"description\": \"Particip\u0103 la urm\u0103toarea extragere Eurojackpot \u2013 cump\u0103r\u0103 bilete online prin RedFoxLotto.\"\r\n        }\r\n      }\r\n    ]\r\n  },\r\n\r\n  \"mainEntityOfPage\": {\r\n    \"@type\": \"WebPage\",\r\n    \"@id\": \"https:\/\/redfoxlotto.com\/ro\/lotteries\/eurojackpot\/\"\r\n  }\r\n}\r\n<\/script><div class=\"wp-block-image\">\r\n<p>Eurojackpot exist\u0103 din 2012 \u0219i de atunci a continuat s\u0103 c\u00e2\u0219tige \u00een popularitate. Unul dintre motive este faptul c\u0103 a \u00eenceput cu siguran\u021b\u0103 s\u0103 c\u00e2\u0219tige ceva atunci c\u00e2nd vine vorba de jackpoturi \u0219i chiar po\u021bi c\u00e2\u0219tiga o sum\u0103 decent\u0103 de bani (vom vorbi mai multe despre asta mai t\u00e2rziu, totu\u0219i).<\/p>\r\n<p>Biletele pot fi cump\u0103rate \u00een 17 \u021b\u0103ri europene participante, ceea ce \u00eel face cu adev\u0103rat grozav pentru acele \u021b\u0103ri care se afl\u0103 deja \u00een aceast\u0103 regiune.<\/p>\r\n<p>Dar cum r\u0103m\u00e2ne cu cei care locuiesc \u00een Rom\u00e2nia &#8211; nu pot merge pur \u0219i simplu la un magazin pentru a cump\u0103ra bilete Eurojackpot? Dac\u0103 locui\u021bi \u00een Rom\u00e2nia, cump\u0103rarea online este calea de urmat. De asemenea, pute\u021bi cump\u0103ra biletele online de la noi dac\u0103 nu locui\u021bi \u00eentr-una din aceste \u021b\u0103ri europene.<\/p>\r\n<img decoding=\"async\" class=\" wp-image alignright\" src=\"https:\/\/content.redfoxlotto.com\/uploads\/sites\/9\/1_ticket_eurojackpot2.jpg\" alt=\"eurojackpot\" \/>\r\n<h2>Premiul cel mare<\/h2>\r\n<p>Loteria Eurojackpot are un jackpot minim de 10.000.000 de euro. Asta va fi cu siguran\u021b\u0103 un beneficiu uria\u0219 pentru tine \u0219i o mare diferen\u021b\u0103 \u00een via\u021ba ta, nu-i a\u0219a? Ei bine, cu siguran\u021b\u0103 nu vei avea nicio problem\u0103 \u00een a ob\u021bine lucruri foarte interesante cu ace\u0219ti bani sau \u00een a pl\u0103ti datoriile sau orice altceva. Dar asta este doar minimul. Suma poate deveni mult mai mare. De fapt, plata maxim\u0103 poate ajunge la 120.000.000 de euro. Asta chiar va fi o sum\u0103 uria\u0219\u0103 \u0219i o mare diferen\u021b\u0103 \u00een via\u021ba ta, dar ce se \u00eent\u00e2mpl\u0103 dac\u0103 nimeni nu c\u00e2\u0219tig\u0103? Toate sumele care dep\u0103\u0219esc aceast\u0103 sum\u0103 vor fi transferate la clasa a doua de premii.<\/p>\r\n<p>Ceea ce \u00eenseamn\u0103 c\u0103 vei avea posibilitatea de a c\u00e2\u0219tiga acel jackpot uria\u0219 p\u00e2n\u0103 c\u00e2nd va atinge acea limit\u0103. De acolo, vei vedea c\u0103 a doua cea mai mare sum\u0103 va \u00eencepe s\u0103 creasc\u0103 din ce \u00een ce mai mult. Asta \u00eenseamn\u0103 c\u0103 ai putea ajunge s\u0103 c\u00e2\u0219tigi un jackpot uria\u0219 dac\u0103 potrive\u0219ti mai pu\u021bine numere, pentru c\u0103 premiul de rangul doi va deveni un bonus foarte bun \u0219i o a doua \u0219ans\u0103 de a c\u00e2\u0219tiga mult.<\/p>\r\n<h2>Regulile Eurojackpot<\/h2>\r\n<p>Dac\u0103 vrei s\u0103 joci la Eurojackpot din Rom\u00e2nia, trebuie s\u0103 te asiguri c\u0103 ai procesul corect pentru a o face. Vrei s\u0103 te asiguri c\u0103 joci corect jocul \u0219i c\u0103 biletul t\u0103u este ales \u00een modul corect. Ei bine, ai noroc pentru c\u0103 aceste bilete sunt super simplu de ales \u0219i nu vei avea nicio problem\u0103 \u00een a alege exact ceea ce \u00ee\u021bi dore\u0219ti.<\/p>\r\n<p>Alegi 5 numere principale \u00eentre 1 \u0219i 50 \u0219i apoi dou\u0103 numere suplimentare \u00eentre 1 \u0219i 12. A\u0219adar, cele 5 numere principale tot \u00ee\u021bi vor aduce un premiu chiar dac\u0103 nu potrive\u0219ti numerele suplimentare sau numerele vedet\u0103. Exist\u0103 12 niveluri de premii.<\/p>\r\n<p>Acest lucru \u00eenseamn\u0103 c\u0103 exist\u0103 un num\u0103r de combina\u021bii diferite de numere potrivite pe care le pute\u021bi avea \u0219i care v\u0103 vor aduce un anumit tip de premiu. S-ar putea s\u0103 c\u00e2\u0219tiga\u021bi doar at\u00e2t c\u00e2t s\u0103 acoperi\u021bi costul biletului sau a\u021bi putea c\u00e2\u0219tiga milioane f\u0103r\u0103 a fi nevoie s\u0103 potrivi\u021bi toate numerele.<\/p>\r\n<p>Desigur, pentru a c\u00e2\u0219tiga premiul principal, trebuie s\u0103 ave\u021bi toate cele 5 numere principale \u0219i cele 2 numere suplimentare corecte. Acest lucru va fi complicat \u0219i va fi un lucru foarte rar, dar este cu siguran\u021b\u0103 posibil. La urma urmei, cineva \u00eel va c\u00e2\u0219tiga, nu-i a\u0219a? De ce<\/p>\r\n<p>nu po\u021bi fi tu acel cineva? Noi credem c\u0103 ar putea fi \u0219i tot ce trebuie s\u0103 faci este s\u0103 arunci o privire asupra procesului de alegere a biletului \u0219i apoi s\u0103 te preg\u0103te\u0219ti s\u0103 cumperi.<\/p>\r\n<h2>Cump\u0103rarea biletului Eurojackpot<\/h2>\r\n<p>Dac\u0103 sunte\u021bi gata s\u0103 juca\u021bi Eurojackpot online, sunte\u021bi gata s\u0103 arunca\u021bi o privire la sistemul nostru \u0219i la site-ul nostru. Tot ce trebuie s\u0103 faci este s\u0103 te conectezi online \u0219i s\u0103 arunci o privire, dar e\u0219ti deja acolo. A\u0219adar, ce ai de g\u00e2nd s\u0103 faci \u00een continuare? Vrei s\u0103 te ui\u021bi la diferitele bilete pe care le avem disponibile.<\/p>\r\n<p>Oferim cele mai bune bilete \u0219i jocurile care sunt cele mai populare, oferindu-v\u0103 cele mai mari jackpoturi. Dup\u0103 ce arunca\u021bi o privire, pute\u021bi decide c\u0103 dori\u021bi s\u0103 cump\u0103ra\u021bi bilete Eurojackpot \u0219i ve\u021bi fi direc\u021bionat c\u0103tre o pagin\u0103 separat\u0103.<\/p>\r\n<p>Pe aceast\u0103 pagin\u0103, vei primi mai multe informa\u021bii despre Eurojackpot \u0219i vei putea alege biletele pe care le dore\u0219ti. Pute\u021bi alege din orice num\u0103r de bilete dori\u021bi \u0219i pute\u021bi alege numerele pe care le dori\u021bi pe bilet. At\u00e2ta timp c\u00e2t numerele dvs. se potrivesc cu regulile despre care am vorbit mai sus, pute\u021bi alege orice combina\u021bie de numere pe fiecare bilet.<\/p>\r\n<p>Bine\u00een\u021beles, dac\u0103 nu \u0219ti\u021bi ce numere dori\u021bi s\u0103 alege\u021bi, pute\u021bi alege un bilet cu alegere rapid\u0103.<\/p>\r\n<p>Cu un quick pick, vei primi o alocare aleatorie de numere care se vor potrivi cerin\u021belor. Acest lucru v\u0103 permite s\u0103 ob\u021bine\u021bi un bilet, dar nu trebuie s\u0103 v\u0103 face\u021bi griji pentru nimic altceva. Dac\u0103 dori\u021bi s\u0103 alege\u021bi c\u00e2teva op\u021biuni, dar nu dori\u021bi s\u0103 alege\u021bi toate numerele, pute\u021bi de fapt s\u0103 face\u021bi o combina\u021bie \u00eentre cele dou\u0103, ceea ce v\u0103 va u\u0219ura cu siguran\u021b\u0103 accesul la achizi\u021bionarea acelui bilet.<\/p>\r\n<h2>Crea\u021bi-v\u0103 un cont<\/h2>\r\n<p>Dup\u0103 ce ai ales toate numerele, trebuie doar s\u0103 treci prin procesul de creare a unui cont. C\u00e2nd \u00eencepi s\u0103 \u00ee\u021bi creezi contul, este de fapt foarte simplu \u0219i tot ce trebuie s\u0103 faci este s\u0103 completezi c\u00e2teva informa\u021bii personale. Aceste informa\u021bii \u00ee\u021bi vor permite s\u0103 pui foarte u\u0219or bani \u00een contul t\u0103u, pe care \u00eei po\u021bi folosi pentru a pl\u0103ti biletele \u0219i \u00ee\u021bi vor permite s\u0103 sco\u021bi foarte u\u0219or bani din cont atunci c\u00e2nd c\u00e2\u0219tigi. Este foarte simplu \u0219i u\u0219or de asemenea.<\/p>\r\n<img loading=\"lazy\" decoding=\"async\" class=\" wp-image alignright\" src=\"https:\/\/content.redfoxlotto.com\/uploads\/sites\/9\/1_eurojackpot_buy_ticket.jpg\" alt=\"cump\u0103r\u0103 bilet eurojackpot\" width=\"229\" height=\"152\" \/>\r\n<p>C\u00e2nd sunte\u021bi gata s\u0103 v\u0103 alege\u021bi biletele, trebuie doar s\u0103 v\u0103 autentifica\u021bi din nou \u00een contul dvs. \u0219i ve\u021bi putea alege oricare dintre biletele pe care le dori\u021bi. Dac\u0103 dori\u021bi s\u0103 alege\u021bi rapid, este \u0219i mai u\u0219or, \u0219i pute\u021bi chiar s\u0103 v\u0103 preg\u0103ti\u021bi biletele pentru mai multe extrageri. Asta \u00eenseamn\u0103 c\u0103 nu va trebui s\u0103 v\u0103 face\u021bi griji c\u0103 trebuie s\u0103 cump\u0103ra\u021bi bilete suplimentare pentru urm\u0103toarea extragere. Pur \u0219i simplu p\u0103stra\u021bi acela\u0219i bilet \u0219i sunte\u021bi gata de plecare.<\/p>\r\n<\/div>","protected":false},"excerpt":{"rendered":"","protected":false},"author":1,"featured_media":0,"parent":2834,"menu_order":4,"comment_status":"closed","ping_status":"closed","template":"eurojackpot-info.php","meta":{"_et_pb_use_builder":"","_et_pb_old_content":"","_et_gb_content_width":"","exclude_from_search":false,"footnotes":""},"class_list":["post-2835","page","type-page","status-publish","hentry"],"yoast_head":"<!-- This site is optimized with the Yoast SEO plugin v27.3 - https:\/\/yoast.com\/product\/yoast-seo-wordpress\/ -->\n<title>Locuitorii din Rom\u00e2nia pot cump\u0103ra acum online bilete pentru Eurojackpot<\/title>\n<meta name=\"description\" content=\"Cump\u0103ra\u021bi online biletele pentru Eurojackpot, dac\u0103 locui\u021bi \u00een Rom\u00e2nia. Folosi\u021bi serviciul nostru pentru a avea \u0219ansa de a c\u00e2\u0219tiga, cu un bilet oficial Eurojackpot\" \/>\n<meta name=\"robots\" content=\"index, follow, max-snippet:-1, max-image-preview:large, max-video-preview:-1\" \/>\n<link rel=\"canonical\" href=\"https:\/\/redfoxlotto.com\/ro\/informatie\/eurojackpot\/\" \/>\n<meta property=\"og:locale\" content=\"ro_RO\" \/>\n<meta property=\"og:type\" content=\"article\" \/>\n<meta property=\"og:title\" content=\"Locuitorii din Rom\u00e2nia pot cump\u0103ra acum online bilete pentru Eurojackpot\" \/>\n<meta property=\"og:description\" content=\"Cump\u0103ra\u021bi online biletele pentru Eurojackpot, dac\u0103 locui\u021bi \u00een Rom\u00e2nia. Folosi\u021bi serviciul nostru pentru a avea \u0219ansa de a c\u00e2\u0219tiga, cu un bilet oficial Eurojackpot\" \/>\n<meta property=\"og:url\" content=\"https:\/\/redfoxlotto.com\/ro\/informatie\/eurojackpot\/\" \/>\n<meta property=\"og:site_name\" content=\"Get Tickets for the World\u2019s largest jackpots\" \/>\n<meta property=\"article:modified_time\" content=\"2025-12-18T14:04:59+00:00\" \/>\n<meta property=\"og:image\" content=\"https:\/\/content.redfoxlotto.com\/uploads\/sites\/9\/1_ticket_eurojackpot2.jpg\" \/>\n<meta name=\"twitter:card\" content=\"summary_large_image\" \/>\n<meta name=\"twitter:label1\" content=\"Timp estimat pentru citire\" \/>\n\t<meta name=\"twitter:data1\" content=\"5 minute\" \/>\n<script type=\"application\/ld+json\" class=\"yoast-schema-graph\">{\"@context\":\"https:\\\/\\\/schema.org\",\"@graph\":[{\"@type\":\"WebPage\",\"@id\":\"https:\\\/\\\/redfoxlotto.com\\\/ro\\\/informatie\\\/eurojackpot\\\/\",\"url\":\"https:\\\/\\\/redfoxlotto.com\\\/ro\\\/informatie\\\/eurojackpot\\\/\",\"name\":\"Locuitorii din Rom\u00e2nia pot cump\u0103ra acum online bilete pentru Eurojackpot\",\"isPartOf\":{\"@id\":\"https:\\\/\\\/redfoxlotto.com\\\/ro\\\/#website\"},\"primaryImageOfPage\":{\"@id\":\"https:\\\/\\\/redfoxlotto.com\\\/ro\\\/informatie\\\/eurojackpot\\\/#primaryimage\"},\"image\":{\"@id\":\"https:\\\/\\\/redfoxlotto.com\\\/ro\\\/informatie\\\/eurojackpot\\\/#primaryimage\"},\"thumbnailUrl\":\"https:\\\/\\\/content.redfoxlotto.com\\\/uploads\\\/sites\\\/9\\\/1_ticket_eurojackpot2.jpg\",\"datePublished\":\"2018-11-18T08:54:25+00:00\",\"dateModified\":\"2025-12-18T14:04:59+00:00\",\"description\":\"Cump\u0103ra\u021bi online biletele pentru Eurojackpot, dac\u0103 locui\u021bi \u00een Rom\u00e2nia. Folosi\u021bi serviciul nostru pentru a avea \u0219ansa de a c\u00e2\u0219tiga, cu un bilet oficial Eurojackpot\",\"breadcrumb\":{\"@id\":\"https:\\\/\\\/redfoxlotto.com\\\/ro\\\/informatie\\\/eurojackpot\\\/#breadcrumb\"},\"inLanguage\":\"ro-RO\",\"potentialAction\":[{\"@type\":\"ReadAction\",\"target\":[\"https:\\\/\\\/redfoxlotto.com\\\/ro\\\/informatie\\\/eurojackpot\\\/\"]}]},{\"@type\":\"ImageObject\",\"inLanguage\":\"ro-RO\",\"@id\":\"https:\\\/\\\/redfoxlotto.com\\\/ro\\\/informatie\\\/eurojackpot\\\/#primaryimage\",\"url\":\"https:\\\/\\\/content.redfoxlotto.com\\\/uploads\\\/sites\\\/9\\\/1_ticket_eurojackpot2.jpg\",\"contentUrl\":\"https:\\\/\\\/content.redfoxlotto.com\\\/uploads\\\/sites\\\/9\\\/1_ticket_eurojackpot2.jpg\"},{\"@type\":\"BreadcrumbList\",\"@id\":\"https:\\\/\\\/redfoxlotto.com\\\/ro\\\/informatie\\\/eurojackpot\\\/#breadcrumb\",\"itemListElement\":[{\"@type\":\"ListItem\",\"position\":1,\"name\":\"Home\",\"item\":\"https:\\\/\\\/redfoxlotto.com\\\/ro\\\/\"},{\"@type\":\"ListItem\",\"position\":2,\"name\":\"Procesul de achizi\u021bionare pentru biletele online de loterie\",\"item\":\"https:\\\/\\\/redfoxlotto.com\\\/ro\\\/informatie\\\/\"},{\"@type\":\"ListItem\",\"position\":3,\"name\":\"Despre Eurojackpot\"}]},{\"@type\":\"WebSite\",\"@id\":\"https:\\\/\\\/redfoxlotto.com\\\/ro\\\/#website\",\"url\":\"https:\\\/\\\/redfoxlotto.com\\\/ro\\\/\",\"name\":\"Get Tickets for the World\u2019s largest jackpots\",\"description\":\"Participate in worldwide lottery jackpots from any country\",\"publisher\":{\"@id\":\"https:\\\/\\\/redfoxlotto.com\\\/ro\\\/#organization\"},\"potentialAction\":[{\"@type\":\"SearchAction\",\"target\":{\"@type\":\"EntryPoint\",\"urlTemplate\":\"https:\\\/\\\/redfoxlotto.com\\\/ro\\\/?s={search_term_string}\"},\"query-input\":{\"@type\":\"PropertyValueSpecification\",\"valueRequired\":true,\"valueName\":\"search_term_string\"}}],\"inLanguage\":\"ro-RO\"},{\"@type\":\"Organization\",\"@id\":\"https:\\\/\\\/redfoxlotto.com\\\/ro\\\/#organization\",\"name\":\"Get Tickets for the World\u2019s largest jackpots\",\"url\":\"https:\\\/\\\/redfoxlotto.com\\\/ro\\\/\",\"logo\":{\"@type\":\"ImageObject\",\"inLanguage\":\"ro-RO\",\"@id\":\"https:\\\/\\\/redfoxlotto.com\\\/ro\\\/#\\\/schema\\\/logo\\\/image\\\/\",\"url\":\"https:\\\/\\\/redfoxlotto.com\\\/wp-content\\\/uploads\\\/2023\\\/04\\\/logo.png\",\"contentUrl\":\"https:\\\/\\\/redfoxlotto.com\\\/wp-content\\\/uploads\\\/2023\\\/04\\\/logo.png\",\"width\":269,\"height\":53,\"caption\":\"Get Tickets for the World\u2019s largest jackpots\"},\"image\":{\"@id\":\"https:\\\/\\\/redfoxlotto.com\\\/ro\\\/#\\\/schema\\\/logo\\\/image\\\/\"}}]}<\/script>\n<!-- \/ Yoast SEO plugin. -->","yoast_head_json":{"title":"Locuitorii din Rom\u00e2nia pot cump\u0103ra acum online bilete pentru Eurojackpot","description":"Cump\u0103ra\u021bi online biletele pentru Eurojackpot, dac\u0103 locui\u021bi \u00een Rom\u00e2nia. Folosi\u021bi serviciul nostru pentru a avea \u0219ansa de a c\u00e2\u0219tiga, cu un bilet oficial Eurojackpot","robots":{"index":"index","follow":"follow","max-snippet":"max-snippet:-1","max-image-preview":"max-image-preview:large","max-video-preview":"max-video-preview:-1"},"canonical":"https:\/\/redfoxlotto.com\/ro\/informatie\/eurojackpot\/","og_locale":"ro_RO","og_type":"article","og_title":"Locuitorii din Rom\u00e2nia pot cump\u0103ra acum online bilete pentru Eurojackpot","og_description":"Cump\u0103ra\u021bi online biletele pentru Eurojackpot, dac\u0103 locui\u021bi \u00een Rom\u00e2nia. Folosi\u021bi serviciul nostru pentru a avea \u0219ansa de a c\u00e2\u0219tiga, cu un bilet oficial Eurojackpot","og_url":"https:\/\/redfoxlotto.com\/ro\/informatie\/eurojackpot\/","og_site_name":"Get Tickets for the World\u2019s largest jackpots","article_modified_time":"2025-12-18T14:04:59+00:00","og_image":[{"url":"https:\/\/content.redfoxlotto.com\/uploads\/sites\/9\/1_ticket_eurojackpot2.jpg","type":"","width":"","height":""}],"twitter_card":"summary_large_image","twitter_misc":{"Timp estimat pentru citire":"5 minute"},"schema":{"@context":"https:\/\/schema.org","@graph":[{"@type":"WebPage","@id":"https:\/\/redfoxlotto.com\/ro\/informatie\/eurojackpot\/","url":"https:\/\/redfoxlotto.com\/ro\/informatie\/eurojackpot\/","name":"Locuitorii din Rom\u00e2nia pot cump\u0103ra acum online bilete pentru Eurojackpot","isPartOf":{"@id":"https:\/\/redfoxlotto.com\/ro\/#website"},"primaryImageOfPage":{"@id":"https:\/\/redfoxlotto.com\/ro\/informatie\/eurojackpot\/#primaryimage"},"image":{"@id":"https:\/\/redfoxlotto.com\/ro\/informatie\/eurojackpot\/#primaryimage"},"thumbnailUrl":"https:\/\/content.redfoxlotto.com\/uploads\/sites\/9\/1_ticket_eurojackpot2.jpg","datePublished":"2018-11-18T08:54:25+00:00","dateModified":"2025-12-18T14:04:59+00:00","description":"Cump\u0103ra\u021bi online biletele pentru Eurojackpot, dac\u0103 locui\u021bi \u00een Rom\u00e2nia. Folosi\u021bi serviciul nostru pentru a avea \u0219ansa de a c\u00e2\u0219tiga, cu un bilet oficial Eurojackpot","breadcrumb":{"@id":"https:\/\/redfoxlotto.com\/ro\/informatie\/eurojackpot\/#breadcrumb"},"inLanguage":"ro-RO","potentialAction":[{"@type":"ReadAction","target":["https:\/\/redfoxlotto.com\/ro\/informatie\/eurojackpot\/"]}]},{"@type":"ImageObject","inLanguage":"ro-RO","@id":"https:\/\/redfoxlotto.com\/ro\/informatie\/eurojackpot\/#primaryimage","url":"https:\/\/content.redfoxlotto.com\/uploads\/sites\/9\/1_ticket_eurojackpot2.jpg","contentUrl":"https:\/\/content.redfoxlotto.com\/uploads\/sites\/9\/1_ticket_eurojackpot2.jpg"},{"@type":"BreadcrumbList","@id":"https:\/\/redfoxlotto.com\/ro\/informatie\/eurojackpot\/#breadcrumb","itemListElement":[{"@type":"ListItem","position":1,"name":"Home","item":"https:\/\/redfoxlotto.com\/ro\/"},{"@type":"ListItem","position":2,"name":"Procesul de achizi\u021bionare pentru biletele online de loterie","item":"https:\/\/redfoxlotto.com\/ro\/informatie\/"},{"@type":"ListItem","position":3,"name":"Despre Eurojackpot"}]},{"@type":"WebSite","@id":"https:\/\/redfoxlotto.com\/ro\/#website","url":"https:\/\/redfoxlotto.com\/ro\/","name":"Get Tickets for the World\u2019s largest jackpots","description":"Participate in worldwide lottery jackpots from any country","publisher":{"@id":"https:\/\/redfoxlotto.com\/ro\/#organization"},"potentialAction":[{"@type":"SearchAction","target":{"@type":"EntryPoint","urlTemplate":"https:\/\/redfoxlotto.com\/ro\/?s={search_term_string}"},"query-input":{"@type":"PropertyValueSpecification","valueRequired":true,"valueName":"search_term_string"}}],"inLanguage":"ro-RO"},{"@type":"Organization","@id":"https:\/\/redfoxlotto.com\/ro\/#organization","name":"Get Tickets for the World\u2019s largest jackpots","url":"https:\/\/redfoxlotto.com\/ro\/","logo":{"@type":"ImageObject","inLanguage":"ro-RO","@id":"https:\/\/redfoxlotto.com\/ro\/#\/schema\/logo\/image\/","url":"https:\/\/redfoxlotto.com\/wp-content\/uploads\/2023\/04\/logo.png","contentUrl":"https:\/\/redfoxlotto.com\/wp-content\/uploads\/2023\/04\/logo.png","width":269,"height":53,"caption":"Get Tickets for the World\u2019s largest jackpots"},"image":{"@id":"https:\/\/redfoxlotto.com\/ro\/#\/schema\/logo\/image\/"}}]}},"_links":{"self":[{"href":"https:\/\/redfoxlotto.com\/ro\/wp-json\/wp\/v2\/pages\/2835","targetHints":{"allow":["GET"]}}],"collection":[{"href":"https:\/\/redfoxlotto.com\/ro\/wp-json\/wp\/v2\/pages"}],"about":[{"href":"https:\/\/redfoxlotto.com\/ro\/wp-json\/wp\/v2\/types\/page"}],"author":[{"embeddable":true,"href":"https:\/\/redfoxlotto.com\/ro\/wp-json\/wp\/v2\/users\/1"}],"replies":[{"embeddable":true,"href":"https:\/\/redfoxlotto.com\/ro\/wp-json\/wp\/v2\/comments?post=2835"}],"version-history":[{"count":0,"href":"https:\/\/redfoxlotto.com\/ro\/wp-json\/wp\/v2\/pages\/2835\/revisions"}],"up":[{"embeddable":true,"href":"https:\/\/redfoxlotto.com\/ro\/wp-json\/wp\/v2\/pages\/2834"}],"wp:attachment":[{"href":"https:\/\/redfoxlotto.com\/ro\/wp-json\/wp\/v2\/media?parent=2835"}],"curies":[{"name":"wp","href":"https:\/\/api.w.org\/{rel}","templated":true}]}}