{"id":2834,"date":"2023-04-24T14:12:24","date_gmt":"2023-04-24T14:12:24","guid":{"rendered":"https:\/\/redfoxlotto.com\/?page_id=1263"},"modified":"2025-12-18T10:01:08","modified_gmt":"2025-12-18T10:01:08","slug":"informatie","status":"publish","type":"page","link":"https:\/\/redfoxlotto.com\/ro\/informatie\/","title":{"rendered":"Procesul de achizi\u021bionare pentru biletele online de loterie"},"content":{"rendered":"<p><script type=\"application\/ld+json\">\n{\n  \"@context\": \"https:\/\/schema.org\",\n  \"@type\": \"Service\",\n  \"name\": \"Cump\u0103r\u0103 bilete de loterie online\",\n  \"url\": \"https:\/\/redfoxlotto.com\/ro\/lotteries\/\",\n  \"description\": \"Cump\u0103r\u0103 bilete de loterie online \u2013 cele mai bune loterii de pe planet\u0103 disponibile aici.\",\n  \"serviceType\": \"Serviciu online de livrare a biletelor de loterie\",<\/p>\n<p>  \"provider\": {\n    \"@type\": \"Organization\",\n    \"name\": \"RedFoxLotto\",\n    \"url\": \"https:\/\/redfoxlotto.com\/ro\/\",\n    \"image\": \"https:\/\/redfoxlotto.com\/wp-content\/uploads\/2025\/12\/ticket_scans.jpg\"\n  },<\/p>\n<p>  \"areaServed\": \"Worldwide\",\n  \"termsOfService\": \"https:\/\/redfoxlotto.com\/terms-and-conditions\",<\/p>\n<p>  \"additionalProperty\": {\n    \"@type\": \"PropertyValue\",\n    \"name\": \"FAQ\",\n    \"value\": \"https:\/\/redfoxlotto.com\/ro\/faq\/\"\n  },<\/p>\n<p>  \"hasOfferCatalog\": {\n    \"@type\": \"OfferCatalog\",\n    \"name\": \"Bilete de loterie din \u00eentreaga lume\",\n    \"itemListElement\": [\n      {\n        \"@type\": \"Offer\",\n        \"name\": \"Bilete de loterie\",\n        \"url\": \"https:\/\/redfoxlotto.com\/ro\/lotteries\/\",\n        \"description\": \"Cump\u0103rarea biletelor de loterie online este sigur\u0103 \u0219i u\u0219oar\u0103 \u2013 iat\u0103 cum func\u021bioneaz\u0103.\",\n        \"availability\": \"https:\/\/schema.org\/InStock\",<\/p>\n<p>        \"itemOffered\": {\n          \"@type\": \"Service\",\n          \"name\": \"Bilete de loterie online\",\n          \"description\": \"Particip\u0103 la cele mai mari jackpot-uri din lume \u2013 cump\u0103r\u0103-\u021bi biletele online prin RedFoxLotto.\"\n        }\n      }\n    ]\n  },<\/p>\n<p>  \"mainEntityOfPage\": {\n    \"@type\": \"WebPage\",\n    \"@id\": \"https:\/\/redfoxlotto.com\/ro\/lotteries\/\"\n  }\n}\n<\/script><\/p>\n<p>Pe site-ul nostru, ve\u021bi putea achizi\u021biona <a href=\"https:\/\/redfoxlotto.com\/ro\/\">bilete online<\/a> la cele mai mari loterii din \u00eentreaga lume. Printre acestea sunt incluse \u0219i Mega Millions \u0219i Powerball din SUA, Euromillions, Eurojackpot, El Gordo \u0219i La Primitiva din Spania, SuperEna din Italia \u0219i multe altele.<\/p>\n<p><strong>Ace\u0219tia sunt cei patru pa\u0219i pe care trebuie s\u0103 \u00eei urma\u021bi \u00een momentul achizi\u021bion\u0103rii biletelor online:<\/strong><\/p>\n<h2>Pasul 1 \u2013 Alege\u021bi o loterie<\/h2>\n<p><img decoding=\"async\" class=\"size-full wp-image alignright\" src=\"https:\/\/content.redfoxlotto.com\/uploads\/sites\/9\/1_lottery_ticket.jpg\" alt=\"cum s\u0103 cumperi bilete de loterie online\" \/><\/p>\n<p>La RedFoxLotto.com, ve\u021bi putea alege o <a href=\"https:\/\/redfoxlotto.com\/ro\/\">loterie<\/a> de la care ve\u021bi putea achizi\u021biona biletele online. Pe pagina noastr\u0103 de start, ve\u021bi putea vedea loteriile sortate \u00een func\u021bie de <a href=\"https:\/\/redfoxlotto.com\/ro\/suma-curenta-a-jackpotului-powerball-si-mega-millions\/\">suma jackpotului current.<\/a><\/p>\n<h2>Pasul 2 \u2013 Alege\u021bi-v\u0103 numerele<\/h2>\n<p>Utiliza\u021bi mouse-ul pentru a alege numerele pe care vi le dori\u021bi. De asemenea, ve\u021bi putea utiliza func\u021bia \u201eAlegere Rapid\u0103\u201d pentru selectarea unor numere aleatorii. Desigur, ve\u021bi putea elimina toate aceste numere alese aleatoriu sau doar pe unele dintre acestea. Sau, mai \u00eent\u00e2i, ve\u021bi putea introduce numerele dumneavoastr\u0103. Apoi, ve\u021bi putea alege c\u00e2teva numere \u00een mod aleatoriu. Nu trebuie s\u0103 v\u0103 \u00eengrijora\u021bi, pentru c\u0103 nu a\u021bi ales suficiente numere sau prea multe numere. \u00centr-o astfel de situa\u021bie, sistemul v\u0103 va alerta \u0219i v\u0103 va solicita s\u0103 ad\u0103uga\u021bi sau s\u0103 elimina\u021bi c\u00e2teva numere.<br \/>\nUlterior, ve\u021bi putea achizi\u021biona mai multe bilete la alte loterii, \u0219i s\u0103 le ad\u0103uga\u021bi la comanda dumneavoastr\u0103. Dup\u0103 ce a\u021bi finalizat toate biletele, ap\u0103sa\u021bi pe \u201ePl\u0103ti\u021bi Acum\u201d.<\/p>\n<h2>Pasul 3 \u2013 \u00cenregistra\u021bi-v\u0103 sau Conecta\u021bi-v\u0103<\/h2>\n<p>\u00cen acest moment, va trebui s\u0103 v\u0103 \u00eenregistra\u021bi printr-un cont client. Pentru acest lucru, avem nevoie de c\u00e2teva informa\u021bii din partea dumneavoastr\u0103. Acest demers este pentru siguran\u021ba dumneavoastr\u0103, pentru c\u0103 v\u0103 dori\u021bi s\u0103 fi\u021bi notifica\u021bi \u00een cazul \u00een care biletul va fi c\u00e2\u0219tig\u0103tor. Dac\u0103 sunte\u021bi deja \u00eenregistrat la noi, va trebui doar s\u0103 v\u0103 autentifica\u021bi cu datele de logare. \u00cen situa\u021bia \u00een care v-a\u021bi uitat parola, v\u0103 rug\u0103m, utiliza\u021bi func\u021bia \u201eParol\u0103 uitat\u0103\u201d.<\/p>\n<h2>Pasul 4 &#8211; Pl\u0103ti\u021bi<\/h2>\n<p><img decoding=\"async\" class=\"size-full wp-image alignright\" src=\"https:\/\/content.redfoxlotto.com\/uploads\/sites\/9\/1_buy_lottery_online.jpg\" alt=\"pl\u0103ti bilet online\" \/>\u00cen contul dumneavoastr\u0103 client, selecta\u021bi metoda de plat\u0103 pe care o prefera\u021bi. Op\u021biunile disponibile pot varia \u00een func\u021bie de \u021bara dumneavoastr\u0103 de re\u0219edin\u021b\u0103. Mastercard, Visa, <a href=\"https:\/\/redfoxlotto.com\/ro\/achizitionati-va-bilete-loterie-cu-bitcoin\/\">Bitcoin<\/a>, Neteller, Skrill \u0219i Paysafecard sunt doar c\u00e2teva dintre op\u021biunile de plat\u0103.<\/p>\n<p>Dup\u0103 finalizarea pl\u0103\u021bii, ve\u021bi primi un e-mail, care va confirma achizi\u021bia dumneavoastr\u0103 pe adresa dumneavoastr\u0103 de e-mail.<\/p>\n<h2>Dup\u0103 ce v\u0103 cump\u0103ra\u021bi biletele online<\/h2>\n<p>Patru pa\u0219i \u0219i doar c\u00e2teva minute \u0219i vei fi gata \u0219i vei a\u0219tepta tragerea la sor\u021bi. \u0218i nici nu trebuie s\u0103-\u021bi faci griji c\u0103 vei pierde ceva, pentru c\u0103 te vom anun\u021ba imediat dac\u0103 vei c\u00e2\u0219tiga ceva la extragere.<\/p>\n<p>Bine\u00een\u021beles, dac\u0103 vrei s\u0103 verifici tu \u00eensu\u021bi, po\u021bi oric\u00e2nd s\u0103 intri \u00een contul t\u0103u \u0219i vei putea vedea biletele pe care le-ai cump\u0103rat \u0219i pentru ce jocuri.<\/p>\n<p>Dac\u0103 ai c\u00e2\u0219tigat ceva sau ai nimerit vreun num\u0103r dup\u0103 o extragere, \u00ee\u021bi vom ar\u0103ta numerele potrivite \u0219i te vom anun\u021ba chiar pe pagina contului t\u0103u dac\u0103 ai c\u00e2\u0219tigat. De asemenea, v\u0103 vom anun\u021ba ce trebuie s\u0103 face\u021bi pentru a v\u0103 revendica c\u00e2\u0219tigurile, astfel \u00eenc\u00e2t s\u0103 nu v\u0103 face\u021bi griji c\u0103 pierde\u021bi ceva.<\/p>\n<p>S\u0103 joci la loto cu noi este at\u00e2t de simplu \u0219i va fi mult mai distractiv dec\u00e2t orice ai jucat p\u00e2n\u0103 acum, pentru c\u0103 vei avea mult mai multe op\u021biuni. Asta cu siguran\u021b\u0103 v\u0103 va face s\u0103 v\u0103 bucura\u021bi de oportunitatea de a cump\u0103ra bilete loto online.<\/p>\n","protected":false},"excerpt":{"rendered":"<p>Pe site-ul nostru, ve\u021bi putea achizi\u021biona bilete online la cele mai mari loterii din \u00eentreaga lume. Printre acestea sunt incluse \u0219i Mega Millions \u0219i Powerball din SUA, Euromillions, Eurojackpot, El Gordo \u0219i La Primitiva din Spania, SuperEna din Italia \u0219i multe altele. Ace\u0219tia sunt cei patru pa\u0219i pe care trebuie s\u0103 \u00eei urma\u021bi \u00een momentul [&hellip;]<\/p>\n","protected":false},"author":1,"featured_media":0,"parent":0,"menu_order":3,"comment_status":"closed","ping_status":"closed","template":"Information.php","meta":{"_et_pb_use_builder":"","_et_pb_old_content":"","_et_gb_content_width":"","exclude_from_search":false,"footnotes":""},"class_list":["post-2834","page","type-page","status-publish","hentry"],"yoast_head":"<!-- This site is optimized with the Yoast SEO plugin v23.8 - https:\/\/yoast.com\/wordpress\/plugins\/seo\/ -->\n<title>Cump\u0103ra\u021bi bilete de loto online<\/title>\n<meta name=\"description\" content=\"Achizi\u021bionarea din \u00eentreaga lumea a biletelor de loterie este sigur\u0103 \u0219i u\u0219oar\u0103 \u2013 aici ve\u021bi vedea cum se realizeaz\u0103 acest proces!\" \/>\n<meta name=\"robots\" content=\"index, follow, max-snippet:-1, max-image-preview:large, max-video-preview:-1\" \/>\n<link rel=\"canonical\" href=\"https:\/\/redfoxlotto.com\/ro\/informatie\/\" \/>\n<meta property=\"og:locale\" content=\"ro_RO\" \/>\n<meta property=\"og:type\" content=\"article\" \/>\n<meta property=\"og:title\" content=\"Cump\u0103ra\u021bi bilete de loto online\" \/>\n<meta property=\"og:description\" content=\"Achizi\u021bionarea din \u00eentreaga lumea a biletelor de loterie este sigur\u0103 \u0219i u\u0219oar\u0103 \u2013 aici ve\u021bi vedea cum se realizeaz\u0103 acest proces!\" \/>\n<meta property=\"og:url\" content=\"https:\/\/redfoxlotto.com\/ro\/informatie\/\" \/>\n<meta property=\"og:site_name\" content=\"Get Tickets for the World\u2019s largest jackpots\" \/>\n<meta property=\"article:modified_time\" content=\"2025-12-18T10:01:08+00:00\" \/>\n<meta property=\"og:image\" content=\"https:\/\/content.redfoxlotto.com\/uploads\/sites\/9\/1_lottery_ticket.jpg\" \/>\n<meta name=\"twitter:card\" content=\"summary_large_image\" \/>\n<meta name=\"twitter:label1\" content=\"Timp estimat pentru citire\" \/>\n\t<meta name=\"twitter:data1\" content=\"3 minute\" \/>\n<script type=\"application\/ld+json\" class=\"yoast-schema-graph\">{\"@context\":\"https:\/\/schema.org\",\"@graph\":[{\"@type\":\"WebPage\",\"@id\":\"https:\/\/redfoxlotto.com\/ro\/informatie\/\",\"url\":\"https:\/\/redfoxlotto.com\/ro\/informatie\/\",\"name\":\"Cump\u0103ra\u021bi bilete de loto online\",\"isPartOf\":{\"@id\":\"https:\/\/redfoxlotto.com\/ro\/#website\"},\"primaryImageOfPage\":{\"@id\":\"https:\/\/redfoxlotto.com\/ro\/informatie\/#primaryimage\"},\"image\":{\"@id\":\"https:\/\/redfoxlotto.com\/ro\/informatie\/#primaryimage\"},\"thumbnailUrl\":\"https:\/\/content.redfoxlotto.com\/uploads\/sites\/9\/1_lottery_ticket.jpg\",\"datePublished\":\"2023-04-24T14:12:24+00:00\",\"dateModified\":\"2025-12-18T10:01:08+00:00\",\"description\":\"Achizi\u021bionarea din \u00eentreaga lumea a biletelor de loterie este sigur\u0103 \u0219i u\u0219oar\u0103 \u2013 aici ve\u021bi vedea cum se realizeaz\u0103 acest proces!\",\"breadcrumb\":{\"@id\":\"https:\/\/redfoxlotto.com\/ro\/informatie\/#breadcrumb\"},\"inLanguage\":\"ro-RO\",\"potentialAction\":[{\"@type\":\"ReadAction\",\"target\":[\"https:\/\/redfoxlotto.com\/ro\/informatie\/\"]}]},{\"@type\":\"ImageObject\",\"inLanguage\":\"ro-RO\",\"@id\":\"https:\/\/redfoxlotto.com\/ro\/informatie\/#primaryimage\",\"url\":\"https:\/\/content.redfoxlotto.com\/uploads\/sites\/9\/1_lottery_ticket.jpg\",\"contentUrl\":\"https:\/\/content.redfoxlotto.com\/uploads\/sites\/9\/1_lottery_ticket.jpg\"},{\"@type\":\"BreadcrumbList\",\"@id\":\"https:\/\/redfoxlotto.com\/ro\/informatie\/#breadcrumb\",\"itemListElement\":[{\"@type\":\"ListItem\",\"position\":1,\"name\":\"Home\",\"item\":\"https:\/\/redfoxlotto.com\/ro\/\"},{\"@type\":\"ListItem\",\"position\":2,\"name\":\"Procesul de achizi\u021bionare pentru biletele online de loterie\"}]},{\"@type\":\"WebSite\",\"@id\":\"https:\/\/redfoxlotto.com\/ro\/#website\",\"url\":\"https:\/\/redfoxlotto.com\/ro\/\",\"name\":\"Get Tickets for the World\u2019s largest jackpots\",\"description\":\"Participate in worldwide lottery jackpots from any country\",\"publisher\":{\"@id\":\"https:\/\/redfoxlotto.com\/ro\/#organization\"},\"potentialAction\":[{\"@type\":\"SearchAction\",\"target\":{\"@type\":\"EntryPoint\",\"urlTemplate\":\"https:\/\/redfoxlotto.com\/ro\/?s={search_term_string}\"},\"query-input\":{\"@type\":\"PropertyValueSpecification\",\"valueRequired\":true,\"valueName\":\"search_term_string\"}}],\"inLanguage\":\"ro-RO\"},{\"@type\":\"Organization\",\"@id\":\"https:\/\/redfoxlotto.com\/ro\/#organization\",\"name\":\"Get Tickets for the World\u2019s largest jackpots\",\"url\":\"https:\/\/redfoxlotto.com\/ro\/\",\"logo\":{\"@type\":\"ImageObject\",\"inLanguage\":\"ro-RO\",\"@id\":\"https:\/\/redfoxlotto.com\/ro\/#\/schema\/logo\/image\/\",\"url\":\"https:\/\/redfoxlotto.com\/wp-content\/uploads\/2023\/04\/logo.png\",\"contentUrl\":\"https:\/\/redfoxlotto.com\/wp-content\/uploads\/2023\/04\/logo.png\",\"width\":269,\"height\":53,\"caption\":\"Get Tickets for the World\u2019s largest jackpots\"},\"image\":{\"@id\":\"https:\/\/redfoxlotto.com\/ro\/#\/schema\/logo\/image\/\"}}]}<\/script>\n<!-- \/ Yoast SEO plugin. -->","yoast_head_json":{"title":"Cump\u0103ra\u021bi bilete de loto online","description":"Achizi\u021bionarea din \u00eentreaga lumea a biletelor de loterie este sigur\u0103 \u0219i u\u0219oar\u0103 \u2013 aici ve\u021bi vedea cum se realizeaz\u0103 acest proces!","robots":{"index":"index","follow":"follow","max-snippet":"max-snippet:-1","max-image-preview":"max-image-preview:large","max-video-preview":"max-video-preview:-1"},"canonical":"https:\/\/redfoxlotto.com\/ro\/informatie\/","og_locale":"ro_RO","og_type":"article","og_title":"Cump\u0103ra\u021bi bilete de loto online","og_description":"Achizi\u021bionarea din \u00eentreaga lumea a biletelor de loterie este sigur\u0103 \u0219i u\u0219oar\u0103 \u2013 aici ve\u021bi vedea cum se realizeaz\u0103 acest proces!","og_url":"https:\/\/redfoxlotto.com\/ro\/informatie\/","og_site_name":"Get Tickets for the World\u2019s largest jackpots","article_modified_time":"2025-12-18T10:01:08+00:00","og_image":[{"url":"https:\/\/content.redfoxlotto.com\/uploads\/sites\/9\/1_lottery_ticket.jpg"}],"twitter_card":"summary_large_image","twitter_misc":{"Timp estimat pentru citire":"3 minute"},"schema":{"@context":"https:\/\/schema.org","@graph":[{"@type":"WebPage","@id":"https:\/\/redfoxlotto.com\/ro\/informatie\/","url":"https:\/\/redfoxlotto.com\/ro\/informatie\/","name":"Cump\u0103ra\u021bi bilete de loto online","isPartOf":{"@id":"https:\/\/redfoxlotto.com\/ro\/#website"},"primaryImageOfPage":{"@id":"https:\/\/redfoxlotto.com\/ro\/informatie\/#primaryimage"},"image":{"@id":"https:\/\/redfoxlotto.com\/ro\/informatie\/#primaryimage"},"thumbnailUrl":"https:\/\/content.redfoxlotto.com\/uploads\/sites\/9\/1_lottery_ticket.jpg","datePublished":"2023-04-24T14:12:24+00:00","dateModified":"2025-12-18T10:01:08+00:00","description":"Achizi\u021bionarea din \u00eentreaga lumea a biletelor de loterie este sigur\u0103 \u0219i u\u0219oar\u0103 \u2013 aici ve\u021bi vedea cum se realizeaz\u0103 acest proces!","breadcrumb":{"@id":"https:\/\/redfoxlotto.com\/ro\/informatie\/#breadcrumb"},"inLanguage":"ro-RO","potentialAction":[{"@type":"ReadAction","target":["https:\/\/redfoxlotto.com\/ro\/informatie\/"]}]},{"@type":"ImageObject","inLanguage":"ro-RO","@id":"https:\/\/redfoxlotto.com\/ro\/informatie\/#primaryimage","url":"https:\/\/content.redfoxlotto.com\/uploads\/sites\/9\/1_lottery_ticket.jpg","contentUrl":"https:\/\/content.redfoxlotto.com\/uploads\/sites\/9\/1_lottery_ticket.jpg"},{"@type":"BreadcrumbList","@id":"https:\/\/redfoxlotto.com\/ro\/informatie\/#breadcrumb","itemListElement":[{"@type":"ListItem","position":1,"name":"Home","item":"https:\/\/redfoxlotto.com\/ro\/"},{"@type":"ListItem","position":2,"name":"Procesul de achizi\u021bionare pentru biletele online de loterie"}]},{"@type":"WebSite","@id":"https:\/\/redfoxlotto.com\/ro\/#website","url":"https:\/\/redfoxlotto.com\/ro\/","name":"Get Tickets for the World\u2019s largest jackpots","description":"Participate in worldwide lottery jackpots from any country","publisher":{"@id":"https:\/\/redfoxlotto.com\/ro\/#organization"},"potentialAction":[{"@type":"SearchAction","target":{"@type":"EntryPoint","urlTemplate":"https:\/\/redfoxlotto.com\/ro\/?s={search_term_string}"},"query-input":{"@type":"PropertyValueSpecification","valueRequired":true,"valueName":"search_term_string"}}],"inLanguage":"ro-RO"},{"@type":"Organization","@id":"https:\/\/redfoxlotto.com\/ro\/#organization","name":"Get Tickets for the World\u2019s largest jackpots","url":"https:\/\/redfoxlotto.com\/ro\/","logo":{"@type":"ImageObject","inLanguage":"ro-RO","@id":"https:\/\/redfoxlotto.com\/ro\/#\/schema\/logo\/image\/","url":"https:\/\/redfoxlotto.com\/wp-content\/uploads\/2023\/04\/logo.png","contentUrl":"https:\/\/redfoxlotto.com\/wp-content\/uploads\/2023\/04\/logo.png","width":269,"height":53,"caption":"Get Tickets for the World\u2019s largest jackpots"},"image":{"@id":"https:\/\/redfoxlotto.com\/ro\/#\/schema\/logo\/image\/"}}]}},"_links":{"self":[{"href":"https:\/\/redfoxlotto.com\/ro\/wp-json\/wp\/v2\/pages\/2834","targetHints":{"allow":["GET"]}}],"collection":[{"href":"https:\/\/redfoxlotto.com\/ro\/wp-json\/wp\/v2\/pages"}],"about":[{"href":"https:\/\/redfoxlotto.com\/ro\/wp-json\/wp\/v2\/types\/page"}],"author":[{"embeddable":true,"href":"https:\/\/redfoxlotto.com\/ro\/wp-json\/wp\/v2\/users\/1"}],"replies":[{"embeddable":true,"href":"https:\/\/redfoxlotto.com\/ro\/wp-json\/wp\/v2\/comments?post=2834"}],"version-history":[{"count":0,"href":"https:\/\/redfoxlotto.com\/ro\/wp-json\/wp\/v2\/pages\/2834\/revisions"}],"wp:attachment":[{"href":"https:\/\/redfoxlotto.com\/ro\/wp-json\/wp\/v2\/media?parent=2834"}],"curies":[{"name":"wp","href":"https:\/\/api.w.org\/{rel}","templated":true}]}}