{"id":14476,"date":"2020-08-18T09:19:26","date_gmt":"2020-08-18T09:19:26","guid":{"rendered":"https:\/\/redfoxlotto.com\/?page_id=14476"},"modified":"2023-05-24T17:42:41","modified_gmt":"2023-05-24T17:42:41","slug":"lotto-6aus49","status":"publish","type":"page","link":"https:\/\/redfoxlotto.com\/ro\/informatie\/lotto-6aus49\/","title":{"rendered":"Despre lotul german 6 aus 49"},"content":{"rendered":"<h2 class=\"wp-block-heading\">Cump\u0103ra\u021bi bilete pentru Lotto german 6aus49 online<\/h2><p><img decoding=\"async\" class=\"size-full wp-image alignright\" src=\"https:\/\/content.redfoxlotto.com\/uploads\/sites\/9\/1_buy_lottery_online.jpg\" alt=\"bilete de loterie germane\"><\/p><p>Dup\u0103 ce a\u021bi decis c\u0103 dori\u021bi s\u0103 juca\u021bi la loto german\u0103, este timpul s\u0103 v\u0103 cump\u0103ra\u021bi efectiv biletele. Dar cum cump\u0103ra\u021bi biletele pentru lotto-ul german 6aus49 online? Este de fapt mai u\u0219or dec\u00e2t ai putea crede. Nu trebuie dec\u00e2t s\u0103 vizita\u021bi RedFoxLotto.com pentru a \u00eencepe.<\/p><!--more--><h2 class=\"wp-block-heading\">Alegerea numerelor dvs.<\/h2><p>Dup\u0103 ce sunte\u021bi gata s\u0103 juca\u021bi, alege\u021bi doar 6 numere \u00eentre 1 \u0219i 49 \u0219i 1 \u00eentre 0 \u0219i 9. Asta este tot. Apoi, dac\u0103 asortezi cel pu\u021bin 3 numere, vei c\u00e2\u0219tiga ceva prin intermediul jocului. Potrivi\u021bi \u0219i mai mult \u0219i ve\u021bi c\u00e2\u0219tiga \u0219i mai mult.<\/p><h2 class=\"wp-block-heading\">Cump\u0103rarea biletelor dvs.<\/h2><p><img loading=\"lazy\" decoding=\"async\" class=\" wp-image alignright\" src=\"https:\/\/content.redfoxlotto.com\/uploads\/sites\/9\/1_lottery_draw_balls.jpg\" alt=\"c\u00e2\u0219tig\u0103 la loterie online\" width=\"243\" height=\"243\" \/><\/p><p>Acum, \u0219tii deja s\u0103 \u00ee\u021bi alegi numerele, dar cum ai de g\u00e2nd s\u0103 cumperi biletele? E simplu. Conecta\u021bi-v\u0103 la RedFoxLotto.com \u0219i alege\u021bi numerele pe care le dori\u021bi pentru jocul dorit. Ar putea fi acesta sau alt joc. Apoi, selecta\u021bi pentru c\u00e2te desene dori\u021bi s\u0103 fie bune biletele dvs. \u0219i introduce\u021bi metoda de plat\u0103 preferat\u0103.<\/p><p>Dup\u0103 ce a\u021bi introdus informa\u021biile de plat\u0103 \u0219i a\u021bi finalizat achizi\u021bia, tot ce trebuie s\u0103 face\u021bi este s\u0103 a\u0219tepta\u021bi s\u0103 afla\u021bi dac\u0103 a\u021bi c\u00e2\u0219tigat ceva.<\/p><h2 class=\"wp-block-heading\">Ai c\u00e2\u0219tigat<\/h2><p>Dac\u0103 cump\u0103ra\u021bi bilete pentru German Lotto 6aus49 online, de asemenea, dori\u021bi s\u0103 afla\u021bi dac\u0103 a\u021bi c\u00e2\u0219tigat online \u0219i acest lucru este mai u\u0219or dec\u00e2t v\u0103 pute\u021bi crede. Tot ce trebuie s\u0103 face\u021bi este s\u0103 v\u0103 conecta\u021bi la contul dvs. \u0219i s\u0103 consulta\u021bi sec\u021biunea de bilete pentru a vedea numerele c\u00e2\u0219tig\u0103toare \u0219i cum se compar\u0103 numerele dvs.<\/p>","protected":false},"excerpt":{"rendered":"<p>Cump\u0103ra\u021bi bilete pentru Lotto german 6aus49 online Dup\u0103 ce a\u021bi decis c\u0103 dori\u021bi s\u0103 juca\u021bi la loto german\u0103, este timpul s\u0103 v\u0103 cump\u0103ra\u021bi efectiv biletele. Dar cum cump\u0103ra\u021bi biletele pentru lotto-ul german 6aus49 online? Este de fapt mai u\u0219or dec\u00e2t ai putea crede. Nu trebuie dec\u00e2t s\u0103 vizita\u021bi RedFoxLotto.com pentru a \u00eencepe.<\/p>\n","protected":false},"author":1,"featured_media":0,"parent":2834,"menu_order":15,"comment_status":"closed","ping_status":"closed","template":"lotto-german-info.php","meta":{"_et_pb_use_builder":"","_et_pb_old_content":"","_et_gb_content_width":"","exclude_from_search":false,"footnotes":""},"class_list":["post-14476","page","type-page","status-publish","hentry"],"yoast_head":"<!-- This site is optimized with the Yoast SEO plugin v27.4 - https:\/\/yoast.com\/product\/yoast-seo-wordpress\/ -->\n<title>Ob\u021bine\u021bi bilete pentru German Lotto online<\/title>\n<meta name=\"description\" content=\"Fanii Lotto din afara Germaniei pot acum primi bilete pentru \u201e6 aus 49\u201d online\" \/>\n<meta name=\"robots\" content=\"index, follow, max-snippet:-1, max-image-preview:large, max-video-preview:-1\" \/>\n<link rel=\"canonical\" href=\"https:\/\/redfoxlotto.com\/ro\/informatie\/lotto-6aus49\/\" \/>\n<meta property=\"og:locale\" content=\"ro_RO\" \/>\n<meta property=\"og:type\" content=\"article\" \/>\n<meta property=\"og:title\" content=\"Ob\u021bine\u021bi bilete pentru German Lotto online\" \/>\n<meta property=\"og:description\" content=\"Fanii Lotto din afara Germaniei pot acum primi bilete pentru \u201e6 aus 49\u201d online\" \/>\n<meta property=\"og:url\" content=\"https:\/\/redfoxlotto.com\/ro\/informatie\/lotto-6aus49\/\" \/>\n<meta property=\"og:site_name\" content=\"Get Tickets for the World\u2019s largest jackpots\" \/>\n<meta property=\"article:modified_time\" content=\"2023-05-24T17:42:41+00:00\" \/>\n<meta property=\"og:image\" content=\"https:\/\/content.redfoxlotto.com\/uploads\/sites\/9\/1_buy_lottery_online.jpg\" \/>\n<meta name=\"twitter:card\" content=\"summary_large_image\" \/>\n<meta name=\"twitter:label1\" content=\"Timp estimat pentru citire\" \/>\n\t<meta name=\"twitter:data1\" content=\"2 minute\" \/>\n<script type=\"application\/ld+json\" class=\"yoast-schema-graph\">{\"@context\":\"https:\\\/\\\/schema.org\",\"@graph\":[{\"@type\":\"WebPage\",\"@id\":\"https:\\\/\\\/redfoxlotto.com\\\/ro\\\/informatie\\\/lotto-6aus49\\\/\",\"url\":\"https:\\\/\\\/redfoxlotto.com\\\/ro\\\/informatie\\\/lotto-6aus49\\\/\",\"name\":\"Ob\u021bine\u021bi bilete pentru German Lotto online\",\"isPartOf\":{\"@id\":\"https:\\\/\\\/redfoxlotto.com\\\/ro\\\/#website\"},\"primaryImageOfPage\":{\"@id\":\"https:\\\/\\\/redfoxlotto.com\\\/ro\\\/informatie\\\/lotto-6aus49\\\/#primaryimage\"},\"image\":{\"@id\":\"https:\\\/\\\/redfoxlotto.com\\\/ro\\\/informatie\\\/lotto-6aus49\\\/#primaryimage\"},\"thumbnailUrl\":\"https:\\\/\\\/content.redfoxlotto.com\\\/uploads\\\/sites\\\/9\\\/1_buy_lottery_online.jpg\",\"datePublished\":\"2020-08-18T09:19:26+00:00\",\"dateModified\":\"2023-05-24T17:42:41+00:00\",\"description\":\"Fanii Lotto din afara Germaniei pot acum primi bilete pentru \u201e6 aus 49\u201d online\",\"breadcrumb\":{\"@id\":\"https:\\\/\\\/redfoxlotto.com\\\/ro\\\/informatie\\\/lotto-6aus49\\\/#breadcrumb\"},\"inLanguage\":\"ro-RO\",\"potentialAction\":[{\"@type\":\"ReadAction\",\"target\":[\"https:\\\/\\\/redfoxlotto.com\\\/ro\\\/informatie\\\/lotto-6aus49\\\/\"]}]},{\"@type\":\"ImageObject\",\"inLanguage\":\"ro-RO\",\"@id\":\"https:\\\/\\\/redfoxlotto.com\\\/ro\\\/informatie\\\/lotto-6aus49\\\/#primaryimage\",\"url\":\"https:\\\/\\\/content.redfoxlotto.com\\\/uploads\\\/sites\\\/9\\\/1_buy_lottery_online.jpg\",\"contentUrl\":\"https:\\\/\\\/content.redfoxlotto.com\\\/uploads\\\/sites\\\/9\\\/1_buy_lottery_online.jpg\"},{\"@type\":\"BreadcrumbList\",\"@id\":\"https:\\\/\\\/redfoxlotto.com\\\/ro\\\/informatie\\\/lotto-6aus49\\\/#breadcrumb\",\"itemListElement\":[{\"@type\":\"ListItem\",\"position\":1,\"name\":\"Home\",\"item\":\"https:\\\/\\\/redfoxlotto.com\\\/ro\\\/\"},{\"@type\":\"ListItem\",\"position\":2,\"name\":\"Procesul de achizi\u021bionare pentru biletele online de loterie\",\"item\":\"https:\\\/\\\/redfoxlotto.com\\\/ro\\\/informatie\\\/\"},{\"@type\":\"ListItem\",\"position\":3,\"name\":\"Despre lotul german 6 aus 49\"}]},{\"@type\":\"WebSite\",\"@id\":\"https:\\\/\\\/redfoxlotto.com\\\/ro\\\/#website\",\"url\":\"https:\\\/\\\/redfoxlotto.com\\\/ro\\\/\",\"name\":\"Get Tickets for the World\u2019s largest jackpots\",\"description\":\"Participate in worldwide lottery jackpots from any country\",\"publisher\":{\"@id\":\"https:\\\/\\\/redfoxlotto.com\\\/ro\\\/#organization\"},\"potentialAction\":[{\"@type\":\"SearchAction\",\"target\":{\"@type\":\"EntryPoint\",\"urlTemplate\":\"https:\\\/\\\/redfoxlotto.com\\\/ro\\\/?s={search_term_string}\"},\"query-input\":{\"@type\":\"PropertyValueSpecification\",\"valueRequired\":true,\"valueName\":\"search_term_string\"}}],\"inLanguage\":\"ro-RO\"},{\"@type\":\"Organization\",\"@id\":\"https:\\\/\\\/redfoxlotto.com\\\/ro\\\/#organization\",\"name\":\"Get Tickets for the World\u2019s largest jackpots\",\"url\":\"https:\\\/\\\/redfoxlotto.com\\\/ro\\\/\",\"logo\":{\"@type\":\"ImageObject\",\"inLanguage\":\"ro-RO\",\"@id\":\"https:\\\/\\\/redfoxlotto.com\\\/ro\\\/#\\\/schema\\\/logo\\\/image\\\/\",\"url\":\"https:\\\/\\\/redfoxlotto.com\\\/wp-content\\\/uploads\\\/2023\\\/04\\\/logo.png\",\"contentUrl\":\"https:\\\/\\\/redfoxlotto.com\\\/wp-content\\\/uploads\\\/2023\\\/04\\\/logo.png\",\"width\":269,\"height\":53,\"caption\":\"Get Tickets for the World\u2019s largest jackpots\"},\"image\":{\"@id\":\"https:\\\/\\\/redfoxlotto.com\\\/ro\\\/#\\\/schema\\\/logo\\\/image\\\/\"}}]}<\/script>\n<!-- \/ Yoast SEO plugin. -->","yoast_head_json":{"title":"Ob\u021bine\u021bi bilete pentru German Lotto online","description":"Fanii Lotto din afara Germaniei pot acum primi bilete pentru \u201e6 aus 49\u201d online","robots":{"index":"index","follow":"follow","max-snippet":"max-snippet:-1","max-image-preview":"max-image-preview:large","max-video-preview":"max-video-preview:-1"},"canonical":"https:\/\/redfoxlotto.com\/ro\/informatie\/lotto-6aus49\/","og_locale":"ro_RO","og_type":"article","og_title":"Ob\u021bine\u021bi bilete pentru German Lotto online","og_description":"Fanii Lotto din afara Germaniei pot acum primi bilete pentru \u201e6 aus 49\u201d online","og_url":"https:\/\/redfoxlotto.com\/ro\/informatie\/lotto-6aus49\/","og_site_name":"Get Tickets for the World\u2019s largest jackpots","article_modified_time":"2023-05-24T17:42:41+00:00","og_image":[{"url":"https:\/\/content.redfoxlotto.com\/uploads\/sites\/9\/1_buy_lottery_online.jpg","type":"","width":"","height":""}],"twitter_card":"summary_large_image","twitter_misc":{"Timp estimat pentru citire":"2 minute"},"schema":{"@context":"https:\/\/schema.org","@graph":[{"@type":"WebPage","@id":"https:\/\/redfoxlotto.com\/ro\/informatie\/lotto-6aus49\/","url":"https:\/\/redfoxlotto.com\/ro\/informatie\/lotto-6aus49\/","name":"Ob\u021bine\u021bi bilete pentru German Lotto online","isPartOf":{"@id":"https:\/\/redfoxlotto.com\/ro\/#website"},"primaryImageOfPage":{"@id":"https:\/\/redfoxlotto.com\/ro\/informatie\/lotto-6aus49\/#primaryimage"},"image":{"@id":"https:\/\/redfoxlotto.com\/ro\/informatie\/lotto-6aus49\/#primaryimage"},"thumbnailUrl":"https:\/\/content.redfoxlotto.com\/uploads\/sites\/9\/1_buy_lottery_online.jpg","datePublished":"2020-08-18T09:19:26+00:00","dateModified":"2023-05-24T17:42:41+00:00","description":"Fanii Lotto din afara Germaniei pot acum primi bilete pentru \u201e6 aus 49\u201d online","breadcrumb":{"@id":"https:\/\/redfoxlotto.com\/ro\/informatie\/lotto-6aus49\/#breadcrumb"},"inLanguage":"ro-RO","potentialAction":[{"@type":"ReadAction","target":["https:\/\/redfoxlotto.com\/ro\/informatie\/lotto-6aus49\/"]}]},{"@type":"ImageObject","inLanguage":"ro-RO","@id":"https:\/\/redfoxlotto.com\/ro\/informatie\/lotto-6aus49\/#primaryimage","url":"https:\/\/content.redfoxlotto.com\/uploads\/sites\/9\/1_buy_lottery_online.jpg","contentUrl":"https:\/\/content.redfoxlotto.com\/uploads\/sites\/9\/1_buy_lottery_online.jpg"},{"@type":"BreadcrumbList","@id":"https:\/\/redfoxlotto.com\/ro\/informatie\/lotto-6aus49\/#breadcrumb","itemListElement":[{"@type":"ListItem","position":1,"name":"Home","item":"https:\/\/redfoxlotto.com\/ro\/"},{"@type":"ListItem","position":2,"name":"Procesul de achizi\u021bionare pentru biletele online de loterie","item":"https:\/\/redfoxlotto.com\/ro\/informatie\/"},{"@type":"ListItem","position":3,"name":"Despre lotul german 6 aus 49"}]},{"@type":"WebSite","@id":"https:\/\/redfoxlotto.com\/ro\/#website","url":"https:\/\/redfoxlotto.com\/ro\/","name":"Get Tickets for the World\u2019s largest jackpots","description":"Participate in worldwide lottery jackpots from any country","publisher":{"@id":"https:\/\/redfoxlotto.com\/ro\/#organization"},"potentialAction":[{"@type":"SearchAction","target":{"@type":"EntryPoint","urlTemplate":"https:\/\/redfoxlotto.com\/ro\/?s={search_term_string}"},"query-input":{"@type":"PropertyValueSpecification","valueRequired":true,"valueName":"search_term_string"}}],"inLanguage":"ro-RO"},{"@type":"Organization","@id":"https:\/\/redfoxlotto.com\/ro\/#organization","name":"Get Tickets for the World\u2019s largest jackpots","url":"https:\/\/redfoxlotto.com\/ro\/","logo":{"@type":"ImageObject","inLanguage":"ro-RO","@id":"https:\/\/redfoxlotto.com\/ro\/#\/schema\/logo\/image\/","url":"https:\/\/redfoxlotto.com\/wp-content\/uploads\/2023\/04\/logo.png","contentUrl":"https:\/\/redfoxlotto.com\/wp-content\/uploads\/2023\/04\/logo.png","width":269,"height":53,"caption":"Get Tickets for the World\u2019s largest jackpots"},"image":{"@id":"https:\/\/redfoxlotto.com\/ro\/#\/schema\/logo\/image\/"}}]}},"_links":{"self":[{"href":"https:\/\/redfoxlotto.com\/ro\/wp-json\/wp\/v2\/pages\/14476","targetHints":{"allow":["GET"]}}],"collection":[{"href":"https:\/\/redfoxlotto.com\/ro\/wp-json\/wp\/v2\/pages"}],"about":[{"href":"https:\/\/redfoxlotto.com\/ro\/wp-json\/wp\/v2\/types\/page"}],"author":[{"embeddable":true,"href":"https:\/\/redfoxlotto.com\/ro\/wp-json\/wp\/v2\/users\/1"}],"replies":[{"embeddable":true,"href":"https:\/\/redfoxlotto.com\/ro\/wp-json\/wp\/v2\/comments?post=14476"}],"version-history":[{"count":0,"href":"https:\/\/redfoxlotto.com\/ro\/wp-json\/wp\/v2\/pages\/14476\/revisions"}],"up":[{"embeddable":true,"href":"https:\/\/redfoxlotto.com\/ro\/wp-json\/wp\/v2\/pages\/2834"}],"wp:attachment":[{"href":"https:\/\/redfoxlotto.com\/ro\/wp-json\/wp\/v2\/media?parent=14476"}],"curies":[{"name":"wp","href":"https:\/\/api.w.org\/{rel}","templated":true}]}}