{"id":14439,"date":"2020-08-18T09:13:31","date_gmt":"2020-08-18T09:13:31","guid":{"rendered":"https:\/\/redfoxlotto.com\/?page_id=14439"},"modified":"2023-05-24T17:42:34","modified_gmt":"2023-05-24T17:42:34","slug":"lotto-at","status":"publish","type":"page","link":"https:\/\/redfoxlotto.com\/ro\/informatie\/lotto-at\/","title":{"rendered":"Despre Loteria austriac\u0103"},"content":{"rendered":"<h2 class=\"wp-block-heading\">Cump\u0103ra\u021bi bilete pentru Lotto austriac online<\/h2><p><img loading=\"lazy\" decoding=\"async\" class=\" wp-image alignright\" src=\"https:\/\/content.redfoxlotto.com\/uploads\/sites\/9\/1_buy_lotto_to_win.jpg\" alt=\"loto bilete austria online\" width=\"263\" height=\"167\" \/><\/p><p>C\u00e2nd vine timpul s\u0103 cump\u0103ra\u021bi bilete pentru Lotto austriac online, trebuie s\u0103 \u0219ti\u021bi cum s\u0103 proceda\u021bi corect? Dar mai \u00eent\u00e2i vrei s\u0103 \u0219tii de ce te vei deranja. Aceasta este de fapt o \u00eentrebare simpl\u0103 de r\u0103spuns, deoarece acest joc este cu siguran\u021b\u0103 distractiv.<\/p><!--more--><p>Trebuie s\u0103 alege\u021bi 6 numere pe care trebuie s\u0103 le potrivi\u021bi pentru a ob\u021bine jackpotul. Dar po\u021bi c\u00e2\u0219tiga ceva dac\u0103 asortezi cel pu\u021bin 2 numere pe desen. Potrivirea cu mai multe numere v\u0103 va oferi un premiu \u0219i mai mare, cu premii mai bune disponibile la cele mai \u00eenalte meciuri.<\/p><h2 class=\"wp-block-heading\">Cum s\u0103 cump\u0103ra\u021bi bilete pentru Austrian Lotto Online<\/h2><p>Dac\u0103 sunte\u021bi gata s\u0103 v\u0103 achizi\u021biona\u021bi biletele, primul lucru pe care trebuie s\u0103 \u00eel face\u021bi este s\u0103 g\u0103si\u021bi un site web unde sunt oferite. Din fericire pentru dvs., RedFoxLotto.com este cel mai bun loc pentru a v\u0103 cump\u0103ra biletele \u0219i v\u0103 va facilita alegerea rapid\u0103 a ceea ce c\u0103uta\u021bi.<\/p><p>Trebuie s\u0103 \u00ee\u021bi alegi numerele sau po\u021bi alege un bilet de alegere u\u0219or \u00een care numerele vor fi selectate pentru tine. Apoi, efectua\u021bi plata cu metoda preferat\u0103 de plat\u0103. Va fi rapid s\u0103 efectua\u021bi plata \u0219i s\u0103 confirma\u021bi comanda. Apoi, a\u0219tep\u021bi doar numerele c\u00e2\u0219tig\u0103toare.<\/p><h2 class=\"wp-block-heading\">Care sunt numerele c\u00e2\u0219tig\u0103toare<\/h2><p>Odat\u0103 ce a\u021bi cump\u0103rat bilete pentru Lotto austriac online \u0219i extragerea este terminat\u0103, pute\u021bi consulta sec\u021biunea de bilete, pute\u021bi vedea toate numerele pe care le-a\u021bi asortat cu numerele c\u00e2\u0219tig\u0103toare \u0219i ceea ce a\u021bi c\u00e2\u0219tigat.<\/p>","protected":false},"excerpt":{"rendered":"<p>Cump\u0103ra\u021bi bilete pentru Lotto austriac online C\u00e2nd vine timpul s\u0103 cump\u0103ra\u021bi bilete pentru Lotto austriac online, trebuie s\u0103 \u0219ti\u021bi cum s\u0103 proceda\u021bi corect? Dar mai \u00eent\u00e2i vrei s\u0103 \u0219tii de ce te vei deranja. Aceasta este de fapt o \u00eentrebare simpl\u0103 de r\u0103spuns, deoarece acest joc este cu siguran\u021b\u0103 distractiv.<\/p>\n","protected":false},"author":1,"featured_media":0,"parent":2834,"menu_order":16,"comment_status":"closed","ping_status":"closed","template":"","meta":{"_et_pb_use_builder":"","_et_pb_old_content":"","_et_gb_content_width":"","exclude_from_search":false,"footnotes":""},"class_list":["post-14439","page","type-page","status-publish","hentry"],"yoast_head":"<!-- This site is optimized with the Yoast SEO plugin v27.4 - https:\/\/yoast.com\/product\/yoast-seo-wordpress\/ -->\n<title>Ob\u021bine\u021bi biletul pentru Loteria austriac\u0103 online<\/title>\n<meta name=\"description\" content=\"Ai auzit vreodat\u0103 despre Lotto Austria? Pute\u021bi ob\u021bine bilete online aici!\" \/>\n<meta name=\"robots\" content=\"index, follow, max-snippet:-1, max-image-preview:large, max-video-preview:-1\" \/>\n<link rel=\"canonical\" href=\"https:\/\/redfoxlotto.com\/ro\/informatie\/lotto-at\/\" \/>\n<meta property=\"og:locale\" content=\"ro_RO\" \/>\n<meta property=\"og:type\" content=\"article\" \/>\n<meta property=\"og:title\" content=\"Ob\u021bine\u021bi biletul pentru Loteria austriac\u0103 online\" \/>\n<meta property=\"og:description\" content=\"Ai auzit vreodat\u0103 despre Lotto Austria? Pute\u021bi ob\u021bine bilete online aici!\" \/>\n<meta property=\"og:url\" content=\"https:\/\/redfoxlotto.com\/ro\/informatie\/lotto-at\/\" \/>\n<meta property=\"og:site_name\" content=\"Get Tickets for the World\u2019s largest jackpots\" \/>\n<meta property=\"article:modified_time\" content=\"2023-05-24T17:42:34+00:00\" \/>\n<meta property=\"og:image\" content=\"https:\/\/content.redfoxlotto.com\/uploads\/sites\/9\/1_buy_lotto_to_win.jpg\" \/>\n<meta name=\"twitter:card\" content=\"summary_large_image\" \/>\n<meta name=\"twitter:label1\" content=\"Timp estimat pentru citire\" \/>\n\t<meta name=\"twitter:data1\" content=\"2 minute\" \/>\n<script type=\"application\/ld+json\" class=\"yoast-schema-graph\">{\"@context\":\"https:\\\/\\\/schema.org\",\"@graph\":[{\"@type\":\"WebPage\",\"@id\":\"https:\\\/\\\/redfoxlotto.com\\\/ro\\\/informatie\\\/lotto-at\\\/\",\"url\":\"https:\\\/\\\/redfoxlotto.com\\\/ro\\\/informatie\\\/lotto-at\\\/\",\"name\":\"Ob\u021bine\u021bi biletul pentru Loteria austriac\u0103 online\",\"isPartOf\":{\"@id\":\"https:\\\/\\\/redfoxlotto.com\\\/ro\\\/#website\"},\"primaryImageOfPage\":{\"@id\":\"https:\\\/\\\/redfoxlotto.com\\\/ro\\\/informatie\\\/lotto-at\\\/#primaryimage\"},\"image\":{\"@id\":\"https:\\\/\\\/redfoxlotto.com\\\/ro\\\/informatie\\\/lotto-at\\\/#primaryimage\"},\"thumbnailUrl\":\"https:\\\/\\\/content.redfoxlotto.com\\\/uploads\\\/sites\\\/9\\\/1_buy_lotto_to_win.jpg\",\"datePublished\":\"2020-08-18T09:13:31+00:00\",\"dateModified\":\"2023-05-24T17:42:34+00:00\",\"description\":\"Ai auzit vreodat\u0103 despre Lotto Austria? Pute\u021bi ob\u021bine bilete online aici!\",\"breadcrumb\":{\"@id\":\"https:\\\/\\\/redfoxlotto.com\\\/ro\\\/informatie\\\/lotto-at\\\/#breadcrumb\"},\"inLanguage\":\"ro-RO\",\"potentialAction\":[{\"@type\":\"ReadAction\",\"target\":[\"https:\\\/\\\/redfoxlotto.com\\\/ro\\\/informatie\\\/lotto-at\\\/\"]}]},{\"@type\":\"ImageObject\",\"inLanguage\":\"ro-RO\",\"@id\":\"https:\\\/\\\/redfoxlotto.com\\\/ro\\\/informatie\\\/lotto-at\\\/#primaryimage\",\"url\":\"https:\\\/\\\/content.redfoxlotto.com\\\/uploads\\\/sites\\\/9\\\/1_buy_lotto_to_win.jpg\",\"contentUrl\":\"https:\\\/\\\/content.redfoxlotto.com\\\/uploads\\\/sites\\\/9\\\/1_buy_lotto_to_win.jpg\"},{\"@type\":\"BreadcrumbList\",\"@id\":\"https:\\\/\\\/redfoxlotto.com\\\/ro\\\/informatie\\\/lotto-at\\\/#breadcrumb\",\"itemListElement\":[{\"@type\":\"ListItem\",\"position\":1,\"name\":\"Home\",\"item\":\"https:\\\/\\\/redfoxlotto.com\\\/ro\\\/\"},{\"@type\":\"ListItem\",\"position\":2,\"name\":\"Procesul de achizi\u021bionare pentru biletele online de loterie\",\"item\":\"https:\\\/\\\/redfoxlotto.com\\\/ro\\\/informatie\\\/\"},{\"@type\":\"ListItem\",\"position\":3,\"name\":\"Despre Loteria austriac\u0103\"}]},{\"@type\":\"WebSite\",\"@id\":\"https:\\\/\\\/redfoxlotto.com\\\/ro\\\/#website\",\"url\":\"https:\\\/\\\/redfoxlotto.com\\\/ro\\\/\",\"name\":\"Get Tickets for the World\u2019s largest jackpots\",\"description\":\"Participate in worldwide lottery jackpots from any country\",\"publisher\":{\"@id\":\"https:\\\/\\\/redfoxlotto.com\\\/ro\\\/#organization\"},\"potentialAction\":[{\"@type\":\"SearchAction\",\"target\":{\"@type\":\"EntryPoint\",\"urlTemplate\":\"https:\\\/\\\/redfoxlotto.com\\\/ro\\\/?s={search_term_string}\"},\"query-input\":{\"@type\":\"PropertyValueSpecification\",\"valueRequired\":true,\"valueName\":\"search_term_string\"}}],\"inLanguage\":\"ro-RO\"},{\"@type\":\"Organization\",\"@id\":\"https:\\\/\\\/redfoxlotto.com\\\/ro\\\/#organization\",\"name\":\"Get Tickets for the World\u2019s largest jackpots\",\"url\":\"https:\\\/\\\/redfoxlotto.com\\\/ro\\\/\",\"logo\":{\"@type\":\"ImageObject\",\"inLanguage\":\"ro-RO\",\"@id\":\"https:\\\/\\\/redfoxlotto.com\\\/ro\\\/#\\\/schema\\\/logo\\\/image\\\/\",\"url\":\"https:\\\/\\\/redfoxlotto.com\\\/wp-content\\\/uploads\\\/2023\\\/04\\\/logo.png\",\"contentUrl\":\"https:\\\/\\\/redfoxlotto.com\\\/wp-content\\\/uploads\\\/2023\\\/04\\\/logo.png\",\"width\":269,\"height\":53,\"caption\":\"Get Tickets for the World\u2019s largest jackpots\"},\"image\":{\"@id\":\"https:\\\/\\\/redfoxlotto.com\\\/ro\\\/#\\\/schema\\\/logo\\\/image\\\/\"}}]}<\/script>\n<!-- \/ Yoast SEO plugin. -->","yoast_head_json":{"title":"Ob\u021bine\u021bi biletul pentru Loteria austriac\u0103 online","description":"Ai auzit vreodat\u0103 despre Lotto Austria? Pute\u021bi ob\u021bine bilete online aici!","robots":{"index":"index","follow":"follow","max-snippet":"max-snippet:-1","max-image-preview":"max-image-preview:large","max-video-preview":"max-video-preview:-1"},"canonical":"https:\/\/redfoxlotto.com\/ro\/informatie\/lotto-at\/","og_locale":"ro_RO","og_type":"article","og_title":"Ob\u021bine\u021bi biletul pentru Loteria austriac\u0103 online","og_description":"Ai auzit vreodat\u0103 despre Lotto Austria? Pute\u021bi ob\u021bine bilete online aici!","og_url":"https:\/\/redfoxlotto.com\/ro\/informatie\/lotto-at\/","og_site_name":"Get Tickets for the World\u2019s largest jackpots","article_modified_time":"2023-05-24T17:42:34+00:00","og_image":[{"url":"https:\/\/content.redfoxlotto.com\/uploads\/sites\/9\/1_buy_lotto_to_win.jpg","type":"","width":"","height":""}],"twitter_card":"summary_large_image","twitter_misc":{"Timp estimat pentru citire":"2 minute"},"schema":{"@context":"https:\/\/schema.org","@graph":[{"@type":"WebPage","@id":"https:\/\/redfoxlotto.com\/ro\/informatie\/lotto-at\/","url":"https:\/\/redfoxlotto.com\/ro\/informatie\/lotto-at\/","name":"Ob\u021bine\u021bi biletul pentru Loteria austriac\u0103 online","isPartOf":{"@id":"https:\/\/redfoxlotto.com\/ro\/#website"},"primaryImageOfPage":{"@id":"https:\/\/redfoxlotto.com\/ro\/informatie\/lotto-at\/#primaryimage"},"image":{"@id":"https:\/\/redfoxlotto.com\/ro\/informatie\/lotto-at\/#primaryimage"},"thumbnailUrl":"https:\/\/content.redfoxlotto.com\/uploads\/sites\/9\/1_buy_lotto_to_win.jpg","datePublished":"2020-08-18T09:13:31+00:00","dateModified":"2023-05-24T17:42:34+00:00","description":"Ai auzit vreodat\u0103 despre Lotto Austria? Pute\u021bi ob\u021bine bilete online aici!","breadcrumb":{"@id":"https:\/\/redfoxlotto.com\/ro\/informatie\/lotto-at\/#breadcrumb"},"inLanguage":"ro-RO","potentialAction":[{"@type":"ReadAction","target":["https:\/\/redfoxlotto.com\/ro\/informatie\/lotto-at\/"]}]},{"@type":"ImageObject","inLanguage":"ro-RO","@id":"https:\/\/redfoxlotto.com\/ro\/informatie\/lotto-at\/#primaryimage","url":"https:\/\/content.redfoxlotto.com\/uploads\/sites\/9\/1_buy_lotto_to_win.jpg","contentUrl":"https:\/\/content.redfoxlotto.com\/uploads\/sites\/9\/1_buy_lotto_to_win.jpg"},{"@type":"BreadcrumbList","@id":"https:\/\/redfoxlotto.com\/ro\/informatie\/lotto-at\/#breadcrumb","itemListElement":[{"@type":"ListItem","position":1,"name":"Home","item":"https:\/\/redfoxlotto.com\/ro\/"},{"@type":"ListItem","position":2,"name":"Procesul de achizi\u021bionare pentru biletele online de loterie","item":"https:\/\/redfoxlotto.com\/ro\/informatie\/"},{"@type":"ListItem","position":3,"name":"Despre Loteria austriac\u0103"}]},{"@type":"WebSite","@id":"https:\/\/redfoxlotto.com\/ro\/#website","url":"https:\/\/redfoxlotto.com\/ro\/","name":"Get Tickets for the World\u2019s largest jackpots","description":"Participate in worldwide lottery jackpots from any country","publisher":{"@id":"https:\/\/redfoxlotto.com\/ro\/#organization"},"potentialAction":[{"@type":"SearchAction","target":{"@type":"EntryPoint","urlTemplate":"https:\/\/redfoxlotto.com\/ro\/?s={search_term_string}"},"query-input":{"@type":"PropertyValueSpecification","valueRequired":true,"valueName":"search_term_string"}}],"inLanguage":"ro-RO"},{"@type":"Organization","@id":"https:\/\/redfoxlotto.com\/ro\/#organization","name":"Get Tickets for the World\u2019s largest jackpots","url":"https:\/\/redfoxlotto.com\/ro\/","logo":{"@type":"ImageObject","inLanguage":"ro-RO","@id":"https:\/\/redfoxlotto.com\/ro\/#\/schema\/logo\/image\/","url":"https:\/\/redfoxlotto.com\/wp-content\/uploads\/2023\/04\/logo.png","contentUrl":"https:\/\/redfoxlotto.com\/wp-content\/uploads\/2023\/04\/logo.png","width":269,"height":53,"caption":"Get Tickets for the World\u2019s largest jackpots"},"image":{"@id":"https:\/\/redfoxlotto.com\/ro\/#\/schema\/logo\/image\/"}}]}},"_links":{"self":[{"href":"https:\/\/redfoxlotto.com\/ro\/wp-json\/wp\/v2\/pages\/14439","targetHints":{"allow":["GET"]}}],"collection":[{"href":"https:\/\/redfoxlotto.com\/ro\/wp-json\/wp\/v2\/pages"}],"about":[{"href":"https:\/\/redfoxlotto.com\/ro\/wp-json\/wp\/v2\/types\/page"}],"author":[{"embeddable":true,"href":"https:\/\/redfoxlotto.com\/ro\/wp-json\/wp\/v2\/users\/1"}],"replies":[{"embeddable":true,"href":"https:\/\/redfoxlotto.com\/ro\/wp-json\/wp\/v2\/comments?post=14439"}],"version-history":[{"count":0,"href":"https:\/\/redfoxlotto.com\/ro\/wp-json\/wp\/v2\/pages\/14439\/revisions"}],"up":[{"embeddable":true,"href":"https:\/\/redfoxlotto.com\/ro\/wp-json\/wp\/v2\/pages\/2834"}],"wp:attachment":[{"href":"https:\/\/redfoxlotto.com\/ro\/wp-json\/wp\/v2\/media?parent=14439"}],"curies":[{"name":"wp","href":"https:\/\/api.w.org\/{rel}","templated":true}]}}