{"id":14401,"date":"2020-08-18T09:10:34","date_gmt":"2020-08-18T09:10:34","guid":{"rendered":"https:\/\/redfoxlotto.com\/?page_id=14401"},"modified":"2023-05-24T17:43:13","modified_gmt":"2023-05-24T17:43:13","slug":"lotto-america","status":"publish","type":"page","link":"https:\/\/redfoxlotto.com\/ro\/informatie\/lotto-america\/","title":{"rendered":"Despre Lotto America"},"content":{"rendered":"<h2 class=\"wp-block-heading\">Cump\u0103ra\u021bi bilete pentru Lotto America online<\/h2><p><img loading=\"lazy\" decoding=\"async\" class=\" wp-image alignright\" src=\"https:\/\/content.redfoxlotto.com\/uploads\/sites\/9\/1_ticket_online_buying.jpg\" alt=\"\u0431\u0438\u043b\u0435\u0442 \u043b\u043e\u0442\u0435\u0440\u0435\u0438 \u0410\u043c\u0435\u0440\u0438\u043a\u0438 \u043e\u043d\u043b\u0430\u0439\u043d\" width=\"242\" height=\"163\" \/><\/p><p>C\u00e2nd vine vorba de achizi\u021bionarea de bilete de loterie online, dori\u021bi s\u0103 v\u0103 asigura\u021bi c\u0103 ve\u021bi participa la cele mai bune jocuri. Dar ai auzit chiar de toate diferitele jocuri care exist\u0103 acolo? Probabil ca nu. Mai ales c\u0103 exist\u0103 jocuri \u00een alte \u021b\u0103ri precum Lotto America, pe care le-ai putea juca online.<\/p><!--more--><h2 class=\"wp-block-heading\">Ce este Lotto America?<\/h2><p><img loading=\"lazy\" decoding=\"async\" class=\" wp-image alignright\" src=\"https:\/\/content.redfoxlotto.com\/uploads\/sites\/9\/1_usa_lottery_win.jpg\" alt=\"lotto america\" width=\"235\" height=\"155\" \/><\/p><p>Lotto America este un joc cu mai multe state, care se joac\u0103 \u00een Statele Unite. Mai precis, este jucat \u00een 13 state din \u021bar\u0103. Dar nu trebuie s\u0103 tr\u0103ie\u0219ti \u00eentr-unul dintre aceste state pentru a juca. Pute\u021bi juca de fapt oriunde \u00een lume.<\/p><h2 class=\"wp-block-heading\">Cump\u0103rarea biletelor<\/h2><p>Dac\u0103 sunte\u021bi interesat s\u0103 juca\u021bi la Lotto America, trebuie doar s\u0103 \u0219ti\u021bi de unde s\u0103 primi\u021bi biletele. V\u0103 putem ajuta s\u0103 ob\u021bine\u021bi biletele pentru acest joc sau orice alte jocuri de loterie pe care a\u021bi dori s\u0103 le juca\u021bi \u00een \u00eentreaga lume. Tot ce trebuie este c\u00e2\u021biva pa\u0219i pentru a \u00eencepe. Primul este c\u0103 ar trebui s\u0103 crea\u021bi un cont cu RedFoxLotto. Este u\u0219or de f\u0103cut \u0219i dureaz\u0103 doar c\u00e2teva secunde pentru a fi complet configurat \u0219i gata de plecare. De acolo, ve\u021bi putea \u00eencepe navigarea prin toate diferitele jocuri de loterie disponibile. A\u021bi putea dori Lotto America sau altceva (sau mai multe jocuri diferite). Dup\u0103 ce a\u021bi decis cu privire la joc, este timpul s\u0103 \u00eencepe\u021bi s\u0103 alege\u021bi numerele. Acesta este locul \u00een care ve\u021bi avea o mul\u021bime de op\u021biuni diferite \u0219i este locul \u00een care va \u00eencepe cu adev\u0103rat partea distractiv\u0103.<\/p><h2 class=\"wp-block-heading\">Alegerea numerelor<\/h2><p>Exist\u0103 cinci numere standard \u0219i un num\u0103r bonus cu Lotto America. Trebuie s\u0103 alege\u021bi care dori\u021bi, astfel \u00eenc\u00e2t s\u0103 pute\u021bi ob\u021bine o combina\u021bie care crede\u021bi c\u0103 este norocos sau care \u00eenseamn\u0103 ceva pentru dvs. Dar dac\u0103 nu \u0219ti\u021bi numerele pe care le dori\u021bi? Sau dac\u0103 ave\u021bi doar c\u00e2teva numere speciale pe care dori\u021bi s\u0103 le juca\u021bi? Aceasta nu este nici o problem\u0103, deoarece pute\u021bi alege care numere dori\u021bi \u0219i completa\u021bi cu numere aleatorii. Sau pute\u021bi utiliza generatorul de numere pentru a alege toate numerele pentru dvs..<\/p><h2 class=\"wp-block-heading\">A\u0219tepta\u021bi rezultatele<\/h2><p>Dup\u0103 ce a\u021bi ales numerele, pute\u021bi alege c\u00e2te bilete dori\u021bi \u0219i pentru ce jocuri. Apoi, pute\u021bi pl\u0103ti biletele \u0219i a\u0219tepta\u021bi doar la urm\u0103toarea tragere la sor\u021bi. Dup\u0103 ce rezultatele jocului vor veni, ve\u021bi putea vedea instantaneu numerele c\u00e2\u0219tig\u0103toare \u0219i c\u00e2te dintre numerele dvs. se potrivesc cu rezultatul extragerii.<\/p>","protected":false},"excerpt":{"rendered":"<p>Cump\u0103ra\u021bi bilete pentru Lotto America online C\u00e2nd vine vorba de achizi\u021bionarea de bilete de loterie online, dori\u021bi s\u0103 v\u0103 asigura\u021bi c\u0103 ve\u021bi participa la cele mai bune jocuri. Dar ai auzit chiar de toate diferitele jocuri care exist\u0103 acolo? Probabil ca nu. Mai ales c\u0103 exist\u0103 jocuri \u00een alte \u021b\u0103ri precum Lotto America, pe care [&hellip;]<\/p>\n","protected":false},"author":1,"featured_media":0,"parent":2834,"menu_order":12,"comment_status":"closed","ping_status":"closed","template":"lotto-america-info.php","meta":{"_et_pb_use_builder":"","_et_pb_old_content":"","_et_gb_content_width":"","exclude_from_search":false,"footnotes":""},"class_list":["post-14401","page","type-page","status-publish","hentry"],"yoast_head":"<!-- This site is optimized with the Yoast SEO plugin v23.8 - https:\/\/yoast.com\/wordpress\/plugins\/seo\/ -->\n<title>Cump\u0103ra\u021bi bilete Lotto America online<\/title>\n<meta name=\"description\" content=\"Dac\u0103 dori\u021bi s\u0103 c\u00e2\u0219tiga\u021bi la Lotto America, cump\u0103ra\u021bi biletul online acum!\" \/>\n<meta name=\"robots\" content=\"index, follow, max-snippet:-1, max-image-preview:large, max-video-preview:-1\" \/>\n<link rel=\"canonical\" href=\"https:\/\/redfoxlotto.com\/ro\/informatie\/lotto-america\/\" \/>\n<meta property=\"og:locale\" content=\"ro_RO\" \/>\n<meta property=\"og:type\" content=\"article\" \/>\n<meta property=\"og:title\" content=\"Cump\u0103ra\u021bi bilete Lotto America online\" \/>\n<meta property=\"og:description\" content=\"Dac\u0103 dori\u021bi s\u0103 c\u00e2\u0219tiga\u021bi la Lotto America, cump\u0103ra\u021bi biletul online acum!\" \/>\n<meta property=\"og:url\" content=\"https:\/\/redfoxlotto.com\/ro\/informatie\/lotto-america\/\" \/>\n<meta property=\"og:site_name\" content=\"Get Tickets for the World\u2019s largest jackpots\" \/>\n<meta property=\"article:modified_time\" content=\"2023-05-24T17:43:13+00:00\" \/>\n<meta property=\"og:image\" content=\"https:\/\/content.redfoxlotto.com\/uploads\/sites\/9\/1_ticket_online_buying.jpg\" \/>\n<meta name=\"twitter:card\" content=\"summary_large_image\" \/>\n<meta name=\"twitter:label1\" content=\"Timp estimat pentru citire\" \/>\n\t<meta name=\"twitter:data1\" content=\"3 minute\" \/>\n<script type=\"application\/ld+json\" class=\"yoast-schema-graph\">{\"@context\":\"https:\/\/schema.org\",\"@graph\":[{\"@type\":\"WebPage\",\"@id\":\"https:\/\/redfoxlotto.com\/ro\/informatie\/lotto-america\/\",\"url\":\"https:\/\/redfoxlotto.com\/ro\/informatie\/lotto-america\/\",\"name\":\"Cump\u0103ra\u021bi bilete Lotto America online\",\"isPartOf\":{\"@id\":\"https:\/\/redfoxlotto.com\/ro\/#website\"},\"primaryImageOfPage\":{\"@id\":\"https:\/\/redfoxlotto.com\/ro\/informatie\/lotto-america\/#primaryimage\"},\"image\":{\"@id\":\"https:\/\/redfoxlotto.com\/ro\/informatie\/lotto-america\/#primaryimage\"},\"thumbnailUrl\":\"https:\/\/content.redfoxlotto.com\/uploads\/sites\/9\/1_ticket_online_buying.jpg\",\"datePublished\":\"2020-08-18T09:10:34+00:00\",\"dateModified\":\"2023-05-24T17:43:13+00:00\",\"description\":\"Dac\u0103 dori\u021bi s\u0103 c\u00e2\u0219tiga\u021bi la Lotto America, cump\u0103ra\u021bi biletul online acum!\",\"breadcrumb\":{\"@id\":\"https:\/\/redfoxlotto.com\/ro\/informatie\/lotto-america\/#breadcrumb\"},\"inLanguage\":\"ro-RO\",\"potentialAction\":[{\"@type\":\"ReadAction\",\"target\":[\"https:\/\/redfoxlotto.com\/ro\/informatie\/lotto-america\/\"]}]},{\"@type\":\"ImageObject\",\"inLanguage\":\"ro-RO\",\"@id\":\"https:\/\/redfoxlotto.com\/ro\/informatie\/lotto-america\/#primaryimage\",\"url\":\"https:\/\/content.redfoxlotto.com\/uploads\/sites\/9\/1_ticket_online_buying.jpg\",\"contentUrl\":\"https:\/\/content.redfoxlotto.com\/uploads\/sites\/9\/1_ticket_online_buying.jpg\"},{\"@type\":\"BreadcrumbList\",\"@id\":\"https:\/\/redfoxlotto.com\/ro\/informatie\/lotto-america\/#breadcrumb\",\"itemListElement\":[{\"@type\":\"ListItem\",\"position\":1,\"name\":\"Home\",\"item\":\"https:\/\/redfoxlotto.com\/ro\/\"},{\"@type\":\"ListItem\",\"position\":2,\"name\":\"Procesul de achizi\u021bionare pentru biletele online de loterie\",\"item\":\"https:\/\/redfoxlotto.com\/ro\/informatie\/\"},{\"@type\":\"ListItem\",\"position\":3,\"name\":\"Despre Lotto America\"}]},{\"@type\":\"WebSite\",\"@id\":\"https:\/\/redfoxlotto.com\/ro\/#website\",\"url\":\"https:\/\/redfoxlotto.com\/ro\/\",\"name\":\"Get Tickets for the World\u2019s largest jackpots\",\"description\":\"Participate in worldwide lottery jackpots from any country\",\"publisher\":{\"@id\":\"https:\/\/redfoxlotto.com\/ro\/#organization\"},\"potentialAction\":[{\"@type\":\"SearchAction\",\"target\":{\"@type\":\"EntryPoint\",\"urlTemplate\":\"https:\/\/redfoxlotto.com\/ro\/?s={search_term_string}\"},\"query-input\":{\"@type\":\"PropertyValueSpecification\",\"valueRequired\":true,\"valueName\":\"search_term_string\"}}],\"inLanguage\":\"ro-RO\"},{\"@type\":\"Organization\",\"@id\":\"https:\/\/redfoxlotto.com\/ro\/#organization\",\"name\":\"Get Tickets for the World\u2019s largest jackpots\",\"url\":\"https:\/\/redfoxlotto.com\/ro\/\",\"logo\":{\"@type\":\"ImageObject\",\"inLanguage\":\"ro-RO\",\"@id\":\"https:\/\/redfoxlotto.com\/ro\/#\/schema\/logo\/image\/\",\"url\":\"https:\/\/redfoxlotto.com\/wp-content\/uploads\/2023\/04\/logo.png\",\"contentUrl\":\"https:\/\/redfoxlotto.com\/wp-content\/uploads\/2023\/04\/logo.png\",\"width\":269,\"height\":53,\"caption\":\"Get Tickets for the World\u2019s largest jackpots\"},\"image\":{\"@id\":\"https:\/\/redfoxlotto.com\/ro\/#\/schema\/logo\/image\/\"}}]}<\/script>\n<!-- \/ Yoast SEO plugin. -->","yoast_head_json":{"title":"Cump\u0103ra\u021bi bilete Lotto America online","description":"Dac\u0103 dori\u021bi s\u0103 c\u00e2\u0219tiga\u021bi la Lotto America, cump\u0103ra\u021bi biletul online acum!","robots":{"index":"index","follow":"follow","max-snippet":"max-snippet:-1","max-image-preview":"max-image-preview:large","max-video-preview":"max-video-preview:-1"},"canonical":"https:\/\/redfoxlotto.com\/ro\/informatie\/lotto-america\/","og_locale":"ro_RO","og_type":"article","og_title":"Cump\u0103ra\u021bi bilete Lotto America online","og_description":"Dac\u0103 dori\u021bi s\u0103 c\u00e2\u0219tiga\u021bi la Lotto America, cump\u0103ra\u021bi biletul online acum!","og_url":"https:\/\/redfoxlotto.com\/ro\/informatie\/lotto-america\/","og_site_name":"Get Tickets for the World\u2019s largest jackpots","article_modified_time":"2023-05-24T17:43:13+00:00","og_image":[{"url":"https:\/\/content.redfoxlotto.com\/uploads\/sites\/9\/1_ticket_online_buying.jpg"}],"twitter_card":"summary_large_image","twitter_misc":{"Timp estimat pentru citire":"3 minute"},"schema":{"@context":"https:\/\/schema.org","@graph":[{"@type":"WebPage","@id":"https:\/\/redfoxlotto.com\/ro\/informatie\/lotto-america\/","url":"https:\/\/redfoxlotto.com\/ro\/informatie\/lotto-america\/","name":"Cump\u0103ra\u021bi bilete Lotto America online","isPartOf":{"@id":"https:\/\/redfoxlotto.com\/ro\/#website"},"primaryImageOfPage":{"@id":"https:\/\/redfoxlotto.com\/ro\/informatie\/lotto-america\/#primaryimage"},"image":{"@id":"https:\/\/redfoxlotto.com\/ro\/informatie\/lotto-america\/#primaryimage"},"thumbnailUrl":"https:\/\/content.redfoxlotto.com\/uploads\/sites\/9\/1_ticket_online_buying.jpg","datePublished":"2020-08-18T09:10:34+00:00","dateModified":"2023-05-24T17:43:13+00:00","description":"Dac\u0103 dori\u021bi s\u0103 c\u00e2\u0219tiga\u021bi la Lotto America, cump\u0103ra\u021bi biletul online acum!","breadcrumb":{"@id":"https:\/\/redfoxlotto.com\/ro\/informatie\/lotto-america\/#breadcrumb"},"inLanguage":"ro-RO","potentialAction":[{"@type":"ReadAction","target":["https:\/\/redfoxlotto.com\/ro\/informatie\/lotto-america\/"]}]},{"@type":"ImageObject","inLanguage":"ro-RO","@id":"https:\/\/redfoxlotto.com\/ro\/informatie\/lotto-america\/#primaryimage","url":"https:\/\/content.redfoxlotto.com\/uploads\/sites\/9\/1_ticket_online_buying.jpg","contentUrl":"https:\/\/content.redfoxlotto.com\/uploads\/sites\/9\/1_ticket_online_buying.jpg"},{"@type":"BreadcrumbList","@id":"https:\/\/redfoxlotto.com\/ro\/informatie\/lotto-america\/#breadcrumb","itemListElement":[{"@type":"ListItem","position":1,"name":"Home","item":"https:\/\/redfoxlotto.com\/ro\/"},{"@type":"ListItem","position":2,"name":"Procesul de achizi\u021bionare pentru biletele online de loterie","item":"https:\/\/redfoxlotto.com\/ro\/informatie\/"},{"@type":"ListItem","position":3,"name":"Despre Lotto America"}]},{"@type":"WebSite","@id":"https:\/\/redfoxlotto.com\/ro\/#website","url":"https:\/\/redfoxlotto.com\/ro\/","name":"Get Tickets for the World\u2019s largest jackpots","description":"Participate in worldwide lottery jackpots from any country","publisher":{"@id":"https:\/\/redfoxlotto.com\/ro\/#organization"},"potentialAction":[{"@type":"SearchAction","target":{"@type":"EntryPoint","urlTemplate":"https:\/\/redfoxlotto.com\/ro\/?s={search_term_string}"},"query-input":{"@type":"PropertyValueSpecification","valueRequired":true,"valueName":"search_term_string"}}],"inLanguage":"ro-RO"},{"@type":"Organization","@id":"https:\/\/redfoxlotto.com\/ro\/#organization","name":"Get Tickets for the World\u2019s largest jackpots","url":"https:\/\/redfoxlotto.com\/ro\/","logo":{"@type":"ImageObject","inLanguage":"ro-RO","@id":"https:\/\/redfoxlotto.com\/ro\/#\/schema\/logo\/image\/","url":"https:\/\/redfoxlotto.com\/wp-content\/uploads\/2023\/04\/logo.png","contentUrl":"https:\/\/redfoxlotto.com\/wp-content\/uploads\/2023\/04\/logo.png","width":269,"height":53,"caption":"Get Tickets for the World\u2019s largest jackpots"},"image":{"@id":"https:\/\/redfoxlotto.com\/ro\/#\/schema\/logo\/image\/"}}]}},"_links":{"self":[{"href":"https:\/\/redfoxlotto.com\/ro\/wp-json\/wp\/v2\/pages\/14401","targetHints":{"allow":["GET"]}}],"collection":[{"href":"https:\/\/redfoxlotto.com\/ro\/wp-json\/wp\/v2\/pages"}],"about":[{"href":"https:\/\/redfoxlotto.com\/ro\/wp-json\/wp\/v2\/types\/page"}],"author":[{"embeddable":true,"href":"https:\/\/redfoxlotto.com\/ro\/wp-json\/wp\/v2\/users\/1"}],"replies":[{"embeddable":true,"href":"https:\/\/redfoxlotto.com\/ro\/wp-json\/wp\/v2\/comments?post=14401"}],"version-history":[{"count":0,"href":"https:\/\/redfoxlotto.com\/ro\/wp-json\/wp\/v2\/pages\/14401\/revisions"}],"up":[{"embeddable":true,"href":"https:\/\/redfoxlotto.com\/ro\/wp-json\/wp\/v2\/pages\/2834"}],"wp:attachment":[{"href":"https:\/\/redfoxlotto.com\/ro\/wp-json\/wp\/v2\/media?parent=14401"}],"curies":[{"name":"wp","href":"https:\/\/api.w.org\/{rel}","templated":true}]}}