{"id":14362,"date":"2022-09-26T12:33:09","date_gmt":"2022-09-26T12:33:09","guid":{"rendered":"https:\/\/redfoxlotto.com\/?page_id=14362"},"modified":"2023-05-24T17:42:17","modified_gmt":"2023-05-24T17:42:17","slug":"thunderball","status":"publish","type":"page","link":"https:\/\/redfoxlotto.com\/ro\/informatie\/thunderball\/","title":{"rendered":"Despre Thunderball"},"content":{"rendered":"<h2 class=\"wp-block-heading\">Cump\u0103ra\u021bi bilete pentru Thunderball UK Lotto online<\/h2><p><img loading=\"lazy\" decoding=\"async\" class=\" wp-image alignright\" src=\"https:\/\/content.redfoxlotto.com\/uploads\/sites\/9\/1_online_lottery_jackpot_win.jpg\" alt=\"buy thunderball online\" width=\"223\" height=\"203\" \/><\/p><p>Ori de c\u00e2te ori sunte\u021bi gata s\u0103 cump\u0103ra\u021bi bilete pentru Thunderball UK Lotto online, pute\u021bi arunca o privire mai atent\u0103 la op\u021biunile de pe RedFoxLotto.com. S-ar putea chiar s\u0103 fi\u021bi surprin\u0219i c\u00e2t de u\u0219or este s\u0103 juca\u021bi. Tot ce trebuie s\u0103 face\u021bi este s\u0103 selecta\u021bi 5 numere obi\u0219nuite \u0219i 1 Thunderball. Apoi, alege\u021bi datele pentru desen. A\u0219a ai putea c\u00e2\u0219tiga cu doar 1 num\u0103r de potrivire!<\/p><!--more--><h2 class=\"wp-block-heading\">Cump\u0103ra\u021bi biletele pentru Thunderball UK Lotto<\/h2><p>C\u00e2nd este timpul s\u0103 cump\u0103ra\u021bi bilete online pentru Thunderball UK Lotto, ve\u021bi avea nevoie de un serviciu care v\u0103 permite s\u0103 alege\u021bi biletele dorite, din orice joc dori\u021bi. Aici intervine RedFoxLotto.com. Pute\u021bi alege orice joc dori\u021bi s\u0103 juca\u021bi \u0219i s\u0103 alege\u021bi biletele dorite.<\/p><p>Selecta\u021bi numerele pe care dori\u021bi s\u0103 le juca\u021bi sau utiliza\u021bi Alegere rapid\u0103 pentru ca numerele s\u0103 fie selectate pentru dvs. Apoi alege\u021bi datele \u0219i num\u0103rul de desene pe care le dori\u021bi \u0219i metoda de plat\u0103 preferat\u0103. Dup\u0103 ce a\u021bi cump\u0103rat biletele, a\u0219tepta\u021bi doar desenul \u0219i, sper\u0103m, ve\u0219tile bune care vor urma.<\/p><h2 class=\"wp-block-heading\">Verifica\u021bi numerele c\u00e2\u0219tig\u0103toare<\/h2><p>Odat\u0103 ce a avut loc extragerea, v\u0103 pute\u021bi conecta din nou la contul dvs. pe RedFoxLotto.com pentru a vedea cum se compar\u0103 numerele biletelor dvs. cu numerele c\u00e2\u0219tig\u0103toare. Va fi chiar acolo \u00een contul dvs. de bilet \u0219i va fi mult mai u\u0219or pentru dvs. Tot ce trebuie s\u0103 face\u021bi este s\u0103 vede\u021bi ce numere sunt eviden\u021biate pentru a vedea care se potrivesc.<\/p>","protected":false},"excerpt":{"rendered":"<p>Cump\u0103ra\u021bi bilete pentru Thunderball UK Lotto online Ori de c\u00e2te ori sunte\u021bi gata s\u0103 cump\u0103ra\u021bi bilete pentru Thunderball UK Lotto online, pute\u021bi arunca o privire mai atent\u0103 la op\u021biunile de pe RedFoxLotto.com. S-ar putea chiar s\u0103 fi\u021bi surprin\u0219i c\u00e2t de u\u0219or este s\u0103 juca\u021bi. Tot ce trebuie s\u0103 face\u021bi este s\u0103 selecta\u021bi 5 numere obi\u0219nuite [&hellip;]<\/p>\n","protected":false},"author":1,"featured_media":0,"parent":2834,"menu_order":11,"comment_status":"closed","ping_status":"closed","template":"thunderball-info.php","meta":{"_et_pb_use_builder":"","_et_pb_old_content":"","_et_gb_content_width":"","exclude_from_search":false,"footnotes":""},"class_list":["post-14362","page","type-page","status-publish","hentry"],"yoast_head":"<!-- This site is optimized with the Yoast SEO plugin v23.8 - https:\/\/yoast.com\/wordpress\/plugins\/seo\/ -->\n<title>Ob\u021bine\u021bi biletul pentru Thunderball Lotto online<\/title>\n<meta name=\"description\" content=\"Cump\u0103ra\u021bi bilete pentru Thunderball Lotto chiar dac\u0103 nu locui\u021bi \u00een Marea Britanie\" \/>\n<meta name=\"robots\" content=\"index, follow, max-snippet:-1, max-image-preview:large, max-video-preview:-1\" \/>\n<link rel=\"canonical\" href=\"https:\/\/redfoxlotto.com\/ro\/informatie\/thunderball\/\" \/>\n<meta property=\"og:locale\" content=\"ro_RO\" \/>\n<meta property=\"og:type\" content=\"article\" \/>\n<meta property=\"og:title\" content=\"Ob\u021bine\u021bi biletul pentru Thunderball Lotto online\" \/>\n<meta property=\"og:description\" content=\"Cump\u0103ra\u021bi bilete pentru Thunderball Lotto chiar dac\u0103 nu locui\u021bi \u00een Marea Britanie\" \/>\n<meta property=\"og:url\" content=\"https:\/\/redfoxlotto.com\/ro\/informatie\/thunderball\/\" \/>\n<meta property=\"og:site_name\" content=\"Get Tickets for the World\u2019s largest jackpots\" \/>\n<meta property=\"article:modified_time\" content=\"2023-05-24T17:42:17+00:00\" \/>\n<meta property=\"og:image\" content=\"https:\/\/content.redfoxlotto.com\/uploads\/sites\/9\/1_online_lottery_jackpot_win.jpg\" \/>\n<meta name=\"twitter:card\" content=\"summary_large_image\" \/>\n<meta name=\"twitter:label1\" content=\"Timp estimat pentru citire\" \/>\n\t<meta name=\"twitter:data1\" content=\"2 minute\" \/>\n<script type=\"application\/ld+json\" class=\"yoast-schema-graph\">{\"@context\":\"https:\/\/schema.org\",\"@graph\":[{\"@type\":\"WebPage\",\"@id\":\"https:\/\/redfoxlotto.com\/ro\/informatie\/thunderball\/\",\"url\":\"https:\/\/redfoxlotto.com\/ro\/informatie\/thunderball\/\",\"name\":\"Ob\u021bine\u021bi biletul pentru Thunderball Lotto online\",\"isPartOf\":{\"@id\":\"https:\/\/redfoxlotto.com\/ro\/#website\"},\"primaryImageOfPage\":{\"@id\":\"https:\/\/redfoxlotto.com\/ro\/informatie\/thunderball\/#primaryimage\"},\"image\":{\"@id\":\"https:\/\/redfoxlotto.com\/ro\/informatie\/thunderball\/#primaryimage\"},\"thumbnailUrl\":\"https:\/\/content.redfoxlotto.com\/uploads\/sites\/9\/1_online_lottery_jackpot_win.jpg\",\"datePublished\":\"2022-09-26T12:33:09+00:00\",\"dateModified\":\"2023-05-24T17:42:17+00:00\",\"description\":\"Cump\u0103ra\u021bi bilete pentru Thunderball Lotto chiar dac\u0103 nu locui\u021bi \u00een Marea Britanie\",\"breadcrumb\":{\"@id\":\"https:\/\/redfoxlotto.com\/ro\/informatie\/thunderball\/#breadcrumb\"},\"inLanguage\":\"ro-RO\",\"potentialAction\":[{\"@type\":\"ReadAction\",\"target\":[\"https:\/\/redfoxlotto.com\/ro\/informatie\/thunderball\/\"]}]},{\"@type\":\"ImageObject\",\"inLanguage\":\"ro-RO\",\"@id\":\"https:\/\/redfoxlotto.com\/ro\/informatie\/thunderball\/#primaryimage\",\"url\":\"https:\/\/content.redfoxlotto.com\/uploads\/sites\/9\/1_online_lottery_jackpot_win.jpg\",\"contentUrl\":\"https:\/\/content.redfoxlotto.com\/uploads\/sites\/9\/1_online_lottery_jackpot_win.jpg\"},{\"@type\":\"BreadcrumbList\",\"@id\":\"https:\/\/redfoxlotto.com\/ro\/informatie\/thunderball\/#breadcrumb\",\"itemListElement\":[{\"@type\":\"ListItem\",\"position\":1,\"name\":\"Home\",\"item\":\"https:\/\/redfoxlotto.com\/ro\/\"},{\"@type\":\"ListItem\",\"position\":2,\"name\":\"Procesul de achizi\u021bionare pentru biletele online de loterie\",\"item\":\"https:\/\/redfoxlotto.com\/ro\/informatie\/\"},{\"@type\":\"ListItem\",\"position\":3,\"name\":\"Despre Thunderball\"}]},{\"@type\":\"WebSite\",\"@id\":\"https:\/\/redfoxlotto.com\/ro\/#website\",\"url\":\"https:\/\/redfoxlotto.com\/ro\/\",\"name\":\"Get Tickets for the World\u2019s largest jackpots\",\"description\":\"Participate in worldwide lottery jackpots from any country\",\"publisher\":{\"@id\":\"https:\/\/redfoxlotto.com\/ro\/#organization\"},\"potentialAction\":[{\"@type\":\"SearchAction\",\"target\":{\"@type\":\"EntryPoint\",\"urlTemplate\":\"https:\/\/redfoxlotto.com\/ro\/?s={search_term_string}\"},\"query-input\":{\"@type\":\"PropertyValueSpecification\",\"valueRequired\":true,\"valueName\":\"search_term_string\"}}],\"inLanguage\":\"ro-RO\"},{\"@type\":\"Organization\",\"@id\":\"https:\/\/redfoxlotto.com\/ro\/#organization\",\"name\":\"Get Tickets for the World\u2019s largest jackpots\",\"url\":\"https:\/\/redfoxlotto.com\/ro\/\",\"logo\":{\"@type\":\"ImageObject\",\"inLanguage\":\"ro-RO\",\"@id\":\"https:\/\/redfoxlotto.com\/ro\/#\/schema\/logo\/image\/\",\"url\":\"https:\/\/redfoxlotto.com\/wp-content\/uploads\/2023\/04\/logo.png\",\"contentUrl\":\"https:\/\/redfoxlotto.com\/wp-content\/uploads\/2023\/04\/logo.png\",\"width\":269,\"height\":53,\"caption\":\"Get Tickets for the World\u2019s largest jackpots\"},\"image\":{\"@id\":\"https:\/\/redfoxlotto.com\/ro\/#\/schema\/logo\/image\/\"}}]}<\/script>\n<!-- \/ Yoast SEO plugin. -->","yoast_head_json":{"title":"Ob\u021bine\u021bi biletul pentru Thunderball Lotto online","description":"Cump\u0103ra\u021bi bilete pentru Thunderball Lotto chiar dac\u0103 nu locui\u021bi \u00een Marea Britanie","robots":{"index":"index","follow":"follow","max-snippet":"max-snippet:-1","max-image-preview":"max-image-preview:large","max-video-preview":"max-video-preview:-1"},"canonical":"https:\/\/redfoxlotto.com\/ro\/informatie\/thunderball\/","og_locale":"ro_RO","og_type":"article","og_title":"Ob\u021bine\u021bi biletul pentru Thunderball Lotto online","og_description":"Cump\u0103ra\u021bi bilete pentru Thunderball Lotto chiar dac\u0103 nu locui\u021bi \u00een Marea Britanie","og_url":"https:\/\/redfoxlotto.com\/ro\/informatie\/thunderball\/","og_site_name":"Get Tickets for the World\u2019s largest jackpots","article_modified_time":"2023-05-24T17:42:17+00:00","og_image":[{"url":"https:\/\/content.redfoxlotto.com\/uploads\/sites\/9\/1_online_lottery_jackpot_win.jpg"}],"twitter_card":"summary_large_image","twitter_misc":{"Timp estimat pentru citire":"2 minute"},"schema":{"@context":"https:\/\/schema.org","@graph":[{"@type":"WebPage","@id":"https:\/\/redfoxlotto.com\/ro\/informatie\/thunderball\/","url":"https:\/\/redfoxlotto.com\/ro\/informatie\/thunderball\/","name":"Ob\u021bine\u021bi biletul pentru Thunderball Lotto online","isPartOf":{"@id":"https:\/\/redfoxlotto.com\/ro\/#website"},"primaryImageOfPage":{"@id":"https:\/\/redfoxlotto.com\/ro\/informatie\/thunderball\/#primaryimage"},"image":{"@id":"https:\/\/redfoxlotto.com\/ro\/informatie\/thunderball\/#primaryimage"},"thumbnailUrl":"https:\/\/content.redfoxlotto.com\/uploads\/sites\/9\/1_online_lottery_jackpot_win.jpg","datePublished":"2022-09-26T12:33:09+00:00","dateModified":"2023-05-24T17:42:17+00:00","description":"Cump\u0103ra\u021bi bilete pentru Thunderball Lotto chiar dac\u0103 nu locui\u021bi \u00een Marea Britanie","breadcrumb":{"@id":"https:\/\/redfoxlotto.com\/ro\/informatie\/thunderball\/#breadcrumb"},"inLanguage":"ro-RO","potentialAction":[{"@type":"ReadAction","target":["https:\/\/redfoxlotto.com\/ro\/informatie\/thunderball\/"]}]},{"@type":"ImageObject","inLanguage":"ro-RO","@id":"https:\/\/redfoxlotto.com\/ro\/informatie\/thunderball\/#primaryimage","url":"https:\/\/content.redfoxlotto.com\/uploads\/sites\/9\/1_online_lottery_jackpot_win.jpg","contentUrl":"https:\/\/content.redfoxlotto.com\/uploads\/sites\/9\/1_online_lottery_jackpot_win.jpg"},{"@type":"BreadcrumbList","@id":"https:\/\/redfoxlotto.com\/ro\/informatie\/thunderball\/#breadcrumb","itemListElement":[{"@type":"ListItem","position":1,"name":"Home","item":"https:\/\/redfoxlotto.com\/ro\/"},{"@type":"ListItem","position":2,"name":"Procesul de achizi\u021bionare pentru biletele online de loterie","item":"https:\/\/redfoxlotto.com\/ro\/informatie\/"},{"@type":"ListItem","position":3,"name":"Despre Thunderball"}]},{"@type":"WebSite","@id":"https:\/\/redfoxlotto.com\/ro\/#website","url":"https:\/\/redfoxlotto.com\/ro\/","name":"Get Tickets for the World\u2019s largest jackpots","description":"Participate in worldwide lottery jackpots from any country","publisher":{"@id":"https:\/\/redfoxlotto.com\/ro\/#organization"},"potentialAction":[{"@type":"SearchAction","target":{"@type":"EntryPoint","urlTemplate":"https:\/\/redfoxlotto.com\/ro\/?s={search_term_string}"},"query-input":{"@type":"PropertyValueSpecification","valueRequired":true,"valueName":"search_term_string"}}],"inLanguage":"ro-RO"},{"@type":"Organization","@id":"https:\/\/redfoxlotto.com\/ro\/#organization","name":"Get Tickets for the World\u2019s largest jackpots","url":"https:\/\/redfoxlotto.com\/ro\/","logo":{"@type":"ImageObject","inLanguage":"ro-RO","@id":"https:\/\/redfoxlotto.com\/ro\/#\/schema\/logo\/image\/","url":"https:\/\/redfoxlotto.com\/wp-content\/uploads\/2023\/04\/logo.png","contentUrl":"https:\/\/redfoxlotto.com\/wp-content\/uploads\/2023\/04\/logo.png","width":269,"height":53,"caption":"Get Tickets for the World\u2019s largest jackpots"},"image":{"@id":"https:\/\/redfoxlotto.com\/ro\/#\/schema\/logo\/image\/"}}]}},"_links":{"self":[{"href":"https:\/\/redfoxlotto.com\/ro\/wp-json\/wp\/v2\/pages\/14362","targetHints":{"allow":["GET"]}}],"collection":[{"href":"https:\/\/redfoxlotto.com\/ro\/wp-json\/wp\/v2\/pages"}],"about":[{"href":"https:\/\/redfoxlotto.com\/ro\/wp-json\/wp\/v2\/types\/page"}],"author":[{"embeddable":true,"href":"https:\/\/redfoxlotto.com\/ro\/wp-json\/wp\/v2\/users\/1"}],"replies":[{"embeddable":true,"href":"https:\/\/redfoxlotto.com\/ro\/wp-json\/wp\/v2\/comments?post=14362"}],"version-history":[{"count":0,"href":"https:\/\/redfoxlotto.com\/ro\/wp-json\/wp\/v2\/pages\/14362\/revisions"}],"up":[{"embeddable":true,"href":"https:\/\/redfoxlotto.com\/ro\/wp-json\/wp\/v2\/pages\/2834"}],"wp:attachment":[{"href":"https:\/\/redfoxlotto.com\/ro\/wp-json\/wp\/v2\/media?parent=14362"}],"curies":[{"name":"wp","href":"https:\/\/api.w.org\/{rel}","templated":true}]}}