{"id":14186,"date":"2019-08-09T14:33:52","date_gmt":"2019-08-09T14:33:52","guid":{"rendered":"https:\/\/redfoxlotto.com\/?page_id=14186"},"modified":"2023-05-24T17:41:58","modified_gmt":"2023-05-24T17:41:58","slug":"lotto-fr","status":"publish","type":"page","link":"https:\/\/redfoxlotto.com\/ro\/informatie\/lotto-fr\/","title":{"rendered":"Despre Loteria Francez\u0103"},"content":{"rendered":"<p>Cu loteria francez\u0103, exist\u0103 de fapt desene pe trei zile ale s\u0103pt\u0103m\u00e2nii, a\u0219a c\u0103 ve\u021bi avea multe oportunit\u0103\u021bi de joc. \u00cen fiecare luni, miercuri \u0219i s\u00e2mb\u0103t\u0103 fac un nou desen \u0219i acest lucru va face unul dintre jackpot-urile mai frecvente. Acest lucru este \u0219i mai important atunci c\u00e2nd v\u0103 g\u00e2ndi\u021bi la faptul c\u0103 jackpot-ul va fi unul dintre cele mai mari. \u00cen cazul \u00een care un jackpot de loterie tipic zilnic este destul de mic \u0219i extragerile s\u0103pt\u0103m\u00e2nale sau bi-s\u0103pt\u0103m\u00e2nale sunt destul de mari, acesta se va apropia mai mult de acea categorie mare.<\/p><!--more--><p>Pe l\u00e2ng\u0103 frecven\u021ba desenelor, jocul este super simplu. Modul \u00een care vei c\u00e2\u0219tiga este dac\u0103 ai toate cele cinci numere corecte \u0219i prime\u0219ti mingea corect\u0103 a bonusului. A\u0219adar, exist\u0103 \u0219ase numere diferite care urmeaz\u0103 s\u0103 fie sunate \u0219i s-ar putea \u00eencheia cu marele jackpot, care va fi, \u00een general, de 2.000.000 de euro. Cu siguran\u021b\u0103 va fi o sum\u0103 bun\u0103 de bani, nu? \u0218i de aici \u00eencepe jackpotul \u0219i continu\u0103 s\u0103 urce de acolo. Asta \u00eenseamn\u0103 c\u0103 exist\u0103 \u00eentotdeauna \u0219anse mari s\u0103 c\u00e2\u0219tigi mai mult dec\u00e2t at\u00e2t.<\/p>","protected":false},"excerpt":{"rendered":"<p>Cu loteria francez\u0103, exist\u0103 de fapt desene pe trei zile ale s\u0103pt\u0103m\u00e2nii, a\u0219a c\u0103 ve\u021bi avea multe oportunit\u0103\u021bi de joc. \u00cen fiecare luni, miercuri \u0219i s\u00e2mb\u0103t\u0103 fac un nou desen \u0219i acest lucru va face unul dintre jackpot-urile mai frecvente. Acest lucru este \u0219i mai important atunci c\u00e2nd v\u0103 g\u00e2ndi\u021bi la faptul c\u0103 jackpot-ul va [&hellip;]<\/p>\n","protected":false},"author":1,"featured_media":0,"parent":2834,"menu_order":31,"comment_status":"closed","ping_status":"closed","template":"lotto-fr-info.php","meta":{"_et_pb_use_builder":"","_et_pb_old_content":"","_et_gb_content_width":"","exclude_from_search":false,"footnotes":""},"class_list":["post-14186","page","type-page","status-publish","hentry"],"yoast_head":"<!-- This site is optimized with the Yoast SEO plugin v23.8 - https:\/\/yoast.com\/wordpress\/plugins\/seo\/ -->\n<title>Cump\u0103ra\u021bi bilete la loteria francez\u0103 online<\/title>\n<meta name=\"description\" content=\"Sunte\u021bi gata s\u0103 cump\u0103ra\u021bi bilete pentru loteria francez\u0103 online? G\u0103si\u021bi tot ce trebuie s\u0103 \u0219ti\u021bi despre asta aici!\" \/>\n<meta name=\"robots\" content=\"index, follow, max-snippet:-1, max-image-preview:large, max-video-preview:-1\" \/>\n<link rel=\"canonical\" href=\"https:\/\/redfoxlotto.com\/ro\/informatie\/lotto-fr\/\" \/>\n<meta property=\"og:locale\" content=\"ro_RO\" \/>\n<meta property=\"og:type\" content=\"article\" \/>\n<meta property=\"og:title\" content=\"Cump\u0103ra\u021bi bilete la loteria francez\u0103 online\" \/>\n<meta property=\"og:description\" content=\"Sunte\u021bi gata s\u0103 cump\u0103ra\u021bi bilete pentru loteria francez\u0103 online? G\u0103si\u021bi tot ce trebuie s\u0103 \u0219ti\u021bi despre asta aici!\" \/>\n<meta property=\"og:url\" content=\"https:\/\/redfoxlotto.com\/ro\/informatie\/lotto-fr\/\" \/>\n<meta property=\"og:site_name\" content=\"Get Tickets for the World\u2019s largest jackpots\" \/>\n<meta property=\"article:modified_time\" content=\"2023-05-24T17:41:58+00:00\" \/>\n<meta name=\"twitter:card\" content=\"summary_large_image\" \/>\n<meta name=\"twitter:label1\" content=\"Timp estimat pentru citire\" \/>\n\t<meta name=\"twitter:data1\" content=\"1 minut\" \/>\n<script type=\"application\/ld+json\" class=\"yoast-schema-graph\">{\"@context\":\"https:\/\/schema.org\",\"@graph\":[{\"@type\":\"WebPage\",\"@id\":\"https:\/\/redfoxlotto.com\/ro\/informatie\/lotto-fr\/\",\"url\":\"https:\/\/redfoxlotto.com\/ro\/informatie\/lotto-fr\/\",\"name\":\"Cump\u0103ra\u021bi bilete la loteria francez\u0103 online\",\"isPartOf\":{\"@id\":\"https:\/\/redfoxlotto.com\/ro\/#website\"},\"datePublished\":\"2019-08-09T14:33:52+00:00\",\"dateModified\":\"2023-05-24T17:41:58+00:00\",\"description\":\"Sunte\u021bi gata s\u0103 cump\u0103ra\u021bi bilete pentru loteria francez\u0103 online? G\u0103si\u021bi tot ce trebuie s\u0103 \u0219ti\u021bi despre asta aici!\",\"breadcrumb\":{\"@id\":\"https:\/\/redfoxlotto.com\/ro\/informatie\/lotto-fr\/#breadcrumb\"},\"inLanguage\":\"ro-RO\",\"potentialAction\":[{\"@type\":\"ReadAction\",\"target\":[\"https:\/\/redfoxlotto.com\/ro\/informatie\/lotto-fr\/\"]}]},{\"@type\":\"BreadcrumbList\",\"@id\":\"https:\/\/redfoxlotto.com\/ro\/informatie\/lotto-fr\/#breadcrumb\",\"itemListElement\":[{\"@type\":\"ListItem\",\"position\":1,\"name\":\"Home\",\"item\":\"https:\/\/redfoxlotto.com\/ro\/\"},{\"@type\":\"ListItem\",\"position\":2,\"name\":\"Procesul de achizi\u021bionare pentru biletele online de loterie\",\"item\":\"https:\/\/redfoxlotto.com\/ro\/informatie\/\"},{\"@type\":\"ListItem\",\"position\":3,\"name\":\"Despre Loteria Francez\u0103\"}]},{\"@type\":\"WebSite\",\"@id\":\"https:\/\/redfoxlotto.com\/ro\/#website\",\"url\":\"https:\/\/redfoxlotto.com\/ro\/\",\"name\":\"Get Tickets for the World\u2019s largest jackpots\",\"description\":\"Participate in worldwide lottery jackpots from any country\",\"publisher\":{\"@id\":\"https:\/\/redfoxlotto.com\/ro\/#organization\"},\"potentialAction\":[{\"@type\":\"SearchAction\",\"target\":{\"@type\":\"EntryPoint\",\"urlTemplate\":\"https:\/\/redfoxlotto.com\/ro\/?s={search_term_string}\"},\"query-input\":{\"@type\":\"PropertyValueSpecification\",\"valueRequired\":true,\"valueName\":\"search_term_string\"}}],\"inLanguage\":\"ro-RO\"},{\"@type\":\"Organization\",\"@id\":\"https:\/\/redfoxlotto.com\/ro\/#organization\",\"name\":\"Get Tickets for the World\u2019s largest jackpots\",\"url\":\"https:\/\/redfoxlotto.com\/ro\/\",\"logo\":{\"@type\":\"ImageObject\",\"inLanguage\":\"ro-RO\",\"@id\":\"https:\/\/redfoxlotto.com\/ro\/#\/schema\/logo\/image\/\",\"url\":\"https:\/\/redfoxlotto.com\/wp-content\/uploads\/2023\/04\/logo.png\",\"contentUrl\":\"https:\/\/redfoxlotto.com\/wp-content\/uploads\/2023\/04\/logo.png\",\"width\":269,\"height\":53,\"caption\":\"Get Tickets for the World\u2019s largest jackpots\"},\"image\":{\"@id\":\"https:\/\/redfoxlotto.com\/ro\/#\/schema\/logo\/image\/\"}}]}<\/script>\n<!-- \/ Yoast SEO plugin. -->","yoast_head_json":{"title":"Cump\u0103ra\u021bi bilete la loteria francez\u0103 online","description":"Sunte\u021bi gata s\u0103 cump\u0103ra\u021bi bilete pentru loteria francez\u0103 online? G\u0103si\u021bi tot ce trebuie s\u0103 \u0219ti\u021bi despre asta aici!","robots":{"index":"index","follow":"follow","max-snippet":"max-snippet:-1","max-image-preview":"max-image-preview:large","max-video-preview":"max-video-preview:-1"},"canonical":"https:\/\/redfoxlotto.com\/ro\/informatie\/lotto-fr\/","og_locale":"ro_RO","og_type":"article","og_title":"Cump\u0103ra\u021bi bilete la loteria francez\u0103 online","og_description":"Sunte\u021bi gata s\u0103 cump\u0103ra\u021bi bilete pentru loteria francez\u0103 online? G\u0103si\u021bi tot ce trebuie s\u0103 \u0219ti\u021bi despre asta aici!","og_url":"https:\/\/redfoxlotto.com\/ro\/informatie\/lotto-fr\/","og_site_name":"Get Tickets for the World\u2019s largest jackpots","article_modified_time":"2023-05-24T17:41:58+00:00","twitter_card":"summary_large_image","twitter_misc":{"Timp estimat pentru citire":"1 minut"},"schema":{"@context":"https:\/\/schema.org","@graph":[{"@type":"WebPage","@id":"https:\/\/redfoxlotto.com\/ro\/informatie\/lotto-fr\/","url":"https:\/\/redfoxlotto.com\/ro\/informatie\/lotto-fr\/","name":"Cump\u0103ra\u021bi bilete la loteria francez\u0103 online","isPartOf":{"@id":"https:\/\/redfoxlotto.com\/ro\/#website"},"datePublished":"2019-08-09T14:33:52+00:00","dateModified":"2023-05-24T17:41:58+00:00","description":"Sunte\u021bi gata s\u0103 cump\u0103ra\u021bi bilete pentru loteria francez\u0103 online? G\u0103si\u021bi tot ce trebuie s\u0103 \u0219ti\u021bi despre asta aici!","breadcrumb":{"@id":"https:\/\/redfoxlotto.com\/ro\/informatie\/lotto-fr\/#breadcrumb"},"inLanguage":"ro-RO","potentialAction":[{"@type":"ReadAction","target":["https:\/\/redfoxlotto.com\/ro\/informatie\/lotto-fr\/"]}]},{"@type":"BreadcrumbList","@id":"https:\/\/redfoxlotto.com\/ro\/informatie\/lotto-fr\/#breadcrumb","itemListElement":[{"@type":"ListItem","position":1,"name":"Home","item":"https:\/\/redfoxlotto.com\/ro\/"},{"@type":"ListItem","position":2,"name":"Procesul de achizi\u021bionare pentru biletele online de loterie","item":"https:\/\/redfoxlotto.com\/ro\/informatie\/"},{"@type":"ListItem","position":3,"name":"Despre Loteria Francez\u0103"}]},{"@type":"WebSite","@id":"https:\/\/redfoxlotto.com\/ro\/#website","url":"https:\/\/redfoxlotto.com\/ro\/","name":"Get Tickets for the World\u2019s largest jackpots","description":"Participate in worldwide lottery jackpots from any country","publisher":{"@id":"https:\/\/redfoxlotto.com\/ro\/#organization"},"potentialAction":[{"@type":"SearchAction","target":{"@type":"EntryPoint","urlTemplate":"https:\/\/redfoxlotto.com\/ro\/?s={search_term_string}"},"query-input":{"@type":"PropertyValueSpecification","valueRequired":true,"valueName":"search_term_string"}}],"inLanguage":"ro-RO"},{"@type":"Organization","@id":"https:\/\/redfoxlotto.com\/ro\/#organization","name":"Get Tickets for the World\u2019s largest jackpots","url":"https:\/\/redfoxlotto.com\/ro\/","logo":{"@type":"ImageObject","inLanguage":"ro-RO","@id":"https:\/\/redfoxlotto.com\/ro\/#\/schema\/logo\/image\/","url":"https:\/\/redfoxlotto.com\/wp-content\/uploads\/2023\/04\/logo.png","contentUrl":"https:\/\/redfoxlotto.com\/wp-content\/uploads\/2023\/04\/logo.png","width":269,"height":53,"caption":"Get Tickets for the World\u2019s largest jackpots"},"image":{"@id":"https:\/\/redfoxlotto.com\/ro\/#\/schema\/logo\/image\/"}}]}},"_links":{"self":[{"href":"https:\/\/redfoxlotto.com\/ro\/wp-json\/wp\/v2\/pages\/14186","targetHints":{"allow":["GET"]}}],"collection":[{"href":"https:\/\/redfoxlotto.com\/ro\/wp-json\/wp\/v2\/pages"}],"about":[{"href":"https:\/\/redfoxlotto.com\/ro\/wp-json\/wp\/v2\/types\/page"}],"author":[{"embeddable":true,"href":"https:\/\/redfoxlotto.com\/ro\/wp-json\/wp\/v2\/users\/1"}],"replies":[{"embeddable":true,"href":"https:\/\/redfoxlotto.com\/ro\/wp-json\/wp\/v2\/comments?post=14186"}],"version-history":[{"count":0,"href":"https:\/\/redfoxlotto.com\/ro\/wp-json\/wp\/v2\/pages\/14186\/revisions"}],"up":[{"embeddable":true,"href":"https:\/\/redfoxlotto.com\/ro\/wp-json\/wp\/v2\/pages\/2834"}],"wp:attachment":[{"href":"https:\/\/redfoxlotto.com\/ro\/wp-json\/wp\/v2\/media?parent=14186"}],"curies":[{"name":"wp","href":"https:\/\/api.w.org\/{rel}","templated":true}]}}