{"id":14182,"date":"2018-11-18T08:54:25","date_gmt":"2018-11-18T08:54:25","guid":{"rendered":"https:\/\/redfoxlotto.com\/?page_id=14182"},"modified":"2023-05-24T17:41:42","modified_gmt":"2023-05-24T17:41:42","slug":"saturday-lotto-au","status":"publish","type":"page","link":"https:\/\/redfoxlotto.com\/ro\/informatie\/saturday-lotto-au\/","title":{"rendered":"Despre s\u00e2mb\u0103t\u0103 Lotto Australia"},"content":{"rendered":"<p>Loto de s\u00e2mb\u0103t\u0103, dup\u0103 cum \u00eei spune numele este o loterie jucat\u0103 \u00een fiecare s\u00e2mb\u0103t\u0103 seara \u00een Australia. Jocul este comercializat \u00een toat\u0103 Australia \u0219i este cunoscut prin diferite nume din diferite regiuni ale \u021b\u0103rii. \u00cen Australia de Sud se nume\u0219te X loto, \u00een Queensland, se nume\u0219te Gold Lotto, Tattslotto \u00een Victoria, Tasmania, teritoriul capitalei Australiei \u0219i teritoriul de Nord. \u00cen Noua \u021aara Galilor de Sud \u0219i Australia de Vest, este cunoscut\u0103 pur \u0219i simplu sub denumirea de loto sau s\u00e2mb\u0103t\u0103 loto.<\/p><p><img loading=\"lazy\" decoding=\"async\" class=\" wp-image alignright\" src=\"https:\/\/content.redfoxlotto.com\/uploads\/sites\/9\/1_online_jackpot_lotto.jpg\" alt=\"Lotto Saturday Australia\" width=\"131\" height=\"131\" \/><\/p><!--more--><p>Anterior \u00een lotul de s\u00e2mb\u0103t\u0103, 6 numere principale sunt selectate dintr-un posibil 40 \u0219i, de asemenea, se adaug\u0103 un num\u0103r suplimentar. Dar, \u00een prezent, a fost modificat\u0103, deoarece acum sunt selectate 6 numere principale dintr-un posibil 45 \u0219i, de asemenea, 2 numere suplimentare. Aceast\u0103 schimbare a redus foarte mult posibilitatea de a c\u00e2\u0219tiga un premiu sau mai degrab\u0103 jackpotul \u00een Lottoa de s\u00e2mb\u0103t\u0103. Pentru a juca \u00een loterie, juc\u0103torii trebuie s\u0103 aleag\u0103 cel pu\u021bin 6 numere din 45, iar atunci c\u00e2nd se face tragerea la sor\u021bi, dac\u0103 cele 6 numere se potrivesc cu cele 6 numere principale trase, atunci a\u021bi c\u00e2\u0219tigat jackpotul.<\/p><p><img loading=\"lazy\" decoding=\"async\" class=\" wp-image alignright\" src=\"https:\/\/content.redfoxlotto.com\/uploads\/sites\/9\/2_ticket_saturday_lotto_au2.jpg\" alt=\"Cump\u0103ra\u021bi bilete Saturday Lotto\" width=\"118\" height=\"196\" \/><\/p><p>Loto s\u00e2mb\u0103t\u0103 ofer\u0103 aproximativ 4 milioane USD \u00een fiecare s\u0103pt\u0103m\u00e2n\u0103 drept premiu pentru jackpot \u0219i poate fi \u00eemp\u0103r\u021bit p\u00e2n\u0103 la maximum 4 c\u00e2\u0219tig\u0103tori. Biletele pentru loterie pot fi ob\u021binute online \u0219i, de asemenea, \u00een magazinele desemnate din Australia. Probabilitatea de a lovi jackpot-ul \u00een loto de s\u00e2mb\u0103t\u0103 este de aproximativ 1 din 8 milioane.<\/p>","protected":false},"excerpt":{"rendered":"<p>Loto de s\u00e2mb\u0103t\u0103, dup\u0103 cum \u00eei spune numele este o loterie jucat\u0103 \u00een fiecare s\u00e2mb\u0103t\u0103 seara \u00een Australia. Jocul este comercializat \u00een toat\u0103 Australia \u0219i este cunoscut prin diferite nume din diferite regiuni ale \u021b\u0103rii. \u00cen Australia de Sud se nume\u0219te X loto, \u00een Queensland, se nume\u0219te Gold Lotto, Tattslotto \u00een Victoria, Tasmania, teritoriul capitalei [&hellip;]<\/p>\n","protected":false},"author":1,"featured_media":0,"parent":2834,"menu_order":22,"comment_status":"closed","ping_status":"closed","template":"saturday-lotto-info.php","meta":{"_et_pb_use_builder":"","_et_pb_old_content":"","_et_gb_content_width":"","exclude_from_search":false,"footnotes":""},"class_list":["post-14182","page","type-page","status-publish","hentry"],"yoast_head":"<!-- This site is optimized with the Yoast SEO plugin v27.4 - https:\/\/yoast.com\/product\/yoast-seo-wordpress\/ -->\n<title>Ob\u021bine\u021bi biletele pentru lotul australian s\u00e2mb\u0103t\u0103<\/title>\n<meta name=\"description\" content=\"Nu trebuie s\u0103 tr\u0103ie\u0219ti \u00een Australia pentru a ob\u021bine bilete pentru loto-ul lor de s\u00e2mb\u0103t\u0103\" \/>\n<meta name=\"robots\" content=\"index, follow, max-snippet:-1, max-image-preview:large, max-video-preview:-1\" \/>\n<link rel=\"canonical\" href=\"https:\/\/redfoxlotto.com\/ro\/informatie\/saturday-lotto-au\/\" \/>\n<meta property=\"og:locale\" content=\"ro_RO\" \/>\n<meta property=\"og:type\" content=\"article\" \/>\n<meta property=\"og:title\" content=\"Ob\u021bine\u021bi biletele pentru lotul australian s\u00e2mb\u0103t\u0103\" \/>\n<meta property=\"og:description\" content=\"Nu trebuie s\u0103 tr\u0103ie\u0219ti \u00een Australia pentru a ob\u021bine bilete pentru loto-ul lor de s\u00e2mb\u0103t\u0103\" \/>\n<meta property=\"og:url\" content=\"https:\/\/redfoxlotto.com\/ro\/informatie\/saturday-lotto-au\/\" \/>\n<meta property=\"og:site_name\" content=\"Get Tickets for the World\u2019s largest jackpots\" \/>\n<meta property=\"article:modified_time\" content=\"2023-05-24T17:41:42+00:00\" \/>\n<meta property=\"og:image\" content=\"https:\/\/content.redfoxlotto.com\/uploads\/sites\/9\/1_online_jackpot_lotto.jpg\" \/>\n<meta name=\"twitter:card\" content=\"summary_large_image\" \/>\n<meta name=\"twitter:label1\" content=\"Timp estimat pentru citire\" \/>\n\t<meta name=\"twitter:data1\" content=\"2 minute\" \/>\n<script type=\"application\/ld+json\" class=\"yoast-schema-graph\">{\"@context\":\"https:\\\/\\\/schema.org\",\"@graph\":[{\"@type\":\"WebPage\",\"@id\":\"https:\\\/\\\/redfoxlotto.com\\\/ro\\\/informatie\\\/saturday-lotto-au\\\/\",\"url\":\"https:\\\/\\\/redfoxlotto.com\\\/ro\\\/informatie\\\/saturday-lotto-au\\\/\",\"name\":\"Ob\u021bine\u021bi biletele pentru lotul australian s\u00e2mb\u0103t\u0103\",\"isPartOf\":{\"@id\":\"https:\\\/\\\/redfoxlotto.com\\\/ro\\\/#website\"},\"primaryImageOfPage\":{\"@id\":\"https:\\\/\\\/redfoxlotto.com\\\/ro\\\/informatie\\\/saturday-lotto-au\\\/#primaryimage\"},\"image\":{\"@id\":\"https:\\\/\\\/redfoxlotto.com\\\/ro\\\/informatie\\\/saturday-lotto-au\\\/#primaryimage\"},\"thumbnailUrl\":\"https:\\\/\\\/content.redfoxlotto.com\\\/uploads\\\/sites\\\/9\\\/1_online_jackpot_lotto.jpg\",\"datePublished\":\"2018-11-18T08:54:25+00:00\",\"dateModified\":\"2023-05-24T17:41:42+00:00\",\"description\":\"Nu trebuie s\u0103 tr\u0103ie\u0219ti \u00een Australia pentru a ob\u021bine bilete pentru loto-ul lor de s\u00e2mb\u0103t\u0103\",\"breadcrumb\":{\"@id\":\"https:\\\/\\\/redfoxlotto.com\\\/ro\\\/informatie\\\/saturday-lotto-au\\\/#breadcrumb\"},\"inLanguage\":\"ro-RO\",\"potentialAction\":[{\"@type\":\"ReadAction\",\"target\":[\"https:\\\/\\\/redfoxlotto.com\\\/ro\\\/informatie\\\/saturday-lotto-au\\\/\"]}]},{\"@type\":\"ImageObject\",\"inLanguage\":\"ro-RO\",\"@id\":\"https:\\\/\\\/redfoxlotto.com\\\/ro\\\/informatie\\\/saturday-lotto-au\\\/#primaryimage\",\"url\":\"https:\\\/\\\/content.redfoxlotto.com\\\/uploads\\\/sites\\\/9\\\/1_online_jackpot_lotto.jpg\",\"contentUrl\":\"https:\\\/\\\/content.redfoxlotto.com\\\/uploads\\\/sites\\\/9\\\/1_online_jackpot_lotto.jpg\"},{\"@type\":\"BreadcrumbList\",\"@id\":\"https:\\\/\\\/redfoxlotto.com\\\/ro\\\/informatie\\\/saturday-lotto-au\\\/#breadcrumb\",\"itemListElement\":[{\"@type\":\"ListItem\",\"position\":1,\"name\":\"Home\",\"item\":\"https:\\\/\\\/redfoxlotto.com\\\/ro\\\/\"},{\"@type\":\"ListItem\",\"position\":2,\"name\":\"Procesul de achizi\u021bionare pentru biletele online de loterie\",\"item\":\"https:\\\/\\\/redfoxlotto.com\\\/ro\\\/informatie\\\/\"},{\"@type\":\"ListItem\",\"position\":3,\"name\":\"Despre s\u00e2mb\u0103t\u0103 Lotto Australia\"}]},{\"@type\":\"WebSite\",\"@id\":\"https:\\\/\\\/redfoxlotto.com\\\/ro\\\/#website\",\"url\":\"https:\\\/\\\/redfoxlotto.com\\\/ro\\\/\",\"name\":\"Get Tickets for the World\u2019s largest jackpots\",\"description\":\"Participate in worldwide lottery jackpots from any country\",\"publisher\":{\"@id\":\"https:\\\/\\\/redfoxlotto.com\\\/ro\\\/#organization\"},\"potentialAction\":[{\"@type\":\"SearchAction\",\"target\":{\"@type\":\"EntryPoint\",\"urlTemplate\":\"https:\\\/\\\/redfoxlotto.com\\\/ro\\\/?s={search_term_string}\"},\"query-input\":{\"@type\":\"PropertyValueSpecification\",\"valueRequired\":true,\"valueName\":\"search_term_string\"}}],\"inLanguage\":\"ro-RO\"},{\"@type\":\"Organization\",\"@id\":\"https:\\\/\\\/redfoxlotto.com\\\/ro\\\/#organization\",\"name\":\"Get Tickets for the World\u2019s largest jackpots\",\"url\":\"https:\\\/\\\/redfoxlotto.com\\\/ro\\\/\",\"logo\":{\"@type\":\"ImageObject\",\"inLanguage\":\"ro-RO\",\"@id\":\"https:\\\/\\\/redfoxlotto.com\\\/ro\\\/#\\\/schema\\\/logo\\\/image\\\/\",\"url\":\"https:\\\/\\\/redfoxlotto.com\\\/wp-content\\\/uploads\\\/2023\\\/04\\\/logo.png\",\"contentUrl\":\"https:\\\/\\\/redfoxlotto.com\\\/wp-content\\\/uploads\\\/2023\\\/04\\\/logo.png\",\"width\":269,\"height\":53,\"caption\":\"Get Tickets for the World\u2019s largest jackpots\"},\"image\":{\"@id\":\"https:\\\/\\\/redfoxlotto.com\\\/ro\\\/#\\\/schema\\\/logo\\\/image\\\/\"}}]}<\/script>\n<!-- \/ Yoast SEO plugin. -->","yoast_head_json":{"title":"Ob\u021bine\u021bi biletele pentru lotul australian s\u00e2mb\u0103t\u0103","description":"Nu trebuie s\u0103 tr\u0103ie\u0219ti \u00een Australia pentru a ob\u021bine bilete pentru loto-ul lor de s\u00e2mb\u0103t\u0103","robots":{"index":"index","follow":"follow","max-snippet":"max-snippet:-1","max-image-preview":"max-image-preview:large","max-video-preview":"max-video-preview:-1"},"canonical":"https:\/\/redfoxlotto.com\/ro\/informatie\/saturday-lotto-au\/","og_locale":"ro_RO","og_type":"article","og_title":"Ob\u021bine\u021bi biletele pentru lotul australian s\u00e2mb\u0103t\u0103","og_description":"Nu trebuie s\u0103 tr\u0103ie\u0219ti \u00een Australia pentru a ob\u021bine bilete pentru loto-ul lor de s\u00e2mb\u0103t\u0103","og_url":"https:\/\/redfoxlotto.com\/ro\/informatie\/saturday-lotto-au\/","og_site_name":"Get Tickets for the World\u2019s largest jackpots","article_modified_time":"2023-05-24T17:41:42+00:00","og_image":[{"url":"https:\/\/content.redfoxlotto.com\/uploads\/sites\/9\/1_online_jackpot_lotto.jpg","type":"","width":"","height":""}],"twitter_card":"summary_large_image","twitter_misc":{"Timp estimat pentru citire":"2 minute"},"schema":{"@context":"https:\/\/schema.org","@graph":[{"@type":"WebPage","@id":"https:\/\/redfoxlotto.com\/ro\/informatie\/saturday-lotto-au\/","url":"https:\/\/redfoxlotto.com\/ro\/informatie\/saturday-lotto-au\/","name":"Ob\u021bine\u021bi biletele pentru lotul australian s\u00e2mb\u0103t\u0103","isPartOf":{"@id":"https:\/\/redfoxlotto.com\/ro\/#website"},"primaryImageOfPage":{"@id":"https:\/\/redfoxlotto.com\/ro\/informatie\/saturday-lotto-au\/#primaryimage"},"image":{"@id":"https:\/\/redfoxlotto.com\/ro\/informatie\/saturday-lotto-au\/#primaryimage"},"thumbnailUrl":"https:\/\/content.redfoxlotto.com\/uploads\/sites\/9\/1_online_jackpot_lotto.jpg","datePublished":"2018-11-18T08:54:25+00:00","dateModified":"2023-05-24T17:41:42+00:00","description":"Nu trebuie s\u0103 tr\u0103ie\u0219ti \u00een Australia pentru a ob\u021bine bilete pentru loto-ul lor de s\u00e2mb\u0103t\u0103","breadcrumb":{"@id":"https:\/\/redfoxlotto.com\/ro\/informatie\/saturday-lotto-au\/#breadcrumb"},"inLanguage":"ro-RO","potentialAction":[{"@type":"ReadAction","target":["https:\/\/redfoxlotto.com\/ro\/informatie\/saturday-lotto-au\/"]}]},{"@type":"ImageObject","inLanguage":"ro-RO","@id":"https:\/\/redfoxlotto.com\/ro\/informatie\/saturday-lotto-au\/#primaryimage","url":"https:\/\/content.redfoxlotto.com\/uploads\/sites\/9\/1_online_jackpot_lotto.jpg","contentUrl":"https:\/\/content.redfoxlotto.com\/uploads\/sites\/9\/1_online_jackpot_lotto.jpg"},{"@type":"BreadcrumbList","@id":"https:\/\/redfoxlotto.com\/ro\/informatie\/saturday-lotto-au\/#breadcrumb","itemListElement":[{"@type":"ListItem","position":1,"name":"Home","item":"https:\/\/redfoxlotto.com\/ro\/"},{"@type":"ListItem","position":2,"name":"Procesul de achizi\u021bionare pentru biletele online de loterie","item":"https:\/\/redfoxlotto.com\/ro\/informatie\/"},{"@type":"ListItem","position":3,"name":"Despre s\u00e2mb\u0103t\u0103 Lotto Australia"}]},{"@type":"WebSite","@id":"https:\/\/redfoxlotto.com\/ro\/#website","url":"https:\/\/redfoxlotto.com\/ro\/","name":"Get Tickets for the World\u2019s largest jackpots","description":"Participate in worldwide lottery jackpots from any country","publisher":{"@id":"https:\/\/redfoxlotto.com\/ro\/#organization"},"potentialAction":[{"@type":"SearchAction","target":{"@type":"EntryPoint","urlTemplate":"https:\/\/redfoxlotto.com\/ro\/?s={search_term_string}"},"query-input":{"@type":"PropertyValueSpecification","valueRequired":true,"valueName":"search_term_string"}}],"inLanguage":"ro-RO"},{"@type":"Organization","@id":"https:\/\/redfoxlotto.com\/ro\/#organization","name":"Get Tickets for the World\u2019s largest jackpots","url":"https:\/\/redfoxlotto.com\/ro\/","logo":{"@type":"ImageObject","inLanguage":"ro-RO","@id":"https:\/\/redfoxlotto.com\/ro\/#\/schema\/logo\/image\/","url":"https:\/\/redfoxlotto.com\/wp-content\/uploads\/2023\/04\/logo.png","contentUrl":"https:\/\/redfoxlotto.com\/wp-content\/uploads\/2023\/04\/logo.png","width":269,"height":53,"caption":"Get Tickets for the World\u2019s largest jackpots"},"image":{"@id":"https:\/\/redfoxlotto.com\/ro\/#\/schema\/logo\/image\/"}}]}},"_links":{"self":[{"href":"https:\/\/redfoxlotto.com\/ro\/wp-json\/wp\/v2\/pages\/14182","targetHints":{"allow":["GET"]}}],"collection":[{"href":"https:\/\/redfoxlotto.com\/ro\/wp-json\/wp\/v2\/pages"}],"about":[{"href":"https:\/\/redfoxlotto.com\/ro\/wp-json\/wp\/v2\/types\/page"}],"author":[{"embeddable":true,"href":"https:\/\/redfoxlotto.com\/ro\/wp-json\/wp\/v2\/users\/1"}],"replies":[{"embeddable":true,"href":"https:\/\/redfoxlotto.com\/ro\/wp-json\/wp\/v2\/comments?post=14182"}],"version-history":[{"count":0,"href":"https:\/\/redfoxlotto.com\/ro\/wp-json\/wp\/v2\/pages\/14182\/revisions"}],"up":[{"embeddable":true,"href":"https:\/\/redfoxlotto.com\/ro\/wp-json\/wp\/v2\/pages\/2834"}],"wp:attachment":[{"href":"https:\/\/redfoxlotto.com\/ro\/wp-json\/wp\/v2\/media?parent=14182"}],"curies":[{"name":"wp","href":"https:\/\/api.w.org\/{rel}","templated":true}]}}