{"id":14178,"date":"2018-11-18T08:54:25","date_gmt":"2018-11-18T08:54:25","guid":{"rendered":"https:\/\/redfoxlotto.com\/?page_id=14178"},"modified":"2023-05-24T17:41:34","modified_gmt":"2023-05-24T17:41:34","slug":"powerball-au","status":"publish","type":"page","link":"https:\/\/redfoxlotto.com\/ro\/informatie\/powerball-au\/","title":{"rendered":"Despre Powerball Australia"},"content":{"rendered":"<p>Tragerea la sor\u021bi a Powerball se face \u00een fiecare joi, la 21:00 AEST. 7 numere sunt trase dintr-un pool care con\u021bine numere de la 1-35, \u00een timp ce un num\u0103r Powerball este extras dintr-un alt pool con\u021bin\u00e2nd numerele 1-20. Pentru a c\u00e2\u0219tiga jackpotul, intr\u0103rile juc\u0103torilor trebuie s\u0103 corespund\u0103 celor \u0219apte numere din primul pool \u0219i, de asemenea, cu num\u0103rul Powerball din cel de-al doilea pool.<\/p><p><img loading=\"lazy\" decoding=\"async\" class=\" wp-image alignright\" src=\"https:\/\/content.redfoxlotto.com\/uploads\/sites\/9\/2_ticket_powerball_au2.jpg\" alt=\"Powerball Australia\" width=\"151\" height=\"278\" \/><\/p><!--more--><p>Biletele Australian Powerball pot fi ob\u021binute fie fizic, fie online, astfel \u00eenc\u00e2t nu exist\u0103 nicio restric\u021bie la participarea la loterie, deoarece pute\u021bi ob\u021bine biletele de oriunde v\u0103 afla\u021bi \u00een lume. Juc\u0103torii trebuie s\u0103 aib\u0103 18 ani \u0219i mai sus pentru a putea participa la loterie.<\/p>","protected":false},"excerpt":{"rendered":"<p>Tragerea la sor\u021bi a Powerball se face \u00een fiecare joi, la 21:00 AEST. 7 numere sunt trase dintr-un pool care con\u021bine numere de la 1-35, \u00een timp ce un num\u0103r Powerball este extras dintr-un alt pool con\u021bin\u00e2nd numerele 1-20. Pentru a c\u00e2\u0219tiga jackpotul, intr\u0103rile juc\u0103torilor trebuie s\u0103 corespund\u0103 celor \u0219apte numere din primul pool \u0219i, [&hellip;]<\/p>\n","protected":false},"author":1,"featured_media":0,"parent":2834,"menu_order":20,"comment_status":"closed","ping_status":"closed","template":"powerball-au-info.php","meta":{"_et_pb_use_builder":"","_et_pb_old_content":"","_et_gb_content_width":"","exclude_from_search":false,"footnotes":""},"class_list":["post-14178","page","type-page","status-publish","hentry"],"yoast_head":"<!-- This site is optimized with the Yoast SEO plugin v23.8 - https:\/\/yoast.com\/wordpress\/plugins\/seo\/ -->\n<title>Ce trebuie s\u0103 \u0219tii pentru a juca Australian Powerball<\/title>\n<meta name=\"description\" content=\"Powerball-ul australian se m\u00e2ndre\u0219te cu unele dintre cele mai mari jackpot-uri din loteriile din Australia, aceste informa\u021bii v-ar putea face cu un pas mai aproape de a atinge jackpotul.\" \/>\n<meta name=\"robots\" content=\"index, follow, max-snippet:-1, max-image-preview:large, max-video-preview:-1\" \/>\n<link rel=\"canonical\" href=\"https:\/\/redfoxlotto.com\/ro\/informatie\/powerball-au\/\" \/>\n<meta property=\"og:locale\" content=\"ro_RO\" \/>\n<meta property=\"og:type\" content=\"article\" \/>\n<meta property=\"og:title\" content=\"Ce trebuie s\u0103 \u0219tii pentru a juca Australian Powerball\" \/>\n<meta property=\"og:description\" content=\"Powerball-ul australian se m\u00e2ndre\u0219te cu unele dintre cele mai mari jackpot-uri din loteriile din Australia, aceste informa\u021bii v-ar putea face cu un pas mai aproape de a atinge jackpotul.\" \/>\n<meta property=\"og:url\" content=\"https:\/\/redfoxlotto.com\/ro\/informatie\/powerball-au\/\" \/>\n<meta property=\"og:site_name\" content=\"Get Tickets for the World\u2019s largest jackpots\" \/>\n<meta property=\"article:modified_time\" content=\"2023-05-24T17:41:34+00:00\" \/>\n<meta property=\"og:image\" content=\"https:\/\/content.redfoxlotto.com\/uploads\/sites\/9\/2_ticket_powerball_au2.jpg\" \/>\n<meta name=\"twitter:card\" content=\"summary_large_image\" \/>\n<meta name=\"twitter:label1\" content=\"Timp estimat pentru citire\" \/>\n\t<meta name=\"twitter:data1\" content=\"1 minut\" \/>\n<script type=\"application\/ld+json\" class=\"yoast-schema-graph\">{\"@context\":\"https:\/\/schema.org\",\"@graph\":[{\"@type\":\"WebPage\",\"@id\":\"https:\/\/redfoxlotto.com\/ro\/informatie\/powerball-au\/\",\"url\":\"https:\/\/redfoxlotto.com\/ro\/informatie\/powerball-au\/\",\"name\":\"Ce trebuie s\u0103 \u0219tii pentru a juca Australian Powerball\",\"isPartOf\":{\"@id\":\"https:\/\/redfoxlotto.com\/ro\/#website\"},\"primaryImageOfPage\":{\"@id\":\"https:\/\/redfoxlotto.com\/ro\/informatie\/powerball-au\/#primaryimage\"},\"image\":{\"@id\":\"https:\/\/redfoxlotto.com\/ro\/informatie\/powerball-au\/#primaryimage\"},\"thumbnailUrl\":\"https:\/\/content.redfoxlotto.com\/uploads\/sites\/9\/2_ticket_powerball_au2.jpg\",\"datePublished\":\"2018-11-18T08:54:25+00:00\",\"dateModified\":\"2023-05-24T17:41:34+00:00\",\"description\":\"Powerball-ul australian se m\u00e2ndre\u0219te cu unele dintre cele mai mari jackpot-uri din loteriile din Australia, aceste informa\u021bii v-ar putea face cu un pas mai aproape de a atinge jackpotul.\",\"breadcrumb\":{\"@id\":\"https:\/\/redfoxlotto.com\/ro\/informatie\/powerball-au\/#breadcrumb\"},\"inLanguage\":\"ro-RO\",\"potentialAction\":[{\"@type\":\"ReadAction\",\"target\":[\"https:\/\/redfoxlotto.com\/ro\/informatie\/powerball-au\/\"]}]},{\"@type\":\"ImageObject\",\"inLanguage\":\"ro-RO\",\"@id\":\"https:\/\/redfoxlotto.com\/ro\/informatie\/powerball-au\/#primaryimage\",\"url\":\"https:\/\/content.redfoxlotto.com\/uploads\/sites\/9\/2_ticket_powerball_au2.jpg\",\"contentUrl\":\"https:\/\/content.redfoxlotto.com\/uploads\/sites\/9\/2_ticket_powerball_au2.jpg\"},{\"@type\":\"BreadcrumbList\",\"@id\":\"https:\/\/redfoxlotto.com\/ro\/informatie\/powerball-au\/#breadcrumb\",\"itemListElement\":[{\"@type\":\"ListItem\",\"position\":1,\"name\":\"Home\",\"item\":\"https:\/\/redfoxlotto.com\/ro\/\"},{\"@type\":\"ListItem\",\"position\":2,\"name\":\"Procesul de achizi\u021bionare pentru biletele online de loterie\",\"item\":\"https:\/\/redfoxlotto.com\/ro\/informatie\/\"},{\"@type\":\"ListItem\",\"position\":3,\"name\":\"Despre Powerball Australia\"}]},{\"@type\":\"WebSite\",\"@id\":\"https:\/\/redfoxlotto.com\/ro\/#website\",\"url\":\"https:\/\/redfoxlotto.com\/ro\/\",\"name\":\"Get Tickets for the World\u2019s largest jackpots\",\"description\":\"Participate in worldwide lottery jackpots from any country\",\"publisher\":{\"@id\":\"https:\/\/redfoxlotto.com\/ro\/#organization\"},\"potentialAction\":[{\"@type\":\"SearchAction\",\"target\":{\"@type\":\"EntryPoint\",\"urlTemplate\":\"https:\/\/redfoxlotto.com\/ro\/?s={search_term_string}\"},\"query-input\":{\"@type\":\"PropertyValueSpecification\",\"valueRequired\":true,\"valueName\":\"search_term_string\"}}],\"inLanguage\":\"ro-RO\"},{\"@type\":\"Organization\",\"@id\":\"https:\/\/redfoxlotto.com\/ro\/#organization\",\"name\":\"Get Tickets for the World\u2019s largest jackpots\",\"url\":\"https:\/\/redfoxlotto.com\/ro\/\",\"logo\":{\"@type\":\"ImageObject\",\"inLanguage\":\"ro-RO\",\"@id\":\"https:\/\/redfoxlotto.com\/ro\/#\/schema\/logo\/image\/\",\"url\":\"https:\/\/redfoxlotto.com\/wp-content\/uploads\/2023\/04\/logo.png\",\"contentUrl\":\"https:\/\/redfoxlotto.com\/wp-content\/uploads\/2023\/04\/logo.png\",\"width\":269,\"height\":53,\"caption\":\"Get Tickets for the World\u2019s largest jackpots\"},\"image\":{\"@id\":\"https:\/\/redfoxlotto.com\/ro\/#\/schema\/logo\/image\/\"}}]}<\/script>\n<!-- \/ Yoast SEO plugin. -->","yoast_head_json":{"title":"Ce trebuie s\u0103 \u0219tii pentru a juca Australian Powerball","description":"Powerball-ul australian se m\u00e2ndre\u0219te cu unele dintre cele mai mari jackpot-uri din loteriile din Australia, aceste informa\u021bii v-ar putea face cu un pas mai aproape de a atinge jackpotul.","robots":{"index":"index","follow":"follow","max-snippet":"max-snippet:-1","max-image-preview":"max-image-preview:large","max-video-preview":"max-video-preview:-1"},"canonical":"https:\/\/redfoxlotto.com\/ro\/informatie\/powerball-au\/","og_locale":"ro_RO","og_type":"article","og_title":"Ce trebuie s\u0103 \u0219tii pentru a juca Australian Powerball","og_description":"Powerball-ul australian se m\u00e2ndre\u0219te cu unele dintre cele mai mari jackpot-uri din loteriile din Australia, aceste informa\u021bii v-ar putea face cu un pas mai aproape de a atinge jackpotul.","og_url":"https:\/\/redfoxlotto.com\/ro\/informatie\/powerball-au\/","og_site_name":"Get Tickets for the World\u2019s largest jackpots","article_modified_time":"2023-05-24T17:41:34+00:00","og_image":[{"url":"https:\/\/content.redfoxlotto.com\/uploads\/sites\/9\/2_ticket_powerball_au2.jpg"}],"twitter_card":"summary_large_image","twitter_misc":{"Timp estimat pentru citire":"1 minut"},"schema":{"@context":"https:\/\/schema.org","@graph":[{"@type":"WebPage","@id":"https:\/\/redfoxlotto.com\/ro\/informatie\/powerball-au\/","url":"https:\/\/redfoxlotto.com\/ro\/informatie\/powerball-au\/","name":"Ce trebuie s\u0103 \u0219tii pentru a juca Australian Powerball","isPartOf":{"@id":"https:\/\/redfoxlotto.com\/ro\/#website"},"primaryImageOfPage":{"@id":"https:\/\/redfoxlotto.com\/ro\/informatie\/powerball-au\/#primaryimage"},"image":{"@id":"https:\/\/redfoxlotto.com\/ro\/informatie\/powerball-au\/#primaryimage"},"thumbnailUrl":"https:\/\/content.redfoxlotto.com\/uploads\/sites\/9\/2_ticket_powerball_au2.jpg","datePublished":"2018-11-18T08:54:25+00:00","dateModified":"2023-05-24T17:41:34+00:00","description":"Powerball-ul australian se m\u00e2ndre\u0219te cu unele dintre cele mai mari jackpot-uri din loteriile din Australia, aceste informa\u021bii v-ar putea face cu un pas mai aproape de a atinge jackpotul.","breadcrumb":{"@id":"https:\/\/redfoxlotto.com\/ro\/informatie\/powerball-au\/#breadcrumb"},"inLanguage":"ro-RO","potentialAction":[{"@type":"ReadAction","target":["https:\/\/redfoxlotto.com\/ro\/informatie\/powerball-au\/"]}]},{"@type":"ImageObject","inLanguage":"ro-RO","@id":"https:\/\/redfoxlotto.com\/ro\/informatie\/powerball-au\/#primaryimage","url":"https:\/\/content.redfoxlotto.com\/uploads\/sites\/9\/2_ticket_powerball_au2.jpg","contentUrl":"https:\/\/content.redfoxlotto.com\/uploads\/sites\/9\/2_ticket_powerball_au2.jpg"},{"@type":"BreadcrumbList","@id":"https:\/\/redfoxlotto.com\/ro\/informatie\/powerball-au\/#breadcrumb","itemListElement":[{"@type":"ListItem","position":1,"name":"Home","item":"https:\/\/redfoxlotto.com\/ro\/"},{"@type":"ListItem","position":2,"name":"Procesul de achizi\u021bionare pentru biletele online de loterie","item":"https:\/\/redfoxlotto.com\/ro\/informatie\/"},{"@type":"ListItem","position":3,"name":"Despre Powerball Australia"}]},{"@type":"WebSite","@id":"https:\/\/redfoxlotto.com\/ro\/#website","url":"https:\/\/redfoxlotto.com\/ro\/","name":"Get Tickets for the World\u2019s largest jackpots","description":"Participate in worldwide lottery jackpots from any country","publisher":{"@id":"https:\/\/redfoxlotto.com\/ro\/#organization"},"potentialAction":[{"@type":"SearchAction","target":{"@type":"EntryPoint","urlTemplate":"https:\/\/redfoxlotto.com\/ro\/?s={search_term_string}"},"query-input":{"@type":"PropertyValueSpecification","valueRequired":true,"valueName":"search_term_string"}}],"inLanguage":"ro-RO"},{"@type":"Organization","@id":"https:\/\/redfoxlotto.com\/ro\/#organization","name":"Get Tickets for the World\u2019s largest jackpots","url":"https:\/\/redfoxlotto.com\/ro\/","logo":{"@type":"ImageObject","inLanguage":"ro-RO","@id":"https:\/\/redfoxlotto.com\/ro\/#\/schema\/logo\/image\/","url":"https:\/\/redfoxlotto.com\/wp-content\/uploads\/2023\/04\/logo.png","contentUrl":"https:\/\/redfoxlotto.com\/wp-content\/uploads\/2023\/04\/logo.png","width":269,"height":53,"caption":"Get Tickets for the World\u2019s largest jackpots"},"image":{"@id":"https:\/\/redfoxlotto.com\/ro\/#\/schema\/logo\/image\/"}}]}},"_links":{"self":[{"href":"https:\/\/redfoxlotto.com\/ro\/wp-json\/wp\/v2\/pages\/14178","targetHints":{"allow":["GET"]}}],"collection":[{"href":"https:\/\/redfoxlotto.com\/ro\/wp-json\/wp\/v2\/pages"}],"about":[{"href":"https:\/\/redfoxlotto.com\/ro\/wp-json\/wp\/v2\/types\/page"}],"author":[{"embeddable":true,"href":"https:\/\/redfoxlotto.com\/ro\/wp-json\/wp\/v2\/users\/1"}],"replies":[{"embeddable":true,"href":"https:\/\/redfoxlotto.com\/ro\/wp-json\/wp\/v2\/comments?post=14178"}],"version-history":[{"count":0,"href":"https:\/\/redfoxlotto.com\/ro\/wp-json\/wp\/v2\/pages\/14178\/revisions"}],"up":[{"embeddable":true,"href":"https:\/\/redfoxlotto.com\/ro\/wp-json\/wp\/v2\/pages\/2834"}],"wp:attachment":[{"href":"https:\/\/redfoxlotto.com\/ro\/wp-json\/wp\/v2\/media?parent=14178"}],"curies":[{"name":"wp","href":"https:\/\/api.w.org\/{rel}","templated":true}]}}