{"id":13636,"date":"2020-08-18T09:08:19","date_gmt":"2020-08-18T09:08:19","guid":{"rendered":"https:\/\/redfoxlotto.com\/?page_id=13636"},"modified":"2023-05-24T17:40:27","modified_gmt":"2023-05-24T17:40:27","slug":"thunderball","status":"publish","type":"page","link":"https:\/\/redfoxlotto.com\/ro\/rezultate\/thunderball\/","title":{"rendered":"Rezultate Thunderball"},"content":{"rendered":"<h2 class=\"wp-block-heading\">Numere c\u00e2\u0219tig\u0103toare Lotto Thunderball UK<\/h2><p><img loading=\"lazy\" decoding=\"async\" class=\" wp-image alignright\" src=\"https:\/\/content.redfoxlotto.com\/uploads\/sites\/9\/1_online_lotto_results.jpg\" alt=\"thunderball results\" width=\"244\" height=\"244\" \/><\/p><p>Ce face\u021bi dac\u0103 a\u021bi ratat singur desenul \u0219i dori\u021bi s\u0103 verifica\u021bi ultimele numere c\u00e2\u0219tig\u0103toare? Ei bine, ai noroc, deoarece verificarea numerelor c\u00e2\u0219tig\u0103toare Thunderball UK Lotto este u\u0219oar\u0103. Dac\u0103 nu a existat \u00eenc\u0103 un desen, pute\u021bi consulta site-ul web. Dac\u0103 exist\u0103, poate fi necesar s\u0103 verifica\u021bi arhiva de rezultate.<\/p><h2 class=\"wp-block-heading\">Verificarea numerelor actuale<\/h2><p>Dac\u0103 a\u021bi jucat jocul \u0219i dori\u021bi s\u0103 verifica\u021bi cele mai recente numere c\u00e2\u0219tig\u0103toare, pute\u021bi accesa direct contul dvs., apoi face\u021bi clic pe \u201eBiletele mele\u201d. De acolo, ve\u021bi putea vedea cum se compar\u0103 numerele dvs. cu c\u00e2\u0219tig\u0103torul numere. \u0218i asta \u00eenseamn\u0103 c\u0103 po\u021bi vedea c\u00e2t ai c\u00e2\u0219tigat.<\/p><p>Toate numerele care se potrivesc cu numerele c\u00e2\u0219tig\u0103toare vor fi eviden\u021biate, ceea ce v\u0103 face mult mai u\u0219or s\u0103 v\u0103 verifica\u021bi premiul. \u0218i la RedFoxLotto.com vom solicita deja suma c\u00e2\u0219tig\u0103toare pentru premii mai mici, a\u0219a c\u0103 a fost introdus\u0103 chiar \u00een contul dvs.<\/p><h2 class=\"wp-block-heading\">Numere c\u00e2\u0219tig\u0103toare ale lotului vechi Thunderball din Marea Britanie<\/h2><p><img loading=\"lazy\" decoding=\"async\" class=\" wp-image alignright\" src=\"https:\/\/content.redfoxlotto.com\/uploads\/sites\/9\/1_winner_lottery_jackpot.jpg\" alt=\"numere de loterie c\u00e2\u0219tig\u0103toare\" width=\"278\" height=\"167\" \/><\/p><p>Pentru unii, numerele actuale nu sunt suficiente pentru a lua o decizie. S-ar putea s\u0103 dori\u021bi numere mai vechi, astfel \u00eenc\u00e2t s\u0103 pute\u021bi decide cum dori\u021bi s\u0103 juca\u021bi. Sau s-ar putea s\u0103 ave\u021bi bilete mai vechi pe care dori\u021bi s\u0103 le compara\u021bi cu jocurile pentru care au fost extrase.<\/p><p>Dac\u0103 ave\u021bi nevoie de numere vechi de la Thunderball UK Lotto, pute\u021bi consulta arhiva pentru a afla mai multe \u0219i pentru a verifica informa\u021biile de care ave\u021bi nevoie. Pute\u021bi chiar s\u0103 v\u0103 \u00eentoarce\u021bi \u00een mai multe jocuri pentru a ob\u021bine toate numerele.<\/p>","protected":false},"excerpt":{"rendered":"<p>Numere c\u00e2\u0219tig\u0103toare Lotto Thunderball UK Ce face\u021bi dac\u0103 a\u021bi ratat singur desenul \u0219i dori\u021bi s\u0103 verifica\u021bi ultimele numere c\u00e2\u0219tig\u0103toare? Ei bine, ai noroc, deoarece verificarea numerelor c\u00e2\u0219tig\u0103toare Thunderball UK Lotto este u\u0219oar\u0103. Dac\u0103 nu a existat \u00eenc\u0103 un desen, pute\u021bi consulta site-ul web. Dac\u0103 exist\u0103, poate fi necesar s\u0103 verifica\u021bi arhiva de rezultate. Verificarea numerelor [&hellip;]<\/p>\n","protected":false},"author":1,"featured_media":0,"parent":2842,"menu_order":11,"comment_status":"closed","ping_status":"closed","template":"thunderball-results.php","meta":{"_et_pb_use_builder":"","_et_pb_old_content":"","_et_gb_content_width":"","exclude_from_search":false,"footnotes":""},"class_list":["post-13636","page","type-page","status-publish","hentry"],"yoast_head":"<!-- This site is optimized with the Yoast SEO plugin v27.3 - https:\/\/yoast.com\/product\/yoast-seo-wordpress\/ -->\n<title>Numere de c\u00e2\u0219tiguri \u0219i rezultate actuale \u0219i recente ale Thunderball UK<\/title>\n<meta name=\"description\" content=\"Compara\u021bi numerele biletului de loterie cu rezultatele tragerii Thunderball aici\" \/>\n<meta name=\"robots\" content=\"index, follow, max-snippet:-1, max-image-preview:large, max-video-preview:-1\" \/>\n<link rel=\"canonical\" href=\"https:\/\/redfoxlotto.com\/ro\/rezultate\/thunderball\/\" \/>\n<meta property=\"og:locale\" content=\"ro_RO\" \/>\n<meta property=\"og:type\" content=\"article\" \/>\n<meta property=\"og:title\" content=\"Numere de c\u00e2\u0219tiguri \u0219i rezultate actuale \u0219i recente ale Thunderball UK\" \/>\n<meta property=\"og:description\" content=\"Compara\u021bi numerele biletului de loterie cu rezultatele tragerii Thunderball aici\" \/>\n<meta property=\"og:url\" content=\"https:\/\/redfoxlotto.com\/ro\/rezultate\/thunderball\/\" \/>\n<meta property=\"og:site_name\" content=\"Get Tickets for the World\u2019s largest jackpots\" \/>\n<meta property=\"article:modified_time\" content=\"2023-05-24T17:40:27+00:00\" \/>\n<meta property=\"og:image\" content=\"https:\/\/content.redfoxlotto.com\/uploads\/sites\/9\/1_online_lotto_results.jpg\" \/>\n<meta name=\"twitter:card\" content=\"summary_large_image\" \/>\n<meta name=\"twitter:label1\" content=\"Timp estimat pentru citire\" \/>\n\t<meta name=\"twitter:data1\" content=\"2 minute\" \/>\n<script type=\"application\/ld+json\" class=\"yoast-schema-graph\">{\"@context\":\"https:\\\/\\\/schema.org\",\"@graph\":[{\"@type\":\"WebPage\",\"@id\":\"https:\\\/\\\/redfoxlotto.com\\\/ro\\\/rezultate\\\/thunderball\\\/\",\"url\":\"https:\\\/\\\/redfoxlotto.com\\\/ro\\\/rezultate\\\/thunderball\\\/\",\"name\":\"Numere de c\u00e2\u0219tiguri \u0219i rezultate actuale \u0219i recente ale Thunderball UK\",\"isPartOf\":{\"@id\":\"https:\\\/\\\/redfoxlotto.com\\\/ro\\\/#website\"},\"primaryImageOfPage\":{\"@id\":\"https:\\\/\\\/redfoxlotto.com\\\/ro\\\/rezultate\\\/thunderball\\\/#primaryimage\"},\"image\":{\"@id\":\"https:\\\/\\\/redfoxlotto.com\\\/ro\\\/rezultate\\\/thunderball\\\/#primaryimage\"},\"thumbnailUrl\":\"https:\\\/\\\/content.redfoxlotto.com\\\/uploads\\\/sites\\\/9\\\/1_online_lotto_results.jpg\",\"datePublished\":\"2020-08-18T09:08:19+00:00\",\"dateModified\":\"2023-05-24T17:40:27+00:00\",\"description\":\"Compara\u021bi numerele biletului de loterie cu rezultatele tragerii Thunderball aici\",\"breadcrumb\":{\"@id\":\"https:\\\/\\\/redfoxlotto.com\\\/ro\\\/rezultate\\\/thunderball\\\/#breadcrumb\"},\"inLanguage\":\"ro-RO\",\"potentialAction\":[{\"@type\":\"ReadAction\",\"target\":[\"https:\\\/\\\/redfoxlotto.com\\\/ro\\\/rezultate\\\/thunderball\\\/\"]}]},{\"@type\":\"ImageObject\",\"inLanguage\":\"ro-RO\",\"@id\":\"https:\\\/\\\/redfoxlotto.com\\\/ro\\\/rezultate\\\/thunderball\\\/#primaryimage\",\"url\":\"https:\\\/\\\/content.redfoxlotto.com\\\/uploads\\\/sites\\\/9\\\/1_online_lotto_results.jpg\",\"contentUrl\":\"https:\\\/\\\/content.redfoxlotto.com\\\/uploads\\\/sites\\\/9\\\/1_online_lotto_results.jpg\"},{\"@type\":\"BreadcrumbList\",\"@id\":\"https:\\\/\\\/redfoxlotto.com\\\/ro\\\/rezultate\\\/thunderball\\\/#breadcrumb\",\"itemListElement\":[{\"@type\":\"ListItem\",\"position\":1,\"name\":\"Home\",\"item\":\"https:\\\/\\\/redfoxlotto.com\\\/ro\\\/\"},{\"@type\":\"ListItem\",\"position\":2,\"name\":\"Rezultate la loteria Interna\u021bional\u0103\",\"item\":\"https:\\\/\\\/redfoxlotto.com\\\/ro\\\/rezultate\\\/\"},{\"@type\":\"ListItem\",\"position\":3,\"name\":\"Rezultate Thunderball\"}]},{\"@type\":\"WebSite\",\"@id\":\"https:\\\/\\\/redfoxlotto.com\\\/ro\\\/#website\",\"url\":\"https:\\\/\\\/redfoxlotto.com\\\/ro\\\/\",\"name\":\"Get Tickets for the World\u2019s largest jackpots\",\"description\":\"Participate in worldwide lottery jackpots from any country\",\"publisher\":{\"@id\":\"https:\\\/\\\/redfoxlotto.com\\\/ro\\\/#organization\"},\"potentialAction\":[{\"@type\":\"SearchAction\",\"target\":{\"@type\":\"EntryPoint\",\"urlTemplate\":\"https:\\\/\\\/redfoxlotto.com\\\/ro\\\/?s={search_term_string}\"},\"query-input\":{\"@type\":\"PropertyValueSpecification\",\"valueRequired\":true,\"valueName\":\"search_term_string\"}}],\"inLanguage\":\"ro-RO\"},{\"@type\":\"Organization\",\"@id\":\"https:\\\/\\\/redfoxlotto.com\\\/ro\\\/#organization\",\"name\":\"Get Tickets for the World\u2019s largest jackpots\",\"url\":\"https:\\\/\\\/redfoxlotto.com\\\/ro\\\/\",\"logo\":{\"@type\":\"ImageObject\",\"inLanguage\":\"ro-RO\",\"@id\":\"https:\\\/\\\/redfoxlotto.com\\\/ro\\\/#\\\/schema\\\/logo\\\/image\\\/\",\"url\":\"https:\\\/\\\/redfoxlotto.com\\\/wp-content\\\/uploads\\\/2023\\\/04\\\/logo.png\",\"contentUrl\":\"https:\\\/\\\/redfoxlotto.com\\\/wp-content\\\/uploads\\\/2023\\\/04\\\/logo.png\",\"width\":269,\"height\":53,\"caption\":\"Get Tickets for the World\u2019s largest jackpots\"},\"image\":{\"@id\":\"https:\\\/\\\/redfoxlotto.com\\\/ro\\\/#\\\/schema\\\/logo\\\/image\\\/\"}}]}<\/script>\n<!-- \/ Yoast SEO plugin. -->","yoast_head_json":{"title":"Numere de c\u00e2\u0219tiguri \u0219i rezultate actuale \u0219i recente ale Thunderball UK","description":"Compara\u021bi numerele biletului de loterie cu rezultatele tragerii Thunderball aici","robots":{"index":"index","follow":"follow","max-snippet":"max-snippet:-1","max-image-preview":"max-image-preview:large","max-video-preview":"max-video-preview:-1"},"canonical":"https:\/\/redfoxlotto.com\/ro\/rezultate\/thunderball\/","og_locale":"ro_RO","og_type":"article","og_title":"Numere de c\u00e2\u0219tiguri \u0219i rezultate actuale \u0219i recente ale Thunderball UK","og_description":"Compara\u021bi numerele biletului de loterie cu rezultatele tragerii Thunderball aici","og_url":"https:\/\/redfoxlotto.com\/ro\/rezultate\/thunderball\/","og_site_name":"Get Tickets for the World\u2019s largest jackpots","article_modified_time":"2023-05-24T17:40:27+00:00","og_image":[{"url":"https:\/\/content.redfoxlotto.com\/uploads\/sites\/9\/1_online_lotto_results.jpg","type":"","width":"","height":""}],"twitter_card":"summary_large_image","twitter_misc":{"Timp estimat pentru citire":"2 minute"},"schema":{"@context":"https:\/\/schema.org","@graph":[{"@type":"WebPage","@id":"https:\/\/redfoxlotto.com\/ro\/rezultate\/thunderball\/","url":"https:\/\/redfoxlotto.com\/ro\/rezultate\/thunderball\/","name":"Numere de c\u00e2\u0219tiguri \u0219i rezultate actuale \u0219i recente ale Thunderball UK","isPartOf":{"@id":"https:\/\/redfoxlotto.com\/ro\/#website"},"primaryImageOfPage":{"@id":"https:\/\/redfoxlotto.com\/ro\/rezultate\/thunderball\/#primaryimage"},"image":{"@id":"https:\/\/redfoxlotto.com\/ro\/rezultate\/thunderball\/#primaryimage"},"thumbnailUrl":"https:\/\/content.redfoxlotto.com\/uploads\/sites\/9\/1_online_lotto_results.jpg","datePublished":"2020-08-18T09:08:19+00:00","dateModified":"2023-05-24T17:40:27+00:00","description":"Compara\u021bi numerele biletului de loterie cu rezultatele tragerii Thunderball aici","breadcrumb":{"@id":"https:\/\/redfoxlotto.com\/ro\/rezultate\/thunderball\/#breadcrumb"},"inLanguage":"ro-RO","potentialAction":[{"@type":"ReadAction","target":["https:\/\/redfoxlotto.com\/ro\/rezultate\/thunderball\/"]}]},{"@type":"ImageObject","inLanguage":"ro-RO","@id":"https:\/\/redfoxlotto.com\/ro\/rezultate\/thunderball\/#primaryimage","url":"https:\/\/content.redfoxlotto.com\/uploads\/sites\/9\/1_online_lotto_results.jpg","contentUrl":"https:\/\/content.redfoxlotto.com\/uploads\/sites\/9\/1_online_lotto_results.jpg"},{"@type":"BreadcrumbList","@id":"https:\/\/redfoxlotto.com\/ro\/rezultate\/thunderball\/#breadcrumb","itemListElement":[{"@type":"ListItem","position":1,"name":"Home","item":"https:\/\/redfoxlotto.com\/ro\/"},{"@type":"ListItem","position":2,"name":"Rezultate la loteria Interna\u021bional\u0103","item":"https:\/\/redfoxlotto.com\/ro\/rezultate\/"},{"@type":"ListItem","position":3,"name":"Rezultate Thunderball"}]},{"@type":"WebSite","@id":"https:\/\/redfoxlotto.com\/ro\/#website","url":"https:\/\/redfoxlotto.com\/ro\/","name":"Get Tickets for the World\u2019s largest jackpots","description":"Participate in worldwide lottery jackpots from any country","publisher":{"@id":"https:\/\/redfoxlotto.com\/ro\/#organization"},"potentialAction":[{"@type":"SearchAction","target":{"@type":"EntryPoint","urlTemplate":"https:\/\/redfoxlotto.com\/ro\/?s={search_term_string}"},"query-input":{"@type":"PropertyValueSpecification","valueRequired":true,"valueName":"search_term_string"}}],"inLanguage":"ro-RO"},{"@type":"Organization","@id":"https:\/\/redfoxlotto.com\/ro\/#organization","name":"Get Tickets for the World\u2019s largest jackpots","url":"https:\/\/redfoxlotto.com\/ro\/","logo":{"@type":"ImageObject","inLanguage":"ro-RO","@id":"https:\/\/redfoxlotto.com\/ro\/#\/schema\/logo\/image\/","url":"https:\/\/redfoxlotto.com\/wp-content\/uploads\/2023\/04\/logo.png","contentUrl":"https:\/\/redfoxlotto.com\/wp-content\/uploads\/2023\/04\/logo.png","width":269,"height":53,"caption":"Get Tickets for the World\u2019s largest jackpots"},"image":{"@id":"https:\/\/redfoxlotto.com\/ro\/#\/schema\/logo\/image\/"}}]}},"_links":{"self":[{"href":"https:\/\/redfoxlotto.com\/ro\/wp-json\/wp\/v2\/pages\/13636","targetHints":{"allow":["GET"]}}],"collection":[{"href":"https:\/\/redfoxlotto.com\/ro\/wp-json\/wp\/v2\/pages"}],"about":[{"href":"https:\/\/redfoxlotto.com\/ro\/wp-json\/wp\/v2\/types\/page"}],"author":[{"embeddable":true,"href":"https:\/\/redfoxlotto.com\/ro\/wp-json\/wp\/v2\/users\/1"}],"replies":[{"embeddable":true,"href":"https:\/\/redfoxlotto.com\/ro\/wp-json\/wp\/v2\/comments?post=13636"}],"version-history":[{"count":0,"href":"https:\/\/redfoxlotto.com\/ro\/wp-json\/wp\/v2\/pages\/13636\/revisions"}],"up":[{"embeddable":true,"href":"https:\/\/redfoxlotto.com\/ro\/wp-json\/wp\/v2\/pages\/2842"}],"wp:attachment":[{"href":"https:\/\/redfoxlotto.com\/ro\/wp-json\/wp\/v2\/media?parent=13636"}],"curies":[{"name":"wp","href":"https:\/\/api.w.org\/{rel}","templated":true}]}}