{"id":13624,"date":"2018-11-18T08:54:25","date_gmt":"2018-11-18T08:54:25","guid":{"rendered":"https:\/\/redfoxlotto.com\/?page_id=13624"},"modified":"2023-05-24T17:40:19","modified_gmt":"2023-05-24T17:40:19","slug":"saturday-lotto-au","status":"publish","type":"page","link":"https:\/\/redfoxlotto.com\/ro\/rezultate\/saturday-lotto-au\/","title":{"rendered":"Rezultate loto s\u00e2mb\u0103t\u0103"},"content":{"rendered":"<p><img loading=\"lazy\" decoding=\"async\" class=\" wp-image alignright\" src=\"https:\/\/content.redfoxlotto.com\/uploads\/sites\/9\/1_draw_lottery_results.jpg\" alt=\"Lotto de s\u00e2mb\u0103t\u0103\" width=\"179\" height=\"178\"><\/p><p>De \u00eendat\u0103 ce remiza va fi finalizat\u0103, rezultatele pentru Lotto de s\u00e2mb\u0103t\u0103 vor fi afi\u0219ate aici. Informa\u021biile includ numerele c\u00e2\u0219tig\u0103toare, jackpot-ul estimat \u0219i valoarea premiului pentru diversele niveluri de premiere.<\/p><p>Dac\u0103 dori\u021bi s\u0103 vede\u021bi informa\u021bii la extragerile Lotto de s\u00e2mb\u0103ta trecut\u0103, pute\u021bi utiliza arhiva f\u0103c\u00e2nd clic pe meniul derulant date. Arhiva arat\u0103 informa\u021biile din ultimii trei ani.<\/p><p><img loading=\"lazy\" decoding=\"async\" class=\" wp-image alignright\" src=\"https:\/\/content.redfoxlotto.com\/uploads\/sites\/9\/1_draw_lottery_numbers.jpg\" alt=\"numere c\u00e2\u0219tig\u0103toare\" width=\"209\" height=\"148\" \/><\/p><p>Pentru o prezentare lateral\u0103 a tuturor celor mai recente rezultate ale extragerii la loterie, face\u021bi clic pe meniul principal &#8222;Rezultate&#8221; din partea de sus. Asta v\u0103 aduce la o pagin\u0103 cu toate loteriile. \u00cen aceast\u0103 pagin\u0103, pute\u021bi vedea ultimele numere trase, precum \u0219i suma total\u0103 de bani pl\u0103tit\u0103 pentru fiecare loterie.<\/p>","protected":false},"excerpt":{"rendered":"<p>De \u00eendat\u0103 ce remiza va fi finalizat\u0103, rezultatele pentru Lotto de s\u00e2mb\u0103t\u0103 vor fi afi\u0219ate aici. Informa\u021biile includ numerele c\u00e2\u0219tig\u0103toare, jackpot-ul estimat \u0219i valoarea premiului pentru diversele niveluri de premiere. Dac\u0103 dori\u021bi s\u0103 vede\u021bi informa\u021bii la extragerile Lotto de s\u00e2mb\u0103ta trecut\u0103, pute\u021bi utiliza arhiva f\u0103c\u00e2nd clic pe meniul derulant date. Arhiva arat\u0103 informa\u021biile din ultimii [&hellip;]<\/p>\n","protected":false},"author":1,"featured_media":0,"parent":2842,"menu_order":22,"comment_status":"closed","ping_status":"closed","template":"saturday-lotto-results.php","meta":{"_et_pb_use_builder":"","_et_pb_old_content":"","_et_gb_content_width":"","exclude_from_search":false,"footnotes":""},"class_list":["post-13624","page","type-page","status-publish","hentry"],"yoast_head":"<!-- This site is optimized with the Yoast SEO plugin v27.4 - https:\/\/yoast.com\/product\/yoast-seo-wordpress\/ -->\n<title>S\u00e2mb\u0103t\u0103 Lotto c\u00e2\u0219tig\u00e2nd numere \u0219i rezultate<\/title>\n<meta name=\"description\" content=\"Iat\u0103 numerele c\u00e2\u0219tig\u0103toare \u0219i rezultatele la loto de s\u00e2mb\u0103t\u0103\" \/>\n<meta name=\"robots\" content=\"index, follow, max-snippet:-1, max-image-preview:large, max-video-preview:-1\" \/>\n<link rel=\"canonical\" href=\"https:\/\/redfoxlotto.com\/ro\/rezultate\/saturday-lotto-au\/\" \/>\n<meta property=\"og:locale\" content=\"ro_RO\" \/>\n<meta property=\"og:type\" content=\"article\" \/>\n<meta property=\"og:title\" content=\"S\u00e2mb\u0103t\u0103 Lotto c\u00e2\u0219tig\u00e2nd numere \u0219i rezultate\" \/>\n<meta property=\"og:description\" content=\"Iat\u0103 numerele c\u00e2\u0219tig\u0103toare \u0219i rezultatele la loto de s\u00e2mb\u0103t\u0103\" \/>\n<meta property=\"og:url\" content=\"https:\/\/redfoxlotto.com\/ro\/rezultate\/saturday-lotto-au\/\" \/>\n<meta property=\"og:site_name\" content=\"Get Tickets for the World\u2019s largest jackpots\" \/>\n<meta property=\"article:modified_time\" content=\"2023-05-24T17:40:19+00:00\" \/>\n<meta property=\"og:image\" content=\"https:\/\/content.redfoxlotto.com\/uploads\/sites\/9\/1_draw_lottery_results.jpg\" \/>\n<meta name=\"twitter:card\" content=\"summary_large_image\" \/>\n<meta name=\"twitter:label1\" content=\"Timp estimat pentru citire\" \/>\n\t<meta name=\"twitter:data1\" content=\"1 minut\" \/>\n<script type=\"application\/ld+json\" class=\"yoast-schema-graph\">{\"@context\":\"https:\\\/\\\/schema.org\",\"@graph\":[{\"@type\":\"WebPage\",\"@id\":\"https:\\\/\\\/redfoxlotto.com\\\/ro\\\/rezultate\\\/saturday-lotto-au\\\/\",\"url\":\"https:\\\/\\\/redfoxlotto.com\\\/ro\\\/rezultate\\\/saturday-lotto-au\\\/\",\"name\":\"S\u00e2mb\u0103t\u0103 Lotto c\u00e2\u0219tig\u00e2nd numere \u0219i rezultate\",\"isPartOf\":{\"@id\":\"https:\\\/\\\/redfoxlotto.com\\\/ro\\\/#website\"},\"primaryImageOfPage\":{\"@id\":\"https:\\\/\\\/redfoxlotto.com\\\/ro\\\/rezultate\\\/saturday-lotto-au\\\/#primaryimage\"},\"image\":{\"@id\":\"https:\\\/\\\/redfoxlotto.com\\\/ro\\\/rezultate\\\/saturday-lotto-au\\\/#primaryimage\"},\"thumbnailUrl\":\"https:\\\/\\\/content.redfoxlotto.com\\\/uploads\\\/sites\\\/9\\\/1_draw_lottery_results.jpg\",\"datePublished\":\"2018-11-18T08:54:25+00:00\",\"dateModified\":\"2023-05-24T17:40:19+00:00\",\"description\":\"Iat\u0103 numerele c\u00e2\u0219tig\u0103toare \u0219i rezultatele la loto de s\u00e2mb\u0103t\u0103\",\"breadcrumb\":{\"@id\":\"https:\\\/\\\/redfoxlotto.com\\\/ro\\\/rezultate\\\/saturday-lotto-au\\\/#breadcrumb\"},\"inLanguage\":\"ro-RO\",\"potentialAction\":[{\"@type\":\"ReadAction\",\"target\":[\"https:\\\/\\\/redfoxlotto.com\\\/ro\\\/rezultate\\\/saturday-lotto-au\\\/\"]}]},{\"@type\":\"ImageObject\",\"inLanguage\":\"ro-RO\",\"@id\":\"https:\\\/\\\/redfoxlotto.com\\\/ro\\\/rezultate\\\/saturday-lotto-au\\\/#primaryimage\",\"url\":\"https:\\\/\\\/content.redfoxlotto.com\\\/uploads\\\/sites\\\/9\\\/1_draw_lottery_results.jpg\",\"contentUrl\":\"https:\\\/\\\/content.redfoxlotto.com\\\/uploads\\\/sites\\\/9\\\/1_draw_lottery_results.jpg\"},{\"@type\":\"BreadcrumbList\",\"@id\":\"https:\\\/\\\/redfoxlotto.com\\\/ro\\\/rezultate\\\/saturday-lotto-au\\\/#breadcrumb\",\"itemListElement\":[{\"@type\":\"ListItem\",\"position\":1,\"name\":\"Home\",\"item\":\"https:\\\/\\\/redfoxlotto.com\\\/ro\\\/\"},{\"@type\":\"ListItem\",\"position\":2,\"name\":\"Rezultate la loteria Interna\u021bional\u0103\",\"item\":\"https:\\\/\\\/redfoxlotto.com\\\/ro\\\/rezultate\\\/\"},{\"@type\":\"ListItem\",\"position\":3,\"name\":\"Rezultate loto s\u00e2mb\u0103t\u0103\"}]},{\"@type\":\"WebSite\",\"@id\":\"https:\\\/\\\/redfoxlotto.com\\\/ro\\\/#website\",\"url\":\"https:\\\/\\\/redfoxlotto.com\\\/ro\\\/\",\"name\":\"Get Tickets for the World\u2019s largest jackpots\",\"description\":\"Participate in worldwide lottery jackpots from any country\",\"publisher\":{\"@id\":\"https:\\\/\\\/redfoxlotto.com\\\/ro\\\/#organization\"},\"potentialAction\":[{\"@type\":\"SearchAction\",\"target\":{\"@type\":\"EntryPoint\",\"urlTemplate\":\"https:\\\/\\\/redfoxlotto.com\\\/ro\\\/?s={search_term_string}\"},\"query-input\":{\"@type\":\"PropertyValueSpecification\",\"valueRequired\":true,\"valueName\":\"search_term_string\"}}],\"inLanguage\":\"ro-RO\"},{\"@type\":\"Organization\",\"@id\":\"https:\\\/\\\/redfoxlotto.com\\\/ro\\\/#organization\",\"name\":\"Get Tickets for the World\u2019s largest jackpots\",\"url\":\"https:\\\/\\\/redfoxlotto.com\\\/ro\\\/\",\"logo\":{\"@type\":\"ImageObject\",\"inLanguage\":\"ro-RO\",\"@id\":\"https:\\\/\\\/redfoxlotto.com\\\/ro\\\/#\\\/schema\\\/logo\\\/image\\\/\",\"url\":\"https:\\\/\\\/redfoxlotto.com\\\/wp-content\\\/uploads\\\/2023\\\/04\\\/logo.png\",\"contentUrl\":\"https:\\\/\\\/redfoxlotto.com\\\/wp-content\\\/uploads\\\/2023\\\/04\\\/logo.png\",\"width\":269,\"height\":53,\"caption\":\"Get Tickets for the World\u2019s largest jackpots\"},\"image\":{\"@id\":\"https:\\\/\\\/redfoxlotto.com\\\/ro\\\/#\\\/schema\\\/logo\\\/image\\\/\"}}]}<\/script>\n<!-- \/ Yoast SEO plugin. -->","yoast_head_json":{"title":"S\u00e2mb\u0103t\u0103 Lotto c\u00e2\u0219tig\u00e2nd numere \u0219i rezultate","description":"Iat\u0103 numerele c\u00e2\u0219tig\u0103toare \u0219i rezultatele la loto de s\u00e2mb\u0103t\u0103","robots":{"index":"index","follow":"follow","max-snippet":"max-snippet:-1","max-image-preview":"max-image-preview:large","max-video-preview":"max-video-preview:-1"},"canonical":"https:\/\/redfoxlotto.com\/ro\/rezultate\/saturday-lotto-au\/","og_locale":"ro_RO","og_type":"article","og_title":"S\u00e2mb\u0103t\u0103 Lotto c\u00e2\u0219tig\u00e2nd numere \u0219i rezultate","og_description":"Iat\u0103 numerele c\u00e2\u0219tig\u0103toare \u0219i rezultatele la loto de s\u00e2mb\u0103t\u0103","og_url":"https:\/\/redfoxlotto.com\/ro\/rezultate\/saturday-lotto-au\/","og_site_name":"Get Tickets for the World\u2019s largest jackpots","article_modified_time":"2023-05-24T17:40:19+00:00","og_image":[{"url":"https:\/\/content.redfoxlotto.com\/uploads\/sites\/9\/1_draw_lottery_results.jpg","type":"","width":"","height":""}],"twitter_card":"summary_large_image","twitter_misc":{"Timp estimat pentru citire":"1 minut"},"schema":{"@context":"https:\/\/schema.org","@graph":[{"@type":"WebPage","@id":"https:\/\/redfoxlotto.com\/ro\/rezultate\/saturday-lotto-au\/","url":"https:\/\/redfoxlotto.com\/ro\/rezultate\/saturday-lotto-au\/","name":"S\u00e2mb\u0103t\u0103 Lotto c\u00e2\u0219tig\u00e2nd numere \u0219i rezultate","isPartOf":{"@id":"https:\/\/redfoxlotto.com\/ro\/#website"},"primaryImageOfPage":{"@id":"https:\/\/redfoxlotto.com\/ro\/rezultate\/saturday-lotto-au\/#primaryimage"},"image":{"@id":"https:\/\/redfoxlotto.com\/ro\/rezultate\/saturday-lotto-au\/#primaryimage"},"thumbnailUrl":"https:\/\/content.redfoxlotto.com\/uploads\/sites\/9\/1_draw_lottery_results.jpg","datePublished":"2018-11-18T08:54:25+00:00","dateModified":"2023-05-24T17:40:19+00:00","description":"Iat\u0103 numerele c\u00e2\u0219tig\u0103toare \u0219i rezultatele la loto de s\u00e2mb\u0103t\u0103","breadcrumb":{"@id":"https:\/\/redfoxlotto.com\/ro\/rezultate\/saturday-lotto-au\/#breadcrumb"},"inLanguage":"ro-RO","potentialAction":[{"@type":"ReadAction","target":["https:\/\/redfoxlotto.com\/ro\/rezultate\/saturday-lotto-au\/"]}]},{"@type":"ImageObject","inLanguage":"ro-RO","@id":"https:\/\/redfoxlotto.com\/ro\/rezultate\/saturday-lotto-au\/#primaryimage","url":"https:\/\/content.redfoxlotto.com\/uploads\/sites\/9\/1_draw_lottery_results.jpg","contentUrl":"https:\/\/content.redfoxlotto.com\/uploads\/sites\/9\/1_draw_lottery_results.jpg"},{"@type":"BreadcrumbList","@id":"https:\/\/redfoxlotto.com\/ro\/rezultate\/saturday-lotto-au\/#breadcrumb","itemListElement":[{"@type":"ListItem","position":1,"name":"Home","item":"https:\/\/redfoxlotto.com\/ro\/"},{"@type":"ListItem","position":2,"name":"Rezultate la loteria Interna\u021bional\u0103","item":"https:\/\/redfoxlotto.com\/ro\/rezultate\/"},{"@type":"ListItem","position":3,"name":"Rezultate loto s\u00e2mb\u0103t\u0103"}]},{"@type":"WebSite","@id":"https:\/\/redfoxlotto.com\/ro\/#website","url":"https:\/\/redfoxlotto.com\/ro\/","name":"Get Tickets for the World\u2019s largest jackpots","description":"Participate in worldwide lottery jackpots from any country","publisher":{"@id":"https:\/\/redfoxlotto.com\/ro\/#organization"},"potentialAction":[{"@type":"SearchAction","target":{"@type":"EntryPoint","urlTemplate":"https:\/\/redfoxlotto.com\/ro\/?s={search_term_string}"},"query-input":{"@type":"PropertyValueSpecification","valueRequired":true,"valueName":"search_term_string"}}],"inLanguage":"ro-RO"},{"@type":"Organization","@id":"https:\/\/redfoxlotto.com\/ro\/#organization","name":"Get Tickets for the World\u2019s largest jackpots","url":"https:\/\/redfoxlotto.com\/ro\/","logo":{"@type":"ImageObject","inLanguage":"ro-RO","@id":"https:\/\/redfoxlotto.com\/ro\/#\/schema\/logo\/image\/","url":"https:\/\/redfoxlotto.com\/wp-content\/uploads\/2023\/04\/logo.png","contentUrl":"https:\/\/redfoxlotto.com\/wp-content\/uploads\/2023\/04\/logo.png","width":269,"height":53,"caption":"Get Tickets for the World\u2019s largest jackpots"},"image":{"@id":"https:\/\/redfoxlotto.com\/ro\/#\/schema\/logo\/image\/"}}]}},"_links":{"self":[{"href":"https:\/\/redfoxlotto.com\/ro\/wp-json\/wp\/v2\/pages\/13624","targetHints":{"allow":["GET"]}}],"collection":[{"href":"https:\/\/redfoxlotto.com\/ro\/wp-json\/wp\/v2\/pages"}],"about":[{"href":"https:\/\/redfoxlotto.com\/ro\/wp-json\/wp\/v2\/types\/page"}],"author":[{"embeddable":true,"href":"https:\/\/redfoxlotto.com\/ro\/wp-json\/wp\/v2\/users\/1"}],"replies":[{"embeddable":true,"href":"https:\/\/redfoxlotto.com\/ro\/wp-json\/wp\/v2\/comments?post=13624"}],"version-history":[{"count":0,"href":"https:\/\/redfoxlotto.com\/ro\/wp-json\/wp\/v2\/pages\/13624\/revisions"}],"up":[{"embeddable":true,"href":"https:\/\/redfoxlotto.com\/ro\/wp-json\/wp\/v2\/pages\/2842"}],"wp:attachment":[{"href":"https:\/\/redfoxlotto.com\/ro\/wp-json\/wp\/v2\/media?parent=13624"}],"curies":[{"name":"wp","href":"https:\/\/api.w.org\/{rel}","templated":true}]}}