{"id":13548,"date":"2020-08-18T10:31:21","date_gmt":"2020-08-18T10:31:21","guid":{"rendered":"https:\/\/redfoxlotto.com\/?page_id=13548"},"modified":"2023-05-24T17:39:56","modified_gmt":"2023-05-24T17:39:56","slug":"set-for-life-uk","status":"publish","type":"page","link":"https:\/\/redfoxlotto.com\/ro\/rezultate\/set-for-life-uk\/","title":{"rendered":"Rezultatele lotului set pentru vie\u021bii"},"content":{"rendered":"<h2 class=\"wp-block-heading\">Numere c\u00e2\u0219tig\u0103toare la loterie \u201eSet pentru via\u021b\u0103\u201d<\/h2><p><img loading=\"lazy\" decoding=\"async\" class=\" wp-image alignright\" src=\"https:\/\/content.redfoxlotto.com\/uploads\/sites\/9\/1_results_winning_numbers2.jpg\" alt=\"set pentru rezultate pe via\u021b\u0103\" width=\"240\" height=\"180\" \/><\/p><p>Numerele c\u00e2\u0219tig\u0103toare pentru loteria \u201eSet pentru via\u021b\u0103\u201d vor fi publicate pe site-ul nostru web dup\u0103 fiecare extragere. Dup\u0103 ce a\u021bi rezervat un bilet pentru aceast\u0103 loterie pe site-ul nostru, v\u0103 vom trimite un e-mail dac\u0103 biletul dvs. a c\u00e2\u0219tigat ceva.<\/p><p>Dar v\u0103 pute\u021bi conecta \u0219i la contul dvs. \u0219i pute\u021bi deschide sec\u021biunea \u00een care este stocat biletul. Toate numerele pe care le-a\u021bi ales care se potrivesc cu rezultatul la remiz\u0103 vor fi marcate, astfel \u00eenc\u00e2t s\u0103 v\u0103 fie u\u0219or s\u0103 vede\u021bi ce a\u021bi c\u00e2\u0219tigat.<\/p><h2 class=\"wp-block-heading\">Numere c\u00e2\u0219tig\u0103toare anterioare \u201eSet pentru via\u021b\u0103\u201d<\/h2><p>Dac\u0103 dori\u021bi s\u0103 vede\u021bi numerele din extragerile anterioare, pute\u021bi face \u0219i asta. Mul\u021bi dintre clien\u021bii no\u0219tri folosesc aceast\u0103 func\u021bie pentru a evita alegerea numerelor care tocmai au fost extrase \u00een ultimele zile sau s\u0103pt\u0103m\u00e2ni.<\/p>","protected":false},"excerpt":{"rendered":"<p>Numere c\u00e2\u0219tig\u0103toare la loterie \u201eSet pentru via\u021b\u0103\u201d Numerele c\u00e2\u0219tig\u0103toare pentru loteria \u201eSet pentru via\u021b\u0103\u201d vor fi publicate pe site-ul nostru web dup\u0103 fiecare extragere. Dup\u0103 ce a\u021bi rezervat un bilet pentru aceast\u0103 loterie pe site-ul nostru, v\u0103 vom trimite un e-mail dac\u0103 biletul dvs. a c\u00e2\u0219tigat ceva. Dar v\u0103 pute\u021bi conecta \u0219i la contul dvs. [&hellip;]<\/p>\n","protected":false},"author":1,"featured_media":0,"parent":2842,"menu_order":10,"comment_status":"closed","ping_status":"closed","template":"set-for-life-results.php","meta":{"_et_pb_use_builder":"","_et_pb_old_content":"","_et_gb_content_width":"","exclude_from_search":false,"footnotes":""},"class_list":["post-13548","page","type-page","status-publish","hentry"],"yoast_head":"<!-- This site is optimized with the Yoast SEO plugin v23.8 - https:\/\/yoast.com\/wordpress\/plugins\/seo\/ -->\n<title>numerele c\u00e2\u0219tig\u0103toare pentru lotul Set for Life<\/title>\n<meta name=\"description\" content=\"Ob\u021bine\u021bi rezultatele extragerii \u0219i numerele c\u00e2\u0219tig\u0103toare pentru lotul Set for Life\" \/>\n<meta name=\"robots\" content=\"index, follow, max-snippet:-1, max-image-preview:large, max-video-preview:-1\" \/>\n<link rel=\"canonical\" href=\"https:\/\/redfoxlotto.com\/ro\/rezultate\/set-for-life-uk\/\" \/>\n<meta property=\"og:locale\" content=\"ro_RO\" \/>\n<meta property=\"og:type\" content=\"article\" \/>\n<meta property=\"og:title\" content=\"numerele c\u00e2\u0219tig\u0103toare pentru lotul Set for Life\" \/>\n<meta property=\"og:description\" content=\"Ob\u021bine\u021bi rezultatele extragerii \u0219i numerele c\u00e2\u0219tig\u0103toare pentru lotul Set for Life\" \/>\n<meta property=\"og:url\" content=\"https:\/\/redfoxlotto.com\/ro\/rezultate\/set-for-life-uk\/\" \/>\n<meta property=\"og:site_name\" content=\"Get Tickets for the World\u2019s largest jackpots\" \/>\n<meta property=\"article:modified_time\" content=\"2023-05-24T17:39:56+00:00\" \/>\n<meta property=\"og:image\" content=\"https:\/\/content.redfoxlotto.com\/uploads\/sites\/9\/1_results_winning_numbers2.jpg\" \/>\n<meta name=\"twitter:card\" content=\"summary_large_image\" \/>\n<meta name=\"twitter:label1\" content=\"Timp estimat pentru citire\" \/>\n\t<meta name=\"twitter:data1\" content=\"1 minut\" \/>\n<script type=\"application\/ld+json\" class=\"yoast-schema-graph\">{\"@context\":\"https:\/\/schema.org\",\"@graph\":[{\"@type\":\"WebPage\",\"@id\":\"https:\/\/redfoxlotto.com\/ro\/rezultate\/set-for-life-uk\/\",\"url\":\"https:\/\/redfoxlotto.com\/ro\/rezultate\/set-for-life-uk\/\",\"name\":\"numerele c\u00e2\u0219tig\u0103toare pentru lotul Set for Life\",\"isPartOf\":{\"@id\":\"https:\/\/redfoxlotto.com\/ro\/#website\"},\"primaryImageOfPage\":{\"@id\":\"https:\/\/redfoxlotto.com\/ro\/rezultate\/set-for-life-uk\/#primaryimage\"},\"image\":{\"@id\":\"https:\/\/redfoxlotto.com\/ro\/rezultate\/set-for-life-uk\/#primaryimage\"},\"thumbnailUrl\":\"https:\/\/content.redfoxlotto.com\/uploads\/sites\/9\/1_results_winning_numbers2.jpg\",\"datePublished\":\"2020-08-18T10:31:21+00:00\",\"dateModified\":\"2023-05-24T17:39:56+00:00\",\"description\":\"Ob\u021bine\u021bi rezultatele extragerii \u0219i numerele c\u00e2\u0219tig\u0103toare pentru lotul Set for Life\",\"breadcrumb\":{\"@id\":\"https:\/\/redfoxlotto.com\/ro\/rezultate\/set-for-life-uk\/#breadcrumb\"},\"inLanguage\":\"ro-RO\",\"potentialAction\":[{\"@type\":\"ReadAction\",\"target\":[\"https:\/\/redfoxlotto.com\/ro\/rezultate\/set-for-life-uk\/\"]}]},{\"@type\":\"ImageObject\",\"inLanguage\":\"ro-RO\",\"@id\":\"https:\/\/redfoxlotto.com\/ro\/rezultate\/set-for-life-uk\/#primaryimage\",\"url\":\"https:\/\/content.redfoxlotto.com\/uploads\/sites\/9\/1_results_winning_numbers2.jpg\",\"contentUrl\":\"https:\/\/content.redfoxlotto.com\/uploads\/sites\/9\/1_results_winning_numbers2.jpg\"},{\"@type\":\"BreadcrumbList\",\"@id\":\"https:\/\/redfoxlotto.com\/ro\/rezultate\/set-for-life-uk\/#breadcrumb\",\"itemListElement\":[{\"@type\":\"ListItem\",\"position\":1,\"name\":\"Home\",\"item\":\"https:\/\/redfoxlotto.com\/ro\/\"},{\"@type\":\"ListItem\",\"position\":2,\"name\":\"Rezultate la loteria Interna\u021bional\u0103\",\"item\":\"https:\/\/redfoxlotto.com\/ro\/rezultate\/\"},{\"@type\":\"ListItem\",\"position\":3,\"name\":\"Rezultatele lotului set pentru vie\u021bii\"}]},{\"@type\":\"WebSite\",\"@id\":\"https:\/\/redfoxlotto.com\/ro\/#website\",\"url\":\"https:\/\/redfoxlotto.com\/ro\/\",\"name\":\"Get Tickets for the World\u2019s largest jackpots\",\"description\":\"Participate in worldwide lottery jackpots from any country\",\"publisher\":{\"@id\":\"https:\/\/redfoxlotto.com\/ro\/#organization\"},\"potentialAction\":[{\"@type\":\"SearchAction\",\"target\":{\"@type\":\"EntryPoint\",\"urlTemplate\":\"https:\/\/redfoxlotto.com\/ro\/?s={search_term_string}\"},\"query-input\":{\"@type\":\"PropertyValueSpecification\",\"valueRequired\":true,\"valueName\":\"search_term_string\"}}],\"inLanguage\":\"ro-RO\"},{\"@type\":\"Organization\",\"@id\":\"https:\/\/redfoxlotto.com\/ro\/#organization\",\"name\":\"Get Tickets for the World\u2019s largest jackpots\",\"url\":\"https:\/\/redfoxlotto.com\/ro\/\",\"logo\":{\"@type\":\"ImageObject\",\"inLanguage\":\"ro-RO\",\"@id\":\"https:\/\/redfoxlotto.com\/ro\/#\/schema\/logo\/image\/\",\"url\":\"https:\/\/redfoxlotto.com\/wp-content\/uploads\/2023\/04\/logo.png\",\"contentUrl\":\"https:\/\/redfoxlotto.com\/wp-content\/uploads\/2023\/04\/logo.png\",\"width\":269,\"height\":53,\"caption\":\"Get Tickets for the World\u2019s largest jackpots\"},\"image\":{\"@id\":\"https:\/\/redfoxlotto.com\/ro\/#\/schema\/logo\/image\/\"}}]}<\/script>\n<!-- \/ Yoast SEO plugin. -->","yoast_head_json":{"title":"numerele c\u00e2\u0219tig\u0103toare pentru lotul Set for Life","description":"Ob\u021bine\u021bi rezultatele extragerii \u0219i numerele c\u00e2\u0219tig\u0103toare pentru lotul Set for Life","robots":{"index":"index","follow":"follow","max-snippet":"max-snippet:-1","max-image-preview":"max-image-preview:large","max-video-preview":"max-video-preview:-1"},"canonical":"https:\/\/redfoxlotto.com\/ro\/rezultate\/set-for-life-uk\/","og_locale":"ro_RO","og_type":"article","og_title":"numerele c\u00e2\u0219tig\u0103toare pentru lotul Set for Life","og_description":"Ob\u021bine\u021bi rezultatele extragerii \u0219i numerele c\u00e2\u0219tig\u0103toare pentru lotul Set for Life","og_url":"https:\/\/redfoxlotto.com\/ro\/rezultate\/set-for-life-uk\/","og_site_name":"Get Tickets for the World\u2019s largest jackpots","article_modified_time":"2023-05-24T17:39:56+00:00","og_image":[{"url":"https:\/\/content.redfoxlotto.com\/uploads\/sites\/9\/1_results_winning_numbers2.jpg"}],"twitter_card":"summary_large_image","twitter_misc":{"Timp estimat pentru citire":"1 minut"},"schema":{"@context":"https:\/\/schema.org","@graph":[{"@type":"WebPage","@id":"https:\/\/redfoxlotto.com\/ro\/rezultate\/set-for-life-uk\/","url":"https:\/\/redfoxlotto.com\/ro\/rezultate\/set-for-life-uk\/","name":"numerele c\u00e2\u0219tig\u0103toare pentru lotul Set for Life","isPartOf":{"@id":"https:\/\/redfoxlotto.com\/ro\/#website"},"primaryImageOfPage":{"@id":"https:\/\/redfoxlotto.com\/ro\/rezultate\/set-for-life-uk\/#primaryimage"},"image":{"@id":"https:\/\/redfoxlotto.com\/ro\/rezultate\/set-for-life-uk\/#primaryimage"},"thumbnailUrl":"https:\/\/content.redfoxlotto.com\/uploads\/sites\/9\/1_results_winning_numbers2.jpg","datePublished":"2020-08-18T10:31:21+00:00","dateModified":"2023-05-24T17:39:56+00:00","description":"Ob\u021bine\u021bi rezultatele extragerii \u0219i numerele c\u00e2\u0219tig\u0103toare pentru lotul Set for Life","breadcrumb":{"@id":"https:\/\/redfoxlotto.com\/ro\/rezultate\/set-for-life-uk\/#breadcrumb"},"inLanguage":"ro-RO","potentialAction":[{"@type":"ReadAction","target":["https:\/\/redfoxlotto.com\/ro\/rezultate\/set-for-life-uk\/"]}]},{"@type":"ImageObject","inLanguage":"ro-RO","@id":"https:\/\/redfoxlotto.com\/ro\/rezultate\/set-for-life-uk\/#primaryimage","url":"https:\/\/content.redfoxlotto.com\/uploads\/sites\/9\/1_results_winning_numbers2.jpg","contentUrl":"https:\/\/content.redfoxlotto.com\/uploads\/sites\/9\/1_results_winning_numbers2.jpg"},{"@type":"BreadcrumbList","@id":"https:\/\/redfoxlotto.com\/ro\/rezultate\/set-for-life-uk\/#breadcrumb","itemListElement":[{"@type":"ListItem","position":1,"name":"Home","item":"https:\/\/redfoxlotto.com\/ro\/"},{"@type":"ListItem","position":2,"name":"Rezultate la loteria Interna\u021bional\u0103","item":"https:\/\/redfoxlotto.com\/ro\/rezultate\/"},{"@type":"ListItem","position":3,"name":"Rezultatele lotului set pentru vie\u021bii"}]},{"@type":"WebSite","@id":"https:\/\/redfoxlotto.com\/ro\/#website","url":"https:\/\/redfoxlotto.com\/ro\/","name":"Get Tickets for the World\u2019s largest jackpots","description":"Participate in worldwide lottery jackpots from any country","publisher":{"@id":"https:\/\/redfoxlotto.com\/ro\/#organization"},"potentialAction":[{"@type":"SearchAction","target":{"@type":"EntryPoint","urlTemplate":"https:\/\/redfoxlotto.com\/ro\/?s={search_term_string}"},"query-input":{"@type":"PropertyValueSpecification","valueRequired":true,"valueName":"search_term_string"}}],"inLanguage":"ro-RO"},{"@type":"Organization","@id":"https:\/\/redfoxlotto.com\/ro\/#organization","name":"Get Tickets for the World\u2019s largest jackpots","url":"https:\/\/redfoxlotto.com\/ro\/","logo":{"@type":"ImageObject","inLanguage":"ro-RO","@id":"https:\/\/redfoxlotto.com\/ro\/#\/schema\/logo\/image\/","url":"https:\/\/redfoxlotto.com\/wp-content\/uploads\/2023\/04\/logo.png","contentUrl":"https:\/\/redfoxlotto.com\/wp-content\/uploads\/2023\/04\/logo.png","width":269,"height":53,"caption":"Get Tickets for the World\u2019s largest jackpots"},"image":{"@id":"https:\/\/redfoxlotto.com\/ro\/#\/schema\/logo\/image\/"}}]}},"_links":{"self":[{"href":"https:\/\/redfoxlotto.com\/ro\/wp-json\/wp\/v2\/pages\/13548","targetHints":{"allow":["GET"]}}],"collection":[{"href":"https:\/\/redfoxlotto.com\/ro\/wp-json\/wp\/v2\/pages"}],"about":[{"href":"https:\/\/redfoxlotto.com\/ro\/wp-json\/wp\/v2\/types\/page"}],"author":[{"embeddable":true,"href":"https:\/\/redfoxlotto.com\/ro\/wp-json\/wp\/v2\/users\/1"}],"replies":[{"embeddable":true,"href":"https:\/\/redfoxlotto.com\/ro\/wp-json\/wp\/v2\/comments?post=13548"}],"version-history":[{"count":0,"href":"https:\/\/redfoxlotto.com\/ro\/wp-json\/wp\/v2\/pages\/13548\/revisions"}],"up":[{"embeddable":true,"href":"https:\/\/redfoxlotto.com\/ro\/wp-json\/wp\/v2\/pages\/2842"}],"wp:attachment":[{"href":"https:\/\/redfoxlotto.com\/ro\/wp-json\/wp\/v2\/media?parent=13548"}],"curies":[{"name":"wp","href":"https:\/\/api.w.org\/{rel}","templated":true}]}}