{"id":13516,"date":"2020-07-20T08:57:09","date_gmt":"2020-07-20T08:57:09","guid":{"rendered":"https:\/\/redfoxlotto.com\/?page_id=13516"},"modified":"2023-05-24T17:39:26","modified_gmt":"2023-05-24T17:39:26","slug":"mega-sena","status":"publish","type":"page","link":"https:\/\/redfoxlotto.com\/ro\/rezultate\/mega-sena\/","title":{"rendered":"Rezultate Mega Sena"},"content":{"rendered":"<h2 class=\"wp-block-heading\">Numere c\u00e2\u0219tig\u0103toare din Mega Sena Brazilia<\/h2><p><img loading=\"lazy\" decoding=\"async\" class=\" wp-image alignright\" src=\"https:\/\/content.redfoxlotto.com\/uploads\/sites\/9\/1_you_win_jackpot.jpg\" alt=\"c\u00e2\u0219tiga loteria jackpot\" width=\"243\" height=\"243\" \/><\/p><p>Dac\u0103 ai jucat deja Mega Sena, atunci trebuie s\u0103 \u0219tii dac\u0103 ai c\u00e2\u0219tigat, nu? Deci, cum verifica\u021bi numerele c\u00e2\u0219tig\u0103toare ale Mega Sena Brazilia? Pur \u0219i simplu v\u0103 vizita\u021bi contul pe RedFoxLotto.com. Ve\u021bi putea g\u0103si cele mai recente rezultate pentru joc \u0219i dac\u0103 a\u021bi jucat, le ve\u021bi putea g\u0103si chiar mai u\u0219or.<\/p><h2 class=\"wp-block-heading\">Verificarea numerelor dvs.<\/h2><p>Dac\u0103 dori\u021bi s\u0103 \u0219ti\u021bi dac\u0103 a\u021bi c\u00e2\u0219tigat la Mega Sena Brazilia, accesa\u021bi pagina biletelor din contul dvs. De acolo v\u0103 pute\u021bi vedea numerele \u00een compara\u021bie cu numerele c\u00e2\u0219tig\u0103toare. Acest lucru v\u0103 face \u0219i mai u\u0219or s\u0103 \u0219ti\u021bi ce a\u021bi c\u00e2\u0219tigat \u0219i ce numere au fost bune sau nu.<\/p><p>Dar nu trebuie s\u0103 v\u0103 face\u021bi griji pentru nimic, deoarece orice c\u00e2\u0219tiga\u021bi va fi solicitat automat pentru dvs. \u0219i apoi va fi depus \u00een contul dvs. \u00cen acest fel, v\u0103 pute\u021bi relaxa dup\u0103 ce a\u021bi cump\u0103rat biletul. Cel pu\u021bin, p\u00e2n\u0103 c\u00e2nd este timpul s\u0103 cump\u0103ra\u021bi urm\u0103torul.<\/p><h2 class=\"wp-block-heading\">Verificarea numerelor c\u00e2\u0219tig\u0103toare vechi<\/h2><p>Dac\u0103 ave\u021bi un bilet mai vechi pe care dori\u021bi s\u0103 \u00eel verifica\u021bi, \u00eel pute\u021bi face c\u0103ut\u00e2nd \u00een arhiv\u0103. Examinarea vechilor numere c\u00e2\u0219tig\u0103toare Mega Sena Brazilia este de asemenea bun\u0103 dac\u0103 inten\u021biona\u021bi s\u0103 paria\u021bi unele dintre aceste numere. Tot ce trebuie s\u0103 face\u021bi este s\u0103 arunca\u021bi o privire \u0219i ve\u021bi putea vedea ce numere au ap\u0103rut mai mult (sau mai pu\u021bin) des.<\/p>","protected":false},"excerpt":{"rendered":"<p>Numere c\u00e2\u0219tig\u0103toare din Mega Sena Brazilia Dac\u0103 ai jucat deja Mega Sena, atunci trebuie s\u0103 \u0219tii dac\u0103 ai c\u00e2\u0219tigat, nu? Deci, cum verifica\u021bi numerele c\u00e2\u0219tig\u0103toare ale Mega Sena Brazilia? Pur \u0219i simplu v\u0103 vizita\u021bi contul pe RedFoxLotto.com. Ve\u021bi putea g\u0103si cele mai recente rezultate pentru joc \u0219i dac\u0103 a\u021bi jucat, le ve\u021bi putea g\u0103si chiar [&hellip;]<\/p>\n","protected":false},"author":1,"featured_media":0,"parent":2842,"menu_order":13,"comment_status":"closed","ping_status":"closed","template":"megasena-results.php","meta":{"_et_pb_use_builder":"","_et_pb_old_content":"","_et_gb_content_width":"","exclude_from_search":false,"footnotes":""},"class_list":["post-13516","page","type-page","status-publish","hentry"],"yoast_head":"<!-- This site is optimized with the Yoast SEO plugin v23.8 - https:\/\/yoast.com\/wordpress\/plugins\/seo\/ -->\n<title>Numere c\u00e2\u0219tig\u0103toare Mega Sena | Deseneaz\u0103 rezultatele pentru Mega Sena din Brazilia<\/title>\n<meta name=\"description\" content=\"Verifica\u021bi cele mai noi \u0219i anterioare numere c\u00e2\u0219tig\u0103toare pentru Mega Sena\" \/>\n<meta name=\"robots\" content=\"index, follow, max-snippet:-1, max-image-preview:large, max-video-preview:-1\" \/>\n<link rel=\"canonical\" href=\"https:\/\/redfoxlotto.com\/ro\/rezultate\/mega-sena\/\" \/>\n<meta property=\"og:locale\" content=\"ro_RO\" \/>\n<meta property=\"og:type\" content=\"article\" \/>\n<meta property=\"og:title\" content=\"Numere c\u00e2\u0219tig\u0103toare Mega Sena | Deseneaz\u0103 rezultatele pentru Mega Sena din Brazilia\" \/>\n<meta property=\"og:description\" content=\"Verifica\u021bi cele mai noi \u0219i anterioare numere c\u00e2\u0219tig\u0103toare pentru Mega Sena\" \/>\n<meta property=\"og:url\" content=\"https:\/\/redfoxlotto.com\/ro\/rezultate\/mega-sena\/\" \/>\n<meta property=\"og:site_name\" content=\"Get Tickets for the World\u2019s largest jackpots\" \/>\n<meta property=\"article:modified_time\" content=\"2023-05-24T17:39:26+00:00\" \/>\n<meta property=\"og:image\" content=\"https:\/\/content.redfoxlotto.com\/uploads\/sites\/9\/1_you_win_jackpot.jpg\" \/>\n<meta name=\"twitter:card\" content=\"summary_large_image\" \/>\n<meta name=\"twitter:label1\" content=\"Timp estimat pentru citire\" \/>\n\t<meta name=\"twitter:data1\" content=\"2 minute\" \/>\n<script type=\"application\/ld+json\" class=\"yoast-schema-graph\">{\"@context\":\"https:\/\/schema.org\",\"@graph\":[{\"@type\":\"WebPage\",\"@id\":\"https:\/\/redfoxlotto.com\/ro\/rezultate\/mega-sena\/\",\"url\":\"https:\/\/redfoxlotto.com\/ro\/rezultate\/mega-sena\/\",\"name\":\"Numere c\u00e2\u0219tig\u0103toare Mega Sena | Deseneaz\u0103 rezultatele pentru Mega Sena din Brazilia\",\"isPartOf\":{\"@id\":\"https:\/\/redfoxlotto.com\/ro\/#website\"},\"primaryImageOfPage\":{\"@id\":\"https:\/\/redfoxlotto.com\/ro\/rezultate\/mega-sena\/#primaryimage\"},\"image\":{\"@id\":\"https:\/\/redfoxlotto.com\/ro\/rezultate\/mega-sena\/#primaryimage\"},\"thumbnailUrl\":\"https:\/\/content.redfoxlotto.com\/uploads\/sites\/9\/1_you_win_jackpot.jpg\",\"datePublished\":\"2020-07-20T08:57:09+00:00\",\"dateModified\":\"2023-05-24T17:39:26+00:00\",\"description\":\"Verifica\u021bi cele mai noi \u0219i anterioare numere c\u00e2\u0219tig\u0103toare pentru Mega Sena\",\"breadcrumb\":{\"@id\":\"https:\/\/redfoxlotto.com\/ro\/rezultate\/mega-sena\/#breadcrumb\"},\"inLanguage\":\"ro-RO\",\"potentialAction\":[{\"@type\":\"ReadAction\",\"target\":[\"https:\/\/redfoxlotto.com\/ro\/rezultate\/mega-sena\/\"]}]},{\"@type\":\"ImageObject\",\"inLanguage\":\"ro-RO\",\"@id\":\"https:\/\/redfoxlotto.com\/ro\/rezultate\/mega-sena\/#primaryimage\",\"url\":\"https:\/\/content.redfoxlotto.com\/uploads\/sites\/9\/1_you_win_jackpot.jpg\",\"contentUrl\":\"https:\/\/content.redfoxlotto.com\/uploads\/sites\/9\/1_you_win_jackpot.jpg\"},{\"@type\":\"BreadcrumbList\",\"@id\":\"https:\/\/redfoxlotto.com\/ro\/rezultate\/mega-sena\/#breadcrumb\",\"itemListElement\":[{\"@type\":\"ListItem\",\"position\":1,\"name\":\"Home\",\"item\":\"https:\/\/redfoxlotto.com\/ro\/\"},{\"@type\":\"ListItem\",\"position\":2,\"name\":\"Rezultate la loteria Interna\u021bional\u0103\",\"item\":\"https:\/\/redfoxlotto.com\/ro\/rezultate\/\"},{\"@type\":\"ListItem\",\"position\":3,\"name\":\"Rezultate Mega Sena\"}]},{\"@type\":\"WebSite\",\"@id\":\"https:\/\/redfoxlotto.com\/ro\/#website\",\"url\":\"https:\/\/redfoxlotto.com\/ro\/\",\"name\":\"Get Tickets for the World\u2019s largest jackpots\",\"description\":\"Participate in worldwide lottery jackpots from any country\",\"publisher\":{\"@id\":\"https:\/\/redfoxlotto.com\/ro\/#organization\"},\"potentialAction\":[{\"@type\":\"SearchAction\",\"target\":{\"@type\":\"EntryPoint\",\"urlTemplate\":\"https:\/\/redfoxlotto.com\/ro\/?s={search_term_string}\"},\"query-input\":{\"@type\":\"PropertyValueSpecification\",\"valueRequired\":true,\"valueName\":\"search_term_string\"}}],\"inLanguage\":\"ro-RO\"},{\"@type\":\"Organization\",\"@id\":\"https:\/\/redfoxlotto.com\/ro\/#organization\",\"name\":\"Get Tickets for the World\u2019s largest jackpots\",\"url\":\"https:\/\/redfoxlotto.com\/ro\/\",\"logo\":{\"@type\":\"ImageObject\",\"inLanguage\":\"ro-RO\",\"@id\":\"https:\/\/redfoxlotto.com\/ro\/#\/schema\/logo\/image\/\",\"url\":\"https:\/\/redfoxlotto.com\/wp-content\/uploads\/2023\/04\/logo.png\",\"contentUrl\":\"https:\/\/redfoxlotto.com\/wp-content\/uploads\/2023\/04\/logo.png\",\"width\":269,\"height\":53,\"caption\":\"Get Tickets for the World\u2019s largest jackpots\"},\"image\":{\"@id\":\"https:\/\/redfoxlotto.com\/ro\/#\/schema\/logo\/image\/\"}}]}<\/script>\n<!-- \/ Yoast SEO plugin. -->","yoast_head_json":{"title":"Numere c\u00e2\u0219tig\u0103toare Mega Sena | Deseneaz\u0103 rezultatele pentru Mega Sena din Brazilia","description":"Verifica\u021bi cele mai noi \u0219i anterioare numere c\u00e2\u0219tig\u0103toare pentru Mega Sena","robots":{"index":"index","follow":"follow","max-snippet":"max-snippet:-1","max-image-preview":"max-image-preview:large","max-video-preview":"max-video-preview:-1"},"canonical":"https:\/\/redfoxlotto.com\/ro\/rezultate\/mega-sena\/","og_locale":"ro_RO","og_type":"article","og_title":"Numere c\u00e2\u0219tig\u0103toare Mega Sena | Deseneaz\u0103 rezultatele pentru Mega Sena din Brazilia","og_description":"Verifica\u021bi cele mai noi \u0219i anterioare numere c\u00e2\u0219tig\u0103toare pentru Mega Sena","og_url":"https:\/\/redfoxlotto.com\/ro\/rezultate\/mega-sena\/","og_site_name":"Get Tickets for the World\u2019s largest jackpots","article_modified_time":"2023-05-24T17:39:26+00:00","og_image":[{"url":"https:\/\/content.redfoxlotto.com\/uploads\/sites\/9\/1_you_win_jackpot.jpg"}],"twitter_card":"summary_large_image","twitter_misc":{"Timp estimat pentru citire":"2 minute"},"schema":{"@context":"https:\/\/schema.org","@graph":[{"@type":"WebPage","@id":"https:\/\/redfoxlotto.com\/ro\/rezultate\/mega-sena\/","url":"https:\/\/redfoxlotto.com\/ro\/rezultate\/mega-sena\/","name":"Numere c\u00e2\u0219tig\u0103toare Mega Sena | Deseneaz\u0103 rezultatele pentru Mega Sena din Brazilia","isPartOf":{"@id":"https:\/\/redfoxlotto.com\/ro\/#website"},"primaryImageOfPage":{"@id":"https:\/\/redfoxlotto.com\/ro\/rezultate\/mega-sena\/#primaryimage"},"image":{"@id":"https:\/\/redfoxlotto.com\/ro\/rezultate\/mega-sena\/#primaryimage"},"thumbnailUrl":"https:\/\/content.redfoxlotto.com\/uploads\/sites\/9\/1_you_win_jackpot.jpg","datePublished":"2020-07-20T08:57:09+00:00","dateModified":"2023-05-24T17:39:26+00:00","description":"Verifica\u021bi cele mai noi \u0219i anterioare numere c\u00e2\u0219tig\u0103toare pentru Mega Sena","breadcrumb":{"@id":"https:\/\/redfoxlotto.com\/ro\/rezultate\/mega-sena\/#breadcrumb"},"inLanguage":"ro-RO","potentialAction":[{"@type":"ReadAction","target":["https:\/\/redfoxlotto.com\/ro\/rezultate\/mega-sena\/"]}]},{"@type":"ImageObject","inLanguage":"ro-RO","@id":"https:\/\/redfoxlotto.com\/ro\/rezultate\/mega-sena\/#primaryimage","url":"https:\/\/content.redfoxlotto.com\/uploads\/sites\/9\/1_you_win_jackpot.jpg","contentUrl":"https:\/\/content.redfoxlotto.com\/uploads\/sites\/9\/1_you_win_jackpot.jpg"},{"@type":"BreadcrumbList","@id":"https:\/\/redfoxlotto.com\/ro\/rezultate\/mega-sena\/#breadcrumb","itemListElement":[{"@type":"ListItem","position":1,"name":"Home","item":"https:\/\/redfoxlotto.com\/ro\/"},{"@type":"ListItem","position":2,"name":"Rezultate la loteria Interna\u021bional\u0103","item":"https:\/\/redfoxlotto.com\/ro\/rezultate\/"},{"@type":"ListItem","position":3,"name":"Rezultate Mega Sena"}]},{"@type":"WebSite","@id":"https:\/\/redfoxlotto.com\/ro\/#website","url":"https:\/\/redfoxlotto.com\/ro\/","name":"Get Tickets for the World\u2019s largest jackpots","description":"Participate in worldwide lottery jackpots from any country","publisher":{"@id":"https:\/\/redfoxlotto.com\/ro\/#organization"},"potentialAction":[{"@type":"SearchAction","target":{"@type":"EntryPoint","urlTemplate":"https:\/\/redfoxlotto.com\/ro\/?s={search_term_string}"},"query-input":{"@type":"PropertyValueSpecification","valueRequired":true,"valueName":"search_term_string"}}],"inLanguage":"ro-RO"},{"@type":"Organization","@id":"https:\/\/redfoxlotto.com\/ro\/#organization","name":"Get Tickets for the World\u2019s largest jackpots","url":"https:\/\/redfoxlotto.com\/ro\/","logo":{"@type":"ImageObject","inLanguage":"ro-RO","@id":"https:\/\/redfoxlotto.com\/ro\/#\/schema\/logo\/image\/","url":"https:\/\/redfoxlotto.com\/wp-content\/uploads\/2023\/04\/logo.png","contentUrl":"https:\/\/redfoxlotto.com\/wp-content\/uploads\/2023\/04\/logo.png","width":269,"height":53,"caption":"Get Tickets for the World\u2019s largest jackpots"},"image":{"@id":"https:\/\/redfoxlotto.com\/ro\/#\/schema\/logo\/image\/"}}]}},"_links":{"self":[{"href":"https:\/\/redfoxlotto.com\/ro\/wp-json\/wp\/v2\/pages\/13516","targetHints":{"allow":["GET"]}}],"collection":[{"href":"https:\/\/redfoxlotto.com\/ro\/wp-json\/wp\/v2\/pages"}],"about":[{"href":"https:\/\/redfoxlotto.com\/ro\/wp-json\/wp\/v2\/types\/page"}],"author":[{"embeddable":true,"href":"https:\/\/redfoxlotto.com\/ro\/wp-json\/wp\/v2\/users\/1"}],"replies":[{"embeddable":true,"href":"https:\/\/redfoxlotto.com\/ro\/wp-json\/wp\/v2\/comments?post=13516"}],"version-history":[{"count":0,"href":"https:\/\/redfoxlotto.com\/ro\/wp-json\/wp\/v2\/pages\/13516\/revisions"}],"up":[{"embeddable":true,"href":"https:\/\/redfoxlotto.com\/ro\/wp-json\/wp\/v2\/pages\/2842"}],"wp:attachment":[{"href":"https:\/\/redfoxlotto.com\/ro\/wp-json\/wp\/v2\/media?parent=13516"}],"curies":[{"name":"wp","href":"https:\/\/api.w.org\/{rel}","templated":true}]}}