{"id":13475,"date":"2020-08-18T09:14:14","date_gmt":"2020-08-18T09:14:14","guid":{"rendered":"https:\/\/redfoxlotto.com\/?page_id=13475"},"modified":"2023-05-24T17:39:21","modified_gmt":"2023-05-24T17:39:21","slug":"lotto-at","status":"publish","type":"page","link":"https:\/\/redfoxlotto.com\/ro\/rezultate\/lotto-at\/","title":{"rendered":"Rezultate Lotto Austria"},"content":{"rendered":"<h2 class=\"wp-block-heading\">Numere c\u00e2\u0219tig\u0103toare de loto austriace<\/h2><p>Unde ve\u021bi g\u0103si numerele c\u00e2\u0219tig\u0103toare ale Lotto-ului austriac dup\u0103 terminarea extragerii? Tot ce trebuie s\u0103 face\u021bi este s\u0103 v\u0103 conecta\u021bi la site-ul nostru web de unde v-a\u021bi cump\u0103rat biletele \u0219i numerele vor fi acolo pentru dvs.<\/p><h2 class=\"wp-block-heading\">Verificarea ultimelor rezultate<\/h2><p>Cu RedFoxLotto.com pute\u021bi g\u0103si cele mai recente rezultate pentru toate jocurile preferate disponibile direct pe site-ul nostru. Nu trebuie s\u0103 v\u0103 face\u021bi griji cu privire la un lucru, pentru c\u0103 totul va fi chiar acolo. Dar dac\u0103 \u021bi-ai cump\u0103rat propriile bilete, va fi chiar mai u\u0219or s\u0103 g\u0103se\u0219ti rezultatele potrivite<\/p><h2 class=\"wp-block-heading\">Verificarea rezultatelor dvs.<\/h2><p>Dac\u0103 biletele dvs. au numerele c\u00e2\u0219tig\u0103toare ale Lotto-ului austriac, \u00eel ve\u021bi \u0219ti imediat. Acest lucru se datoreaz\u0103 faptului c\u0103 pur \u0219i simplu v\u0103 conecta\u021bi la contul dvs. personal, verifica\u021bi \u201ebiletele mele\u201d \u0219i vede\u021bi ce numere se potrivesc cu numerele c\u00e2\u0219tig\u0103toare din cele mai recente desene.<\/p><p>Orice bilete pe care le cump\u0103ra\u021bi pentru orice joc vor fi disponibile aici \u0219i ve\u021bi putea vedea ce numere ave\u021bi \u00een comun cu biletul c\u00e2\u0219tig\u0103tor, precum \u0219i ce anume a\u021bi c\u00e2\u0219tigat. Dac\u0103 este o sum\u0103 de p\u00e2n\u0103 la 2500,00 EUR, va fi chiar depus \u00een contul dvs. pentru dvs. imediat.<\/p><h2 class=\"wp-block-heading\">Arhiva austriac\u0103 a rezultatelor loto<\/h2><p>Dup\u0103 ce cunoa\u0219te\u021bi numerele c\u00e2\u0219tig\u0103toare ale Lototului austriac actual, poate dori\u021bi s\u0103 cunoa\u0219te\u021bi unele dintre cele vechi. Tot ce trebuie s\u0103 face\u021bi este s\u0103 verifica\u021bi arhiva de rezultate \u0219i pute\u021bi vedea ce numere au c\u00e2\u0219tigat \u00een trecut \u0219i care au tendin\u021ba de a c\u00e2\u0219tiga cel mai des.<\/p>","protected":false},"excerpt":{"rendered":"<p>Numere c\u00e2\u0219tig\u0103toare de loto austriace Unde ve\u021bi g\u0103si numerele c\u00e2\u0219tig\u0103toare ale Lotto-ului austriac dup\u0103 terminarea extragerii? Tot ce trebuie s\u0103 face\u021bi este s\u0103 v\u0103 conecta\u021bi la site-ul nostru web de unde v-a\u021bi cump\u0103rat biletele \u0219i numerele vor fi acolo pentru dvs. Verificarea ultimelor rezultate Cu RedFoxLotto.com pute\u021bi g\u0103si cele mai recente rezultate pentru toate jocurile [&hellip;]<\/p>\n","protected":false},"author":1,"featured_media":0,"parent":2842,"menu_order":16,"comment_status":"closed","ping_status":"closed","template":"","meta":{"_et_pb_use_builder":"","_et_pb_old_content":"","_et_gb_content_width":"","exclude_from_search":false,"footnotes":""},"class_list":["post-13475","page","type-page","status-publish","hentry"],"yoast_head":"<!-- This site is optimized with the Yoast SEO plugin v23.8 - https:\/\/yoast.com\/wordpress\/plugins\/seo\/ -->\n<title>Numere c\u00e2\u0219tig\u0103toare \u0219i rezultate pentru loteria austriac\u0103<\/title>\n<meta name=\"description\" content=\"Rezultate s\u0103pt\u0103m\u00e2nale noi \u0219i anterioare de tragere la loteria austriac\u0103\" \/>\n<meta name=\"robots\" content=\"index, follow, max-snippet:-1, max-image-preview:large, max-video-preview:-1\" \/>\n<link rel=\"canonical\" href=\"https:\/\/redfoxlotto.com\/ro\/rezultate\/lotto-at\/\" \/>\n<meta property=\"og:locale\" content=\"ro_RO\" \/>\n<meta property=\"og:type\" content=\"article\" \/>\n<meta property=\"og:title\" content=\"Numere c\u00e2\u0219tig\u0103toare \u0219i rezultate pentru loteria austriac\u0103\" \/>\n<meta property=\"og:description\" content=\"Rezultate s\u0103pt\u0103m\u00e2nale noi \u0219i anterioare de tragere la loteria austriac\u0103\" \/>\n<meta property=\"og:url\" content=\"https:\/\/redfoxlotto.com\/ro\/rezultate\/lotto-at\/\" \/>\n<meta property=\"og:site_name\" content=\"Get Tickets for the World\u2019s largest jackpots\" \/>\n<meta property=\"article:modified_time\" content=\"2023-05-24T17:39:21+00:00\" \/>\n<meta name=\"twitter:card\" content=\"summary_large_image\" \/>\n<meta name=\"twitter:label1\" content=\"Timp estimat pentru citire\" \/>\n\t<meta name=\"twitter:data1\" content=\"1 minut\" \/>\n<script type=\"application\/ld+json\" class=\"yoast-schema-graph\">{\"@context\":\"https:\/\/schema.org\",\"@graph\":[{\"@type\":\"WebPage\",\"@id\":\"https:\/\/redfoxlotto.com\/ro\/rezultate\/lotto-at\/\",\"url\":\"https:\/\/redfoxlotto.com\/ro\/rezultate\/lotto-at\/\",\"name\":\"Numere c\u00e2\u0219tig\u0103toare \u0219i rezultate pentru loteria austriac\u0103\",\"isPartOf\":{\"@id\":\"https:\/\/redfoxlotto.com\/ro\/#website\"},\"datePublished\":\"2020-08-18T09:14:14+00:00\",\"dateModified\":\"2023-05-24T17:39:21+00:00\",\"description\":\"Rezultate s\u0103pt\u0103m\u00e2nale noi \u0219i anterioare de tragere la loteria austriac\u0103\",\"breadcrumb\":{\"@id\":\"https:\/\/redfoxlotto.com\/ro\/rezultate\/lotto-at\/#breadcrumb\"},\"inLanguage\":\"ro-RO\",\"potentialAction\":[{\"@type\":\"ReadAction\",\"target\":[\"https:\/\/redfoxlotto.com\/ro\/rezultate\/lotto-at\/\"]}]},{\"@type\":\"BreadcrumbList\",\"@id\":\"https:\/\/redfoxlotto.com\/ro\/rezultate\/lotto-at\/#breadcrumb\",\"itemListElement\":[{\"@type\":\"ListItem\",\"position\":1,\"name\":\"Home\",\"item\":\"https:\/\/redfoxlotto.com\/ro\/\"},{\"@type\":\"ListItem\",\"position\":2,\"name\":\"Rezultate la loteria Interna\u021bional\u0103\",\"item\":\"https:\/\/redfoxlotto.com\/ro\/rezultate\/\"},{\"@type\":\"ListItem\",\"position\":3,\"name\":\"Rezultate Lotto Austria\"}]},{\"@type\":\"WebSite\",\"@id\":\"https:\/\/redfoxlotto.com\/ro\/#website\",\"url\":\"https:\/\/redfoxlotto.com\/ro\/\",\"name\":\"Get Tickets for the World\u2019s largest jackpots\",\"description\":\"Participate in worldwide lottery jackpots from any country\",\"publisher\":{\"@id\":\"https:\/\/redfoxlotto.com\/ro\/#organization\"},\"potentialAction\":[{\"@type\":\"SearchAction\",\"target\":{\"@type\":\"EntryPoint\",\"urlTemplate\":\"https:\/\/redfoxlotto.com\/ro\/?s={search_term_string}\"},\"query-input\":{\"@type\":\"PropertyValueSpecification\",\"valueRequired\":true,\"valueName\":\"search_term_string\"}}],\"inLanguage\":\"ro-RO\"},{\"@type\":\"Organization\",\"@id\":\"https:\/\/redfoxlotto.com\/ro\/#organization\",\"name\":\"Get Tickets for the World\u2019s largest jackpots\",\"url\":\"https:\/\/redfoxlotto.com\/ro\/\",\"logo\":{\"@type\":\"ImageObject\",\"inLanguage\":\"ro-RO\",\"@id\":\"https:\/\/redfoxlotto.com\/ro\/#\/schema\/logo\/image\/\",\"url\":\"https:\/\/redfoxlotto.com\/wp-content\/uploads\/2023\/04\/logo.png\",\"contentUrl\":\"https:\/\/redfoxlotto.com\/wp-content\/uploads\/2023\/04\/logo.png\",\"width\":269,\"height\":53,\"caption\":\"Get Tickets for the World\u2019s largest jackpots\"},\"image\":{\"@id\":\"https:\/\/redfoxlotto.com\/ro\/#\/schema\/logo\/image\/\"}}]}<\/script>\n<!-- \/ Yoast SEO plugin. -->","yoast_head_json":{"title":"Numere c\u00e2\u0219tig\u0103toare \u0219i rezultate pentru loteria austriac\u0103","description":"Rezultate s\u0103pt\u0103m\u00e2nale noi \u0219i anterioare de tragere la loteria austriac\u0103","robots":{"index":"index","follow":"follow","max-snippet":"max-snippet:-1","max-image-preview":"max-image-preview:large","max-video-preview":"max-video-preview:-1"},"canonical":"https:\/\/redfoxlotto.com\/ro\/rezultate\/lotto-at\/","og_locale":"ro_RO","og_type":"article","og_title":"Numere c\u00e2\u0219tig\u0103toare \u0219i rezultate pentru loteria austriac\u0103","og_description":"Rezultate s\u0103pt\u0103m\u00e2nale noi \u0219i anterioare de tragere la loteria austriac\u0103","og_url":"https:\/\/redfoxlotto.com\/ro\/rezultate\/lotto-at\/","og_site_name":"Get Tickets for the World\u2019s largest jackpots","article_modified_time":"2023-05-24T17:39:21+00:00","twitter_card":"summary_large_image","twitter_misc":{"Timp estimat pentru citire":"1 minut"},"schema":{"@context":"https:\/\/schema.org","@graph":[{"@type":"WebPage","@id":"https:\/\/redfoxlotto.com\/ro\/rezultate\/lotto-at\/","url":"https:\/\/redfoxlotto.com\/ro\/rezultate\/lotto-at\/","name":"Numere c\u00e2\u0219tig\u0103toare \u0219i rezultate pentru loteria austriac\u0103","isPartOf":{"@id":"https:\/\/redfoxlotto.com\/ro\/#website"},"datePublished":"2020-08-18T09:14:14+00:00","dateModified":"2023-05-24T17:39:21+00:00","description":"Rezultate s\u0103pt\u0103m\u00e2nale noi \u0219i anterioare de tragere la loteria austriac\u0103","breadcrumb":{"@id":"https:\/\/redfoxlotto.com\/ro\/rezultate\/lotto-at\/#breadcrumb"},"inLanguage":"ro-RO","potentialAction":[{"@type":"ReadAction","target":["https:\/\/redfoxlotto.com\/ro\/rezultate\/lotto-at\/"]}]},{"@type":"BreadcrumbList","@id":"https:\/\/redfoxlotto.com\/ro\/rezultate\/lotto-at\/#breadcrumb","itemListElement":[{"@type":"ListItem","position":1,"name":"Home","item":"https:\/\/redfoxlotto.com\/ro\/"},{"@type":"ListItem","position":2,"name":"Rezultate la loteria Interna\u021bional\u0103","item":"https:\/\/redfoxlotto.com\/ro\/rezultate\/"},{"@type":"ListItem","position":3,"name":"Rezultate Lotto Austria"}]},{"@type":"WebSite","@id":"https:\/\/redfoxlotto.com\/ro\/#website","url":"https:\/\/redfoxlotto.com\/ro\/","name":"Get Tickets for the World\u2019s largest jackpots","description":"Participate in worldwide lottery jackpots from any country","publisher":{"@id":"https:\/\/redfoxlotto.com\/ro\/#organization"},"potentialAction":[{"@type":"SearchAction","target":{"@type":"EntryPoint","urlTemplate":"https:\/\/redfoxlotto.com\/ro\/?s={search_term_string}"},"query-input":{"@type":"PropertyValueSpecification","valueRequired":true,"valueName":"search_term_string"}}],"inLanguage":"ro-RO"},{"@type":"Organization","@id":"https:\/\/redfoxlotto.com\/ro\/#organization","name":"Get Tickets for the World\u2019s largest jackpots","url":"https:\/\/redfoxlotto.com\/ro\/","logo":{"@type":"ImageObject","inLanguage":"ro-RO","@id":"https:\/\/redfoxlotto.com\/ro\/#\/schema\/logo\/image\/","url":"https:\/\/redfoxlotto.com\/wp-content\/uploads\/2023\/04\/logo.png","contentUrl":"https:\/\/redfoxlotto.com\/wp-content\/uploads\/2023\/04\/logo.png","width":269,"height":53,"caption":"Get Tickets for the World\u2019s largest jackpots"},"image":{"@id":"https:\/\/redfoxlotto.com\/ro\/#\/schema\/logo\/image\/"}}]}},"_links":{"self":[{"href":"https:\/\/redfoxlotto.com\/ro\/wp-json\/wp\/v2\/pages\/13475","targetHints":{"allow":["GET"]}}],"collection":[{"href":"https:\/\/redfoxlotto.com\/ro\/wp-json\/wp\/v2\/pages"}],"about":[{"href":"https:\/\/redfoxlotto.com\/ro\/wp-json\/wp\/v2\/types\/page"}],"author":[{"embeddable":true,"href":"https:\/\/redfoxlotto.com\/ro\/wp-json\/wp\/v2\/users\/1"}],"replies":[{"embeddable":true,"href":"https:\/\/redfoxlotto.com\/ro\/wp-json\/wp\/v2\/comments?post=13475"}],"version-history":[{"count":0,"href":"https:\/\/redfoxlotto.com\/ro\/wp-json\/wp\/v2\/pages\/13475\/revisions"}],"up":[{"embeddable":true,"href":"https:\/\/redfoxlotto.com\/ro\/wp-json\/wp\/v2\/pages\/2842"}],"wp:attachment":[{"href":"https:\/\/redfoxlotto.com\/ro\/wp-json\/wp\/v2\/media?parent=13475"}],"curies":[{"name":"wp","href":"https:\/\/api.w.org\/{rel}","templated":true}]}}