{"id":13439,"date":"2020-08-18T09:11:18","date_gmt":"2020-08-18T09:11:18","guid":{"rendered":"https:\/\/redfoxlotto.com\/?page_id=13439"},"modified":"2023-05-24T17:39:11","modified_gmt":"2023-05-24T17:39:11","slug":"lotto-america","status":"publish","type":"page","link":"https:\/\/redfoxlotto.com\/ro\/rezultate\/lotto-america\/","title":{"rendered":"Rezultate Lotto America"},"content":{"rendered":"<h2 class=\"wp-block-heading\">Verifica\u021bi rezultatele \u0219i vede\u021bi dac\u0103 a\u021bi c\u00e2\u0219tigat Lotto America?<\/h2><p><img loading=\"lazy\" decoding=\"async\" class=\" wp-image alignright\" src=\"https:\/\/content.redfoxlotto.com\/uploads\/sites\/9\/1_draw_results_lotto.jpg\" alt=\"draw results lotto america\" width=\"263\" height=\"186\" \/><\/p><p>Dup\u0103 ce a\u021bi ales numerele \u0219i a\u021bi cump\u0103rat biletul dvs., cum s\u0103 \u0219ti\u021bi dac\u0103 a\u021bi c\u00e2\u0219tigat de fapt? Este destul de simplu. Tot ce trebuie s\u0103 face\u021bi este s\u0103 consulta\u021bi RedFoxLotto. Dac\u0103 nu a\u021bi cump\u0103rat bilete, ve\u021bi putea vedea \u00een continuare numerele c\u00e2\u0219tig\u0103toare pentru toate ultimele jocuri, ceea ce \u00eenseamn\u0103 c\u0103 v\u0103 pute\u021bi da seama unde sunt cele mai bune \u0219anse.<br>Dac\u0103 a\u021bi jucat, v\u0103 pute\u021bi conecta direct la contul dvs. pentru a vedea numerele c\u00e2\u0219tig\u0103toare \u0219i cum se compar\u0103 biletele. Ve\u021bi putea vedea orice numere potrivite pe care le-a\u021bi putea avea, astfel \u00eenc\u00e2t s\u0103 pute\u021bi vedea ce c\u00e2\u0219tiguri ave\u021bi dreptul. Nu c\u0103 trebuie s\u0103 v\u0103 face\u021bi griji pentru c\u0103 RedFoxLotto are grij\u0103 de acea parte \u0219i pentru dvs..<\/p><h2 class=\"wp-block-heading\">C\u00e2\u0219tigarea Lotto America<\/h2><p>Dac\u0103 c\u00e2\u0219tiga\u021bi Lotto America sau orice alt joc de loterie online, este grij\u0103 de tine. Premiile mici vor fi pl\u0103tite imediat, imediat dup\u0103 venirea rezultatelor. Nu trebuie s\u0103 face\u021bi nimic pentru a revendica aceste premii. \u0218i vor fi ad\u0103ugate direct \u00een contul dvs., astfel \u00eenc\u00e2t s\u0103 pute\u021bi retrage banii sau pute\u021bi cump\u0103ra un alt bilet.<br><\/p><p>Dac\u0103 c\u00e2\u0219tigi premii mai mari, vor exista cerin\u021be \u00een func\u021bie de loteria pe care o joci. Dac\u0103 este cazul, totul este simplificat pe c\u00e2t posibil pentru dvs., pentru a v\u0103 asigura c\u0103 pute\u021bi ob\u021bine c\u00e2\u0219tigurile cu mai pu\u021bin de dificult\u0103\u021bi. Avem grij\u0103 de \u00eentregul proces. \u00cen acest fel, pute\u021bi ob\u021bine banii c\u00e2t mai repede posibil.<\/p><p>Pentru premii jackpot, va trebui s\u0103 completa\u021bi ni\u0219te documente sau s\u0103 trimite\u021bi o form\u0103 de verificare. Dac\u0103 este cazul, RedFoxLotto v\u0103 permite s\u0103 \u0219ti\u021bi ce s\u0103 face\u021bi c\u00e2t mai u\u0219or posibil. \u0218i asta func\u021bioneaz\u0103 pentru orice joc de loterie pe care \u00eel pute\u021bi c\u00e2\u0219tiga de la Lotto America la oricare dintre celelalte disponibile pe site.<\/p><h2 class=\"wp-block-heading\">Se joac\u0103 din nou<\/h2><p><img decoding=\"async\" class=\"size-full wp-image alignright\" src=\"https:\/\/content.redfoxlotto.com\/uploads\/sites\/9\/1_winner_lottery1.jpg\" alt=\"winner lottery america\"><\/p><p>Dup\u0103 ce e\u0219ti preg\u0103tit, po\u021bi s\u0103 c\u00e2\u0219tigi c\u00e2\u0219tigurile (sau s\u0103 depui mai mul\u021bi bani) \u0219i s\u0103 \u00eencepi s\u0103 cumperi bilete pentru urm\u0103toarea rund\u0103 de jocuri pe care vrei s\u0103 o joci. S-ar putea s\u0103 fii chiar surprins de c\u00e2te jocuri diferite exist\u0103 \u0219i c\u00e2t de mult po\u021bi c\u00e2\u0219tiga. Dar nu vei fi surprins de c\u00e2t de distractiv este pentru tine s\u0103 joci toate aceste jocuri diferite pentru tine.<\/p>","protected":false},"excerpt":{"rendered":"<p>Verifica\u021bi rezultatele \u0219i vede\u021bi dac\u0103 a\u021bi c\u00e2\u0219tigat Lotto America? Dup\u0103 ce a\u021bi ales numerele \u0219i a\u021bi cump\u0103rat biletul dvs., cum s\u0103 \u0219ti\u021bi dac\u0103 a\u021bi c\u00e2\u0219tigat de fapt? Este destul de simplu. Tot ce trebuie s\u0103 face\u021bi este s\u0103 consulta\u021bi RedFoxLotto. Dac\u0103 nu a\u021bi cump\u0103rat bilete, ve\u021bi putea vedea \u00een continuare numerele c\u00e2\u0219tig\u0103toare pentru toate ultimele [&hellip;]<\/p>\n","protected":false},"author":1,"featured_media":0,"parent":2842,"menu_order":12,"comment_status":"closed","ping_status":"closed","template":"lotto-america-results.php","meta":{"_et_pb_use_builder":"","_et_pb_old_content":"","_et_gb_content_width":"","exclude_from_search":false,"footnotes":""},"class_list":["post-13439","page","type-page","status-publish","hentry"],"yoast_head":"<!-- This site is optimized with the Yoast SEO plugin v23.8 - https:\/\/yoast.com\/wordpress\/plugins\/seo\/ -->\n<title>Lotto America extrage rezultate, c\u00e2\u0219tig\u00e2nd numere<\/title>\n<meta name=\"description\" content=\"Numele c\u00e2\u0219tig\u0103toare din aceast\u0103 s\u0103pt\u0103m\u00e2n\u0103 Lotto America, precum \u0219i o arhiv\u0103 de rezultate\" \/>\n<meta name=\"robots\" content=\"index, follow, max-snippet:-1, max-image-preview:large, max-video-preview:-1\" \/>\n<link rel=\"canonical\" href=\"https:\/\/redfoxlotto.com\/ro\/rezultate\/lotto-america\/\" \/>\n<meta property=\"og:locale\" content=\"ro_RO\" \/>\n<meta property=\"og:type\" content=\"article\" \/>\n<meta property=\"og:title\" content=\"Lotto America extrage rezultate, c\u00e2\u0219tig\u00e2nd numere\" \/>\n<meta property=\"og:description\" content=\"Numele c\u00e2\u0219tig\u0103toare din aceast\u0103 s\u0103pt\u0103m\u00e2n\u0103 Lotto America, precum \u0219i o arhiv\u0103 de rezultate\" \/>\n<meta property=\"og:url\" content=\"https:\/\/redfoxlotto.com\/ro\/rezultate\/lotto-america\/\" \/>\n<meta property=\"og:site_name\" content=\"Get Tickets for the World\u2019s largest jackpots\" \/>\n<meta property=\"article:modified_time\" content=\"2023-05-24T17:39:11+00:00\" \/>\n<meta property=\"og:image\" content=\"https:\/\/content.redfoxlotto.com\/uploads\/sites\/9\/1_draw_results_lotto.jpg\" \/>\n<meta name=\"twitter:card\" content=\"summary_large_image\" \/>\n<meta name=\"twitter:label1\" content=\"Timp estimat pentru citire\" \/>\n\t<meta name=\"twitter:data1\" content=\"3 minute\" \/>\n<script type=\"application\/ld+json\" class=\"yoast-schema-graph\">{\"@context\":\"https:\/\/schema.org\",\"@graph\":[{\"@type\":\"WebPage\",\"@id\":\"https:\/\/redfoxlotto.com\/ro\/rezultate\/lotto-america\/\",\"url\":\"https:\/\/redfoxlotto.com\/ro\/rezultate\/lotto-america\/\",\"name\":\"Lotto America extrage rezultate, c\u00e2\u0219tig\u00e2nd numere\",\"isPartOf\":{\"@id\":\"https:\/\/redfoxlotto.com\/ro\/#website\"},\"primaryImageOfPage\":{\"@id\":\"https:\/\/redfoxlotto.com\/ro\/rezultate\/lotto-america\/#primaryimage\"},\"image\":{\"@id\":\"https:\/\/redfoxlotto.com\/ro\/rezultate\/lotto-america\/#primaryimage\"},\"thumbnailUrl\":\"https:\/\/content.redfoxlotto.com\/uploads\/sites\/9\/1_draw_results_lotto.jpg\",\"datePublished\":\"2020-08-18T09:11:18+00:00\",\"dateModified\":\"2023-05-24T17:39:11+00:00\",\"description\":\"Numele c\u00e2\u0219tig\u0103toare din aceast\u0103 s\u0103pt\u0103m\u00e2n\u0103 Lotto America, precum \u0219i o arhiv\u0103 de rezultate\",\"breadcrumb\":{\"@id\":\"https:\/\/redfoxlotto.com\/ro\/rezultate\/lotto-america\/#breadcrumb\"},\"inLanguage\":\"ro-RO\",\"potentialAction\":[{\"@type\":\"ReadAction\",\"target\":[\"https:\/\/redfoxlotto.com\/ro\/rezultate\/lotto-america\/\"]}]},{\"@type\":\"ImageObject\",\"inLanguage\":\"ro-RO\",\"@id\":\"https:\/\/redfoxlotto.com\/ro\/rezultate\/lotto-america\/#primaryimage\",\"url\":\"https:\/\/content.redfoxlotto.com\/uploads\/sites\/9\/1_draw_results_lotto.jpg\",\"contentUrl\":\"https:\/\/content.redfoxlotto.com\/uploads\/sites\/9\/1_draw_results_lotto.jpg\"},{\"@type\":\"BreadcrumbList\",\"@id\":\"https:\/\/redfoxlotto.com\/ro\/rezultate\/lotto-america\/#breadcrumb\",\"itemListElement\":[{\"@type\":\"ListItem\",\"position\":1,\"name\":\"Home\",\"item\":\"https:\/\/redfoxlotto.com\/ro\/\"},{\"@type\":\"ListItem\",\"position\":2,\"name\":\"Rezultate la loteria Interna\u021bional\u0103\",\"item\":\"https:\/\/redfoxlotto.com\/ro\/rezultate\/\"},{\"@type\":\"ListItem\",\"position\":3,\"name\":\"Rezultate Lotto America\"}]},{\"@type\":\"WebSite\",\"@id\":\"https:\/\/redfoxlotto.com\/ro\/#website\",\"url\":\"https:\/\/redfoxlotto.com\/ro\/\",\"name\":\"Get Tickets for the World\u2019s largest jackpots\",\"description\":\"Participate in worldwide lottery jackpots from any country\",\"publisher\":{\"@id\":\"https:\/\/redfoxlotto.com\/ro\/#organization\"},\"potentialAction\":[{\"@type\":\"SearchAction\",\"target\":{\"@type\":\"EntryPoint\",\"urlTemplate\":\"https:\/\/redfoxlotto.com\/ro\/?s={search_term_string}\"},\"query-input\":{\"@type\":\"PropertyValueSpecification\",\"valueRequired\":true,\"valueName\":\"search_term_string\"}}],\"inLanguage\":\"ro-RO\"},{\"@type\":\"Organization\",\"@id\":\"https:\/\/redfoxlotto.com\/ro\/#organization\",\"name\":\"Get Tickets for the World\u2019s largest jackpots\",\"url\":\"https:\/\/redfoxlotto.com\/ro\/\",\"logo\":{\"@type\":\"ImageObject\",\"inLanguage\":\"ro-RO\",\"@id\":\"https:\/\/redfoxlotto.com\/ro\/#\/schema\/logo\/image\/\",\"url\":\"https:\/\/redfoxlotto.com\/wp-content\/uploads\/2023\/04\/logo.png\",\"contentUrl\":\"https:\/\/redfoxlotto.com\/wp-content\/uploads\/2023\/04\/logo.png\",\"width\":269,\"height\":53,\"caption\":\"Get Tickets for the World\u2019s largest jackpots\"},\"image\":{\"@id\":\"https:\/\/redfoxlotto.com\/ro\/#\/schema\/logo\/image\/\"}}]}<\/script>\n<!-- \/ Yoast SEO plugin. -->","yoast_head_json":{"title":"Lotto America extrage rezultate, c\u00e2\u0219tig\u00e2nd numere","description":"Numele c\u00e2\u0219tig\u0103toare din aceast\u0103 s\u0103pt\u0103m\u00e2n\u0103 Lotto America, precum \u0219i o arhiv\u0103 de rezultate","robots":{"index":"index","follow":"follow","max-snippet":"max-snippet:-1","max-image-preview":"max-image-preview:large","max-video-preview":"max-video-preview:-1"},"canonical":"https:\/\/redfoxlotto.com\/ro\/rezultate\/lotto-america\/","og_locale":"ro_RO","og_type":"article","og_title":"Lotto America extrage rezultate, c\u00e2\u0219tig\u00e2nd numere","og_description":"Numele c\u00e2\u0219tig\u0103toare din aceast\u0103 s\u0103pt\u0103m\u00e2n\u0103 Lotto America, precum \u0219i o arhiv\u0103 de rezultate","og_url":"https:\/\/redfoxlotto.com\/ro\/rezultate\/lotto-america\/","og_site_name":"Get Tickets for the World\u2019s largest jackpots","article_modified_time":"2023-05-24T17:39:11+00:00","og_image":[{"url":"https:\/\/content.redfoxlotto.com\/uploads\/sites\/9\/1_draw_results_lotto.jpg"}],"twitter_card":"summary_large_image","twitter_misc":{"Timp estimat pentru citire":"3 minute"},"schema":{"@context":"https:\/\/schema.org","@graph":[{"@type":"WebPage","@id":"https:\/\/redfoxlotto.com\/ro\/rezultate\/lotto-america\/","url":"https:\/\/redfoxlotto.com\/ro\/rezultate\/lotto-america\/","name":"Lotto America extrage rezultate, c\u00e2\u0219tig\u00e2nd numere","isPartOf":{"@id":"https:\/\/redfoxlotto.com\/ro\/#website"},"primaryImageOfPage":{"@id":"https:\/\/redfoxlotto.com\/ro\/rezultate\/lotto-america\/#primaryimage"},"image":{"@id":"https:\/\/redfoxlotto.com\/ro\/rezultate\/lotto-america\/#primaryimage"},"thumbnailUrl":"https:\/\/content.redfoxlotto.com\/uploads\/sites\/9\/1_draw_results_lotto.jpg","datePublished":"2020-08-18T09:11:18+00:00","dateModified":"2023-05-24T17:39:11+00:00","description":"Numele c\u00e2\u0219tig\u0103toare din aceast\u0103 s\u0103pt\u0103m\u00e2n\u0103 Lotto America, precum \u0219i o arhiv\u0103 de rezultate","breadcrumb":{"@id":"https:\/\/redfoxlotto.com\/ro\/rezultate\/lotto-america\/#breadcrumb"},"inLanguage":"ro-RO","potentialAction":[{"@type":"ReadAction","target":["https:\/\/redfoxlotto.com\/ro\/rezultate\/lotto-america\/"]}]},{"@type":"ImageObject","inLanguage":"ro-RO","@id":"https:\/\/redfoxlotto.com\/ro\/rezultate\/lotto-america\/#primaryimage","url":"https:\/\/content.redfoxlotto.com\/uploads\/sites\/9\/1_draw_results_lotto.jpg","contentUrl":"https:\/\/content.redfoxlotto.com\/uploads\/sites\/9\/1_draw_results_lotto.jpg"},{"@type":"BreadcrumbList","@id":"https:\/\/redfoxlotto.com\/ro\/rezultate\/lotto-america\/#breadcrumb","itemListElement":[{"@type":"ListItem","position":1,"name":"Home","item":"https:\/\/redfoxlotto.com\/ro\/"},{"@type":"ListItem","position":2,"name":"Rezultate la loteria Interna\u021bional\u0103","item":"https:\/\/redfoxlotto.com\/ro\/rezultate\/"},{"@type":"ListItem","position":3,"name":"Rezultate Lotto America"}]},{"@type":"WebSite","@id":"https:\/\/redfoxlotto.com\/ro\/#website","url":"https:\/\/redfoxlotto.com\/ro\/","name":"Get Tickets for the World\u2019s largest jackpots","description":"Participate in worldwide lottery jackpots from any country","publisher":{"@id":"https:\/\/redfoxlotto.com\/ro\/#organization"},"potentialAction":[{"@type":"SearchAction","target":{"@type":"EntryPoint","urlTemplate":"https:\/\/redfoxlotto.com\/ro\/?s={search_term_string}"},"query-input":{"@type":"PropertyValueSpecification","valueRequired":true,"valueName":"search_term_string"}}],"inLanguage":"ro-RO"},{"@type":"Organization","@id":"https:\/\/redfoxlotto.com\/ro\/#organization","name":"Get Tickets for the World\u2019s largest jackpots","url":"https:\/\/redfoxlotto.com\/ro\/","logo":{"@type":"ImageObject","inLanguage":"ro-RO","@id":"https:\/\/redfoxlotto.com\/ro\/#\/schema\/logo\/image\/","url":"https:\/\/redfoxlotto.com\/wp-content\/uploads\/2023\/04\/logo.png","contentUrl":"https:\/\/redfoxlotto.com\/wp-content\/uploads\/2023\/04\/logo.png","width":269,"height":53,"caption":"Get Tickets for the World\u2019s largest jackpots"},"image":{"@id":"https:\/\/redfoxlotto.com\/ro\/#\/schema\/logo\/image\/"}}]}},"_links":{"self":[{"href":"https:\/\/redfoxlotto.com\/ro\/wp-json\/wp\/v2\/pages\/13439","targetHints":{"allow":["GET"]}}],"collection":[{"href":"https:\/\/redfoxlotto.com\/ro\/wp-json\/wp\/v2\/pages"}],"about":[{"href":"https:\/\/redfoxlotto.com\/ro\/wp-json\/wp\/v2\/types\/page"}],"author":[{"embeddable":true,"href":"https:\/\/redfoxlotto.com\/ro\/wp-json\/wp\/v2\/users\/1"}],"replies":[{"embeddable":true,"href":"https:\/\/redfoxlotto.com\/ro\/wp-json\/wp\/v2\/comments?post=13439"}],"version-history":[{"count":0,"href":"https:\/\/redfoxlotto.com\/ro\/wp-json\/wp\/v2\/pages\/13439\/revisions"}],"up":[{"embeddable":true,"href":"https:\/\/redfoxlotto.com\/ro\/wp-json\/wp\/v2\/pages\/2842"}],"wp:attachment":[{"href":"https:\/\/redfoxlotto.com\/ro\/wp-json\/wp\/v2\/media?parent=13439"}],"curies":[{"name":"wp","href":"https:\/\/api.w.org\/{rel}","templated":true}]}}