{"id":13374,"date":"2020-08-18T09:23:56","date_gmt":"2020-08-18T09:23:56","guid":{"rendered":"https:\/\/redfoxlotto.com\/?page_id=13374"},"modified":"2023-05-24T17:38:57","modified_gmt":"2023-05-24T17:38:57","slug":"lotto-6aus49","status":"publish","type":"page","link":"https:\/\/redfoxlotto.com\/ro\/rezultate\/lotto-6aus49\/","title":{"rendered":"Rezult\u0103 Lotto german\u0103"},"content":{"rendered":"<h2 class=\"wp-block-heading\">German Lotto 6aus49 Numere c\u00e2\u0219tig\u0103toare<\/h2><p><img loading=\"lazy\" decoding=\"async\" class=\" wp-image alignright\" src=\"https:\/\/content.redfoxlotto.com\/uploads\/sites\/9\/1_draw_results_lotto2.jpg\" alt=\"loto results germany\" width=\"263\" height=\"125\" \/><\/p><p>Dac\u0103 ai jucat Lotto-ul german, vrei s\u0103 \u0219tii dac\u0103 ai c\u00e2\u0219tigat ceva \u0219i asta \u00eenseamn\u0103 c\u0103 trebuie s\u0103 \u0219tii numerele c\u00e2\u0219tig\u0103toare. Sau dac\u0103 dori\u021bi s\u0103 juca\u021bi unele dintre numerele care au c\u00e2\u0219tigat recent sau cel mai frecvent, trebuie s\u0103 \u0219ti\u021bi care sunt acele numere, dar cum verifica\u021bi numerele c\u00e2\u0219tig\u0103toare ale Lotto-ului German 6aus49?<\/p><h2 class=\"wp-block-heading\">Verificarea ultimelor rezultate<\/h2><p>Pute\u021bi verifica cele mai recente rezultate pentru acest joc de loto direct online \u0219i \u00eel pute\u021bi face \u0219i de pe RedFoxLotto.com. Tot ce trebuie s\u0103 face\u021bi este s\u0103 vizita\u021bi site-ul web \u0219i ve\u021bi putea vedea numerele c\u00e2\u0219tig\u0103toare pentru toate jocurile dvs. preferate.<\/p><p>Dac\u0103 a\u021bi jucat de fapt acest joc (sau orice altul) v\u0103 pute\u021bi conecta la contul dvs. pentru a verifica numerele c\u00e2\u0219tig\u0103toare acolo \u0219i a\u0219a ve\u021bi afla dac\u0103 a\u021bi c\u00e2\u0219tigat ceva.<\/p><h2 class=\"wp-block-heading\">Ai c\u00e2\u0219tigat<\/h2><p><img loading=\"lazy\" decoding=\"async\" class=\" wp-image alignright\" src=\"https:\/\/content.redfoxlotto.com\/uploads\/sites\/9\/1_win_lottery_prizes.jpg\" alt=\"c\u00e2\u0219tig\u0103 la loterie\" width=\"254\" height=\"169\" \/><\/p><p>Dac\u0103 ai jucat oricare dintre jocurile de loto de pe site-ul nostru \u0219i ai c\u00e2\u0219tigat, vei \u0219ti imediat, deoarece po\u021bi s\u0103 te autentifici \u00een contul t\u0103u \u0219i s\u0103 vezi numerele c\u00e2\u0219tig\u0103toare \u00een compara\u021bie cu ale tale. Numerele dvs. potrivite vor fi eviden\u021biate, astfel \u00eenc\u00e2t s\u0103 le pute\u021bi vedea. \u0218i c\u00e2\u0219tigurile dvs. vor fi introduse automat \u0219i \u00een contul dvs.<\/p><h2 class=\"wp-block-heading\">Verificarea numerelor vechi<\/h2><p>Dac\u0103 dori\u021bi s\u0103 cunoa\u0219te\u021bi c\u00e2teva dintre numerele c\u00e2\u0219tig\u0103toare ale Lotto 6aus49 din Germania \u00eenainte de a putea verifica arhiva rezultatelor. Ve\u021bi g\u0103si numere vechi pe care le pute\u021bi utiliza pentru orice dori\u021bi<\/p>","protected":false},"excerpt":{"rendered":"<p>German Lotto 6aus49 Numere c\u00e2\u0219tig\u0103toare Dac\u0103 ai jucat Lotto-ul german, vrei s\u0103 \u0219tii dac\u0103 ai c\u00e2\u0219tigat ceva \u0219i asta \u00eenseamn\u0103 c\u0103 trebuie s\u0103 \u0219tii numerele c\u00e2\u0219tig\u0103toare. Sau dac\u0103 dori\u021bi s\u0103 juca\u021bi unele dintre numerele care au c\u00e2\u0219tigat recent sau cel mai frecvent, trebuie s\u0103 \u0219ti\u021bi care sunt acele numere, dar cum verifica\u021bi numerele c\u00e2\u0219tig\u0103toare ale [&hellip;]<\/p>\n","protected":false},"author":1,"featured_media":0,"parent":2842,"menu_order":15,"comment_status":"closed","ping_status":"closed","template":"lotto-german-results.php","meta":{"_et_pb_use_builder":"","_et_pb_old_content":"","_et_gb_content_width":"","exclude_from_search":false,"footnotes":""},"class_list":["post-13374","page","type-page","status-publish","hentry"],"yoast_head":"<!-- This site is optimized with the Yoast SEO plugin v23.8 - https:\/\/yoast.com\/wordpress\/plugins\/seo\/ -->\n<title>Lotto-ul german extrage rezultate \u0219i combina\u021bii de numere c\u00e2\u0219tig\u0103toare, plus arhiv\u0103<\/title>\n<meta name=\"description\" content=\"Ai ales numerele c\u00e2\u0219tig\u0103toare pentru Lotto-ul german? Verifica\u021bi rezultatele extragerii pe site-ul nostru web\" \/>\n<meta name=\"robots\" content=\"index, follow, max-snippet:-1, max-image-preview:large, max-video-preview:-1\" \/>\n<link rel=\"canonical\" href=\"https:\/\/redfoxlotto.com\/ro\/rezultate\/lotto-6aus49\/\" \/>\n<meta property=\"og:locale\" content=\"ro_RO\" \/>\n<meta property=\"og:type\" content=\"article\" \/>\n<meta property=\"og:title\" content=\"Lotto-ul german extrage rezultate \u0219i combina\u021bii de numere c\u00e2\u0219tig\u0103toare, plus arhiv\u0103\" \/>\n<meta property=\"og:description\" content=\"Ai ales numerele c\u00e2\u0219tig\u0103toare pentru Lotto-ul german? Verifica\u021bi rezultatele extragerii pe site-ul nostru web\" \/>\n<meta property=\"og:url\" content=\"https:\/\/redfoxlotto.com\/ro\/rezultate\/lotto-6aus49\/\" \/>\n<meta property=\"og:site_name\" content=\"Get Tickets for the World\u2019s largest jackpots\" \/>\n<meta property=\"article:modified_time\" content=\"2023-05-24T17:38:57+00:00\" \/>\n<meta property=\"og:image\" content=\"https:\/\/content.redfoxlotto.com\/uploads\/sites\/9\/1_draw_results_lotto2.jpg\" \/>\n<meta name=\"twitter:card\" content=\"summary_large_image\" \/>\n<meta name=\"twitter:label1\" content=\"Timp estimat pentru citire\" \/>\n\t<meta name=\"twitter:data1\" content=\"2 minute\" \/>\n<script type=\"application\/ld+json\" class=\"yoast-schema-graph\">{\"@context\":\"https:\/\/schema.org\",\"@graph\":[{\"@type\":\"WebPage\",\"@id\":\"https:\/\/redfoxlotto.com\/ro\/rezultate\/lotto-6aus49\/\",\"url\":\"https:\/\/redfoxlotto.com\/ro\/rezultate\/lotto-6aus49\/\",\"name\":\"Lotto-ul german extrage rezultate \u0219i combina\u021bii de numere c\u00e2\u0219tig\u0103toare, plus arhiv\u0103\",\"isPartOf\":{\"@id\":\"https:\/\/redfoxlotto.com\/ro\/#website\"},\"primaryImageOfPage\":{\"@id\":\"https:\/\/redfoxlotto.com\/ro\/rezultate\/lotto-6aus49\/#primaryimage\"},\"image\":{\"@id\":\"https:\/\/redfoxlotto.com\/ro\/rezultate\/lotto-6aus49\/#primaryimage\"},\"thumbnailUrl\":\"https:\/\/content.redfoxlotto.com\/uploads\/sites\/9\/1_draw_results_lotto2.jpg\",\"datePublished\":\"2020-08-18T09:23:56+00:00\",\"dateModified\":\"2023-05-24T17:38:57+00:00\",\"description\":\"Ai ales numerele c\u00e2\u0219tig\u0103toare pentru Lotto-ul german? Verifica\u021bi rezultatele extragerii pe site-ul nostru web\",\"breadcrumb\":{\"@id\":\"https:\/\/redfoxlotto.com\/ro\/rezultate\/lotto-6aus49\/#breadcrumb\"},\"inLanguage\":\"ro-RO\",\"potentialAction\":[{\"@type\":\"ReadAction\",\"target\":[\"https:\/\/redfoxlotto.com\/ro\/rezultate\/lotto-6aus49\/\"]}]},{\"@type\":\"ImageObject\",\"inLanguage\":\"ro-RO\",\"@id\":\"https:\/\/redfoxlotto.com\/ro\/rezultate\/lotto-6aus49\/#primaryimage\",\"url\":\"https:\/\/content.redfoxlotto.com\/uploads\/sites\/9\/1_draw_results_lotto2.jpg\",\"contentUrl\":\"https:\/\/content.redfoxlotto.com\/uploads\/sites\/9\/1_draw_results_lotto2.jpg\"},{\"@type\":\"BreadcrumbList\",\"@id\":\"https:\/\/redfoxlotto.com\/ro\/rezultate\/lotto-6aus49\/#breadcrumb\",\"itemListElement\":[{\"@type\":\"ListItem\",\"position\":1,\"name\":\"Home\",\"item\":\"https:\/\/redfoxlotto.com\/ro\/\"},{\"@type\":\"ListItem\",\"position\":2,\"name\":\"Rezultate la loteria Interna\u021bional\u0103\",\"item\":\"https:\/\/redfoxlotto.com\/ro\/rezultate\/\"},{\"@type\":\"ListItem\",\"position\":3,\"name\":\"Rezult\u0103 Lotto german\u0103\"}]},{\"@type\":\"WebSite\",\"@id\":\"https:\/\/redfoxlotto.com\/ro\/#website\",\"url\":\"https:\/\/redfoxlotto.com\/ro\/\",\"name\":\"Get Tickets for the World\u2019s largest jackpots\",\"description\":\"Participate in worldwide lottery jackpots from any country\",\"publisher\":{\"@id\":\"https:\/\/redfoxlotto.com\/ro\/#organization\"},\"potentialAction\":[{\"@type\":\"SearchAction\",\"target\":{\"@type\":\"EntryPoint\",\"urlTemplate\":\"https:\/\/redfoxlotto.com\/ro\/?s={search_term_string}\"},\"query-input\":{\"@type\":\"PropertyValueSpecification\",\"valueRequired\":true,\"valueName\":\"search_term_string\"}}],\"inLanguage\":\"ro-RO\"},{\"@type\":\"Organization\",\"@id\":\"https:\/\/redfoxlotto.com\/ro\/#organization\",\"name\":\"Get Tickets for the World\u2019s largest jackpots\",\"url\":\"https:\/\/redfoxlotto.com\/ro\/\",\"logo\":{\"@type\":\"ImageObject\",\"inLanguage\":\"ro-RO\",\"@id\":\"https:\/\/redfoxlotto.com\/ro\/#\/schema\/logo\/image\/\",\"url\":\"https:\/\/redfoxlotto.com\/wp-content\/uploads\/2023\/04\/logo.png\",\"contentUrl\":\"https:\/\/redfoxlotto.com\/wp-content\/uploads\/2023\/04\/logo.png\",\"width\":269,\"height\":53,\"caption\":\"Get Tickets for the World\u2019s largest jackpots\"},\"image\":{\"@id\":\"https:\/\/redfoxlotto.com\/ro\/#\/schema\/logo\/image\/\"}}]}<\/script>\n<!-- \/ Yoast SEO plugin. -->","yoast_head_json":{"title":"Lotto-ul german extrage rezultate \u0219i combina\u021bii de numere c\u00e2\u0219tig\u0103toare, plus arhiv\u0103","description":"Ai ales numerele c\u00e2\u0219tig\u0103toare pentru Lotto-ul german? Verifica\u021bi rezultatele extragerii pe site-ul nostru web","robots":{"index":"index","follow":"follow","max-snippet":"max-snippet:-1","max-image-preview":"max-image-preview:large","max-video-preview":"max-video-preview:-1"},"canonical":"https:\/\/redfoxlotto.com\/ro\/rezultate\/lotto-6aus49\/","og_locale":"ro_RO","og_type":"article","og_title":"Lotto-ul german extrage rezultate \u0219i combina\u021bii de numere c\u00e2\u0219tig\u0103toare, plus arhiv\u0103","og_description":"Ai ales numerele c\u00e2\u0219tig\u0103toare pentru Lotto-ul german? Verifica\u021bi rezultatele extragerii pe site-ul nostru web","og_url":"https:\/\/redfoxlotto.com\/ro\/rezultate\/lotto-6aus49\/","og_site_name":"Get Tickets for the World\u2019s largest jackpots","article_modified_time":"2023-05-24T17:38:57+00:00","og_image":[{"url":"https:\/\/content.redfoxlotto.com\/uploads\/sites\/9\/1_draw_results_lotto2.jpg"}],"twitter_card":"summary_large_image","twitter_misc":{"Timp estimat pentru citire":"2 minute"},"schema":{"@context":"https:\/\/schema.org","@graph":[{"@type":"WebPage","@id":"https:\/\/redfoxlotto.com\/ro\/rezultate\/lotto-6aus49\/","url":"https:\/\/redfoxlotto.com\/ro\/rezultate\/lotto-6aus49\/","name":"Lotto-ul german extrage rezultate \u0219i combina\u021bii de numere c\u00e2\u0219tig\u0103toare, plus arhiv\u0103","isPartOf":{"@id":"https:\/\/redfoxlotto.com\/ro\/#website"},"primaryImageOfPage":{"@id":"https:\/\/redfoxlotto.com\/ro\/rezultate\/lotto-6aus49\/#primaryimage"},"image":{"@id":"https:\/\/redfoxlotto.com\/ro\/rezultate\/lotto-6aus49\/#primaryimage"},"thumbnailUrl":"https:\/\/content.redfoxlotto.com\/uploads\/sites\/9\/1_draw_results_lotto2.jpg","datePublished":"2020-08-18T09:23:56+00:00","dateModified":"2023-05-24T17:38:57+00:00","description":"Ai ales numerele c\u00e2\u0219tig\u0103toare pentru Lotto-ul german? Verifica\u021bi rezultatele extragerii pe site-ul nostru web","breadcrumb":{"@id":"https:\/\/redfoxlotto.com\/ro\/rezultate\/lotto-6aus49\/#breadcrumb"},"inLanguage":"ro-RO","potentialAction":[{"@type":"ReadAction","target":["https:\/\/redfoxlotto.com\/ro\/rezultate\/lotto-6aus49\/"]}]},{"@type":"ImageObject","inLanguage":"ro-RO","@id":"https:\/\/redfoxlotto.com\/ro\/rezultate\/lotto-6aus49\/#primaryimage","url":"https:\/\/content.redfoxlotto.com\/uploads\/sites\/9\/1_draw_results_lotto2.jpg","contentUrl":"https:\/\/content.redfoxlotto.com\/uploads\/sites\/9\/1_draw_results_lotto2.jpg"},{"@type":"BreadcrumbList","@id":"https:\/\/redfoxlotto.com\/ro\/rezultate\/lotto-6aus49\/#breadcrumb","itemListElement":[{"@type":"ListItem","position":1,"name":"Home","item":"https:\/\/redfoxlotto.com\/ro\/"},{"@type":"ListItem","position":2,"name":"Rezultate la loteria Interna\u021bional\u0103","item":"https:\/\/redfoxlotto.com\/ro\/rezultate\/"},{"@type":"ListItem","position":3,"name":"Rezult\u0103 Lotto german\u0103"}]},{"@type":"WebSite","@id":"https:\/\/redfoxlotto.com\/ro\/#website","url":"https:\/\/redfoxlotto.com\/ro\/","name":"Get Tickets for the World\u2019s largest jackpots","description":"Participate in worldwide lottery jackpots from any country","publisher":{"@id":"https:\/\/redfoxlotto.com\/ro\/#organization"},"potentialAction":[{"@type":"SearchAction","target":{"@type":"EntryPoint","urlTemplate":"https:\/\/redfoxlotto.com\/ro\/?s={search_term_string}"},"query-input":{"@type":"PropertyValueSpecification","valueRequired":true,"valueName":"search_term_string"}}],"inLanguage":"ro-RO"},{"@type":"Organization","@id":"https:\/\/redfoxlotto.com\/ro\/#organization","name":"Get Tickets for the World\u2019s largest jackpots","url":"https:\/\/redfoxlotto.com\/ro\/","logo":{"@type":"ImageObject","inLanguage":"ro-RO","@id":"https:\/\/redfoxlotto.com\/ro\/#\/schema\/logo\/image\/","url":"https:\/\/redfoxlotto.com\/wp-content\/uploads\/2023\/04\/logo.png","contentUrl":"https:\/\/redfoxlotto.com\/wp-content\/uploads\/2023\/04\/logo.png","width":269,"height":53,"caption":"Get Tickets for the World\u2019s largest jackpots"},"image":{"@id":"https:\/\/redfoxlotto.com\/ro\/#\/schema\/logo\/image\/"}}]}},"_links":{"self":[{"href":"https:\/\/redfoxlotto.com\/ro\/wp-json\/wp\/v2\/pages\/13374","targetHints":{"allow":["GET"]}}],"collection":[{"href":"https:\/\/redfoxlotto.com\/ro\/wp-json\/wp\/v2\/pages"}],"about":[{"href":"https:\/\/redfoxlotto.com\/ro\/wp-json\/wp\/v2\/types\/page"}],"author":[{"embeddable":true,"href":"https:\/\/redfoxlotto.com\/ro\/wp-json\/wp\/v2\/users\/1"}],"replies":[{"embeddable":true,"href":"https:\/\/redfoxlotto.com\/ro\/wp-json\/wp\/v2\/comments?post=13374"}],"version-history":[{"count":0,"href":"https:\/\/redfoxlotto.com\/ro\/wp-json\/wp\/v2\/pages\/13374\/revisions"}],"up":[{"embeddable":true,"href":"https:\/\/redfoxlotto.com\/ro\/wp-json\/wp\/v2\/pages\/2842"}],"wp:attachment":[{"href":"https:\/\/redfoxlotto.com\/ro\/wp-json\/wp\/v2\/media?parent=13374"}],"curies":[{"name":"wp","href":"https:\/\/api.w.org\/{rel}","templated":true}]}}