{"id":13359,"date":"2020-04-16T13:14:59","date_gmt":"2020-04-16T13:14:59","guid":{"rendered":"https:\/\/redfoxlotto.com\/?page_id=13359"},"modified":"2023-05-24T17:38:49","modified_gmt":"2023-05-24T17:38:49","slug":"lotto-fr","status":"publish","type":"page","link":"https:\/\/redfoxlotto.com\/ro\/rezultate\/lotto-fr\/","title":{"rendered":"French Lotto"},"content":{"rendered":"<p>A\u021bi \u00eenceput s\u0103 juca\u021bi la loterie online \u0219i acum dori\u021bi s\u0103 v\u0103 asigura\u021bi c\u0103 pute\u021bi ob\u021bine c\u00e2t mai u\u0219or numerele c\u00e2\u0219tig\u0103toare? Vom arunca o privire la rezultatele loteriei franceze \u0219i la ceea ce ar putea \u00eensemna pentru tine. P\u00e2n\u0103 la urm\u0103, dac\u0103 joci aceste jocuri de loto, vrei s\u0103 te asiguri c\u0103 \u0219tii rezultatele imediat ce vor fi disponibile, nu? Ei bine, este mai u\u0219or ca oric\u00e2nd s\u0103 faci asta.<\/p><p>Dac\u0103 dori\u021bi s\u0103 g\u0103si\u021bi rezultatele loteriei franceze, cel mai important este s\u0103 v\u0103 uita\u021bi \u00een locurile potrivite. Rezultatele sunt ob\u021binute \u00een fiecare luni, miercuri \u0219i s\u00e2mb\u0103t\u0103, ceea ce \u00eenseamn\u0103 c\u0103 ve\u021bi avea o mul\u021bime de oportunit\u0103\u021bi pentru a c\u00e2\u0219tiga, iar jackpot-ul continu\u0103 s\u0103 creasc\u0103 \u00een fiecare zi, deci, dac\u0103 nu \u00eel c\u00e2\u0219tiga\u021bi ast\u0103zi, pute\u021bi fi un mare c\u00e2\u0219tig\u0103tor \u00een doar c\u00e2teva zile!<\/p>","protected":false},"excerpt":{"rendered":"<p>A\u021bi \u00eenceput s\u0103 juca\u021bi la loterie online \u0219i acum dori\u021bi s\u0103 v\u0103 asigura\u021bi c\u0103 pute\u021bi ob\u021bine c\u00e2t mai u\u0219or numerele c\u00e2\u0219tig\u0103toare? Vom arunca o privire la rezultatele loteriei franceze \u0219i la ceea ce ar putea \u00eensemna pentru tine. P\u00e2n\u0103 la urm\u0103, dac\u0103 joci aceste jocuri de loto, vrei s\u0103 te asiguri c\u0103 \u0219tii rezultatele imediat [&hellip;]<\/p>\n","protected":false},"author":1,"featured_media":0,"parent":2842,"menu_order":32,"comment_status":"closed","ping_status":"closed","template":"lotto-fr-results.php","meta":{"_et_pb_use_builder":"","_et_pb_old_content":"","_et_gb_content_width":"","exclude_from_search":false,"footnotes":""},"class_list":["post-13359","page","type-page","status-publish","hentry"],"yoast_head":"<!-- This site is optimized with the Yoast SEO plugin v23.8 - https:\/\/yoast.com\/wordpress\/plugins\/seo\/ -->\n<title>G\u0103sirea rezultatelor loteriei tale franceze<\/title>\n<meta name=\"description\" content=\"G\u0103sirea rezultatelor loteriei franceze este simpl\u0103 \u0219i u\u0219oar\u0103, deoarece tot ce trebuie s\u0103 face\u021bi este s\u0103 le verifica\u021bi aici\" \/>\n<meta name=\"robots\" content=\"index, follow, max-snippet:-1, max-image-preview:large, max-video-preview:-1\" \/>\n<link rel=\"canonical\" href=\"https:\/\/redfoxlotto.com\/ro\/rezultate\/lotto-fr\/\" \/>\n<meta property=\"og:locale\" content=\"ro_RO\" \/>\n<meta property=\"og:type\" content=\"article\" \/>\n<meta property=\"og:title\" content=\"G\u0103sirea rezultatelor loteriei tale franceze\" \/>\n<meta property=\"og:description\" content=\"G\u0103sirea rezultatelor loteriei franceze este simpl\u0103 \u0219i u\u0219oar\u0103, deoarece tot ce trebuie s\u0103 face\u021bi este s\u0103 le verifica\u021bi aici\" \/>\n<meta property=\"og:url\" content=\"https:\/\/redfoxlotto.com\/ro\/rezultate\/lotto-fr\/\" \/>\n<meta property=\"og:site_name\" content=\"Get Tickets for the World\u2019s largest jackpots\" \/>\n<meta property=\"article:modified_time\" content=\"2023-05-24T17:38:49+00:00\" \/>\n<meta name=\"twitter:card\" content=\"summary_large_image\" \/>\n<meta name=\"twitter:label1\" content=\"Timp estimat pentru citire\" \/>\n\t<meta name=\"twitter:data1\" content=\"1 minut\" \/>\n<script type=\"application\/ld+json\" class=\"yoast-schema-graph\">{\"@context\":\"https:\/\/schema.org\",\"@graph\":[{\"@type\":\"WebPage\",\"@id\":\"https:\/\/redfoxlotto.com\/ro\/rezultate\/lotto-fr\/\",\"url\":\"https:\/\/redfoxlotto.com\/ro\/rezultate\/lotto-fr\/\",\"name\":\"G\u0103sirea rezultatelor loteriei tale franceze\",\"isPartOf\":{\"@id\":\"https:\/\/redfoxlotto.com\/ro\/#website\"},\"datePublished\":\"2020-04-16T13:14:59+00:00\",\"dateModified\":\"2023-05-24T17:38:49+00:00\",\"description\":\"G\u0103sirea rezultatelor loteriei franceze este simpl\u0103 \u0219i u\u0219oar\u0103, deoarece tot ce trebuie s\u0103 face\u021bi este s\u0103 le verifica\u021bi aici\",\"breadcrumb\":{\"@id\":\"https:\/\/redfoxlotto.com\/ro\/rezultate\/lotto-fr\/#breadcrumb\"},\"inLanguage\":\"ro-RO\",\"potentialAction\":[{\"@type\":\"ReadAction\",\"target\":[\"https:\/\/redfoxlotto.com\/ro\/rezultate\/lotto-fr\/\"]}]},{\"@type\":\"BreadcrumbList\",\"@id\":\"https:\/\/redfoxlotto.com\/ro\/rezultate\/lotto-fr\/#breadcrumb\",\"itemListElement\":[{\"@type\":\"ListItem\",\"position\":1,\"name\":\"Home\",\"item\":\"https:\/\/redfoxlotto.com\/ro\/\"},{\"@type\":\"ListItem\",\"position\":2,\"name\":\"Rezultate la loteria Interna\u021bional\u0103\",\"item\":\"https:\/\/redfoxlotto.com\/ro\/rezultate\/\"},{\"@type\":\"ListItem\",\"position\":3,\"name\":\"French Lotto\"}]},{\"@type\":\"WebSite\",\"@id\":\"https:\/\/redfoxlotto.com\/ro\/#website\",\"url\":\"https:\/\/redfoxlotto.com\/ro\/\",\"name\":\"Get Tickets for the World\u2019s largest jackpots\",\"description\":\"Participate in worldwide lottery jackpots from any country\",\"publisher\":{\"@id\":\"https:\/\/redfoxlotto.com\/ro\/#organization\"},\"potentialAction\":[{\"@type\":\"SearchAction\",\"target\":{\"@type\":\"EntryPoint\",\"urlTemplate\":\"https:\/\/redfoxlotto.com\/ro\/?s={search_term_string}\"},\"query-input\":{\"@type\":\"PropertyValueSpecification\",\"valueRequired\":true,\"valueName\":\"search_term_string\"}}],\"inLanguage\":\"ro-RO\"},{\"@type\":\"Organization\",\"@id\":\"https:\/\/redfoxlotto.com\/ro\/#organization\",\"name\":\"Get Tickets for the World\u2019s largest jackpots\",\"url\":\"https:\/\/redfoxlotto.com\/ro\/\",\"logo\":{\"@type\":\"ImageObject\",\"inLanguage\":\"ro-RO\",\"@id\":\"https:\/\/redfoxlotto.com\/ro\/#\/schema\/logo\/image\/\",\"url\":\"https:\/\/redfoxlotto.com\/wp-content\/uploads\/2023\/04\/logo.png\",\"contentUrl\":\"https:\/\/redfoxlotto.com\/wp-content\/uploads\/2023\/04\/logo.png\",\"width\":269,\"height\":53,\"caption\":\"Get Tickets for the World\u2019s largest jackpots\"},\"image\":{\"@id\":\"https:\/\/redfoxlotto.com\/ro\/#\/schema\/logo\/image\/\"}}]}<\/script>\n<!-- \/ Yoast SEO plugin. -->","yoast_head_json":{"title":"G\u0103sirea rezultatelor loteriei tale franceze","description":"G\u0103sirea rezultatelor loteriei franceze este simpl\u0103 \u0219i u\u0219oar\u0103, deoarece tot ce trebuie s\u0103 face\u021bi este s\u0103 le verifica\u021bi aici","robots":{"index":"index","follow":"follow","max-snippet":"max-snippet:-1","max-image-preview":"max-image-preview:large","max-video-preview":"max-video-preview:-1"},"canonical":"https:\/\/redfoxlotto.com\/ro\/rezultate\/lotto-fr\/","og_locale":"ro_RO","og_type":"article","og_title":"G\u0103sirea rezultatelor loteriei tale franceze","og_description":"G\u0103sirea rezultatelor loteriei franceze este simpl\u0103 \u0219i u\u0219oar\u0103, deoarece tot ce trebuie s\u0103 face\u021bi este s\u0103 le verifica\u021bi aici","og_url":"https:\/\/redfoxlotto.com\/ro\/rezultate\/lotto-fr\/","og_site_name":"Get Tickets for the World\u2019s largest jackpots","article_modified_time":"2023-05-24T17:38:49+00:00","twitter_card":"summary_large_image","twitter_misc":{"Timp estimat pentru citire":"1 minut"},"schema":{"@context":"https:\/\/schema.org","@graph":[{"@type":"WebPage","@id":"https:\/\/redfoxlotto.com\/ro\/rezultate\/lotto-fr\/","url":"https:\/\/redfoxlotto.com\/ro\/rezultate\/lotto-fr\/","name":"G\u0103sirea rezultatelor loteriei tale franceze","isPartOf":{"@id":"https:\/\/redfoxlotto.com\/ro\/#website"},"datePublished":"2020-04-16T13:14:59+00:00","dateModified":"2023-05-24T17:38:49+00:00","description":"G\u0103sirea rezultatelor loteriei franceze este simpl\u0103 \u0219i u\u0219oar\u0103, deoarece tot ce trebuie s\u0103 face\u021bi este s\u0103 le verifica\u021bi aici","breadcrumb":{"@id":"https:\/\/redfoxlotto.com\/ro\/rezultate\/lotto-fr\/#breadcrumb"},"inLanguage":"ro-RO","potentialAction":[{"@type":"ReadAction","target":["https:\/\/redfoxlotto.com\/ro\/rezultate\/lotto-fr\/"]}]},{"@type":"BreadcrumbList","@id":"https:\/\/redfoxlotto.com\/ro\/rezultate\/lotto-fr\/#breadcrumb","itemListElement":[{"@type":"ListItem","position":1,"name":"Home","item":"https:\/\/redfoxlotto.com\/ro\/"},{"@type":"ListItem","position":2,"name":"Rezultate la loteria Interna\u021bional\u0103","item":"https:\/\/redfoxlotto.com\/ro\/rezultate\/"},{"@type":"ListItem","position":3,"name":"French Lotto"}]},{"@type":"WebSite","@id":"https:\/\/redfoxlotto.com\/ro\/#website","url":"https:\/\/redfoxlotto.com\/ro\/","name":"Get Tickets for the World\u2019s largest jackpots","description":"Participate in worldwide lottery jackpots from any country","publisher":{"@id":"https:\/\/redfoxlotto.com\/ro\/#organization"},"potentialAction":[{"@type":"SearchAction","target":{"@type":"EntryPoint","urlTemplate":"https:\/\/redfoxlotto.com\/ro\/?s={search_term_string}"},"query-input":{"@type":"PropertyValueSpecification","valueRequired":true,"valueName":"search_term_string"}}],"inLanguage":"ro-RO"},{"@type":"Organization","@id":"https:\/\/redfoxlotto.com\/ro\/#organization","name":"Get Tickets for the World\u2019s largest jackpots","url":"https:\/\/redfoxlotto.com\/ro\/","logo":{"@type":"ImageObject","inLanguage":"ro-RO","@id":"https:\/\/redfoxlotto.com\/ro\/#\/schema\/logo\/image\/","url":"https:\/\/redfoxlotto.com\/wp-content\/uploads\/2023\/04\/logo.png","contentUrl":"https:\/\/redfoxlotto.com\/wp-content\/uploads\/2023\/04\/logo.png","width":269,"height":53,"caption":"Get Tickets for the World\u2019s largest jackpots"},"image":{"@id":"https:\/\/redfoxlotto.com\/ro\/#\/schema\/logo\/image\/"}}]}},"_links":{"self":[{"href":"https:\/\/redfoxlotto.com\/ro\/wp-json\/wp\/v2\/pages\/13359","targetHints":{"allow":["GET"]}}],"collection":[{"href":"https:\/\/redfoxlotto.com\/ro\/wp-json\/wp\/v2\/pages"}],"about":[{"href":"https:\/\/redfoxlotto.com\/ro\/wp-json\/wp\/v2\/types\/page"}],"author":[{"embeddable":true,"href":"https:\/\/redfoxlotto.com\/ro\/wp-json\/wp\/v2\/users\/1"}],"replies":[{"embeddable":true,"href":"https:\/\/redfoxlotto.com\/ro\/wp-json\/wp\/v2\/comments?post=13359"}],"version-history":[{"count":0,"href":"https:\/\/redfoxlotto.com\/ro\/wp-json\/wp\/v2\/pages\/13359\/revisions"}],"up":[{"embeddable":true,"href":"https:\/\/redfoxlotto.com\/ro\/wp-json\/wp\/v2\/pages\/2842"}],"wp:attachment":[{"href":"https:\/\/redfoxlotto.com\/ro\/wp-json\/wp\/v2\/media?parent=13359"}],"curies":[{"name":"wp","href":"https:\/\/api.w.org\/{rel}","templated":true}]}}