{"id":13301,"date":"2023-04-24T18:19:55","date_gmt":"2023-04-24T18:19:55","guid":{"rendered":"https:\/\/redfoxlotto.com\/?page_id=13301"},"modified":"2023-05-10T18:38:15","modified_gmt":"2023-05-10T18:38:15","slug":"powerball-au","status":"publish","type":"page","link":"https:\/\/redfoxlotto.com\/ro\/joaca\/powerball-au\/","title":{"rendered":"Powerball din Down Under &#8211; cum s\u0103 joci"},"content":{"rendered":"<p>\u00cen fiecare s\u0103pt\u0103m\u00e2n\u0103, \u00eentr-o zi de joi, Powerball Australia \u00eenc\u00e2nt\u0103 na\u021biunea. Ruleaz\u0103 dou\u0103 seturi de numere con\u021binute \u00eentr-un cuplu de butoaie. \u00cen primul butoi, exist\u0103 35 de numere diferite, de la 1 la 35. Apoi, cel de-al doilea baril emite numerele \u00eentre 1 \u0219i 20.<\/p><p><img loading=\"lazy\" decoding=\"async\" class=\" wp-image alignright\" src=\"https:\/\/content.redfoxlotto.com\/uploads\/sites\/9\/2_ticket_powerball_au.jpg\" alt=\"Powerball Australia online\" width=\"217\" height=\"417\" \/><\/p><p>Aminti\u021bi-v\u0103 doar c\u0103 tragerea la sor\u021bi are loc la ora 20:00 30 de ora australian\u0103. Pentru a juca Australian Powerball Lottery din orice parte a lumii prin RedFoxLotto, trebuie doar s\u0103 alege\u021bi numerele aici.<br>Un recent c\u00e2\u0219tig\u0103tor de la Sydney a str\u00e2ns 107 milioane USD \u00een acest joc Powerball chiar recent. Dar c\u00e2\u0219tig\u0103torii pot veni din multe combina\u021bii diferite. Dac\u0103 ave\u021bi toate cele \u0219apte numere potrivite de la butoiul unu &#8211; dar nu \u0219i Powerball, a\u021bi \u00eencasa o mare parte din premiu. Aceast\u0103 cifr\u0103 variaz\u0103, dar ar fi u\u0219or \u0219ase cifre.<\/p>","protected":false},"excerpt":{"rendered":"<p>\u00cen fiecare s\u0103pt\u0103m\u00e2n\u0103, \u00eentr-o zi de joi, Powerball Australia \u00eenc\u00e2nt\u0103 na\u021biunea. Ruleaz\u0103 dou\u0103 seturi de numere con\u021binute \u00eentr-un cuplu de butoaie. \u00cen primul butoi, exist\u0103 35 de numere diferite, de la 1 la 35. Apoi, cel de-al doilea baril emite numerele \u00eentre 1 \u0219i 20. Aminti\u021bi-v\u0103 doar c\u0103 tragerea la sor\u021bi are loc la ora [&hellip;]<\/p>\n","protected":false},"author":1,"featured_media":0,"parent":2852,"menu_order":17,"comment_status":"closed","ping_status":"closed","template":"powerball-au.php","meta":{"_et_pb_use_builder":"","_et_pb_old_content":"","_et_gb_content_width":"","exclude_from_search":false,"footnotes":""},"class_list":["post-13301","page","type-page","status-publish","hentry"],"yoast_head":"<!-- This site is optimized with the Yoast SEO plugin v27.3 - https:\/\/yoast.com\/product\/yoast-seo-wordpress\/ -->\n<title>Joac\u0103 Powerball Australia Loteria Online<\/title>\n<meta name=\"description\" content=\"Loteria preferat\u0103 a Australiei este acum disponibil\u0103 online \u00een \u00eentreaga lume\" \/>\n<meta name=\"robots\" content=\"index, follow, max-snippet:-1, max-image-preview:large, max-video-preview:-1\" \/>\n<link rel=\"canonical\" href=\"https:\/\/redfoxlotto.com\/ro\/joaca\/powerball-au\/\" \/>\n<meta property=\"og:locale\" content=\"ro_RO\" \/>\n<meta property=\"og:type\" content=\"article\" \/>\n<meta property=\"og:title\" content=\"Joac\u0103 Powerball Australia Loteria Online\" \/>\n<meta property=\"og:description\" content=\"Loteria preferat\u0103 a Australiei este acum disponibil\u0103 online \u00een \u00eentreaga lume\" \/>\n<meta property=\"og:url\" content=\"https:\/\/redfoxlotto.com\/ro\/joaca\/powerball-au\/\" \/>\n<meta property=\"og:site_name\" content=\"Get Tickets for the World\u2019s largest jackpots\" \/>\n<meta property=\"article:modified_time\" content=\"2023-05-10T18:38:15+00:00\" \/>\n<meta property=\"og:image\" content=\"https:\/\/content.redfoxlotto.com\/uploads\/sites\/9\/2_ticket_powerball_au.jpg\" \/>\n<meta name=\"twitter:card\" content=\"summary_large_image\" \/>\n<meta name=\"twitter:label1\" content=\"Timp estimat pentru citire\" \/>\n\t<meta name=\"twitter:data1\" content=\"1 minut\" \/>\n<script type=\"application\/ld+json\" class=\"yoast-schema-graph\">{\"@context\":\"https:\\\/\\\/schema.org\",\"@graph\":[{\"@type\":\"WebPage\",\"@id\":\"https:\\\/\\\/redfoxlotto.com\\\/ro\\\/joaca\\\/powerball-au\\\/\",\"url\":\"https:\\\/\\\/redfoxlotto.com\\\/ro\\\/joaca\\\/powerball-au\\\/\",\"name\":\"Joac\u0103 Powerball Australia Loteria Online\",\"isPartOf\":{\"@id\":\"https:\\\/\\\/redfoxlotto.com\\\/ro\\\/#website\"},\"primaryImageOfPage\":{\"@id\":\"https:\\\/\\\/redfoxlotto.com\\\/ro\\\/joaca\\\/powerball-au\\\/#primaryimage\"},\"image\":{\"@id\":\"https:\\\/\\\/redfoxlotto.com\\\/ro\\\/joaca\\\/powerball-au\\\/#primaryimage\"},\"thumbnailUrl\":\"https:\\\/\\\/content.redfoxlotto.com\\\/uploads\\\/sites\\\/9\\\/2_ticket_powerball_au.jpg\",\"datePublished\":\"2023-04-24T18:19:55+00:00\",\"dateModified\":\"2023-05-10T18:38:15+00:00\",\"description\":\"Loteria preferat\u0103 a Australiei este acum disponibil\u0103 online \u00een \u00eentreaga lume\",\"breadcrumb\":{\"@id\":\"https:\\\/\\\/redfoxlotto.com\\\/ro\\\/joaca\\\/powerball-au\\\/#breadcrumb\"},\"inLanguage\":\"ro-RO\",\"potentialAction\":[{\"@type\":\"ReadAction\",\"target\":[\"https:\\\/\\\/redfoxlotto.com\\\/ro\\\/joaca\\\/powerball-au\\\/\"]}]},{\"@type\":\"ImageObject\",\"inLanguage\":\"ro-RO\",\"@id\":\"https:\\\/\\\/redfoxlotto.com\\\/ro\\\/joaca\\\/powerball-au\\\/#primaryimage\",\"url\":\"https:\\\/\\\/content.redfoxlotto.com\\\/uploads\\\/sites\\\/9\\\/2_ticket_powerball_au.jpg\",\"contentUrl\":\"https:\\\/\\\/content.redfoxlotto.com\\\/uploads\\\/sites\\\/9\\\/2_ticket_powerball_au.jpg\"},{\"@type\":\"BreadcrumbList\",\"@id\":\"https:\\\/\\\/redfoxlotto.com\\\/ro\\\/joaca\\\/powerball-au\\\/#breadcrumb\",\"itemListElement\":[{\"@type\":\"ListItem\",\"position\":1,\"name\":\"Home\",\"item\":\"https:\\\/\\\/redfoxlotto.com\\\/ro\\\/\"},{\"@type\":\"ListItem\",\"position\":2,\"name\":\"Cum pute\u021bi participa la loteriile interna\u021bionale\",\"item\":\"https:\\\/\\\/redfoxlotto.com\\\/ro\\\/joaca\\\/\"},{\"@type\":\"ListItem\",\"position\":3,\"name\":\"Powerball din Down Under &#8211; cum s\u0103 joci\"}]},{\"@type\":\"WebSite\",\"@id\":\"https:\\\/\\\/redfoxlotto.com\\\/ro\\\/#website\",\"url\":\"https:\\\/\\\/redfoxlotto.com\\\/ro\\\/\",\"name\":\"Get Tickets for the World\u2019s largest jackpots\",\"description\":\"Participate in worldwide lottery jackpots from any country\",\"publisher\":{\"@id\":\"https:\\\/\\\/redfoxlotto.com\\\/ro\\\/#organization\"},\"potentialAction\":[{\"@type\":\"SearchAction\",\"target\":{\"@type\":\"EntryPoint\",\"urlTemplate\":\"https:\\\/\\\/redfoxlotto.com\\\/ro\\\/?s={search_term_string}\"},\"query-input\":{\"@type\":\"PropertyValueSpecification\",\"valueRequired\":true,\"valueName\":\"search_term_string\"}}],\"inLanguage\":\"ro-RO\"},{\"@type\":\"Organization\",\"@id\":\"https:\\\/\\\/redfoxlotto.com\\\/ro\\\/#organization\",\"name\":\"Get Tickets for the World\u2019s largest jackpots\",\"url\":\"https:\\\/\\\/redfoxlotto.com\\\/ro\\\/\",\"logo\":{\"@type\":\"ImageObject\",\"inLanguage\":\"ro-RO\",\"@id\":\"https:\\\/\\\/redfoxlotto.com\\\/ro\\\/#\\\/schema\\\/logo\\\/image\\\/\",\"url\":\"https:\\\/\\\/redfoxlotto.com\\\/wp-content\\\/uploads\\\/2023\\\/04\\\/logo.png\",\"contentUrl\":\"https:\\\/\\\/redfoxlotto.com\\\/wp-content\\\/uploads\\\/2023\\\/04\\\/logo.png\",\"width\":269,\"height\":53,\"caption\":\"Get Tickets for the World\u2019s largest jackpots\"},\"image\":{\"@id\":\"https:\\\/\\\/redfoxlotto.com\\\/ro\\\/#\\\/schema\\\/logo\\\/image\\\/\"}}]}<\/script>\n<!-- \/ Yoast SEO plugin. -->","yoast_head_json":{"title":"Joac\u0103 Powerball Australia Loteria Online","description":"Loteria preferat\u0103 a Australiei este acum disponibil\u0103 online \u00een \u00eentreaga lume","robots":{"index":"index","follow":"follow","max-snippet":"max-snippet:-1","max-image-preview":"max-image-preview:large","max-video-preview":"max-video-preview:-1"},"canonical":"https:\/\/redfoxlotto.com\/ro\/joaca\/powerball-au\/","og_locale":"ro_RO","og_type":"article","og_title":"Joac\u0103 Powerball Australia Loteria Online","og_description":"Loteria preferat\u0103 a Australiei este acum disponibil\u0103 online \u00een \u00eentreaga lume","og_url":"https:\/\/redfoxlotto.com\/ro\/joaca\/powerball-au\/","og_site_name":"Get Tickets for the World\u2019s largest jackpots","article_modified_time":"2023-05-10T18:38:15+00:00","og_image":[{"url":"https:\/\/content.redfoxlotto.com\/uploads\/sites\/9\/2_ticket_powerball_au.jpg","type":"","width":"","height":""}],"twitter_card":"summary_large_image","twitter_misc":{"Timp estimat pentru citire":"1 minut"},"schema":{"@context":"https:\/\/schema.org","@graph":[{"@type":"WebPage","@id":"https:\/\/redfoxlotto.com\/ro\/joaca\/powerball-au\/","url":"https:\/\/redfoxlotto.com\/ro\/joaca\/powerball-au\/","name":"Joac\u0103 Powerball Australia Loteria Online","isPartOf":{"@id":"https:\/\/redfoxlotto.com\/ro\/#website"},"primaryImageOfPage":{"@id":"https:\/\/redfoxlotto.com\/ro\/joaca\/powerball-au\/#primaryimage"},"image":{"@id":"https:\/\/redfoxlotto.com\/ro\/joaca\/powerball-au\/#primaryimage"},"thumbnailUrl":"https:\/\/content.redfoxlotto.com\/uploads\/sites\/9\/2_ticket_powerball_au.jpg","datePublished":"2023-04-24T18:19:55+00:00","dateModified":"2023-05-10T18:38:15+00:00","description":"Loteria preferat\u0103 a Australiei este acum disponibil\u0103 online \u00een \u00eentreaga lume","breadcrumb":{"@id":"https:\/\/redfoxlotto.com\/ro\/joaca\/powerball-au\/#breadcrumb"},"inLanguage":"ro-RO","potentialAction":[{"@type":"ReadAction","target":["https:\/\/redfoxlotto.com\/ro\/joaca\/powerball-au\/"]}]},{"@type":"ImageObject","inLanguage":"ro-RO","@id":"https:\/\/redfoxlotto.com\/ro\/joaca\/powerball-au\/#primaryimage","url":"https:\/\/content.redfoxlotto.com\/uploads\/sites\/9\/2_ticket_powerball_au.jpg","contentUrl":"https:\/\/content.redfoxlotto.com\/uploads\/sites\/9\/2_ticket_powerball_au.jpg"},{"@type":"BreadcrumbList","@id":"https:\/\/redfoxlotto.com\/ro\/joaca\/powerball-au\/#breadcrumb","itemListElement":[{"@type":"ListItem","position":1,"name":"Home","item":"https:\/\/redfoxlotto.com\/ro\/"},{"@type":"ListItem","position":2,"name":"Cum pute\u021bi participa la loteriile interna\u021bionale","item":"https:\/\/redfoxlotto.com\/ro\/joaca\/"},{"@type":"ListItem","position":3,"name":"Powerball din Down Under &#8211; cum s\u0103 joci"}]},{"@type":"WebSite","@id":"https:\/\/redfoxlotto.com\/ro\/#website","url":"https:\/\/redfoxlotto.com\/ro\/","name":"Get Tickets for the World\u2019s largest jackpots","description":"Participate in worldwide lottery jackpots from any country","publisher":{"@id":"https:\/\/redfoxlotto.com\/ro\/#organization"},"potentialAction":[{"@type":"SearchAction","target":{"@type":"EntryPoint","urlTemplate":"https:\/\/redfoxlotto.com\/ro\/?s={search_term_string}"},"query-input":{"@type":"PropertyValueSpecification","valueRequired":true,"valueName":"search_term_string"}}],"inLanguage":"ro-RO"},{"@type":"Organization","@id":"https:\/\/redfoxlotto.com\/ro\/#organization","name":"Get Tickets for the World\u2019s largest jackpots","url":"https:\/\/redfoxlotto.com\/ro\/","logo":{"@type":"ImageObject","inLanguage":"ro-RO","@id":"https:\/\/redfoxlotto.com\/ro\/#\/schema\/logo\/image\/","url":"https:\/\/redfoxlotto.com\/wp-content\/uploads\/2023\/04\/logo.png","contentUrl":"https:\/\/redfoxlotto.com\/wp-content\/uploads\/2023\/04\/logo.png","width":269,"height":53,"caption":"Get Tickets for the World\u2019s largest jackpots"},"image":{"@id":"https:\/\/redfoxlotto.com\/ro\/#\/schema\/logo\/image\/"}}]}},"_links":{"self":[{"href":"https:\/\/redfoxlotto.com\/ro\/wp-json\/wp\/v2\/pages\/13301","targetHints":{"allow":["GET"]}}],"collection":[{"href":"https:\/\/redfoxlotto.com\/ro\/wp-json\/wp\/v2\/pages"}],"about":[{"href":"https:\/\/redfoxlotto.com\/ro\/wp-json\/wp\/v2\/types\/page"}],"author":[{"embeddable":true,"href":"https:\/\/redfoxlotto.com\/ro\/wp-json\/wp\/v2\/users\/1"}],"replies":[{"embeddable":true,"href":"https:\/\/redfoxlotto.com\/ro\/wp-json\/wp\/v2\/comments?post=13301"}],"version-history":[{"count":0,"href":"https:\/\/redfoxlotto.com\/ro\/wp-json\/wp\/v2\/pages\/13301\/revisions"}],"up":[{"embeddable":true,"href":"https:\/\/redfoxlotto.com\/ro\/wp-json\/wp\/v2\/pages\/2852"}],"wp:attachment":[{"href":"https:\/\/redfoxlotto.com\/ro\/wp-json\/wp\/v2\/media?parent=13301"}],"curies":[{"name":"wp","href":"https:\/\/api.w.org\/{rel}","templated":true}]}}