{"id":13274,"date":"2023-04-24T18:07:24","date_gmt":"2023-04-24T18:07:24","guid":{"rendered":"https:\/\/redfoxlotto.com\/?page_id=13274"},"modified":"2025-12-11T09:37:57","modified_gmt":"2025-12-11T09:37:57","slug":"thunderball","status":"publish","type":"page","link":"https:\/\/redfoxlotto.com\/ro\/joaca\/thunderball\/","title":{"rendered":"Joac\u0103 Thunderball Lotto online"},"content":{"rendered":"<script type=\"application\/ld+json\">\r\n{\r\n  \"@context\": \"https:\/\/schema.org\",\r\n  \"@type\": \"Service\",\r\n  \"name\": \"Thunderball Lotto online\",\r\n  \"url\": \"https:\/\/redfoxlotto.com\/ro\/joaca\/thunderball\/\",\r\n  \"description\": \"Cump\u0103r\u0103 bilete oficiale Thunderball Lotto online prin RedFoxLotto. Alege-\u021bi numerele \u0219i particip\u0103 la urm\u0103toarea extragere.\",\r\n  \"serviceType\": \"Online lottery ticket purchase\",\r\n\r\n  \"provider\": {\r\n    \"@type\": \"Organization\",\r\n    \"name\": \"RedFoxLotto\",\r\n    \"url\": \"https:\/\/redfoxlotto.com\",\r\n    \"logo\": \"https:\/\/redfoxlotto.com\/wp-content\/uploads\/logo.png\"\r\n  },\r\n\r\n  \"areaServed\": \"Worldwide\",\r\n  \"termsOfService\": \"https:\/\/redfoxlotto.com\/terms-and-conditions\",\r\n\r\n  \"hasOfferCatalog\": {\r\n    \"@type\": \"OfferCatalog\",\r\n    \"name\": \"Thunderball Lotto Offers\",\r\n    \"itemListElement\": [\r\n      {\r\n        \"@type\": \"Offer\",\r\n        \"name\": \"Lotto Thunderball Lotto Ticket\",\r\n        \"url\": \"https:\/\/redfoxlotto.com\/ro\/joaca\/thunderball\/\",\r\n        \"description\": \"O participare la urm\u0103toarea extragere Thunderball Lotto.\",\r\n        \"price\": \"4.00\",\r\n        \"priceCurrency\": \"EUR\",\r\n        \"availability\": \"https:\/\/schema.org\/InStock\",\r\n\r\n        \"itemOffered\": {\r\n          \"@type\": \"Service\",\r\n          \"name\": \"Thunderball Lotto Lottery Entry\",\r\n          \"description\": \"Participare la urm\u0103toarea extragere Thunderball Lotto prin RedFoxLotto.\"\r\n        }\r\n      }\r\n    ]\r\n  },\r\n\r\n  \"mainEntityOfPage\": {\r\n    \"@type\": \"WebPage\",\r\n    \"@id\": \"https:\/\/redfoxlotto.com\/ro\/joaca\/thunderball\/\"\r\n  }\r\n}\r\n<\/script><p>Dac\u0103 dori\u021bi s\u0103 \u00eencepe\u021bi s\u0103 juca\u021bi un joc nou, ar trebui s\u0103 arunca\u021bi o privire mai atent\u0103 asupra Thunderball. S-ar putea chiar s\u0103 fii surprins c\u00e2t de mult te distrezi cu acesta \u0219i cu toate op\u021biunile pe care le po\u021bi alege. Asta pentru c\u0103 atunci c\u00e2nd joci online Thunderball UK Lotto po\u021bi chiar alege zilele \u00een care joci.<\/p><h2 class=\"wp-block-heading\">Cum s\u0103 joci Thunderball UK Lotto online<\/h2><p><img loading=\"lazy\" decoding=\"async\" class=\" wp-image alignright\" src=\"https:\/\/content.redfoxlotto.com\/uploads\/sites\/9\/1_play_online_lotto.jpg\" alt=\"play thunderball online\" width=\"261\" height=\"263\" \/><\/p><p>Cu acest joc alege\u021bi cinci numere obi\u0219nuite plus un num\u0103r bonus. Fiecare dintre numerele obi\u0219nuite trebuie s\u0103 fie \u00eentre 1 \u0219i 39. Fiecare dintre numerele Thunderball trebuie s\u0103 fie \u00eentre 1 \u0219i 14. Sau pute\u021bi alege un bilet Lucky Dip generat automat pentru dvs.<\/p><p>Dup\u0103 ce a\u021bi primit numerele, pute\u021bi alege \u00een ce zile dori\u021bi s\u0103 fie valabil biletul \u0219i pentru c\u00e2t timp. \u00cen acest fel, ve\u021bi ob\u021bine c\u00e2te desene dori\u021bi.<\/p><h2 class=\"wp-block-heading\">Verifica\u021bi numerele c\u00e2\u0219tig\u0103toare<\/h2><p>Dup\u0103 ce a\u021bi cump\u0103rat bilete, ve\u021bi dori s\u0103 \u0219ti\u021bi dac\u0103 a\u021bi c\u00e2\u0219tigat ceva, nu? Ei bine, este mai u\u0219or de aflat dec\u00e2t ai putea crede. Tot ce trebuie s\u0103 face\u021bi este s\u0103 verifica\u021bi numerele c\u00e2\u0219tig\u0103toare online, la locul dvs. preferat. Ca RedFoxLotto.com.<\/p><p>Dac\u0103 a\u021bi jucat deja jocul \u0219i trebuie s\u0103 afla\u021bi dac\u0103 a\u021bi c\u00e2\u0219tigat ceva, acesta este un loc \u0219i mai bun de verificat, deoarece v\u0103 pute\u021bi compara propriile numere conect\u00e2ndu-v\u0103 la contul dvs. \u0218i, de fapt, vom face toate compara\u021biile pentru dvs., astfel \u00eenc\u00e2t s\u0103 v\u0103 pute\u021bi relaxa.<\/p>","protected":false},"excerpt":{"rendered":"<p>Dac\u0103 dori\u021bi s\u0103 \u00eencepe\u021bi s\u0103 juca\u021bi un joc nou, ar trebui s\u0103 arunca\u021bi o privire mai atent\u0103 asupra Thunderball. S-ar putea chiar s\u0103 fii surprins c\u00e2t de mult te distrezi cu acesta \u0219i cu toate op\u021biunile pe care le po\u021bi alege. Asta pentru c\u0103 atunci c\u00e2nd joci online Thunderball UK Lotto po\u021bi chiar alege zilele [&hellip;]<\/p>\n","protected":false},"author":1,"featured_media":0,"parent":2852,"menu_order":11,"comment_status":"closed","ping_status":"closed","template":"thunderball.php","meta":{"_et_pb_use_builder":"","_et_pb_old_content":"","_et_gb_content_width":"","exclude_from_search":false,"footnotes":""},"class_list":["post-13274","page","type-page","status-publish","hentry"],"yoast_head":"<!-- This site is optimized with the Yoast SEO plugin v23.8 - https:\/\/yoast.com\/wordpress\/plugins\/seo\/ -->\n<title>Participa\u021bi la Thunderball Lotto online<\/title>\n<meta name=\"description\" content=\"Loteria Thunderball din Marea Britanie poate fi jucat\u0103 acum online din orice \u021bar\u0103\" \/>\n<meta name=\"robots\" content=\"index, follow, max-snippet:-1, max-image-preview:large, max-video-preview:-1\" \/>\n<link rel=\"canonical\" href=\"https:\/\/redfoxlotto.com\/ro\/joaca\/thunderball\/\" \/>\n<meta property=\"og:locale\" content=\"ro_RO\" \/>\n<meta property=\"og:type\" content=\"article\" \/>\n<meta property=\"og:title\" content=\"Participa\u021bi la Thunderball Lotto online\" \/>\n<meta property=\"og:description\" content=\"Loteria Thunderball din Marea Britanie poate fi jucat\u0103 acum online din orice \u021bar\u0103\" \/>\n<meta property=\"og:url\" content=\"https:\/\/redfoxlotto.com\/ro\/joaca\/thunderball\/\" \/>\n<meta property=\"og:site_name\" content=\"Get Tickets for the World\u2019s largest jackpots\" \/>\n<meta property=\"article:modified_time\" content=\"2025-12-11T09:37:57+00:00\" \/>\n<meta property=\"og:image\" content=\"https:\/\/content.redfoxlotto.com\/uploads\/sites\/9\/1_play_online_lotto.jpg\" \/>\n<meta name=\"twitter:card\" content=\"summary_large_image\" \/>\n<meta name=\"twitter:label1\" content=\"Timp estimat pentru citire\" \/>\n\t<meta name=\"twitter:data1\" content=\"2 minute\" \/>\n<script type=\"application\/ld+json\" class=\"yoast-schema-graph\">{\"@context\":\"https:\/\/schema.org\",\"@graph\":[{\"@type\":\"WebPage\",\"@id\":\"https:\/\/redfoxlotto.com\/ro\/joaca\/thunderball\/\",\"url\":\"https:\/\/redfoxlotto.com\/ro\/joaca\/thunderball\/\",\"name\":\"Participa\u021bi la Thunderball Lotto online\",\"isPartOf\":{\"@id\":\"https:\/\/redfoxlotto.com\/ro\/#website\"},\"primaryImageOfPage\":{\"@id\":\"https:\/\/redfoxlotto.com\/ro\/joaca\/thunderball\/#primaryimage\"},\"image\":{\"@id\":\"https:\/\/redfoxlotto.com\/ro\/joaca\/thunderball\/#primaryimage\"},\"thumbnailUrl\":\"https:\/\/content.redfoxlotto.com\/uploads\/sites\/9\/1_play_online_lotto.jpg\",\"datePublished\":\"2023-04-24T18:07:24+00:00\",\"dateModified\":\"2025-12-11T09:37:57+00:00\",\"description\":\"Loteria Thunderball din Marea Britanie poate fi jucat\u0103 acum online din orice \u021bar\u0103\",\"breadcrumb\":{\"@id\":\"https:\/\/redfoxlotto.com\/ro\/joaca\/thunderball\/#breadcrumb\"},\"inLanguage\":\"ro-RO\",\"potentialAction\":[{\"@type\":\"ReadAction\",\"target\":[\"https:\/\/redfoxlotto.com\/ro\/joaca\/thunderball\/\"]}]},{\"@type\":\"ImageObject\",\"inLanguage\":\"ro-RO\",\"@id\":\"https:\/\/redfoxlotto.com\/ro\/joaca\/thunderball\/#primaryimage\",\"url\":\"https:\/\/content.redfoxlotto.com\/uploads\/sites\/9\/1_play_online_lotto.jpg\",\"contentUrl\":\"https:\/\/content.redfoxlotto.com\/uploads\/sites\/9\/1_play_online_lotto.jpg\"},{\"@type\":\"BreadcrumbList\",\"@id\":\"https:\/\/redfoxlotto.com\/ro\/joaca\/thunderball\/#breadcrumb\",\"itemListElement\":[{\"@type\":\"ListItem\",\"position\":1,\"name\":\"Home\",\"item\":\"https:\/\/redfoxlotto.com\/ro\/\"},{\"@type\":\"ListItem\",\"position\":2,\"name\":\"Cum pute\u021bi participa la loteriile interna\u021bionale\",\"item\":\"https:\/\/redfoxlotto.com\/ro\/joaca\/\"},{\"@type\":\"ListItem\",\"position\":3,\"name\":\"Joac\u0103 Thunderball Lotto online\"}]},{\"@type\":\"WebSite\",\"@id\":\"https:\/\/redfoxlotto.com\/ro\/#website\",\"url\":\"https:\/\/redfoxlotto.com\/ro\/\",\"name\":\"Get Tickets for the World\u2019s largest jackpots\",\"description\":\"Participate in worldwide lottery jackpots from any country\",\"publisher\":{\"@id\":\"https:\/\/redfoxlotto.com\/ro\/#organization\"},\"potentialAction\":[{\"@type\":\"SearchAction\",\"target\":{\"@type\":\"EntryPoint\",\"urlTemplate\":\"https:\/\/redfoxlotto.com\/ro\/?s={search_term_string}\"},\"query-input\":{\"@type\":\"PropertyValueSpecification\",\"valueRequired\":true,\"valueName\":\"search_term_string\"}}],\"inLanguage\":\"ro-RO\"},{\"@type\":\"Organization\",\"@id\":\"https:\/\/redfoxlotto.com\/ro\/#organization\",\"name\":\"Get Tickets for the World\u2019s largest jackpots\",\"url\":\"https:\/\/redfoxlotto.com\/ro\/\",\"logo\":{\"@type\":\"ImageObject\",\"inLanguage\":\"ro-RO\",\"@id\":\"https:\/\/redfoxlotto.com\/ro\/#\/schema\/logo\/image\/\",\"url\":\"https:\/\/redfoxlotto.com\/wp-content\/uploads\/2023\/04\/logo.png\",\"contentUrl\":\"https:\/\/redfoxlotto.com\/wp-content\/uploads\/2023\/04\/logo.png\",\"width\":269,\"height\":53,\"caption\":\"Get Tickets for the World\u2019s largest jackpots\"},\"image\":{\"@id\":\"https:\/\/redfoxlotto.com\/ro\/#\/schema\/logo\/image\/\"}}]}<\/script>\n<!-- \/ Yoast SEO plugin. -->","yoast_head_json":{"title":"Participa\u021bi la Thunderball Lotto online","description":"Loteria Thunderball din Marea Britanie poate fi jucat\u0103 acum online din orice \u021bar\u0103","robots":{"index":"index","follow":"follow","max-snippet":"max-snippet:-1","max-image-preview":"max-image-preview:large","max-video-preview":"max-video-preview:-1"},"canonical":"https:\/\/redfoxlotto.com\/ro\/joaca\/thunderball\/","og_locale":"ro_RO","og_type":"article","og_title":"Participa\u021bi la Thunderball Lotto online","og_description":"Loteria Thunderball din Marea Britanie poate fi jucat\u0103 acum online din orice \u021bar\u0103","og_url":"https:\/\/redfoxlotto.com\/ro\/joaca\/thunderball\/","og_site_name":"Get Tickets for the World\u2019s largest jackpots","article_modified_time":"2025-12-11T09:37:57+00:00","og_image":[{"url":"https:\/\/content.redfoxlotto.com\/uploads\/sites\/9\/1_play_online_lotto.jpg"}],"twitter_card":"summary_large_image","twitter_misc":{"Timp estimat pentru citire":"2 minute"},"schema":{"@context":"https:\/\/schema.org","@graph":[{"@type":"WebPage","@id":"https:\/\/redfoxlotto.com\/ro\/joaca\/thunderball\/","url":"https:\/\/redfoxlotto.com\/ro\/joaca\/thunderball\/","name":"Participa\u021bi la Thunderball Lotto online","isPartOf":{"@id":"https:\/\/redfoxlotto.com\/ro\/#website"},"primaryImageOfPage":{"@id":"https:\/\/redfoxlotto.com\/ro\/joaca\/thunderball\/#primaryimage"},"image":{"@id":"https:\/\/redfoxlotto.com\/ro\/joaca\/thunderball\/#primaryimage"},"thumbnailUrl":"https:\/\/content.redfoxlotto.com\/uploads\/sites\/9\/1_play_online_lotto.jpg","datePublished":"2023-04-24T18:07:24+00:00","dateModified":"2025-12-11T09:37:57+00:00","description":"Loteria Thunderball din Marea Britanie poate fi jucat\u0103 acum online din orice \u021bar\u0103","breadcrumb":{"@id":"https:\/\/redfoxlotto.com\/ro\/joaca\/thunderball\/#breadcrumb"},"inLanguage":"ro-RO","potentialAction":[{"@type":"ReadAction","target":["https:\/\/redfoxlotto.com\/ro\/joaca\/thunderball\/"]}]},{"@type":"ImageObject","inLanguage":"ro-RO","@id":"https:\/\/redfoxlotto.com\/ro\/joaca\/thunderball\/#primaryimage","url":"https:\/\/content.redfoxlotto.com\/uploads\/sites\/9\/1_play_online_lotto.jpg","contentUrl":"https:\/\/content.redfoxlotto.com\/uploads\/sites\/9\/1_play_online_lotto.jpg"},{"@type":"BreadcrumbList","@id":"https:\/\/redfoxlotto.com\/ro\/joaca\/thunderball\/#breadcrumb","itemListElement":[{"@type":"ListItem","position":1,"name":"Home","item":"https:\/\/redfoxlotto.com\/ro\/"},{"@type":"ListItem","position":2,"name":"Cum pute\u021bi participa la loteriile interna\u021bionale","item":"https:\/\/redfoxlotto.com\/ro\/joaca\/"},{"@type":"ListItem","position":3,"name":"Joac\u0103 Thunderball Lotto online"}]},{"@type":"WebSite","@id":"https:\/\/redfoxlotto.com\/ro\/#website","url":"https:\/\/redfoxlotto.com\/ro\/","name":"Get Tickets for the World\u2019s largest jackpots","description":"Participate in worldwide lottery jackpots from any country","publisher":{"@id":"https:\/\/redfoxlotto.com\/ro\/#organization"},"potentialAction":[{"@type":"SearchAction","target":{"@type":"EntryPoint","urlTemplate":"https:\/\/redfoxlotto.com\/ro\/?s={search_term_string}"},"query-input":{"@type":"PropertyValueSpecification","valueRequired":true,"valueName":"search_term_string"}}],"inLanguage":"ro-RO"},{"@type":"Organization","@id":"https:\/\/redfoxlotto.com\/ro\/#organization","name":"Get Tickets for the World\u2019s largest jackpots","url":"https:\/\/redfoxlotto.com\/ro\/","logo":{"@type":"ImageObject","inLanguage":"ro-RO","@id":"https:\/\/redfoxlotto.com\/ro\/#\/schema\/logo\/image\/","url":"https:\/\/redfoxlotto.com\/wp-content\/uploads\/2023\/04\/logo.png","contentUrl":"https:\/\/redfoxlotto.com\/wp-content\/uploads\/2023\/04\/logo.png","width":269,"height":53,"caption":"Get Tickets for the World\u2019s largest jackpots"},"image":{"@id":"https:\/\/redfoxlotto.com\/ro\/#\/schema\/logo\/image\/"}}]}},"_links":{"self":[{"href":"https:\/\/redfoxlotto.com\/ro\/wp-json\/wp\/v2\/pages\/13274","targetHints":{"allow":["GET"]}}],"collection":[{"href":"https:\/\/redfoxlotto.com\/ro\/wp-json\/wp\/v2\/pages"}],"about":[{"href":"https:\/\/redfoxlotto.com\/ro\/wp-json\/wp\/v2\/types\/page"}],"author":[{"embeddable":true,"href":"https:\/\/redfoxlotto.com\/ro\/wp-json\/wp\/v2\/users\/1"}],"replies":[{"embeddable":true,"href":"https:\/\/redfoxlotto.com\/ro\/wp-json\/wp\/v2\/comments?post=13274"}],"version-history":[{"count":0,"href":"https:\/\/redfoxlotto.com\/ro\/wp-json\/wp\/v2\/pages\/13274\/revisions"}],"up":[{"embeddable":true,"href":"https:\/\/redfoxlotto.com\/ro\/wp-json\/wp\/v2\/pages\/2852"}],"wp:attachment":[{"href":"https:\/\/redfoxlotto.com\/ro\/wp-json\/wp\/v2\/media?parent=13274"}],"curies":[{"name":"wp","href":"https:\/\/api.w.org\/{rel}","templated":true}]}}