{"id":13259,"date":"2023-04-24T18:24:48","date_gmt":"2023-04-24T18:24:48","guid":{"rendered":"https:\/\/redfoxlotto.com\/?page_id=13259"},"modified":"2025-12-11T08:48:15","modified_gmt":"2025-12-11T08:48:15","slug":"saturday-lotto-au","status":"publish","type":"page","link":"https:\/\/redfoxlotto.com\/ro\/joaca\/saturday-lotto-au\/","title":{"rendered":"\u00cencerca\u021bi s\u00e2mb\u0103t\u0103 Lotto Australia"},"content":{"rendered":"<script type=\"application\/ld+json\">\r\n{\r\n  \"@context\": \"https:\/\/schema.org\",\r\n  \"@type\": \"Service\",\r\n  \"name\": \"Saturday Lotto Australia online\",\r\n  \"url\": \"https:\/\/redfoxlotto.com\/ro\/joaca\/saturday-lotto-au\/\",\r\n  \"description\": \"Cump\u0103ra\u021bi bilete oficiale Saturday Lotto Australia online prin RedFoxLotto. Alege\u021bi-v\u0103 numerele \u0219i participa\u021bi la urm\u0103toarea extragere.\",\r\n  \"serviceType\": \"Online lottery ticket purchase\",\r\n\r\n  \"provider\": {\r\n    \"@type\": \"Organization\",\r\n    \"name\": \"RedFoxLotto\",\r\n    \"url\": \"https:\/\/redfoxlotto.com\",\r\n    \"logo\": \"https:\/\/redfoxlotto.com\/wp-content\/uploads\/logo.png\"\r\n  },\r\n\r\n  \"areaServed\": \"Worldwide\",\r\n  \"termsOfService\": \"https:\/\/redfoxlotto.com\/terms-and-conditions\",\r\n\r\n  \"hasOfferCatalog\": {\r\n    \"@type\": \"OfferCatalog\",\r\n    \"name\": \"Saturday Lotto Australia Offers\",\r\n    \"itemListElement\": [\r\n      {\r\n        \"@type\": \"Offer\",\r\n        \"name\": \"Lotto Saturday Lotto Australia Ticket\",\r\n        \"url\": \"https:\/\/redfoxlotto.com\/ro\/joaca\/saturday-lotto-au\/\",\r\n        \"description\": \"O intrare pentru urm\u0103toarea extragere Saturday Lotto Australia.\",\r\n        \"price\": \"1.50\",\r\n        \"priceCurrency\": \"EUR\",\r\n        \"availability\": \"https:\/\/schema.org\/InStock\",\r\n\r\n        \"itemOffered\": {\r\n          \"@type\": \"Service\",\r\n          \"name\": \"Saturday Lotto Australia Entry\",\r\n          \"description\": \"Participare la urm\u0103toarea extragere Saturday Lotto Australia prin RedFoxLotto.\"\r\n        }\r\n      }\r\n    ]\r\n  },\r\n\r\n  \"mainEntityOfPage\": {\r\n    \"@type\": \"WebPage\",\r\n    \"@id\": \"https:\/\/redfoxlotto.com\/ro\/joaca\/saturday-lotto-au\/\"\r\n  }\r\n}\r\n<\/script>\r\n\r\n<p><img loading=\"lazy\" decoding=\"async\" class=\" wp-image alignright\" src=\"https:\/\/content.redfoxlotto.com\/uploads\/sites\/9\/2_ticket_saturday_lotto_au.jpg\" alt=\"Joac\u0103 online Saturday Lotto Australia\" width=\"167\" height=\"304\" \/><\/p><p>Distan\u021ba nu mai este o barier\u0103 \u00een a juca \u00een lotul de s\u00e2mb\u0103t\u0103, deoarece nu numai cei prezen\u021bi \u00een Australia, dar oricine poate fi parte a loteriei. Tot ce ai nevoie este doar orice dispozitiv care poate accesa internetul \u0219i ai putea fi urm\u0103torul c\u00e2\u0219tig\u0103tor al jackpot-ului la loteria s\u00e2mb\u0103t\u0103 din Australia. A\u0219adar, oric\u00e2nd te sim\u021bi norocos, nu ezita\u021bi s\u0103 rezervi online un bilet de loterie s\u00e2mb\u0103t\u0103 \u0219i ai putea face ca via\u021ba ta s\u0103 aib\u0103 o schimbare major\u0103 \u00een bine.<\/p><p>Rezervarea biletului de loto de s\u00e2mb\u0103t\u0103 este at\u00e2t de u\u0219or, deoarece tot ce trebuie s\u0103 face\u021bi este s\u0103 deschide\u021bi un cont cu RedFoxLotto, s\u0103 alege\u021bi cele 6 numere preferate din 45 sau pute\u021bi folosi doar op\u021biunea de selectare rapid\u0103 \u00een care numerele sunt selectate la \u00eent\u00e2mplare pentru dvs. \u0219i atunci biletul dvs. ar fi rezervat \u0219i \u00eenregistrat \u0219i, de asemenea, prime\u0219ti o notificare prin e-mail care confirm\u0103 biletul rezervat.<\/p><p>Plata biletelor este la fel de u\u0219oar\u0103 ca selectarea numerelor, deoarece exist\u0103 mai multe op\u021biuni de plat\u0103 disponibile pentru utilizatori, iar RedFoxLotto ofer\u0103 un portal de pl\u0103\u021bi securizat \u0219i privat, a\u0219a c\u0103 nu trebuie s\u0103 v\u0103 fie fric\u0103 s\u0103 v\u0103 compromite detaliile bancare.<\/p><p><img loading=\"lazy\" decoding=\"async\" class=\" wp-image alignright\" src=\"https:\/\/content.redfoxlotto.com\/uploads\/sites\/9\/1_lotto_jackpot_online.jpg\" alt=\"Australia loteria s\u00e2mb\u0103t\u0103\" width=\"237\" height=\"277\" \/><\/p><p>Tragerea la sor\u021bi a loteriei de s\u00e2mb\u0103t\u0103 se face \u00een fiecare s\u00e2mb\u0103t\u0103 seara \u0219i sunt trase 8 numere. Primele 6 numere sunt numerele principale \u0219i sunt utilizate pentru a determina c\u00e2\u0219tig\u0103torii premiului principal. Celelalte 2 numere sunt numere suplimentare \u0219i sunt utilizate pentru a determina alte categorii mai mici de c\u00e2\u0219tiguri. Dac\u0103 cele 6 numere pe care le-a\u021bi ales la rezervarea biletului se potrivesc cu cele 6 numere principale trase, atunci a\u021bi c\u00e2\u0219tigat premiul final. Este vorba despre 4 milioane USD care pot fi \u00eemp\u0103r\u021bi\u021bi maxim 4 c\u00e2\u0219tig\u0103tori. Exist\u0103 premii disponibile pentru biletele cu mai pu\u021bin de 6 numere care se potrivesc celor 6 numere trase.<\/p>","protected":false},"excerpt":{"rendered":"<p>Distan\u021ba nu mai este o barier\u0103 \u00een a juca \u00een lotul de s\u00e2mb\u0103t\u0103, deoarece nu numai cei prezen\u021bi \u00een Australia, dar oricine poate fi parte a loteriei. Tot ce ai nevoie este doar orice dispozitiv care poate accesa internetul \u0219i ai putea fi urm\u0103torul c\u00e2\u0219tig\u0103tor al jackpot-ului la loteria s\u00e2mb\u0103t\u0103 din Australia. A\u0219adar, oric\u00e2nd te [&hellip;]<\/p>\n","protected":false},"author":1,"featured_media":0,"parent":2852,"menu_order":20,"comment_status":"closed","ping_status":"closed","template":"saturday-lotto.php","meta":{"_et_pb_use_builder":"","_et_pb_old_content":"","_et_gb_content_width":"","exclude_from_search":false,"footnotes":""},"class_list":["post-13259","page","type-page","status-publish","hentry"],"yoast_head":"<!-- This site is optimized with the Yoast SEO plugin v23.8 - https:\/\/yoast.com\/wordpress\/plugins\/seo\/ -->\n<title>Joac\u0103 Saturday Lotto online | Una dintre cele mai mari loterii din Australia<\/title>\n<meta name=\"description\" content=\"Rezerva\u021bi biletele online \u0219i juca\u021bi la loteria de s\u00e2mb\u0103t\u0103 \u00een Australia\" \/>\n<meta name=\"robots\" content=\"index, follow, max-snippet:-1, max-image-preview:large, max-video-preview:-1\" \/>\n<link rel=\"canonical\" href=\"https:\/\/redfoxlotto.com\/ro\/joaca\/saturday-lotto-au\/\" \/>\n<meta property=\"og:locale\" content=\"ro_RO\" \/>\n<meta property=\"og:type\" content=\"article\" \/>\n<meta property=\"og:title\" content=\"Joac\u0103 Saturday Lotto online | Una dintre cele mai mari loterii din Australia\" \/>\n<meta property=\"og:description\" content=\"Rezerva\u021bi biletele online \u0219i juca\u021bi la loteria de s\u00e2mb\u0103t\u0103 \u00een Australia\" \/>\n<meta property=\"og:url\" content=\"https:\/\/redfoxlotto.com\/ro\/joaca\/saturday-lotto-au\/\" \/>\n<meta property=\"og:site_name\" content=\"Get Tickets for the World\u2019s largest jackpots\" \/>\n<meta property=\"article:modified_time\" content=\"2025-12-11T08:48:15+00:00\" \/>\n<meta property=\"og:image\" content=\"https:\/\/content.redfoxlotto.com\/uploads\/sites\/9\/2_ticket_saturday_lotto_au.jpg\" \/>\n<meta name=\"twitter:card\" content=\"summary_large_image\" \/>\n<meta name=\"twitter:label1\" content=\"Timp estimat pentru citire\" \/>\n\t<meta name=\"twitter:data1\" content=\"2 minute\" \/>\n<script type=\"application\/ld+json\" class=\"yoast-schema-graph\">{\"@context\":\"https:\/\/schema.org\",\"@graph\":[{\"@type\":\"WebPage\",\"@id\":\"https:\/\/redfoxlotto.com\/ro\/joaca\/saturday-lotto-au\/\",\"url\":\"https:\/\/redfoxlotto.com\/ro\/joaca\/saturday-lotto-au\/\",\"name\":\"Joac\u0103 Saturday Lotto online | Una dintre cele mai mari loterii din Australia\",\"isPartOf\":{\"@id\":\"https:\/\/redfoxlotto.com\/ro\/#website\"},\"primaryImageOfPage\":{\"@id\":\"https:\/\/redfoxlotto.com\/ro\/joaca\/saturday-lotto-au\/#primaryimage\"},\"image\":{\"@id\":\"https:\/\/redfoxlotto.com\/ro\/joaca\/saturday-lotto-au\/#primaryimage\"},\"thumbnailUrl\":\"https:\/\/content.redfoxlotto.com\/uploads\/sites\/9\/2_ticket_saturday_lotto_au.jpg\",\"datePublished\":\"2023-04-24T18:24:48+00:00\",\"dateModified\":\"2025-12-11T08:48:15+00:00\",\"description\":\"Rezerva\u021bi biletele online \u0219i juca\u021bi la loteria de s\u00e2mb\u0103t\u0103 \u00een Australia\",\"breadcrumb\":{\"@id\":\"https:\/\/redfoxlotto.com\/ro\/joaca\/saturday-lotto-au\/#breadcrumb\"},\"inLanguage\":\"ro-RO\",\"potentialAction\":[{\"@type\":\"ReadAction\",\"target\":[\"https:\/\/redfoxlotto.com\/ro\/joaca\/saturday-lotto-au\/\"]}]},{\"@type\":\"ImageObject\",\"inLanguage\":\"ro-RO\",\"@id\":\"https:\/\/redfoxlotto.com\/ro\/joaca\/saturday-lotto-au\/#primaryimage\",\"url\":\"https:\/\/content.redfoxlotto.com\/uploads\/sites\/9\/2_ticket_saturday_lotto_au.jpg\",\"contentUrl\":\"https:\/\/content.redfoxlotto.com\/uploads\/sites\/9\/2_ticket_saturday_lotto_au.jpg\"},{\"@type\":\"BreadcrumbList\",\"@id\":\"https:\/\/redfoxlotto.com\/ro\/joaca\/saturday-lotto-au\/#breadcrumb\",\"itemListElement\":[{\"@type\":\"ListItem\",\"position\":1,\"name\":\"Home\",\"item\":\"https:\/\/redfoxlotto.com\/ro\/\"},{\"@type\":\"ListItem\",\"position\":2,\"name\":\"Cum pute\u021bi participa la loteriile interna\u021bionale\",\"item\":\"https:\/\/redfoxlotto.com\/ro\/joaca\/\"},{\"@type\":\"ListItem\",\"position\":3,\"name\":\"\u00cencerca\u021bi s\u00e2mb\u0103t\u0103 Lotto Australia\"}]},{\"@type\":\"WebSite\",\"@id\":\"https:\/\/redfoxlotto.com\/ro\/#website\",\"url\":\"https:\/\/redfoxlotto.com\/ro\/\",\"name\":\"Get Tickets for the World\u2019s largest jackpots\",\"description\":\"Participate in worldwide lottery jackpots from any country\",\"publisher\":{\"@id\":\"https:\/\/redfoxlotto.com\/ro\/#organization\"},\"potentialAction\":[{\"@type\":\"SearchAction\",\"target\":{\"@type\":\"EntryPoint\",\"urlTemplate\":\"https:\/\/redfoxlotto.com\/ro\/?s={search_term_string}\"},\"query-input\":{\"@type\":\"PropertyValueSpecification\",\"valueRequired\":true,\"valueName\":\"search_term_string\"}}],\"inLanguage\":\"ro-RO\"},{\"@type\":\"Organization\",\"@id\":\"https:\/\/redfoxlotto.com\/ro\/#organization\",\"name\":\"Get Tickets for the World\u2019s largest jackpots\",\"url\":\"https:\/\/redfoxlotto.com\/ro\/\",\"logo\":{\"@type\":\"ImageObject\",\"inLanguage\":\"ro-RO\",\"@id\":\"https:\/\/redfoxlotto.com\/ro\/#\/schema\/logo\/image\/\",\"url\":\"https:\/\/redfoxlotto.com\/wp-content\/uploads\/2023\/04\/logo.png\",\"contentUrl\":\"https:\/\/redfoxlotto.com\/wp-content\/uploads\/2023\/04\/logo.png\",\"width\":269,\"height\":53,\"caption\":\"Get Tickets for the World\u2019s largest jackpots\"},\"image\":{\"@id\":\"https:\/\/redfoxlotto.com\/ro\/#\/schema\/logo\/image\/\"}}]}<\/script>\n<!-- \/ Yoast SEO plugin. -->","yoast_head_json":{"title":"Joac\u0103 Saturday Lotto online | Una dintre cele mai mari loterii din Australia","description":"Rezerva\u021bi biletele online \u0219i juca\u021bi la loteria de s\u00e2mb\u0103t\u0103 \u00een Australia","robots":{"index":"index","follow":"follow","max-snippet":"max-snippet:-1","max-image-preview":"max-image-preview:large","max-video-preview":"max-video-preview:-1"},"canonical":"https:\/\/redfoxlotto.com\/ro\/joaca\/saturday-lotto-au\/","og_locale":"ro_RO","og_type":"article","og_title":"Joac\u0103 Saturday Lotto online | Una dintre cele mai mari loterii din Australia","og_description":"Rezerva\u021bi biletele online \u0219i juca\u021bi la loteria de s\u00e2mb\u0103t\u0103 \u00een Australia","og_url":"https:\/\/redfoxlotto.com\/ro\/joaca\/saturday-lotto-au\/","og_site_name":"Get Tickets for the World\u2019s largest jackpots","article_modified_time":"2025-12-11T08:48:15+00:00","og_image":[{"url":"https:\/\/content.redfoxlotto.com\/uploads\/sites\/9\/2_ticket_saturday_lotto_au.jpg"}],"twitter_card":"summary_large_image","twitter_misc":{"Timp estimat pentru citire":"2 minute"},"schema":{"@context":"https:\/\/schema.org","@graph":[{"@type":"WebPage","@id":"https:\/\/redfoxlotto.com\/ro\/joaca\/saturday-lotto-au\/","url":"https:\/\/redfoxlotto.com\/ro\/joaca\/saturday-lotto-au\/","name":"Joac\u0103 Saturday Lotto online | Una dintre cele mai mari loterii din Australia","isPartOf":{"@id":"https:\/\/redfoxlotto.com\/ro\/#website"},"primaryImageOfPage":{"@id":"https:\/\/redfoxlotto.com\/ro\/joaca\/saturday-lotto-au\/#primaryimage"},"image":{"@id":"https:\/\/redfoxlotto.com\/ro\/joaca\/saturday-lotto-au\/#primaryimage"},"thumbnailUrl":"https:\/\/content.redfoxlotto.com\/uploads\/sites\/9\/2_ticket_saturday_lotto_au.jpg","datePublished":"2023-04-24T18:24:48+00:00","dateModified":"2025-12-11T08:48:15+00:00","description":"Rezerva\u021bi biletele online \u0219i juca\u021bi la loteria de s\u00e2mb\u0103t\u0103 \u00een Australia","breadcrumb":{"@id":"https:\/\/redfoxlotto.com\/ro\/joaca\/saturday-lotto-au\/#breadcrumb"},"inLanguage":"ro-RO","potentialAction":[{"@type":"ReadAction","target":["https:\/\/redfoxlotto.com\/ro\/joaca\/saturday-lotto-au\/"]}]},{"@type":"ImageObject","inLanguage":"ro-RO","@id":"https:\/\/redfoxlotto.com\/ro\/joaca\/saturday-lotto-au\/#primaryimage","url":"https:\/\/content.redfoxlotto.com\/uploads\/sites\/9\/2_ticket_saturday_lotto_au.jpg","contentUrl":"https:\/\/content.redfoxlotto.com\/uploads\/sites\/9\/2_ticket_saturday_lotto_au.jpg"},{"@type":"BreadcrumbList","@id":"https:\/\/redfoxlotto.com\/ro\/joaca\/saturday-lotto-au\/#breadcrumb","itemListElement":[{"@type":"ListItem","position":1,"name":"Home","item":"https:\/\/redfoxlotto.com\/ro\/"},{"@type":"ListItem","position":2,"name":"Cum pute\u021bi participa la loteriile interna\u021bionale","item":"https:\/\/redfoxlotto.com\/ro\/joaca\/"},{"@type":"ListItem","position":3,"name":"\u00cencerca\u021bi s\u00e2mb\u0103t\u0103 Lotto Australia"}]},{"@type":"WebSite","@id":"https:\/\/redfoxlotto.com\/ro\/#website","url":"https:\/\/redfoxlotto.com\/ro\/","name":"Get Tickets for the World\u2019s largest jackpots","description":"Participate in worldwide lottery jackpots from any country","publisher":{"@id":"https:\/\/redfoxlotto.com\/ro\/#organization"},"potentialAction":[{"@type":"SearchAction","target":{"@type":"EntryPoint","urlTemplate":"https:\/\/redfoxlotto.com\/ro\/?s={search_term_string}"},"query-input":{"@type":"PropertyValueSpecification","valueRequired":true,"valueName":"search_term_string"}}],"inLanguage":"ro-RO"},{"@type":"Organization","@id":"https:\/\/redfoxlotto.com\/ro\/#organization","name":"Get Tickets for the World\u2019s largest jackpots","url":"https:\/\/redfoxlotto.com\/ro\/","logo":{"@type":"ImageObject","inLanguage":"ro-RO","@id":"https:\/\/redfoxlotto.com\/ro\/#\/schema\/logo\/image\/","url":"https:\/\/redfoxlotto.com\/wp-content\/uploads\/2023\/04\/logo.png","contentUrl":"https:\/\/redfoxlotto.com\/wp-content\/uploads\/2023\/04\/logo.png","width":269,"height":53,"caption":"Get Tickets for the World\u2019s largest jackpots"},"image":{"@id":"https:\/\/redfoxlotto.com\/ro\/#\/schema\/logo\/image\/"}}]}},"_links":{"self":[{"href":"https:\/\/redfoxlotto.com\/ro\/wp-json\/wp\/v2\/pages\/13259","targetHints":{"allow":["GET"]}}],"collection":[{"href":"https:\/\/redfoxlotto.com\/ro\/wp-json\/wp\/v2\/pages"}],"about":[{"href":"https:\/\/redfoxlotto.com\/ro\/wp-json\/wp\/v2\/types\/page"}],"author":[{"embeddable":true,"href":"https:\/\/redfoxlotto.com\/ro\/wp-json\/wp\/v2\/users\/1"}],"replies":[{"embeddable":true,"href":"https:\/\/redfoxlotto.com\/ro\/wp-json\/wp\/v2\/comments?post=13259"}],"version-history":[{"count":0,"href":"https:\/\/redfoxlotto.com\/ro\/wp-json\/wp\/v2\/pages\/13259\/revisions"}],"up":[{"embeddable":true,"href":"https:\/\/redfoxlotto.com\/ro\/wp-json\/wp\/v2\/pages\/2852"}],"wp:attachment":[{"href":"https:\/\/redfoxlotto.com\/ro\/wp-json\/wp\/v2\/media?parent=13259"}],"curies":[{"name":"wp","href":"https:\/\/api.w.org\/{rel}","templated":true}]}}