{"id":13099,"date":"2019-08-09T14:24:22","date_gmt":"2019-08-09T14:24:22","guid":{"rendered":"https:\/\/redfoxlotto.com\/?page_id=13099"},"modified":"2025-12-10T23:44:07","modified_gmt":"2025-12-10T23:44:07","slug":"lotto-fr","status":"publish","type":"page","link":"https:\/\/redfoxlotto.com\/ro\/joaca\/lotto-fr\/","title":{"rendered":"Joac\u0103 French Lotto"},"content":{"rendered":"<script type=\"application\/ld+json\">\r\n{\r\n\"@context\": \"https:\/\/schema.org\",\r\n\"@type\": \"Service\",\r\n\"name\": \"French Lotto online\",\r\n\"url\": \"https:\/\/redfoxlotto.com\/ro\/joaca\/lotto-fr\/\",\r\n\"description\": \"Cump\u0103r\u0103 bilete oficiale de loto francez online prin RedFoxLotto. Alege numerele tale \u0219i al\u0103tur\u0103-te urm\u0103toarei extrageri.\",\r\n\"serviceType\": \"Online lottery ticket purchase\",\r\n\r\n\"provider\": {\r\n\"@type\": \"Organization\",\r\n\"name\": \"RedFoxLotto\",\r\n\"url\": \"https:\/\/redfoxlotto.com\",\r\n\"logo\": \"https:\/\/redfoxlotto.com\/wp-content\/uploads\/logo.png\"\r\n},\r\n\r\n\"areaServed\": \"Worldwide\",\r\n\"termsOfService\": \"https:\/\/redfoxlotto.com\/terms-and-conditions\",\r\n\r\n\"hasOfferCatalog\": {\r\n\"@type\": \"OfferCatalog\",\r\n\"name\": \"French Lotto Offers\",\r\n\"itemListElement\": [\r\n{\r\n\"@type\": \"Offer\",\r\n\"name\": \"Lotto French Lotto Ticket\",\r\n\"url\": \"https:\/\/redfoxlotto.com\/ro\/joaca\/lotto-fr\/\",\r\n\"description\": \"O participare la urm\u0103toarea extragere a loteriei franceze.\",\r\n\"price\": \"6.00\",\r\n\"priceCurrency\": \"EUR\",\r\n\"availability\": \"https:\/\/schema.org\/InStock\",\r\n\r\n\"itemOffered\": {\r\n\"@type\": \"Service\",\r\n\"name\": \"French Lotto Lottery Entry\",\r\n\"description\": \"Participare la urm\u0103toarea extragere a loteriei franceze prin RedFoxLotto.\"\r\n}\r\n}\r\n]\r\n},\r\n\r\n\"mainEntityOfPage\": {\r\n\"@type\": \"WebPage\",\r\n\"@id\": \"https:\/\/redfoxlotto.com\/ro\/joaca\/lotto-fr\/\"\r\n}\r\n}\r\n<\/script><p>Cu loteria francez\u0103, trebuie doar s\u0103 cump\u0103ra\u021bi un bilet online pentru a putea \u00eencepe s\u0103 juca\u021bi \u0219i s\u0103 cump\u0103ra\u021bi acest bilet este foarte u\u0219or. Desigur, va trebui s\u0103 g\u0103si\u021bi serviciul online potrivit care s\u0103 v\u0103 poat\u0103 conecta la loteria francez\u0103. Apoi, va trebui s\u0103 alege\u021bi numerele care ar putea s\u0103 v\u0103 fac\u0103 un milionar. Pentru acest joc particular, ve\u021bi avea op\u021biunea de cinci numere plus un num\u0103r bonus. Ordinea \u00een care alege\u021bi cele cinci originale nu conteaz\u0103, dar asigura\u021bi-v\u0103 c\u0103 sunte\u021bi aten\u021bi la num\u0103rul pe care dori\u021bi s\u0103 \u00eel primi\u021bi. Trebuie s\u0103 fie corect.<\/p><h2 class=\"wp-block-heading\">Cum s\u0103 c\u00e2\u0219tigi loteria francez\u0103 online<\/h2><p>C\u00e2nd a\u021bi ales numerele, este timpul s\u0103 a\u0219tepta\u021bi, ceea ce poate fi adesea cel mai r\u0103u. Cu siguran\u021b\u0103 nu dori\u021bi doar s\u0103 a\u0219tepta\u021bi \u0219i s\u0103 vede\u021bi ce se \u00eent\u00e2mpl\u0103, dar nu exist\u0103 o alt\u0103 alegere. Jocul deseneaz\u0103 la fiecare dou\u0103 zile, cu desene luni, miercuri \u0219i s\u00e2mb\u0103t\u0103, a\u0219a c\u0103 nu va trebui s\u0103 a\u0219tep\u021bi mult, dar va trebui s\u0103 fii pu\u021bin pacient, mai ales c\u0103 urm\u0103rirea rezultatelor \u00een direct nu este cu adev\u0103rat va fi o op\u021biune. \u00cen schimb, va trebui s\u0103 a\u0219tep\u021bi pu\u021bin pentru a vedea ce se \u00eent\u00e2mpl\u0103.<br><\/p><p>Exist\u0103 o mul\u021bime de moduri prin care po\u021bi juca French Lottery online \u0219i cu siguran\u021b\u0103 nu vrei s\u0103 ratezi.<\/p>","protected":false},"excerpt":{"rendered":"<p>Cu loteria francez\u0103, trebuie doar s\u0103 cump\u0103ra\u021bi un bilet online pentru a putea \u00eencepe s\u0103 juca\u021bi \u0219i s\u0103 cump\u0103ra\u021bi acest bilet este foarte u\u0219or. Desigur, va trebui s\u0103 g\u0103si\u021bi serviciul online potrivit care s\u0103 v\u0103 poat\u0103 conecta la loteria francez\u0103. Apoi, va trebui s\u0103 alege\u021bi numerele care ar putea s\u0103 v\u0103 fac\u0103 un milionar. Pentru [&hellip;]<\/p>\n","protected":false},"author":1,"featured_media":0,"parent":2852,"menu_order":33,"comment_status":"closed","ping_status":"closed","template":"lotto-fr.php","meta":{"_et_pb_use_builder":"","_et_pb_old_content":"","_et_gb_content_width":"","exclude_from_search":false,"footnotes":""},"class_list":["post-13099","page","type-page","status-publish","hentry"],"yoast_head":"<!-- This site is optimized with the Yoast SEO plugin v23.8 - https:\/\/yoast.com\/wordpress\/plugins\/seo\/ -->\n<title>Cum s\u0103 joci francez\u0103 Loterie Online<\/title>\n<meta name=\"description\" content=\"C\u00e2nd sunte\u021bi gata s\u0103 juca\u021bi la loteria francez\u0103, acesta este locul potrivit pentru a v\u0103 \u00eencepe.\" \/>\n<meta name=\"robots\" content=\"index, follow, max-snippet:-1, max-image-preview:large, max-video-preview:-1\" \/>\n<link rel=\"canonical\" href=\"https:\/\/redfoxlotto.com\/ro\/joaca\/lotto-fr\/\" \/>\n<meta property=\"og:locale\" content=\"ro_RO\" \/>\n<meta property=\"og:type\" content=\"article\" \/>\n<meta property=\"og:title\" content=\"Cum s\u0103 joci francez\u0103 Loterie Online\" \/>\n<meta property=\"og:description\" content=\"C\u00e2nd sunte\u021bi gata s\u0103 juca\u021bi la loteria francez\u0103, acesta este locul potrivit pentru a v\u0103 \u00eencepe.\" \/>\n<meta property=\"og:url\" content=\"https:\/\/redfoxlotto.com\/ro\/joaca\/lotto-fr\/\" \/>\n<meta property=\"og:site_name\" content=\"Get Tickets for the World\u2019s largest jackpots\" \/>\n<meta property=\"article:modified_time\" content=\"2025-12-10T23:44:07+00:00\" \/>\n<meta name=\"twitter:card\" content=\"summary_large_image\" \/>\n<meta name=\"twitter:label1\" content=\"Timp estimat pentru citire\" \/>\n\t<meta name=\"twitter:data1\" content=\"1 minut\" \/>\n<script type=\"application\/ld+json\" class=\"yoast-schema-graph\">{\"@context\":\"https:\/\/schema.org\",\"@graph\":[{\"@type\":\"WebPage\",\"@id\":\"https:\/\/redfoxlotto.com\/ro\/joaca\/lotto-fr\/\",\"url\":\"https:\/\/redfoxlotto.com\/ro\/joaca\/lotto-fr\/\",\"name\":\"Cum s\u0103 joci francez\u0103 Loterie Online\",\"isPartOf\":{\"@id\":\"https:\/\/redfoxlotto.com\/ro\/#website\"},\"datePublished\":\"2019-08-09T14:24:22+00:00\",\"dateModified\":\"2025-12-10T23:44:07+00:00\",\"description\":\"C\u00e2nd sunte\u021bi gata s\u0103 juca\u021bi la loteria francez\u0103, acesta este locul potrivit pentru a v\u0103 \u00eencepe.\",\"breadcrumb\":{\"@id\":\"https:\/\/redfoxlotto.com\/ro\/joaca\/lotto-fr\/#breadcrumb\"},\"inLanguage\":\"ro-RO\",\"potentialAction\":[{\"@type\":\"ReadAction\",\"target\":[\"https:\/\/redfoxlotto.com\/ro\/joaca\/lotto-fr\/\"]}]},{\"@type\":\"BreadcrumbList\",\"@id\":\"https:\/\/redfoxlotto.com\/ro\/joaca\/lotto-fr\/#breadcrumb\",\"itemListElement\":[{\"@type\":\"ListItem\",\"position\":1,\"name\":\"Home\",\"item\":\"https:\/\/redfoxlotto.com\/ro\/\"},{\"@type\":\"ListItem\",\"position\":2,\"name\":\"Cum pute\u021bi participa la loteriile interna\u021bionale\",\"item\":\"https:\/\/redfoxlotto.com\/ro\/joaca\/\"},{\"@type\":\"ListItem\",\"position\":3,\"name\":\"Joac\u0103 French Lotto\"}]},{\"@type\":\"WebSite\",\"@id\":\"https:\/\/redfoxlotto.com\/ro\/#website\",\"url\":\"https:\/\/redfoxlotto.com\/ro\/\",\"name\":\"Get Tickets for the World\u2019s largest jackpots\",\"description\":\"Participate in worldwide lottery jackpots from any country\",\"publisher\":{\"@id\":\"https:\/\/redfoxlotto.com\/ro\/#organization\"},\"potentialAction\":[{\"@type\":\"SearchAction\",\"target\":{\"@type\":\"EntryPoint\",\"urlTemplate\":\"https:\/\/redfoxlotto.com\/ro\/?s={search_term_string}\"},\"query-input\":{\"@type\":\"PropertyValueSpecification\",\"valueRequired\":true,\"valueName\":\"search_term_string\"}}],\"inLanguage\":\"ro-RO\"},{\"@type\":\"Organization\",\"@id\":\"https:\/\/redfoxlotto.com\/ro\/#organization\",\"name\":\"Get Tickets for the World\u2019s largest jackpots\",\"url\":\"https:\/\/redfoxlotto.com\/ro\/\",\"logo\":{\"@type\":\"ImageObject\",\"inLanguage\":\"ro-RO\",\"@id\":\"https:\/\/redfoxlotto.com\/ro\/#\/schema\/logo\/image\/\",\"url\":\"https:\/\/redfoxlotto.com\/wp-content\/uploads\/2023\/04\/logo.png\",\"contentUrl\":\"https:\/\/redfoxlotto.com\/wp-content\/uploads\/2023\/04\/logo.png\",\"width\":269,\"height\":53,\"caption\":\"Get Tickets for the World\u2019s largest jackpots\"},\"image\":{\"@id\":\"https:\/\/redfoxlotto.com\/ro\/#\/schema\/logo\/image\/\"}}]}<\/script>\n<!-- \/ Yoast SEO plugin. -->","yoast_head_json":{"title":"Cum s\u0103 joci francez\u0103 Loterie Online","description":"C\u00e2nd sunte\u021bi gata s\u0103 juca\u021bi la loteria francez\u0103, acesta este locul potrivit pentru a v\u0103 \u00eencepe.","robots":{"index":"index","follow":"follow","max-snippet":"max-snippet:-1","max-image-preview":"max-image-preview:large","max-video-preview":"max-video-preview:-1"},"canonical":"https:\/\/redfoxlotto.com\/ro\/joaca\/lotto-fr\/","og_locale":"ro_RO","og_type":"article","og_title":"Cum s\u0103 joci francez\u0103 Loterie Online","og_description":"C\u00e2nd sunte\u021bi gata s\u0103 juca\u021bi la loteria francez\u0103, acesta este locul potrivit pentru a v\u0103 \u00eencepe.","og_url":"https:\/\/redfoxlotto.com\/ro\/joaca\/lotto-fr\/","og_site_name":"Get Tickets for the World\u2019s largest jackpots","article_modified_time":"2025-12-10T23:44:07+00:00","twitter_card":"summary_large_image","twitter_misc":{"Timp estimat pentru citire":"1 minut"},"schema":{"@context":"https:\/\/schema.org","@graph":[{"@type":"WebPage","@id":"https:\/\/redfoxlotto.com\/ro\/joaca\/lotto-fr\/","url":"https:\/\/redfoxlotto.com\/ro\/joaca\/lotto-fr\/","name":"Cum s\u0103 joci francez\u0103 Loterie Online","isPartOf":{"@id":"https:\/\/redfoxlotto.com\/ro\/#website"},"datePublished":"2019-08-09T14:24:22+00:00","dateModified":"2025-12-10T23:44:07+00:00","description":"C\u00e2nd sunte\u021bi gata s\u0103 juca\u021bi la loteria francez\u0103, acesta este locul potrivit pentru a v\u0103 \u00eencepe.","breadcrumb":{"@id":"https:\/\/redfoxlotto.com\/ro\/joaca\/lotto-fr\/#breadcrumb"},"inLanguage":"ro-RO","potentialAction":[{"@type":"ReadAction","target":["https:\/\/redfoxlotto.com\/ro\/joaca\/lotto-fr\/"]}]},{"@type":"BreadcrumbList","@id":"https:\/\/redfoxlotto.com\/ro\/joaca\/lotto-fr\/#breadcrumb","itemListElement":[{"@type":"ListItem","position":1,"name":"Home","item":"https:\/\/redfoxlotto.com\/ro\/"},{"@type":"ListItem","position":2,"name":"Cum pute\u021bi participa la loteriile interna\u021bionale","item":"https:\/\/redfoxlotto.com\/ro\/joaca\/"},{"@type":"ListItem","position":3,"name":"Joac\u0103 French Lotto"}]},{"@type":"WebSite","@id":"https:\/\/redfoxlotto.com\/ro\/#website","url":"https:\/\/redfoxlotto.com\/ro\/","name":"Get Tickets for the World\u2019s largest jackpots","description":"Participate in worldwide lottery jackpots from any country","publisher":{"@id":"https:\/\/redfoxlotto.com\/ro\/#organization"},"potentialAction":[{"@type":"SearchAction","target":{"@type":"EntryPoint","urlTemplate":"https:\/\/redfoxlotto.com\/ro\/?s={search_term_string}"},"query-input":{"@type":"PropertyValueSpecification","valueRequired":true,"valueName":"search_term_string"}}],"inLanguage":"ro-RO"},{"@type":"Organization","@id":"https:\/\/redfoxlotto.com\/ro\/#organization","name":"Get Tickets for the World\u2019s largest jackpots","url":"https:\/\/redfoxlotto.com\/ro\/","logo":{"@type":"ImageObject","inLanguage":"ro-RO","@id":"https:\/\/redfoxlotto.com\/ro\/#\/schema\/logo\/image\/","url":"https:\/\/redfoxlotto.com\/wp-content\/uploads\/2023\/04\/logo.png","contentUrl":"https:\/\/redfoxlotto.com\/wp-content\/uploads\/2023\/04\/logo.png","width":269,"height":53,"caption":"Get Tickets for the World\u2019s largest jackpots"},"image":{"@id":"https:\/\/redfoxlotto.com\/ro\/#\/schema\/logo\/image\/"}}]}},"_links":{"self":[{"href":"https:\/\/redfoxlotto.com\/ro\/wp-json\/wp\/v2\/pages\/13099","targetHints":{"allow":["GET"]}}],"collection":[{"href":"https:\/\/redfoxlotto.com\/ro\/wp-json\/wp\/v2\/pages"}],"about":[{"href":"https:\/\/redfoxlotto.com\/ro\/wp-json\/wp\/v2\/types\/page"}],"author":[{"embeddable":true,"href":"https:\/\/redfoxlotto.com\/ro\/wp-json\/wp\/v2\/users\/1"}],"replies":[{"embeddable":true,"href":"https:\/\/redfoxlotto.com\/ro\/wp-json\/wp\/v2\/comments?post=13099"}],"version-history":[{"count":0,"href":"https:\/\/redfoxlotto.com\/ro\/wp-json\/wp\/v2\/pages\/13099\/revisions"}],"up":[{"embeddable":true,"href":"https:\/\/redfoxlotto.com\/ro\/wp-json\/wp\/v2\/pages\/2852"}],"wp:attachment":[{"href":"https:\/\/redfoxlotto.com\/ro\/wp-json\/wp\/v2\/media?parent=13099"}],"curies":[{"name":"wp","href":"https:\/\/api.w.org\/{rel}","templated":true}]}}