{"id":12980,"date":"2023-04-24T18:09:15","date_gmt":"2023-04-24T18:09:15","guid":{"rendered":"https:\/\/redfoxlotto.com\/?page_id=12980"},"modified":"2025-12-10T14:23:22","modified_gmt":"2025-12-10T14:23:22","slug":"lotto-america","status":"publish","type":"page","link":"https:\/\/redfoxlotto.com\/ro\/joaca\/lotto-america\/","title":{"rendered":"Cum s\u0103 joci Lotto America online"},"content":{"rendered":"<script type=\"application\/ld+json\">\r\n{\r\n\"@context\": \"https:\/\/schema.org\",\r\n\"@type\": \"Service\",\r\n\"name\": \" Lotto America online\",\r\n\"url\": \"https:\/\/redfoxlotto.com\/ro\/joaca\/lotto-america\/\",\r\n\"description\": \"Cump\u0103r\u0103 bilete oficiale Lotto America online prin RedFoxLotto. Alege-\u021bi numerele \u0219i particip\u0103 la urm\u0103toarea extragere.\",\r\n\"serviceType\": \"Online lottery ticket purchase\",\r\n\r\n\"provider\": {\r\n\"@type\": \"Organization\",\r\n\"name\": \"RedFoxLotto\",\r\n\"url\": \"https:\/\/redfoxlotto.com\",\r\n\"logo\": \"https:\/\/redfoxlotto.com\/wp-content\/uploads\/logo.png\"\r\n},\r\n\r\n\"areaServed\": \"Worldwide\",\r\n\"termsOfService\": \"https:\/\/redfoxlotto.com\/terms-and-conditions\",\r\n\r\n\"hasOfferCatalog\": {\r\n\"@type\": \"OfferCatalog\",\r\n\"name\": \"Lotto America Offers\",\r\n\"itemListElement\": [\r\n{\r\n\"@type\": \"Offer\",\r\n\"name\": \"Lotto America Lottery Ticket\",\r\n\"url\": \"https:\/\/redfoxlotto.com\/ro\/joaca\/lotto-america\/\",\r\n\"description\": \"O \u00eenscriere la urm\u0103toarea extragere a Loteriei Lotto America.\",\r\n\"price\": \"2.75\",\r\n\"priceCurrency\": \"EUR\",\r\n\"availability\": \"https:\/\/schema.org\/InStock\",\r\n\r\n\"itemOffered\": {\r\n\"@type\": \"Service\",\r\n\"name\": \"Lotto America Lottery Entry\",\r\n\"description\": \"\u00censcriere la urm\u0103toarea extragere Lotto America prin RedFoxLotto.\"\r\n}\r\n}\r\n]\r\n},\r\n\r\n\"mainEntityOfPage\": {\r\n\"@type\": \"WebPage\",\r\n\"@id\": \"https:\/\/redfoxlotto.com\/ro\/joaca\/lotto-america\/\"\r\n}\r\n}\r\n<\/script><p>C\u00e2nd vine vorba de jocul la loto online, este posibil s\u0103 c\u0103uta\u021bi ceva nou. Acesta este probabil motivul pentru care ai trecut la prima joac\u0103 online. Ei bine, este pe cale s\u0103 te distrezi mult pentru c\u0103 nu ai v\u0103zut \u00eenc\u0103 Lotto America.<\/p><h2 class=\"wp-block-heading\">Ce este Lotto America?<\/h2><p><img decoding=\"async\" class=\"size-full wp-image alignright\" src=\"https:\/\/content.redfoxlotto.com\/uploads\/sites\/9\/1_play_lottery_online5.jpg\" alt=\"play lotto america online\"><\/p><p>Lotto America este un joc de loterie cu mai multe state, care \u00ee\u021bi ofer\u0103 o \u0219ans\u0103 la un jackpot excelent \u0219i \u00ee\u021bi ofer\u0103 c\u00e2teva \u0219anse bune de a merge \u00eempreun\u0103. Nu numai c\u0103, dar biletele sunt ieftine \u0219i acest joc v\u0103 ofer\u0103 o mul\u021bime de modalit\u0103\u021bi prin care pute\u021bi c\u00e2\u0219tiga premii mai mici \u00een timp ce sunte\u021bi la el. Asta \u00eenseamn\u0103 c\u0103 te vei distra cu asta chiar dac\u0103 nu c\u00e2\u0219tigi jackpotul.<\/p><h2 class=\"wp-block-heading\">Ce trebuie s\u0103 \u0219ti\u021bi despre joc<\/h2><p>Acest joc se remarc\u0103 de dou\u0103 ori pe s\u0103pt\u0103m\u00e2n\u0103, miercuri \u0219i s\u00e2mb\u0103t\u0103. De asemenea, atrage un total de \u0219ase bile diferite. Cinci dintre acestea sunt bile albe obi\u0219nuite, care sunt numerele dvs. standard. Una este o bil\u0103 ro\u0219ie, care este num\u0103rul bonus.<\/p><p>C\u00e2nd sunte\u021bi gata s\u0103 \u00eencepe\u021bi s\u0103 juca\u021bi la Lotto America, tot ce trebuie s\u0103 face\u021bi este s\u0103 crea\u021bi un cont online cu RedFoxLotto. De acolo, pute\u021bi consulta toate diferitele noastre jocuri, care includ op\u021biuni din \u00eentreaga lume. Lotto America este doar unul dintre numeroasele jocuri din care alege\u021bi, dar va fi distractiv.<\/p><p>Dup\u0103 ce selecta\u021bi jocul, ve\u021bi vedea care este jackpotul \u0219i c\u00e2nd se va desf\u0103\u0219ura desenul \u00eenainte de a cump\u0103ra un bilet. Dup\u0103 ce a\u021bi decis s\u0103 cump\u0103ra\u021bi un bilet, alege\u021bi doar numerele pe care le dori\u021bi. Pute\u021bi selecta singur toate numerele dac\u0103 ave\u021bi o preferin\u021b\u0103 sau pute\u021bi alege s\u0103 selecta\u021bi doar c\u00e2teva numere \u0219i s\u0103 ave\u021bi restul generat la \u00eent\u00e2mplare. Sau pute\u021bi avea toate numerele generate la \u00eent\u00e2mplare. \u021aine de tine.<\/p><h2 class=\"wp-block-heading\">Ai c\u00e2\u0219tigat?<\/h2><p>Tot ce trebuie s\u0103 faci pentru a verifica c\u00e2\u0219tigurile este s\u0103 te ui\u021bi online. RedFoxLotto ofer\u0103 toate numerele c\u00e2\u0219tig\u0103toare \u0219i, atunci c\u00e2nd accesa\u021bi contul, pute\u021bi compara biletele cu numerele c\u00e2\u0219tig\u0103toare<\/p><p>Dac\u0103 c\u00e2\u0219tiga\u021bi un premiu mic, acesta va fi automat depus \u00een contul dvs. Dac\u0103 c\u00e2\u0219tiga\u021bi un premiu mare, v\u0103 vom ajuta \u0219i vom parcurge procesul de revendicare a premiului. Dar indiferent de c\u00e2\u0219tig, ve\u021bi \u0219ti imediat \u00een contul dvs., deoarece v\u0103 vom ar\u0103ta numerele \u0219i numerele c\u00e2\u0219tig\u0103toare.<\/p><p>Deci, de ce s\u0103 nu \u00eencerca\u021bi s\u0103 consulta\u021bi Lotto America? S-ar putea s\u0103 nu realizezi nici m\u0103car ceea ce \u00ee\u021bi lipse\u0219te \u00eenc\u0103.<\/p>","protected":false},"excerpt":{"rendered":"<p>C\u00e2nd vine vorba de jocul la loto online, este posibil s\u0103 c\u0103uta\u021bi ceva nou. Acesta este probabil motivul pentru care ai trecut la prima joac\u0103 online. Ei bine, este pe cale s\u0103 te distrezi mult pentru c\u0103 nu ai v\u0103zut \u00eenc\u0103 Lotto America. Ce este Lotto America? Lotto America este un joc de loterie cu [&hellip;]<\/p>\n","protected":false},"author":1,"featured_media":0,"parent":2852,"menu_order":12,"comment_status":"closed","ping_status":"closed","template":"lotto-america.php","meta":{"_et_pb_use_builder":"","_et_pb_old_content":"","_et_gb_content_width":"","exclude_from_search":false,"footnotes":""},"class_list":["post-12980","page","type-page","status-publish","hentry"],"yoast_head":"<!-- This site is optimized with the Yoast SEO plugin v23.8 - https:\/\/yoast.com\/wordpress\/plugins\/seo\/ -->\n<title>Joac\u0103 Lotto America online<\/title>\n<meta name=\"description\" content=\"Juc\u0103torii din orice \u021bar\u0103 se pot al\u0103tura \u0219i juca online la aceast\u0103 loterie multi-state din SUA\" \/>\n<meta name=\"robots\" content=\"index, follow, max-snippet:-1, max-image-preview:large, max-video-preview:-1\" \/>\n<link rel=\"canonical\" href=\"https:\/\/redfoxlotto.com\/ro\/joaca\/lotto-america\/\" \/>\n<meta property=\"og:locale\" content=\"ro_RO\" \/>\n<meta property=\"og:type\" content=\"article\" \/>\n<meta property=\"og:title\" content=\"Joac\u0103 Lotto America online\" \/>\n<meta property=\"og:description\" content=\"Juc\u0103torii din orice \u021bar\u0103 se pot al\u0103tura \u0219i juca online la aceast\u0103 loterie multi-state din SUA\" \/>\n<meta property=\"og:url\" content=\"https:\/\/redfoxlotto.com\/ro\/joaca\/lotto-america\/\" \/>\n<meta property=\"og:site_name\" content=\"Get Tickets for the World\u2019s largest jackpots\" \/>\n<meta property=\"article:modified_time\" content=\"2025-12-10T14:23:22+00:00\" \/>\n<meta property=\"og:image\" content=\"https:\/\/content.redfoxlotto.com\/uploads\/sites\/9\/1_play_lottery_online5.jpg\" \/>\n<meta name=\"twitter:card\" content=\"summary_large_image\" \/>\n<meta name=\"twitter:label1\" content=\"Timp estimat pentru citire\" \/>\n\t<meta name=\"twitter:data1\" content=\"2 minute\" \/>\n<script type=\"application\/ld+json\" class=\"yoast-schema-graph\">{\"@context\":\"https:\/\/schema.org\",\"@graph\":[{\"@type\":\"WebPage\",\"@id\":\"https:\/\/redfoxlotto.com\/ro\/joaca\/lotto-america\/\",\"url\":\"https:\/\/redfoxlotto.com\/ro\/joaca\/lotto-america\/\",\"name\":\"Joac\u0103 Lotto America online\",\"isPartOf\":{\"@id\":\"https:\/\/redfoxlotto.com\/ro\/#website\"},\"primaryImageOfPage\":{\"@id\":\"https:\/\/redfoxlotto.com\/ro\/joaca\/lotto-america\/#primaryimage\"},\"image\":{\"@id\":\"https:\/\/redfoxlotto.com\/ro\/joaca\/lotto-america\/#primaryimage\"},\"thumbnailUrl\":\"https:\/\/content.redfoxlotto.com\/uploads\/sites\/9\/1_play_lottery_online5.jpg\",\"datePublished\":\"2023-04-24T18:09:15+00:00\",\"dateModified\":\"2025-12-10T14:23:22+00:00\",\"description\":\"Juc\u0103torii din orice \u021bar\u0103 se pot al\u0103tura \u0219i juca online la aceast\u0103 loterie multi-state din SUA\",\"breadcrumb\":{\"@id\":\"https:\/\/redfoxlotto.com\/ro\/joaca\/lotto-america\/#breadcrumb\"},\"inLanguage\":\"ro-RO\",\"potentialAction\":[{\"@type\":\"ReadAction\",\"target\":[\"https:\/\/redfoxlotto.com\/ro\/joaca\/lotto-america\/\"]}]},{\"@type\":\"ImageObject\",\"inLanguage\":\"ro-RO\",\"@id\":\"https:\/\/redfoxlotto.com\/ro\/joaca\/lotto-america\/#primaryimage\",\"url\":\"https:\/\/content.redfoxlotto.com\/uploads\/sites\/9\/1_play_lottery_online5.jpg\",\"contentUrl\":\"https:\/\/content.redfoxlotto.com\/uploads\/sites\/9\/1_play_lottery_online5.jpg\"},{\"@type\":\"BreadcrumbList\",\"@id\":\"https:\/\/redfoxlotto.com\/ro\/joaca\/lotto-america\/#breadcrumb\",\"itemListElement\":[{\"@type\":\"ListItem\",\"position\":1,\"name\":\"Home\",\"item\":\"https:\/\/redfoxlotto.com\/ro\/\"},{\"@type\":\"ListItem\",\"position\":2,\"name\":\"Cum pute\u021bi participa la loteriile interna\u021bionale\",\"item\":\"https:\/\/redfoxlotto.com\/ro\/joaca\/\"},{\"@type\":\"ListItem\",\"position\":3,\"name\":\"Cum s\u0103 joci Lotto America online\"}]},{\"@type\":\"WebSite\",\"@id\":\"https:\/\/redfoxlotto.com\/ro\/#website\",\"url\":\"https:\/\/redfoxlotto.com\/ro\/\",\"name\":\"Get Tickets for the World\u2019s largest jackpots\",\"description\":\"Participate in worldwide lottery jackpots from any country\",\"publisher\":{\"@id\":\"https:\/\/redfoxlotto.com\/ro\/#organization\"},\"potentialAction\":[{\"@type\":\"SearchAction\",\"target\":{\"@type\":\"EntryPoint\",\"urlTemplate\":\"https:\/\/redfoxlotto.com\/ro\/?s={search_term_string}\"},\"query-input\":{\"@type\":\"PropertyValueSpecification\",\"valueRequired\":true,\"valueName\":\"search_term_string\"}}],\"inLanguage\":\"ro-RO\"},{\"@type\":\"Organization\",\"@id\":\"https:\/\/redfoxlotto.com\/ro\/#organization\",\"name\":\"Get Tickets for the World\u2019s largest jackpots\",\"url\":\"https:\/\/redfoxlotto.com\/ro\/\",\"logo\":{\"@type\":\"ImageObject\",\"inLanguage\":\"ro-RO\",\"@id\":\"https:\/\/redfoxlotto.com\/ro\/#\/schema\/logo\/image\/\",\"url\":\"https:\/\/redfoxlotto.com\/wp-content\/uploads\/2023\/04\/logo.png\",\"contentUrl\":\"https:\/\/redfoxlotto.com\/wp-content\/uploads\/2023\/04\/logo.png\",\"width\":269,\"height\":53,\"caption\":\"Get Tickets for the World\u2019s largest jackpots\"},\"image\":{\"@id\":\"https:\/\/redfoxlotto.com\/ro\/#\/schema\/logo\/image\/\"}}]}<\/script>\n<!-- \/ Yoast SEO plugin. -->","yoast_head_json":{"title":"Joac\u0103 Lotto America online","description":"Juc\u0103torii din orice \u021bar\u0103 se pot al\u0103tura \u0219i juca online la aceast\u0103 loterie multi-state din SUA","robots":{"index":"index","follow":"follow","max-snippet":"max-snippet:-1","max-image-preview":"max-image-preview:large","max-video-preview":"max-video-preview:-1"},"canonical":"https:\/\/redfoxlotto.com\/ro\/joaca\/lotto-america\/","og_locale":"ro_RO","og_type":"article","og_title":"Joac\u0103 Lotto America online","og_description":"Juc\u0103torii din orice \u021bar\u0103 se pot al\u0103tura \u0219i juca online la aceast\u0103 loterie multi-state din SUA","og_url":"https:\/\/redfoxlotto.com\/ro\/joaca\/lotto-america\/","og_site_name":"Get Tickets for the World\u2019s largest jackpots","article_modified_time":"2025-12-10T14:23:22+00:00","og_image":[{"url":"https:\/\/content.redfoxlotto.com\/uploads\/sites\/9\/1_play_lottery_online5.jpg"}],"twitter_card":"summary_large_image","twitter_misc":{"Timp estimat pentru citire":"2 minute"},"schema":{"@context":"https:\/\/schema.org","@graph":[{"@type":"WebPage","@id":"https:\/\/redfoxlotto.com\/ro\/joaca\/lotto-america\/","url":"https:\/\/redfoxlotto.com\/ro\/joaca\/lotto-america\/","name":"Joac\u0103 Lotto America online","isPartOf":{"@id":"https:\/\/redfoxlotto.com\/ro\/#website"},"primaryImageOfPage":{"@id":"https:\/\/redfoxlotto.com\/ro\/joaca\/lotto-america\/#primaryimage"},"image":{"@id":"https:\/\/redfoxlotto.com\/ro\/joaca\/lotto-america\/#primaryimage"},"thumbnailUrl":"https:\/\/content.redfoxlotto.com\/uploads\/sites\/9\/1_play_lottery_online5.jpg","datePublished":"2023-04-24T18:09:15+00:00","dateModified":"2025-12-10T14:23:22+00:00","description":"Juc\u0103torii din orice \u021bar\u0103 se pot al\u0103tura \u0219i juca online la aceast\u0103 loterie multi-state din SUA","breadcrumb":{"@id":"https:\/\/redfoxlotto.com\/ro\/joaca\/lotto-america\/#breadcrumb"},"inLanguage":"ro-RO","potentialAction":[{"@type":"ReadAction","target":["https:\/\/redfoxlotto.com\/ro\/joaca\/lotto-america\/"]}]},{"@type":"ImageObject","inLanguage":"ro-RO","@id":"https:\/\/redfoxlotto.com\/ro\/joaca\/lotto-america\/#primaryimage","url":"https:\/\/content.redfoxlotto.com\/uploads\/sites\/9\/1_play_lottery_online5.jpg","contentUrl":"https:\/\/content.redfoxlotto.com\/uploads\/sites\/9\/1_play_lottery_online5.jpg"},{"@type":"BreadcrumbList","@id":"https:\/\/redfoxlotto.com\/ro\/joaca\/lotto-america\/#breadcrumb","itemListElement":[{"@type":"ListItem","position":1,"name":"Home","item":"https:\/\/redfoxlotto.com\/ro\/"},{"@type":"ListItem","position":2,"name":"Cum pute\u021bi participa la loteriile interna\u021bionale","item":"https:\/\/redfoxlotto.com\/ro\/joaca\/"},{"@type":"ListItem","position":3,"name":"Cum s\u0103 joci Lotto America online"}]},{"@type":"WebSite","@id":"https:\/\/redfoxlotto.com\/ro\/#website","url":"https:\/\/redfoxlotto.com\/ro\/","name":"Get Tickets for the World\u2019s largest jackpots","description":"Participate in worldwide lottery jackpots from any country","publisher":{"@id":"https:\/\/redfoxlotto.com\/ro\/#organization"},"potentialAction":[{"@type":"SearchAction","target":{"@type":"EntryPoint","urlTemplate":"https:\/\/redfoxlotto.com\/ro\/?s={search_term_string}"},"query-input":{"@type":"PropertyValueSpecification","valueRequired":true,"valueName":"search_term_string"}}],"inLanguage":"ro-RO"},{"@type":"Organization","@id":"https:\/\/redfoxlotto.com\/ro\/#organization","name":"Get Tickets for the World\u2019s largest jackpots","url":"https:\/\/redfoxlotto.com\/ro\/","logo":{"@type":"ImageObject","inLanguage":"ro-RO","@id":"https:\/\/redfoxlotto.com\/ro\/#\/schema\/logo\/image\/","url":"https:\/\/redfoxlotto.com\/wp-content\/uploads\/2023\/04\/logo.png","contentUrl":"https:\/\/redfoxlotto.com\/wp-content\/uploads\/2023\/04\/logo.png","width":269,"height":53,"caption":"Get Tickets for the World\u2019s largest jackpots"},"image":{"@id":"https:\/\/redfoxlotto.com\/ro\/#\/schema\/logo\/image\/"}}]}},"_links":{"self":[{"href":"https:\/\/redfoxlotto.com\/ro\/wp-json\/wp\/v2\/pages\/12980","targetHints":{"allow":["GET"]}}],"collection":[{"href":"https:\/\/redfoxlotto.com\/ro\/wp-json\/wp\/v2\/pages"}],"about":[{"href":"https:\/\/redfoxlotto.com\/ro\/wp-json\/wp\/v2\/types\/page"}],"author":[{"embeddable":true,"href":"https:\/\/redfoxlotto.com\/ro\/wp-json\/wp\/v2\/users\/1"}],"replies":[{"embeddable":true,"href":"https:\/\/redfoxlotto.com\/ro\/wp-json\/wp\/v2\/comments?post=12980"}],"version-history":[{"count":0,"href":"https:\/\/redfoxlotto.com\/ro\/wp-json\/wp\/v2\/pages\/12980\/revisions"}],"up":[{"embeddable":true,"href":"https:\/\/redfoxlotto.com\/ro\/wp-json\/wp\/v2\/pages\/2852"}],"wp:attachment":[{"href":"https:\/\/redfoxlotto.com\/ro\/wp-json\/wp\/v2\/media?parent=12980"}],"curies":[{"name":"wp","href":"https:\/\/api.w.org\/{rel}","templated":true}]}}