{"id":102358,"date":"2025-02-12T11:20:21","date_gmt":"2025-02-12T11:20:21","guid":{"rendered":"https:\/\/redfoxlotto.com\/?page_id=102358"},"modified":"2026-01-12T10:28:25","modified_gmt":"2026-01-12T10:28:25","slug":"sansele-de-castig-la-keno","status":"publish","type":"page","link":"https:\/\/redfoxlotto.com\/ro\/keno\/sansele-de-castig-la-keno\/","title":{"rendered":"Numerele c\u00e2\u0219tig\u0103toare la Gold Keno"},"content":{"rendered":"<h2>Jackpotul de 2 milioane de euro te a\u0219teapt\u0103 la Gold Keno.<\/h2>\n<p><img loading=\"lazy\" decoding=\"async\" class=\"size-medium wp-image-93652 alignright\" src=\"https:\/\/redfoxlotto.com\/wp-content\/uploads\/2025\/09\/gold-keno-win-2-300x300.jpg\" alt=\"gold keno\" width=\"300\" height=\"300\" \/><br \/>\nGold Keno este un joc de loterie online foarte distractiv. Oricine joac\u0103 acest joc poate c\u00e2\u0219tiga marele premiu de 2 milioane de euro. Este u\u0219or de \u00een\u021beles de ce Gold Keno este at\u00e2t de popular: fiecare extragere \u00ee\u021bi ofer\u0103 o \u0219ans\u0103 real\u0103 de a c\u00e2\u0219tiga o sum\u0103 mare de bani care \u021bi-ar putea schimba via\u021ba \u00een bine. Distrac\u021bia acestui joc provine din faptul c\u0103 are extrageri rapide, fair-play \u0219i \u0219ansa de a c\u00e2\u0219tiga jackpotul de dou\u0103 milioane de euro. Acest lucru este valabil indiferent dac\u0103 joci pentru distrac\u021bie sau vrei s\u0103 c\u00e2\u0219tigi mul\u021bi bani.<\/p>\n<h2>Ghidul cotelor de joc la Gold Keno<\/h2>\n<p>\u00cen Gold Keno, 20 de numere sunt alese la \u00eent\u00e2mplare dintr-un set de optzeci. Juc\u0103torii \u00ee\u0219i aleg propriile numere, iar valoarea premiului depinde de c\u00e2te ori alegerile lor se potrivesc cu extragerea. Ad\u0103ugarea unui multiplicator cre\u0219te c\u00e2\u0219tigul posibil. Acest lucru \u00eenseamn\u0103 c\u0103 biletele care cost\u0103 mai mult vor c\u00e2\u0219tiga premii mai mari.<\/p>\n<p>C\u00e2nd ave\u021bi mai multe op\u021biuni, ave\u021bi \u0219anse mai mari de a ob\u021bine o plat\u0103 mai mare, dar c\u00e2nd ave\u021bi mai pu\u021bine op\u021biuni, ave\u021bi \u0219anse mai mari de a ob\u021bine o plat\u0103 mai mic\u0103. \u0218ansele de c\u00e2\u0219tig la keno se bazeaz\u0103 pe acest echilibru: mai multe alegeri \u00eenseamn\u0103 premii mai mari, dar \u0219anse mai mici, \u00een timp ce mai pu\u021bine alegeri fac c\u00e2\u0219tigul mai simplu. Dac\u0103 utiliza\u021bi multiplicatorul, pute\u021bi c\u00e2\u0219tiga marele premiu de dou\u0103 milioane de euro.<\/p>\n<h2>Cheia pentru a c\u00e2\u0219tiga mai mult este utilizarea multiplicatorilor.<\/h2>\n<p>Pute\u021bi c\u00e2\u0219tiga premiul maxim de 2 milioane de euro la Gold Keno datorit\u0103 func\u021biei multiplicatorului. De exemplu:<\/p>\n<p>Dac\u0103 multiplicatorul maxim este setat la 5x, un bilet cu un multiplicator de 1x v\u0103 va oferi 20% din premiul cel mai mare. Dac\u0103 juc\u0103torii pariaz\u0103 cu multiplicatorul maxim, pot ob\u021bine acces complet la fondul de premii, care valoreaz\u0103 peste 2 milioane de euro.<\/p>\n<p>Aceast\u0103 tehnic\u0103 ofer\u0103 juc\u0103torilor o alt\u0103 modalitate de a schimba \u0219ansele de c\u00e2\u0219tig la keno. Ofer\u0103 at\u00e2t juc\u0103torilor pruden\u021bi, c\u00e2t \u0219i celor care \u00ee\u0219i asum\u0103 riscuri, o modalitate echitabil\u0103 de a juca.<\/p>\n<h2>Tranzac\u021biile se efectueaz\u0103 cu numerar \u0219i depozite.<\/h2>\n<p>Pentru a juca Gold Keno, trebuie s\u0103 depune\u021bi bani \u00een contul dvs. \u0219i s\u0103 cump\u0103ra\u021bi bilete online. Tranzac\u021biile sunt rapide, sigure \u0219i u\u0219or de \u00een\u021beles, astfel \u00eenc\u00e2t pute\u021bi participa la orice extragere chiar acum.<\/p>\n<h2>Exist\u0103 o mul\u021bime de extrageri Gold Keno<\/h2>\n<p>Nu trebuie s\u0103 a\u0219tepta\u021bi pentru a juca Gold Keno, a\u0219a cum se \u00eent\u00e2mpl\u0103 \u00een cazul altor loterii. La fiecare c\u00e2teva minute, au loc noi extrageri, ceea ce face ca cursa pentru premiul cel mare de 2 milioane de euro s\u0103 fie o aventur\u0103 distractiv\u0103 \u0219i f\u0103r\u0103 sf\u00e2r\u0219it. Deoarece exist\u0103 at\u00e2t de multe extrageri, \u0219ansele de c\u00e2\u0219tig la keno sunt testate \u00een repetate r\u00e2nduri, ceea ce men\u021bine jocul distractiv.<\/p>\n<h2>Un generator de numere aleatorii (RNG) pentru un joc corect<\/h2>\n<p>Pentru a ne asigura c\u0103 fiecare extragere Gold Keno este corect\u0103, folosim un generator de numere aleatorii (RNG) validat. Deoarece fiecare rezultat este complet aleatoriu, \u0219ansa de a c\u00e2\u0219tiga premiul de 2 milioane de euro nu se bazeaz\u0103 pe presupuneri, ci pe noroc. Acest lucru garanteaz\u0103 c\u0103 toat\u0103 lumea are \u0219anse egale de a c\u00e2\u0219tiga la keno.<\/p>\n<h2>Verificarea c\u00e2\u0219tigurilor \u0219i \u00eencasarea lor<\/h2>\n<p>Juc\u0103torii pot vedea rezultatele imediat \u00een sec\u021biunea \u201eBiletele mele\u201d. C\u00e2\u0219tigurile mai mici sunt transferate instantaneu \u00een contul dvs., iar cele mai mari, care pot ajunge p\u00e2n\u0103 la 2.500 \u20ac, sunt, de asemenea, transferate imediat. Asigurarea garanteaz\u0103 premiul cel mare de 2 milioane \u20ac \u0219i alte premii mari, iar guvernul verific\u0103 pentru a se asigura c\u0103 acestea sunt acordate.<\/p>\n<h2>To\u021bi c\u00e2\u0219tig\u0103torii au dreptul s\u0103-\u0219i recupereze banii<\/h2>\n<p>Spre deosebire de majoritatea loteriilor, Gold Keno pl\u0103te\u0219te indiferent de num\u0103rul de bilete v\u00e2ndute. Jocul nu este doar sigur, ci \u0219i profitabil, deoarece toate premiile, inclusiv jackpotul de 2 milioane de euro, sunt complet sigure.<\/p>\n<h2>Nu exist\u0103 bilete pe h\u00e2rtie, deoarece totul se face online.<\/h2>\n<p>Nu ve\u021bi avea nevoie de bilete pe h\u00e2rtie, deoarece Gold Keno este complet digital. Acest sistem \u021bine eviden\u021ba tuturor \u00eenscrierilor, astfel \u00eenc\u00e2t nimic s\u0103 nu se piard\u0103 sau s\u0103 fie furat.<\/p>\n<h2>Ultimele g\u00e2nduri: Ce diferen\u021biaz\u0103 Gold Keno de alte jocuri Keno<\/h2>\n<p>Gold Keno este \u00een continuare unul dintre cele mai interesante jocuri de loterie online, deoarece are extrageri la fiecare c\u00e2teva minute, generatoare de numere aleatorii corecte, recompense garantate \u0219i \u0219ansa de a c\u00e2\u0219tiga jackpotul de 2 milioane de euro. Pentru persoanele care se g\u00e2ndesc la \u0219ansele de c\u00e2\u0219tig la keno, acest joc este at\u00e2t interesant, c\u00e2t \u0219i lini\u0219titor, deoarece fiecare bilet poate schimba cursul jocului pentru juc\u0103torii cu obiective mari.<\/p>\n","protected":false},"excerpt":{"rendered":"<p>Jackpotul de 2 milioane de euro te a\u0219teapt\u0103 la Gold Keno. Gold Keno este un joc de loterie online foarte distractiv. Oricine joac\u0103 acest joc poate c\u00e2\u0219tiga marele premiu de 2 milioane de euro. Este u\u0219or de \u00een\u021beles de ce Gold Keno este at\u00e2t de popular: fiecare extragere \u00ee\u021bi ofer\u0103 o \u0219ans\u0103 real\u0103 de a [&hellip;]<\/p>\n","protected":false},"author":8,"featured_media":0,"parent":84431,"menu_order":42,"comment_status":"closed","ping_status":"closed","template":"","meta":{"_et_pb_use_builder":"","_et_pb_old_content":"","_et_gb_content_width":"","exclude_from_search":false,"footnotes":""},"class_list":["post-102358","page","type-page","status-publish","hentry"],"yoast_head":"<!-- This site is optimized with the Yoast SEO plugin v23.8 - https:\/\/yoast.com\/wordpress\/plugins\/seo\/ -->\n<title>\u0218ansele de c\u00e2\u0219tig la Keno | Jocurile noastre Keno au \u0219anse \u0219i premii excelente<\/title>\n<meta name=\"description\" content=\"C\u00e2nd joci Keno online, uit\u0103-te la \u0219ansele jocurilor pe care le g\u0103se\u0219ti. Gold Keno are un c\u00e2\u0219tig maxim de 2 milioane de euro, combinat cu cele mai bune \u0219anse pe care le vei g\u0103si online.\" \/>\n<meta name=\"robots\" content=\"index, follow, max-snippet:-1, max-image-preview:large, max-video-preview:-1\" \/>\n<link rel=\"canonical\" href=\"https:\/\/redfoxlotto.com\/ro\/keno\/sansele-de-castig-la-keno\/\" \/>\n<meta property=\"og:locale\" content=\"ro_RO\" \/>\n<meta property=\"og:type\" content=\"article\" \/>\n<meta property=\"og:title\" content=\"\u0218ansele de c\u00e2\u0219tig la Keno | Jocurile noastre Keno au \u0219anse \u0219i premii excelente\" \/>\n<meta property=\"og:description\" content=\"C\u00e2nd joci Keno online, uit\u0103-te la \u0219ansele jocurilor pe care le g\u0103se\u0219ti. Gold Keno are un c\u00e2\u0219tig maxim de 2 milioane de euro, combinat cu cele mai bune \u0219anse pe care le vei g\u0103si online.\" \/>\n<meta property=\"og:url\" content=\"https:\/\/redfoxlotto.com\/ro\/keno\/sansele-de-castig-la-keno\/\" \/>\n<meta property=\"og:site_name\" content=\"Get Tickets for the World\u2019s largest jackpots\" \/>\n<meta property=\"article:modified_time\" content=\"2026-01-12T10:28:25+00:00\" \/>\n<meta property=\"og:image\" content=\"https:\/\/redfoxlotto.com\/wp-content\/uploads\/2025\/09\/gold-keno-win-2-300x300.jpg\" \/>\n<meta name=\"twitter:card\" content=\"summary_large_image\" \/>\n<meta name=\"twitter:label1\" content=\"Timp estimat pentru citire\" \/>\n\t<meta name=\"twitter:data1\" content=\"4 minute\" \/>\n<script type=\"application\/ld+json\" class=\"yoast-schema-graph\">{\"@context\":\"https:\/\/schema.org\",\"@graph\":[{\"@type\":\"WebPage\",\"@id\":\"https:\/\/redfoxlotto.com\/ro\/keno\/sansele-de-castig-la-keno\/\",\"url\":\"https:\/\/redfoxlotto.com\/ro\/keno\/sansele-de-castig-la-keno\/\",\"name\":\"\u0218ansele de c\u00e2\u0219tig la Keno | Jocurile noastre Keno au \u0219anse \u0219i premii excelente\",\"isPartOf\":{\"@id\":\"https:\/\/redfoxlotto.com\/ro\/#website\"},\"primaryImageOfPage\":{\"@id\":\"https:\/\/redfoxlotto.com\/ro\/keno\/sansele-de-castig-la-keno\/#primaryimage\"},\"image\":{\"@id\":\"https:\/\/redfoxlotto.com\/ro\/keno\/sansele-de-castig-la-keno\/#primaryimage\"},\"thumbnailUrl\":\"https:\/\/redfoxlotto.com\/wp-content\/uploads\/2025\/09\/gold-keno-win-2-300x300.jpg\",\"datePublished\":\"2025-02-12T11:20:21+00:00\",\"dateModified\":\"2026-01-12T10:28:25+00:00\",\"description\":\"C\u00e2nd joci Keno online, uit\u0103-te la \u0219ansele jocurilor pe care le g\u0103se\u0219ti. Gold Keno are un c\u00e2\u0219tig maxim de 2 milioane de euro, combinat cu cele mai bune \u0219anse pe care le vei g\u0103si online.\",\"breadcrumb\":{\"@id\":\"https:\/\/redfoxlotto.com\/ro\/keno\/sansele-de-castig-la-keno\/#breadcrumb\"},\"inLanguage\":\"ro-RO\",\"potentialAction\":[{\"@type\":\"ReadAction\",\"target\":[\"https:\/\/redfoxlotto.com\/ro\/keno\/sansele-de-castig-la-keno\/\"]}]},{\"@type\":\"ImageObject\",\"inLanguage\":\"ro-RO\",\"@id\":\"https:\/\/redfoxlotto.com\/ro\/keno\/sansele-de-castig-la-keno\/#primaryimage\",\"url\":\"https:\/\/redfoxlotto.com\/wp-content\/uploads\/2025\/09\/gold-keno-win-2-300x300.jpg\",\"contentUrl\":\"https:\/\/redfoxlotto.com\/wp-content\/uploads\/2025\/09\/gold-keno-win-2-300x300.jpg\"},{\"@type\":\"BreadcrumbList\",\"@id\":\"https:\/\/redfoxlotto.com\/ro\/keno\/sansele-de-castig-la-keno\/#breadcrumb\",\"itemListElement\":[{\"@type\":\"ListItem\",\"position\":1,\"name\":\"Home\",\"item\":\"https:\/\/redfoxlotto.com\/ro\/\"},{\"@type\":\"ListItem\",\"position\":2,\"name\":\"Keno\",\"item\":\"https:\/\/redfoxlotto.com\/ro\/keno\/\"},{\"@type\":\"ListItem\",\"position\":3,\"name\":\"Numerele c\u00e2\u0219tig\u0103toare la Gold Keno\"}]},{\"@type\":\"WebSite\",\"@id\":\"https:\/\/redfoxlotto.com\/ro\/#website\",\"url\":\"https:\/\/redfoxlotto.com\/ro\/\",\"name\":\"Get Tickets for the World\u2019s largest jackpots\",\"description\":\"Participate in worldwide lottery jackpots from any country\",\"publisher\":{\"@id\":\"https:\/\/redfoxlotto.com\/ro\/#organization\"},\"potentialAction\":[{\"@type\":\"SearchAction\",\"target\":{\"@type\":\"EntryPoint\",\"urlTemplate\":\"https:\/\/redfoxlotto.com\/ro\/?s={search_term_string}\"},\"query-input\":{\"@type\":\"PropertyValueSpecification\",\"valueRequired\":true,\"valueName\":\"search_term_string\"}}],\"inLanguage\":\"ro-RO\"},{\"@type\":\"Organization\",\"@id\":\"https:\/\/redfoxlotto.com\/ro\/#organization\",\"name\":\"Get Tickets for the World\u2019s largest jackpots\",\"url\":\"https:\/\/redfoxlotto.com\/ro\/\",\"logo\":{\"@type\":\"ImageObject\",\"inLanguage\":\"ro-RO\",\"@id\":\"https:\/\/redfoxlotto.com\/ro\/#\/schema\/logo\/image\/\",\"url\":\"https:\/\/redfoxlotto.com\/wp-content\/uploads\/2023\/04\/logo.png\",\"contentUrl\":\"https:\/\/redfoxlotto.com\/wp-content\/uploads\/2023\/04\/logo.png\",\"width\":269,\"height\":53,\"caption\":\"Get Tickets for the World\u2019s largest jackpots\"},\"image\":{\"@id\":\"https:\/\/redfoxlotto.com\/ro\/#\/schema\/logo\/image\/\"}}]}<\/script>\n<!-- \/ Yoast SEO plugin. -->","yoast_head_json":{"title":"\u0218ansele de c\u00e2\u0219tig la Keno | Jocurile noastre Keno au \u0219anse \u0219i premii excelente","description":"C\u00e2nd joci Keno online, uit\u0103-te la \u0219ansele jocurilor pe care le g\u0103se\u0219ti. Gold Keno are un c\u00e2\u0219tig maxim de 2 milioane de euro, combinat cu cele mai bune \u0219anse pe care le vei g\u0103si online.","robots":{"index":"index","follow":"follow","max-snippet":"max-snippet:-1","max-image-preview":"max-image-preview:large","max-video-preview":"max-video-preview:-1"},"canonical":"https:\/\/redfoxlotto.com\/ro\/keno\/sansele-de-castig-la-keno\/","og_locale":"ro_RO","og_type":"article","og_title":"\u0218ansele de c\u00e2\u0219tig la Keno | Jocurile noastre Keno au \u0219anse \u0219i premii excelente","og_description":"C\u00e2nd joci Keno online, uit\u0103-te la \u0219ansele jocurilor pe care le g\u0103se\u0219ti. Gold Keno are un c\u00e2\u0219tig maxim de 2 milioane de euro, combinat cu cele mai bune \u0219anse pe care le vei g\u0103si online.","og_url":"https:\/\/redfoxlotto.com\/ro\/keno\/sansele-de-castig-la-keno\/","og_site_name":"Get Tickets for the World\u2019s largest jackpots","article_modified_time":"2026-01-12T10:28:25+00:00","og_image":[{"url":"https:\/\/redfoxlotto.com\/wp-content\/uploads\/2025\/09\/gold-keno-win-2-300x300.jpg"}],"twitter_card":"summary_large_image","twitter_misc":{"Timp estimat pentru citire":"4 minute"},"schema":{"@context":"https:\/\/schema.org","@graph":[{"@type":"WebPage","@id":"https:\/\/redfoxlotto.com\/ro\/keno\/sansele-de-castig-la-keno\/","url":"https:\/\/redfoxlotto.com\/ro\/keno\/sansele-de-castig-la-keno\/","name":"\u0218ansele de c\u00e2\u0219tig la Keno | Jocurile noastre Keno au \u0219anse \u0219i premii excelente","isPartOf":{"@id":"https:\/\/redfoxlotto.com\/ro\/#website"},"primaryImageOfPage":{"@id":"https:\/\/redfoxlotto.com\/ro\/keno\/sansele-de-castig-la-keno\/#primaryimage"},"image":{"@id":"https:\/\/redfoxlotto.com\/ro\/keno\/sansele-de-castig-la-keno\/#primaryimage"},"thumbnailUrl":"https:\/\/redfoxlotto.com\/wp-content\/uploads\/2025\/09\/gold-keno-win-2-300x300.jpg","datePublished":"2025-02-12T11:20:21+00:00","dateModified":"2026-01-12T10:28:25+00:00","description":"C\u00e2nd joci Keno online, uit\u0103-te la \u0219ansele jocurilor pe care le g\u0103se\u0219ti. Gold Keno are un c\u00e2\u0219tig maxim de 2 milioane de euro, combinat cu cele mai bune \u0219anse pe care le vei g\u0103si online.","breadcrumb":{"@id":"https:\/\/redfoxlotto.com\/ro\/keno\/sansele-de-castig-la-keno\/#breadcrumb"},"inLanguage":"ro-RO","potentialAction":[{"@type":"ReadAction","target":["https:\/\/redfoxlotto.com\/ro\/keno\/sansele-de-castig-la-keno\/"]}]},{"@type":"ImageObject","inLanguage":"ro-RO","@id":"https:\/\/redfoxlotto.com\/ro\/keno\/sansele-de-castig-la-keno\/#primaryimage","url":"https:\/\/redfoxlotto.com\/wp-content\/uploads\/2025\/09\/gold-keno-win-2-300x300.jpg","contentUrl":"https:\/\/redfoxlotto.com\/wp-content\/uploads\/2025\/09\/gold-keno-win-2-300x300.jpg"},{"@type":"BreadcrumbList","@id":"https:\/\/redfoxlotto.com\/ro\/keno\/sansele-de-castig-la-keno\/#breadcrumb","itemListElement":[{"@type":"ListItem","position":1,"name":"Home","item":"https:\/\/redfoxlotto.com\/ro\/"},{"@type":"ListItem","position":2,"name":"Keno","item":"https:\/\/redfoxlotto.com\/ro\/keno\/"},{"@type":"ListItem","position":3,"name":"Numerele c\u00e2\u0219tig\u0103toare la Gold Keno"}]},{"@type":"WebSite","@id":"https:\/\/redfoxlotto.com\/ro\/#website","url":"https:\/\/redfoxlotto.com\/ro\/","name":"Get Tickets for the World\u2019s largest jackpots","description":"Participate in worldwide lottery jackpots from any country","publisher":{"@id":"https:\/\/redfoxlotto.com\/ro\/#organization"},"potentialAction":[{"@type":"SearchAction","target":{"@type":"EntryPoint","urlTemplate":"https:\/\/redfoxlotto.com\/ro\/?s={search_term_string}"},"query-input":{"@type":"PropertyValueSpecification","valueRequired":true,"valueName":"search_term_string"}}],"inLanguage":"ro-RO"},{"@type":"Organization","@id":"https:\/\/redfoxlotto.com\/ro\/#organization","name":"Get Tickets for the World\u2019s largest jackpots","url":"https:\/\/redfoxlotto.com\/ro\/","logo":{"@type":"ImageObject","inLanguage":"ro-RO","@id":"https:\/\/redfoxlotto.com\/ro\/#\/schema\/logo\/image\/","url":"https:\/\/redfoxlotto.com\/wp-content\/uploads\/2023\/04\/logo.png","contentUrl":"https:\/\/redfoxlotto.com\/wp-content\/uploads\/2023\/04\/logo.png","width":269,"height":53,"caption":"Get Tickets for the World\u2019s largest jackpots"},"image":{"@id":"https:\/\/redfoxlotto.com\/ro\/#\/schema\/logo\/image\/"}}]}},"_links":{"self":[{"href":"https:\/\/redfoxlotto.com\/ro\/wp-json\/wp\/v2\/pages\/102358","targetHints":{"allow":["GET"]}}],"collection":[{"href":"https:\/\/redfoxlotto.com\/ro\/wp-json\/wp\/v2\/pages"}],"about":[{"href":"https:\/\/redfoxlotto.com\/ro\/wp-json\/wp\/v2\/types\/page"}],"author":[{"embeddable":true,"href":"https:\/\/redfoxlotto.com\/ro\/wp-json\/wp\/v2\/users\/8"}],"replies":[{"embeddable":true,"href":"https:\/\/redfoxlotto.com\/ro\/wp-json\/wp\/v2\/comments?post=102358"}],"version-history":[{"count":0,"href":"https:\/\/redfoxlotto.com\/ro\/wp-json\/wp\/v2\/pages\/102358\/revisions"}],"up":[{"embeddable":true,"href":"https:\/\/redfoxlotto.com\/ro\/wp-json\/wp\/v2\/pages\/84431"}],"wp:attachment":[{"href":"https:\/\/redfoxlotto.com\/ro\/wp-json\/wp\/v2\/media?parent=102358"}],"curies":[{"name":"wp","href":"https:\/\/api.w.org\/{rel}","templated":true}]}}