{"id":102011,"date":"2025-05-22T08:53:38","date_gmt":"2025-05-22T08:53:38","guid":{"rendered":"https:\/\/redfoxlotto.com\/?page_id=102011"},"modified":"2026-01-09T10:27:03","modified_gmt":"2026-01-09T10:27:03","slug":"numerele-castigatoare-la-platinum-keno","status":"publish","type":"page","link":"https:\/\/redfoxlotto.com\/ro\/keno\/numerele-castigatoare-la-platinum-keno\/","title":{"rendered":"Numerele c\u00e2\u0219tig\u0103toare la Platinum Keno"},"content":{"rendered":"<h2>Cum sunt alese cotele \u0219i unde pute\u021bi g\u0103si rezultatele la Platinum Keno<\/h2>\n<p><img loading=\"lazy\" decoding=\"async\" class=\"size-medium wp-image-83635 alignright\" src=\"https:\/\/redfoxlotto.com\/wp-content\/uploads\/2025\/03\/keno_card-300x300.jpg\" alt=\"platnum keno\" width=\"300\" height=\"300\" srcset=\"https:\/\/redfoxlotto.com\/wp-content\/uploads\/2025\/03\/keno_card-300x300.jpg 300w, https:\/\/redfoxlotto.com\/wp-content\/uploads\/2025\/03\/keno_card-150x150.jpg 150w, https:\/\/redfoxlotto.com\/wp-content\/uploads\/2025\/03\/keno_card-100x100.jpg 100w, https:\/\/redfoxlotto.com\/wp-content\/uploads\/2025\/03\/keno_card.jpg 307w\" sizes=\"auto, (max-width: 300px) 100vw, 300px\" \/><br \/>\nPlatinum Keno este pe cale s\u0103 devin\u0103 unul dintre cele mai populare jocuri de tip loterie. \u00cen cur\u00e2nd, juc\u0103torii se vor putea bucura de toat\u0103 distrac\u021bia oferit\u0103 de Keno tradi\u021bional din confortul propriilor ecrane, datorit\u0103 extragerilor rapide, regulilor clare \u0219i u\u0219urin\u021bei de a juca online. Nu exist\u0103 \u00eenc\u0103 rezultate live, dar iat\u0103 ce trebuie s\u0103 \u0219ti\u021bi despre modul \u00een care sunt alese numerele, unde le pute\u021bi g\u0103si \u0219i cum pute\u021bi vedea dac\u0103 a\u021bi c\u00e2\u0219tigat atunci c\u00e2nd \u00eencepe jocul.<\/p>\n<h2>Pa\u0219ii folosi\u021bi pentru a alege numerele Platinum Keno<\/h2>\n<p>Platinum Keno se bazeaz\u0103 pe ideea c\u0103 totul trebuie s\u0103 fie corect. Un generator de numere aleatorii (RNG) verificat alege numerele. Acest lucru ar trebui s\u0103 fac\u0103 fiecare extragere complet aleatorie. RNG se asigur\u0103 c\u0103 fiecare num\u0103r din grup are \u0219anse egale de a fi ales, la fel ca atunci c\u00e2nd extrage\u021bi bile numerotate dintr-o ma\u0219in\u0103.<\/p>\n<ul>\n<li>Juc\u0103torii aleg dintr-un grup de numere de la 1 la 80.<\/li>\n<li>Dimensiunea extragerii: \u00cen fiecare rund\u0103, sunt alese aleatoriu 20 de numere.<\/li>\n<li>\u0218anse egale: Nu exist\u0103 un num\u0103r favorit; totul depinde de noroc.<\/li>\n<li>Cu aceast\u0103 metod\u0103, fiecare extragere este clar\u0103, poate fi verificat\u0103 \u0219i se bazeaz\u0103 pe \u00eencredere.<\/li>\n<li>Cum se joac\u0103 jocul.<\/li>\n<\/ul>\n<p>Platinum Keno este creat at\u00e2t pentru juc\u0103torii obi\u0219nui\u021bi, c\u00e2t \u0219i pentru cei care doresc s\u0103 c\u00e2\u0219tige jackpoturi mari. Alege\u021bi numere dintr-un set de 80, dintre care 20 sunt selectate aleatoriu. A\u0219a se joac\u0103 jocul. Vre\u021bi ca c\u00e2t mai multe dintre alegerile dvs. s\u0103 se potriveasc\u0103.<\/p>\n<h2>Alegerea numerelor.<\/h2>\n<p>Alege\u021bi num\u0103rul de \u201epuncte\u201d (numere) pe care dori\u021bi s\u0103 le juca\u021bi. Diferite persoane aleg un num\u0103r diferit de cartona\u0219e. Num\u0103rul de puncte pe care \u00eel alege\u021bi va afecta \u00een mod direct \u0219ansele dvs. \u0219i suma de bani pe care o pute\u021bi c\u00e2\u0219tiga.<\/p>\n<h2>Alegerea unui factor.<\/h2>\n<p>Platinum Keno are un multiplicator care modific\u0103 premiile. \u00cen acest caz, dac\u0103 multiplicatorul cel mai mare este 5, atunci juc\u00e2nd cu un multiplicator 1x vei primi 20% din recompensa 5x. Dac\u0103 zece este cel mai mare. Dac\u0103 premiul cel mare este 10, un bilet 1x va pl\u0103ti 10% din plata 10x. Un multiplicator mai mare cre\u0219te at\u00e2t pre\u021bul biletului, c\u00e2t \u0219i \u0219ansa de a c\u00e2\u0219tiga.<\/p>\n<h2>Utilizarea listei de pl\u0103\u021bi<\/h2>\n<p>Aceasta v\u0103 indic\u0103 exact c\u00e2t pute\u021bi c\u00e2\u0219tiga \u00een func\u021bie de numerele pe care le alege\u021bi \u0219i de bonus. G\u00e2ndi\u021bi-v\u0103 la ea ca la o hart\u0103 a premiilor; v\u0103 indic\u0103 miza \u00eenainte ca extragerea s\u0103 aib\u0103 loc.<\/p>\n<h2>Cum alegerile afecteaz\u0103 rezultatul<\/h2>\n<p>Dac\u0103 alege\u021bi mai multe numere, cel mai mare premiu pe care \u00eel pute\u021bi c\u00e2\u0219tiga cre\u0219te, dar \u0219ansele de a le nimeri pe toate scad. \u00cen schimb, un multiplicator mai mare cre\u0219te plata dac\u0103 c\u00e2\u0219tiga\u021bi, dar trebuie s\u0103 paria\u021bi mai mul\u021bi bani la \u00eenceput. Platinum Keno este at\u00e2t incitant, c\u00e2t \u0219i riscant, deoarece trebuie s\u0103 echilibra\u021bi riscul \u0219i profitul.<\/p>\n<h2>Cele mai bune locuri pentru a g\u0103si rezultatele Platinum Keno<\/h2>\n<p>Imediat ce \u00eencepe Platinum Keno, cele mai recente rezultate vor fi disponibile pe pagina de rezultate RedFoxLotto. Nu trebuie s\u0103 p\u0103r\u0103si\u021bi aplica\u021bia pentru a urm\u0103ri extragerea trecut\u0103 \u0219i prezent\u0103 \u00een acest fel.<\/p>\n<p>Pute\u021bi face urm\u0103toarele:<\/p>\n<ul>\n<li>Verifica\u021bi lista complet\u0103 a numerelor alese pentru fiecare joc.<\/li>\n<li>Consulta\u021bi extragerile anterioare pentru a vedea temele \u0219i tendin\u021bele.<\/li>\n<li>Fi\u021bi la curent cu nout\u0103\u021bile f\u0103r\u0103 a fi nevoie s\u0103 c\u0103uta\u021bi \u00een alt\u0103 parte.<\/li>\n<li>Cum s\u0103 afla\u021bi dac\u0103 a\u021bi c\u00e2\u0219tigat<\/li>\n<\/ul>\n<p>Nu mai este nevoie de bilete pe h\u00e2rtie \u2014 Platinum Keno este un joc exclusiv pe computer. Numerele dvs. sunt salvate \u00een contul dvs. RedFoxLotto imediat dup\u0103 fiecare joc. Pute\u021bi verifica rezultatele imediat dup\u0103 fiecare extragere:<\/p>\n<h2>Face\u021bi clic pe \u201eBiletele mele\u201d \u2014 aceast\u0103 sec\u021biune afi\u0219eaz\u0103 toate biletele pe care le-a\u021bi cump\u0103rat.<\/h2>\n<p>Compara\u021bi numerele dvs. cu rezultatele: dac\u0103 numerele dvs. sunt identice cu cele extrase la extragerea c\u00e2\u0219tig\u0103toare, sistemul v\u0103 va afi\u0219a imediat acele potriviri.<\/p>\n<p>Imediat ce a\u021bi c\u00e2\u0219tigat, suma premiului pe care o ve\u021bi primi este afi\u0219at\u0103 pentru a o putea vedea. Premiile cu o valoare mai mic\u0103 sunt depuse direct \u00een contul dvs., \u00een timp ce premiile cu o valoare mai mare pot fi supuse verific\u0103rii \u00eenainte de a fi transferate.<\/p>\n<h2>Efectuarea de depuneri \u0219i jocul<\/h2>\n<p>Pentru a juca Platinum Keno, trebuie s\u0103 ave\u021bi bani \u00een contul dvs. RedFoxLotto. Efectuarea unei depuneri este u\u0219oar\u0103 \u0219i sigur\u0103, iar odat\u0103 ce suma a fost ad\u0103ugat\u0103, o pute\u021bi utiliza imediat pentru a cump\u0103ra bilete.<\/p>\n<h2>De ce pute\u021bi avea \u00eencredere \u00een rezultate<\/h2>\n<p>Fiecare premiu din Platinum Keno este acoperit de o asigurare, astfel \u00eenc\u00e2t ve\u021bi primi banii \u00eenapoi indiferent dac\u0103 c\u00e2\u0219tiga\u021bi 5 \u20ac sau 500.000 \u20ac. RedFoxLotto se asigur\u0103 c\u0103 ve\u021bi fi pl\u0103ti\u021bi, iar RNG se asigur\u0103 c\u0103 totul este corect.<\/p>\n<h2>\u00cen concluzie<\/h2>\n<p>Este ca un amestec \u00eentre modul tradi\u021bional de extragere a numerelor \u0219i u\u0219urin\u021ba jocurilor pe computer. Chiar dac\u0103 scorurile finale nu au fost \u00eenc\u0103 anun\u021bate, juc\u0103torii se pot a\u0219tepta la:<\/p>\n<ul>\n<li>Extragere corect\u0103 verificat\u0103 de RNG.<\/li>\n<li>Jocul se desf\u0103\u0219oar\u0103 rapid \u0219i ve\u021bi ob\u021bine rezultate la fiecare c\u00e2teva minute.<\/li>\n<li>RedFoxLotto v\u0103 permite s\u0103 accesa\u021bi u\u0219or rezultatele.<\/li>\n<li>Contul dvs. va \u021bine automat eviden\u021ba c\u00e2\u0219tigurilor.<\/li>\n<li>Odat\u0103 ce jocul \u00eencepe, tot ce trebuie s\u0103 face\u021bi este s\u0103 reveni\u021bi dup\u0103 extragere pentru a vedea dac\u0103 a\u021bi c\u00e2\u0219tigat.<\/li>\n<\/ul>\n","protected":false},"excerpt":{"rendered":"<p>Cum sunt alese cotele \u0219i unde pute\u021bi g\u0103si rezultatele la Platinum Keno Platinum Keno este pe cale s\u0103 devin\u0103 unul dintre cele mai populare jocuri de tip loterie. \u00cen cur\u00e2nd, juc\u0103torii se vor putea bucura de toat\u0103 distrac\u021bia oferit\u0103 de Keno tradi\u021bional din confortul propriilor ecrane, datorit\u0103 extragerilor rapide, regulilor clare \u0219i u\u0219urin\u021bei de a [&hellip;]<\/p>\n","protected":false},"author":8,"featured_media":0,"parent":84431,"menu_order":41,"comment_status":"closed","ping_status":"closed","template":"","meta":{"_et_pb_use_builder":"","_et_pb_old_content":"","_et_gb_content_width":"","exclude_from_search":false,"footnotes":""},"class_list":["post-102011","page","type-page","status-publish","hentry"],"yoast_head":"<!-- This site is optimized with the Yoast SEO plugin v23.8 - https:\/\/yoast.com\/wordpress\/plugins\/seo\/ -->\n<title>Rezultatele loteriei Keno pentru aceast\u0103 extragere zilnic\u0103 online Keno de 5 milioane de euro<\/title>\n<meta name=\"description\" content=\"Aceast\u0103 loterie Keno organizeaz\u0103 zilnic o extragere cu un premiu maxim de 5 milioane de euro - afla\u021bi aici rezultatele extragerilor noastre Keno. Avem un joc Keno de 5 milioane de euro \u0219i unul de 10 milioane de euro.\" \/>\n<meta name=\"robots\" content=\"index, follow, max-snippet:-1, max-image-preview:large, max-video-preview:-1\" \/>\n<link rel=\"canonical\" href=\"https:\/\/redfoxlotto.com\/ro\/keno\/numerele-castigatoare-la-platinum-keno\/\" \/>\n<meta property=\"og:locale\" content=\"ro_RO\" \/>\n<meta property=\"og:type\" content=\"article\" \/>\n<meta property=\"og:title\" content=\"Rezultatele loteriei Keno pentru aceast\u0103 extragere zilnic\u0103 online Keno de 5 milioane de euro\" \/>\n<meta property=\"og:description\" content=\"Aceast\u0103 loterie Keno organizeaz\u0103 zilnic o extragere cu un premiu maxim de 5 milioane de euro - afla\u021bi aici rezultatele extragerilor noastre Keno. Avem un joc Keno de 5 milioane de euro \u0219i unul de 10 milioane de euro.\" \/>\n<meta property=\"og:url\" content=\"https:\/\/redfoxlotto.com\/ro\/keno\/numerele-castigatoare-la-platinum-keno\/\" \/>\n<meta property=\"og:site_name\" content=\"Get Tickets for the World\u2019s largest jackpots\" \/>\n<meta property=\"article:modified_time\" content=\"2026-01-09T10:27:03+00:00\" \/>\n<meta property=\"og:image\" content=\"https:\/\/redfoxlotto.com\/wp-content\/uploads\/2025\/03\/keno_card-300x300.jpg\" \/>\n<meta name=\"twitter:card\" content=\"summary_large_image\" \/>\n<meta name=\"twitter:label1\" content=\"Timp estimat pentru citire\" \/>\n\t<meta name=\"twitter:data1\" content=\"4 minute\" \/>\n<script type=\"application\/ld+json\" class=\"yoast-schema-graph\">{\"@context\":\"https:\/\/schema.org\",\"@graph\":[{\"@type\":\"WebPage\",\"@id\":\"https:\/\/redfoxlotto.com\/ro\/keno\/numerele-castigatoare-la-platinum-keno\/\",\"url\":\"https:\/\/redfoxlotto.com\/ro\/keno\/numerele-castigatoare-la-platinum-keno\/\",\"name\":\"Rezultatele loteriei Keno pentru aceast\u0103 extragere zilnic\u0103 online Keno de 5 milioane de euro\",\"isPartOf\":{\"@id\":\"https:\/\/redfoxlotto.com\/ro\/#website\"},\"primaryImageOfPage\":{\"@id\":\"https:\/\/redfoxlotto.com\/ro\/keno\/numerele-castigatoare-la-platinum-keno\/#primaryimage\"},\"image\":{\"@id\":\"https:\/\/redfoxlotto.com\/ro\/keno\/numerele-castigatoare-la-platinum-keno\/#primaryimage\"},\"thumbnailUrl\":\"https:\/\/redfoxlotto.com\/wp-content\/uploads\/2025\/03\/keno_card-300x300.jpg\",\"datePublished\":\"2025-05-22T08:53:38+00:00\",\"dateModified\":\"2026-01-09T10:27:03+00:00\",\"description\":\"Aceast\u0103 loterie Keno organizeaz\u0103 zilnic o extragere cu un premiu maxim de 5 milioane de euro - afla\u021bi aici rezultatele extragerilor noastre Keno. Avem un joc Keno de 5 milioane de euro \u0219i unul de 10 milioane de euro.\",\"breadcrumb\":{\"@id\":\"https:\/\/redfoxlotto.com\/ro\/keno\/numerele-castigatoare-la-platinum-keno\/#breadcrumb\"},\"inLanguage\":\"ro-RO\",\"potentialAction\":[{\"@type\":\"ReadAction\",\"target\":[\"https:\/\/redfoxlotto.com\/ro\/keno\/numerele-castigatoare-la-platinum-keno\/\"]}]},{\"@type\":\"ImageObject\",\"inLanguage\":\"ro-RO\",\"@id\":\"https:\/\/redfoxlotto.com\/ro\/keno\/numerele-castigatoare-la-platinum-keno\/#primaryimage\",\"url\":\"https:\/\/redfoxlotto.com\/wp-content\/uploads\/2025\/03\/keno_card-300x300.jpg\",\"contentUrl\":\"https:\/\/redfoxlotto.com\/wp-content\/uploads\/2025\/03\/keno_card-300x300.jpg\"},{\"@type\":\"BreadcrumbList\",\"@id\":\"https:\/\/redfoxlotto.com\/ro\/keno\/numerele-castigatoare-la-platinum-keno\/#breadcrumb\",\"itemListElement\":[{\"@type\":\"ListItem\",\"position\":1,\"name\":\"Home\",\"item\":\"https:\/\/redfoxlotto.com\/ro\/\"},{\"@type\":\"ListItem\",\"position\":2,\"name\":\"Keno\",\"item\":\"https:\/\/redfoxlotto.com\/ro\/keno\/\"},{\"@type\":\"ListItem\",\"position\":3,\"name\":\"Numerele c\u00e2\u0219tig\u0103toare la Platinum Keno\"}]},{\"@type\":\"WebSite\",\"@id\":\"https:\/\/redfoxlotto.com\/ro\/#website\",\"url\":\"https:\/\/redfoxlotto.com\/ro\/\",\"name\":\"Get Tickets for the World\u2019s largest jackpots\",\"description\":\"Participate in worldwide lottery jackpots from any country\",\"publisher\":{\"@id\":\"https:\/\/redfoxlotto.com\/ro\/#organization\"},\"potentialAction\":[{\"@type\":\"SearchAction\",\"target\":{\"@type\":\"EntryPoint\",\"urlTemplate\":\"https:\/\/redfoxlotto.com\/ro\/?s={search_term_string}\"},\"query-input\":{\"@type\":\"PropertyValueSpecification\",\"valueRequired\":true,\"valueName\":\"search_term_string\"}}],\"inLanguage\":\"ro-RO\"},{\"@type\":\"Organization\",\"@id\":\"https:\/\/redfoxlotto.com\/ro\/#organization\",\"name\":\"Get Tickets for the World\u2019s largest jackpots\",\"url\":\"https:\/\/redfoxlotto.com\/ro\/\",\"logo\":{\"@type\":\"ImageObject\",\"inLanguage\":\"ro-RO\",\"@id\":\"https:\/\/redfoxlotto.com\/ro\/#\/schema\/logo\/image\/\",\"url\":\"https:\/\/redfoxlotto.com\/wp-content\/uploads\/2023\/04\/logo.png\",\"contentUrl\":\"https:\/\/redfoxlotto.com\/wp-content\/uploads\/2023\/04\/logo.png\",\"width\":269,\"height\":53,\"caption\":\"Get Tickets for the World\u2019s largest jackpots\"},\"image\":{\"@id\":\"https:\/\/redfoxlotto.com\/ro\/#\/schema\/logo\/image\/\"}}]}<\/script>\n<!-- \/ Yoast SEO plugin. -->","yoast_head_json":{"title":"Rezultatele loteriei Keno pentru aceast\u0103 extragere zilnic\u0103 online Keno de 5 milioane de euro","description":"Aceast\u0103 loterie Keno organizeaz\u0103 zilnic o extragere cu un premiu maxim de 5 milioane de euro - afla\u021bi aici rezultatele extragerilor noastre Keno. Avem un joc Keno de 5 milioane de euro \u0219i unul de 10 milioane de euro.","robots":{"index":"index","follow":"follow","max-snippet":"max-snippet:-1","max-image-preview":"max-image-preview:large","max-video-preview":"max-video-preview:-1"},"canonical":"https:\/\/redfoxlotto.com\/ro\/keno\/numerele-castigatoare-la-platinum-keno\/","og_locale":"ro_RO","og_type":"article","og_title":"Rezultatele loteriei Keno pentru aceast\u0103 extragere zilnic\u0103 online Keno de 5 milioane de euro","og_description":"Aceast\u0103 loterie Keno organizeaz\u0103 zilnic o extragere cu un premiu maxim de 5 milioane de euro - afla\u021bi aici rezultatele extragerilor noastre Keno. Avem un joc Keno de 5 milioane de euro \u0219i unul de 10 milioane de euro.","og_url":"https:\/\/redfoxlotto.com\/ro\/keno\/numerele-castigatoare-la-platinum-keno\/","og_site_name":"Get Tickets for the World\u2019s largest jackpots","article_modified_time":"2026-01-09T10:27:03+00:00","og_image":[{"url":"https:\/\/redfoxlotto.com\/wp-content\/uploads\/2025\/03\/keno_card-300x300.jpg"}],"twitter_card":"summary_large_image","twitter_misc":{"Timp estimat pentru citire":"4 minute"},"schema":{"@context":"https:\/\/schema.org","@graph":[{"@type":"WebPage","@id":"https:\/\/redfoxlotto.com\/ro\/keno\/numerele-castigatoare-la-platinum-keno\/","url":"https:\/\/redfoxlotto.com\/ro\/keno\/numerele-castigatoare-la-platinum-keno\/","name":"Rezultatele loteriei Keno pentru aceast\u0103 extragere zilnic\u0103 online Keno de 5 milioane de euro","isPartOf":{"@id":"https:\/\/redfoxlotto.com\/ro\/#website"},"primaryImageOfPage":{"@id":"https:\/\/redfoxlotto.com\/ro\/keno\/numerele-castigatoare-la-platinum-keno\/#primaryimage"},"image":{"@id":"https:\/\/redfoxlotto.com\/ro\/keno\/numerele-castigatoare-la-platinum-keno\/#primaryimage"},"thumbnailUrl":"https:\/\/redfoxlotto.com\/wp-content\/uploads\/2025\/03\/keno_card-300x300.jpg","datePublished":"2025-05-22T08:53:38+00:00","dateModified":"2026-01-09T10:27:03+00:00","description":"Aceast\u0103 loterie Keno organizeaz\u0103 zilnic o extragere cu un premiu maxim de 5 milioane de euro - afla\u021bi aici rezultatele extragerilor noastre Keno. Avem un joc Keno de 5 milioane de euro \u0219i unul de 10 milioane de euro.","breadcrumb":{"@id":"https:\/\/redfoxlotto.com\/ro\/keno\/numerele-castigatoare-la-platinum-keno\/#breadcrumb"},"inLanguage":"ro-RO","potentialAction":[{"@type":"ReadAction","target":["https:\/\/redfoxlotto.com\/ro\/keno\/numerele-castigatoare-la-platinum-keno\/"]}]},{"@type":"ImageObject","inLanguage":"ro-RO","@id":"https:\/\/redfoxlotto.com\/ro\/keno\/numerele-castigatoare-la-platinum-keno\/#primaryimage","url":"https:\/\/redfoxlotto.com\/wp-content\/uploads\/2025\/03\/keno_card-300x300.jpg","contentUrl":"https:\/\/redfoxlotto.com\/wp-content\/uploads\/2025\/03\/keno_card-300x300.jpg"},{"@type":"BreadcrumbList","@id":"https:\/\/redfoxlotto.com\/ro\/keno\/numerele-castigatoare-la-platinum-keno\/#breadcrumb","itemListElement":[{"@type":"ListItem","position":1,"name":"Home","item":"https:\/\/redfoxlotto.com\/ro\/"},{"@type":"ListItem","position":2,"name":"Keno","item":"https:\/\/redfoxlotto.com\/ro\/keno\/"},{"@type":"ListItem","position":3,"name":"Numerele c\u00e2\u0219tig\u0103toare la Platinum Keno"}]},{"@type":"WebSite","@id":"https:\/\/redfoxlotto.com\/ro\/#website","url":"https:\/\/redfoxlotto.com\/ro\/","name":"Get Tickets for the World\u2019s largest jackpots","description":"Participate in worldwide lottery jackpots from any country","publisher":{"@id":"https:\/\/redfoxlotto.com\/ro\/#organization"},"potentialAction":[{"@type":"SearchAction","target":{"@type":"EntryPoint","urlTemplate":"https:\/\/redfoxlotto.com\/ro\/?s={search_term_string}"},"query-input":{"@type":"PropertyValueSpecification","valueRequired":true,"valueName":"search_term_string"}}],"inLanguage":"ro-RO"},{"@type":"Organization","@id":"https:\/\/redfoxlotto.com\/ro\/#organization","name":"Get Tickets for the World\u2019s largest jackpots","url":"https:\/\/redfoxlotto.com\/ro\/","logo":{"@type":"ImageObject","inLanguage":"ro-RO","@id":"https:\/\/redfoxlotto.com\/ro\/#\/schema\/logo\/image\/","url":"https:\/\/redfoxlotto.com\/wp-content\/uploads\/2023\/04\/logo.png","contentUrl":"https:\/\/redfoxlotto.com\/wp-content\/uploads\/2023\/04\/logo.png","width":269,"height":53,"caption":"Get Tickets for the World\u2019s largest jackpots"},"image":{"@id":"https:\/\/redfoxlotto.com\/ro\/#\/schema\/logo\/image\/"}}]}},"_links":{"self":[{"href":"https:\/\/redfoxlotto.com\/ro\/wp-json\/wp\/v2\/pages\/102011","targetHints":{"allow":["GET"]}}],"collection":[{"href":"https:\/\/redfoxlotto.com\/ro\/wp-json\/wp\/v2\/pages"}],"about":[{"href":"https:\/\/redfoxlotto.com\/ro\/wp-json\/wp\/v2\/types\/page"}],"author":[{"embeddable":true,"href":"https:\/\/redfoxlotto.com\/ro\/wp-json\/wp\/v2\/users\/8"}],"replies":[{"embeddable":true,"href":"https:\/\/redfoxlotto.com\/ro\/wp-json\/wp\/v2\/comments?post=102011"}],"version-history":[{"count":0,"href":"https:\/\/redfoxlotto.com\/ro\/wp-json\/wp\/v2\/pages\/102011\/revisions"}],"up":[{"embeddable":true,"href":"https:\/\/redfoxlotto.com\/ro\/wp-json\/wp\/v2\/pages\/84431"}],"wp:attachment":[{"href":"https:\/\/redfoxlotto.com\/ro\/wp-json\/wp\/v2\/media?parent=102011"}],"curies":[{"name":"wp","href":"https:\/\/api.w.org\/{rel}","templated":true}]}}