{"id":87606,"date":"2025-05-19T09:07:38","date_gmt":"2025-05-19T09:07:38","guid":{"rendered":"https:\/\/redfoxlotto.com\/?page_id=87606"},"modified":"2025-12-17T06:57:13","modified_gmt":"2025-12-17T06:57:13","slug":"euromillions-eu","status":"publish","type":"page","link":"https:\/\/redfoxlotto.com\/pt-pt\/jogar\/euromillions-eu\/","title":{"rendered":"Jogar Euromilh\u00f5es UE"},"content":{"rendered":"<p><script type=\"application\/ld+json\">\n{\n  \"@context\": \"https:\/\/schema.org\",\n  \"@type\": \"Service\",\n  \"name\": \"Jogue Euromillions Online\",\n  \"url\": \"https:\/\/redfoxlotto.com\/pt-pt\/jogar\/euromillions\/\",\n  \"description\": \"Jogue a lotaria Euromillions online de qualquer pa\u00eds. Visite o RedFoxLotto, escolha os seus n\u00fameros e obtenha os seus bilhetes.\",\n  \"serviceType\": \"Online lottery ticket messenger service\",\n  \"provider\": {\n    \"@type\": \"Organization\",\n    \"name\": \"RedFoxLotto\",\n    \"url\": \"https:\/\/redfoxlotto.com\/pt-pt\/\",\n    \"image\": \"https:\/\/redfoxlotto.com\/wp-content\/uploads\/2025\/12\/ticket_scans.jpg\",\n    \"sameAs\": []\n  },\n  \"areaServed\": \"Worldwide\",\n  \"termsOfService\": \"https:\/\/redfoxlotto.com\/terms-and-conditions\",\n  \"additionalProperty\": {\n    \"@type\": \"PropertyValue\",\n    \"name\": \"FAQ\",\n    \"value\": \"https:\/\/redfoxlotto.com\/pt-pt\/faq\/\"\n  },\n  \"hasOfferCatalog\": {\n    \"@type\": \"OfferCatalog\",\n    \"name\": \"Bilhetes Euromillions\",\n    \"itemListElement\": [\n      {\n        \"@type\": \"Offer\",\n        \"name\": \"Bilhetes Euromillions\",\n        \"url\": \"https:\/\/redfoxlotto.com\/pt-pt\/jogar\/euromillions\/\",\n        \"description\": \"Clique aqui para selecionar os seus n\u00fameros para o pr\u00f3ximo sorteio Euromillions \u2013 encomende os bilhetes online.\",\n        \"price\": \"7.00\",\n        \"priceCurrency\": \"EUR\",\n        \"availability\": \"https:\/\/schema.org\/InStock\",\n        \"itemOffered\": {\n          \"@type\": \"Service\",\n          \"name\": \"Bilhetes Euromillions\",\n          \"description\": \"Jogue no pr\u00f3ximo sorteio Euromillions atrav\u00e9s do RedFoxLotto.\"\n        }\n      }\n    ]\n  },\n  \"mainEntityOfPage\": {\n    \"@type\": \"WebPage\",\n    \"@id\": \"https:\/\/redfoxlotto.com\/pt-pt\/jogar\/euromillions\/\"\n  }\n}\n<\/script><\/p>\n<p><img loading=\"lazy\" decoding=\"async\" class=\" wp-image-67116 alignleft\" src=\"https:\/\/redfoxlotto.com\/wp-content\/uploads\/2024\/03\/Balls-300x300.png\" alt=\"euromillions austria\" width=\"244\" height=\"244\" \/><\/p>\n<h2 data-start=\"55\" data-end=\"107\">Introdu\u00e7\u00e3o: O que \u00e9 o EuroMillions EU (\u00c1ustria)?<\/h2>\n<p data-start=\"109\" data-end=\"336\">O EuroMillions EU (\u00c1ustria) \u00e9 uma das lotarias mais populares e ricas da Europa. Lan\u00e7ada em 2004, \u00e9 oficialmente jogada em nove pa\u00edses europeus: Fran\u00e7a, Espanha, \u00c1ustria, B\u00e9lgica, Irlanda, Luxemburgo, Portugal, Su\u00ed\u00e7a e Andorra.<\/p>\n<p data-start=\"338\" data-end=\"644\">E se n\u00e3o viver na Europa ou num pa\u00eds participante do EuroMillions? Pode ainda assim participar e ter a hip\u00f3tese de ganhar um jackpot que muda vidas? A resposta \u00e9 sim \u2013 pode comprar bilhetes do EuroMillions EU (\u00c1ustria) online fora da UE atrav\u00e9s do site RedFoxLotto.com, a partir de qualquer parte do mundo.<\/p>\n<h2 data-start=\"646\" data-end=\"693\">Como jogar o EuroMillions online fora da UE<\/h2>\n<p data-start=\"695\" data-end=\"912\">Se o seu pa\u00eds n\u00e3o participa, n\u00e3o poder\u00e1 comprar bilhetes localmente. No entanto, com o apoio de um servi\u00e7o de intermedia\u00e7\u00e3o fi\u00e1vel como o RedFoxLotto, poder\u00e1 comprar bilhetes leg\u00edtimos remotamente. Veja como funciona:<\/p>\n<ol data-start=\"914\" data-end=\"1246\">\n<li data-start=\"914\" data-end=\"945\">\n<p data-start=\"917\" data-end=\"945\">Visite <a class=\"\" href=\"http:\/\/www.RedFoxLotto.com\" target=\"_new\" rel=\"noopener\" data-start=\"924\" data-end=\"943\">www.RedFoxLotto.com<\/a><\/p>\n<\/li>\n<li data-start=\"946\" data-end=\"997\">\n<p data-start=\"949\" data-end=\"997\">Escolha o sorteio do EuroMillions EU (\u00c1ustria)<\/p>\n<\/li>\n<li data-start=\"998\" data-end=\"1064\">\n<p data-start=\"1001\" data-end=\"1064\">Selecione os seus n\u00fameros ou utilize a op\u00e7\u00e3o \u201cEscolha R\u00e1pida\u201d<\/p>\n<\/li>\n<li data-start=\"1065\" data-end=\"1160\">\n<p data-start=\"1068\" data-end=\"1160\">Finalize a sua encomenda \u2013 um agente local na \u00c1ustria comprar\u00e1 um bilhete real em seu nome<\/p>\n<\/li>\n<li data-start=\"1161\" data-end=\"1246\">\n<p data-start=\"1164\" data-end=\"1246\">Uma c\u00f3pia digitalizada do bilhete ser\u00e1 carregada na sua conta como prova de compra<\/p>\n<\/li>\n<\/ol>\n<p data-start=\"1248\" data-end=\"1391\">\u00c9 100% legal e uma forma segura de participar na vers\u00e3o oficial do EuroMillions EU (\u00c1ustria), quer viva na \u00c1sia, \u00c1frica, Am\u00e9ricas ou Austr\u00e1lia.<\/p>\n<h2 data-start=\"1393\" data-end=\"1462\">Diferen\u00e7as entre o EuroMillions EU (\u00c1ustria) e a vers\u00e3o brit\u00e2nica<\/h2>\n<p data-start=\"1464\" data-end=\"1610\">Existem duas vers\u00f5es distintas: EuroMillions EU e EuroMillions do Reino Unido. Ambas fazem parte da mesma fam\u00edlia, mas diferem em v\u00e1rios aspectos.<\/p>\n<p data-start=\"1612\" data-end=\"1781\">Os bilhetes brit\u00e2nicos s\u00e3o mais caros, principalmente devido ao jogo adicional \u201cMillionaire Maker\u201d, que garante que um bilhete brit\u00e2nico ganhe \u00a31 milh\u00e3o em cada sorteio.<\/p>\n<p data-start=\"1783\" data-end=\"1926\">A vers\u00e3o do Reino Unido tamb\u00e9m tem uma estrutura de pr\u00e9mios diferente e os seus lucros s\u00e3o afectados por custos regulat\u00f3rios e taxas de c\u00e2mbio.<\/p>\n<p data-start=\"1928\" data-end=\"2134\">Ao jogar atrav\u00e9s do RedFoxLotto, est\u00e1 a participar na vers\u00e3o EU (\u00c1ustria) \u2013 n\u00e3o na vers\u00e3o brit\u00e2nica. Esta vers\u00e3o n\u00e3o inclui o \u201cMillionaire Maker\u201d, o que torna os bilhetes mais baratos e o jogo mais simples.<\/p>\n<h2 data-start=\"2136\" data-end=\"2171\">Onde s\u00e3o comprados os bilhetes?<\/h2>\n<p data-start=\"2173\" data-end=\"2369\">Todos os bilhetes do EuroMillions (vers\u00e3o EU) adquiridos no RedFoxLotto s\u00e3o comprados fisicamente na \u00c1ustria \u2013 um dos pa\u00edses oficialmente participantes e idealmente localizado no centro da Europa.<\/p>\n<h2 data-start=\"2371\" data-end=\"2392\">Porqu\u00ea a \u00c1ustria?<\/h2>\n<p data-start=\"2394\" data-end=\"2564\">A \u00c1ustria \u00e9 membro da Uni\u00e3o Europeia, o que garante acesso ao sorteio original do EuroMillions EU. Os bilhetes s\u00e3o geridos sob regras rigorosas e com total transpar\u00eancia.<\/p>\n<p data-start=\"2566\" data-end=\"2809\">Al\u00e9m disso, os pr\u00e9mios ganhos em lotarias na \u00c1ustria s\u00e3o, atualmente, isentos de impostos \u2013 uma enorme vantagem para jogadores internacionais. Assim que o seu bilhete for comprado, uma c\u00f3pia digitalizada ser\u00e1 carregada na sua conta como prova.<\/p>\n<h2 data-start=\"2811\" data-end=\"2869\">Informa\u00e7\u00f5es sobre o jackpot: pr\u00e9mios m\u00ednimos e m\u00e1ximos<\/h2>\n<p data-start=\"2871\" data-end=\"3002\">Uma das principais raz\u00f5es pelas quais jogadores de todo o mundo querem jogar o EuroMillions online \u00e9 o tamanho enorme dos jackpots.<\/p>\n<p data-start=\"3004\" data-end=\"3023\">Veja como funciona:<\/p>\n<ul data-start=\"3025\" data-end=\"3114\">\n<li data-start=\"3025\" data-end=\"3064\">\n<p data-start=\"3027\" data-end=\"3064\">Jackpot m\u00ednimo: 17 milh\u00f5es de euros<\/p>\n<\/li>\n<li data-start=\"3065\" data-end=\"3114\">\n<p data-start=\"3067\" data-end=\"3114\">Jackpot m\u00e1ximo (limite): 250 milh\u00f5es de euros<\/p>\n<\/li>\n<\/ul>\n<p data-start=\"3116\" data-end=\"3202\">Se n\u00e3o houver vencedor, o pr\u00e9mio acumula para o sorteio seguinte e cresce rapidamente.<\/p>\n<h2 data-start=\"3204\" data-end=\"3271\">O que acontece quando o jackpot atinge os 200 milh\u00f5es de euros?<\/h2>\n<p data-start=\"3273\" data-end=\"3320\">Quando o pr\u00e9mio atinge os 200 milh\u00f5es de euros:<\/p>\n<ul data-start=\"3322\" data-end=\"3430\">\n<li data-start=\"3322\" data-end=\"3381\">\n<p data-start=\"3324\" data-end=\"3381\">O jackpot aumenta em incrementos de 10 milh\u00f5es de euros<\/p>\n<\/li>\n<li data-start=\"3382\" data-end=\"3430\">\n<p data-start=\"3384\" data-end=\"3430\">At\u00e9 atingir o limite de 250 milh\u00f5es de euros<\/p>\n<\/li>\n<\/ul>\n<h2 data-start=\"3432\" data-end=\"3476\">E quando chega aos 250 milh\u00f5es de euros?<\/h2>\n<p data-start=\"3478\" data-end=\"3667\">Uma vez atingido o limite, o jackpot pode manter-se nesse valor durante quatro sorteios adicionais. Se continuar sem vencedor, o montante total ser\u00e1 atribu\u00eddo ao pr\u00f3ximo escal\u00e3o de pr\u00e9mios.<\/p>\n<p data-start=\"3669\" data-end=\"3788\">Estas regras tornam o EuroMillions EU (\u00c1ustria) uma das lotarias mais emocionantes e favor\u00e1veis aos jogadores no mundo.<\/p>\n<h2 data-start=\"3790\" data-end=\"3841\">Porqu\u00ea jogar o EuroMillions EU (\u00c1ustria) online<\/h2>\n<p data-start=\"3843\" data-end=\"3906\">Especialmente se vive fora da UE, existem v\u00e1rias raz\u00f5es fortes:<\/p>\n<ul data-start=\"3908\" data-end=\"4198\">\n<li data-start=\"3908\" data-end=\"3977\">\n<p data-start=\"3910\" data-end=\"3977\">Acesso global: qualquer pessoa pode participar, em qualquer lugar<\/p>\n<\/li>\n<li data-start=\"3978\" data-end=\"4054\">\n<p data-start=\"3980\" data-end=\"4054\">Conveni\u00eancia: compre os seus bilhetes a qualquer hora, de qualquer local<\/p>\n<\/li>\n<li data-start=\"4055\" data-end=\"4086\">\n<p data-start=\"4057\" data-end=\"4086\">Prova digital da sua compra<\/p>\n<\/li>\n<li data-start=\"4087\" data-end=\"4151\">\n<p data-start=\"4089\" data-end=\"4151\">Vantagens fiscais: na \u00c1ustria, os pr\u00e9mios n\u00e3o s\u00e3o tributados<\/p>\n<\/li>\n<li data-start=\"4152\" data-end=\"4198\">\n<p data-start=\"4154\" data-end=\"4198\">Jackpots enormes: at\u00e9 250 milh\u00f5es de euros<\/p>\n<\/li>\n<\/ul>\n<h2 data-start=\"4200\" data-end=\"4224\">Considera\u00e7\u00f5es finais<\/h2>\n<p data-start=\"4226\" data-end=\"4412\">N\u00e3o \u00e9 necess\u00e1rio viver em Fran\u00e7a, Espanha ou Portugal para jogar o EuroMillions EU (\u00c1ustria). Hoje em dia, com a internet, pode jogar mesmo fora da UE e concorrer a jackpots recordistas.<\/p>\n<p data-start=\"4414\" data-end=\"4648\">Seja para se tornar o pr\u00f3ximo milion\u00e1rio europeu ou apenas pelo prazer de jogar, participar atrav\u00e9s do RedFoxLotto.com \u00e9 simples. Escolha os seus n\u00fameros da sorte e jogue online hoje mesmo \u2013 talvez o pr\u00f3ximo grande vencedor seja voc\u00ea!<\/p>\n","protected":false},"excerpt":{"rendered":"<p>Introdu\u00e7\u00e3o: O que \u00e9 o EuroMillions EU (\u00c1ustria)? O EuroMillions EU (\u00c1ustria) \u00e9 uma das lotarias mais populares e ricas da Europa. Lan\u00e7ada em 2004, \u00e9 oficialmente jogada em nove pa\u00edses europeus: Fran\u00e7a, Espanha, \u00c1ustria, B\u00e9lgica, Irlanda, Luxemburgo, Portugal, Su\u00ed\u00e7a e Andorra. E se n\u00e3o viver na Europa ou num pa\u00eds participante do EuroMillions? Pode [&hellip;]<\/p>\n","protected":false},"author":8,"featured_media":0,"parent":1021,"menu_order":4,"comment_status":"closed","ping_status":"closed","template":"euromillions-at.php","meta":{"_et_pb_use_builder":"","_et_pb_old_content":"","_et_gb_content_width":"","exclude_from_search":false,"footnotes":""},"class_list":["post-87606","page","type-page","status-publish","hentry"],"yoast_head":"<!-- This site is optimized with the Yoast SEO plugin v23.8 - https:\/\/yoast.com\/wordpress\/plugins\/seo\/ -->\n<title>Jogar Euromilh\u00f5es online de fora da UE<\/title>\n<meta name=\"description\" content=\"Como jogar no Euromilh\u00f5es online fora da UE, ou se o seu pa\u00eds n\u00e3o participar no Euromilh\u00f5es\" \/>\n<meta name=\"robots\" content=\"index, follow, max-snippet:-1, max-image-preview:large, max-video-preview:-1\" \/>\n<link rel=\"canonical\" href=\"https:\/\/redfoxlotto.com\/pt-pt\/jogar\/euromillions-eu\/\" \/>\n<meta property=\"og:locale\" content=\"pt_PT\" \/>\n<meta property=\"og:type\" content=\"article\" \/>\n<meta property=\"og:title\" content=\"Jogar Euromilh\u00f5es online de fora da UE\" \/>\n<meta property=\"og:description\" content=\"Como jogar no Euromilh\u00f5es online fora da UE, ou se o seu pa\u00eds n\u00e3o participar no Euromilh\u00f5es\" \/>\n<meta property=\"og:url\" content=\"https:\/\/redfoxlotto.com\/pt-pt\/jogar\/euromillions-eu\/\" \/>\n<meta property=\"og:site_name\" content=\"Get Tickets for the World\u2019s largest jackpots\" \/>\n<meta property=\"article:modified_time\" content=\"2025-12-17T06:57:13+00:00\" \/>\n<meta property=\"og:image\" content=\"https:\/\/redfoxlotto.com\/wp-content\/uploads\/2024\/03\/Balls-300x300.png\" \/>\n<meta name=\"twitter:card\" content=\"summary_large_image\" \/>\n<meta name=\"twitter:label1\" content=\"Tempo estimado de leitura\" \/>\n\t<meta name=\"twitter:data1\" content=\"4 minutos\" \/>\n<script type=\"application\/ld+json\" class=\"yoast-schema-graph\">{\"@context\":\"https:\/\/schema.org\",\"@graph\":[{\"@type\":\"WebPage\",\"@id\":\"https:\/\/redfoxlotto.com\/pt-pt\/jogar\/euromillions-eu\/\",\"url\":\"https:\/\/redfoxlotto.com\/pt-pt\/jogar\/euromillions-eu\/\",\"name\":\"Jogar Euromilh\u00f5es online de fora da UE\",\"isPartOf\":{\"@id\":\"https:\/\/redfoxlotto.com\/pt-pt\/#website\"},\"primaryImageOfPage\":{\"@id\":\"https:\/\/redfoxlotto.com\/pt-pt\/jogar\/euromillions-eu\/#primaryimage\"},\"image\":{\"@id\":\"https:\/\/redfoxlotto.com\/pt-pt\/jogar\/euromillions-eu\/#primaryimage\"},\"thumbnailUrl\":\"https:\/\/redfoxlotto.com\/wp-content\/uploads\/2024\/03\/Balls-300x300.png\",\"datePublished\":\"2025-05-19T09:07:38+00:00\",\"dateModified\":\"2025-12-17T06:57:13+00:00\",\"description\":\"Como jogar no Euromilh\u00f5es online fora da UE, ou se o seu pa\u00eds n\u00e3o participar no Euromilh\u00f5es\",\"breadcrumb\":{\"@id\":\"https:\/\/redfoxlotto.com\/pt-pt\/jogar\/euromillions-eu\/#breadcrumb\"},\"inLanguage\":\"pt-PT\",\"potentialAction\":[{\"@type\":\"ReadAction\",\"target\":[\"https:\/\/redfoxlotto.com\/pt-pt\/jogar\/euromillions-eu\/\"]}]},{\"@type\":\"ImageObject\",\"inLanguage\":\"pt-PT\",\"@id\":\"https:\/\/redfoxlotto.com\/pt-pt\/jogar\/euromillions-eu\/#primaryimage\",\"url\":\"https:\/\/redfoxlotto.com\/wp-content\/uploads\/2024\/03\/Balls-300x300.png\",\"contentUrl\":\"https:\/\/redfoxlotto.com\/wp-content\/uploads\/2024\/03\/Balls-300x300.png\"},{\"@type\":\"BreadcrumbList\",\"@id\":\"https:\/\/redfoxlotto.com\/pt-pt\/jogar\/euromillions-eu\/#breadcrumb\",\"itemListElement\":[{\"@type\":\"ListItem\",\"position\":1,\"name\":\"Home\",\"item\":\"https:\/\/redfoxlotto.com\/pt-pt\/\"},{\"@type\":\"ListItem\",\"position\":2,\"name\":\"Compre bilhetes de lotaria online\",\"item\":\"https:\/\/redfoxlotto.com\/pt-pt\/jogar\/\"},{\"@type\":\"ListItem\",\"position\":3,\"name\":\"Jogar Euromilh\u00f5es UE\"}]},{\"@type\":\"WebSite\",\"@id\":\"https:\/\/redfoxlotto.com\/pt-pt\/#website\",\"url\":\"https:\/\/redfoxlotto.com\/pt-pt\/\",\"name\":\"Get Tickets for the World\u2019s largest jackpots\",\"description\":\"Participate in worldwide lottery jackpots from any country\",\"publisher\":{\"@id\":\"https:\/\/redfoxlotto.com\/pt-pt\/#organization\"},\"potentialAction\":[{\"@type\":\"SearchAction\",\"target\":{\"@type\":\"EntryPoint\",\"urlTemplate\":\"https:\/\/redfoxlotto.com\/pt-pt\/?s={search_term_string}\"},\"query-input\":{\"@type\":\"PropertyValueSpecification\",\"valueRequired\":true,\"valueName\":\"search_term_string\"}}],\"inLanguage\":\"pt-PT\"},{\"@type\":\"Organization\",\"@id\":\"https:\/\/redfoxlotto.com\/pt-pt\/#organization\",\"name\":\"Get Tickets for the World\u2019s largest jackpots\",\"url\":\"https:\/\/redfoxlotto.com\/pt-pt\/\",\"logo\":{\"@type\":\"ImageObject\",\"inLanguage\":\"pt-PT\",\"@id\":\"https:\/\/redfoxlotto.com\/pt-pt\/#\/schema\/logo\/image\/\",\"url\":\"https:\/\/redfoxlotto.com\/wp-content\/uploads\/2023\/04\/logo.png\",\"contentUrl\":\"https:\/\/redfoxlotto.com\/wp-content\/uploads\/2023\/04\/logo.png\",\"width\":269,\"height\":53,\"caption\":\"Get Tickets for the World\u2019s largest jackpots\"},\"image\":{\"@id\":\"https:\/\/redfoxlotto.com\/pt-pt\/#\/schema\/logo\/image\/\"}}]}<\/script>\n<!-- \/ Yoast SEO plugin. -->","yoast_head_json":{"title":"Jogar Euromilh\u00f5es online de fora da UE","description":"Como jogar no Euromilh\u00f5es online fora da UE, ou se o seu pa\u00eds n\u00e3o participar no Euromilh\u00f5es","robots":{"index":"index","follow":"follow","max-snippet":"max-snippet:-1","max-image-preview":"max-image-preview:large","max-video-preview":"max-video-preview:-1"},"canonical":"https:\/\/redfoxlotto.com\/pt-pt\/jogar\/euromillions-eu\/","og_locale":"pt_PT","og_type":"article","og_title":"Jogar Euromilh\u00f5es online de fora da UE","og_description":"Como jogar no Euromilh\u00f5es online fora da UE, ou se o seu pa\u00eds n\u00e3o participar no Euromilh\u00f5es","og_url":"https:\/\/redfoxlotto.com\/pt-pt\/jogar\/euromillions-eu\/","og_site_name":"Get Tickets for the World\u2019s largest jackpots","article_modified_time":"2025-12-17T06:57:13+00:00","og_image":[{"url":"https:\/\/redfoxlotto.com\/wp-content\/uploads\/2024\/03\/Balls-300x300.png"}],"twitter_card":"summary_large_image","twitter_misc":{"Tempo estimado de leitura":"4 minutos"},"schema":{"@context":"https:\/\/schema.org","@graph":[{"@type":"WebPage","@id":"https:\/\/redfoxlotto.com\/pt-pt\/jogar\/euromillions-eu\/","url":"https:\/\/redfoxlotto.com\/pt-pt\/jogar\/euromillions-eu\/","name":"Jogar Euromilh\u00f5es online de fora da UE","isPartOf":{"@id":"https:\/\/redfoxlotto.com\/pt-pt\/#website"},"primaryImageOfPage":{"@id":"https:\/\/redfoxlotto.com\/pt-pt\/jogar\/euromillions-eu\/#primaryimage"},"image":{"@id":"https:\/\/redfoxlotto.com\/pt-pt\/jogar\/euromillions-eu\/#primaryimage"},"thumbnailUrl":"https:\/\/redfoxlotto.com\/wp-content\/uploads\/2024\/03\/Balls-300x300.png","datePublished":"2025-05-19T09:07:38+00:00","dateModified":"2025-12-17T06:57:13+00:00","description":"Como jogar no Euromilh\u00f5es online fora da UE, ou se o seu pa\u00eds n\u00e3o participar no Euromilh\u00f5es","breadcrumb":{"@id":"https:\/\/redfoxlotto.com\/pt-pt\/jogar\/euromillions-eu\/#breadcrumb"},"inLanguage":"pt-PT","potentialAction":[{"@type":"ReadAction","target":["https:\/\/redfoxlotto.com\/pt-pt\/jogar\/euromillions-eu\/"]}]},{"@type":"ImageObject","inLanguage":"pt-PT","@id":"https:\/\/redfoxlotto.com\/pt-pt\/jogar\/euromillions-eu\/#primaryimage","url":"https:\/\/redfoxlotto.com\/wp-content\/uploads\/2024\/03\/Balls-300x300.png","contentUrl":"https:\/\/redfoxlotto.com\/wp-content\/uploads\/2024\/03\/Balls-300x300.png"},{"@type":"BreadcrumbList","@id":"https:\/\/redfoxlotto.com\/pt-pt\/jogar\/euromillions-eu\/#breadcrumb","itemListElement":[{"@type":"ListItem","position":1,"name":"Home","item":"https:\/\/redfoxlotto.com\/pt-pt\/"},{"@type":"ListItem","position":2,"name":"Compre bilhetes de lotaria online","item":"https:\/\/redfoxlotto.com\/pt-pt\/jogar\/"},{"@type":"ListItem","position":3,"name":"Jogar Euromilh\u00f5es UE"}]},{"@type":"WebSite","@id":"https:\/\/redfoxlotto.com\/pt-pt\/#website","url":"https:\/\/redfoxlotto.com\/pt-pt\/","name":"Get Tickets for the World\u2019s largest jackpots","description":"Participate in worldwide lottery jackpots from any country","publisher":{"@id":"https:\/\/redfoxlotto.com\/pt-pt\/#organization"},"potentialAction":[{"@type":"SearchAction","target":{"@type":"EntryPoint","urlTemplate":"https:\/\/redfoxlotto.com\/pt-pt\/?s={search_term_string}"},"query-input":{"@type":"PropertyValueSpecification","valueRequired":true,"valueName":"search_term_string"}}],"inLanguage":"pt-PT"},{"@type":"Organization","@id":"https:\/\/redfoxlotto.com\/pt-pt\/#organization","name":"Get Tickets for the World\u2019s largest jackpots","url":"https:\/\/redfoxlotto.com\/pt-pt\/","logo":{"@type":"ImageObject","inLanguage":"pt-PT","@id":"https:\/\/redfoxlotto.com\/pt-pt\/#\/schema\/logo\/image\/","url":"https:\/\/redfoxlotto.com\/wp-content\/uploads\/2023\/04\/logo.png","contentUrl":"https:\/\/redfoxlotto.com\/wp-content\/uploads\/2023\/04\/logo.png","width":269,"height":53,"caption":"Get Tickets for the World\u2019s largest jackpots"},"image":{"@id":"https:\/\/redfoxlotto.com\/pt-pt\/#\/schema\/logo\/image\/"}}]}},"_links":{"self":[{"href":"https:\/\/redfoxlotto.com\/pt-pt\/wp-json\/wp\/v2\/pages\/87606","targetHints":{"allow":["GET"]}}],"collection":[{"href":"https:\/\/redfoxlotto.com\/pt-pt\/wp-json\/wp\/v2\/pages"}],"about":[{"href":"https:\/\/redfoxlotto.com\/pt-pt\/wp-json\/wp\/v2\/types\/page"}],"author":[{"embeddable":true,"href":"https:\/\/redfoxlotto.com\/pt-pt\/wp-json\/wp\/v2\/users\/8"}],"replies":[{"embeddable":true,"href":"https:\/\/redfoxlotto.com\/pt-pt\/wp-json\/wp\/v2\/comments?post=87606"}],"version-history":[{"count":0,"href":"https:\/\/redfoxlotto.com\/pt-pt\/wp-json\/wp\/v2\/pages\/87606\/revisions"}],"up":[{"embeddable":true,"href":"https:\/\/redfoxlotto.com\/pt-pt\/wp-json\/wp\/v2\/pages\/1021"}],"wp:attachment":[{"href":"https:\/\/redfoxlotto.com\/pt-pt\/wp-json\/wp\/v2\/media?parent=87606"}],"curies":[{"name":"wp","href":"https:\/\/api.w.org\/{rel}","templated":true}]}}