{"id":85565,"date":"2025-02-25T17:29:04","date_gmt":"2025-02-25T17:29:04","guid":{"rendered":"https:\/\/redfoxlotto.com\/?page_id=85565"},"modified":"2025-04-21T07:55:28","modified_gmt":"2025-04-21T07:55:28","slug":"resultados-da-lotaria-de-nova-iorque","status":"publish","type":"page","link":"https:\/\/redfoxlotto.com\/pt-pt\/resultados\/resultados-da-lotaria-de-nova-iorque\/","title":{"rendered":"Resultados da Lotaria de Nova Iorque"},"content":{"rendered":"<h2>Os resultados mais recentes do sorteio da Lotaria de Nova Iorque.<\/h2>\n<p><img loading=\"lazy\" decoding=\"async\" class=\"size-full wp-image-48546 alignright\" src=\"https:\/\/redfoxlotto.com\/wp-content\/uploads\/2023\/04\/powerball-draw-youtube1-300x300-1.jpg\" alt=\"newyork lotto \" width=\"300\" height=\"300\" srcset=\"https:\/\/redfoxlotto.com\/wp-content\/uploads\/2023\/04\/powerball-draw-youtube1-300x300-1.jpg 300w, https:\/\/redfoxlotto.com\/wp-content\/uploads\/2023\/04\/powerball-draw-youtube1-300x300-1-100x100.jpg 100w, https:\/\/redfoxlotto.com\/wp-content\/uploads\/2023\/04\/powerball-draw-youtube1-300x300-1-150x150.jpg 150w\" sizes=\"auto, (max-width: 300px) 100vw, 300px\" \/><br \/>\nOs jogadores da loteria que est\u00e3o interessados nos resultados mais atuais da Loteria de Nova York podem aproveitar a plataforma do RedFoxLotto, que n\u00e3o \u00e9 apenas abrangente, mas tamb\u00e9m simples de usar. Para garantir que est\u00e1 sempre atualizado com as informa\u00e7\u00f5es mais recentes, o RedFoxLotto fornece-lhe as informa\u00e7\u00f5es mais recentes, independentemente de estar a olhar para o sorteio mais recente ou para combina\u00e7\u00f5es de n\u00fameros que ganharam no passado.<\/p>\n<h2>Possibilidade de aceder \u00e0s descobertas mais recentes<\/h2>\n<p>O site RedFoxLotto \u00e9 respons\u00e1vel por manter uma p\u00e1gina que \u00e9 exclusivamente dedicada aos resultados da Lotaria de Nova Iorque. Os utilizadores poder\u00e3o utilizar esta p\u00e1gina para recuperar os n\u00fameros vencedores dos sorteios mais recentes realizados. Isto garante que os jogadores t\u00eam acesso a todas as informa\u00e7\u00f5es pertinentes na ponta dos dedos, fornecendo-lhes informa\u00e7\u00f5es completas sobre uma s\u00e9rie de jogos, fornecendo-lhes estas informa\u00e7\u00f5es.<\/p>\n<h2>Carater\u00edsticas e vantagens do produto<\/h2>\n<h3>Colec\u00e7\u00f5es completas de arquivos:<\/h3>\n<p>Os utilizadores do RedFoxLotto t\u00eam acesso a um arquivo de n\u00fameros vencedores anteriores, para al\u00e9m dos resultados mais recentes da lotaria. Os utilizadores podem investigar padr\u00f5es ou verificar os resultados de n\u00fameros vencedores anteriores utilizando este arquivo.<\/p>\n<p>Jogadores de todo o mundo podem participar da Loteria de Nova York utilizando a plataforma fornecida pelo RedFoxLotto.com. Esta acessibilidade permite a participa\u00e7\u00e3o de jogadores de todo o mundo. Com isso, \u00e9 muito mais simples para indiv\u00edduos de outras na\u00e7\u00f5es participarem de loterias que s\u00e3o realizadas nos Estados Unidos.<\/p>\n<p>As transac\u00e7\u00f5es seguras do RedFoxLotto garantem a seguran\u00e7a de todas as transac\u00e7\u00f5es financeiras, permitindo aos utilizadores comprar bilhetes online sem qualquer tipo de preocupa\u00e7\u00e3o. Isto tornou poss\u00edvel aos utilizadores a compra de bilhetes online.<\/p>\n<h3>Alertas que s\u00e3o gerados automaticamente:<\/h3>\n<p>No caso de um utilizador ser bem sucedido, ser\u00e1 imediatamente notificado, o que reduz a necessidade de um indiv\u00edduo verificar manualmente os resultados.<\/p>\n<h2>Come\u00e7ar: Um guia passo-a-passo<\/h2>\n<p>Supondo que voc\u00ea visite o site, v\u00e1 at\u00e9 a p\u00e1gina da Loteria de Nova York no RedFoxLotto seguindo o link fornecido. https:\/\/redfoxlotto.com\/results\/new-york-lottery\/<\/p>\n<p>Para criar uma conta de utilizador, ao registar-se, poder\u00e1 obter acesso a todos os servi\u00e7os, incluindo as oportunidades de comprar bilhetes e receber notifica\u00e7\u00f5es sobre os resultados.<\/p>\n<p>Para comprar bilhetes para os pr\u00f3ximos sorteios, pode selecionar os seus n\u00fameros preferidos ou utilizar a op\u00e7\u00e3o de escolha r\u00e1pida. Al\u00e9m disso, tem a possibilidade de selecionar a op\u00e7\u00e3o de escolha r\u00e1pida.<\/p>\n<p>Ap\u00f3s a realiza\u00e7\u00e3o do sorteio, deve voltar ao s\u00edtio Web para verificar os n\u00fameros vencedores mais recentes e decidir se \u00e9 ou n\u00e3o um vencedor.<\/p>\n<p>Atrav\u00e9s do fornecimento de um meio confi\u00e1vel e eficiente para acompanhar os resultados mais recentes e para gerenciar suas a\u00e7\u00f5es relacionadas \u00e0 loteria, o RedFoxLotto torna o processo de participa\u00e7\u00e3o na Loteria de Nova York mais simples.<\/p>\n","protected":false},"excerpt":{"rendered":"<p>Os resultados mais recentes do sorteio da Lotaria de Nova Iorque. Os jogadores da loteria que est\u00e3o interessados nos resultados mais atuais da Loteria de Nova York podem aproveitar a plataforma do RedFoxLotto, que n\u00e3o \u00e9 apenas abrangente, mas tamb\u00e9m simples de usar. Para garantir que est\u00e1 sempre atualizado com as informa\u00e7\u00f5es mais recentes, o [&hellip;]<\/p>\n","protected":false},"author":8,"featured_media":0,"parent":1011,"menu_order":18,"comment_status":"closed","ping_status":"closed","template":"newyork-results.php","meta":{"_et_pb_use_builder":"","_et_pb_old_content":"","_et_gb_content_width":"","exclude_from_search":false,"footnotes":""},"class_list":["post-85565","page","type-page","status-publish","hentry"],"yoast_head":"<!-- This site is optimized with the Yoast SEO plugin v27.3 - https:\/\/yoast.com\/product\/yoast-seo-wordpress\/ -->\n<title>N\u00fameros ganhadores da Loteria de Nova York | Resultados da Loteria de Nova York da \u00faltima noite<\/title>\n<meta name=\"description\" content=\"Se estiver \u00e0 procura dos n\u00fameros vencedores da Lotaria de Nova Iorque de ontem \u00e0 noite, ou de resultados mais antigos, ir\u00e1 encontr\u00e1-los todos no nosso site\" \/>\n<meta name=\"robots\" content=\"index, follow, max-snippet:-1, max-image-preview:large, max-video-preview:-1\" \/>\n<link rel=\"canonical\" href=\"https:\/\/redfoxlotto.com\/pt-pt\/resultados\/resultados-da-lotaria-de-nova-iorque\/\" \/>\n<meta property=\"og:locale\" content=\"pt_PT\" \/>\n<meta property=\"og:type\" content=\"article\" \/>\n<meta property=\"og:title\" content=\"N\u00fameros ganhadores da Loteria de Nova York | Resultados da Loteria de Nova York da \u00faltima noite\" \/>\n<meta property=\"og:description\" content=\"Se estiver \u00e0 procura dos n\u00fameros vencedores da Lotaria de Nova Iorque de ontem \u00e0 noite, ou de resultados mais antigos, ir\u00e1 encontr\u00e1-los todos no nosso site\" \/>\n<meta property=\"og:url\" content=\"https:\/\/redfoxlotto.com\/pt-pt\/resultados\/resultados-da-lotaria-de-nova-iorque\/\" \/>\n<meta property=\"og:site_name\" content=\"Get Tickets for the World\u2019s largest jackpots\" \/>\n<meta property=\"article:modified_time\" content=\"2025-04-21T07:55:28+00:00\" \/>\n<meta property=\"og:image\" content=\"https:\/\/redfoxlotto.com\/wp-content\/uploads\/2023\/04\/powerball-draw-youtube1-300x300-1.jpg\" \/>\n<meta name=\"twitter:card\" content=\"summary_large_image\" \/>\n<meta name=\"twitter:label1\" content=\"Tempo estimado de leitura\" \/>\n\t<meta name=\"twitter:data1\" content=\"3 minutos\" \/>\n<script type=\"application\/ld+json\" class=\"yoast-schema-graph\">{\"@context\":\"https:\\\/\\\/schema.org\",\"@graph\":[{\"@type\":\"WebPage\",\"@id\":\"https:\\\/\\\/redfoxlotto.com\\\/pt-pt\\\/resultados\\\/resultados-da-lotaria-de-nova-iorque\\\/\",\"url\":\"https:\\\/\\\/redfoxlotto.com\\\/pt-pt\\\/resultados\\\/resultados-da-lotaria-de-nova-iorque\\\/\",\"name\":\"N\u00fameros ganhadores da Loteria de Nova York | Resultados da Loteria de Nova York da \u00faltima noite\",\"isPartOf\":{\"@id\":\"https:\\\/\\\/redfoxlotto.com\\\/pt-pt\\\/#website\"},\"primaryImageOfPage\":{\"@id\":\"https:\\\/\\\/redfoxlotto.com\\\/pt-pt\\\/resultados\\\/resultados-da-lotaria-de-nova-iorque\\\/#primaryimage\"},\"image\":{\"@id\":\"https:\\\/\\\/redfoxlotto.com\\\/pt-pt\\\/resultados\\\/resultados-da-lotaria-de-nova-iorque\\\/#primaryimage\"},\"thumbnailUrl\":\"https:\\\/\\\/redfoxlotto.com\\\/wp-content\\\/uploads\\\/2023\\\/04\\\/powerball-draw-youtube1-300x300-1.jpg\",\"datePublished\":\"2025-02-25T17:29:04+00:00\",\"dateModified\":\"2025-04-21T07:55:28+00:00\",\"description\":\"Se estiver \u00e0 procura dos n\u00fameros vencedores da Lotaria de Nova Iorque de ontem \u00e0 noite, ou de resultados mais antigos, ir\u00e1 encontr\u00e1-los todos no nosso site\",\"breadcrumb\":{\"@id\":\"https:\\\/\\\/redfoxlotto.com\\\/pt-pt\\\/resultados\\\/resultados-da-lotaria-de-nova-iorque\\\/#breadcrumb\"},\"inLanguage\":\"pt-PT\",\"potentialAction\":[{\"@type\":\"ReadAction\",\"target\":[\"https:\\\/\\\/redfoxlotto.com\\\/pt-pt\\\/resultados\\\/resultados-da-lotaria-de-nova-iorque\\\/\"]}]},{\"@type\":\"ImageObject\",\"inLanguage\":\"pt-PT\",\"@id\":\"https:\\\/\\\/redfoxlotto.com\\\/pt-pt\\\/resultados\\\/resultados-da-lotaria-de-nova-iorque\\\/#primaryimage\",\"url\":\"https:\\\/\\\/redfoxlotto.com\\\/wp-content\\\/uploads\\\/2023\\\/04\\\/powerball-draw-youtube1-300x300-1.jpg\",\"contentUrl\":\"https:\\\/\\\/redfoxlotto.com\\\/wp-content\\\/uploads\\\/2023\\\/04\\\/powerball-draw-youtube1-300x300-1.jpg\"},{\"@type\":\"BreadcrumbList\",\"@id\":\"https:\\\/\\\/redfoxlotto.com\\\/pt-pt\\\/resultados\\\/resultados-da-lotaria-de-nova-iorque\\\/#breadcrumb\",\"itemListElement\":[{\"@type\":\"ListItem\",\"position\":1,\"name\":\"Home\",\"item\":\"https:\\\/\\\/redfoxlotto.com\\\/pt-pt\\\/\"},{\"@type\":\"ListItem\",\"position\":2,\"name\":\"Resultados de lotarias internacionais\",\"item\":\"https:\\\/\\\/redfoxlotto.com\\\/pt-pt\\\/resultados\\\/\"},{\"@type\":\"ListItem\",\"position\":3,\"name\":\"Resultados da Lotaria de Nova Iorque\"}]},{\"@type\":\"WebSite\",\"@id\":\"https:\\\/\\\/redfoxlotto.com\\\/pt-pt\\\/#website\",\"url\":\"https:\\\/\\\/redfoxlotto.com\\\/pt-pt\\\/\",\"name\":\"Get Tickets for the World\u2019s largest jackpots\",\"description\":\"Participate in worldwide lottery jackpots from any country\",\"publisher\":{\"@id\":\"https:\\\/\\\/redfoxlotto.com\\\/pt-pt\\\/#organization\"},\"potentialAction\":[{\"@type\":\"SearchAction\",\"target\":{\"@type\":\"EntryPoint\",\"urlTemplate\":\"https:\\\/\\\/redfoxlotto.com\\\/pt-pt\\\/?s={search_term_string}\"},\"query-input\":{\"@type\":\"PropertyValueSpecification\",\"valueRequired\":true,\"valueName\":\"search_term_string\"}}],\"inLanguage\":\"pt-PT\"},{\"@type\":\"Organization\",\"@id\":\"https:\\\/\\\/redfoxlotto.com\\\/pt-pt\\\/#organization\",\"name\":\"Get Tickets for the World\u2019s largest jackpots\",\"url\":\"https:\\\/\\\/redfoxlotto.com\\\/pt-pt\\\/\",\"logo\":{\"@type\":\"ImageObject\",\"inLanguage\":\"pt-PT\",\"@id\":\"https:\\\/\\\/redfoxlotto.com\\\/pt-pt\\\/#\\\/schema\\\/logo\\\/image\\\/\",\"url\":\"https:\\\/\\\/redfoxlotto.com\\\/wp-content\\\/uploads\\\/2023\\\/04\\\/logo.png\",\"contentUrl\":\"https:\\\/\\\/redfoxlotto.com\\\/wp-content\\\/uploads\\\/2023\\\/04\\\/logo.png\",\"width\":269,\"height\":53,\"caption\":\"Get Tickets for the World\u2019s largest jackpots\"},\"image\":{\"@id\":\"https:\\\/\\\/redfoxlotto.com\\\/pt-pt\\\/#\\\/schema\\\/logo\\\/image\\\/\"}}]}<\/script>\n<!-- \/ Yoast SEO plugin. -->","yoast_head_json":{"title":"N\u00fameros ganhadores da Loteria de Nova York | Resultados da Loteria de Nova York da \u00faltima noite","description":"Se estiver \u00e0 procura dos n\u00fameros vencedores da Lotaria de Nova Iorque de ontem \u00e0 noite, ou de resultados mais antigos, ir\u00e1 encontr\u00e1-los todos no nosso site","robots":{"index":"index","follow":"follow","max-snippet":"max-snippet:-1","max-image-preview":"max-image-preview:large","max-video-preview":"max-video-preview:-1"},"canonical":"https:\/\/redfoxlotto.com\/pt-pt\/resultados\/resultados-da-lotaria-de-nova-iorque\/","og_locale":"pt_PT","og_type":"article","og_title":"N\u00fameros ganhadores da Loteria de Nova York | Resultados da Loteria de Nova York da \u00faltima noite","og_description":"Se estiver \u00e0 procura dos n\u00fameros vencedores da Lotaria de Nova Iorque de ontem \u00e0 noite, ou de resultados mais antigos, ir\u00e1 encontr\u00e1-los todos no nosso site","og_url":"https:\/\/redfoxlotto.com\/pt-pt\/resultados\/resultados-da-lotaria-de-nova-iorque\/","og_site_name":"Get Tickets for the World\u2019s largest jackpots","article_modified_time":"2025-04-21T07:55:28+00:00","og_image":[{"url":"https:\/\/redfoxlotto.com\/wp-content\/uploads\/2023\/04\/powerball-draw-youtube1-300x300-1.jpg","type":"","width":"","height":""}],"twitter_card":"summary_large_image","twitter_misc":{"Tempo estimado de leitura":"3 minutos"},"schema":{"@context":"https:\/\/schema.org","@graph":[{"@type":"WebPage","@id":"https:\/\/redfoxlotto.com\/pt-pt\/resultados\/resultados-da-lotaria-de-nova-iorque\/","url":"https:\/\/redfoxlotto.com\/pt-pt\/resultados\/resultados-da-lotaria-de-nova-iorque\/","name":"N\u00fameros ganhadores da Loteria de Nova York | Resultados da Loteria de Nova York da \u00faltima noite","isPartOf":{"@id":"https:\/\/redfoxlotto.com\/pt-pt\/#website"},"primaryImageOfPage":{"@id":"https:\/\/redfoxlotto.com\/pt-pt\/resultados\/resultados-da-lotaria-de-nova-iorque\/#primaryimage"},"image":{"@id":"https:\/\/redfoxlotto.com\/pt-pt\/resultados\/resultados-da-lotaria-de-nova-iorque\/#primaryimage"},"thumbnailUrl":"https:\/\/redfoxlotto.com\/wp-content\/uploads\/2023\/04\/powerball-draw-youtube1-300x300-1.jpg","datePublished":"2025-02-25T17:29:04+00:00","dateModified":"2025-04-21T07:55:28+00:00","description":"Se estiver \u00e0 procura dos n\u00fameros vencedores da Lotaria de Nova Iorque de ontem \u00e0 noite, ou de resultados mais antigos, ir\u00e1 encontr\u00e1-los todos no nosso site","breadcrumb":{"@id":"https:\/\/redfoxlotto.com\/pt-pt\/resultados\/resultados-da-lotaria-de-nova-iorque\/#breadcrumb"},"inLanguage":"pt-PT","potentialAction":[{"@type":"ReadAction","target":["https:\/\/redfoxlotto.com\/pt-pt\/resultados\/resultados-da-lotaria-de-nova-iorque\/"]}]},{"@type":"ImageObject","inLanguage":"pt-PT","@id":"https:\/\/redfoxlotto.com\/pt-pt\/resultados\/resultados-da-lotaria-de-nova-iorque\/#primaryimage","url":"https:\/\/redfoxlotto.com\/wp-content\/uploads\/2023\/04\/powerball-draw-youtube1-300x300-1.jpg","contentUrl":"https:\/\/redfoxlotto.com\/wp-content\/uploads\/2023\/04\/powerball-draw-youtube1-300x300-1.jpg"},{"@type":"BreadcrumbList","@id":"https:\/\/redfoxlotto.com\/pt-pt\/resultados\/resultados-da-lotaria-de-nova-iorque\/#breadcrumb","itemListElement":[{"@type":"ListItem","position":1,"name":"Home","item":"https:\/\/redfoxlotto.com\/pt-pt\/"},{"@type":"ListItem","position":2,"name":"Resultados de lotarias internacionais","item":"https:\/\/redfoxlotto.com\/pt-pt\/resultados\/"},{"@type":"ListItem","position":3,"name":"Resultados da Lotaria de Nova Iorque"}]},{"@type":"WebSite","@id":"https:\/\/redfoxlotto.com\/pt-pt\/#website","url":"https:\/\/redfoxlotto.com\/pt-pt\/","name":"Get Tickets for the World\u2019s largest jackpots","description":"Participate in worldwide lottery jackpots from any country","publisher":{"@id":"https:\/\/redfoxlotto.com\/pt-pt\/#organization"},"potentialAction":[{"@type":"SearchAction","target":{"@type":"EntryPoint","urlTemplate":"https:\/\/redfoxlotto.com\/pt-pt\/?s={search_term_string}"},"query-input":{"@type":"PropertyValueSpecification","valueRequired":true,"valueName":"search_term_string"}}],"inLanguage":"pt-PT"},{"@type":"Organization","@id":"https:\/\/redfoxlotto.com\/pt-pt\/#organization","name":"Get Tickets for the World\u2019s largest jackpots","url":"https:\/\/redfoxlotto.com\/pt-pt\/","logo":{"@type":"ImageObject","inLanguage":"pt-PT","@id":"https:\/\/redfoxlotto.com\/pt-pt\/#\/schema\/logo\/image\/","url":"https:\/\/redfoxlotto.com\/wp-content\/uploads\/2023\/04\/logo.png","contentUrl":"https:\/\/redfoxlotto.com\/wp-content\/uploads\/2023\/04\/logo.png","width":269,"height":53,"caption":"Get Tickets for the World\u2019s largest jackpots"},"image":{"@id":"https:\/\/redfoxlotto.com\/pt-pt\/#\/schema\/logo\/image\/"}}]}},"_links":{"self":[{"href":"https:\/\/redfoxlotto.com\/pt-pt\/wp-json\/wp\/v2\/pages\/85565","targetHints":{"allow":["GET"]}}],"collection":[{"href":"https:\/\/redfoxlotto.com\/pt-pt\/wp-json\/wp\/v2\/pages"}],"about":[{"href":"https:\/\/redfoxlotto.com\/pt-pt\/wp-json\/wp\/v2\/types\/page"}],"author":[{"embeddable":true,"href":"https:\/\/redfoxlotto.com\/pt-pt\/wp-json\/wp\/v2\/users\/8"}],"replies":[{"embeddable":true,"href":"https:\/\/redfoxlotto.com\/pt-pt\/wp-json\/wp\/v2\/comments?post=85565"}],"version-history":[{"count":0,"href":"https:\/\/redfoxlotto.com\/pt-pt\/wp-json\/wp\/v2\/pages\/85565\/revisions"}],"up":[{"embeddable":true,"href":"https:\/\/redfoxlotto.com\/pt-pt\/wp-json\/wp\/v2\/pages\/1011"}],"wp:attachment":[{"href":"https:\/\/redfoxlotto.com\/pt-pt\/wp-json\/wp\/v2\/media?parent=85565"}],"curies":[{"name":"wp","href":"https:\/\/api.w.org\/{rel}","templated":true}]}}