{"id":85501,"date":"2025-02-25T17:25:31","date_gmt":"2025-02-25T17:25:31","guid":{"rendered":"https:\/\/redfoxlotto.com\/?page_id=85501"},"modified":"2025-04-21T06:54:27","modified_gmt":"2025-04-21T06:54:27","slug":"sobre-a-lotaria-de-nova-iorque","status":"publish","type":"page","link":"https:\/\/redfoxlotto.com\/pt-pt\/lotarias\/sobre-a-lotaria-de-nova-iorque\/","title":{"rendered":"Sobre a Lotaria de Nova Iorque"},"content":{"rendered":"<h2>Como comprar bilhetes da lotaria de Nova Iorque<\/h2>\n<p>Um guia para a compra de bilhetes para a loteria de Nova York no RedFoxLotto:<\/p>\n<p>Quando joga na Lotaria de Nova Iorque, j\u00e1 alguma vez fantasiou em ganhar um jackpot que poderia transformar completamente a sua vida? Participar de loterias internacionais, como a New York Lotto, nunca foi t\u00e3o simples quanto com o RedFoxLotto, mesmo se voc\u00ea estiver localizado fora dos Estados Unidos.<\/p>\n<p>Ao longo deste post, vamos gui\u00e1-lo atrav\u00e9s do processo de compra de bilhetes da Loteria de Nova York do RedFoxLotto em algumas etapas f\u00e1ceis.<\/p>\n<h2>O que \u00e9 o RedFoxLotto?<\/h2>\n<p>Voc\u00ea pode participar das principais loterias internacionais com o RedFoxLotto, que \u00e9 um servi\u00e7o de loteria on-line respeit\u00e1vel. Estas lotarias incluem a Powerball, Mega Millions, EuroMillions e, claro, a New York Lotto. Eles desempenham a fun\u00e7\u00e3o de um servi\u00e7o de mensageiro de bilhetes, o que significa que compram um bilhete genu\u00edno em seu nome e depois digitalizam-no para a sua conta online designada.<\/p>\n<h3>RedFoxLotto: Um guia passo a passo para comprar bilhetes para o programa da loteria de Nova York<\/h3>\n<p>1. Registar. Acesse RedFoxLotto.com para dar in\u00edcio ao processo de cadastramento. Introduza as suas informa\u00e7\u00f5es b\u00e1sicas, tais como o seu nome, endere\u00e7o de correio eletr\u00f3nico e o pa\u00eds onde reside atualmente, clicando no bot\u00e3o \u201cInscrever-se\u201d.<\/p>\n<p>2. Confirme que a sua conta \u00e9 leg\u00edtima.<\/p>\n<p>Encontre uma liga\u00e7\u00e3o de verifica\u00e7\u00e3o na sua caixa de correio eletr\u00f3nico quando tiver conclu\u00eddo o processo de registo. Pode verificar a sua conta clicando na mesma. Apesar de ser um passo simples, \u00e9 essencial tanto para a seguran\u00e7a como para os potenciais ganhos futuros.<\/p>\n<p>3. Investigar as lotarias<\/p>\n<p>Depois de te teres inscrito com sucesso, navega at\u00e9 \u00e0 p\u00e1gina inicial e procura a New York Lotto na lista de lotarias que est\u00e3o acess\u00edveis. Podes saber mais sobre o pr\u00f3ximo sorteio, o tamanho do jackpot e o custo dos bilhetes clicando nele.<\/p>\n<p>4. Selecionar os n\u00fameros<\/p>\n<p>A sua tarefa ser\u00e1 escolher seis n\u00fameros que v\u00e3o de um a sessenta e nove. Tem a op\u00e7\u00e3o de os selecionar manualmente, ou pode usar a op\u00e7\u00e3o Quick Pick para que o RedFoxLotto gere n\u00fameros aleat\u00f3rios a partir do zero para si.<\/p>\n<h2>Adicionar ao carrinho e proceder ao pagamento<\/h2>\n<p>Assim que tiver selecionado os seus n\u00fameros, adicione o seu bilhete ao carrinho de compras. Depois disso, entre na \u00e1rea de checkout. A RedFoxLotto suporta v\u00e1rias op\u00e7\u00f5es de pagamento, incluindo as seguintes:<\/p>\n<ul>\n<li>Cart\u00f5es de cr\u00e9dito e d\u00e9bito<\/li>\n<li>Transfer\u00eancia banc\u00e1ria<\/li>\n<li>Carteiras electr\u00f3nicas como a Skrill<\/li>\n<li>Em algumas \u00e1reas, a criptomoeda \u00e9 amplamente utilizada.<\/li>\n<\/ul>\n<h2>Confirma\u00e7\u00e3o e scanner de bilhetes<\/h2>\n<p>Imediatamente ap\u00f3s o seu dinheiro ter sido processado, a RedFoxLotto enviar\u00e1 um dos seus agentes locais nos Estados Unidos para comprar um bilhete genu\u00edno da New York Lotto com os n\u00fameros que selecionou. Para comprovar a compra, um scan do seu bilhete ser\u00e1 colocado na sua conta.<\/p>\n<h2>O que acontece se for bem sucedido?<\/h2>\n<h3>Se os n\u00fameros que introduziu ganharem um pr\u00e9mio:<\/h3>\n<p>A sua conta RedFoxLotto ser\u00e1 instantaneamente creditada com quaisquer pr\u00e9mios que sejam de tamanho pequeno a moderado. Depois de ter ganho um grande jackpot, a equipa do RedFoxLotto ir\u00e1 gui\u00e1-lo atrav\u00e9s dos passos necess\u00e1rios para reclamar o seu pr\u00e9mio. A sua viagem aos Estados Unidos pode ser necess\u00e1ria, dependendo do montante e dos regulamentos do estado.<\/p>\n<h2>Qual \u00e9 a lei?<\/h2>\n<p>De facto. O RedFoxLotto n\u00e3o \u00e9 um fornecedor de lotarias; em vez disso, gere a distribui\u00e7\u00e3o de bilhetes de lotaria. Est\u00e1 a comprar um bilhete f\u00edsico real atrav\u00e9s de um agente autorizado, o que garante que tudo \u00e9 legal e transparente, mesmo que esteja a jogar a partir de um pa\u00eds diferente.<\/p>\n<h2>Observa\u00e7\u00f5es finais<\/h2>\n<p>J\u00e1 n\u00e3o \u00e9 um sonho imposs\u00edvel poder comprar bilhetes para a Lotaria de Nova Iorque a partir de qualquer parte do mundo. \u00c9 f\u00e1cil, seguro e acess\u00edvel atrav\u00e9s do uso do RedFoxLotto. Pode estar a concorrer a milh\u00f5es de d\u00f3lares com apenas alguns cliques, e nem sequer tem de sair do seu carro para ir a Nova Iorque.<\/p>\n<p>Ent\u00e3o porque \u00e9 que devemos esperar? Registe-se imediatamente, escolha os seus n\u00fameros da sorte e prepare-se para ganhar o jackpot!<\/p>\n","protected":false},"excerpt":{"rendered":"<p>Como comprar bilhetes da lotaria de Nova Iorque Um guia para a compra de bilhetes para a loteria de Nova York no RedFoxLotto: Quando joga na Lotaria de Nova Iorque, j\u00e1 alguma vez fantasiou em ganhar um jackpot que poderia transformar completamente a sua vida? Participar de loterias internacionais, como a New York Lotto, nunca [&hellip;]<\/p>\n","protected":false},"author":8,"featured_media":0,"parent":1003,"menu_order":18,"comment_status":"closed","ping_status":"closed","template":"newyork-info.php","meta":{"_et_pb_use_builder":"","_et_pb_old_content":"","_et_gb_content_width":"","exclude_from_search":false,"footnotes":""},"class_list":["post-85501","page","type-page","status-publish","hentry"],"yoast_head":"<!-- This site is optimized with the Yoast SEO plugin v23.8 - https:\/\/yoast.com\/wordpress\/plugins\/seo\/ -->\n<title>Como comprar bilhetes da Lotaria de Nova Iorque online a partir do Reino Unido<\/title>\n<meta name=\"description\" content=\"Compre bilhetes para a Lotaria de Nova Iorque aqui - mesmo a partir do Reino Unido, pode participar na Lotaria de Nova Iorque online e obter um bilhete digitalizado em poucos minutos.\" \/>\n<meta name=\"robots\" content=\"index, follow, max-snippet:-1, max-image-preview:large, max-video-preview:-1\" \/>\n<link rel=\"canonical\" href=\"https:\/\/redfoxlotto.com\/pt-pt\/lotarias\/sobre-a-lotaria-de-nova-iorque\/\" \/>\n<meta property=\"og:locale\" content=\"pt_PT\" \/>\n<meta property=\"og:type\" content=\"article\" \/>\n<meta property=\"og:title\" content=\"Como comprar bilhetes da Lotaria de Nova Iorque online a partir do Reino Unido\" \/>\n<meta property=\"og:description\" content=\"Compre bilhetes para a Lotaria de Nova Iorque aqui - mesmo a partir do Reino Unido, pode participar na Lotaria de Nova Iorque online e obter um bilhete digitalizado em poucos minutos.\" \/>\n<meta property=\"og:url\" content=\"https:\/\/redfoxlotto.com\/pt-pt\/lotarias\/sobre-a-lotaria-de-nova-iorque\/\" \/>\n<meta property=\"og:site_name\" content=\"Get Tickets for the World\u2019s largest jackpots\" \/>\n<meta property=\"article:modified_time\" content=\"2025-04-21T06:54:27+00:00\" \/>\n<meta name=\"twitter:card\" content=\"summary_large_image\" \/>\n<meta name=\"twitter:label1\" content=\"Tempo estimado de leitura\" \/>\n\t<meta name=\"twitter:data1\" content=\"3 minutos\" \/>\n<script type=\"application\/ld+json\" class=\"yoast-schema-graph\">{\"@context\":\"https:\/\/schema.org\",\"@graph\":[{\"@type\":\"WebPage\",\"@id\":\"https:\/\/redfoxlotto.com\/pt-pt\/lotarias\/sobre-a-lotaria-de-nova-iorque\/\",\"url\":\"https:\/\/redfoxlotto.com\/pt-pt\/lotarias\/sobre-a-lotaria-de-nova-iorque\/\",\"name\":\"Como comprar bilhetes da Lotaria de Nova Iorque online a partir do Reino Unido\",\"isPartOf\":{\"@id\":\"https:\/\/redfoxlotto.com\/pt-pt\/#website\"},\"datePublished\":\"2025-02-25T17:25:31+00:00\",\"dateModified\":\"2025-04-21T06:54:27+00:00\",\"description\":\"Compre bilhetes para a Lotaria de Nova Iorque aqui - mesmo a partir do Reino Unido, pode participar na Lotaria de Nova Iorque online e obter um bilhete digitalizado em poucos minutos.\",\"breadcrumb\":{\"@id\":\"https:\/\/redfoxlotto.com\/pt-pt\/lotarias\/sobre-a-lotaria-de-nova-iorque\/#breadcrumb\"},\"inLanguage\":\"pt-PT\",\"potentialAction\":[{\"@type\":\"ReadAction\",\"target\":[\"https:\/\/redfoxlotto.com\/pt-pt\/lotarias\/sobre-a-lotaria-de-nova-iorque\/\"]}]},{\"@type\":\"BreadcrumbList\",\"@id\":\"https:\/\/redfoxlotto.com\/pt-pt\/lotarias\/sobre-a-lotaria-de-nova-iorque\/#breadcrumb\",\"itemListElement\":[{\"@type\":\"ListItem\",\"position\":1,\"name\":\"Home\",\"item\":\"https:\/\/redfoxlotto.com\/pt-pt\/\"},{\"@type\":\"ListItem\",\"position\":2,\"name\":\"O processo de compra dos seus bilhetes\",\"item\":\"https:\/\/redfoxlotto.com\/pt-pt\/lotarias\/\"},{\"@type\":\"ListItem\",\"position\":3,\"name\":\"Sobre a Lotaria de Nova Iorque\"}]},{\"@type\":\"WebSite\",\"@id\":\"https:\/\/redfoxlotto.com\/pt-pt\/#website\",\"url\":\"https:\/\/redfoxlotto.com\/pt-pt\/\",\"name\":\"Get Tickets for the World\u2019s largest jackpots\",\"description\":\"Participate in worldwide lottery jackpots from any country\",\"publisher\":{\"@id\":\"https:\/\/redfoxlotto.com\/pt-pt\/#organization\"},\"potentialAction\":[{\"@type\":\"SearchAction\",\"target\":{\"@type\":\"EntryPoint\",\"urlTemplate\":\"https:\/\/redfoxlotto.com\/pt-pt\/?s={search_term_string}\"},\"query-input\":{\"@type\":\"PropertyValueSpecification\",\"valueRequired\":true,\"valueName\":\"search_term_string\"}}],\"inLanguage\":\"pt-PT\"},{\"@type\":\"Organization\",\"@id\":\"https:\/\/redfoxlotto.com\/pt-pt\/#organization\",\"name\":\"Get Tickets for the World\u2019s largest jackpots\",\"url\":\"https:\/\/redfoxlotto.com\/pt-pt\/\",\"logo\":{\"@type\":\"ImageObject\",\"inLanguage\":\"pt-PT\",\"@id\":\"https:\/\/redfoxlotto.com\/pt-pt\/#\/schema\/logo\/image\/\",\"url\":\"https:\/\/redfoxlotto.com\/wp-content\/uploads\/2023\/04\/logo.png\",\"contentUrl\":\"https:\/\/redfoxlotto.com\/wp-content\/uploads\/2023\/04\/logo.png\",\"width\":269,\"height\":53,\"caption\":\"Get Tickets for the World\u2019s largest jackpots\"},\"image\":{\"@id\":\"https:\/\/redfoxlotto.com\/pt-pt\/#\/schema\/logo\/image\/\"}}]}<\/script>\n<!-- \/ Yoast SEO plugin. -->","yoast_head_json":{"title":"Como comprar bilhetes da Lotaria de Nova Iorque online a partir do Reino Unido","description":"Compre bilhetes para a Lotaria de Nova Iorque aqui - mesmo a partir do Reino Unido, pode participar na Lotaria de Nova Iorque online e obter um bilhete digitalizado em poucos minutos.","robots":{"index":"index","follow":"follow","max-snippet":"max-snippet:-1","max-image-preview":"max-image-preview:large","max-video-preview":"max-video-preview:-1"},"canonical":"https:\/\/redfoxlotto.com\/pt-pt\/lotarias\/sobre-a-lotaria-de-nova-iorque\/","og_locale":"pt_PT","og_type":"article","og_title":"Como comprar bilhetes da Lotaria de Nova Iorque online a partir do Reino Unido","og_description":"Compre bilhetes para a Lotaria de Nova Iorque aqui - mesmo a partir do Reino Unido, pode participar na Lotaria de Nova Iorque online e obter um bilhete digitalizado em poucos minutos.","og_url":"https:\/\/redfoxlotto.com\/pt-pt\/lotarias\/sobre-a-lotaria-de-nova-iorque\/","og_site_name":"Get Tickets for the World\u2019s largest jackpots","article_modified_time":"2025-04-21T06:54:27+00:00","twitter_card":"summary_large_image","twitter_misc":{"Tempo estimado de leitura":"3 minutos"},"schema":{"@context":"https:\/\/schema.org","@graph":[{"@type":"WebPage","@id":"https:\/\/redfoxlotto.com\/pt-pt\/lotarias\/sobre-a-lotaria-de-nova-iorque\/","url":"https:\/\/redfoxlotto.com\/pt-pt\/lotarias\/sobre-a-lotaria-de-nova-iorque\/","name":"Como comprar bilhetes da Lotaria de Nova Iorque online a partir do Reino Unido","isPartOf":{"@id":"https:\/\/redfoxlotto.com\/pt-pt\/#website"},"datePublished":"2025-02-25T17:25:31+00:00","dateModified":"2025-04-21T06:54:27+00:00","description":"Compre bilhetes para a Lotaria de Nova Iorque aqui - mesmo a partir do Reino Unido, pode participar na Lotaria de Nova Iorque online e obter um bilhete digitalizado em poucos minutos.","breadcrumb":{"@id":"https:\/\/redfoxlotto.com\/pt-pt\/lotarias\/sobre-a-lotaria-de-nova-iorque\/#breadcrumb"},"inLanguage":"pt-PT","potentialAction":[{"@type":"ReadAction","target":["https:\/\/redfoxlotto.com\/pt-pt\/lotarias\/sobre-a-lotaria-de-nova-iorque\/"]}]},{"@type":"BreadcrumbList","@id":"https:\/\/redfoxlotto.com\/pt-pt\/lotarias\/sobre-a-lotaria-de-nova-iorque\/#breadcrumb","itemListElement":[{"@type":"ListItem","position":1,"name":"Home","item":"https:\/\/redfoxlotto.com\/pt-pt\/"},{"@type":"ListItem","position":2,"name":"O processo de compra dos seus bilhetes","item":"https:\/\/redfoxlotto.com\/pt-pt\/lotarias\/"},{"@type":"ListItem","position":3,"name":"Sobre a Lotaria de Nova Iorque"}]},{"@type":"WebSite","@id":"https:\/\/redfoxlotto.com\/pt-pt\/#website","url":"https:\/\/redfoxlotto.com\/pt-pt\/","name":"Get Tickets for the World\u2019s largest jackpots","description":"Participate in worldwide lottery jackpots from any country","publisher":{"@id":"https:\/\/redfoxlotto.com\/pt-pt\/#organization"},"potentialAction":[{"@type":"SearchAction","target":{"@type":"EntryPoint","urlTemplate":"https:\/\/redfoxlotto.com\/pt-pt\/?s={search_term_string}"},"query-input":{"@type":"PropertyValueSpecification","valueRequired":true,"valueName":"search_term_string"}}],"inLanguage":"pt-PT"},{"@type":"Organization","@id":"https:\/\/redfoxlotto.com\/pt-pt\/#organization","name":"Get Tickets for the World\u2019s largest jackpots","url":"https:\/\/redfoxlotto.com\/pt-pt\/","logo":{"@type":"ImageObject","inLanguage":"pt-PT","@id":"https:\/\/redfoxlotto.com\/pt-pt\/#\/schema\/logo\/image\/","url":"https:\/\/redfoxlotto.com\/wp-content\/uploads\/2023\/04\/logo.png","contentUrl":"https:\/\/redfoxlotto.com\/wp-content\/uploads\/2023\/04\/logo.png","width":269,"height":53,"caption":"Get Tickets for the World\u2019s largest jackpots"},"image":{"@id":"https:\/\/redfoxlotto.com\/pt-pt\/#\/schema\/logo\/image\/"}}]}},"_links":{"self":[{"href":"https:\/\/redfoxlotto.com\/pt-pt\/wp-json\/wp\/v2\/pages\/85501","targetHints":{"allow":["GET"]}}],"collection":[{"href":"https:\/\/redfoxlotto.com\/pt-pt\/wp-json\/wp\/v2\/pages"}],"about":[{"href":"https:\/\/redfoxlotto.com\/pt-pt\/wp-json\/wp\/v2\/types\/page"}],"author":[{"embeddable":true,"href":"https:\/\/redfoxlotto.com\/pt-pt\/wp-json\/wp\/v2\/users\/8"}],"replies":[{"embeddable":true,"href":"https:\/\/redfoxlotto.com\/pt-pt\/wp-json\/wp\/v2\/comments?post=85501"}],"version-history":[{"count":0,"href":"https:\/\/redfoxlotto.com\/pt-pt\/wp-json\/wp\/v2\/pages\/85501\/revisions"}],"up":[{"embeddable":true,"href":"https:\/\/redfoxlotto.com\/pt-pt\/wp-json\/wp\/v2\/pages\/1003"}],"wp:attachment":[{"href":"https:\/\/redfoxlotto.com\/pt-pt\/wp-json\/wp\/v2\/media?parent=85501"}],"curies":[{"name":"wp","href":"https:\/\/api.w.org\/{rel}","templated":true}]}}