{"id":85299,"date":"2025-03-30T12:21:27","date_gmt":"2025-03-30T12:21:27","guid":{"rendered":"https:\/\/redfoxlotto.com\/?page_id=85299"},"modified":"2025-12-10T16:59:38","modified_gmt":"2025-12-10T16:59:38","slug":"como-apostar-na-loteria-de-nova-york-no-reino-unido","status":"publish","type":"page","link":"https:\/\/redfoxlotto.com\/pt-pt\/jogar\/como-apostar-na-loteria-de-nova-york-no-reino-unido\/","title":{"rendered":"Como apostar na Loteria de Nova York no Reino Unido."},"content":{"rendered":"<p><script type=\"application\/ld+json\">\n{\n\"@context\": \"https:\/\/schema.org\",\n\"@type\": \"Service\",\n\"name\": \"Play New York Lottery\",\n\"url\": \"https:\/\/redfoxlotto.com\/pt-pt\/jogar\/como-apostar-na-loteria-de-nova-york-no-reino-unido\/\",\n\"description\": \"Compre bilhetes oficiais da Lotaria de Nova Iorque online atrav\u00e9s da RedFoxLotto. Escolha os seus n\u00fameros e participe no pr\u00f3ximo sorteio.\",\n\"serviceType\": \"Online lottery ticket purchase\",<\/p>\n<p>\"provider\": {\n\"@type\": \"Organization\",\n\"name\": \"RedFoxLotto\",\n\"url\": \"https:\/\/redfoxlotto.com\",\n\"logo\": \"https:\/\/redfoxlotto.com\/wp-content\/uploads\/logo.png\"\n},<\/p>\n<p>\"areaServed\": \"Worldwide\",\n\"termsOfService\": \"https:\/\/redfoxlotto.com\/terms-and-conditions\",<\/p>\n<p>\"hasOfferCatalog\": {\n\"@type\": \"OfferCatalog\",\n\"name\": \"New York Lottery Offers\",\n\"itemListElement\": [\n{\n\"@type\": \"Offer\",\n\"name\": \"New York Lottery Ticket\",\n\"url\": \"https:\/\/redfoxlotto.com\/pt-pt\/jogar\/como-apostar-na-loteria-de-nova-york-no-reino-unido\/\",\n\"description\": \"Um bilhete para o pr\u00f3ximo sorteio da Lotaria de Nova Iorque.\",\n\"price\": \"1.40\",\n\"priceCurrency\": \"EUR\",\n\"availability\": \"https:\/\/schema.org\/InStock\",<\/p>\n<p>\"itemOffered\": {\n\"@type\": \"Service\",\n\"name\": \"New York Lottery Entry\",\n\"description\": \"Participe no pr\u00f3ximo sorteio da Lotaria de Nova Iorque atrav\u00e9s do RedFoxLotto.\"\n}\n}\n]\n},<\/p>\n<p>\"mainEntityOfPage\": {\n\"@type\": \"WebPage\",\n\"@id\": \"https:\/\/redfoxlotto.com\/pt-pt\/jogar\/como-apostar-na-loteria-de-nova-york-no-reino-unido\/\"\n}\n}\n<\/script><\/p>\n<h2>Como participar da Loteria de Nova York com o RedFoxLotto.com no Reino Unido<\/h2>\n<p><img loading=\"lazy\" decoding=\"async\" class=\" wp-image-48802 alignright\" src=\"https:\/\/redfoxlotto.com\/wp-content\/uploads\/2023\/04\/raffle-tickets-online-495x330-1-300x200.jpg\" alt=\"New York Lottery\" width=\"321\" height=\"214\" srcset=\"https:\/\/redfoxlotto.com\/wp-content\/uploads\/2023\/04\/raffle-tickets-online-495x330-1-300x200.jpg 300w, https:\/\/redfoxlotto.com\/wp-content\/uploads\/2023\/04\/raffle-tickets-online-495x330-1.jpg 495w\" sizes=\"auto, (max-width: 321px) 100vw, 321px\" \/><br \/>\nTomemos, por exemplo, o cen\u00e1rio em que acorda no Reino Unido, faz o seu ch\u00e1 matinal e, em seguida, verifica o seu telefone para descobrir que acabou de ganhar a Lotaria de Nova Iorque. Parece-lhe rebuscado? Mude de ideias! Jogar em uma das loterias mais emocionantes dos Estados Unidos da Am\u00e9rica a partir da conveni\u00eancia de sua pr\u00f3pria casa no Reino Unido \u00e9 poss\u00edvel com o RedFoxLotto.com.<\/p>\n<h2>A Loteria de Nova York: Por que apostar?<\/h2>\n<p>A Lotaria de Nova Iorque \u00e9 conhecida pelos seus enormes jackpots, jogos emocionantes e pr\u00e9mios que podem transformar completamente a vida de uma pessoa. O facto de serem realizados muitos sorteios todas as semanas significa que existem in\u00fameras oportunidades para tornar os seus sonhos realidade. Existe a possibilidade de ganhar uma quantia de dinheiro que pode mudar a sua vida se jogar na lotaria Mega Millions ou na Powerball.<\/p>\n<h2>Instru\u00e7\u00f5es sobre como jogar no RedFoxLotto.com em formato passo a passo<\/h2>\n<p>1. Acesse o site RedFoxLotto.com. Voc\u00ea deve abrir o navegador da web de sua escolha e navegar at\u00e9 o site oficial da RedFoxLotto.<\/p>\n<p>2. Criar uma conta &#8211; Para se registar, ter\u00e1 de fornecer uma conta. Para al\u00e9m de ser r\u00e1pido e seguro, \u00e9 necess\u00e1rio para jogar.<\/p>\n<p>3. Escolher a Lotaria de Nova Iorque &#8211; Depois de analisar as v\u00e1rias lotarias que s\u00e3o oferecidas, escolha a Lotaria de Nova Iorque ou qualquer outro pr\u00e9mio americano que desperte o seu interesse ao longo da sua pesquisa.<\/p>\n<p>4. Selecione os seus n\u00fameros Tem a op\u00e7\u00e3o de selecionar os seus n\u00fameros da sorte manualmente ou utilizar a op\u00e7\u00e3o de sele\u00e7\u00e3o r\u00e1pida, que permitir\u00e1 ao sistema encontr\u00e1-los automaticamente.<\/p>\n<p>5. Compre o seu bilhete &#8211; V\u00e1 para a p\u00e1gina de pagamento e pague o seu bilhete de forma segura e protegida, utilizando uma das muitas op\u00e7\u00f5es de pagamento dispon\u00edveis.<\/p>\n<p>6. Enquanto espera pelo sorteio, sente-se e descontraia-se. Se fores o vencedor, ser\u00e1s notificado!<\/p>\n<h2>Vantagens de participar em jogos no RedFoxLotto.com<\/h2>\n<p>A RedFoxLotto.com \u00e9 um site de apostas, que elimina a necessidade de viajar para os Estados Unidos para comprar um bilhete.<\/p>\n<p>&#8211; Transac\u00e7\u00f5es seguras e protegidas &#8211; Jogue com total tranquilidade, sabendo que o seu dinheiro e informa\u00e7\u00f5es de compra est\u00e3o protegidos.<\/p>\n<p>&#8211; Notifica\u00e7\u00f5es que s\u00e3o enviadas automaticamente &#8211; Nunca perca um pr\u00e9mio! Se for o feliz ganhador do jackpot, ser\u00e1 notificado imediatamente.<\/p>\n<p>Pode aceder a lotarias globais, para al\u00e9m da Lotaria de Nova Iorque, o que lhe dar\u00e1 ainda mais oportunidades de ganhar uma quantia significativa de dinheiro.<\/p>\n<h2>Observa\u00e7\u00f5es para concluir<\/h2>\n<p>Ao utilizar o RedFoxLotto.com, ter\u00e1 acesso a todo o mundo do entretenimento da lotaria. N\u00e3o importa onde esteja localizado no Reino Unido; tem a oportunidade de perseguir o sonho americano e possivelmente tornar-se o pr\u00f3ximo milion\u00e1rio da Lotaria de Nova Iorque. Portanto, porque \u00e9 que devemos esperar? Visite o site RedFoxLotto.com agora mesmo para adquirir o seu bilhete; nunca se sabe quando a sorte vir\u00e1 ao seu encontro.<\/p>\n","protected":false},"excerpt":{"rendered":"<p>Como participar da Loteria de Nova York com o RedFoxLotto.com no Reino Unido Tomemos, por exemplo, o cen\u00e1rio em que acorda no Reino Unido, faz o seu ch\u00e1 matinal e, em seguida, verifica o seu telefone para descobrir que acabou de ganhar a Lotaria de Nova Iorque. Parece-lhe rebuscado? Mude de ideias! Jogar em uma [&hellip;]<\/p>\n","protected":false},"author":8,"featured_media":0,"parent":1021,"menu_order":18,"comment_status":"closed","ping_status":"closed","template":"newyork.php","meta":{"_et_pb_use_builder":"","_et_pb_old_content":"","_et_gb_content_width":"","exclude_from_search":false,"footnotes":""},"class_list":["post-85299","page","type-page","status-publish","hentry"],"yoast_head":"<!-- This site is optimized with the Yoast SEO plugin v23.8 - https:\/\/yoast.com\/wordpress\/plugins\/seo\/ -->\n<title>Como participar da Loteria de Nova York no Reino Unido<\/title>\n<meta name=\"description\" content=\"Descubra como apostar na Loteria de Nova York do Reino Unido no RedFoxLotto.com e obtenha dicas para maximizar suas chances de ganhar.\" \/>\n<meta name=\"robots\" content=\"index, follow, max-snippet:-1, max-image-preview:large, max-video-preview:-1\" \/>\n<link rel=\"canonical\" href=\"https:\/\/redfoxlotto.com\/pt-pt\/jogar\/como-apostar-na-loteria-de-nova-york-no-reino-unido\/\" \/>\n<meta property=\"og:locale\" content=\"pt_PT\" \/>\n<meta property=\"og:type\" content=\"article\" \/>\n<meta property=\"og:title\" content=\"Como participar da Loteria de Nova York no Reino Unido\" \/>\n<meta property=\"og:description\" content=\"Descubra como apostar na Loteria de Nova York do Reino Unido no RedFoxLotto.com e obtenha dicas para maximizar suas chances de ganhar.\" \/>\n<meta property=\"og:url\" content=\"https:\/\/redfoxlotto.com\/pt-pt\/jogar\/como-apostar-na-loteria-de-nova-york-no-reino-unido\/\" \/>\n<meta property=\"og:site_name\" content=\"Get Tickets for the World\u2019s largest jackpots\" \/>\n<meta property=\"article:modified_time\" content=\"2025-12-10T16:59:38+00:00\" \/>\n<meta property=\"og:image\" content=\"https:\/\/redfoxlotto.com\/wp-content\/uploads\/2023\/04\/raffle-tickets-online-495x330-1-300x200.jpg\" \/>\n<meta name=\"twitter:card\" content=\"summary_large_image\" \/>\n<meta name=\"twitter:label1\" content=\"Tempo estimado de leitura\" \/>\n\t<meta name=\"twitter:data1\" content=\"3 minutos\" \/>\n<script type=\"application\/ld+json\" class=\"yoast-schema-graph\">{\"@context\":\"https:\/\/schema.org\",\"@graph\":[{\"@type\":\"WebPage\",\"@id\":\"https:\/\/redfoxlotto.com\/pt-pt\/jogar\/como-apostar-na-loteria-de-nova-york-no-reino-unido\/\",\"url\":\"https:\/\/redfoxlotto.com\/pt-pt\/jogar\/como-apostar-na-loteria-de-nova-york-no-reino-unido\/\",\"name\":\"Como participar da Loteria de Nova York no Reino Unido\",\"isPartOf\":{\"@id\":\"https:\/\/redfoxlotto.com\/pt-pt\/#website\"},\"primaryImageOfPage\":{\"@id\":\"https:\/\/redfoxlotto.com\/pt-pt\/jogar\/como-apostar-na-loteria-de-nova-york-no-reino-unido\/#primaryimage\"},\"image\":{\"@id\":\"https:\/\/redfoxlotto.com\/pt-pt\/jogar\/como-apostar-na-loteria-de-nova-york-no-reino-unido\/#primaryimage\"},\"thumbnailUrl\":\"https:\/\/redfoxlotto.com\/wp-content\/uploads\/2023\/04\/raffle-tickets-online-495x330-1-300x200.jpg\",\"datePublished\":\"2025-03-30T12:21:27+00:00\",\"dateModified\":\"2025-12-10T16:59:38+00:00\",\"description\":\"Descubra como apostar na Loteria de Nova York do Reino Unido no RedFoxLotto.com e obtenha dicas para maximizar suas chances de ganhar.\",\"breadcrumb\":{\"@id\":\"https:\/\/redfoxlotto.com\/pt-pt\/jogar\/como-apostar-na-loteria-de-nova-york-no-reino-unido\/#breadcrumb\"},\"inLanguage\":\"pt-PT\",\"potentialAction\":[{\"@type\":\"ReadAction\",\"target\":[\"https:\/\/redfoxlotto.com\/pt-pt\/jogar\/como-apostar-na-loteria-de-nova-york-no-reino-unido\/\"]}]},{\"@type\":\"ImageObject\",\"inLanguage\":\"pt-PT\",\"@id\":\"https:\/\/redfoxlotto.com\/pt-pt\/jogar\/como-apostar-na-loteria-de-nova-york-no-reino-unido\/#primaryimage\",\"url\":\"https:\/\/redfoxlotto.com\/wp-content\/uploads\/2023\/04\/raffle-tickets-online-495x330-1-300x200.jpg\",\"contentUrl\":\"https:\/\/redfoxlotto.com\/wp-content\/uploads\/2023\/04\/raffle-tickets-online-495x330-1-300x200.jpg\"},{\"@type\":\"BreadcrumbList\",\"@id\":\"https:\/\/redfoxlotto.com\/pt-pt\/jogar\/como-apostar-na-loteria-de-nova-york-no-reino-unido\/#breadcrumb\",\"itemListElement\":[{\"@type\":\"ListItem\",\"position\":1,\"name\":\"Home\",\"item\":\"https:\/\/redfoxlotto.com\/pt-pt\/\"},{\"@type\":\"ListItem\",\"position\":2,\"name\":\"Compre bilhetes de lotaria online\",\"item\":\"https:\/\/redfoxlotto.com\/pt-pt\/jogar\/\"},{\"@type\":\"ListItem\",\"position\":3,\"name\":\"Como apostar na Loteria de Nova York no Reino Unido.\"}]},{\"@type\":\"WebSite\",\"@id\":\"https:\/\/redfoxlotto.com\/pt-pt\/#website\",\"url\":\"https:\/\/redfoxlotto.com\/pt-pt\/\",\"name\":\"Get Tickets for the World\u2019s largest jackpots\",\"description\":\"Participate in worldwide lottery jackpots from any country\",\"publisher\":{\"@id\":\"https:\/\/redfoxlotto.com\/pt-pt\/#organization\"},\"potentialAction\":[{\"@type\":\"SearchAction\",\"target\":{\"@type\":\"EntryPoint\",\"urlTemplate\":\"https:\/\/redfoxlotto.com\/pt-pt\/?s={search_term_string}\"},\"query-input\":{\"@type\":\"PropertyValueSpecification\",\"valueRequired\":true,\"valueName\":\"search_term_string\"}}],\"inLanguage\":\"pt-PT\"},{\"@type\":\"Organization\",\"@id\":\"https:\/\/redfoxlotto.com\/pt-pt\/#organization\",\"name\":\"Get Tickets for the World\u2019s largest jackpots\",\"url\":\"https:\/\/redfoxlotto.com\/pt-pt\/\",\"logo\":{\"@type\":\"ImageObject\",\"inLanguage\":\"pt-PT\",\"@id\":\"https:\/\/redfoxlotto.com\/pt-pt\/#\/schema\/logo\/image\/\",\"url\":\"https:\/\/redfoxlotto.com\/wp-content\/uploads\/2023\/04\/logo.png\",\"contentUrl\":\"https:\/\/redfoxlotto.com\/wp-content\/uploads\/2023\/04\/logo.png\",\"width\":269,\"height\":53,\"caption\":\"Get Tickets for the World\u2019s largest jackpots\"},\"image\":{\"@id\":\"https:\/\/redfoxlotto.com\/pt-pt\/#\/schema\/logo\/image\/\"}}]}<\/script>\n<!-- \/ Yoast SEO plugin. -->","yoast_head_json":{"title":"Como participar da Loteria de Nova York no Reino Unido","description":"Descubra como apostar na Loteria de Nova York do Reino Unido no RedFoxLotto.com e obtenha dicas para maximizar suas chances de ganhar.","robots":{"index":"index","follow":"follow","max-snippet":"max-snippet:-1","max-image-preview":"max-image-preview:large","max-video-preview":"max-video-preview:-1"},"canonical":"https:\/\/redfoxlotto.com\/pt-pt\/jogar\/como-apostar-na-loteria-de-nova-york-no-reino-unido\/","og_locale":"pt_PT","og_type":"article","og_title":"Como participar da Loteria de Nova York no Reino Unido","og_description":"Descubra como apostar na Loteria de Nova York do Reino Unido no RedFoxLotto.com e obtenha dicas para maximizar suas chances de ganhar.","og_url":"https:\/\/redfoxlotto.com\/pt-pt\/jogar\/como-apostar-na-loteria-de-nova-york-no-reino-unido\/","og_site_name":"Get Tickets for the World\u2019s largest jackpots","article_modified_time":"2025-12-10T16:59:38+00:00","og_image":[{"url":"https:\/\/redfoxlotto.com\/wp-content\/uploads\/2023\/04\/raffle-tickets-online-495x330-1-300x200.jpg"}],"twitter_card":"summary_large_image","twitter_misc":{"Tempo estimado de leitura":"3 minutos"},"schema":{"@context":"https:\/\/schema.org","@graph":[{"@type":"WebPage","@id":"https:\/\/redfoxlotto.com\/pt-pt\/jogar\/como-apostar-na-loteria-de-nova-york-no-reino-unido\/","url":"https:\/\/redfoxlotto.com\/pt-pt\/jogar\/como-apostar-na-loteria-de-nova-york-no-reino-unido\/","name":"Como participar da Loteria de Nova York no Reino Unido","isPartOf":{"@id":"https:\/\/redfoxlotto.com\/pt-pt\/#website"},"primaryImageOfPage":{"@id":"https:\/\/redfoxlotto.com\/pt-pt\/jogar\/como-apostar-na-loteria-de-nova-york-no-reino-unido\/#primaryimage"},"image":{"@id":"https:\/\/redfoxlotto.com\/pt-pt\/jogar\/como-apostar-na-loteria-de-nova-york-no-reino-unido\/#primaryimage"},"thumbnailUrl":"https:\/\/redfoxlotto.com\/wp-content\/uploads\/2023\/04\/raffle-tickets-online-495x330-1-300x200.jpg","datePublished":"2025-03-30T12:21:27+00:00","dateModified":"2025-12-10T16:59:38+00:00","description":"Descubra como apostar na Loteria de Nova York do Reino Unido no RedFoxLotto.com e obtenha dicas para maximizar suas chances de ganhar.","breadcrumb":{"@id":"https:\/\/redfoxlotto.com\/pt-pt\/jogar\/como-apostar-na-loteria-de-nova-york-no-reino-unido\/#breadcrumb"},"inLanguage":"pt-PT","potentialAction":[{"@type":"ReadAction","target":["https:\/\/redfoxlotto.com\/pt-pt\/jogar\/como-apostar-na-loteria-de-nova-york-no-reino-unido\/"]}]},{"@type":"ImageObject","inLanguage":"pt-PT","@id":"https:\/\/redfoxlotto.com\/pt-pt\/jogar\/como-apostar-na-loteria-de-nova-york-no-reino-unido\/#primaryimage","url":"https:\/\/redfoxlotto.com\/wp-content\/uploads\/2023\/04\/raffle-tickets-online-495x330-1-300x200.jpg","contentUrl":"https:\/\/redfoxlotto.com\/wp-content\/uploads\/2023\/04\/raffle-tickets-online-495x330-1-300x200.jpg"},{"@type":"BreadcrumbList","@id":"https:\/\/redfoxlotto.com\/pt-pt\/jogar\/como-apostar-na-loteria-de-nova-york-no-reino-unido\/#breadcrumb","itemListElement":[{"@type":"ListItem","position":1,"name":"Home","item":"https:\/\/redfoxlotto.com\/pt-pt\/"},{"@type":"ListItem","position":2,"name":"Compre bilhetes de lotaria online","item":"https:\/\/redfoxlotto.com\/pt-pt\/jogar\/"},{"@type":"ListItem","position":3,"name":"Como apostar na Loteria de Nova York no Reino Unido."}]},{"@type":"WebSite","@id":"https:\/\/redfoxlotto.com\/pt-pt\/#website","url":"https:\/\/redfoxlotto.com\/pt-pt\/","name":"Get Tickets for the World\u2019s largest jackpots","description":"Participate in worldwide lottery jackpots from any country","publisher":{"@id":"https:\/\/redfoxlotto.com\/pt-pt\/#organization"},"potentialAction":[{"@type":"SearchAction","target":{"@type":"EntryPoint","urlTemplate":"https:\/\/redfoxlotto.com\/pt-pt\/?s={search_term_string}"},"query-input":{"@type":"PropertyValueSpecification","valueRequired":true,"valueName":"search_term_string"}}],"inLanguage":"pt-PT"},{"@type":"Organization","@id":"https:\/\/redfoxlotto.com\/pt-pt\/#organization","name":"Get Tickets for the World\u2019s largest jackpots","url":"https:\/\/redfoxlotto.com\/pt-pt\/","logo":{"@type":"ImageObject","inLanguage":"pt-PT","@id":"https:\/\/redfoxlotto.com\/pt-pt\/#\/schema\/logo\/image\/","url":"https:\/\/redfoxlotto.com\/wp-content\/uploads\/2023\/04\/logo.png","contentUrl":"https:\/\/redfoxlotto.com\/wp-content\/uploads\/2023\/04\/logo.png","width":269,"height":53,"caption":"Get Tickets for the World\u2019s largest jackpots"},"image":{"@id":"https:\/\/redfoxlotto.com\/pt-pt\/#\/schema\/logo\/image\/"}}]}},"_links":{"self":[{"href":"https:\/\/redfoxlotto.com\/pt-pt\/wp-json\/wp\/v2\/pages\/85299","targetHints":{"allow":["GET"]}}],"collection":[{"href":"https:\/\/redfoxlotto.com\/pt-pt\/wp-json\/wp\/v2\/pages"}],"about":[{"href":"https:\/\/redfoxlotto.com\/pt-pt\/wp-json\/wp\/v2\/types\/page"}],"author":[{"embeddable":true,"href":"https:\/\/redfoxlotto.com\/pt-pt\/wp-json\/wp\/v2\/users\/8"}],"replies":[{"embeddable":true,"href":"https:\/\/redfoxlotto.com\/pt-pt\/wp-json\/wp\/v2\/comments?post=85299"}],"version-history":[{"count":0,"href":"https:\/\/redfoxlotto.com\/pt-pt\/wp-json\/wp\/v2\/pages\/85299\/revisions"}],"up":[{"embeddable":true,"href":"https:\/\/redfoxlotto.com\/pt-pt\/wp-json\/wp\/v2\/pages\/1021"}],"wp:attachment":[{"href":"https:\/\/redfoxlotto.com\/pt-pt\/wp-json\/wp\/v2\/media?parent=85299"}],"curies":[{"name":"wp","href":"https:\/\/api.w.org\/{rel}","templated":true}]}}