{"id":84518,"date":"2025-03-17T09:46:32","date_gmt":"2025-03-17T09:46:32","guid":{"rendered":"https:\/\/redfoxlotto.com\/?page_id=84518"},"modified":"2025-06-17T08:49:10","modified_gmt":"2025-06-17T08:49:10","slug":"scratchcards","status":"publish","type":"page","link":"https:\/\/redfoxlotto.com\/pt-pt\/scratchcards\/","title":{"rendered":"Raspadinhas"},"content":{"rendered":"<p>Se \u00e9 um f\u00e3 da lotaria, ent\u00e3o temos a certeza de que tamb\u00e9m vai<strong>adorar jogar nas nossas raspadinhas online!<\/strong><\/p>\n<p>As raspadinhas sempre foram um complemento popular para a compra de bilhetes de lotaria. Quase todas as lojas de lotaria do planeta as vendem, e h\u00e1 uma boa raz\u00e3o para isso. Enquanto jogar na lotaria implica quase sempre um pouco de tempo \u00e0 espera dos resultados, as raspadinhas d\u00e3o-lhe um resultado instant\u00e2neo.<\/p>\n<p>E com as nossas raspadinhas online, nem sequer tem de encontrar uma loja de lotaria para as comprar &#8211; pode simplesmente jogar nas nossas raspadinhas online e divertir-se imenso a raspar.<\/p>\n<h2><strong>As raspadinhas online est\u00e3o a ser lan\u00e7adas em breve no RedFoxLotto<\/strong><\/h2>\n<p><img loading=\"lazy\" decoding=\"async\" class=\" wp-image-83601 alignright\" src=\"https:\/\/redfoxlotto.com\/wp-content\/uploads\/2025\/03\/scratch_card_player-300x300.jpg\" alt=\"play scratch cards\" width=\"183\" height=\"183\" srcset=\"https:\/\/redfoxlotto.com\/wp-content\/uploads\/2025\/03\/scratch_card_player-300x300.jpg 300w, https:\/\/redfoxlotto.com\/wp-content\/uploads\/2025\/03\/scratch_card_player-150x150.jpg 150w, https:\/\/redfoxlotto.com\/wp-content\/uploads\/2025\/03\/scratch_card_player-100x100.jpg 100w, https:\/\/redfoxlotto.com\/wp-content\/uploads\/2025\/03\/scratch_card_player.jpg 307w\" sizes=\"auto, (max-width: 183px) 100vw, 183px\" \/><\/p>\n<ul>\n<li>Os jogos de raspadinhas ser\u00e3o lan\u00e7ados no in\u00edcio de abril de 2025.<\/li>\n<li>N\u00e3o perca o lan\u00e7amento!<\/li>\n<li>Certifique-se de que recebe os nossos emails promocionais &#8211; verifique a sua pasta de spam e marque o RedFoxLotto como um remetente de email de confian\u00e7a.<\/li>\n<\/ul>\n<p>O pagamento \u00e9 tamb\u00e9m muito conveniente &#8211; especialmente se j\u00e1 tiver uma conta no nosso website. Isto significa que se estiver a planear comprar v\u00e1rias raspadinhas, deve fazer um dep\u00f3sito na sua carteira antes de come\u00e7ar a jogar nas raspadinhas.<\/p>\n<p>Basta selecionar a raspadinha que mais lhe agrada e clicar para comprar. Temos v\u00e1rios layouts interessantes, e h\u00e1 raspadinhas com diferentes pre\u00e7os e pr\u00e9mios.<\/p>\n<h2>Jogar os nossos jogos de raspadinhas \u00e9 muito f\u00e1cil<\/h2>\n<p>Depois, pode raspar manualmente a camada superior do cart\u00e3o, utilizando o seu rato, ou clicar no bot\u00e3o \u201craspar r\u00e1pido\u201d para revelar toda a informa\u00e7\u00e3o escondida no cart\u00e3o.<\/p>\n<p>Os seus ganhos dependem dos montantes que aparecem depois de ter raspado a camada superior do seu cart\u00e3o. Se tiver tr\u00eas montantes iguais na sua raspadinha, ent\u00e3o esse montante \u00e9 o que ganha.<\/p>\n<h2>O que acontece depois de ganhar uma raspadinha?<\/h2>\n<p>Todos os pr\u00e9mios ser\u00e3o imediatamente adicionados \u00e0 sua conta. Se uma raspadinha ganhar, ter\u00e1 duas op\u00e7\u00f5es:<\/p>\n<ol>\n<li>Pode permanecer na p\u00e1gina da raspadinha e continuar a utilizar os seus ganhos para comprar mais raspadinhas online<\/li>\n<li>Fechar a p\u00e1gina das raspadinhas, e os seus ganhos ser\u00e3o transferidos para o seu saldo de jogador do RedFoxLotto.<\/li>\n<\/ol>\n<p>Depois de adicionar os ganhos das raspadinhas ao seu saldo de jogador, pode utiliz\u00e1-los como quiser &#8211; comprar bilhetes de lotaria normais, jogar Keno, comprar mais raspadinhas online mais tarde, ou levantar os seus ganhos.<\/p>\n<p>A adi\u00e7\u00e3o de raspadinhas online \u00e9 algo que muitos dos nossos clientes t\u00eam vindo a pedir, e temos a certeza que tamb\u00e9m vai gostar desta experi\u00eancia!<\/p>\n","protected":false},"excerpt":{"rendered":"<p>Se \u00e9 um f\u00e3 da lotaria, ent\u00e3o temos a certeza de que tamb\u00e9m vaiadorar jogar nas nossas raspadinhas online! As raspadinhas sempre foram um complemento popular para a compra de bilhetes de lotaria. Quase todas as lojas de lotaria do planeta as vendem, e h\u00e1 uma boa raz\u00e3o para isso. Enquanto jogar na lotaria implica [&hellip;]<\/p>\n","protected":false},"author":8,"featured_media":0,"parent":0,"menu_order":7,"comment_status":"closed","ping_status":"closed","template":"","meta":{"_et_pb_use_builder":"","_et_pb_old_content":"","_et_gb_content_width":"","exclude_from_search":false,"footnotes":""},"class_list":["post-84518","page","type-page","status-publish","hentry"],"yoast_head":"<!-- This site is optimized with the Yoast SEO plugin v23.8 - https:\/\/yoast.com\/wordpress\/plugins\/seo\/ -->\n<title>Jogar raspadinhas online | As melhores raspadinhas instant\u00e2neas<\/title>\n<meta name=\"description\" content=\"Jogue aqui as melhores raspadinhas online - jogos de raspadinhas atractivos e grandes pr\u00e9mios para ganhar instantaneamente\" \/>\n<meta name=\"robots\" content=\"index, follow, max-snippet:-1, max-image-preview:large, max-video-preview:-1\" \/>\n<link rel=\"canonical\" href=\"https:\/\/redfoxlotto.com\/pt-pt\/scratchcards\/\" \/>\n<meta property=\"og:locale\" content=\"pt_PT\" \/>\n<meta property=\"og:type\" content=\"article\" \/>\n<meta property=\"og:title\" content=\"Jogar raspadinhas online | As melhores raspadinhas instant\u00e2neas\" \/>\n<meta property=\"og:description\" content=\"Jogue aqui as melhores raspadinhas online - jogos de raspadinhas atractivos e grandes pr\u00e9mios para ganhar instantaneamente\" \/>\n<meta property=\"og:url\" content=\"https:\/\/redfoxlotto.com\/pt-pt\/scratchcards\/\" \/>\n<meta property=\"og:site_name\" content=\"Get Tickets for the World\u2019s largest jackpots\" \/>\n<meta property=\"article:modified_time\" content=\"2025-06-17T08:49:10+00:00\" \/>\n<meta property=\"og:image\" content=\"https:\/\/redfoxlotto.com\/wp-content\/uploads\/2025\/03\/scratch_card_player-300x300.jpg\" \/>\n<meta name=\"twitter:card\" content=\"summary_large_image\" \/>\n<meta name=\"twitter:label1\" content=\"Tempo estimado de leitura\" \/>\n\t<meta name=\"twitter:data1\" content=\"2 minutos\" \/>\n<script type=\"application\/ld+json\" class=\"yoast-schema-graph\">{\"@context\":\"https:\/\/schema.org\",\"@graph\":[{\"@type\":\"WebPage\",\"@id\":\"https:\/\/redfoxlotto.com\/pt-pt\/scratchcards\/\",\"url\":\"https:\/\/redfoxlotto.com\/pt-pt\/scratchcards\/\",\"name\":\"Jogar raspadinhas online | As melhores raspadinhas instant\u00e2neas\",\"isPartOf\":{\"@id\":\"https:\/\/redfoxlotto.com\/pt-pt\/#website\"},\"primaryImageOfPage\":{\"@id\":\"https:\/\/redfoxlotto.com\/pt-pt\/scratchcards\/#primaryimage\"},\"image\":{\"@id\":\"https:\/\/redfoxlotto.com\/pt-pt\/scratchcards\/#primaryimage\"},\"thumbnailUrl\":\"https:\/\/redfoxlotto.com\/wp-content\/uploads\/2025\/03\/scratch_card_player-300x300.jpg\",\"datePublished\":\"2025-03-17T09:46:32+00:00\",\"dateModified\":\"2025-06-17T08:49:10+00:00\",\"description\":\"Jogue aqui as melhores raspadinhas online - jogos de raspadinhas atractivos e grandes pr\u00e9mios para ganhar instantaneamente\",\"breadcrumb\":{\"@id\":\"https:\/\/redfoxlotto.com\/pt-pt\/scratchcards\/#breadcrumb\"},\"inLanguage\":\"pt-PT\",\"potentialAction\":[{\"@type\":\"ReadAction\",\"target\":[\"https:\/\/redfoxlotto.com\/pt-pt\/scratchcards\/\"]}]},{\"@type\":\"ImageObject\",\"inLanguage\":\"pt-PT\",\"@id\":\"https:\/\/redfoxlotto.com\/pt-pt\/scratchcards\/#primaryimage\",\"url\":\"https:\/\/redfoxlotto.com\/wp-content\/uploads\/2025\/03\/scratch_card_player-300x300.jpg\",\"contentUrl\":\"https:\/\/redfoxlotto.com\/wp-content\/uploads\/2025\/03\/scratch_card_player-300x300.jpg\"},{\"@type\":\"BreadcrumbList\",\"@id\":\"https:\/\/redfoxlotto.com\/pt-pt\/scratchcards\/#breadcrumb\",\"itemListElement\":[{\"@type\":\"ListItem\",\"position\":1,\"name\":\"Home\",\"item\":\"https:\/\/redfoxlotto.com\/pt-pt\/\"},{\"@type\":\"ListItem\",\"position\":2,\"name\":\"Raspadinhas\"}]},{\"@type\":\"WebSite\",\"@id\":\"https:\/\/redfoxlotto.com\/pt-pt\/#website\",\"url\":\"https:\/\/redfoxlotto.com\/pt-pt\/\",\"name\":\"Get Tickets for the World\u2019s largest jackpots\",\"description\":\"Participate in worldwide lottery jackpots from any country\",\"publisher\":{\"@id\":\"https:\/\/redfoxlotto.com\/pt-pt\/#organization\"},\"potentialAction\":[{\"@type\":\"SearchAction\",\"target\":{\"@type\":\"EntryPoint\",\"urlTemplate\":\"https:\/\/redfoxlotto.com\/pt-pt\/?s={search_term_string}\"},\"query-input\":{\"@type\":\"PropertyValueSpecification\",\"valueRequired\":true,\"valueName\":\"search_term_string\"}}],\"inLanguage\":\"pt-PT\"},{\"@type\":\"Organization\",\"@id\":\"https:\/\/redfoxlotto.com\/pt-pt\/#organization\",\"name\":\"Get Tickets for the World\u2019s largest jackpots\",\"url\":\"https:\/\/redfoxlotto.com\/pt-pt\/\",\"logo\":{\"@type\":\"ImageObject\",\"inLanguage\":\"pt-PT\",\"@id\":\"https:\/\/redfoxlotto.com\/pt-pt\/#\/schema\/logo\/image\/\",\"url\":\"https:\/\/redfoxlotto.com\/wp-content\/uploads\/2023\/04\/logo.png\",\"contentUrl\":\"https:\/\/redfoxlotto.com\/wp-content\/uploads\/2023\/04\/logo.png\",\"width\":269,\"height\":53,\"caption\":\"Get Tickets for the World\u2019s largest jackpots\"},\"image\":{\"@id\":\"https:\/\/redfoxlotto.com\/pt-pt\/#\/schema\/logo\/image\/\"}}]}<\/script>\n<!-- \/ Yoast SEO plugin. -->","yoast_head_json":{"title":"Jogar raspadinhas online | As melhores raspadinhas instant\u00e2neas","description":"Jogue aqui as melhores raspadinhas online - jogos de raspadinhas atractivos e grandes pr\u00e9mios para ganhar instantaneamente","robots":{"index":"index","follow":"follow","max-snippet":"max-snippet:-1","max-image-preview":"max-image-preview:large","max-video-preview":"max-video-preview:-1"},"canonical":"https:\/\/redfoxlotto.com\/pt-pt\/scratchcards\/","og_locale":"pt_PT","og_type":"article","og_title":"Jogar raspadinhas online | As melhores raspadinhas instant\u00e2neas","og_description":"Jogue aqui as melhores raspadinhas online - jogos de raspadinhas atractivos e grandes pr\u00e9mios para ganhar instantaneamente","og_url":"https:\/\/redfoxlotto.com\/pt-pt\/scratchcards\/","og_site_name":"Get Tickets for the World\u2019s largest jackpots","article_modified_time":"2025-06-17T08:49:10+00:00","og_image":[{"url":"https:\/\/redfoxlotto.com\/wp-content\/uploads\/2025\/03\/scratch_card_player-300x300.jpg"}],"twitter_card":"summary_large_image","twitter_misc":{"Tempo estimado de leitura":"2 minutos"},"schema":{"@context":"https:\/\/schema.org","@graph":[{"@type":"WebPage","@id":"https:\/\/redfoxlotto.com\/pt-pt\/scratchcards\/","url":"https:\/\/redfoxlotto.com\/pt-pt\/scratchcards\/","name":"Jogar raspadinhas online | As melhores raspadinhas instant\u00e2neas","isPartOf":{"@id":"https:\/\/redfoxlotto.com\/pt-pt\/#website"},"primaryImageOfPage":{"@id":"https:\/\/redfoxlotto.com\/pt-pt\/scratchcards\/#primaryimage"},"image":{"@id":"https:\/\/redfoxlotto.com\/pt-pt\/scratchcards\/#primaryimage"},"thumbnailUrl":"https:\/\/redfoxlotto.com\/wp-content\/uploads\/2025\/03\/scratch_card_player-300x300.jpg","datePublished":"2025-03-17T09:46:32+00:00","dateModified":"2025-06-17T08:49:10+00:00","description":"Jogue aqui as melhores raspadinhas online - jogos de raspadinhas atractivos e grandes pr\u00e9mios para ganhar instantaneamente","breadcrumb":{"@id":"https:\/\/redfoxlotto.com\/pt-pt\/scratchcards\/#breadcrumb"},"inLanguage":"pt-PT","potentialAction":[{"@type":"ReadAction","target":["https:\/\/redfoxlotto.com\/pt-pt\/scratchcards\/"]}]},{"@type":"ImageObject","inLanguage":"pt-PT","@id":"https:\/\/redfoxlotto.com\/pt-pt\/scratchcards\/#primaryimage","url":"https:\/\/redfoxlotto.com\/wp-content\/uploads\/2025\/03\/scratch_card_player-300x300.jpg","contentUrl":"https:\/\/redfoxlotto.com\/wp-content\/uploads\/2025\/03\/scratch_card_player-300x300.jpg"},{"@type":"BreadcrumbList","@id":"https:\/\/redfoxlotto.com\/pt-pt\/scratchcards\/#breadcrumb","itemListElement":[{"@type":"ListItem","position":1,"name":"Home","item":"https:\/\/redfoxlotto.com\/pt-pt\/"},{"@type":"ListItem","position":2,"name":"Raspadinhas"}]},{"@type":"WebSite","@id":"https:\/\/redfoxlotto.com\/pt-pt\/#website","url":"https:\/\/redfoxlotto.com\/pt-pt\/","name":"Get Tickets for the World\u2019s largest jackpots","description":"Participate in worldwide lottery jackpots from any country","publisher":{"@id":"https:\/\/redfoxlotto.com\/pt-pt\/#organization"},"potentialAction":[{"@type":"SearchAction","target":{"@type":"EntryPoint","urlTemplate":"https:\/\/redfoxlotto.com\/pt-pt\/?s={search_term_string}"},"query-input":{"@type":"PropertyValueSpecification","valueRequired":true,"valueName":"search_term_string"}}],"inLanguage":"pt-PT"},{"@type":"Organization","@id":"https:\/\/redfoxlotto.com\/pt-pt\/#organization","name":"Get Tickets for the World\u2019s largest jackpots","url":"https:\/\/redfoxlotto.com\/pt-pt\/","logo":{"@type":"ImageObject","inLanguage":"pt-PT","@id":"https:\/\/redfoxlotto.com\/pt-pt\/#\/schema\/logo\/image\/","url":"https:\/\/redfoxlotto.com\/wp-content\/uploads\/2023\/04\/logo.png","contentUrl":"https:\/\/redfoxlotto.com\/wp-content\/uploads\/2023\/04\/logo.png","width":269,"height":53,"caption":"Get Tickets for the World\u2019s largest jackpots"},"image":{"@id":"https:\/\/redfoxlotto.com\/pt-pt\/#\/schema\/logo\/image\/"}}]}},"_links":{"self":[{"href":"https:\/\/redfoxlotto.com\/pt-pt\/wp-json\/wp\/v2\/pages\/84518","targetHints":{"allow":["GET"]}}],"collection":[{"href":"https:\/\/redfoxlotto.com\/pt-pt\/wp-json\/wp\/v2\/pages"}],"about":[{"href":"https:\/\/redfoxlotto.com\/pt-pt\/wp-json\/wp\/v2\/types\/page"}],"author":[{"embeddable":true,"href":"https:\/\/redfoxlotto.com\/pt-pt\/wp-json\/wp\/v2\/users\/8"}],"replies":[{"embeddable":true,"href":"https:\/\/redfoxlotto.com\/pt-pt\/wp-json\/wp\/v2\/comments?post=84518"}],"version-history":[{"count":0,"href":"https:\/\/redfoxlotto.com\/pt-pt\/wp-json\/wp\/v2\/pages\/84518\/revisions"}],"wp:attachment":[{"href":"https:\/\/redfoxlotto.com\/pt-pt\/wp-json\/wp\/v2\/media?parent=84518"}],"curies":[{"name":"wp","href":"https:\/\/api.w.org\/{rel}","templated":true}]}}